{"id":2011,"date":"2025-11-22T08:21:35","date_gmt":"2025-11-22T08:21:35","guid":{"rendered":"https:\/\/goldbell.123websitedev.com\/?post_type=product&#038;p=2011"},"modified":"2026-01-05T16:47:27","modified_gmt":"2026-01-05T16:47:27","slug":"forklift-fd100-230snlne","status":"publish","type":"product","link":"https:\/\/goldbellvn.ifdemo.com\/vi\/san-pham\/forklift-fd100-230snlne\/","title":{"rendered":"FD100-230(S)(NL)(NE)"},"content":{"rendered":"<p>Xe n\u00e2ng Mitsubishi FD100-230(S)(NL)(NE) l\u00e0 bi\u1ec3u t\u01b0\u1ee3ng c\u1ee7a s\u1ee9c m\u1ea1nh b\u1ec1n b\u1ec9 trong qu\u1ea3n l\u00fd logistics hi\u1ec7u su\u1ea5t cao.<\/p>\n<ul dir=\"ltr\">\n<li>\u0110\u1ed9ng c\u01a1 c\u00f4ng su\u1ea5t cao 114kW cho ph\u00e9p n\u00e2ng t\u1ed1c \u0111\u1ed9 nhanh v\u00e0 kh\u1ea3 n\u0103ng leo tr\u00e8o linh ho\u1ea1t.<\/li>\n<li>H\u1ec7 th\u1ed1ng ki\u1ec3m so\u00e1t t\u1ed1c \u0111\u1ed9 linh ho\u1ea1t cung c\u1ea5p ba t\u1ed1c \u0111\u1ed9 truy\u1ec1n \u0111\u1ed9ng \u0111\u1ed9ng, gi\u00fap vi\u1ec7c v\u1eadn h\u00e0nh xe t\u1ea3i d\u1ec5 d\u00e0ng nh\u01b0 l\u00e1i xe \u00f4 t\u00f4 ch\u1edf kh\u00e1ch.<\/li>\n<li>Phanh \u0111\u0129a \u01b0\u1edbt k\u00edn ho\u00e0n to\u00e0n, \u0111\u1ed9 tin c\u1eady cao, gi\u00fap c\u1ed1 \u0111\u1ecbnh ch\u1eafc ch\u1eafn xe n\u00e2ng khi \u0111\u1ed7 ho\u1eb7c \u0111\u1ee9ng y\u00ean.<\/li>\n<li>N\u00fat ch\u1ebf \u0111\u1ed9 hi\u1ec7u su\u1ea5t cho ph\u00e9p t\u00f9y ch\u1ec9nh hi\u1ec7u n\u0103ng xe theo s\u1edf th\u00edch c\u1ee7a ng\u01b0\u1eddi v\u1eadn h\u00e0nh.<\/li>\n<li>Phanh tay \u0111i\u1ec7n t\u1eed \u0111\u1ea3m b\u1ea3o v\u1eadn h\u00e0nh d\u1ec5 d\u00e0ng v\u00e0 an to\u00e0n.<\/li>\n<li>M\u00e0n h\u00ecnh hi\u1ec3n th\u1ecb d\u1ea1ng quay s\u1ed1 t\u01b0\u01a1ng t\u1ef1 gi\u00fap theo d\u00f5i hi\u1ec7u su\u1ea5t ho\u1ea1t \u0111\u1ed9ng c\u1ee7a xe theo th\u1eddi gian th\u1ef1c.<\/li>\n<\/ul>","protected":false},"excerpt":{"rendered":"<p>The Mitsubishi FD100-230(S)(NL)(NE) forklift truck epitomises perpetual power in high-performance logistics management. High-powered 114kW engine enables fast lifting speeds and agile climbing capabilities. Versatile speed control system offers three dynamic transmission speeds, makes operating truck easy as driving passenger car. Highly-reliable, fully-sealed wet disc brake securely locks the forklift truck when parked or stationary. Performance [&hellip;]<\/p>","protected":false},"featured_media":2152,"template":"","meta":{"_acf_changed":false,"inline_featured_image":false},"model-type":[48],"product_brand":[29],"product_cat":[30],"product_tag":[],"class_list":{"0":"post-2011","1":"product","2":"type-product","3":"status-publish","4":"has-post-thumbnail","6":"model-type-diesel","7":"product_brand-mitsubishi","8":"product_cat-diesel-forklifts","10":"first","11":"instock","12":"shipping-taxable","13":"purchasable","14":"product-type-simple"},"acf":[],"yoast_head":"<!-- This site is optimized with the Yoast SEO Premium plugin v25.6 (Yoast SEO v25.6) - https:\/\/yoast.com\/wordpress\/plugins\/seo\/ -->\n<title>FD100-230(S)(NL)(NE) - Goldbell<\/title>\n<meta name=\"description\" content=\"The Mitsubishi FD100-230(S)(NL)(NE) forklift truck epitomises perpetual power in high-performance logistics management.\" \/>\n<meta name=\"robots\" content=\"noindex, follow, max-snippet:-1, max-image-preview:large, max-video-preview:-1\" \/>\n<meta property=\"og:locale\" content=\"vi_VN\" \/>\n<meta property=\"og:type\" content=\"article\" \/>\n<meta property=\"og:title\" content=\"FD100-230(S)(NL)(NE)\" \/>\n<meta property=\"og:description\" content=\"The Mitsubishi FD100-230(S)(NL)(NE) forklift truck epitomises perpetual power in high-performance logistics management.\" \/>\n<meta property=\"og:url\" content=\"https:\/\/goldbellvn.ifdemo.com\/vi\/san-pham\/forklift-fd100-230snlne\/\" \/>\n<meta property=\"og:site_name\" content=\"Goldbell\" \/>\n<meta property=\"article:modified_time\" content=\"2026-01-05T16:47:27+00:00\" \/>\n<meta property=\"og:image\" content=\"https:\/\/goldbellvn.ifdemo.com\/wp-content\/uploads\/2025\/11\/FD100-230SNLNE-2.webp\" \/>\n\t<meta property=\"og:image:width\" content=\"1000\" \/>\n\t<meta property=\"og:image:height\" content=\"850\" \/>\n\t<meta property=\"og:image:type\" content=\"image\/webp\" \/>\n<meta name=\"twitter:card\" content=\"summary_large_image\" \/>\n<meta name=\"twitter:label1\" content=\"\u01af\u1edbc t\u00ednh th\u1eddi gian \u0111\u1ecdc\" \/>\n\t<meta name=\"twitter:data1\" content=\"1 ph\u00fat\" \/>\n<script type=\"application\/ld+json\" class=\"yoast-schema-graph\">{\"@context\":\"https:\/\/schema.org\",\"@graph\":[{\"@type\":\"WebPage\",\"@id\":\"https:\/\/goldbellvn.ifdemo.com\/product\/forklift-fd100-230snlne\/\",\"url\":\"https:\/\/goldbellvn.ifdemo.com\/product\/forklift-fd100-230snlne\/\",\"name\":\"FD100-230(S)(NL)(NE) - Goldbell\",\"isPartOf\":{\"@id\":\"https:\/\/goldbellvn.ifdemo.com\/#website\"},\"primaryImageOfPage\":{\"@id\":\"https:\/\/goldbellvn.ifdemo.com\/product\/forklift-fd100-230snlne\/#primaryimage\"},\"image\":{\"@id\":\"https:\/\/goldbellvn.ifdemo.com\/product\/forklift-fd100-230snlne\/#primaryimage\"},\"thumbnailUrl\":\"https:\/\/goldbellvn.ifdemo.com\/wp-content\/uploads\/2025\/11\/FD100-230SNLNE-2.webp\",\"datePublished\":\"2025-11-22T08:21:35+00:00\",\"dateModified\":\"2026-01-05T16:47:27+00:00\",\"description\":\"The Mitsubishi FD100-230(S)(NL)(NE) forklift truck epitomises perpetual power in high-performance logistics management.\",\"breadcrumb\":{\"@id\":\"https:\/\/goldbellvn.ifdemo.com\/product\/forklift-fd100-230snlne\/#breadcrumb\"},\"inLanguage\":\"vi\",\"potentialAction\":[{\"@type\":\"ReadAction\",\"target\":[\"https:\/\/goldbellvn.ifdemo.com\/product\/forklift-fd100-230snlne\/\"]}]},{\"@type\":\"ImageObject\",\"inLanguage\":\"vi\",\"@id\":\"https:\/\/goldbellvn.ifdemo.com\/product\/forklift-fd100-230snlne\/#primaryimage\",\"url\":\"https:\/\/goldbellvn.ifdemo.com\/wp-content\/uploads\/2025\/11\/FD100-230SNLNE-2.webp\",\"contentUrl\":\"https:\/\/goldbellvn.ifdemo.com\/wp-content\/uploads\/2025\/11\/FD100-230SNLNE-2.webp\",\"width\":1000,\"height\":850},{\"@type\":\"BreadcrumbList\",\"@id\":\"https:\/\/goldbellvn.ifdemo.com\/product\/forklift-fd100-230snlne\/#breadcrumb\",\"itemListElement\":[{\"@type\":\"ListItem\",\"position\":1,\"name\":\"Home\",\"item\":\"https:\/\/goldbellvn.ifdemo.com\/\"},{\"@type\":\"ListItem\",\"position\":2,\"name\":\"Products\",\"item\":\"https:\/\/goldbellvn.ifdemo.com\/shop\/\"},{\"@type\":\"ListItem\",\"position\":3,\"name\":\"FD100-230(S)(NL)(NE)\"}]},{\"@type\":\"WebSite\",\"@id\":\"https:\/\/goldbellvn.ifdemo.com\/#website\",\"url\":\"https:\/\/goldbellvn.ifdemo.com\/\",\"name\":\"Goldbell\",\"description\":\"\",\"publisher\":{\"@id\":\"https:\/\/goldbellvn.ifdemo.com\/#organization\"},\"potentialAction\":[{\"@type\":\"SearchAction\",\"target\":{\"@type\":\"EntryPoint\",\"urlTemplate\":\"https:\/\/goldbellvn.ifdemo.com\/?s={search_term_string}\"},\"query-input\":{\"@type\":\"PropertyValueSpecification\",\"valueRequired\":true,\"valueName\":\"search_term_string\"}}],\"inLanguage\":\"vi\"},{\"@type\":\"Organization\",\"@id\":\"https:\/\/goldbellvn.ifdemo.com\/#organization\",\"name\":\"Goldbell\",\"url\":\"https:\/\/goldbellvn.ifdemo.com\/\",\"logo\":{\"@type\":\"ImageObject\",\"inLanguage\":\"vi\",\"@id\":\"https:\/\/goldbellvn.ifdemo.com\/#\/schema\/logo\/image\/\",\"url\":\"https:\/\/goldbellvn.ifdemo.com\/wp-content\/uploads\/2025\/09\/logo.svg\",\"contentUrl\":\"https:\/\/goldbellvn.ifdemo.com\/wp-content\/uploads\/2025\/09\/logo.svg\",\"width\":18,\"height\":23,\"caption\":\"Goldbell\"},\"image\":{\"@id\":\"https:\/\/goldbellvn.ifdemo.com\/#\/schema\/logo\/image\/\"}}]}<\/script>\n<!-- \/ Yoast SEO Premium plugin. -->","yoast_head_json":{"title":"FD100-230(S)(NL)(NE) - Goldbell","description":"The Mitsubishi FD100-230(S)(NL)(NE) forklift truck epitomises perpetual power in high-performance logistics management.","robots":{"index":"noindex","follow":"follow","max-snippet":"max-snippet:-1","max-image-preview":"max-image-preview:large","max-video-preview":"max-video-preview:-1"},"og_locale":"vi_VN","og_type":"article","og_title":"FD100-230(S)(NL)(NE)","og_description":"The Mitsubishi FD100-230(S)(NL)(NE) forklift truck epitomises perpetual power in high-performance logistics management.","og_url":"https:\/\/goldbellvn.ifdemo.com\/vi\/san-pham\/forklift-fd100-230snlne\/","og_site_name":"Goldbell","article_modified_time":"2026-01-05T16:47:27+00:00","og_image":[{"width":1000,"height":850,"url":"https:\/\/goldbellvn.ifdemo.com\/wp-content\/uploads\/2025\/11\/FD100-230SNLNE-2.webp","type":"image\/webp"}],"twitter_card":"summary_large_image","twitter_misc":{"\u01af\u1edbc t\u00ednh th\u1eddi gian \u0111\u1ecdc":"1 ph\u00fat"},"schema":{"@context":"https:\/\/schema.org","@graph":[{"@type":"WebPage","@id":"https:\/\/goldbellvn.ifdemo.com\/product\/forklift-fd100-230snlne\/","url":"https:\/\/goldbellvn.ifdemo.com\/product\/forklift-fd100-230snlne\/","name":"FD100-230(S)(NL)(NE) - Goldbell","isPartOf":{"@id":"https:\/\/goldbellvn.ifdemo.com\/#website"},"primaryImageOfPage":{"@id":"https:\/\/goldbellvn.ifdemo.com\/product\/forklift-fd100-230snlne\/#primaryimage"},"image":{"@id":"https:\/\/goldbellvn.ifdemo.com\/product\/forklift-fd100-230snlne\/#primaryimage"},"thumbnailUrl":"https:\/\/goldbellvn.ifdemo.com\/wp-content\/uploads\/2025\/11\/FD100-230SNLNE-2.webp","datePublished":"2025-11-22T08:21:35+00:00","dateModified":"2026-01-05T16:47:27+00:00","description":"The Mitsubishi FD100-230(S)(NL)(NE) forklift truck epitomises perpetual power in high-performance logistics management.","breadcrumb":{"@id":"https:\/\/goldbellvn.ifdemo.com\/product\/forklift-fd100-230snlne\/#breadcrumb"},"inLanguage":"vi","potentialAction":[{"@type":"ReadAction","target":["https:\/\/goldbellvn.ifdemo.com\/product\/forklift-fd100-230snlne\/"]}]},{"@type":"ImageObject","inLanguage":"vi","@id":"https:\/\/goldbellvn.ifdemo.com\/product\/forklift-fd100-230snlne\/#primaryimage","url":"https:\/\/goldbellvn.ifdemo.com\/wp-content\/uploads\/2025\/11\/FD100-230SNLNE-2.webp","contentUrl":"https:\/\/goldbellvn.ifdemo.com\/wp-content\/uploads\/2025\/11\/FD100-230SNLNE-2.webp","width":1000,"height":850},{"@type":"BreadcrumbList","@id":"https:\/\/goldbellvn.ifdemo.com\/product\/forklift-fd100-230snlne\/#breadcrumb","itemListElement":[{"@type":"ListItem","position":1,"name":"Home","item":"https:\/\/goldbellvn.ifdemo.com\/"},{"@type":"ListItem","position":2,"name":"Products","item":"https:\/\/goldbellvn.ifdemo.com\/shop\/"},{"@type":"ListItem","position":3,"name":"FD100-230(S)(NL)(NE)"}]},{"@type":"WebSite","@id":"https:\/\/goldbellvn.ifdemo.com\/#website","url":"https:\/\/goldbellvn.ifdemo.com\/","name":"Goldbell","description":"","publisher":{"@id":"https:\/\/goldbellvn.ifdemo.com\/#organization"},"potentialAction":[{"@type":"SearchAction","target":{"@type":"EntryPoint","urlTemplate":"https:\/\/goldbellvn.ifdemo.com\/?s={search_term_string}"},"query-input":{"@type":"PropertyValueSpecification","valueRequired":true,"valueName":"search_term_string"}}],"inLanguage":"vi"},{"@type":"Organization","@id":"https:\/\/goldbellvn.ifdemo.com\/#organization","name":"Goldbell","url":"https:\/\/goldbellvn.ifdemo.com\/","logo":{"@type":"ImageObject","inLanguage":"vi","@id":"https:\/\/goldbellvn.ifdemo.com\/#\/schema\/logo\/image\/","url":"https:\/\/goldbellvn.ifdemo.com\/wp-content\/uploads\/2025\/09\/logo.svg","contentUrl":"https:\/\/goldbellvn.ifdemo.com\/wp-content\/uploads\/2025\/09\/logo.svg","width":18,"height":23,"caption":"Goldbell"},"image":{"@id":"https:\/\/goldbellvn.ifdemo.com\/#\/schema\/logo\/image\/"}}]}},"_links":{"self":[{"href":"https:\/\/goldbellvn.ifdemo.com\/vi\/wp-json\/wp\/v2\/product\/2011","targetHints":{"allow":["GET"]}}],"collection":[{"href":"https:\/\/goldbellvn.ifdemo.com\/vi\/wp-json\/wp\/v2\/product"}],"about":[{"href":"https:\/\/goldbellvn.ifdemo.com\/vi\/wp-json\/wp\/v2\/types\/product"}],"wp:featuredmedia":[{"embeddable":true,"href":"https:\/\/goldbellvn.ifdemo.com\/vi\/wp-json\/wp\/v2\/media\/2152"}],"wp:attachment":[{"href":"https:\/\/goldbellvn.ifdemo.com\/vi\/wp-json\/wp\/v2\/media?parent=2011"}],"wp:term":[{"taxonomy":"model-type","embeddable":true,"href":"https:\/\/goldbellvn.ifdemo.com\/vi\/wp-json\/wp\/v2\/model-type?post=2011"},{"taxonomy":"product_brand","embeddable":true,"href":"https:\/\/goldbellvn.ifdemo.com\/vi\/wp-json\/wp\/v2\/product_brand?post=2011"},{"taxonomy":"product_cat","embeddable":true,"href":"https:\/\/goldbellvn.ifdemo.com\/vi\/wp-json\/wp\/v2\/product_cat?post=2011"},{"taxonomy":"product_tag","embeddable":true,"href":"https:\/\/goldbellvn.ifdemo.com\/vi\/wp-json\/wp\/v2\/product_tag?post=2011"}],"curies":[{"name":"wp","href":"https:\/\/api.w.org\/{rel}","templated":true}]}}