{"id":2013,"date":"2025-11-22T08:37:11","date_gmt":"2025-11-22T08:37:11","guid":{"rendered":"https:\/\/goldbell.123websitedev.com\/?post_type=product&#038;p=2013"},"modified":"2026-01-05T16:45:23","modified_gmt":"2026-01-05T16:45:23","slug":"xe-nang-dien-4-banh-mitsubishi-fb10-35lcb","status":"publish","type":"product","link":"https:\/\/goldbellvn.ifdemo.com\/vi\/san-pham\/xe-nang-dien-4-banh-mitsubishi-fb10-35lcb\/","title":{"rendered":"FB10-35(L)CB"},"content":{"rendered":"<p><strong>D\u00f2ng xe n\u00e2ng \u0111i\u1ec7n Mitsubishi FB-CB Series \u0111ang d\u1eabn \u0111\u1ea7u xu h\u01b0\u1edbng trong vi\u1ec7c n\u00e2ng cao hi\u1ec7u qu\u1ea3 logistics. V\u1edbi t\u1ea3i tr\u1ecdng t\u1eeb 1.0 \u0111\u1ebfn 3.5 t\u1ea5n, th\u1ebf h\u1ec7 xe \u0111i\u1ec7n m\u1edbi n\u00e0y \u0111\u01b0\u1ee3c trang b\u1ecb nhi\u1ec1u t\u00ednh n\u0103ng ti\u00ean ti\u1ebfn gi\u00fap \u0111\u01a1n gi\u1ea3n h\u00f3a vi\u1ec7c di chuy\u1ec3n h\u00e0ng h\u00f3a.<br \/>\n<\/strong><\/p>\n<p><strong>D\u00f2ng xe n\u00e0y t\u00e1i \u0111\u1ecbnh ngh\u0129a hi\u1ec7u su\u1ea5t v\u1eadn h\u00e0nh, \u0111\u1ed3ng th\u1eddi \u0111\u1ea3m b\u1ea3o an to\u00e0n, \u0111\u1ed9 tin c\u1eady v\u00e0 t\u00ednh b\u1ec1n v\u1eefng. Chi ph\u00ed v\u1eadn h\u00e0nh h\u00e0ng ng\u00e0y th\u1ea5p c\u00f9ng v\u1edbi y\u00eau c\u1ea7u b\u1ea3o tr\u00ec gi\u1ea3m gi\u00fap mang l\u1ea1i hi\u1ec7u qu\u1ea3 kinh t\u1ebf v\u01b0\u1ee3t tr\u1ed9i.<\/strong><\/p>\n<ul dir=\"ltr\">\n<li>Tr\u1ecdng t\u00e2m th\u1ea5p gi\u00fap t\u0103ng \u0111\u1ed9 \u1ed5n \u0111\u1ecbnh khi di chuy\u1ec3n v\u00e0 quay \u0111\u1ea7u<\/li>\n<li>Ch\u1ee9c n\u0103ng Auto Torque Up \u0111\u1ea3m b\u1ea3o hi\u1ec7u su\u1ea5t \u1ed5n \u0111\u1ecbnh khi di chuy\u1ec3n l\u00ean d\u1ed1c<\/li>\n<li>T\u1ea7m nh\u00ecn r\u1ed9ng gi\u00fap m\u1edf r\u1ed9ng g\u00f3c quan s\u00e1t cho ng\u01b0\u1eddi v\u1eadn h\u00e0nh<\/li>\n<li>H\u1ec7 th\u1ed1ng Pitching Control gi\u00fap gi\u1ea3m rung l\u1eafc h\u00e0ng h\u00f3a<\/li>\n<li>T\u1ef1 \u0111\u1ed9ng ng\u1eaft m\u1ecdi chuy\u1ec3n \u0111\u1ed9ng khi ng\u01b0\u1eddi v\u1eadn h\u00e0nh kh\u00f4ng ng\u1ed3i tr\u00ean xe<\/li>\n<li>H\u1ea5p th\u1ee5 rung \u0111\u1ed9ng, b\u1ea3o v\u1ec7 h\u00e0ng h\u00f3a khi di chuy\u1ec3n tr\u00ean \u0111\u1ecba h\u00ecnh kh\u00f4ng b\u1eb1ng ph\u1eb3ng<\/li>\n<li>Ng\u0103n xe tr\u01b0\u1ee3t \u0111\u1ed9t ng\u1ed9t khi nh\u1ea3 b\u00e0n \u0111\u1ea1p ga v\u00e0 phanh<\/li>\n<\/ul>","protected":false},"excerpt":{"rendered":"<p>The Mitsubishi FB-CB Series electric truck is powering the way forward in logistics excellence. With load capacities of 1.0 to 3.5 tons, this new generation electric truck is equipped with innovative features that simplify the movement of goods. It is redefining performance, while ensuring safety, reliability and sustainability. Low daily operating costs and reduced maintenance [&hellip;]<\/p>","protected":false},"featured_media":2167,"template":"","meta":{"_acf_changed":false,"inline_featured_image":false},"model-type":[49],"product_brand":[29],"product_cat":[31],"product_tag":[],"class_list":{"0":"post-2013","1":"product","2":"type-product","3":"status-publish","4":"has-post-thumbnail","6":"model-type-electric","7":"product_brand-mitsubishi","8":"product_cat-electric-forklifts","10":"first","11":"instock","12":"shipping-taxable","13":"purchasable","14":"product-type-simple"},"acf":[],"yoast_head":"<!-- This site is optimized with the Yoast SEO Premium plugin v25.6 (Yoast SEO v25.6) - https:\/\/yoast.com\/wordpress\/plugins\/seo\/ -->\n<title>FB10-35(L)CB - Goldbell<\/title>\n<meta name=\"description\" content=\"The Mitsubishi FB-CB Series electric truck is powering the way forward in logistics excellence. With load capacities of 1.0 to 3.5 tons, this new generation electric truck is equipped with innovative features that simplify the movement of goods.\" \/>\n<meta name=\"robots\" content=\"noindex, follow, max-snippet:-1, max-image-preview:large, max-video-preview:-1\" \/>\n<meta property=\"og:locale\" content=\"vi_VN\" \/>\n<meta property=\"og:type\" content=\"article\" \/>\n<meta property=\"og:title\" content=\"FB10-35(L)CB\" \/>\n<meta property=\"og:description\" content=\"The Mitsubishi FB-CB Series electric truck is powering the way forward in logistics excellence. With load capacities of 1.0 to 3.5 tons, this new generation electric truck is equipped with innovative features that simplify the movement of goods.\" \/>\n<meta property=\"og:url\" content=\"https:\/\/goldbellvn.ifdemo.com\/vi\/san-pham\/xe-nang-dien-4-banh-mitsubishi-fb10-35lcb\/\" \/>\n<meta property=\"og:site_name\" content=\"Goldbell\" \/>\n<meta property=\"article:modified_time\" content=\"2026-01-05T16:45:23+00:00\" \/>\n<meta property=\"og:image\" content=\"https:\/\/goldbellvn.ifdemo.com\/wp-content\/uploads\/2025\/11\/FB-CB-2-1-1.webp\" \/>\n\t<meta property=\"og:image:width\" content=\"1000\" \/>\n\t<meta property=\"og:image:height\" content=\"850\" \/>\n\t<meta property=\"og:image:type\" content=\"image\/webp\" \/>\n<meta name=\"twitter:card\" content=\"summary_large_image\" \/>\n<meta name=\"twitter:label1\" content=\"\u01af\u1edbc t\u00ednh th\u1eddi gian \u0111\u1ecdc\" \/>\n\t<meta name=\"twitter:data1\" content=\"1 ph\u00fat\" \/>\n<script type=\"application\/ld+json\" class=\"yoast-schema-graph\">{\"@context\":\"https:\/\/schema.org\",\"@graph\":[{\"@type\":\"WebPage\",\"@id\":\"https:\/\/goldbellvn.ifdemo.com\/product\/xe-nang-dien-4-banh-mitsubishi-fb10-35lcb\/\",\"url\":\"https:\/\/goldbellvn.ifdemo.com\/product\/xe-nang-dien-4-banh-mitsubishi-fb10-35lcb\/\",\"name\":\"FB10-35(L)CB - Goldbell\",\"isPartOf\":{\"@id\":\"https:\/\/goldbellvn.ifdemo.com\/#website\"},\"primaryImageOfPage\":{\"@id\":\"https:\/\/goldbellvn.ifdemo.com\/product\/xe-nang-dien-4-banh-mitsubishi-fb10-35lcb\/#primaryimage\"},\"image\":{\"@id\":\"https:\/\/goldbellvn.ifdemo.com\/product\/xe-nang-dien-4-banh-mitsubishi-fb10-35lcb\/#primaryimage\"},\"thumbnailUrl\":\"https:\/\/goldbellvn.ifdemo.com\/wp-content\/uploads\/2025\/11\/FB-CB-2-1-1.webp\",\"datePublished\":\"2025-11-22T08:37:11+00:00\",\"dateModified\":\"2026-01-05T16:45:23+00:00\",\"description\":\"The Mitsubishi FB-CB Series electric truck is powering the way forward in logistics excellence. With load capacities of 1.0 to 3.5 tons, this new generation electric truck is equipped with innovative features that simplify the movement of goods.\",\"breadcrumb\":{\"@id\":\"https:\/\/goldbellvn.ifdemo.com\/product\/xe-nang-dien-4-banh-mitsubishi-fb10-35lcb\/#breadcrumb\"},\"inLanguage\":\"vi\",\"potentialAction\":[{\"@type\":\"ReadAction\",\"target\":[\"https:\/\/goldbellvn.ifdemo.com\/product\/xe-nang-dien-4-banh-mitsubishi-fb10-35lcb\/\"]}]},{\"@type\":\"ImageObject\",\"inLanguage\":\"vi\",\"@id\":\"https:\/\/goldbellvn.ifdemo.com\/product\/xe-nang-dien-4-banh-mitsubishi-fb10-35lcb\/#primaryimage\",\"url\":\"https:\/\/goldbellvn.ifdemo.com\/wp-content\/uploads\/2025\/11\/FB-CB-2-1-1.webp\",\"contentUrl\":\"https:\/\/goldbellvn.ifdemo.com\/wp-content\/uploads\/2025\/11\/FB-CB-2-1-1.webp\",\"width\":1000,\"height\":850},{\"@type\":\"BreadcrumbList\",\"@id\":\"https:\/\/goldbellvn.ifdemo.com\/product\/xe-nang-dien-4-banh-mitsubishi-fb10-35lcb\/#breadcrumb\",\"itemListElement\":[{\"@type\":\"ListItem\",\"position\":1,\"name\":\"Home\",\"item\":\"https:\/\/goldbellvn.ifdemo.com\/\"},{\"@type\":\"ListItem\",\"position\":2,\"name\":\"Products\",\"item\":\"https:\/\/goldbellvn.ifdemo.com\/shop\/\"},{\"@type\":\"ListItem\",\"position\":3,\"name\":\"FB10-35(L)CB\"}]},{\"@type\":\"WebSite\",\"@id\":\"https:\/\/goldbellvn.ifdemo.com\/#website\",\"url\":\"https:\/\/goldbellvn.ifdemo.com\/\",\"name\":\"Goldbell\",\"description\":\"\",\"publisher\":{\"@id\":\"https:\/\/goldbellvn.ifdemo.com\/#organization\"},\"potentialAction\":[{\"@type\":\"SearchAction\",\"target\":{\"@type\":\"EntryPoint\",\"urlTemplate\":\"https:\/\/goldbellvn.ifdemo.com\/?s={search_term_string}\"},\"query-input\":{\"@type\":\"PropertyValueSpecification\",\"valueRequired\":true,\"valueName\":\"search_term_string\"}}],\"inLanguage\":\"vi\"},{\"@type\":\"Organization\",\"@id\":\"https:\/\/goldbellvn.ifdemo.com\/#organization\",\"name\":\"Goldbell\",\"url\":\"https:\/\/goldbellvn.ifdemo.com\/\",\"logo\":{\"@type\":\"ImageObject\",\"inLanguage\":\"vi\",\"@id\":\"https:\/\/goldbellvn.ifdemo.com\/#\/schema\/logo\/image\/\",\"url\":\"https:\/\/goldbellvn.ifdemo.com\/wp-content\/uploads\/2025\/09\/logo.svg\",\"contentUrl\":\"https:\/\/goldbellvn.ifdemo.com\/wp-content\/uploads\/2025\/09\/logo.svg\",\"width\":18,\"height\":23,\"caption\":\"Goldbell\"},\"image\":{\"@id\":\"https:\/\/goldbellvn.ifdemo.com\/#\/schema\/logo\/image\/\"}}]}<\/script>\n<!-- \/ Yoast SEO Premium plugin. -->","yoast_head_json":{"title":"FB10-35(L)CB - Goldbell","description":"The Mitsubishi FB-CB Series electric truck is powering the way forward in logistics excellence. With load capacities of 1.0 to 3.5 tons, this new generation electric truck is equipped with innovative features that simplify the movement of goods.","robots":{"index":"noindex","follow":"follow","max-snippet":"max-snippet:-1","max-image-preview":"max-image-preview:large","max-video-preview":"max-video-preview:-1"},"og_locale":"vi_VN","og_type":"article","og_title":"FB10-35(L)CB","og_description":"The Mitsubishi FB-CB Series electric truck is powering the way forward in logistics excellence. With load capacities of 1.0 to 3.5 tons, this new generation electric truck is equipped with innovative features that simplify the movement of goods.","og_url":"https:\/\/goldbellvn.ifdemo.com\/vi\/san-pham\/xe-nang-dien-4-banh-mitsubishi-fb10-35lcb\/","og_site_name":"Goldbell","article_modified_time":"2026-01-05T16:45:23+00:00","og_image":[{"width":1000,"height":850,"url":"https:\/\/goldbellvn.ifdemo.com\/wp-content\/uploads\/2025\/11\/FB-CB-2-1-1.webp","type":"image\/webp"}],"twitter_card":"summary_large_image","twitter_misc":{"\u01af\u1edbc t\u00ednh th\u1eddi gian \u0111\u1ecdc":"1 ph\u00fat"},"schema":{"@context":"https:\/\/schema.org","@graph":[{"@type":"WebPage","@id":"https:\/\/goldbellvn.ifdemo.com\/product\/xe-nang-dien-4-banh-mitsubishi-fb10-35lcb\/","url":"https:\/\/goldbellvn.ifdemo.com\/product\/xe-nang-dien-4-banh-mitsubishi-fb10-35lcb\/","name":"FB10-35(L)CB - Goldbell","isPartOf":{"@id":"https:\/\/goldbellvn.ifdemo.com\/#website"},"primaryImageOfPage":{"@id":"https:\/\/goldbellvn.ifdemo.com\/product\/xe-nang-dien-4-banh-mitsubishi-fb10-35lcb\/#primaryimage"},"image":{"@id":"https:\/\/goldbellvn.ifdemo.com\/product\/xe-nang-dien-4-banh-mitsubishi-fb10-35lcb\/#primaryimage"},"thumbnailUrl":"https:\/\/goldbellvn.ifdemo.com\/wp-content\/uploads\/2025\/11\/FB-CB-2-1-1.webp","datePublished":"2025-11-22T08:37:11+00:00","dateModified":"2026-01-05T16:45:23+00:00","description":"The Mitsubishi FB-CB Series electric truck is powering the way forward in logistics excellence. With load capacities of 1.0 to 3.5 tons, this new generation electric truck is equipped with innovative features that simplify the movement of goods.","breadcrumb":{"@id":"https:\/\/goldbellvn.ifdemo.com\/product\/xe-nang-dien-4-banh-mitsubishi-fb10-35lcb\/#breadcrumb"},"inLanguage":"vi","potentialAction":[{"@type":"ReadAction","target":["https:\/\/goldbellvn.ifdemo.com\/product\/xe-nang-dien-4-banh-mitsubishi-fb10-35lcb\/"]}]},{"@type":"ImageObject","inLanguage":"vi","@id":"https:\/\/goldbellvn.ifdemo.com\/product\/xe-nang-dien-4-banh-mitsubishi-fb10-35lcb\/#primaryimage","url":"https:\/\/goldbellvn.ifdemo.com\/wp-content\/uploads\/2025\/11\/FB-CB-2-1-1.webp","contentUrl":"https:\/\/goldbellvn.ifdemo.com\/wp-content\/uploads\/2025\/11\/FB-CB-2-1-1.webp","width":1000,"height":850},{"@type":"BreadcrumbList","@id":"https:\/\/goldbellvn.ifdemo.com\/product\/xe-nang-dien-4-banh-mitsubishi-fb10-35lcb\/#breadcrumb","itemListElement":[{"@type":"ListItem","position":1,"name":"Home","item":"https:\/\/goldbellvn.ifdemo.com\/"},{"@type":"ListItem","position":2,"name":"Products","item":"https:\/\/goldbellvn.ifdemo.com\/shop\/"},{"@type":"ListItem","position":3,"name":"FB10-35(L)CB"}]},{"@type":"WebSite","@id":"https:\/\/goldbellvn.ifdemo.com\/#website","url":"https:\/\/goldbellvn.ifdemo.com\/","name":"Goldbell","description":"","publisher":{"@id":"https:\/\/goldbellvn.ifdemo.com\/#organization"},"potentialAction":[{"@type":"SearchAction","target":{"@type":"EntryPoint","urlTemplate":"https:\/\/goldbellvn.ifdemo.com\/?s={search_term_string}"},"query-input":{"@type":"PropertyValueSpecification","valueRequired":true,"valueName":"search_term_string"}}],"inLanguage":"vi"},{"@type":"Organization","@id":"https:\/\/goldbellvn.ifdemo.com\/#organization","name":"Goldbell","url":"https:\/\/goldbellvn.ifdemo.com\/","logo":{"@type":"ImageObject","inLanguage":"vi","@id":"https:\/\/goldbellvn.ifdemo.com\/#\/schema\/logo\/image\/","url":"https:\/\/goldbellvn.ifdemo.com\/wp-content\/uploads\/2025\/09\/logo.svg","contentUrl":"https:\/\/goldbellvn.ifdemo.com\/wp-content\/uploads\/2025\/09\/logo.svg","width":18,"height":23,"caption":"Goldbell"},"image":{"@id":"https:\/\/goldbellvn.ifdemo.com\/#\/schema\/logo\/image\/"}}]}},"_links":{"self":[{"href":"https:\/\/goldbellvn.ifdemo.com\/vi\/wp-json\/wp\/v2\/product\/2013","targetHints":{"allow":["GET"]}}],"collection":[{"href":"https:\/\/goldbellvn.ifdemo.com\/vi\/wp-json\/wp\/v2\/product"}],"about":[{"href":"https:\/\/goldbellvn.ifdemo.com\/vi\/wp-json\/wp\/v2\/types\/product"}],"wp:featuredmedia":[{"embeddable":true,"href":"https:\/\/goldbellvn.ifdemo.com\/vi\/wp-json\/wp\/v2\/media\/2167"}],"wp:attachment":[{"href":"https:\/\/goldbellvn.ifdemo.com\/vi\/wp-json\/wp\/v2\/media?parent=2013"}],"wp:term":[{"taxonomy":"model-type","embeddable":true,"href":"https:\/\/goldbellvn.ifdemo.com\/vi\/wp-json\/wp\/v2\/model-type?post=2013"},{"taxonomy":"product_brand","embeddable":true,"href":"https:\/\/goldbellvn.ifdemo.com\/vi\/wp-json\/wp\/v2\/product_brand?post=2013"},{"taxonomy":"product_cat","embeddable":true,"href":"https:\/\/goldbellvn.ifdemo.com\/vi\/wp-json\/wp\/v2\/product_cat?post=2013"},{"taxonomy":"product_tag","embeddable":true,"href":"https:\/\/goldbellvn.ifdemo.com\/vi\/wp-json\/wp\/v2\/product_tag?post=2013"}],"curies":[{"name":"wp","href":"https:\/\/api.w.org\/{rel}","templated":true}]}}