{"id":2014,"date":"2025-11-22T08:39:51","date_gmt":"2025-11-22T08:39:51","guid":{"rendered":"https:\/\/goldbell.123websitedev.com\/?post_type=product&#038;p=2014"},"modified":"2026-01-05T16:44:47","modified_gmt":"2026-01-05T16:44:47","slug":"forklift-fb13tcb-fb20tbcb","status":"publish","type":"product","link":"https:\/\/goldbellvn.ifdemo.com\/vi\/san-pham\/forklift-fb13tcb-fb20tbcb\/","title":{"rendered":"FB13TCB-FB20T(B)CB"},"content":{"rendered":"<p><strong>V\u1edbi thi\u1ebft k\u1ebf si\u00eau nh\u1ecf g\u1ecdn v\u00e0 kh\u1ea3 n\u0103ng xoay tr\u1edf linh ho\u1ea1t v\u01b0\u1ee3t tr\u1ed9i, d\u00f2ng xe FB-TCB ho\u1ea1t \u0111\u1ed9ng hi\u1ec7u qu\u1ea3 trong c\u00e1c kh\u00f4ng gian ch\u1eadt h\u1eb9p nh\u01b0 l\u1ed1i \u0111i h\u1eb9p trong kho v\u00e0 b\u00ean trong container.<\/strong><\/p>\n<p><strong>C\u00e1c model tr\u1ee5c c\u01a1 s\u1edf d\u00e0i (TBCB) \u0111\u01b0\u1ee3c trang b\u1ecb \u1eafc quy dung l\u01b0\u1ee3ng l\u1edbn h\u01a1n, cho ph\u00e9p th\u1eddi gian l\u00e0m vi\u1ec7c k\u00e9o d\u00e0i h\u01a1n. V\u1edbi \u1eafc quy 48V c\u00f9ng \u0111\u1ed9ng c\u01a1 k\u00e9o v\u00e0 \u0111\u1ed9ng c\u01a1 th\u1ee7y l\u1ef1c AC hi\u1ec7u su\u1ea5t cao, \u0111\u00e2y l\u00e0 l\u1ef1a ch\u1ecdn l\u00fd t\u01b0\u1edfng cho ho\u1ea1t \u0111\u1ed9ng v\u1eadn h\u00e0nh h\u00e0ng ng\u00e0y c\u1ee7a b\u1ea1n.<\/strong><\/p>","protected":false},"excerpt":{"rendered":"<p>With its ultra-compact design and incredible manoeuvrability, the remarkable FB-TCB series works in confined working areas such as narrow warehouse aisle and containers. With long wheel base models (TBCB) that houses a bigger capacity battery longer working hours is possible. Equipped with a 48 volt battery and efficient AC Power traction and hydraulic motors, it\u2019s [&hellip;]<\/p>","protected":false},"featured_media":2172,"template":"","meta":{"_acf_changed":false,"inline_featured_image":false},"model-type":[49],"product_brand":[29],"product_cat":[31],"product_tag":[],"class_list":{"0":"post-2014","1":"product","2":"type-product","3":"status-publish","4":"has-post-thumbnail","6":"model-type-electric","7":"product_brand-mitsubishi","8":"product_cat-electric-forklifts","10":"first","11":"instock","12":"shipping-taxable","13":"purchasable","14":"product-type-simple"},"acf":[],"yoast_head":"<!-- This site is optimized with the Yoast SEO Premium plugin v25.6 (Yoast SEO v25.6) - https:\/\/yoast.com\/wordpress\/plugins\/seo\/ -->\n<title>FB13TCB-FB20T(B)CB - Goldbell<\/title>\n<meta name=\"description\" content=\"With its ultra-compact design and incredible manoeuvrability, the remarkable FB-TCB series works in confined working areas such as narrow warehouse aisle and containers.\" \/>\n<meta name=\"robots\" content=\"noindex, follow, max-snippet:-1, max-image-preview:large, max-video-preview:-1\" \/>\n<meta property=\"og:locale\" content=\"vi_VN\" \/>\n<meta property=\"og:type\" content=\"article\" \/>\n<meta property=\"og:title\" content=\"FB13TCB-FB20T(B)CB\" \/>\n<meta property=\"og:description\" content=\"With its ultra-compact design and incredible manoeuvrability, the remarkable FB-TCB series works in confined working areas such as narrow warehouse aisle and containers.\" \/>\n<meta property=\"og:url\" content=\"https:\/\/goldbellvn.ifdemo.com\/vi\/san-pham\/forklift-fb13tcb-fb20tbcb\/\" \/>\n<meta property=\"og:site_name\" content=\"Goldbell\" \/>\n<meta property=\"article:modified_time\" content=\"2026-01-05T16:44:47+00:00\" \/>\n<meta property=\"og:image\" content=\"https:\/\/goldbellvn.ifdemo.com\/wp-content\/uploads\/2025\/11\/1.FB15-1.webp\" \/>\n\t<meta property=\"og:image:width\" content=\"1000\" \/>\n\t<meta property=\"og:image:height\" content=\"850\" \/>\n\t<meta property=\"og:image:type\" content=\"image\/webp\" \/>\n<meta name=\"twitter:card\" content=\"summary_large_image\" \/>\n<meta name=\"twitter:label1\" content=\"\u01af\u1edbc t\u00ednh th\u1eddi gian \u0111\u1ecdc\" \/>\n\t<meta name=\"twitter:data1\" content=\"1 ph\u00fat\" \/>\n<script type=\"application\/ld+json\" class=\"yoast-schema-graph\">{\"@context\":\"https:\/\/schema.org\",\"@graph\":[{\"@type\":\"WebPage\",\"@id\":\"https:\/\/goldbellvn.ifdemo.com\/product\/forklift-fb13tcb-fb20tbcb\/\",\"url\":\"https:\/\/goldbellvn.ifdemo.com\/product\/forklift-fb13tcb-fb20tbcb\/\",\"name\":\"FB13TCB-FB20T(B)CB - Goldbell\",\"isPartOf\":{\"@id\":\"https:\/\/goldbellvn.ifdemo.com\/#website\"},\"primaryImageOfPage\":{\"@id\":\"https:\/\/goldbellvn.ifdemo.com\/product\/forklift-fb13tcb-fb20tbcb\/#primaryimage\"},\"image\":{\"@id\":\"https:\/\/goldbellvn.ifdemo.com\/product\/forklift-fb13tcb-fb20tbcb\/#primaryimage\"},\"thumbnailUrl\":\"https:\/\/goldbellvn.ifdemo.com\/wp-content\/uploads\/2025\/11\/1.FB15-1.webp\",\"datePublished\":\"2025-11-22T08:39:51+00:00\",\"dateModified\":\"2026-01-05T16:44:47+00:00\",\"description\":\"With its ultra-compact design and incredible manoeuvrability, the remarkable FB-TCB series works in confined working areas such as narrow warehouse aisle and containers.\",\"breadcrumb\":{\"@id\":\"https:\/\/goldbellvn.ifdemo.com\/product\/forklift-fb13tcb-fb20tbcb\/#breadcrumb\"},\"inLanguage\":\"vi\",\"potentialAction\":[{\"@type\":\"ReadAction\",\"target\":[\"https:\/\/goldbellvn.ifdemo.com\/product\/forklift-fb13tcb-fb20tbcb\/\"]}]},{\"@type\":\"ImageObject\",\"inLanguage\":\"vi\",\"@id\":\"https:\/\/goldbellvn.ifdemo.com\/product\/forklift-fb13tcb-fb20tbcb\/#primaryimage\",\"url\":\"https:\/\/goldbellvn.ifdemo.com\/wp-content\/uploads\/2025\/11\/1.FB15-1.webp\",\"contentUrl\":\"https:\/\/goldbellvn.ifdemo.com\/wp-content\/uploads\/2025\/11\/1.FB15-1.webp\",\"width\":1000,\"height\":850},{\"@type\":\"BreadcrumbList\",\"@id\":\"https:\/\/goldbellvn.ifdemo.com\/product\/forklift-fb13tcb-fb20tbcb\/#breadcrumb\",\"itemListElement\":[{\"@type\":\"ListItem\",\"position\":1,\"name\":\"Home\",\"item\":\"https:\/\/goldbellvn.ifdemo.com\/\"},{\"@type\":\"ListItem\",\"position\":2,\"name\":\"Products\",\"item\":\"https:\/\/goldbellvn.ifdemo.com\/shop\/\"},{\"@type\":\"ListItem\",\"position\":3,\"name\":\"FB13TCB-FB20T(B)CB\"}]},{\"@type\":\"WebSite\",\"@id\":\"https:\/\/goldbellvn.ifdemo.com\/#website\",\"url\":\"https:\/\/goldbellvn.ifdemo.com\/\",\"name\":\"Goldbell\",\"description\":\"\",\"publisher\":{\"@id\":\"https:\/\/goldbellvn.ifdemo.com\/#organization\"},\"potentialAction\":[{\"@type\":\"SearchAction\",\"target\":{\"@type\":\"EntryPoint\",\"urlTemplate\":\"https:\/\/goldbellvn.ifdemo.com\/?s={search_term_string}\"},\"query-input\":{\"@type\":\"PropertyValueSpecification\",\"valueRequired\":true,\"valueName\":\"search_term_string\"}}],\"inLanguage\":\"vi\"},{\"@type\":\"Organization\",\"@id\":\"https:\/\/goldbellvn.ifdemo.com\/#organization\",\"name\":\"Goldbell\",\"url\":\"https:\/\/goldbellvn.ifdemo.com\/\",\"logo\":{\"@type\":\"ImageObject\",\"inLanguage\":\"vi\",\"@id\":\"https:\/\/goldbellvn.ifdemo.com\/#\/schema\/logo\/image\/\",\"url\":\"https:\/\/goldbellvn.ifdemo.com\/wp-content\/uploads\/2025\/09\/logo.svg\",\"contentUrl\":\"https:\/\/goldbellvn.ifdemo.com\/wp-content\/uploads\/2025\/09\/logo.svg\",\"width\":18,\"height\":23,\"caption\":\"Goldbell\"},\"image\":{\"@id\":\"https:\/\/goldbellvn.ifdemo.com\/#\/schema\/logo\/image\/\"}}]}<\/script>\n<!-- \/ Yoast SEO Premium plugin. -->","yoast_head_json":{"title":"FB13TCB-FB20T(B)CB - Goldbell","description":"With its ultra-compact design and incredible manoeuvrability, the remarkable FB-TCB series works in confined working areas such as narrow warehouse aisle and containers.","robots":{"index":"noindex","follow":"follow","max-snippet":"max-snippet:-1","max-image-preview":"max-image-preview:large","max-video-preview":"max-video-preview:-1"},"og_locale":"vi_VN","og_type":"article","og_title":"FB13TCB-FB20T(B)CB","og_description":"With its ultra-compact design and incredible manoeuvrability, the remarkable FB-TCB series works in confined working areas such as narrow warehouse aisle and containers.","og_url":"https:\/\/goldbellvn.ifdemo.com\/vi\/san-pham\/forklift-fb13tcb-fb20tbcb\/","og_site_name":"Goldbell","article_modified_time":"2026-01-05T16:44:47+00:00","og_image":[{"width":1000,"height":850,"url":"https:\/\/goldbellvn.ifdemo.com\/wp-content\/uploads\/2025\/11\/1.FB15-1.webp","type":"image\/webp"}],"twitter_card":"summary_large_image","twitter_misc":{"\u01af\u1edbc t\u00ednh th\u1eddi gian \u0111\u1ecdc":"1 ph\u00fat"},"schema":{"@context":"https:\/\/schema.org","@graph":[{"@type":"WebPage","@id":"https:\/\/goldbellvn.ifdemo.com\/product\/forklift-fb13tcb-fb20tbcb\/","url":"https:\/\/goldbellvn.ifdemo.com\/product\/forklift-fb13tcb-fb20tbcb\/","name":"FB13TCB-FB20T(B)CB - Goldbell","isPartOf":{"@id":"https:\/\/goldbellvn.ifdemo.com\/#website"},"primaryImageOfPage":{"@id":"https:\/\/goldbellvn.ifdemo.com\/product\/forklift-fb13tcb-fb20tbcb\/#primaryimage"},"image":{"@id":"https:\/\/goldbellvn.ifdemo.com\/product\/forklift-fb13tcb-fb20tbcb\/#primaryimage"},"thumbnailUrl":"https:\/\/goldbellvn.ifdemo.com\/wp-content\/uploads\/2025\/11\/1.FB15-1.webp","datePublished":"2025-11-22T08:39:51+00:00","dateModified":"2026-01-05T16:44:47+00:00","description":"With its ultra-compact design and incredible manoeuvrability, the remarkable FB-TCB series works in confined working areas such as narrow warehouse aisle and containers.","breadcrumb":{"@id":"https:\/\/goldbellvn.ifdemo.com\/product\/forklift-fb13tcb-fb20tbcb\/#breadcrumb"},"inLanguage":"vi","potentialAction":[{"@type":"ReadAction","target":["https:\/\/goldbellvn.ifdemo.com\/product\/forklift-fb13tcb-fb20tbcb\/"]}]},{"@type":"ImageObject","inLanguage":"vi","@id":"https:\/\/goldbellvn.ifdemo.com\/product\/forklift-fb13tcb-fb20tbcb\/#primaryimage","url":"https:\/\/goldbellvn.ifdemo.com\/wp-content\/uploads\/2025\/11\/1.FB15-1.webp","contentUrl":"https:\/\/goldbellvn.ifdemo.com\/wp-content\/uploads\/2025\/11\/1.FB15-1.webp","width":1000,"height":850},{"@type":"BreadcrumbList","@id":"https:\/\/goldbellvn.ifdemo.com\/product\/forklift-fb13tcb-fb20tbcb\/#breadcrumb","itemListElement":[{"@type":"ListItem","position":1,"name":"Home","item":"https:\/\/goldbellvn.ifdemo.com\/"},{"@type":"ListItem","position":2,"name":"Products","item":"https:\/\/goldbellvn.ifdemo.com\/shop\/"},{"@type":"ListItem","position":3,"name":"FB13TCB-FB20T(B)CB"}]},{"@type":"WebSite","@id":"https:\/\/goldbellvn.ifdemo.com\/#website","url":"https:\/\/goldbellvn.ifdemo.com\/","name":"Goldbell","description":"","publisher":{"@id":"https:\/\/goldbellvn.ifdemo.com\/#organization"},"potentialAction":[{"@type":"SearchAction","target":{"@type":"EntryPoint","urlTemplate":"https:\/\/goldbellvn.ifdemo.com\/?s={search_term_string}"},"query-input":{"@type":"PropertyValueSpecification","valueRequired":true,"valueName":"search_term_string"}}],"inLanguage":"vi"},{"@type":"Organization","@id":"https:\/\/goldbellvn.ifdemo.com\/#organization","name":"Goldbell","url":"https:\/\/goldbellvn.ifdemo.com\/","logo":{"@type":"ImageObject","inLanguage":"vi","@id":"https:\/\/goldbellvn.ifdemo.com\/#\/schema\/logo\/image\/","url":"https:\/\/goldbellvn.ifdemo.com\/wp-content\/uploads\/2025\/09\/logo.svg","contentUrl":"https:\/\/goldbellvn.ifdemo.com\/wp-content\/uploads\/2025\/09\/logo.svg","width":18,"height":23,"caption":"Goldbell"},"image":{"@id":"https:\/\/goldbellvn.ifdemo.com\/#\/schema\/logo\/image\/"}}]}},"_links":{"self":[{"href":"https:\/\/goldbellvn.ifdemo.com\/vi\/wp-json\/wp\/v2\/product\/2014","targetHints":{"allow":["GET"]}}],"collection":[{"href":"https:\/\/goldbellvn.ifdemo.com\/vi\/wp-json\/wp\/v2\/product"}],"about":[{"href":"https:\/\/goldbellvn.ifdemo.com\/vi\/wp-json\/wp\/v2\/types\/product"}],"wp:featuredmedia":[{"embeddable":true,"href":"https:\/\/goldbellvn.ifdemo.com\/vi\/wp-json\/wp\/v2\/media\/2172"}],"wp:attachment":[{"href":"https:\/\/goldbellvn.ifdemo.com\/vi\/wp-json\/wp\/v2\/media?parent=2014"}],"wp:term":[{"taxonomy":"model-type","embeddable":true,"href":"https:\/\/goldbellvn.ifdemo.com\/vi\/wp-json\/wp\/v2\/model-type?post=2014"},{"taxonomy":"product_brand","embeddable":true,"href":"https:\/\/goldbellvn.ifdemo.com\/vi\/wp-json\/wp\/v2\/product_brand?post=2014"},{"taxonomy":"product_cat","embeddable":true,"href":"https:\/\/goldbellvn.ifdemo.com\/vi\/wp-json\/wp\/v2\/product_cat?post=2014"},{"taxonomy":"product_tag","embeddable":true,"href":"https:\/\/goldbellvn.ifdemo.com\/vi\/wp-json\/wp\/v2\/product_tag?post=2014"}],"curies":[{"name":"wp","href":"https:\/\/api.w.org\/{rel}","templated":true}]}}