{"id":2015,"date":"2025-11-22T08:46:42","date_gmt":"2025-11-22T08:46:42","guid":{"rendered":"https:\/\/goldbell.123websitedev.com\/?post_type=product&#038;p=2015"},"modified":"2026-01-05T16:44:10","modified_gmt":"2026-01-05T16:44:10","slug":"forklift-fg15-fg35ptdh","status":"publish","type":"product","link":"https:\/\/goldbellvn.ifdemo.com\/vi\/san-pham\/forklift-fg15-fg35ptdh\/","title":{"rendered":"FG15-FG35P(T)(D)H"},"content":{"rendered":"<p>\u0110\u01b0\u1ee3c ph\u00e1t tri\u1ec3n nh\u1eb1m gi\u00fap b\u1ea1n \u0111\u1ea1t n\u0103ng su\u1ea5t t\u1ed1i \u0111a, GRENDIA thi\u1ebft l\u1eadp ti\u00eau chu\u1ea9n cao nh\u1ea5t cho d\u00f2ng xe n\u00e2ng \u0111\u1ed1i tr\u1ecdng \u0111\u1ed9ng c\u01a1 \u0111\u1ed1t trong. V\u1edbi s\u1ef1 k\u1ebft h\u1ee3p m\u1ea1nh m\u1ebd gi\u1eefa hi\u1ec7u su\u1ea5t cao, kh\u00ed th\u1ea3i th\u1ea5p v\u00e0 \u0111\u1ed9 \u1ed3n r\u1ea5t nh\u1ecf, d\u00f2ng xe n\u00e0y c\u00f2n \u0111\u01b0\u1ee3c trang b\u1ecb c\u00e1c t\u00ednh n\u0103ng c\u00f4ng th\u00e1i h\u1ecdc gi\u00fap t\u1ed1i \u01b0u s\u1ef1 tho\u1ea3i m\u00e1i, kh\u1ea3 n\u0103ng ki\u1ec3m so\u00e1t v\u00e0 \u0111\u1ed9 ch\u00ednh x\u00e1c. Kh\u00f4ng c\u00f3 d\u00f2ng xe n\u00e2ng n\u00e0o kh\u00e1c s\u1edf h\u1eefu nhi\u1ec1u t\u00ednh n\u0103ng ti\u00ean ti\u1ebfn \u0111\u1ebfn v\u1eady trong c\u1ea5u h\u00ecnh ti\u00eau chu\u1ea9n.<\/p>","protected":false},"excerpt":{"rendered":"<p>Developed to help you achieve maximum productivity, GRENDIA sets the highest of standards for IC engine counterbalance forklift trucks. Offering a potent combination of high efficiency, low emissions and very low noise levels, it includes ergonomic features to maximise comfort, control and precision. There are no other forklift trucks that have so many advanced features [&hellip;]<\/p>","protected":false},"featured_media":2177,"template":"","meta":{"_acf_changed":false,"inline_featured_image":false},"model-type":[50],"product_brand":[29],"product_cat":[32],"product_tag":[],"class_list":{"0":"post-2015","1":"product","2":"type-product","3":"status-publish","4":"has-post-thumbnail","6":"model-type-gasoline","7":"product_brand-mitsubishi","8":"product_cat-gasoline-forklifts","10":"first","11":"instock","12":"shipping-taxable","13":"purchasable","14":"product-type-simple"},"acf":[],"yoast_head":"<!-- This site is optimized with the Yoast SEO Premium plugin v25.6 (Yoast SEO v25.6) - https:\/\/yoast.com\/wordpress\/plugins\/seo\/ -->\n<title>FG15-FG35P(T)(D)H - Goldbell<\/title>\n<meta name=\"description\" content=\"Developed to help you achieve maximum productivity, GRENDIA sets the highest of standards for IC engine counterbalance forklift trucks. Offering a potent combination of high efficiency, low emissions and very low noise levels, it includes ergonomic features to maximise comfort, control and precision. There are no other forklift trucks that have so many advanced features in its standard specification.\" \/>\n<meta name=\"robots\" content=\"noindex, follow, max-snippet:-1, max-image-preview:large, max-video-preview:-1\" \/>\n<meta property=\"og:locale\" content=\"vi_VN\" \/>\n<meta property=\"og:type\" content=\"article\" \/>\n<meta property=\"og:title\" content=\"FG15-FG35P(T)(D)H\" \/>\n<meta property=\"og:description\" content=\"Developed to help you achieve maximum productivity, GRENDIA sets the highest of standards for IC engine counterbalance forklift trucks. Offering a potent combination of high efficiency, low emissions and very low noise levels, it includes ergonomic features to maximise comfort, control and precision. There are no other forklift trucks that have so many advanced features in its standard specification.\" \/>\n<meta property=\"og:url\" content=\"https:\/\/goldbellvn.ifdemo.com\/vi\/san-pham\/forklift-fg15-fg35ptdh\/\" \/>\n<meta property=\"og:site_name\" content=\"Goldbell\" \/>\n<meta property=\"article:modified_time\" content=\"2026-01-05T16:44:10+00:00\" \/>\n<meta property=\"og:image\" content=\"https:\/\/goldbellvn.ifdemo.com\/wp-content\/uploads\/2025\/11\/1.FG25-Main-picture.webp\" \/>\n\t<meta property=\"og:image:width\" content=\"1000\" \/>\n\t<meta property=\"og:image:height\" content=\"850\" \/>\n\t<meta property=\"og:image:type\" content=\"image\/webp\" \/>\n<meta name=\"twitter:card\" content=\"summary_large_image\" \/>\n<meta name=\"twitter:label1\" content=\"\u01af\u1edbc t\u00ednh th\u1eddi gian \u0111\u1ecdc\" \/>\n\t<meta name=\"twitter:data1\" content=\"1 ph\u00fat\" \/>\n<script type=\"application\/ld+json\" class=\"yoast-schema-graph\">{\"@context\":\"https:\/\/schema.org\",\"@graph\":[{\"@type\":\"WebPage\",\"@id\":\"https:\/\/goldbellvn.ifdemo.com\/product\/forklift-fg15-fg35ptdh\/\",\"url\":\"https:\/\/goldbellvn.ifdemo.com\/product\/forklift-fg15-fg35ptdh\/\",\"name\":\"FG15-FG35P(T)(D)H - Goldbell\",\"isPartOf\":{\"@id\":\"https:\/\/goldbellvn.ifdemo.com\/#website\"},\"primaryImageOfPage\":{\"@id\":\"https:\/\/goldbellvn.ifdemo.com\/product\/forklift-fg15-fg35ptdh\/#primaryimage\"},\"image\":{\"@id\":\"https:\/\/goldbellvn.ifdemo.com\/product\/forklift-fg15-fg35ptdh\/#primaryimage\"},\"thumbnailUrl\":\"https:\/\/goldbellvn.ifdemo.com\/wp-content\/uploads\/2025\/11\/1.FG25-Main-picture.webp\",\"datePublished\":\"2025-11-22T08:46:42+00:00\",\"dateModified\":\"2026-01-05T16:44:10+00:00\",\"description\":\"Developed to help you achieve maximum productivity, GRENDIA sets the highest of standards for IC engine counterbalance forklift trucks. Offering a potent combination of high efficiency, low emissions and very low noise levels, it includes ergonomic features to maximise comfort, control and precision. There are no other forklift trucks that have so many advanced features in its standard specification.\",\"breadcrumb\":{\"@id\":\"https:\/\/goldbellvn.ifdemo.com\/product\/forklift-fg15-fg35ptdh\/#breadcrumb\"},\"inLanguage\":\"vi\",\"potentialAction\":[{\"@type\":\"ReadAction\",\"target\":[\"https:\/\/goldbellvn.ifdemo.com\/product\/forklift-fg15-fg35ptdh\/\"]}]},{\"@type\":\"ImageObject\",\"inLanguage\":\"vi\",\"@id\":\"https:\/\/goldbellvn.ifdemo.com\/product\/forklift-fg15-fg35ptdh\/#primaryimage\",\"url\":\"https:\/\/goldbellvn.ifdemo.com\/wp-content\/uploads\/2025\/11\/1.FG25-Main-picture.webp\",\"contentUrl\":\"https:\/\/goldbellvn.ifdemo.com\/wp-content\/uploads\/2025\/11\/1.FG25-Main-picture.webp\",\"width\":1000,\"height\":850},{\"@type\":\"BreadcrumbList\",\"@id\":\"https:\/\/goldbellvn.ifdemo.com\/product\/forklift-fg15-fg35ptdh\/#breadcrumb\",\"itemListElement\":[{\"@type\":\"ListItem\",\"position\":1,\"name\":\"Home\",\"item\":\"https:\/\/goldbellvn.ifdemo.com\/\"},{\"@type\":\"ListItem\",\"position\":2,\"name\":\"Products\",\"item\":\"https:\/\/goldbellvn.ifdemo.com\/shop\/\"},{\"@type\":\"ListItem\",\"position\":3,\"name\":\"FG15-FG35P(T)(D)H\"}]},{\"@type\":\"WebSite\",\"@id\":\"https:\/\/goldbellvn.ifdemo.com\/#website\",\"url\":\"https:\/\/goldbellvn.ifdemo.com\/\",\"name\":\"Goldbell\",\"description\":\"\",\"publisher\":{\"@id\":\"https:\/\/goldbellvn.ifdemo.com\/#organization\"},\"potentialAction\":[{\"@type\":\"SearchAction\",\"target\":{\"@type\":\"EntryPoint\",\"urlTemplate\":\"https:\/\/goldbellvn.ifdemo.com\/?s={search_term_string}\"},\"query-input\":{\"@type\":\"PropertyValueSpecification\",\"valueRequired\":true,\"valueName\":\"search_term_string\"}}],\"inLanguage\":\"vi\"},{\"@type\":\"Organization\",\"@id\":\"https:\/\/goldbellvn.ifdemo.com\/#organization\",\"name\":\"Goldbell\",\"url\":\"https:\/\/goldbellvn.ifdemo.com\/\",\"logo\":{\"@type\":\"ImageObject\",\"inLanguage\":\"vi\",\"@id\":\"https:\/\/goldbellvn.ifdemo.com\/#\/schema\/logo\/image\/\",\"url\":\"https:\/\/goldbellvn.ifdemo.com\/wp-content\/uploads\/2025\/09\/logo.svg\",\"contentUrl\":\"https:\/\/goldbellvn.ifdemo.com\/wp-content\/uploads\/2025\/09\/logo.svg\",\"width\":18,\"height\":23,\"caption\":\"Goldbell\"},\"image\":{\"@id\":\"https:\/\/goldbellvn.ifdemo.com\/#\/schema\/logo\/image\/\"}}]}<\/script>\n<!-- \/ Yoast SEO Premium plugin. -->","yoast_head_json":{"title":"FG15-FG35P(T)(D)H - Goldbell","description":"Developed to help you achieve maximum productivity, GRENDIA sets the highest of standards for IC engine counterbalance forklift trucks. Offering a potent combination of high efficiency, low emissions and very low noise levels, it includes ergonomic features to maximise comfort, control and precision. There are no other forklift trucks that have so many advanced features in its standard specification.","robots":{"index":"noindex","follow":"follow","max-snippet":"max-snippet:-1","max-image-preview":"max-image-preview:large","max-video-preview":"max-video-preview:-1"},"og_locale":"vi_VN","og_type":"article","og_title":"FG15-FG35P(T)(D)H","og_description":"Developed to help you achieve maximum productivity, GRENDIA sets the highest of standards for IC engine counterbalance forklift trucks. Offering a potent combination of high efficiency, low emissions and very low noise levels, it includes ergonomic features to maximise comfort, control and precision. There are no other forklift trucks that have so many advanced features in its standard specification.","og_url":"https:\/\/goldbellvn.ifdemo.com\/vi\/san-pham\/forklift-fg15-fg35ptdh\/","og_site_name":"Goldbell","article_modified_time":"2026-01-05T16:44:10+00:00","og_image":[{"width":1000,"height":850,"url":"https:\/\/goldbellvn.ifdemo.com\/wp-content\/uploads\/2025\/11\/1.FG25-Main-picture.webp","type":"image\/webp"}],"twitter_card":"summary_large_image","twitter_misc":{"\u01af\u1edbc t\u00ednh th\u1eddi gian \u0111\u1ecdc":"1 ph\u00fat"},"schema":{"@context":"https:\/\/schema.org","@graph":[{"@type":"WebPage","@id":"https:\/\/goldbellvn.ifdemo.com\/product\/forklift-fg15-fg35ptdh\/","url":"https:\/\/goldbellvn.ifdemo.com\/product\/forklift-fg15-fg35ptdh\/","name":"FG15-FG35P(T)(D)H - Goldbell","isPartOf":{"@id":"https:\/\/goldbellvn.ifdemo.com\/#website"},"primaryImageOfPage":{"@id":"https:\/\/goldbellvn.ifdemo.com\/product\/forklift-fg15-fg35ptdh\/#primaryimage"},"image":{"@id":"https:\/\/goldbellvn.ifdemo.com\/product\/forklift-fg15-fg35ptdh\/#primaryimage"},"thumbnailUrl":"https:\/\/goldbellvn.ifdemo.com\/wp-content\/uploads\/2025\/11\/1.FG25-Main-picture.webp","datePublished":"2025-11-22T08:46:42+00:00","dateModified":"2026-01-05T16:44:10+00:00","description":"Developed to help you achieve maximum productivity, GRENDIA sets the highest of standards for IC engine counterbalance forklift trucks. Offering a potent combination of high efficiency, low emissions and very low noise levels, it includes ergonomic features to maximise comfort, control and precision. There are no other forklift trucks that have so many advanced features in its standard specification.","breadcrumb":{"@id":"https:\/\/goldbellvn.ifdemo.com\/product\/forklift-fg15-fg35ptdh\/#breadcrumb"},"inLanguage":"vi","potentialAction":[{"@type":"ReadAction","target":["https:\/\/goldbellvn.ifdemo.com\/product\/forklift-fg15-fg35ptdh\/"]}]},{"@type":"ImageObject","inLanguage":"vi","@id":"https:\/\/goldbellvn.ifdemo.com\/product\/forklift-fg15-fg35ptdh\/#primaryimage","url":"https:\/\/goldbellvn.ifdemo.com\/wp-content\/uploads\/2025\/11\/1.FG25-Main-picture.webp","contentUrl":"https:\/\/goldbellvn.ifdemo.com\/wp-content\/uploads\/2025\/11\/1.FG25-Main-picture.webp","width":1000,"height":850},{"@type":"BreadcrumbList","@id":"https:\/\/goldbellvn.ifdemo.com\/product\/forklift-fg15-fg35ptdh\/#breadcrumb","itemListElement":[{"@type":"ListItem","position":1,"name":"Home","item":"https:\/\/goldbellvn.ifdemo.com\/"},{"@type":"ListItem","position":2,"name":"Products","item":"https:\/\/goldbellvn.ifdemo.com\/shop\/"},{"@type":"ListItem","position":3,"name":"FG15-FG35P(T)(D)H"}]},{"@type":"WebSite","@id":"https:\/\/goldbellvn.ifdemo.com\/#website","url":"https:\/\/goldbellvn.ifdemo.com\/","name":"Goldbell","description":"","publisher":{"@id":"https:\/\/goldbellvn.ifdemo.com\/#organization"},"potentialAction":[{"@type":"SearchAction","target":{"@type":"EntryPoint","urlTemplate":"https:\/\/goldbellvn.ifdemo.com\/?s={search_term_string}"},"query-input":{"@type":"PropertyValueSpecification","valueRequired":true,"valueName":"search_term_string"}}],"inLanguage":"vi"},{"@type":"Organization","@id":"https:\/\/goldbellvn.ifdemo.com\/#organization","name":"Goldbell","url":"https:\/\/goldbellvn.ifdemo.com\/","logo":{"@type":"ImageObject","inLanguage":"vi","@id":"https:\/\/goldbellvn.ifdemo.com\/#\/schema\/logo\/image\/","url":"https:\/\/goldbellvn.ifdemo.com\/wp-content\/uploads\/2025\/09\/logo.svg","contentUrl":"https:\/\/goldbellvn.ifdemo.com\/wp-content\/uploads\/2025\/09\/logo.svg","width":18,"height":23,"caption":"Goldbell"},"image":{"@id":"https:\/\/goldbellvn.ifdemo.com\/#\/schema\/logo\/image\/"}}]}},"_links":{"self":[{"href":"https:\/\/goldbellvn.ifdemo.com\/vi\/wp-json\/wp\/v2\/product\/2015","targetHints":{"allow":["GET"]}}],"collection":[{"href":"https:\/\/goldbellvn.ifdemo.com\/vi\/wp-json\/wp\/v2\/product"}],"about":[{"href":"https:\/\/goldbellvn.ifdemo.com\/vi\/wp-json\/wp\/v2\/types\/product"}],"wp:featuredmedia":[{"embeddable":true,"href":"https:\/\/goldbellvn.ifdemo.com\/vi\/wp-json\/wp\/v2\/media\/2177"}],"wp:attachment":[{"href":"https:\/\/goldbellvn.ifdemo.com\/vi\/wp-json\/wp\/v2\/media?parent=2015"}],"wp:term":[{"taxonomy":"model-type","embeddable":true,"href":"https:\/\/goldbellvn.ifdemo.com\/vi\/wp-json\/wp\/v2\/model-type?post=2015"},{"taxonomy":"product_brand","embeddable":true,"href":"https:\/\/goldbellvn.ifdemo.com\/vi\/wp-json\/wp\/v2\/product_brand?post=2015"},{"taxonomy":"product_cat","embeddable":true,"href":"https:\/\/goldbellvn.ifdemo.com\/vi\/wp-json\/wp\/v2\/product_cat?post=2015"},{"taxonomy":"product_tag","embeddable":true,"href":"https:\/\/goldbellvn.ifdemo.com\/vi\/wp-json\/wp\/v2\/product_tag?post=2015"}],"curies":[{"name":"wp","href":"https:\/\/api.w.org\/{rel}","templated":true}]}}