{"id":2016,"date":"2025-11-22T08:49:44","date_gmt":"2025-11-22T08:49:44","guid":{"rendered":"https:\/\/goldbell.123websitedev.com\/?post_type=product&#038;p=2016"},"modified":"2026-01-05T16:43:39","modified_gmt":"2026-01-05T16:43:39","slug":"forklift-fg40-fg55nt","status":"publish","type":"product","link":"https:\/\/goldbellvn.ifdemo.com\/vi\/san-pham\/forklift-fg40-fg55nt\/","title":{"rendered":"FG40-FG55NT"},"content":{"rendered":"<p>Qua nhi\u1ec1u th\u1ebf h\u1ec7, ng\u01b0\u1eddi d\u00f9ng \u0111\u00e3 d\u1ea7n y\u00eau th\u00edch v\u00e0 tin t\u01b0\u1edfng nh\u1eefng chi\u1ebfc m\u00e1y b\u1ec1n b\u1ec9 v\u00e0 c\u00f3 n\u0103ng l\u1ef1c v\u1eadn h\u00e0nh cao n\u00e0y. Hi\u1ec7u qu\u1ea3 v\u1eadn h\u00e0nh v\u00e0 \u0111\u1ed9 tin c\u1eady \u201chuy\u1ec1n tho\u1ea1i\u201d c\u1ee7a c\u00e1c d\u00f2ng xe n\u00e2ng \u0111\u1ed9ng c\u01a1 \u0111\u1ed1t trong Mitsubishi 4 v\u00e0 5 t\u1ea5n \u0111\u00e3 \u0111\u01b0\u1ee3c ch\u1ee9ng minh qua nhi\u1ec1u n\u0103m trong nh\u1eefng \u1ee9ng d\u1ee5ng kh\u1eaft khe nh\u1ea5t.<\/p>","protected":false},"excerpt":{"rendered":"<p>Qua nhi\u1ec1u th\u1ebf h\u1ec7, ng\u01b0\u1eddi d\u00f9ng \u0111\u00e3 d\u1ea7n y\u00eau th\u00edch v\u00e0 tin t\u01b0\u1edfng nh\u1eefng chi\u1ebfc m\u00e1y b\u1ec1n b\u1ec9 v\u00e0 c\u00f3 n\u0103ng l\u1ef1c v\u1eadn h\u00e0nh cao n\u00e0y. Hi\u1ec7u qu\u1ea3 v\u1eadn h\u00e0nh v\u00e0 \u0111\u1ed9 tin c\u1eady \u201chuy\u1ec1n tho\u1ea1i\u201d c\u1ee7a c\u00e1c d\u00f2ng xe n\u00e2ng \u0111\u1ed9ng c\u01a1 \u0111\u1ed1t trong Mitsubishi 4 v\u00e0 5 t\u1ea5n \u0111\u00e3 \u0111\u01b0\u1ee3c ch\u1ee9ng minh qua nhi\u1ec1u n\u0103m trong nh\u1eefng \u1ee9ng d\u1ee5ng kh\u1eaft khe nh\u1ea5t.<\/p>","protected":false},"featured_media":2183,"template":"","meta":{"_acf_changed":false,"inline_featured_image":false},"model-type":[50],"product_brand":[29],"product_cat":[32],"product_tag":[],"class_list":{"0":"post-2016","1":"product","2":"type-product","3":"status-publish","4":"has-post-thumbnail","6":"model-type-gasoline","7":"product_brand-mitsubishi","8":"product_cat-gasoline-forklifts","10":"first","11":"instock","12":"shipping-taxable","13":"purchasable","14":"product-type-simple"},"acf":[],"yoast_head":"<!-- This site is optimized with the Yoast SEO Premium plugin v25.6 (Yoast SEO v25.6) - https:\/\/yoast.com\/wordpress\/plugins\/seo\/ -->\n<title>FG40-FG55NT - Goldbell<\/title>\n<meta name=\"description\" content=\"Generations have grown to love and depend upon these tough and highly capable machines. The effectiveness and legendary reliability of Mitsubishi 4 and 5-tonne IC engine forklift trucks have been proven over many years in the most demanding of applications.\" \/>\n<meta name=\"robots\" content=\"noindex, follow, max-snippet:-1, max-image-preview:large, max-video-preview:-1\" \/>\n<meta property=\"og:locale\" content=\"vi_VN\" \/>\n<meta property=\"og:type\" content=\"article\" \/>\n<meta property=\"og:title\" content=\"FG40-FG55NT\" \/>\n<meta property=\"og:description\" content=\"Generations have grown to love and depend upon these tough and highly capable machines. The effectiveness and legendary reliability of Mitsubishi 4 and 5-tonne IC engine forklift trucks have been proven over many years in the most demanding of applications.\" \/>\n<meta property=\"og:url\" content=\"https:\/\/goldbellvn.ifdemo.com\/vi\/san-pham\/forklift-fg40-fg55nt\/\" \/>\n<meta property=\"og:site_name\" content=\"Goldbell\" \/>\n<meta property=\"article:modified_time\" content=\"2026-01-05T16:43:39+00:00\" \/>\n<meta property=\"og:image\" content=\"https:\/\/goldbellvn.ifdemo.com\/wp-content\/uploads\/2025\/11\/1.FG55N-1.webp\" \/>\n\t<meta property=\"og:image:width\" content=\"1000\" \/>\n\t<meta property=\"og:image:height\" content=\"850\" \/>\n\t<meta property=\"og:image:type\" content=\"image\/webp\" \/>\n<meta name=\"twitter:card\" content=\"summary_large_image\" \/>\n<meta name=\"twitter:label1\" content=\"\u01af\u1edbc t\u00ednh th\u1eddi gian \u0111\u1ecdc\" \/>\n\t<meta name=\"twitter:data1\" content=\"1 ph\u00fat\" \/>\n<script type=\"application\/ld+json\" class=\"yoast-schema-graph\">{\"@context\":\"https:\/\/schema.org\",\"@graph\":[{\"@type\":\"WebPage\",\"@id\":\"https:\/\/goldbellvn.ifdemo.com\/product\/forklift-fg40-fg55nt\/\",\"url\":\"https:\/\/goldbellvn.ifdemo.com\/product\/forklift-fg40-fg55nt\/\",\"name\":\"FG40-FG55NT - Goldbell\",\"isPartOf\":{\"@id\":\"https:\/\/goldbellvn.ifdemo.com\/#website\"},\"primaryImageOfPage\":{\"@id\":\"https:\/\/goldbellvn.ifdemo.com\/product\/forklift-fg40-fg55nt\/#primaryimage\"},\"image\":{\"@id\":\"https:\/\/goldbellvn.ifdemo.com\/product\/forklift-fg40-fg55nt\/#primaryimage\"},\"thumbnailUrl\":\"https:\/\/goldbellvn.ifdemo.com\/wp-content\/uploads\/2025\/11\/1.FG55N-1.webp\",\"datePublished\":\"2025-11-22T08:49:44+00:00\",\"dateModified\":\"2026-01-05T16:43:39+00:00\",\"description\":\"Generations have grown to love and depend upon these tough and highly capable machines. The effectiveness and legendary reliability of Mitsubishi 4 and 5-tonne IC engine forklift trucks have been proven over many years in the most demanding of applications.\",\"breadcrumb\":{\"@id\":\"https:\/\/goldbellvn.ifdemo.com\/product\/forklift-fg40-fg55nt\/#breadcrumb\"},\"inLanguage\":\"vi\",\"potentialAction\":[{\"@type\":\"ReadAction\",\"target\":[\"https:\/\/goldbellvn.ifdemo.com\/product\/forklift-fg40-fg55nt\/\"]}]},{\"@type\":\"ImageObject\",\"inLanguage\":\"vi\",\"@id\":\"https:\/\/goldbellvn.ifdemo.com\/product\/forklift-fg40-fg55nt\/#primaryimage\",\"url\":\"https:\/\/goldbellvn.ifdemo.com\/wp-content\/uploads\/2025\/11\/1.FG55N-1.webp\",\"contentUrl\":\"https:\/\/goldbellvn.ifdemo.com\/wp-content\/uploads\/2025\/11\/1.FG55N-1.webp\",\"width\":1000,\"height\":850},{\"@type\":\"BreadcrumbList\",\"@id\":\"https:\/\/goldbellvn.ifdemo.com\/product\/forklift-fg40-fg55nt\/#breadcrumb\",\"itemListElement\":[{\"@type\":\"ListItem\",\"position\":1,\"name\":\"Home\",\"item\":\"https:\/\/goldbellvn.ifdemo.com\/\"},{\"@type\":\"ListItem\",\"position\":2,\"name\":\"Products\",\"item\":\"https:\/\/goldbellvn.ifdemo.com\/shop\/\"},{\"@type\":\"ListItem\",\"position\":3,\"name\":\"FG40-FG55NT\"}]},{\"@type\":\"WebSite\",\"@id\":\"https:\/\/goldbellvn.ifdemo.com\/#website\",\"url\":\"https:\/\/goldbellvn.ifdemo.com\/\",\"name\":\"Goldbell\",\"description\":\"\",\"publisher\":{\"@id\":\"https:\/\/goldbellvn.ifdemo.com\/#organization\"},\"potentialAction\":[{\"@type\":\"SearchAction\",\"target\":{\"@type\":\"EntryPoint\",\"urlTemplate\":\"https:\/\/goldbellvn.ifdemo.com\/?s={search_term_string}\"},\"query-input\":{\"@type\":\"PropertyValueSpecification\",\"valueRequired\":true,\"valueName\":\"search_term_string\"}}],\"inLanguage\":\"vi\"},{\"@type\":\"Organization\",\"@id\":\"https:\/\/goldbellvn.ifdemo.com\/#organization\",\"name\":\"Goldbell\",\"url\":\"https:\/\/goldbellvn.ifdemo.com\/\",\"logo\":{\"@type\":\"ImageObject\",\"inLanguage\":\"vi\",\"@id\":\"https:\/\/goldbellvn.ifdemo.com\/#\/schema\/logo\/image\/\",\"url\":\"https:\/\/goldbellvn.ifdemo.com\/wp-content\/uploads\/2025\/09\/logo.svg\",\"contentUrl\":\"https:\/\/goldbellvn.ifdemo.com\/wp-content\/uploads\/2025\/09\/logo.svg\",\"width\":18,\"height\":23,\"caption\":\"Goldbell\"},\"image\":{\"@id\":\"https:\/\/goldbellvn.ifdemo.com\/#\/schema\/logo\/image\/\"}}]}<\/script>\n<!-- \/ Yoast SEO Premium plugin. -->","yoast_head_json":{"title":"FG40-FG55NT - Goldbell","description":"Generations have grown to love and depend upon these tough and highly capable machines. The effectiveness and legendary reliability of Mitsubishi 4 and 5-tonne IC engine forklift trucks have been proven over many years in the most demanding of applications.","robots":{"index":"noindex","follow":"follow","max-snippet":"max-snippet:-1","max-image-preview":"max-image-preview:large","max-video-preview":"max-video-preview:-1"},"og_locale":"vi_VN","og_type":"article","og_title":"FG40-FG55NT","og_description":"Generations have grown to love and depend upon these tough and highly capable machines. The effectiveness and legendary reliability of Mitsubishi 4 and 5-tonne IC engine forklift trucks have been proven over many years in the most demanding of applications.","og_url":"https:\/\/goldbellvn.ifdemo.com\/vi\/san-pham\/forklift-fg40-fg55nt\/","og_site_name":"Goldbell","article_modified_time":"2026-01-05T16:43:39+00:00","og_image":[{"width":1000,"height":850,"url":"https:\/\/goldbellvn.ifdemo.com\/wp-content\/uploads\/2025\/11\/1.FG55N-1.webp","type":"image\/webp"}],"twitter_card":"summary_large_image","twitter_misc":{"\u01af\u1edbc t\u00ednh th\u1eddi gian \u0111\u1ecdc":"1 ph\u00fat"},"schema":{"@context":"https:\/\/schema.org","@graph":[{"@type":"WebPage","@id":"https:\/\/goldbellvn.ifdemo.com\/product\/forklift-fg40-fg55nt\/","url":"https:\/\/goldbellvn.ifdemo.com\/product\/forklift-fg40-fg55nt\/","name":"FG40-FG55NT - Goldbell","isPartOf":{"@id":"https:\/\/goldbellvn.ifdemo.com\/#website"},"primaryImageOfPage":{"@id":"https:\/\/goldbellvn.ifdemo.com\/product\/forklift-fg40-fg55nt\/#primaryimage"},"image":{"@id":"https:\/\/goldbellvn.ifdemo.com\/product\/forklift-fg40-fg55nt\/#primaryimage"},"thumbnailUrl":"https:\/\/goldbellvn.ifdemo.com\/wp-content\/uploads\/2025\/11\/1.FG55N-1.webp","datePublished":"2025-11-22T08:49:44+00:00","dateModified":"2026-01-05T16:43:39+00:00","description":"Generations have grown to love and depend upon these tough and highly capable machines. The effectiveness and legendary reliability of Mitsubishi 4 and 5-tonne IC engine forklift trucks have been proven over many years in the most demanding of applications.","breadcrumb":{"@id":"https:\/\/goldbellvn.ifdemo.com\/product\/forklift-fg40-fg55nt\/#breadcrumb"},"inLanguage":"vi","potentialAction":[{"@type":"ReadAction","target":["https:\/\/goldbellvn.ifdemo.com\/product\/forklift-fg40-fg55nt\/"]}]},{"@type":"ImageObject","inLanguage":"vi","@id":"https:\/\/goldbellvn.ifdemo.com\/product\/forklift-fg40-fg55nt\/#primaryimage","url":"https:\/\/goldbellvn.ifdemo.com\/wp-content\/uploads\/2025\/11\/1.FG55N-1.webp","contentUrl":"https:\/\/goldbellvn.ifdemo.com\/wp-content\/uploads\/2025\/11\/1.FG55N-1.webp","width":1000,"height":850},{"@type":"BreadcrumbList","@id":"https:\/\/goldbellvn.ifdemo.com\/product\/forklift-fg40-fg55nt\/#breadcrumb","itemListElement":[{"@type":"ListItem","position":1,"name":"Home","item":"https:\/\/goldbellvn.ifdemo.com\/"},{"@type":"ListItem","position":2,"name":"Products","item":"https:\/\/goldbellvn.ifdemo.com\/shop\/"},{"@type":"ListItem","position":3,"name":"FG40-FG55NT"}]},{"@type":"WebSite","@id":"https:\/\/goldbellvn.ifdemo.com\/#website","url":"https:\/\/goldbellvn.ifdemo.com\/","name":"Goldbell","description":"","publisher":{"@id":"https:\/\/goldbellvn.ifdemo.com\/#organization"},"potentialAction":[{"@type":"SearchAction","target":{"@type":"EntryPoint","urlTemplate":"https:\/\/goldbellvn.ifdemo.com\/?s={search_term_string}"},"query-input":{"@type":"PropertyValueSpecification","valueRequired":true,"valueName":"search_term_string"}}],"inLanguage":"vi"},{"@type":"Organization","@id":"https:\/\/goldbellvn.ifdemo.com\/#organization","name":"Goldbell","url":"https:\/\/goldbellvn.ifdemo.com\/","logo":{"@type":"ImageObject","inLanguage":"vi","@id":"https:\/\/goldbellvn.ifdemo.com\/#\/schema\/logo\/image\/","url":"https:\/\/goldbellvn.ifdemo.com\/wp-content\/uploads\/2025\/09\/logo.svg","contentUrl":"https:\/\/goldbellvn.ifdemo.com\/wp-content\/uploads\/2025\/09\/logo.svg","width":18,"height":23,"caption":"Goldbell"},"image":{"@id":"https:\/\/goldbellvn.ifdemo.com\/#\/schema\/logo\/image\/"}}]}},"_links":{"self":[{"href":"https:\/\/goldbellvn.ifdemo.com\/vi\/wp-json\/wp\/v2\/product\/2016","targetHints":{"allow":["GET"]}}],"collection":[{"href":"https:\/\/goldbellvn.ifdemo.com\/vi\/wp-json\/wp\/v2\/product"}],"about":[{"href":"https:\/\/goldbellvn.ifdemo.com\/vi\/wp-json\/wp\/v2\/types\/product"}],"wp:featuredmedia":[{"embeddable":true,"href":"https:\/\/goldbellvn.ifdemo.com\/vi\/wp-json\/wp\/v2\/media\/2183"}],"wp:attachment":[{"href":"https:\/\/goldbellvn.ifdemo.com\/vi\/wp-json\/wp\/v2\/media?parent=2016"}],"wp:term":[{"taxonomy":"model-type","embeddable":true,"href":"https:\/\/goldbellvn.ifdemo.com\/vi\/wp-json\/wp\/v2\/model-type?post=2016"},{"taxonomy":"product_brand","embeddable":true,"href":"https:\/\/goldbellvn.ifdemo.com\/vi\/wp-json\/wp\/v2\/product_brand?post=2016"},{"taxonomy":"product_cat","embeddable":true,"href":"https:\/\/goldbellvn.ifdemo.com\/vi\/wp-json\/wp\/v2\/product_cat?post=2016"},{"taxonomy":"product_tag","embeddable":true,"href":"https:\/\/goldbellvn.ifdemo.com\/vi\/wp-json\/wp\/v2\/product_tag?post=2016"}],"curies":[{"name":"wp","href":"https:\/\/api.w.org\/{rel}","templated":true}]}}