{"id":2017,"date":"2025-11-22T08:56:14","date_gmt":"2025-11-22T08:56:14","guid":{"rendered":"https:\/\/goldbell.123websitedev.com\/?post_type=product&#038;p=2017"},"modified":"2026-01-05T16:43:06","modified_gmt":"2026-01-05T16:43:06","slug":"forklift-stand-on-reach-truck-rbs10n-30lcb1","status":"publish","type":"product","link":"https:\/\/goldbellvn.ifdemo.com\/vi\/san-pham\/forklift-stand-on-reach-truck-rbs10n-30lcb1\/","title":{"rendered":"RBS10N-30(L)CB1"},"content":{"rendered":"<p>Xe reach truck \u0111i\u1ec7n RBS-CB1 \u0111\u01b0\u1ee3c thi\u1ebft k\u1ebf \u0111\u1ec3 \u0111\u00e1p \u1ee9ng m\u1ecdi nhu c\u1ea7u v\u1eadn h\u00e0nh c\u1ee7a b\u1ea1n \u2013 m\u1ed7i ng\u00e0y, trong m\u1ecdi ca l\u00e0m vi\u1ec7c.\n\nC\u00e1c t\u00ednh n\u0103ng n\u1ed5i b\u1eadt bao g\u1ed3m \u0111\u1ed9ng c\u01a1 k\u00e9o v\u00e0 \u0111\u1ed9ng c\u01a1 th\u1ee7y l\u1ef1c AC ti\u1ebft ki\u1ec7m n\u0103ng l\u01b0\u1ee3ng, h\u1ec7 th\u1ed1ng phanh t\u00e1i sinh, ch\u1ebf \u0111\u1ed9 thi\u1ebft l\u1eadp hi\u1ec7u su\u1ea5t v\u00e0 h\u1ec7 th\u1ed1ng ch\u1ea9n \u0111o\u00e1n t\u00edch h\u1ee3p s\u1eb5n tr\u00ean xe \u2013 t\u1ea5t c\u1ea3 \u0111\u1ec1u \u0111\u01b0\u1ee3c c\u1ea5u h\u00ecnh ph\u00f9 h\u1ee3p v\u1edbi nhu c\u1ea7u v\u1eadn h\u00e0nh th\u1ef1c t\u1ebf c\u1ee7a b\u1ea1n.<\/p>","protected":false},"excerpt":{"rendered":"<p>Xe reach truck \u0111i\u1ec7n RBS-CB1 \u0111\u01b0\u1ee3c thi\u1ebft k\u1ebf \u0111\u1ec3 \u0111\u00e1p \u1ee9ng m\u1ecdi nhu c\u1ea7u v\u1eadn h\u00e0nh c\u1ee7a b\u1ea1n \u2013 m\u1ed7i ng\u00e0y, trong m\u1ecdi ca l\u00e0m vi\u1ec7c.\n\nC\u00e1c t\u00ednh n\u0103ng n\u1ed5i b\u1eadt bao g\u1ed3m \u0111\u1ed9ng c\u01a1 k\u00e9o v\u00e0 \u0111\u1ed9ng c\u01a1 th\u1ee7y l\u1ef1c AC ti\u1ebft ki\u1ec7m n\u0103ng l\u01b0\u1ee3ng, h\u1ec7 th\u1ed1ng phanh t\u00e1i sinh, ch\u1ebf \u0111\u1ed9 thi\u1ebft l\u1eadp hi\u1ec7u su\u1ea5t v\u00e0 h\u1ec7 th\u1ed1ng ch\u1ea9n \u0111o\u00e1n t\u00edch h\u1ee3p s\u1eb5n tr\u00ean xe \u2013 t\u1ea5t c\u1ea3 \u0111\u1ec1u \u0111\u01b0\u1ee3c c\u1ea5u h\u00ecnh ph\u00f9 h\u1ee3p v\u1edbi nhu c\u1ea7u v\u1eadn h\u00e0nh th\u1ef1c t\u1ebf c\u1ee7a b\u1ea1n.<\/p>","protected":false},"featured_media":2190,"template":"","meta":{"_acf_changed":false,"inline_featured_image":false},"model-type":[49,53],"product_brand":[29],"product_cat":[31,57],"product_tag":[],"class_list":{"0":"post-2017","1":"product","2":"type-product","3":"status-publish","4":"has-post-thumbnail","6":"model-type-electric","7":"model-type-reach-truck","8":"product_brand-mitsubishi","9":"product_cat-electric-forklifts","10":"product_cat-reach-trucks","12":"first","13":"instock","14":"shipping-taxable","15":"purchasable","16":"product-type-simple"},"acf":[],"yoast_head":"<!-- This site is optimized with the Yoast SEO Premium plugin v25.6 (Yoast SEO v25.6) - https:\/\/yoast.com\/wordpress\/plugins\/seo\/ -->\n<title>RBS10N-30(L)CB1 - Goldbell<\/title>\n<meta name=\"description\" content=\"RBS-CB1 electric reach truck is designed to deliver what you need, every day, every shift. Outstanding features - including energy efficient AC Power traction and hydraulic motors, regenerative braking system, performance mode setting and on-board diagnostics are built in and configured to your performance needs.\" \/>\n<meta name=\"robots\" content=\"noindex, follow, max-snippet:-1, max-image-preview:large, max-video-preview:-1\" \/>\n<meta property=\"og:locale\" content=\"vi_VN\" \/>\n<meta property=\"og:type\" content=\"article\" \/>\n<meta property=\"og:title\" content=\"RBS10N-30(L)CB1\" \/>\n<meta property=\"og:description\" content=\"RBS-CB1 electric reach truck is designed to deliver what you need, every day, every shift. Outstanding features - including energy efficient AC Power traction and hydraulic motors, regenerative braking system, performance mode setting and on-board diagnostics are built in and configured to your performance needs.\" \/>\n<meta property=\"og:url\" content=\"https:\/\/goldbellvn.ifdemo.com\/vi\/san-pham\/forklift-stand-on-reach-truck-rbs10n-30lcb1\/\" \/>\n<meta property=\"og:site_name\" content=\"Goldbell\" \/>\n<meta property=\"article:modified_time\" content=\"2026-01-05T16:43:06+00:00\" \/>\n<meta property=\"og:image\" content=\"https:\/\/goldbellvn.ifdemo.com\/wp-content\/uploads\/2025\/11\/1.-RBS-15.webp\" \/>\n\t<meta property=\"og:image:width\" content=\"1000\" \/>\n\t<meta property=\"og:image:height\" content=\"850\" \/>\n\t<meta property=\"og:image:type\" content=\"image\/webp\" \/>\n<meta name=\"twitter:card\" content=\"summary_large_image\" \/>\n<meta name=\"twitter:label1\" content=\"\u01af\u1edbc t\u00ednh th\u1eddi gian \u0111\u1ecdc\" \/>\n\t<meta name=\"twitter:data1\" content=\"1 ph\u00fat\" \/>\n<script type=\"application\/ld+json\" class=\"yoast-schema-graph\">{\"@context\":\"https:\/\/schema.org\",\"@graph\":[{\"@type\":\"WebPage\",\"@id\":\"https:\/\/goldbellvn.ifdemo.com\/product\/forklift-stand-on-reach-truck-rbs10n-30lcb1\/\",\"url\":\"https:\/\/goldbellvn.ifdemo.com\/product\/forklift-stand-on-reach-truck-rbs10n-30lcb1\/\",\"name\":\"RBS10N-30(L)CB1 - Goldbell\",\"isPartOf\":{\"@id\":\"https:\/\/goldbellvn.ifdemo.com\/#website\"},\"primaryImageOfPage\":{\"@id\":\"https:\/\/goldbellvn.ifdemo.com\/product\/forklift-stand-on-reach-truck-rbs10n-30lcb1\/#primaryimage\"},\"image\":{\"@id\":\"https:\/\/goldbellvn.ifdemo.com\/product\/forklift-stand-on-reach-truck-rbs10n-30lcb1\/#primaryimage\"},\"thumbnailUrl\":\"https:\/\/goldbellvn.ifdemo.com\/wp-content\/uploads\/2025\/11\/1.-RBS-15.webp\",\"datePublished\":\"2025-11-22T08:56:14+00:00\",\"dateModified\":\"2026-01-05T16:43:06+00:00\",\"description\":\"RBS-CB1 electric reach truck is designed to deliver what you need, every day, every shift. Outstanding features - including energy efficient AC Power traction and hydraulic motors, regenerative braking system, performance mode setting and on-board diagnostics are built in and configured to your performance needs.\",\"breadcrumb\":{\"@id\":\"https:\/\/goldbellvn.ifdemo.com\/product\/forklift-stand-on-reach-truck-rbs10n-30lcb1\/#breadcrumb\"},\"inLanguage\":\"vi\",\"potentialAction\":[{\"@type\":\"ReadAction\",\"target\":[\"https:\/\/goldbellvn.ifdemo.com\/product\/forklift-stand-on-reach-truck-rbs10n-30lcb1\/\"]}]},{\"@type\":\"ImageObject\",\"inLanguage\":\"vi\",\"@id\":\"https:\/\/goldbellvn.ifdemo.com\/product\/forklift-stand-on-reach-truck-rbs10n-30lcb1\/#primaryimage\",\"url\":\"https:\/\/goldbellvn.ifdemo.com\/wp-content\/uploads\/2025\/11\/1.-RBS-15.webp\",\"contentUrl\":\"https:\/\/goldbellvn.ifdemo.com\/wp-content\/uploads\/2025\/11\/1.-RBS-15.webp\",\"width\":1000,\"height\":850},{\"@type\":\"BreadcrumbList\",\"@id\":\"https:\/\/goldbellvn.ifdemo.com\/product\/forklift-stand-on-reach-truck-rbs10n-30lcb1\/#breadcrumb\",\"itemListElement\":[{\"@type\":\"ListItem\",\"position\":1,\"name\":\"Home\",\"item\":\"https:\/\/goldbellvn.ifdemo.com\/\"},{\"@type\":\"ListItem\",\"position\":2,\"name\":\"Products\",\"item\":\"https:\/\/goldbellvn.ifdemo.com\/shop\/\"},{\"@type\":\"ListItem\",\"position\":3,\"name\":\"RBS10N-30(L)CB1\"}]},{\"@type\":\"WebSite\",\"@id\":\"https:\/\/goldbellvn.ifdemo.com\/#website\",\"url\":\"https:\/\/goldbellvn.ifdemo.com\/\",\"name\":\"Goldbell\",\"description\":\"\",\"publisher\":{\"@id\":\"https:\/\/goldbellvn.ifdemo.com\/#organization\"},\"potentialAction\":[{\"@type\":\"SearchAction\",\"target\":{\"@type\":\"EntryPoint\",\"urlTemplate\":\"https:\/\/goldbellvn.ifdemo.com\/?s={search_term_string}\"},\"query-input\":{\"@type\":\"PropertyValueSpecification\",\"valueRequired\":true,\"valueName\":\"search_term_string\"}}],\"inLanguage\":\"vi\"},{\"@type\":\"Organization\",\"@id\":\"https:\/\/goldbellvn.ifdemo.com\/#organization\",\"name\":\"Goldbell\",\"url\":\"https:\/\/goldbellvn.ifdemo.com\/\",\"logo\":{\"@type\":\"ImageObject\",\"inLanguage\":\"vi\",\"@id\":\"https:\/\/goldbellvn.ifdemo.com\/#\/schema\/logo\/image\/\",\"url\":\"https:\/\/goldbellvn.ifdemo.com\/wp-content\/uploads\/2025\/09\/logo.svg\",\"contentUrl\":\"https:\/\/goldbellvn.ifdemo.com\/wp-content\/uploads\/2025\/09\/logo.svg\",\"width\":18,\"height\":23,\"caption\":\"Goldbell\"},\"image\":{\"@id\":\"https:\/\/goldbellvn.ifdemo.com\/#\/schema\/logo\/image\/\"}}]}<\/script>\n<!-- \/ Yoast SEO Premium plugin. -->","yoast_head_json":{"title":"RBS10N-30(L)CB1 - Goldbell","description":"RBS-CB1 electric reach truck is designed to deliver what you need, every day, every shift. Outstanding features - including energy efficient AC Power traction and hydraulic motors, regenerative braking system, performance mode setting and on-board diagnostics are built in and configured to your performance needs.","robots":{"index":"noindex","follow":"follow","max-snippet":"max-snippet:-1","max-image-preview":"max-image-preview:large","max-video-preview":"max-video-preview:-1"},"og_locale":"vi_VN","og_type":"article","og_title":"RBS10N-30(L)CB1","og_description":"RBS-CB1 electric reach truck is designed to deliver what you need, every day, every shift. Outstanding features - including energy efficient AC Power traction and hydraulic motors, regenerative braking system, performance mode setting and on-board diagnostics are built in and configured to your performance needs.","og_url":"https:\/\/goldbellvn.ifdemo.com\/vi\/san-pham\/forklift-stand-on-reach-truck-rbs10n-30lcb1\/","og_site_name":"Goldbell","article_modified_time":"2026-01-05T16:43:06+00:00","og_image":[{"width":1000,"height":850,"url":"https:\/\/goldbellvn.ifdemo.com\/wp-content\/uploads\/2025\/11\/1.-RBS-15.webp","type":"image\/webp"}],"twitter_card":"summary_large_image","twitter_misc":{"\u01af\u1edbc t\u00ednh th\u1eddi gian \u0111\u1ecdc":"1 ph\u00fat"},"schema":{"@context":"https:\/\/schema.org","@graph":[{"@type":"WebPage","@id":"https:\/\/goldbellvn.ifdemo.com\/product\/forklift-stand-on-reach-truck-rbs10n-30lcb1\/","url":"https:\/\/goldbellvn.ifdemo.com\/product\/forklift-stand-on-reach-truck-rbs10n-30lcb1\/","name":"RBS10N-30(L)CB1 - Goldbell","isPartOf":{"@id":"https:\/\/goldbellvn.ifdemo.com\/#website"},"primaryImageOfPage":{"@id":"https:\/\/goldbellvn.ifdemo.com\/product\/forklift-stand-on-reach-truck-rbs10n-30lcb1\/#primaryimage"},"image":{"@id":"https:\/\/goldbellvn.ifdemo.com\/product\/forklift-stand-on-reach-truck-rbs10n-30lcb1\/#primaryimage"},"thumbnailUrl":"https:\/\/goldbellvn.ifdemo.com\/wp-content\/uploads\/2025\/11\/1.-RBS-15.webp","datePublished":"2025-11-22T08:56:14+00:00","dateModified":"2026-01-05T16:43:06+00:00","description":"RBS-CB1 electric reach truck is designed to deliver what you need, every day, every shift. Outstanding features - including energy efficient AC Power traction and hydraulic motors, regenerative braking system, performance mode setting and on-board diagnostics are built in and configured to your performance needs.","breadcrumb":{"@id":"https:\/\/goldbellvn.ifdemo.com\/product\/forklift-stand-on-reach-truck-rbs10n-30lcb1\/#breadcrumb"},"inLanguage":"vi","potentialAction":[{"@type":"ReadAction","target":["https:\/\/goldbellvn.ifdemo.com\/product\/forklift-stand-on-reach-truck-rbs10n-30lcb1\/"]}]},{"@type":"ImageObject","inLanguage":"vi","@id":"https:\/\/goldbellvn.ifdemo.com\/product\/forklift-stand-on-reach-truck-rbs10n-30lcb1\/#primaryimage","url":"https:\/\/goldbellvn.ifdemo.com\/wp-content\/uploads\/2025\/11\/1.-RBS-15.webp","contentUrl":"https:\/\/goldbellvn.ifdemo.com\/wp-content\/uploads\/2025\/11\/1.-RBS-15.webp","width":1000,"height":850},{"@type":"BreadcrumbList","@id":"https:\/\/goldbellvn.ifdemo.com\/product\/forklift-stand-on-reach-truck-rbs10n-30lcb1\/#breadcrumb","itemListElement":[{"@type":"ListItem","position":1,"name":"Home","item":"https:\/\/goldbellvn.ifdemo.com\/"},{"@type":"ListItem","position":2,"name":"Products","item":"https:\/\/goldbellvn.ifdemo.com\/shop\/"},{"@type":"ListItem","position":3,"name":"RBS10N-30(L)CB1"}]},{"@type":"WebSite","@id":"https:\/\/goldbellvn.ifdemo.com\/#website","url":"https:\/\/goldbellvn.ifdemo.com\/","name":"Goldbell","description":"","publisher":{"@id":"https:\/\/goldbellvn.ifdemo.com\/#organization"},"potentialAction":[{"@type":"SearchAction","target":{"@type":"EntryPoint","urlTemplate":"https:\/\/goldbellvn.ifdemo.com\/?s={search_term_string}"},"query-input":{"@type":"PropertyValueSpecification","valueRequired":true,"valueName":"search_term_string"}}],"inLanguage":"vi"},{"@type":"Organization","@id":"https:\/\/goldbellvn.ifdemo.com\/#organization","name":"Goldbell","url":"https:\/\/goldbellvn.ifdemo.com\/","logo":{"@type":"ImageObject","inLanguage":"vi","@id":"https:\/\/goldbellvn.ifdemo.com\/#\/schema\/logo\/image\/","url":"https:\/\/goldbellvn.ifdemo.com\/wp-content\/uploads\/2025\/09\/logo.svg","contentUrl":"https:\/\/goldbellvn.ifdemo.com\/wp-content\/uploads\/2025\/09\/logo.svg","width":18,"height":23,"caption":"Goldbell"},"image":{"@id":"https:\/\/goldbellvn.ifdemo.com\/#\/schema\/logo\/image\/"}}]}},"_links":{"self":[{"href":"https:\/\/goldbellvn.ifdemo.com\/vi\/wp-json\/wp\/v2\/product\/2017","targetHints":{"allow":["GET"]}}],"collection":[{"href":"https:\/\/goldbellvn.ifdemo.com\/vi\/wp-json\/wp\/v2\/product"}],"about":[{"href":"https:\/\/goldbellvn.ifdemo.com\/vi\/wp-json\/wp\/v2\/types\/product"}],"wp:featuredmedia":[{"embeddable":true,"href":"https:\/\/goldbellvn.ifdemo.com\/vi\/wp-json\/wp\/v2\/media\/2190"}],"wp:attachment":[{"href":"https:\/\/goldbellvn.ifdemo.com\/vi\/wp-json\/wp\/v2\/media?parent=2017"}],"wp:term":[{"taxonomy":"model-type","embeddable":true,"href":"https:\/\/goldbellvn.ifdemo.com\/vi\/wp-json\/wp\/v2\/model-type?post=2017"},{"taxonomy":"product_brand","embeddable":true,"href":"https:\/\/goldbellvn.ifdemo.com\/vi\/wp-json\/wp\/v2\/product_brand?post=2017"},{"taxonomy":"product_cat","embeddable":true,"href":"https:\/\/goldbellvn.ifdemo.com\/vi\/wp-json\/wp\/v2\/product_cat?post=2017"},{"taxonomy":"product_tag","embeddable":true,"href":"https:\/\/goldbellvn.ifdemo.com\/vi\/wp-json\/wp\/v2\/product_tag?post=2017"}],"curies":[{"name":"wp","href":"https:\/\/api.w.org\/{rel}","templated":true}]}}