{"id":2018,"date":"2025-11-22T09:01:36","date_gmt":"2025-11-22T09:01:36","guid":{"rendered":"https:\/\/goldbell.123websitedev.com\/?post_type=product&#038;p=2018"},"modified":"2026-01-05T16:42:27","modified_gmt":"2026-01-05T16:42:27","slug":"mitsubishi-forklift-sit-on-reach-truck-rbf14ca-rbf20ca","status":"publish","type":"product","link":"https:\/\/goldbellvn.ifdemo.com\/vi\/san-pham\/mitsubishi-forklift-sit-on-reach-truck-rbf14ca-rbf20ca\/","title":{"rendered":"RBF14CA-RBF20CA"},"content":{"rendered":"<ul>\n<li>H\u1ec7 th\u1ed1ng SICOS-AC t\u1ed1i \u01b0u v\u1edbi kh\u1ea3 n\u0103ng n\u00e2ng m\u1ea1nh m\u1ebd l\u00ean \u0111\u1ebfn 10m \u0111\u1ea3m b\u1ea3o hi\u1ec7u su\u1ea5t v\u1eadn h\u00e0nh cao v\u00e0 \u1ed5n \u0111\u1ecbnh trong c\u00e1c \u1ee9ng d\u1ee5ng n\u00e2ng cao.<\/li>\n<li>N\u1eafp che c\u1ee5m truy\u1ec1n \u0111\u1ed9ng d\u1ea1ng m\u1edf xoay gi\u00fap vi\u1ec7c b\u1ea3o tr\u00ec, b\u1ea3o d\u01b0\u1ee1ng tr\u1edf n\u00ean thu\u1eadn ti\u1ec7n v\u00e0 d\u1ec5 d\u00e0ng h\u01a1n.<\/li>\n<li>T\u00ednh n\u0103ng h\u1ea1 \u00eam lo\u1ea1i b\u1ecf va \u0111\u1eadp \u0111\u1ed9t ng\u1ed9t l\u00ean h\u00e0ng h\u00f3a, gi\u00fap b\u1ea3o v\u1ec7 h\u00e0ng v\u00e0 t\u0103ng \u0111\u1ed9 an to\u00e0n.<\/li>\n<li>K\u1ebft c\u1ea5u tr\u1ee5 n\u00e2ng gia c\u01b0\u1eddng \u0111\u1ea3m b\u1ea3o duy tr\u00ec t\u1ea3i tr\u1ecdng t\u1ed1i \u0111a \u0111\u1ebfn \u0111\u1ed9 cao 7m.<\/li>\n<li>Khoang v\u1eadn h\u00e0nh thi\u1ebft k\u1ebf c\u00f4ng th\u00e1i h\u1ecdc mang l\u1ea1i s\u1ef1 tho\u1ea3i m\u00e1i t\u1ed1i \u0111a cho ng\u01b0\u1eddi v\u1eadn h\u00e0nh trong su\u1ed1t qu\u00e1 tr\u00ecnh l\u00e0m vi\u1ec7c.<\/li>\n<\/ul>","protected":false},"excerpt":{"rendered":"<p>Optimum SICOS-AC system with powerful lift up to 10m height Swing-out drive unit cover for convenient and easy maintenance Soft landing feature to eliminate abrupt impact on load Reinforced mast structure with full capacity retention up to 7m height Ergonomically designed compartment for operator\u2019s comfort<\/p>","protected":false},"featured_media":2192,"template":"","meta":{"_acf_changed":false,"inline_featured_image":false},"model-type":[49,53],"product_brand":[29],"product_cat":[31,57],"product_tag":[],"class_list":{"0":"post-2018","1":"product","2":"type-product","3":"status-publish","4":"has-post-thumbnail","6":"model-type-electric","7":"model-type-reach-truck","8":"product_brand-mitsubishi","9":"product_cat-electric-forklifts","10":"product_cat-reach-trucks","12":"first","13":"instock","14":"shipping-taxable","15":"purchasable","16":"product-type-simple"},"acf":[],"yoast_head":"<!-- This site is optimized with the Yoast SEO Premium plugin v25.6 (Yoast SEO v25.6) - https:\/\/yoast.com\/wordpress\/plugins\/seo\/ -->\n<title>RBF14CA-RBF20CA - Goldbell<\/title>\n<meta name=\"description\" content=\"Optimum SICOS-AC system with powerful lift up to 10m heightSwing-out drive unit cover for convenient and easy maintenanceSoft landing feature to eliminate abrupt impact on loadReinforced mast structure with full capacity retention up to 7m heightErgonomically designed compartment for operator\u2019s comfort\" \/>\n<meta name=\"robots\" content=\"noindex, follow, max-snippet:-1, max-image-preview:large, max-video-preview:-1\" \/>\n<meta property=\"og:locale\" content=\"vi_VN\" \/>\n<meta property=\"og:type\" content=\"article\" \/>\n<meta property=\"og:title\" content=\"RBF14CA-RBF20CA\" \/>\n<meta property=\"og:description\" content=\"Optimum SICOS-AC system with powerful lift up to 10m heightSwing-out drive unit cover for convenient and easy maintenanceSoft landing feature to eliminate abrupt impact on loadReinforced mast structure with full capacity retention up to 7m heightErgonomically designed compartment for operator\u2019s comfort\" \/>\n<meta property=\"og:url\" content=\"https:\/\/goldbellvn.ifdemo.com\/vi\/san-pham\/mitsubishi-forklift-sit-on-reach-truck-rbf14ca-rbf20ca\/\" \/>\n<meta property=\"og:site_name\" content=\"Goldbell\" \/>\n<meta property=\"article:modified_time\" content=\"2026-01-05T16:42:27+00:00\" \/>\n<meta property=\"og:image\" content=\"https:\/\/goldbellvn.ifdemo.com\/wp-content\/uploads\/2025\/11\/RBF14CA2_900x600.webp\" \/>\n\t<meta property=\"og:image:width\" content=\"1000\" \/>\n\t<meta property=\"og:image:height\" content=\"850\" \/>\n\t<meta property=\"og:image:type\" content=\"image\/webp\" \/>\n<meta name=\"twitter:card\" content=\"summary_large_image\" \/>\n<meta name=\"twitter:label1\" content=\"\u01af\u1edbc t\u00ednh th\u1eddi gian \u0111\u1ecdc\" \/>\n\t<meta name=\"twitter:data1\" content=\"1 ph\u00fat\" \/>\n<script type=\"application\/ld+json\" class=\"yoast-schema-graph\">{\"@context\":\"https:\/\/schema.org\",\"@graph\":[{\"@type\":\"WebPage\",\"@id\":\"https:\/\/goldbellvn.ifdemo.com\/product\/mitsubishi-forklift-sit-on-reach-truck-rbf14ca-rbf20ca\/\",\"url\":\"https:\/\/goldbellvn.ifdemo.com\/product\/mitsubishi-forklift-sit-on-reach-truck-rbf14ca-rbf20ca\/\",\"name\":\"RBF14CA-RBF20CA - Goldbell\",\"isPartOf\":{\"@id\":\"https:\/\/goldbellvn.ifdemo.com\/#website\"},\"primaryImageOfPage\":{\"@id\":\"https:\/\/goldbellvn.ifdemo.com\/product\/mitsubishi-forklift-sit-on-reach-truck-rbf14ca-rbf20ca\/#primaryimage\"},\"image\":{\"@id\":\"https:\/\/goldbellvn.ifdemo.com\/product\/mitsubishi-forklift-sit-on-reach-truck-rbf14ca-rbf20ca\/#primaryimage\"},\"thumbnailUrl\":\"https:\/\/goldbellvn.ifdemo.com\/wp-content\/uploads\/2025\/11\/RBF14CA2_900x600.webp\",\"datePublished\":\"2025-11-22T09:01:36+00:00\",\"dateModified\":\"2026-01-05T16:42:27+00:00\",\"description\":\"Optimum SICOS-AC system with powerful lift up to 10m heightSwing-out drive unit cover for convenient and easy maintenanceSoft landing feature to eliminate abrupt impact on loadReinforced mast structure with full capacity retention up to 7m heightErgonomically designed compartment for operator\u2019s comfort\",\"breadcrumb\":{\"@id\":\"https:\/\/goldbellvn.ifdemo.com\/product\/mitsubishi-forklift-sit-on-reach-truck-rbf14ca-rbf20ca\/#breadcrumb\"},\"inLanguage\":\"vi\",\"potentialAction\":[{\"@type\":\"ReadAction\",\"target\":[\"https:\/\/goldbellvn.ifdemo.com\/product\/mitsubishi-forklift-sit-on-reach-truck-rbf14ca-rbf20ca\/\"]}]},{\"@type\":\"ImageObject\",\"inLanguage\":\"vi\",\"@id\":\"https:\/\/goldbellvn.ifdemo.com\/product\/mitsubishi-forklift-sit-on-reach-truck-rbf14ca-rbf20ca\/#primaryimage\",\"url\":\"https:\/\/goldbellvn.ifdemo.com\/wp-content\/uploads\/2025\/11\/RBF14CA2_900x600.webp\",\"contentUrl\":\"https:\/\/goldbellvn.ifdemo.com\/wp-content\/uploads\/2025\/11\/RBF14CA2_900x600.webp\",\"width\":1000,\"height\":850},{\"@type\":\"BreadcrumbList\",\"@id\":\"https:\/\/goldbellvn.ifdemo.com\/product\/mitsubishi-forklift-sit-on-reach-truck-rbf14ca-rbf20ca\/#breadcrumb\",\"itemListElement\":[{\"@type\":\"ListItem\",\"position\":1,\"name\":\"Home\",\"item\":\"https:\/\/goldbellvn.ifdemo.com\/\"},{\"@type\":\"ListItem\",\"position\":2,\"name\":\"Products\",\"item\":\"https:\/\/goldbellvn.ifdemo.com\/shop\/\"},{\"@type\":\"ListItem\",\"position\":3,\"name\":\"RBF14CA-RBF20CA\"}]},{\"@type\":\"WebSite\",\"@id\":\"https:\/\/goldbellvn.ifdemo.com\/#website\",\"url\":\"https:\/\/goldbellvn.ifdemo.com\/\",\"name\":\"Goldbell\",\"description\":\"\",\"publisher\":{\"@id\":\"https:\/\/goldbellvn.ifdemo.com\/#organization\"},\"potentialAction\":[{\"@type\":\"SearchAction\",\"target\":{\"@type\":\"EntryPoint\",\"urlTemplate\":\"https:\/\/goldbellvn.ifdemo.com\/?s={search_term_string}\"},\"query-input\":{\"@type\":\"PropertyValueSpecification\",\"valueRequired\":true,\"valueName\":\"search_term_string\"}}],\"inLanguage\":\"vi\"},{\"@type\":\"Organization\",\"@id\":\"https:\/\/goldbellvn.ifdemo.com\/#organization\",\"name\":\"Goldbell\",\"url\":\"https:\/\/goldbellvn.ifdemo.com\/\",\"logo\":{\"@type\":\"ImageObject\",\"inLanguage\":\"vi\",\"@id\":\"https:\/\/goldbellvn.ifdemo.com\/#\/schema\/logo\/image\/\",\"url\":\"https:\/\/goldbellvn.ifdemo.com\/wp-content\/uploads\/2025\/09\/logo.svg\",\"contentUrl\":\"https:\/\/goldbellvn.ifdemo.com\/wp-content\/uploads\/2025\/09\/logo.svg\",\"width\":18,\"height\":23,\"caption\":\"Goldbell\"},\"image\":{\"@id\":\"https:\/\/goldbellvn.ifdemo.com\/#\/schema\/logo\/image\/\"}}]}<\/script>\n<!-- \/ Yoast SEO Premium plugin. -->","yoast_head_json":{"title":"RBF14CA-RBF20CA - Goldbell","description":"Optimum SICOS-AC system with powerful lift up to 10m heightSwing-out drive unit cover for convenient and easy maintenanceSoft landing feature to eliminate abrupt impact on loadReinforced mast structure with full capacity retention up to 7m heightErgonomically designed compartment for operator\u2019s comfort","robots":{"index":"noindex","follow":"follow","max-snippet":"max-snippet:-1","max-image-preview":"max-image-preview:large","max-video-preview":"max-video-preview:-1"},"og_locale":"vi_VN","og_type":"article","og_title":"RBF14CA-RBF20CA","og_description":"Optimum SICOS-AC system with powerful lift up to 10m heightSwing-out drive unit cover for convenient and easy maintenanceSoft landing feature to eliminate abrupt impact on loadReinforced mast structure with full capacity retention up to 7m heightErgonomically designed compartment for operator\u2019s comfort","og_url":"https:\/\/goldbellvn.ifdemo.com\/vi\/san-pham\/mitsubishi-forklift-sit-on-reach-truck-rbf14ca-rbf20ca\/","og_site_name":"Goldbell","article_modified_time":"2026-01-05T16:42:27+00:00","og_image":[{"width":1000,"height":850,"url":"https:\/\/goldbellvn.ifdemo.com\/wp-content\/uploads\/2025\/11\/RBF14CA2_900x600.webp","type":"image\/webp"}],"twitter_card":"summary_large_image","twitter_misc":{"\u01af\u1edbc t\u00ednh th\u1eddi gian \u0111\u1ecdc":"1 ph\u00fat"},"schema":{"@context":"https:\/\/schema.org","@graph":[{"@type":"WebPage","@id":"https:\/\/goldbellvn.ifdemo.com\/product\/mitsubishi-forklift-sit-on-reach-truck-rbf14ca-rbf20ca\/","url":"https:\/\/goldbellvn.ifdemo.com\/product\/mitsubishi-forklift-sit-on-reach-truck-rbf14ca-rbf20ca\/","name":"RBF14CA-RBF20CA - Goldbell","isPartOf":{"@id":"https:\/\/goldbellvn.ifdemo.com\/#website"},"primaryImageOfPage":{"@id":"https:\/\/goldbellvn.ifdemo.com\/product\/mitsubishi-forklift-sit-on-reach-truck-rbf14ca-rbf20ca\/#primaryimage"},"image":{"@id":"https:\/\/goldbellvn.ifdemo.com\/product\/mitsubishi-forklift-sit-on-reach-truck-rbf14ca-rbf20ca\/#primaryimage"},"thumbnailUrl":"https:\/\/goldbellvn.ifdemo.com\/wp-content\/uploads\/2025\/11\/RBF14CA2_900x600.webp","datePublished":"2025-11-22T09:01:36+00:00","dateModified":"2026-01-05T16:42:27+00:00","description":"Optimum SICOS-AC system with powerful lift up to 10m heightSwing-out drive unit cover for convenient and easy maintenanceSoft landing feature to eliminate abrupt impact on loadReinforced mast structure with full capacity retention up to 7m heightErgonomically designed compartment for operator\u2019s comfort","breadcrumb":{"@id":"https:\/\/goldbellvn.ifdemo.com\/product\/mitsubishi-forklift-sit-on-reach-truck-rbf14ca-rbf20ca\/#breadcrumb"},"inLanguage":"vi","potentialAction":[{"@type":"ReadAction","target":["https:\/\/goldbellvn.ifdemo.com\/product\/mitsubishi-forklift-sit-on-reach-truck-rbf14ca-rbf20ca\/"]}]},{"@type":"ImageObject","inLanguage":"vi","@id":"https:\/\/goldbellvn.ifdemo.com\/product\/mitsubishi-forklift-sit-on-reach-truck-rbf14ca-rbf20ca\/#primaryimage","url":"https:\/\/goldbellvn.ifdemo.com\/wp-content\/uploads\/2025\/11\/RBF14CA2_900x600.webp","contentUrl":"https:\/\/goldbellvn.ifdemo.com\/wp-content\/uploads\/2025\/11\/RBF14CA2_900x600.webp","width":1000,"height":850},{"@type":"BreadcrumbList","@id":"https:\/\/goldbellvn.ifdemo.com\/product\/mitsubishi-forklift-sit-on-reach-truck-rbf14ca-rbf20ca\/#breadcrumb","itemListElement":[{"@type":"ListItem","position":1,"name":"Home","item":"https:\/\/goldbellvn.ifdemo.com\/"},{"@type":"ListItem","position":2,"name":"Products","item":"https:\/\/goldbellvn.ifdemo.com\/shop\/"},{"@type":"ListItem","position":3,"name":"RBF14CA-RBF20CA"}]},{"@type":"WebSite","@id":"https:\/\/goldbellvn.ifdemo.com\/#website","url":"https:\/\/goldbellvn.ifdemo.com\/","name":"Goldbell","description":"","publisher":{"@id":"https:\/\/goldbellvn.ifdemo.com\/#organization"},"potentialAction":[{"@type":"SearchAction","target":{"@type":"EntryPoint","urlTemplate":"https:\/\/goldbellvn.ifdemo.com\/?s={search_term_string}"},"query-input":{"@type":"PropertyValueSpecification","valueRequired":true,"valueName":"search_term_string"}}],"inLanguage":"vi"},{"@type":"Organization","@id":"https:\/\/goldbellvn.ifdemo.com\/#organization","name":"Goldbell","url":"https:\/\/goldbellvn.ifdemo.com\/","logo":{"@type":"ImageObject","inLanguage":"vi","@id":"https:\/\/goldbellvn.ifdemo.com\/#\/schema\/logo\/image\/","url":"https:\/\/goldbellvn.ifdemo.com\/wp-content\/uploads\/2025\/09\/logo.svg","contentUrl":"https:\/\/goldbellvn.ifdemo.com\/wp-content\/uploads\/2025\/09\/logo.svg","width":18,"height":23,"caption":"Goldbell"},"image":{"@id":"https:\/\/goldbellvn.ifdemo.com\/#\/schema\/logo\/image\/"}}]}},"_links":{"self":[{"href":"https:\/\/goldbellvn.ifdemo.com\/vi\/wp-json\/wp\/v2\/product\/2018","targetHints":{"allow":["GET"]}}],"collection":[{"href":"https:\/\/goldbellvn.ifdemo.com\/vi\/wp-json\/wp\/v2\/product"}],"about":[{"href":"https:\/\/goldbellvn.ifdemo.com\/vi\/wp-json\/wp\/v2\/types\/product"}],"wp:featuredmedia":[{"embeddable":true,"href":"https:\/\/goldbellvn.ifdemo.com\/vi\/wp-json\/wp\/v2\/media\/2192"}],"wp:attachment":[{"href":"https:\/\/goldbellvn.ifdemo.com\/vi\/wp-json\/wp\/v2\/media?parent=2018"}],"wp:term":[{"taxonomy":"model-type","embeddable":true,"href":"https:\/\/goldbellvn.ifdemo.com\/vi\/wp-json\/wp\/v2\/model-type?post=2018"},{"taxonomy":"product_brand","embeddable":true,"href":"https:\/\/goldbellvn.ifdemo.com\/vi\/wp-json\/wp\/v2\/product_brand?post=2018"},{"taxonomy":"product_cat","embeddable":true,"href":"https:\/\/goldbellvn.ifdemo.com\/vi\/wp-json\/wp\/v2\/product_cat?post=2018"},{"taxonomy":"product_tag","embeddable":true,"href":"https:\/\/goldbellvn.ifdemo.com\/vi\/wp-json\/wp\/v2\/product_tag?post=2018"}],"curies":[{"name":"wp","href":"https:\/\/api.w.org\/{rel}","templated":true}]}}