{"id":2019,"date":"2025-11-22T09:17:46","date_gmt":"2025-11-22T09:17:46","guid":{"rendered":"https:\/\/goldbell.123websitedev.com\/?post_type=product&#038;p=2019"},"modified":"2026-03-24T23:19:43","modified_gmt":"2026-03-24T16:19:43","slug":"mitsubishi-forklift-sit-on-reach-truck-rb16-25n3hx","status":"publish","type":"product","link":"https:\/\/goldbellvn.ifdemo.com\/vi\/san-pham\/mitsubishi-forklift-sit-on-reach-truck-rb16-25n3hx\/","title":{"rendered":"RB16-25N3(H)(X)"},"content":{"rendered":"<ul>\n<li>H\u1ec7 th\u1ed1ng v\u00e0o cua th\u00f4ng minh<br \/>\nXe t\u1ef1 \u0111\u1ed9ng nh\u1eadn bi\u1ebft g\u00f3c cua v\u00e0 gi\u1ea3m t\u1ed1c s\u1edbm \u0111\u1ec3 \u0111\u1ea3m b\u1ea3o \u0111\u1ed9 \u1ed5n \u0111\u1ecbnh t\u1ed1i \u0111a, gi\u00fap v\u00e0o cua ch\u00ednh x\u00e1c v\u00e0 an to\u00e0n.<\/li>\n<li>C\u00f4ng ngh\u1ec7 chuy\u1ec3n \u0111\u1ed9ng m\u01b0\u1ee3t<br \/>\nThu\u1eadt to\u00e1n tinh ch\u1ec9nh gi\u00fap \u0111i\u1ec1u ch\u1ec9nh t\u1ed1c \u0111\u1ed9 v\u01b0\u01a1n, nghi\u00eang v\u00e0 d\u1ecbch c\u00e0ng, t\u1eeb \u0111\u00f3 n\u00e2ng cao n\u0103ng su\u1ea5t v\u00e0 kh\u1ea3 n\u0103ng x\u1eed l\u00fd h\u00e0ng.<\/li>\n<li>H\u1ec7 th\u1ed1ng h\u1ed7 tr\u1ee3 \u1ed5n \u0111\u1ecbnh<br \/>\nC\u00e1c ch\u1ee9c n\u0103ng th\u1ee7y l\u1ef1c nh\u01b0 v\u01b0\u01a1n tr\u1ee5 v\u00e0 nghi\u00eang tr\u1ee5 \u0111\u01b0\u1ee3c t\u1ed1i \u01b0u t\u1ef1 \u0111\u1ed9ng, k\u1ebft h\u1ee3p v\u1edbi ch\u1ee9c n\u0103ng gi\u1ea3m ch\u1ea5n khi v\u01b0\u01a1n, gi\u00fap \u0111\u1eb7t v\u00e0 l\u1ea5y pallet nhanh h\u01a1n, an to\u00e0n h\u01a1n.<\/li>\n<li>\u0110i\u1ec1u khi\u1ec3n nghi\u00eang tr\u1ee5 (MTC)<br \/>\nCh\u1ee9c n\u0103ng gi\u1ea3m ch\u1ea5n t\u1ef1 \u0111\u1ed9ng gi\u00fap tri\u1ec7t ti\u00eau dao \u0111\u1ed9ng kh\u00f4ng mong mu\u1ed1n c\u1ee7a tr\u1ee5, gi\u1ea3m t\u1ed1c \u0111\u1ed9 nghi\u00eang, d\u1ecbch ngang v\u00e0 g\u00f3c nghi\u00eang, \u0111\u1ed3ng th\u1eddi gi\u00fap tr\u1ee5 \u1ed5n \u0111\u1ecbnh nhanh h\u01a1n \u0111\u1ebfn 80%.<\/li>\n<li>S\u00e0n \u0111i\u1ec1u ch\u1ec9nh \u0111\u1ed9 cao b\u1eb1ng \u0111i\u1ec7n<br \/>\nC\u00f3 th\u1ec3 \u0111i\u1ec1u ch\u1ec9nh ph\u00f9 h\u1ee3p v\u1edbi t\u1eebng ng\u01b0\u1eddi v\u1eadn h\u00e0nh, mang l\u1ea1i t\u01b0 th\u1ebf ng\u1ed3i l\u00e0m vi\u1ec7c c\u00f4ng th\u00e1i h\u1ecdc v\u00e0 tho\u1ea3i m\u00e1i h\u01a1n.<\/li>\n<\/ul>","protected":false},"excerpt":{"rendered":"<p>Intelligent Cornering System The truck senses the angle of a turn and reduces speed early for maximum stability and accurate, positive cornering. Soft Motion A finely tuned algorithm adjusts reach, tilt and sideshift speed to greatly improve productivity and handling speed. Stability Support System (S3) Hydraulic functions such as mast reach and mast tilt are [&hellip;]<\/p>","protected":false},"featured_media":2195,"template":"","meta":{"_acf_changed":false,"inline_featured_image":false},"model-type":[49,53],"product_brand":[29],"product_cat":[31,57],"product_tag":[],"class_list":{"0":"post-2019","1":"product","2":"type-product","3":"status-publish","4":"has-post-thumbnail","6":"model-type-electric","7":"model-type-reach-truck","8":"product_brand-mitsubishi","9":"product_cat-electric-forklifts","10":"product_cat-reach-trucks","12":"first","13":"instock","14":"shipping-taxable","15":"purchasable","16":"product-type-simple"},"acf":[],"yoast_head":"<!-- This site is optimized with the Yoast SEO Premium plugin v25.6 (Yoast SEO v25.6) - https:\/\/yoast.com\/wordpress\/plugins\/seo\/ -->\n<title>RB16-25N3(H)(X) - Goldbell<\/title>\n<meta name=\"robots\" content=\"noindex, follow, max-snippet:-1, max-image-preview:large, max-video-preview:-1\" \/>\n<meta property=\"og:locale\" content=\"vi_VN\" \/>\n<meta property=\"og:type\" content=\"article\" \/>\n<meta property=\"og:title\" content=\"RB16-25N3(H)(X)\" \/>\n<meta property=\"og:description\" content=\"Intelligent Cornering System The truck senses the angle of a turn and reduces speed early for maximum stability and accurate, positive cornering. Soft Motion A finely tuned algorithm adjusts reach, tilt and sideshift speed to greatly improve productivity and handling speed. Stability Support System (S3) Hydraulic functions such as mast reach and mast tilt are [&hellip;]\" \/>\n<meta property=\"og:url\" content=\"https:\/\/goldbellvn.ifdemo.com\/vi\/san-pham\/mitsubishi-forklift-sit-on-reach-truck-rb16-25n3hx\/\" \/>\n<meta property=\"og:site_name\" content=\"Goldbell\" \/>\n<meta property=\"article:modified_time\" content=\"2026-03-24T16:19:43+00:00\" \/>\n<meta property=\"og:image\" content=\"https:\/\/goldbellvn.ifdemo.com\/wp-content\/uploads\/2025\/11\/RB14N1.webp\" \/>\n\t<meta property=\"og:image:width\" content=\"1000\" \/>\n\t<meta property=\"og:image:height\" content=\"850\" \/>\n\t<meta property=\"og:image:type\" content=\"image\/webp\" \/>\n<meta name=\"twitter:card\" content=\"summary_large_image\" \/>\n<meta name=\"twitter:label1\" content=\"\u01af\u1edbc t\u00ednh th\u1eddi gian \u0111\u1ecdc\" \/>\n\t<meta name=\"twitter:data1\" content=\"1 ph\u00fat\" \/>\n<script type=\"application\/ld+json\" class=\"yoast-schema-graph\">{\"@context\":\"https:\/\/schema.org\",\"@graph\":[{\"@type\":\"WebPage\",\"@id\":\"https:\/\/goldbellvn.ifdemo.com\/product\/mitsubishi-forklift-sit-on-reach-truck-rb16-25n3hx\/\",\"url\":\"https:\/\/goldbellvn.ifdemo.com\/product\/mitsubishi-forklift-sit-on-reach-truck-rb16-25n3hx\/\",\"name\":\"RB16-25N3(H)(X) - Goldbell\",\"isPartOf\":{\"@id\":\"https:\/\/goldbellvn.ifdemo.com\/#website\"},\"primaryImageOfPage\":{\"@id\":\"https:\/\/goldbellvn.ifdemo.com\/product\/mitsubishi-forklift-sit-on-reach-truck-rb16-25n3hx\/#primaryimage\"},\"image\":{\"@id\":\"https:\/\/goldbellvn.ifdemo.com\/product\/mitsubishi-forklift-sit-on-reach-truck-rb16-25n3hx\/#primaryimage\"},\"thumbnailUrl\":\"https:\/\/goldbellvn.ifdemo.com\/wp-content\/uploads\/2025\/11\/RB14N1.webp\",\"datePublished\":\"2025-11-22T09:17:46+00:00\",\"dateModified\":\"2026-03-24T16:19:43+00:00\",\"breadcrumb\":{\"@id\":\"https:\/\/goldbellvn.ifdemo.com\/product\/mitsubishi-forklift-sit-on-reach-truck-rb16-25n3hx\/#breadcrumb\"},\"inLanguage\":\"vi\",\"potentialAction\":[{\"@type\":\"ReadAction\",\"target\":[\"https:\/\/goldbellvn.ifdemo.com\/product\/mitsubishi-forklift-sit-on-reach-truck-rb16-25n3hx\/\"]}]},{\"@type\":\"ImageObject\",\"inLanguage\":\"vi\",\"@id\":\"https:\/\/goldbellvn.ifdemo.com\/product\/mitsubishi-forklift-sit-on-reach-truck-rb16-25n3hx\/#primaryimage\",\"url\":\"https:\/\/goldbellvn.ifdemo.com\/wp-content\/uploads\/2025\/11\/RB14N1.webp\",\"contentUrl\":\"https:\/\/goldbellvn.ifdemo.com\/wp-content\/uploads\/2025\/11\/RB14N1.webp\",\"width\":1000,\"height\":850},{\"@type\":\"BreadcrumbList\",\"@id\":\"https:\/\/goldbellvn.ifdemo.com\/product\/mitsubishi-forklift-sit-on-reach-truck-rb16-25n3hx\/#breadcrumb\",\"itemListElement\":[{\"@type\":\"ListItem\",\"position\":1,\"name\":\"Home\",\"item\":\"https:\/\/goldbellvn.ifdemo.com\/\"},{\"@type\":\"ListItem\",\"position\":2,\"name\":\"Products\",\"item\":\"https:\/\/goldbellvn.ifdemo.com\/shop\/\"},{\"@type\":\"ListItem\",\"position\":3,\"name\":\"RB16-25N3(H)(X)\"}]},{\"@type\":\"WebSite\",\"@id\":\"https:\/\/goldbellvn.ifdemo.com\/#website\",\"url\":\"https:\/\/goldbellvn.ifdemo.com\/\",\"name\":\"Goldbell\",\"description\":\"\",\"publisher\":{\"@id\":\"https:\/\/goldbellvn.ifdemo.com\/#organization\"},\"potentialAction\":[{\"@type\":\"SearchAction\",\"target\":{\"@type\":\"EntryPoint\",\"urlTemplate\":\"https:\/\/goldbellvn.ifdemo.com\/?s={search_term_string}\"},\"query-input\":{\"@type\":\"PropertyValueSpecification\",\"valueRequired\":true,\"valueName\":\"search_term_string\"}}],\"inLanguage\":\"vi\"},{\"@type\":\"Organization\",\"@id\":\"https:\/\/goldbellvn.ifdemo.com\/#organization\",\"name\":\"Goldbell\",\"url\":\"https:\/\/goldbellvn.ifdemo.com\/\",\"logo\":{\"@type\":\"ImageObject\",\"inLanguage\":\"vi\",\"@id\":\"https:\/\/goldbellvn.ifdemo.com\/#\/schema\/logo\/image\/\",\"url\":\"https:\/\/goldbellvn.ifdemo.com\/wp-content\/uploads\/2025\/09\/logo.svg\",\"contentUrl\":\"https:\/\/goldbellvn.ifdemo.com\/wp-content\/uploads\/2025\/09\/logo.svg\",\"width\":18,\"height\":23,\"caption\":\"Goldbell\"},\"image\":{\"@id\":\"https:\/\/goldbellvn.ifdemo.com\/#\/schema\/logo\/image\/\"}}]}<\/script>\n<!-- \/ Yoast SEO Premium plugin. -->","yoast_head_json":{"title":"RB16-25N3(H)(X) - Goldbell","robots":{"index":"noindex","follow":"follow","max-snippet":"max-snippet:-1","max-image-preview":"max-image-preview:large","max-video-preview":"max-video-preview:-1"},"og_locale":"vi_VN","og_type":"article","og_title":"RB16-25N3(H)(X)","og_description":"Intelligent Cornering System The truck senses the angle of a turn and reduces speed early for maximum stability and accurate, positive cornering. Soft Motion A finely tuned algorithm adjusts reach, tilt and sideshift speed to greatly improve productivity and handling speed. Stability Support System (S3) Hydraulic functions such as mast reach and mast tilt are [&hellip;]","og_url":"https:\/\/goldbellvn.ifdemo.com\/vi\/san-pham\/mitsubishi-forklift-sit-on-reach-truck-rb16-25n3hx\/","og_site_name":"Goldbell","article_modified_time":"2026-03-24T16:19:43+00:00","og_image":[{"width":1000,"height":850,"url":"https:\/\/goldbellvn.ifdemo.com\/wp-content\/uploads\/2025\/11\/RB14N1.webp","type":"image\/webp"}],"twitter_card":"summary_large_image","twitter_misc":{"\u01af\u1edbc t\u00ednh th\u1eddi gian \u0111\u1ecdc":"1 ph\u00fat"},"schema":{"@context":"https:\/\/schema.org","@graph":[{"@type":"WebPage","@id":"https:\/\/goldbellvn.ifdemo.com\/product\/mitsubishi-forklift-sit-on-reach-truck-rb16-25n3hx\/","url":"https:\/\/goldbellvn.ifdemo.com\/product\/mitsubishi-forklift-sit-on-reach-truck-rb16-25n3hx\/","name":"RB16-25N3(H)(X) - Goldbell","isPartOf":{"@id":"https:\/\/goldbellvn.ifdemo.com\/#website"},"primaryImageOfPage":{"@id":"https:\/\/goldbellvn.ifdemo.com\/product\/mitsubishi-forklift-sit-on-reach-truck-rb16-25n3hx\/#primaryimage"},"image":{"@id":"https:\/\/goldbellvn.ifdemo.com\/product\/mitsubishi-forklift-sit-on-reach-truck-rb16-25n3hx\/#primaryimage"},"thumbnailUrl":"https:\/\/goldbellvn.ifdemo.com\/wp-content\/uploads\/2025\/11\/RB14N1.webp","datePublished":"2025-11-22T09:17:46+00:00","dateModified":"2026-03-24T16:19:43+00:00","breadcrumb":{"@id":"https:\/\/goldbellvn.ifdemo.com\/product\/mitsubishi-forklift-sit-on-reach-truck-rb16-25n3hx\/#breadcrumb"},"inLanguage":"vi","potentialAction":[{"@type":"ReadAction","target":["https:\/\/goldbellvn.ifdemo.com\/product\/mitsubishi-forklift-sit-on-reach-truck-rb16-25n3hx\/"]}]},{"@type":"ImageObject","inLanguage":"vi","@id":"https:\/\/goldbellvn.ifdemo.com\/product\/mitsubishi-forklift-sit-on-reach-truck-rb16-25n3hx\/#primaryimage","url":"https:\/\/goldbellvn.ifdemo.com\/wp-content\/uploads\/2025\/11\/RB14N1.webp","contentUrl":"https:\/\/goldbellvn.ifdemo.com\/wp-content\/uploads\/2025\/11\/RB14N1.webp","width":1000,"height":850},{"@type":"BreadcrumbList","@id":"https:\/\/goldbellvn.ifdemo.com\/product\/mitsubishi-forklift-sit-on-reach-truck-rb16-25n3hx\/#breadcrumb","itemListElement":[{"@type":"ListItem","position":1,"name":"Home","item":"https:\/\/goldbellvn.ifdemo.com\/"},{"@type":"ListItem","position":2,"name":"Products","item":"https:\/\/goldbellvn.ifdemo.com\/shop\/"},{"@type":"ListItem","position":3,"name":"RB16-25N3(H)(X)"}]},{"@type":"WebSite","@id":"https:\/\/goldbellvn.ifdemo.com\/#website","url":"https:\/\/goldbellvn.ifdemo.com\/","name":"Goldbell","description":"","publisher":{"@id":"https:\/\/goldbellvn.ifdemo.com\/#organization"},"potentialAction":[{"@type":"SearchAction","target":{"@type":"EntryPoint","urlTemplate":"https:\/\/goldbellvn.ifdemo.com\/?s={search_term_string}"},"query-input":{"@type":"PropertyValueSpecification","valueRequired":true,"valueName":"search_term_string"}}],"inLanguage":"vi"},{"@type":"Organization","@id":"https:\/\/goldbellvn.ifdemo.com\/#organization","name":"Goldbell","url":"https:\/\/goldbellvn.ifdemo.com\/","logo":{"@type":"ImageObject","inLanguage":"vi","@id":"https:\/\/goldbellvn.ifdemo.com\/#\/schema\/logo\/image\/","url":"https:\/\/goldbellvn.ifdemo.com\/wp-content\/uploads\/2025\/09\/logo.svg","contentUrl":"https:\/\/goldbellvn.ifdemo.com\/wp-content\/uploads\/2025\/09\/logo.svg","width":18,"height":23,"caption":"Goldbell"},"image":{"@id":"https:\/\/goldbellvn.ifdemo.com\/#\/schema\/logo\/image\/"}}]}},"_links":{"self":[{"href":"https:\/\/goldbellvn.ifdemo.com\/vi\/wp-json\/wp\/v2\/product\/2019","targetHints":{"allow":["GET"]}}],"collection":[{"href":"https:\/\/goldbellvn.ifdemo.com\/vi\/wp-json\/wp\/v2\/product"}],"about":[{"href":"https:\/\/goldbellvn.ifdemo.com\/vi\/wp-json\/wp\/v2\/types\/product"}],"wp:featuredmedia":[{"embeddable":true,"href":"https:\/\/goldbellvn.ifdemo.com\/vi\/wp-json\/wp\/v2\/media\/2195"}],"wp:attachment":[{"href":"https:\/\/goldbellvn.ifdemo.com\/vi\/wp-json\/wp\/v2\/media?parent=2019"}],"wp:term":[{"taxonomy":"model-type","embeddable":true,"href":"https:\/\/goldbellvn.ifdemo.com\/vi\/wp-json\/wp\/v2\/model-type?post=2019"},{"taxonomy":"product_brand","embeddable":true,"href":"https:\/\/goldbellvn.ifdemo.com\/vi\/wp-json\/wp\/v2\/product_brand?post=2019"},{"taxonomy":"product_cat","embeddable":true,"href":"https:\/\/goldbellvn.ifdemo.com\/vi\/wp-json\/wp\/v2\/product_cat?post=2019"},{"taxonomy":"product_tag","embeddable":true,"href":"https:\/\/goldbellvn.ifdemo.com\/vi\/wp-json\/wp\/v2\/product_tag?post=2019"}],"curies":[{"name":"wp","href":"https:\/\/api.w.org\/{rel}","templated":true}]}}