{"id":2022,"date":"2025-11-22T09:23:10","date_gmt":"2025-11-22T09:23:10","guid":{"rendered":"https:\/\/goldbell.123websitedev.com\/?post_type=product&#038;p=2022"},"modified":"2026-01-05T16:40:41","modified_gmt":"2026-01-05T16:40:41","slug":"mitsubishi-forklift-stand-on-double-deep-reach-truck-edr18n2ln","status":"publish","type":"product","link":"https:\/\/goldbellvn.ifdemo.com\/vi\/san-pham\/mitsubishi-forklift-stand-on-double-deep-reach-truck-edr18n2ln\/","title":{"rendered":"EDR18(N2)(LN)"},"content":{"rendered":"<ul>\n<li>Kh\u1ea3 n\u0103ng x\u1eed l\u00fd t\u1ea3i s\u00e2u v\u1edbi l\u1ed1i \u0111i x\u1ebfp ch\u1ed3ng g\u00f3c h\u1eb9p<\/li>\n<li>Hi\u1ec7u su\u1ea5t h\u00e0ng \u0111\u1ea7u trong ng\u00e0nh v\u1edbi t\u1ed1c \u0111\u1ed9 n\u00e2ng v\u00e0 di chuy\u1ec3n v\u01b0\u1ee3t tr\u1ed9i<\/li>\n<li>Ti\u1ebft ki\u1ec7m n\u0103ng l\u01b0\u1ee3ng, \u0111\u1ea1t n\u0103ng su\u1ea5t cao v\u1edbi t\u1ed1i \u0111a hai ca l\u00e0m vi\u1ec7c cho m\u1ed7i l\u1ea7n s\u1ea1c<\/li>\n<li>Chi\u1ec1u cao n\u00e2ng l\u00ean \u0111\u1ebfn 11 m\u00e9t v\u1edbi kh\u1ea3 n\u0103ng gi\u1eef t\u1ea3i v\u01b0\u1ee3t tr\u1ed9i<\/li>\n<li>H\u1ec7 th\u1ed1ng l\u00e1i \u0111i\u1ec7n t\u1eed 360 \u0111\u1ed9 ph\u1ea3n h\u1ed3i nhanh v\u1edbi \u0111i\u1ec1u khi\u1ec3n tr\u1ef1c qua<\/li>\n<li>S\u00e0n \u0111\u1ee9ng thi\u1ebft k\u1ebf c\u00f4ng th\u00e1i h\u1ecdc<\/li>\n<\/ul>","protected":false},"excerpt":{"rendered":"<p>Deep load handling capability with tight angle stacking aisle dimension Industry leading performance with superior lift &amp; travel speed Energy efficient achieves higher productivity up to two shifts per charge Reaches up to 11 meters with superior capacity retention Responsive 360 degrees electronic power steering with intuitive controls Ergonomic designed standing platform for maximal comfort<\/p>","protected":false},"featured_media":2202,"template":"","meta":{"_acf_changed":false,"inline_featured_image":false},"model-type":[49,53],"product_brand":[29],"product_cat":[31,57],"product_tag":[],"class_list":{"0":"post-2022","1":"product","2":"type-product","3":"status-publish","4":"has-post-thumbnail","6":"model-type-electric","7":"model-type-reach-truck","8":"product_brand-mitsubishi","9":"product_cat-electric-forklifts","10":"product_cat-reach-trucks","12":"first","13":"instock","14":"shipping-taxable","15":"purchasable","16":"product-type-simple"},"acf":[],"yoast_head":"<!-- This site is optimized with the Yoast SEO Premium plugin v25.6 (Yoast SEO v25.6) - https:\/\/yoast.com\/wordpress\/plugins\/seo\/ -->\n<title>EDR18(N2)(LN) - Goldbell<\/title>\n<meta name=\"description\" content=\"Deep load handling capability with tight angle stacking aisle dimensionIndustry leading performance with superior lift &amp; travel speed\" \/>\n<meta name=\"robots\" content=\"noindex, follow, max-snippet:-1, max-image-preview:large, max-video-preview:-1\" \/>\n<meta property=\"og:locale\" content=\"vi_VN\" \/>\n<meta property=\"og:type\" content=\"article\" \/>\n<meta property=\"og:title\" content=\"EDR18(N2)(LN)\" \/>\n<meta property=\"og:description\" content=\"Deep load handling capability with tight angle stacking aisle dimensionIndustry leading performance with superior lift &amp; travel speed\" \/>\n<meta property=\"og:url\" content=\"https:\/\/goldbellvn.ifdemo.com\/vi\/san-pham\/mitsubishi-forklift-stand-on-double-deep-reach-truck-edr18n2ln\/\" \/>\n<meta property=\"og:site_name\" content=\"Goldbell\" \/>\n<meta property=\"article:modified_time\" content=\"2026-01-05T16:40:41+00:00\" \/>\n<meta property=\"og:image\" content=\"https:\/\/goldbellvn.ifdemo.com\/wp-content\/uploads\/2025\/11\/1.-EDR18N2.webp\" \/>\n\t<meta property=\"og:image:width\" content=\"1000\" \/>\n\t<meta property=\"og:image:height\" content=\"850\" \/>\n\t<meta property=\"og:image:type\" content=\"image\/webp\" \/>\n<meta name=\"twitter:card\" content=\"summary_large_image\" \/>\n<meta name=\"twitter:label1\" content=\"\u01af\u1edbc t\u00ednh th\u1eddi gian \u0111\u1ecdc\" \/>\n\t<meta name=\"twitter:data1\" content=\"1 ph\u00fat\" \/>\n<script type=\"application\/ld+json\" class=\"yoast-schema-graph\">{\"@context\":\"https:\/\/schema.org\",\"@graph\":[{\"@type\":\"WebPage\",\"@id\":\"https:\/\/goldbellvn.ifdemo.com\/product\/mitsubishi-forklift-stand-on-double-deep-reach-truck-edr18n2ln\/\",\"url\":\"https:\/\/goldbellvn.ifdemo.com\/product\/mitsubishi-forklift-stand-on-double-deep-reach-truck-edr18n2ln\/\",\"name\":\"EDR18(N2)(LN) - Goldbell\",\"isPartOf\":{\"@id\":\"https:\/\/goldbellvn.ifdemo.com\/#website\"},\"primaryImageOfPage\":{\"@id\":\"https:\/\/goldbellvn.ifdemo.com\/product\/mitsubishi-forklift-stand-on-double-deep-reach-truck-edr18n2ln\/#primaryimage\"},\"image\":{\"@id\":\"https:\/\/goldbellvn.ifdemo.com\/product\/mitsubishi-forklift-stand-on-double-deep-reach-truck-edr18n2ln\/#primaryimage\"},\"thumbnailUrl\":\"https:\/\/goldbellvn.ifdemo.com\/wp-content\/uploads\/2025\/11\/1.-EDR18N2.webp\",\"datePublished\":\"2025-11-22T09:23:10+00:00\",\"dateModified\":\"2026-01-05T16:40:41+00:00\",\"description\":\"Deep load handling capability with tight angle stacking aisle dimensionIndustry leading performance with superior lift & travel speed\",\"breadcrumb\":{\"@id\":\"https:\/\/goldbellvn.ifdemo.com\/product\/mitsubishi-forklift-stand-on-double-deep-reach-truck-edr18n2ln\/#breadcrumb\"},\"inLanguage\":\"vi\",\"potentialAction\":[{\"@type\":\"ReadAction\",\"target\":[\"https:\/\/goldbellvn.ifdemo.com\/product\/mitsubishi-forklift-stand-on-double-deep-reach-truck-edr18n2ln\/\"]}]},{\"@type\":\"ImageObject\",\"inLanguage\":\"vi\",\"@id\":\"https:\/\/goldbellvn.ifdemo.com\/product\/mitsubishi-forklift-stand-on-double-deep-reach-truck-edr18n2ln\/#primaryimage\",\"url\":\"https:\/\/goldbellvn.ifdemo.com\/wp-content\/uploads\/2025\/11\/1.-EDR18N2.webp\",\"contentUrl\":\"https:\/\/goldbellvn.ifdemo.com\/wp-content\/uploads\/2025\/11\/1.-EDR18N2.webp\",\"width\":1000,\"height\":850},{\"@type\":\"BreadcrumbList\",\"@id\":\"https:\/\/goldbellvn.ifdemo.com\/product\/mitsubishi-forklift-stand-on-double-deep-reach-truck-edr18n2ln\/#breadcrumb\",\"itemListElement\":[{\"@type\":\"ListItem\",\"position\":1,\"name\":\"Home\",\"item\":\"https:\/\/goldbellvn.ifdemo.com\/\"},{\"@type\":\"ListItem\",\"position\":2,\"name\":\"Products\",\"item\":\"https:\/\/goldbellvn.ifdemo.com\/shop\/\"},{\"@type\":\"ListItem\",\"position\":3,\"name\":\"EDR18(N2)(LN)\"}]},{\"@type\":\"WebSite\",\"@id\":\"https:\/\/goldbellvn.ifdemo.com\/#website\",\"url\":\"https:\/\/goldbellvn.ifdemo.com\/\",\"name\":\"Goldbell\",\"description\":\"\",\"publisher\":{\"@id\":\"https:\/\/goldbellvn.ifdemo.com\/#organization\"},\"potentialAction\":[{\"@type\":\"SearchAction\",\"target\":{\"@type\":\"EntryPoint\",\"urlTemplate\":\"https:\/\/goldbellvn.ifdemo.com\/?s={search_term_string}\"},\"query-input\":{\"@type\":\"PropertyValueSpecification\",\"valueRequired\":true,\"valueName\":\"search_term_string\"}}],\"inLanguage\":\"vi\"},{\"@type\":\"Organization\",\"@id\":\"https:\/\/goldbellvn.ifdemo.com\/#organization\",\"name\":\"Goldbell\",\"url\":\"https:\/\/goldbellvn.ifdemo.com\/\",\"logo\":{\"@type\":\"ImageObject\",\"inLanguage\":\"vi\",\"@id\":\"https:\/\/goldbellvn.ifdemo.com\/#\/schema\/logo\/image\/\",\"url\":\"https:\/\/goldbellvn.ifdemo.com\/wp-content\/uploads\/2025\/09\/logo.svg\",\"contentUrl\":\"https:\/\/goldbellvn.ifdemo.com\/wp-content\/uploads\/2025\/09\/logo.svg\",\"width\":18,\"height\":23,\"caption\":\"Goldbell\"},\"image\":{\"@id\":\"https:\/\/goldbellvn.ifdemo.com\/#\/schema\/logo\/image\/\"}}]}<\/script>\n<!-- \/ Yoast SEO Premium plugin. -->","yoast_head_json":{"title":"EDR18(N2)(LN) - Goldbell","description":"Deep load handling capability with tight angle stacking aisle dimensionIndustry leading performance with superior lift & travel speed","robots":{"index":"noindex","follow":"follow","max-snippet":"max-snippet:-1","max-image-preview":"max-image-preview:large","max-video-preview":"max-video-preview:-1"},"og_locale":"vi_VN","og_type":"article","og_title":"EDR18(N2)(LN)","og_description":"Deep load handling capability with tight angle stacking aisle dimensionIndustry leading performance with superior lift & travel speed","og_url":"https:\/\/goldbellvn.ifdemo.com\/vi\/san-pham\/mitsubishi-forklift-stand-on-double-deep-reach-truck-edr18n2ln\/","og_site_name":"Goldbell","article_modified_time":"2026-01-05T16:40:41+00:00","og_image":[{"width":1000,"height":850,"url":"https:\/\/goldbellvn.ifdemo.com\/wp-content\/uploads\/2025\/11\/1.-EDR18N2.webp","type":"image\/webp"}],"twitter_card":"summary_large_image","twitter_misc":{"\u01af\u1edbc t\u00ednh th\u1eddi gian \u0111\u1ecdc":"1 ph\u00fat"},"schema":{"@context":"https:\/\/schema.org","@graph":[{"@type":"WebPage","@id":"https:\/\/goldbellvn.ifdemo.com\/product\/mitsubishi-forklift-stand-on-double-deep-reach-truck-edr18n2ln\/","url":"https:\/\/goldbellvn.ifdemo.com\/product\/mitsubishi-forklift-stand-on-double-deep-reach-truck-edr18n2ln\/","name":"EDR18(N2)(LN) - Goldbell","isPartOf":{"@id":"https:\/\/goldbellvn.ifdemo.com\/#website"},"primaryImageOfPage":{"@id":"https:\/\/goldbellvn.ifdemo.com\/product\/mitsubishi-forklift-stand-on-double-deep-reach-truck-edr18n2ln\/#primaryimage"},"image":{"@id":"https:\/\/goldbellvn.ifdemo.com\/product\/mitsubishi-forklift-stand-on-double-deep-reach-truck-edr18n2ln\/#primaryimage"},"thumbnailUrl":"https:\/\/goldbellvn.ifdemo.com\/wp-content\/uploads\/2025\/11\/1.-EDR18N2.webp","datePublished":"2025-11-22T09:23:10+00:00","dateModified":"2026-01-05T16:40:41+00:00","description":"Deep load handling capability with tight angle stacking aisle dimensionIndustry leading performance with superior lift & travel speed","breadcrumb":{"@id":"https:\/\/goldbellvn.ifdemo.com\/product\/mitsubishi-forklift-stand-on-double-deep-reach-truck-edr18n2ln\/#breadcrumb"},"inLanguage":"vi","potentialAction":[{"@type":"ReadAction","target":["https:\/\/goldbellvn.ifdemo.com\/product\/mitsubishi-forklift-stand-on-double-deep-reach-truck-edr18n2ln\/"]}]},{"@type":"ImageObject","inLanguage":"vi","@id":"https:\/\/goldbellvn.ifdemo.com\/product\/mitsubishi-forklift-stand-on-double-deep-reach-truck-edr18n2ln\/#primaryimage","url":"https:\/\/goldbellvn.ifdemo.com\/wp-content\/uploads\/2025\/11\/1.-EDR18N2.webp","contentUrl":"https:\/\/goldbellvn.ifdemo.com\/wp-content\/uploads\/2025\/11\/1.-EDR18N2.webp","width":1000,"height":850},{"@type":"BreadcrumbList","@id":"https:\/\/goldbellvn.ifdemo.com\/product\/mitsubishi-forklift-stand-on-double-deep-reach-truck-edr18n2ln\/#breadcrumb","itemListElement":[{"@type":"ListItem","position":1,"name":"Home","item":"https:\/\/goldbellvn.ifdemo.com\/"},{"@type":"ListItem","position":2,"name":"Products","item":"https:\/\/goldbellvn.ifdemo.com\/shop\/"},{"@type":"ListItem","position":3,"name":"EDR18(N2)(LN)"}]},{"@type":"WebSite","@id":"https:\/\/goldbellvn.ifdemo.com\/#website","url":"https:\/\/goldbellvn.ifdemo.com\/","name":"Goldbell","description":"","publisher":{"@id":"https:\/\/goldbellvn.ifdemo.com\/#organization"},"potentialAction":[{"@type":"SearchAction","target":{"@type":"EntryPoint","urlTemplate":"https:\/\/goldbellvn.ifdemo.com\/?s={search_term_string}"},"query-input":{"@type":"PropertyValueSpecification","valueRequired":true,"valueName":"search_term_string"}}],"inLanguage":"vi"},{"@type":"Organization","@id":"https:\/\/goldbellvn.ifdemo.com\/#organization","name":"Goldbell","url":"https:\/\/goldbellvn.ifdemo.com\/","logo":{"@type":"ImageObject","inLanguage":"vi","@id":"https:\/\/goldbellvn.ifdemo.com\/#\/schema\/logo\/image\/","url":"https:\/\/goldbellvn.ifdemo.com\/wp-content\/uploads\/2025\/09\/logo.svg","contentUrl":"https:\/\/goldbellvn.ifdemo.com\/wp-content\/uploads\/2025\/09\/logo.svg","width":18,"height":23,"caption":"Goldbell"},"image":{"@id":"https:\/\/goldbellvn.ifdemo.com\/#\/schema\/logo\/image\/"}}]}},"_links":{"self":[{"href":"https:\/\/goldbellvn.ifdemo.com\/vi\/wp-json\/wp\/v2\/product\/2022","targetHints":{"allow":["GET"]}}],"collection":[{"href":"https:\/\/goldbellvn.ifdemo.com\/vi\/wp-json\/wp\/v2\/product"}],"about":[{"href":"https:\/\/goldbellvn.ifdemo.com\/vi\/wp-json\/wp\/v2\/types\/product"}],"wp:featuredmedia":[{"embeddable":true,"href":"https:\/\/goldbellvn.ifdemo.com\/vi\/wp-json\/wp\/v2\/media\/2202"}],"wp:attachment":[{"href":"https:\/\/goldbellvn.ifdemo.com\/vi\/wp-json\/wp\/v2\/media?parent=2022"}],"wp:term":[{"taxonomy":"model-type","embeddable":true,"href":"https:\/\/goldbellvn.ifdemo.com\/vi\/wp-json\/wp\/v2\/model-type?post=2022"},{"taxonomy":"product_brand","embeddable":true,"href":"https:\/\/goldbellvn.ifdemo.com\/vi\/wp-json\/wp\/v2\/product_brand?post=2022"},{"taxonomy":"product_cat","embeddable":true,"href":"https:\/\/goldbellvn.ifdemo.com\/vi\/wp-json\/wp\/v2\/product_cat?post=2022"},{"taxonomy":"product_tag","embeddable":true,"href":"https:\/\/goldbellvn.ifdemo.com\/vi\/wp-json\/wp\/v2\/product_tag?post=2022"}],"curies":[{"name":"wp","href":"https:\/\/api.w.org\/{rel}","templated":true}]}}