{"id":2023,"date":"2025-11-22T09:24:57","date_gmt":"2025-11-22T09:24:57","guid":{"rendered":"https:\/\/goldbell.123websitedev.com\/?post_type=product&#038;p=2023"},"modified":"2026-01-05T16:40:08","modified_gmt":"2026-01-05T16:40:08","slug":"mitsubishi-forklift-pedestrian-power-pallet-truck-pbp16-20n3re","status":"publish","type":"product","link":"https:\/\/goldbellvn.ifdemo.com\/vi\/san-pham\/mitsubishi-forklift-pedestrian-power-pallet-truck-pbp16-20n3re\/","title":{"rendered":"PBP16-20N3(R)(E)"},"content":{"rendered":"<ul>\n<li><strong>\u0110\u1ed9ng c\u01a1 truy\u1ec1n \u0111\u1ed9ng AC m\u1ea1nh m\u1ebd<\/strong><br \/>\nMang l\u1ea1i l\u1ef1c k\u00e9o v\u00e0 kh\u1ea3 n\u0103ng leo d\u1ed1c v\u01b0\u1ee3t tr\u1ed9i, v\u1eadn h\u00e0nh \u00eam \u00e1i, y\u00ean t\u0129nh v\u00e0 c\u00f3 ki\u1ec3m so\u00e1t, k\u00e9o d\u00e0i th\u1eddi gian l\u00e0m vi\u1ec7c trong ca v\u00e0 gi\u1ea3m nhu c\u1ea7u b\u1ea3o tr\u00ec.<\/li>\n<li><strong>Chi\u1ec1u cao n\u00e2ng d\u1eabn \u0111\u1ea7u th\u1ecb tr\u01b0\u1eddng l\u00ean \u0111\u1ebfn 220mm<\/strong><br \/>\nPh\u00f9 h\u1ee3p l\u00fd t\u01b0\u1edfng khi v\u1eadn h\u00e0nh tr\u00ean d\u1ed1c cao, t\u1ea1i khu v\u1ef1c b\u1ed1c d\u1ee1 h\u00e0ng v\u00e0 b\u1ec1 m\u1eb7t kh\u00f4ng b\u1eb1ng ph\u1eb3ng, k\u1ec3 c\u1ea3 khi s\u1eed d\u1ee5ng pallet t\u00e1i ch\u1ebf.<\/li>\n<li><strong>C\u1ea7n \u0111i\u1ec1u khi\u1ec3n d\u1ec5 v\u1eadn h\u00e0nh<\/strong><br \/>\nC\u00e1c n\u00fat b\u1ea5m l\u1edbn gi\u00fap thao t\u00e1c thu\u1eadn ti\u1ec7n, d\u1ec5 s\u1eed d\u1ee5ng.<\/li>\n<li><strong>B\u00e1n k\u00ednh quay nh\u1ecf<\/strong><br \/>\nK\u1ebft h\u1ee3p v\u1edbi khung g\u1ea7m nh\u1ecf g\u1ecdn gi\u00fap xe v\u1eadn h\u00e0nh t\u1ed1t trong kh\u00f4ng gian h\u1eb9p, t\u1ed1i \u01b0u h\u00f3a vi\u1ec7c s\u1eed d\u1ee5ng di\u1ec7n t\u00edch kho.<\/li>\n<\/ul>","protected":false},"excerpt":{"rendered":"<p>Powerful AC drive motor Excellent traction and ramp performance, smooth, quiet, controlled operation, extended shift length and lower maintenance requirements. Market-leading lift height of 220mm Ideal for handling on steep ramps, loading docks and uneven surfaces, even when using recycled pallets. Easy-to-operate tiller arm Its large buttons mean operators can focus on the task in [&hellip;]<\/p>","protected":false},"featured_media":2207,"template":"","meta":{"_acf_changed":false,"inline_featured_image":false},"model-type":[49,54],"product_brand":[29],"product_cat":[31,26],"product_tag":[],"class_list":{"0":"post-2023","1":"product","2":"type-product","3":"status-publish","4":"has-post-thumbnail","6":"model-type-electric","7":"model-type-pallet-truck","8":"product_brand-mitsubishi","9":"product_cat-electric-forklifts","10":"product_cat-pallet-trucks","12":"first","13":"instock","14":"shipping-taxable","15":"purchasable","16":"product-type-simple"},"acf":[],"yoast_head":"<!-- This site is optimized with the Yoast SEO Premium plugin v25.6 (Yoast SEO v25.6) - https:\/\/yoast.com\/wordpress\/plugins\/seo\/ -->\n<title>PBP16-20N3(R)(E) - Goldbell<\/title>\n<meta name=\"description\" content=\"Powerful AC drive motorExcellent traction and ramp performance, smooth, quiet, controlled operation, extended shift length and lower maintenance requirements\" \/>\n<meta name=\"robots\" content=\"noindex, follow, max-snippet:-1, max-image-preview:large, max-video-preview:-1\" \/>\n<meta property=\"og:locale\" content=\"vi_VN\" \/>\n<meta property=\"og:type\" content=\"article\" \/>\n<meta property=\"og:title\" content=\"PBP16-20N3(R)(E)\" \/>\n<meta property=\"og:description\" content=\"Powerful AC drive motorExcellent traction and ramp performance, smooth, quiet, controlled operation, extended shift length and lower maintenance requirements\" \/>\n<meta property=\"og:url\" content=\"https:\/\/goldbellvn.ifdemo.com\/vi\/san-pham\/mitsubishi-forklift-pedestrian-power-pallet-truck-pbp16-20n3re\/\" \/>\n<meta property=\"og:site_name\" content=\"Goldbell\" \/>\n<meta property=\"article:modified_time\" content=\"2026-01-05T16:40:08+00:00\" \/>\n<meta property=\"og:image\" content=\"https:\/\/goldbellvn.ifdemo.com\/wp-content\/uploads\/2025\/11\/PBP16N1.webp\" \/>\n\t<meta property=\"og:image:width\" content=\"1000\" \/>\n\t<meta property=\"og:image:height\" content=\"850\" \/>\n\t<meta property=\"og:image:type\" content=\"image\/webp\" \/>\n<meta name=\"twitter:card\" content=\"summary_large_image\" \/>\n<meta name=\"twitter:label1\" content=\"\u01af\u1edbc t\u00ednh th\u1eddi gian \u0111\u1ecdc\" \/>\n\t<meta name=\"twitter:data1\" content=\"1 ph\u00fat\" \/>\n<script type=\"application\/ld+json\" class=\"yoast-schema-graph\">{\"@context\":\"https:\/\/schema.org\",\"@graph\":[{\"@type\":\"WebPage\",\"@id\":\"https:\/\/goldbellvn.ifdemo.com\/product\/mitsubishi-forklift-pedestrian-power-pallet-truck-pbp16-20n3re\/\",\"url\":\"https:\/\/goldbellvn.ifdemo.com\/product\/mitsubishi-forklift-pedestrian-power-pallet-truck-pbp16-20n3re\/\",\"name\":\"PBP16-20N3(R)(E) - Goldbell\",\"isPartOf\":{\"@id\":\"https:\/\/goldbellvn.ifdemo.com\/#website\"},\"primaryImageOfPage\":{\"@id\":\"https:\/\/goldbellvn.ifdemo.com\/product\/mitsubishi-forklift-pedestrian-power-pallet-truck-pbp16-20n3re\/#primaryimage\"},\"image\":{\"@id\":\"https:\/\/goldbellvn.ifdemo.com\/product\/mitsubishi-forklift-pedestrian-power-pallet-truck-pbp16-20n3re\/#primaryimage\"},\"thumbnailUrl\":\"https:\/\/goldbellvn.ifdemo.com\/wp-content\/uploads\/2025\/11\/PBP16N1.webp\",\"datePublished\":\"2025-11-22T09:24:57+00:00\",\"dateModified\":\"2026-01-05T16:40:08+00:00\",\"description\":\"Powerful AC drive motorExcellent traction and ramp performance, smooth, quiet, controlled operation, extended shift length and lower maintenance requirements\",\"breadcrumb\":{\"@id\":\"https:\/\/goldbellvn.ifdemo.com\/product\/mitsubishi-forklift-pedestrian-power-pallet-truck-pbp16-20n3re\/#breadcrumb\"},\"inLanguage\":\"vi\",\"potentialAction\":[{\"@type\":\"ReadAction\",\"target\":[\"https:\/\/goldbellvn.ifdemo.com\/product\/mitsubishi-forklift-pedestrian-power-pallet-truck-pbp16-20n3re\/\"]}]},{\"@type\":\"ImageObject\",\"inLanguage\":\"vi\",\"@id\":\"https:\/\/goldbellvn.ifdemo.com\/product\/mitsubishi-forklift-pedestrian-power-pallet-truck-pbp16-20n3re\/#primaryimage\",\"url\":\"https:\/\/goldbellvn.ifdemo.com\/wp-content\/uploads\/2025\/11\/PBP16N1.webp\",\"contentUrl\":\"https:\/\/goldbellvn.ifdemo.com\/wp-content\/uploads\/2025\/11\/PBP16N1.webp\",\"width\":1000,\"height\":850},{\"@type\":\"BreadcrumbList\",\"@id\":\"https:\/\/goldbellvn.ifdemo.com\/product\/mitsubishi-forklift-pedestrian-power-pallet-truck-pbp16-20n3re\/#breadcrumb\",\"itemListElement\":[{\"@type\":\"ListItem\",\"position\":1,\"name\":\"Home\",\"item\":\"https:\/\/goldbellvn.ifdemo.com\/\"},{\"@type\":\"ListItem\",\"position\":2,\"name\":\"Products\",\"item\":\"https:\/\/goldbellvn.ifdemo.com\/shop\/\"},{\"@type\":\"ListItem\",\"position\":3,\"name\":\"PBP16-20N3(R)(E)\"}]},{\"@type\":\"WebSite\",\"@id\":\"https:\/\/goldbellvn.ifdemo.com\/#website\",\"url\":\"https:\/\/goldbellvn.ifdemo.com\/\",\"name\":\"Goldbell\",\"description\":\"\",\"publisher\":{\"@id\":\"https:\/\/goldbellvn.ifdemo.com\/#organization\"},\"potentialAction\":[{\"@type\":\"SearchAction\",\"target\":{\"@type\":\"EntryPoint\",\"urlTemplate\":\"https:\/\/goldbellvn.ifdemo.com\/?s={search_term_string}\"},\"query-input\":{\"@type\":\"PropertyValueSpecification\",\"valueRequired\":true,\"valueName\":\"search_term_string\"}}],\"inLanguage\":\"vi\"},{\"@type\":\"Organization\",\"@id\":\"https:\/\/goldbellvn.ifdemo.com\/#organization\",\"name\":\"Goldbell\",\"url\":\"https:\/\/goldbellvn.ifdemo.com\/\",\"logo\":{\"@type\":\"ImageObject\",\"inLanguage\":\"vi\",\"@id\":\"https:\/\/goldbellvn.ifdemo.com\/#\/schema\/logo\/image\/\",\"url\":\"https:\/\/goldbellvn.ifdemo.com\/wp-content\/uploads\/2025\/09\/logo.svg\",\"contentUrl\":\"https:\/\/goldbellvn.ifdemo.com\/wp-content\/uploads\/2025\/09\/logo.svg\",\"width\":18,\"height\":23,\"caption\":\"Goldbell\"},\"image\":{\"@id\":\"https:\/\/goldbellvn.ifdemo.com\/#\/schema\/logo\/image\/\"}}]}<\/script>\n<!-- \/ Yoast SEO Premium plugin. -->","yoast_head_json":{"title":"PBP16-20N3(R)(E) - Goldbell","description":"Powerful AC drive motorExcellent traction and ramp performance, smooth, quiet, controlled operation, extended shift length and lower maintenance requirements","robots":{"index":"noindex","follow":"follow","max-snippet":"max-snippet:-1","max-image-preview":"max-image-preview:large","max-video-preview":"max-video-preview:-1"},"og_locale":"vi_VN","og_type":"article","og_title":"PBP16-20N3(R)(E)","og_description":"Powerful AC drive motorExcellent traction and ramp performance, smooth, quiet, controlled operation, extended shift length and lower maintenance requirements","og_url":"https:\/\/goldbellvn.ifdemo.com\/vi\/san-pham\/mitsubishi-forklift-pedestrian-power-pallet-truck-pbp16-20n3re\/","og_site_name":"Goldbell","article_modified_time":"2026-01-05T16:40:08+00:00","og_image":[{"width":1000,"height":850,"url":"https:\/\/goldbellvn.ifdemo.com\/wp-content\/uploads\/2025\/11\/PBP16N1.webp","type":"image\/webp"}],"twitter_card":"summary_large_image","twitter_misc":{"\u01af\u1edbc t\u00ednh th\u1eddi gian \u0111\u1ecdc":"1 ph\u00fat"},"schema":{"@context":"https:\/\/schema.org","@graph":[{"@type":"WebPage","@id":"https:\/\/goldbellvn.ifdemo.com\/product\/mitsubishi-forklift-pedestrian-power-pallet-truck-pbp16-20n3re\/","url":"https:\/\/goldbellvn.ifdemo.com\/product\/mitsubishi-forklift-pedestrian-power-pallet-truck-pbp16-20n3re\/","name":"PBP16-20N3(R)(E) - Goldbell","isPartOf":{"@id":"https:\/\/goldbellvn.ifdemo.com\/#website"},"primaryImageOfPage":{"@id":"https:\/\/goldbellvn.ifdemo.com\/product\/mitsubishi-forklift-pedestrian-power-pallet-truck-pbp16-20n3re\/#primaryimage"},"image":{"@id":"https:\/\/goldbellvn.ifdemo.com\/product\/mitsubishi-forklift-pedestrian-power-pallet-truck-pbp16-20n3re\/#primaryimage"},"thumbnailUrl":"https:\/\/goldbellvn.ifdemo.com\/wp-content\/uploads\/2025\/11\/PBP16N1.webp","datePublished":"2025-11-22T09:24:57+00:00","dateModified":"2026-01-05T16:40:08+00:00","description":"Powerful AC drive motorExcellent traction and ramp performance, smooth, quiet, controlled operation, extended shift length and lower maintenance requirements","breadcrumb":{"@id":"https:\/\/goldbellvn.ifdemo.com\/product\/mitsubishi-forklift-pedestrian-power-pallet-truck-pbp16-20n3re\/#breadcrumb"},"inLanguage":"vi","potentialAction":[{"@type":"ReadAction","target":["https:\/\/goldbellvn.ifdemo.com\/product\/mitsubishi-forklift-pedestrian-power-pallet-truck-pbp16-20n3re\/"]}]},{"@type":"ImageObject","inLanguage":"vi","@id":"https:\/\/goldbellvn.ifdemo.com\/product\/mitsubishi-forklift-pedestrian-power-pallet-truck-pbp16-20n3re\/#primaryimage","url":"https:\/\/goldbellvn.ifdemo.com\/wp-content\/uploads\/2025\/11\/PBP16N1.webp","contentUrl":"https:\/\/goldbellvn.ifdemo.com\/wp-content\/uploads\/2025\/11\/PBP16N1.webp","width":1000,"height":850},{"@type":"BreadcrumbList","@id":"https:\/\/goldbellvn.ifdemo.com\/product\/mitsubishi-forklift-pedestrian-power-pallet-truck-pbp16-20n3re\/#breadcrumb","itemListElement":[{"@type":"ListItem","position":1,"name":"Home","item":"https:\/\/goldbellvn.ifdemo.com\/"},{"@type":"ListItem","position":2,"name":"Products","item":"https:\/\/goldbellvn.ifdemo.com\/shop\/"},{"@type":"ListItem","position":3,"name":"PBP16-20N3(R)(E)"}]},{"@type":"WebSite","@id":"https:\/\/goldbellvn.ifdemo.com\/#website","url":"https:\/\/goldbellvn.ifdemo.com\/","name":"Goldbell","description":"","publisher":{"@id":"https:\/\/goldbellvn.ifdemo.com\/#organization"},"potentialAction":[{"@type":"SearchAction","target":{"@type":"EntryPoint","urlTemplate":"https:\/\/goldbellvn.ifdemo.com\/?s={search_term_string}"},"query-input":{"@type":"PropertyValueSpecification","valueRequired":true,"valueName":"search_term_string"}}],"inLanguage":"vi"},{"@type":"Organization","@id":"https:\/\/goldbellvn.ifdemo.com\/#organization","name":"Goldbell","url":"https:\/\/goldbellvn.ifdemo.com\/","logo":{"@type":"ImageObject","inLanguage":"vi","@id":"https:\/\/goldbellvn.ifdemo.com\/#\/schema\/logo\/image\/","url":"https:\/\/goldbellvn.ifdemo.com\/wp-content\/uploads\/2025\/09\/logo.svg","contentUrl":"https:\/\/goldbellvn.ifdemo.com\/wp-content\/uploads\/2025\/09\/logo.svg","width":18,"height":23,"caption":"Goldbell"},"image":{"@id":"https:\/\/goldbellvn.ifdemo.com\/#\/schema\/logo\/image\/"}}]}},"_links":{"self":[{"href":"https:\/\/goldbellvn.ifdemo.com\/vi\/wp-json\/wp\/v2\/product\/2023","targetHints":{"allow":["GET"]}}],"collection":[{"href":"https:\/\/goldbellvn.ifdemo.com\/vi\/wp-json\/wp\/v2\/product"}],"about":[{"href":"https:\/\/goldbellvn.ifdemo.com\/vi\/wp-json\/wp\/v2\/types\/product"}],"wp:featuredmedia":[{"embeddable":true,"href":"https:\/\/goldbellvn.ifdemo.com\/vi\/wp-json\/wp\/v2\/media\/2207"}],"wp:attachment":[{"href":"https:\/\/goldbellvn.ifdemo.com\/vi\/wp-json\/wp\/v2\/media?parent=2023"}],"wp:term":[{"taxonomy":"model-type","embeddable":true,"href":"https:\/\/goldbellvn.ifdemo.com\/vi\/wp-json\/wp\/v2\/model-type?post=2023"},{"taxonomy":"product_brand","embeddable":true,"href":"https:\/\/goldbellvn.ifdemo.com\/vi\/wp-json\/wp\/v2\/product_brand?post=2023"},{"taxonomy":"product_cat","embeddable":true,"href":"https:\/\/goldbellvn.ifdemo.com\/vi\/wp-json\/wp\/v2\/product_cat?post=2023"},{"taxonomy":"product_tag","embeddable":true,"href":"https:\/\/goldbellvn.ifdemo.com\/vi\/wp-json\/wp\/v2\/product_tag?post=2023"}],"curies":[{"name":"wp","href":"https:\/\/api.w.org\/{rel}","templated":true}]}}