{"id":2026,"date":"2025-11-22T09:32:23","date_gmt":"2025-11-22T09:32:23","guid":{"rendered":"https:\/\/goldbell.123websitedev.com\/?post_type=product&#038;p=2026"},"modified":"2026-03-24T23:17:02","modified_gmt":"2026-03-24T16:17:02","slug":"mitsubishi-forklift-pedestrian-stacker-sbp10-16n3irs","status":"publish","type":"product","link":"https:\/\/goldbellvn.ifdemo.com\/vi\/san-pham\/mitsubishi-forklift-pedestrian-stacker-sbp10-16n3irs\/","title":{"rendered":"SBP10-16N3(I)(R)(S)"},"content":{"rendered":"<ul>\n<li><strong>C\u00e0ng n\u00e2ng thu\u00f4n\u00a0<\/strong><br \/>\nVi\u1ec7c ti\u1ebfp c\u1eadn pallet trong k\u1ec7 ho\u1eb7c x\u1ebfp ch\u1ed3ng kh\u1ed1i tr\u1edf n\u00ean d\u1ec5 d\u00e0ng, nhanh ch\u00f3ng v\u00e0 an to\u00e0n h\u01a1n.<\/li>\n<li><strong>C\u00e0ng n\u00e2ng ch\u1eafc ch\u1eafn\u00a0<\/strong><br \/>\nK\u1ebft c\u1ea5u h\u00e0n b\u1ec1n v\u1eefng v\u1edbi \u0111\u1ea7u c\u00e0ng bo tr\u00f2n gi\u00fap \u0111\u01b0a v\u00e0o pallet m\u1ed9t c\u00e1ch nh\u1eb9 nh\u00e0ng, thu\u1eadn ti\u1ec7n.<\/li>\n<li><strong>B\u00e1n k\u00ednh quay nh\u1ecf\u00a0<\/strong><br \/>\nK\u1ebft h\u1ee3p v\u1edbi khung g\u1ea7m nh\u1ecf g\u1ecdn gi\u00fap xe v\u1eadn h\u00e0nh t\u1ed1t trong kh\u00f4ng gian h\u1eb9p, t\u1ed1i \u01b0u h\u00f3a vi\u1ec7c s\u1eed d\u1ee5ng di\u1ec7n t\u00edch kho.<\/li>\n<li><strong>\u0110\u1ed9ng c\u01a1 truy\u1ec1n \u0111\u1ed9ng AC m\u1ea1nh m\u1ebd<\/strong><br \/>\nMang l\u1ea1i l\u1ef1c k\u00e9o v\u00e0 kh\u1ea3 n\u0103ng leo d\u1ed1c v\u01b0\u1ee3t tr\u1ed9i, v\u1eadn h\u00e0nh \u00eam \u00e1i, y\u00ean t\u0129nh v\u00e0 c\u00f3 ki\u1ec3m so\u00e1t, k\u00e9o d\u00e0i th\u1eddi gian l\u00e0m vi\u1ec7c trong ca v\u00e0 gi\u1ea3m nhu c\u1ea7u b\u1ea3o tr\u00ec.<\/li>\n<\/ul>","protected":false},"excerpt":{"rendered":"<p>Tapered forks\u00a0 Access to pallets in racks or block stacks is easier, quicker and safer. Robust forks\u00a0 Strong welded construction with rounded tips for effortless pallet entry. Small turning circle\u00a0 Combine this with the compact chassis and operation is possible in tight areas allowing for optimised use of warehouse space. Powerful AC drive motor Excellent [&hellip;]<\/p>","protected":false},"featured_media":3146,"template":"","meta":{"_acf_changed":false,"inline_featured_image":false},"model-type":[49,55],"product_brand":[29],"product_cat":[31,58],"product_tag":[],"class_list":{"0":"post-2026","1":"product","2":"type-product","3":"status-publish","4":"has-post-thumbnail","6":"model-type-electric","7":"model-type-stackers","8":"product_brand-mitsubishi","9":"product_cat-electric-forklifts","10":"product_cat-stackers","12":"first","13":"instock","14":"shipping-taxable","15":"purchasable","16":"product-type-simple"},"acf":[],"yoast_head":"<!-- This site is optimized with the Yoast SEO Premium plugin v25.6 (Yoast SEO v25.6) - https:\/\/yoast.com\/wordpress\/plugins\/seo\/ -->\n<title>SBP10-16N3(I)(R)(S) - Goldbell<\/title>\n<meta name=\"description\" content=\"Access to pallets in racks or block stacks is easier, quicker and safer.\" \/>\n<meta name=\"robots\" content=\"noindex, follow, max-snippet:-1, max-image-preview:large, max-video-preview:-1\" \/>\n<meta property=\"og:locale\" content=\"vi_VN\" \/>\n<meta property=\"og:type\" content=\"article\" \/>\n<meta property=\"og:title\" content=\"SBP10-16N3(I)(R)(S)\" \/>\n<meta property=\"og:description\" content=\"Access to pallets in racks or block stacks is easier, quicker and safer.\" \/>\n<meta property=\"og:url\" content=\"https:\/\/goldbellvn.ifdemo.com\/vi\/san-pham\/mitsubishi-forklift-pedestrian-stacker-sbp10-16n3irs\/\" \/>\n<meta property=\"og:site_name\" content=\"Goldbell\" \/>\n<meta property=\"article:modified_time\" content=\"2026-03-24T16:17:02+00:00\" \/>\n<meta property=\"og:image\" content=\"https:\/\/goldbellvn.ifdemo.com\/wp-content\/uploads\/2025\/11\/SBP10-16N3IRS.jpg\" \/>\n\t<meta property=\"og:image:width\" content=\"621\" \/>\n\t<meta property=\"og:image:height\" content=\"1024\" \/>\n\t<meta property=\"og:image:type\" content=\"image\/jpeg\" \/>\n<meta name=\"twitter:card\" content=\"summary_large_image\" \/>\n<meta name=\"twitter:label1\" content=\"\u01af\u1edbc t\u00ednh th\u1eddi gian \u0111\u1ecdc\" \/>\n\t<meta name=\"twitter:data1\" content=\"1 ph\u00fat\" \/>\n<script type=\"application\/ld+json\" class=\"yoast-schema-graph\">{\"@context\":\"https:\/\/schema.org\",\"@graph\":[{\"@type\":\"WebPage\",\"@id\":\"https:\/\/goldbellvn.ifdemo.com\/product\/mitsubishi-forklift-pedestrian-stacker-sbp10-16n3irs\/\",\"url\":\"https:\/\/goldbellvn.ifdemo.com\/product\/mitsubishi-forklift-pedestrian-stacker-sbp10-16n3irs\/\",\"name\":\"SBP10-16N3(I)(R)(S) - Goldbell\",\"isPartOf\":{\"@id\":\"https:\/\/goldbellvn.ifdemo.com\/#website\"},\"primaryImageOfPage\":{\"@id\":\"https:\/\/goldbellvn.ifdemo.com\/product\/mitsubishi-forklift-pedestrian-stacker-sbp10-16n3irs\/#primaryimage\"},\"image\":{\"@id\":\"https:\/\/goldbellvn.ifdemo.com\/product\/mitsubishi-forklift-pedestrian-stacker-sbp10-16n3irs\/#primaryimage\"},\"thumbnailUrl\":\"https:\/\/goldbellvn.ifdemo.com\/wp-content\/uploads\/2025\/11\/SBP10-16N3IRS.jpg\",\"datePublished\":\"2025-11-22T09:32:23+00:00\",\"dateModified\":\"2026-03-24T16:17:02+00:00\",\"description\":\"Access to pallets in racks or block stacks is easier, quicker and safer.\",\"breadcrumb\":{\"@id\":\"https:\/\/goldbellvn.ifdemo.com\/product\/mitsubishi-forklift-pedestrian-stacker-sbp10-16n3irs\/#breadcrumb\"},\"inLanguage\":\"vi\",\"potentialAction\":[{\"@type\":\"ReadAction\",\"target\":[\"https:\/\/goldbellvn.ifdemo.com\/product\/mitsubishi-forklift-pedestrian-stacker-sbp10-16n3irs\/\"]}]},{\"@type\":\"ImageObject\",\"inLanguage\":\"vi\",\"@id\":\"https:\/\/goldbellvn.ifdemo.com\/product\/mitsubishi-forklift-pedestrian-stacker-sbp10-16n3irs\/#primaryimage\",\"url\":\"https:\/\/goldbellvn.ifdemo.com\/wp-content\/uploads\/2025\/11\/SBP10-16N3IRS.jpg\",\"contentUrl\":\"https:\/\/goldbellvn.ifdemo.com\/wp-content\/uploads\/2025\/11\/SBP10-16N3IRS.jpg\",\"width\":621,\"height\":1024},{\"@type\":\"BreadcrumbList\",\"@id\":\"https:\/\/goldbellvn.ifdemo.com\/product\/mitsubishi-forklift-pedestrian-stacker-sbp10-16n3irs\/#breadcrumb\",\"itemListElement\":[{\"@type\":\"ListItem\",\"position\":1,\"name\":\"Home\",\"item\":\"https:\/\/goldbellvn.ifdemo.com\/\"},{\"@type\":\"ListItem\",\"position\":2,\"name\":\"Products\",\"item\":\"https:\/\/goldbellvn.ifdemo.com\/shop\/\"},{\"@type\":\"ListItem\",\"position\":3,\"name\":\"SBP10-16N3(I)(R)(S)\"}]},{\"@type\":\"WebSite\",\"@id\":\"https:\/\/goldbellvn.ifdemo.com\/#website\",\"url\":\"https:\/\/goldbellvn.ifdemo.com\/\",\"name\":\"Goldbell\",\"description\":\"\",\"publisher\":{\"@id\":\"https:\/\/goldbellvn.ifdemo.com\/#organization\"},\"potentialAction\":[{\"@type\":\"SearchAction\",\"target\":{\"@type\":\"EntryPoint\",\"urlTemplate\":\"https:\/\/goldbellvn.ifdemo.com\/?s={search_term_string}\"},\"query-input\":{\"@type\":\"PropertyValueSpecification\",\"valueRequired\":true,\"valueName\":\"search_term_string\"}}],\"inLanguage\":\"vi\"},{\"@type\":\"Organization\",\"@id\":\"https:\/\/goldbellvn.ifdemo.com\/#organization\",\"name\":\"Goldbell\",\"url\":\"https:\/\/goldbellvn.ifdemo.com\/\",\"logo\":{\"@type\":\"ImageObject\",\"inLanguage\":\"vi\",\"@id\":\"https:\/\/goldbellvn.ifdemo.com\/#\/schema\/logo\/image\/\",\"url\":\"https:\/\/goldbellvn.ifdemo.com\/wp-content\/uploads\/2025\/09\/logo.svg\",\"contentUrl\":\"https:\/\/goldbellvn.ifdemo.com\/wp-content\/uploads\/2025\/09\/logo.svg\",\"width\":18,\"height\":23,\"caption\":\"Goldbell\"},\"image\":{\"@id\":\"https:\/\/goldbellvn.ifdemo.com\/#\/schema\/logo\/image\/\"}}]}<\/script>\n<!-- \/ Yoast SEO Premium plugin. -->","yoast_head_json":{"title":"SBP10-16N3(I)(R)(S) - Goldbell","description":"Access to pallets in racks or block stacks is easier, quicker and safer.","robots":{"index":"noindex","follow":"follow","max-snippet":"max-snippet:-1","max-image-preview":"max-image-preview:large","max-video-preview":"max-video-preview:-1"},"og_locale":"vi_VN","og_type":"article","og_title":"SBP10-16N3(I)(R)(S)","og_description":"Access to pallets in racks or block stacks is easier, quicker and safer.","og_url":"https:\/\/goldbellvn.ifdemo.com\/vi\/san-pham\/mitsubishi-forklift-pedestrian-stacker-sbp10-16n3irs\/","og_site_name":"Goldbell","article_modified_time":"2026-03-24T16:17:02+00:00","og_image":[{"width":621,"height":1024,"url":"https:\/\/goldbellvn.ifdemo.com\/wp-content\/uploads\/2025\/11\/SBP10-16N3IRS.jpg","type":"image\/jpeg"}],"twitter_card":"summary_large_image","twitter_misc":{"\u01af\u1edbc t\u00ednh th\u1eddi gian \u0111\u1ecdc":"1 ph\u00fat"},"schema":{"@context":"https:\/\/schema.org","@graph":[{"@type":"WebPage","@id":"https:\/\/goldbellvn.ifdemo.com\/product\/mitsubishi-forklift-pedestrian-stacker-sbp10-16n3irs\/","url":"https:\/\/goldbellvn.ifdemo.com\/product\/mitsubishi-forklift-pedestrian-stacker-sbp10-16n3irs\/","name":"SBP10-16N3(I)(R)(S) - Goldbell","isPartOf":{"@id":"https:\/\/goldbellvn.ifdemo.com\/#website"},"primaryImageOfPage":{"@id":"https:\/\/goldbellvn.ifdemo.com\/product\/mitsubishi-forklift-pedestrian-stacker-sbp10-16n3irs\/#primaryimage"},"image":{"@id":"https:\/\/goldbellvn.ifdemo.com\/product\/mitsubishi-forklift-pedestrian-stacker-sbp10-16n3irs\/#primaryimage"},"thumbnailUrl":"https:\/\/goldbellvn.ifdemo.com\/wp-content\/uploads\/2025\/11\/SBP10-16N3IRS.jpg","datePublished":"2025-11-22T09:32:23+00:00","dateModified":"2026-03-24T16:17:02+00:00","description":"Access to pallets in racks or block stacks is easier, quicker and safer.","breadcrumb":{"@id":"https:\/\/goldbellvn.ifdemo.com\/product\/mitsubishi-forklift-pedestrian-stacker-sbp10-16n3irs\/#breadcrumb"},"inLanguage":"vi","potentialAction":[{"@type":"ReadAction","target":["https:\/\/goldbellvn.ifdemo.com\/product\/mitsubishi-forklift-pedestrian-stacker-sbp10-16n3irs\/"]}]},{"@type":"ImageObject","inLanguage":"vi","@id":"https:\/\/goldbellvn.ifdemo.com\/product\/mitsubishi-forklift-pedestrian-stacker-sbp10-16n3irs\/#primaryimage","url":"https:\/\/goldbellvn.ifdemo.com\/wp-content\/uploads\/2025\/11\/SBP10-16N3IRS.jpg","contentUrl":"https:\/\/goldbellvn.ifdemo.com\/wp-content\/uploads\/2025\/11\/SBP10-16N3IRS.jpg","width":621,"height":1024},{"@type":"BreadcrumbList","@id":"https:\/\/goldbellvn.ifdemo.com\/product\/mitsubishi-forklift-pedestrian-stacker-sbp10-16n3irs\/#breadcrumb","itemListElement":[{"@type":"ListItem","position":1,"name":"Home","item":"https:\/\/goldbellvn.ifdemo.com\/"},{"@type":"ListItem","position":2,"name":"Products","item":"https:\/\/goldbellvn.ifdemo.com\/shop\/"},{"@type":"ListItem","position":3,"name":"SBP10-16N3(I)(R)(S)"}]},{"@type":"WebSite","@id":"https:\/\/goldbellvn.ifdemo.com\/#website","url":"https:\/\/goldbellvn.ifdemo.com\/","name":"Goldbell","description":"","publisher":{"@id":"https:\/\/goldbellvn.ifdemo.com\/#organization"},"potentialAction":[{"@type":"SearchAction","target":{"@type":"EntryPoint","urlTemplate":"https:\/\/goldbellvn.ifdemo.com\/?s={search_term_string}"},"query-input":{"@type":"PropertyValueSpecification","valueRequired":true,"valueName":"search_term_string"}}],"inLanguage":"vi"},{"@type":"Organization","@id":"https:\/\/goldbellvn.ifdemo.com\/#organization","name":"Goldbell","url":"https:\/\/goldbellvn.ifdemo.com\/","logo":{"@type":"ImageObject","inLanguage":"vi","@id":"https:\/\/goldbellvn.ifdemo.com\/#\/schema\/logo\/image\/","url":"https:\/\/goldbellvn.ifdemo.com\/wp-content\/uploads\/2025\/09\/logo.svg","contentUrl":"https:\/\/goldbellvn.ifdemo.com\/wp-content\/uploads\/2025\/09\/logo.svg","width":18,"height":23,"caption":"Goldbell"},"image":{"@id":"https:\/\/goldbellvn.ifdemo.com\/#\/schema\/logo\/image\/"}}]}},"_links":{"self":[{"href":"https:\/\/goldbellvn.ifdemo.com\/vi\/wp-json\/wp\/v2\/product\/2026","targetHints":{"allow":["GET"]}}],"collection":[{"href":"https:\/\/goldbellvn.ifdemo.com\/vi\/wp-json\/wp\/v2\/product"}],"about":[{"href":"https:\/\/goldbellvn.ifdemo.com\/vi\/wp-json\/wp\/v2\/types\/product"}],"wp:featuredmedia":[{"embeddable":true,"href":"https:\/\/goldbellvn.ifdemo.com\/vi\/wp-json\/wp\/v2\/media\/3146"}],"wp:attachment":[{"href":"https:\/\/goldbellvn.ifdemo.com\/vi\/wp-json\/wp\/v2\/media?parent=2026"}],"wp:term":[{"taxonomy":"model-type","embeddable":true,"href":"https:\/\/goldbellvn.ifdemo.com\/vi\/wp-json\/wp\/v2\/model-type?post=2026"},{"taxonomy":"product_brand","embeddable":true,"href":"https:\/\/goldbellvn.ifdemo.com\/vi\/wp-json\/wp\/v2\/product_brand?post=2026"},{"taxonomy":"product_cat","embeddable":true,"href":"https:\/\/goldbellvn.ifdemo.com\/vi\/wp-json\/wp\/v2\/product_cat?post=2026"},{"taxonomy":"product_tag","embeddable":true,"href":"https:\/\/goldbellvn.ifdemo.com\/vi\/wp-json\/wp\/v2\/product_tag?post=2026"}],"curies":[{"name":"wp","href":"https:\/\/api.w.org\/{rel}","templated":true}]}}