{"id":2027,"date":"2025-11-22T09:34:38","date_gmt":"2025-11-22T09:34:38","guid":{"rendered":"https:\/\/goldbell.123websitedev.com\/?post_type=product&#038;p=2027"},"modified":"2026-03-24T23:15:59","modified_gmt":"2026-03-24T16:15:59","slug":"mitsubishi-forklift-platform-stacker-sbv-sbf12-16n3isrs","status":"publish","type":"product","link":"https:\/\/goldbellvn.ifdemo.com\/vi\/san-pham\/mitsubishi-forklift-platform-stacker-sbv-sbf12-16n3isrs\/","title":{"rendered":"SBV\/SBF12-16N3(I)(S)(R)(S)"},"content":{"rendered":"<ul>\n<li>\u0110\u1ed9ng c\u01a1 truy\u1ec1n \u0111\u1ed9ng AC m\u1ea1nh m\u1ebd \u2013 mang l\u1ea1i l\u1ef1c k\u00e9o v\u01b0\u1ee3t tr\u1ed9i, v\u1eadn h\u00e0nh \u00eam \u00e1i, y\u00ean t\u0129nh v\u00e0 c\u00f3 ki\u1ec3m so\u00e1t, k\u00e9o d\u00e0i th\u1eddi gian l\u00e0m vi\u1ec7c trong ca v\u00e0 gi\u1ea3m nhu c\u1ea7u b\u1ea3o tr\u00ec.<\/li>\n<li>B\u00e1nh xe truy\u1ec1n \u0111\u1ed9ng k\u00edch th\u01b0\u1edbc l\u1edbn \u2013 b\u00e1n k\u00ednh l\u1edbn h\u01a1n gi\u00fap t\u0103ng tu\u1ed5i th\u1ecd b\u00e1nh xe, \u0111\u1ed3ng th\u1eddi gi\u1ea3m rung khi di chuy\u1ec3n tr\u00ean b\u1ec1 m\u1eb7t kh\u00f4ng b\u1eb1ng ph\u1eb3ng, mang l\u1ea1i c\u1ea3m gi\u00e1c l\u00e1i tho\u1ea3i m\u00e1i h\u01a1n.<\/li>\n<li>Tay \u0111i\u1ec1u khi\u1ec3n ErgoSteer thi\u1ebft k\u1ebf c\u00f4ng th\u00e1i h\u1ecdc \u2013 \u0111\u1ea7u tay \u0111i\u1ec1u khi\u1ec3n ch\u1ecbu va \u0111\u1eadp t\u1ed1t h\u00e0ng \u0111\u1ea7u, c\u00e1c n\u00fat b\u1ea5m l\u1edbn, d\u1ec5 thao t\u00e1c \u0111\u01b0\u1ee3c b\u1ed1 tr\u00ed theo kho\u1ea3ng c\u00e1ch c\u00f4ng th\u00e1i h\u1ecdc \u0111\u00e3 \u0111\u01b0\u1ee3c c\u1ea5p b\u1eb1ng s\u00e1ng ch\u1ebf, gi\u00fap gi\u1ea3m m\u1ec7t m\u1ecfi v\u00e0 t\u0103ng \u0111\u1ed9 an to\u00e0n khi v\u1eadn h\u00e0nh. \u0110\u1ea1t chu\u1ea9n ch\u1ed1ng n\u01b0\u1edbc\/b\u1ee5i IP65.<\/li>\n<li>S\u00e0n gi\u1ea3m ch\u1ea5n \u2013 c\u00e1c s\u00e0n g\u1eadp v\u00e0 s\u00e0n l\u00ean xu\u1ed1ng b\u00ean h\u00f4ng\/ph\u00eda sau \u0111\u01b0\u1ee3c trang b\u1ecb gi\u1ea3m ch\u1ea5n gi\u00fap h\u1ea1n ch\u1ebf rung \u0111\u1ed9ng v\u00e0 va \u0111\u1eadp, t\u0103ng s\u1ef1 tho\u1ea3i m\u00e1i cho ng\u01b0\u1eddi v\u1eadn h\u00e0nh.<\/li>\n<li>C\u00e0ng n\u00e2ng ch\u1eafc ch\u1eafn, thi\u1ebft k\u1ebf thu\u00f4n \u2013 k\u1ebft c\u1ea5u h\u00e0n b\u1ec1n v\u1eefng v\u1edbi \u0111\u1ea7u c\u00e0ng v\u00e1t nh\u1ecdn gi\u00fap ti\u1ebfp c\u1eadn pallet d\u1ec5 d\u00e0ng. Vi\u1ec7c l\u1ea5y pallet trong k\u1ec7 ho\u1eb7c x\u1ebfp ch\u1ed3ng kh\u1ed1i tr\u1edf n\u00ean nhanh ch\u00f3ng, an to\u00e0n v\u00e0 thu\u1eadn ti\u1ec7n h\u01a1n.<\/li>\n<\/ul>","protected":false},"excerpt":{"rendered":"<p>Powerful AC drive motor\u00a0&#8211;\u00a0Excellent traction, smooth, quiet, controlled operation, extended shift length and lower maintenance requirements. Large drive wheel\u00a0&#8211; Increased radius extends the life of the wheel and reduces vibration on uneven surfaces for a more comfortable drive. Ergonomic ErgoSteer tiller head\u00a0&#8211; Best-in-class, impact-resistant tiller head with large, easy-to-reach buttons placed at a patented ergonomic [&hellip;]<\/p>","protected":false},"featured_media":3145,"template":"","meta":{"_acf_changed":false,"inline_featured_image":false},"model-type":[49,55],"product_brand":[29],"product_cat":[31,58],"product_tag":[],"class_list":{"0":"post-2027","1":"product","2":"type-product","3":"status-publish","4":"has-post-thumbnail","6":"model-type-electric","7":"model-type-stackers","8":"product_brand-mitsubishi","9":"product_cat-electric-forklifts","10":"product_cat-stackers","12":"first","13":"instock","14":"shipping-taxable","15":"purchasable","16":"product-type-simple"},"acf":[],"yoast_head":"<!-- This site is optimized with the Yoast SEO Premium plugin v25.6 (Yoast SEO v25.6) - https:\/\/yoast.com\/wordpress\/plugins\/seo\/ -->\n<title>SBV\/SBF12-16N3(I)(S)(R)(S) - Goldbell<\/title>\n<meta name=\"description\" content=\"Powerful AC drive motor\u00a0-\u00a0Excellent traction, smooth, quiet, controlled operation, extended shift length and lower maintenance requirements.\" \/>\n<meta name=\"robots\" content=\"noindex, follow, max-snippet:-1, max-image-preview:large, max-video-preview:-1\" \/>\n<meta property=\"og:locale\" content=\"vi_VN\" \/>\n<meta property=\"og:type\" content=\"article\" \/>\n<meta property=\"og:title\" content=\"SBV\/SBF12-16N3(I)(S)(R)(S)\" \/>\n<meta property=\"og:description\" content=\"Powerful AC drive motor\u00a0-\u00a0Excellent traction, smooth, quiet, controlled operation, extended shift length and lower maintenance requirements.\" \/>\n<meta property=\"og:url\" content=\"https:\/\/goldbellvn.ifdemo.com\/vi\/san-pham\/mitsubishi-forklift-platform-stacker-sbv-sbf12-16n3isrs\/\" \/>\n<meta property=\"og:site_name\" content=\"Goldbell\" \/>\n<meta property=\"article:modified_time\" content=\"2026-03-24T16:15:59+00:00\" \/>\n<meta property=\"og:image\" content=\"https:\/\/goldbellvn.ifdemo.com\/wp-content\/uploads\/2025\/11\/SBV-SBF12-16N3.jpg\" \/>\n\t<meta property=\"og:image:width\" content=\"1024\" \/>\n\t<meta property=\"og:image:height\" content=\"862\" \/>\n\t<meta property=\"og:image:type\" content=\"image\/jpeg\" \/>\n<meta name=\"twitter:card\" content=\"summary_large_image\" \/>\n<meta name=\"twitter:label1\" content=\"\u01af\u1edbc t\u00ednh th\u1eddi gian \u0111\u1ecdc\" \/>\n\t<meta name=\"twitter:data1\" content=\"1 ph\u00fat\" \/>\n<script type=\"application\/ld+json\" class=\"yoast-schema-graph\">{\"@context\":\"https:\/\/schema.org\",\"@graph\":[{\"@type\":\"WebPage\",\"@id\":\"https:\/\/goldbellvn.ifdemo.com\/product\/mitsubishi-forklift-platform-stacker-sbv-sbf12-16n3isrs\/\",\"url\":\"https:\/\/goldbellvn.ifdemo.com\/product\/mitsubishi-forklift-platform-stacker-sbv-sbf12-16n3isrs\/\",\"name\":\"SBV\/SBF12-16N3(I)(S)(R)(S) - Goldbell\",\"isPartOf\":{\"@id\":\"https:\/\/goldbellvn.ifdemo.com\/#website\"},\"primaryImageOfPage\":{\"@id\":\"https:\/\/goldbellvn.ifdemo.com\/product\/mitsubishi-forklift-platform-stacker-sbv-sbf12-16n3isrs\/#primaryimage\"},\"image\":{\"@id\":\"https:\/\/goldbellvn.ifdemo.com\/product\/mitsubishi-forklift-platform-stacker-sbv-sbf12-16n3isrs\/#primaryimage\"},\"thumbnailUrl\":\"https:\/\/goldbellvn.ifdemo.com\/wp-content\/uploads\/2025\/11\/SBV-SBF12-16N3.jpg\",\"datePublished\":\"2025-11-22T09:34:38+00:00\",\"dateModified\":\"2026-03-24T16:15:59+00:00\",\"description\":\"Powerful AC drive motor\u00a0-\u00a0Excellent traction, smooth, quiet, controlled operation, extended shift length and lower maintenance requirements.\",\"breadcrumb\":{\"@id\":\"https:\/\/goldbellvn.ifdemo.com\/product\/mitsubishi-forklift-platform-stacker-sbv-sbf12-16n3isrs\/#breadcrumb\"},\"inLanguage\":\"vi\",\"potentialAction\":[{\"@type\":\"ReadAction\",\"target\":[\"https:\/\/goldbellvn.ifdemo.com\/product\/mitsubishi-forklift-platform-stacker-sbv-sbf12-16n3isrs\/\"]}]},{\"@type\":\"ImageObject\",\"inLanguage\":\"vi\",\"@id\":\"https:\/\/goldbellvn.ifdemo.com\/product\/mitsubishi-forklift-platform-stacker-sbv-sbf12-16n3isrs\/#primaryimage\",\"url\":\"https:\/\/goldbellvn.ifdemo.com\/wp-content\/uploads\/2025\/11\/SBV-SBF12-16N3.jpg\",\"contentUrl\":\"https:\/\/goldbellvn.ifdemo.com\/wp-content\/uploads\/2025\/11\/SBV-SBF12-16N3.jpg\",\"width\":1024,\"height\":862},{\"@type\":\"BreadcrumbList\",\"@id\":\"https:\/\/goldbellvn.ifdemo.com\/product\/mitsubishi-forklift-platform-stacker-sbv-sbf12-16n3isrs\/#breadcrumb\",\"itemListElement\":[{\"@type\":\"ListItem\",\"position\":1,\"name\":\"Home\",\"item\":\"https:\/\/goldbellvn.ifdemo.com\/\"},{\"@type\":\"ListItem\",\"position\":2,\"name\":\"Products\",\"item\":\"https:\/\/goldbellvn.ifdemo.com\/shop\/\"},{\"@type\":\"ListItem\",\"position\":3,\"name\":\"SBV\/SBF12-16N3(I)(S)(R)(S)\"}]},{\"@type\":\"WebSite\",\"@id\":\"https:\/\/goldbellvn.ifdemo.com\/#website\",\"url\":\"https:\/\/goldbellvn.ifdemo.com\/\",\"name\":\"Goldbell\",\"description\":\"\",\"publisher\":{\"@id\":\"https:\/\/goldbellvn.ifdemo.com\/#organization\"},\"potentialAction\":[{\"@type\":\"SearchAction\",\"target\":{\"@type\":\"EntryPoint\",\"urlTemplate\":\"https:\/\/goldbellvn.ifdemo.com\/?s={search_term_string}\"},\"query-input\":{\"@type\":\"PropertyValueSpecification\",\"valueRequired\":true,\"valueName\":\"search_term_string\"}}],\"inLanguage\":\"vi\"},{\"@type\":\"Organization\",\"@id\":\"https:\/\/goldbellvn.ifdemo.com\/#organization\",\"name\":\"Goldbell\",\"url\":\"https:\/\/goldbellvn.ifdemo.com\/\",\"logo\":{\"@type\":\"ImageObject\",\"inLanguage\":\"vi\",\"@id\":\"https:\/\/goldbellvn.ifdemo.com\/#\/schema\/logo\/image\/\",\"url\":\"https:\/\/goldbellvn.ifdemo.com\/wp-content\/uploads\/2025\/09\/logo.svg\",\"contentUrl\":\"https:\/\/goldbellvn.ifdemo.com\/wp-content\/uploads\/2025\/09\/logo.svg\",\"width\":18,\"height\":23,\"caption\":\"Goldbell\"},\"image\":{\"@id\":\"https:\/\/goldbellvn.ifdemo.com\/#\/schema\/logo\/image\/\"}}]}<\/script>\n<!-- \/ Yoast SEO Premium plugin. -->","yoast_head_json":{"title":"SBV\/SBF12-16N3(I)(S)(R)(S) - Goldbell","description":"Powerful AC drive motor\u00a0-\u00a0Excellent traction, smooth, quiet, controlled operation, extended shift length and lower maintenance requirements.","robots":{"index":"noindex","follow":"follow","max-snippet":"max-snippet:-1","max-image-preview":"max-image-preview:large","max-video-preview":"max-video-preview:-1"},"og_locale":"vi_VN","og_type":"article","og_title":"SBV\/SBF12-16N3(I)(S)(R)(S)","og_description":"Powerful AC drive motor\u00a0-\u00a0Excellent traction, smooth, quiet, controlled operation, extended shift length and lower maintenance requirements.","og_url":"https:\/\/goldbellvn.ifdemo.com\/vi\/san-pham\/mitsubishi-forklift-platform-stacker-sbv-sbf12-16n3isrs\/","og_site_name":"Goldbell","article_modified_time":"2026-03-24T16:15:59+00:00","og_image":[{"width":1024,"height":862,"url":"https:\/\/goldbellvn.ifdemo.com\/wp-content\/uploads\/2025\/11\/SBV-SBF12-16N3.jpg","type":"image\/jpeg"}],"twitter_card":"summary_large_image","twitter_misc":{"\u01af\u1edbc t\u00ednh th\u1eddi gian \u0111\u1ecdc":"1 ph\u00fat"},"schema":{"@context":"https:\/\/schema.org","@graph":[{"@type":"WebPage","@id":"https:\/\/goldbellvn.ifdemo.com\/product\/mitsubishi-forklift-platform-stacker-sbv-sbf12-16n3isrs\/","url":"https:\/\/goldbellvn.ifdemo.com\/product\/mitsubishi-forklift-platform-stacker-sbv-sbf12-16n3isrs\/","name":"SBV\/SBF12-16N3(I)(S)(R)(S) - Goldbell","isPartOf":{"@id":"https:\/\/goldbellvn.ifdemo.com\/#website"},"primaryImageOfPage":{"@id":"https:\/\/goldbellvn.ifdemo.com\/product\/mitsubishi-forklift-platform-stacker-sbv-sbf12-16n3isrs\/#primaryimage"},"image":{"@id":"https:\/\/goldbellvn.ifdemo.com\/product\/mitsubishi-forklift-platform-stacker-sbv-sbf12-16n3isrs\/#primaryimage"},"thumbnailUrl":"https:\/\/goldbellvn.ifdemo.com\/wp-content\/uploads\/2025\/11\/SBV-SBF12-16N3.jpg","datePublished":"2025-11-22T09:34:38+00:00","dateModified":"2026-03-24T16:15:59+00:00","description":"Powerful AC drive motor\u00a0-\u00a0Excellent traction, smooth, quiet, controlled operation, extended shift length and lower maintenance requirements.","breadcrumb":{"@id":"https:\/\/goldbellvn.ifdemo.com\/product\/mitsubishi-forklift-platform-stacker-sbv-sbf12-16n3isrs\/#breadcrumb"},"inLanguage":"vi","potentialAction":[{"@type":"ReadAction","target":["https:\/\/goldbellvn.ifdemo.com\/product\/mitsubishi-forklift-platform-stacker-sbv-sbf12-16n3isrs\/"]}]},{"@type":"ImageObject","inLanguage":"vi","@id":"https:\/\/goldbellvn.ifdemo.com\/product\/mitsubishi-forklift-platform-stacker-sbv-sbf12-16n3isrs\/#primaryimage","url":"https:\/\/goldbellvn.ifdemo.com\/wp-content\/uploads\/2025\/11\/SBV-SBF12-16N3.jpg","contentUrl":"https:\/\/goldbellvn.ifdemo.com\/wp-content\/uploads\/2025\/11\/SBV-SBF12-16N3.jpg","width":1024,"height":862},{"@type":"BreadcrumbList","@id":"https:\/\/goldbellvn.ifdemo.com\/product\/mitsubishi-forklift-platform-stacker-sbv-sbf12-16n3isrs\/#breadcrumb","itemListElement":[{"@type":"ListItem","position":1,"name":"Home","item":"https:\/\/goldbellvn.ifdemo.com\/"},{"@type":"ListItem","position":2,"name":"Products","item":"https:\/\/goldbellvn.ifdemo.com\/shop\/"},{"@type":"ListItem","position":3,"name":"SBV\/SBF12-16N3(I)(S)(R)(S)"}]},{"@type":"WebSite","@id":"https:\/\/goldbellvn.ifdemo.com\/#website","url":"https:\/\/goldbellvn.ifdemo.com\/","name":"Goldbell","description":"","publisher":{"@id":"https:\/\/goldbellvn.ifdemo.com\/#organization"},"potentialAction":[{"@type":"SearchAction","target":{"@type":"EntryPoint","urlTemplate":"https:\/\/goldbellvn.ifdemo.com\/?s={search_term_string}"},"query-input":{"@type":"PropertyValueSpecification","valueRequired":true,"valueName":"search_term_string"}}],"inLanguage":"vi"},{"@type":"Organization","@id":"https:\/\/goldbellvn.ifdemo.com\/#organization","name":"Goldbell","url":"https:\/\/goldbellvn.ifdemo.com\/","logo":{"@type":"ImageObject","inLanguage":"vi","@id":"https:\/\/goldbellvn.ifdemo.com\/#\/schema\/logo\/image\/","url":"https:\/\/goldbellvn.ifdemo.com\/wp-content\/uploads\/2025\/09\/logo.svg","contentUrl":"https:\/\/goldbellvn.ifdemo.com\/wp-content\/uploads\/2025\/09\/logo.svg","width":18,"height":23,"caption":"Goldbell"},"image":{"@id":"https:\/\/goldbellvn.ifdemo.com\/#\/schema\/logo\/image\/"}}]}},"_links":{"self":[{"href":"https:\/\/goldbellvn.ifdemo.com\/vi\/wp-json\/wp\/v2\/product\/2027","targetHints":{"allow":["GET"]}}],"collection":[{"href":"https:\/\/goldbellvn.ifdemo.com\/vi\/wp-json\/wp\/v2\/product"}],"about":[{"href":"https:\/\/goldbellvn.ifdemo.com\/vi\/wp-json\/wp\/v2\/types\/product"}],"wp:featuredmedia":[{"embeddable":true,"href":"https:\/\/goldbellvn.ifdemo.com\/vi\/wp-json\/wp\/v2\/media\/3145"}],"wp:attachment":[{"href":"https:\/\/goldbellvn.ifdemo.com\/vi\/wp-json\/wp\/v2\/media?parent=2027"}],"wp:term":[{"taxonomy":"model-type","embeddable":true,"href":"https:\/\/goldbellvn.ifdemo.com\/vi\/wp-json\/wp\/v2\/model-type?post=2027"},{"taxonomy":"product_brand","embeddable":true,"href":"https:\/\/goldbellvn.ifdemo.com\/vi\/wp-json\/wp\/v2\/product_brand?post=2027"},{"taxonomy":"product_cat","embeddable":true,"href":"https:\/\/goldbellvn.ifdemo.com\/vi\/wp-json\/wp\/v2\/product_cat?post=2027"},{"taxonomy":"product_tag","embeddable":true,"href":"https:\/\/goldbellvn.ifdemo.com\/vi\/wp-json\/wp\/v2\/product_tag?post=2027"}],"curies":[{"name":"wp","href":"https:\/\/api.w.org\/{rel}","templated":true}]}}