{"id":2031,"date":"2025-11-22T09:45:00","date_gmt":"2025-11-22T09:45:00","guid":{"rendered":"https:\/\/goldbell.123websitedev.com\/?post_type=product&#038;p=2031"},"modified":"2026-03-24T23:12:42","modified_gmt":"2026-03-24T16:12:42","slug":"mitsubishi-forklift-high-level-order-pickers-opbh12ph","status":"publish","type":"product","link":"https:\/\/goldbellvn.ifdemo.com\/vi\/san-pham\/mitsubishi-forklift-high-level-order-pickers-opbh12ph\/","title":{"rendered":"OPBH12PH"},"content":{"rendered":"<ul>\n<li>Khung n\u00e2ng MaxVision v\u00e0 khung b\u1ea3o v\u1ec7 ph\u00eda tr\u00ean gi\u00fap t\u1ed1i \u0111a h\u00f3a t\u1ea7m nh\u00ecn c\u1ee7a ng\u01b0\u1eddi v\u1eadn h\u00e0nh, t\u0103ng n\u0103ng su\u1ea5t v\u00e0 \u0111\u1ed9 an to\u00e0n<\/li>\n<li>\u0110\u1ed9ng c\u01a1 AC m\u1ea1nh m\u1ebd cho t\u1ed1c \u0111\u1ed9 di chuy\u1ec3n v\u00e0 kh\u1ea3 n\u0103ng t\u0103ng t\u1ed1c cao ngay c\u1ea3 khi c\u00f3 t\u1ea3i, \u0111\u1ed3ng th\u1eddi v\u1eadn h\u00e0nh \u00eam \u00e1i, y\u00ean t\u0129nh, ki\u1ec3m so\u00e1t t\u1ed1t, k\u00e9o d\u00e0i th\u1eddi gian l\u00e0m vi\u1ec7c v\u00e0 gi\u1ea3m nhu c\u1ea7u b\u1ea3o tr\u00ec.<\/li>\n<li>Ch\u1ebf \u0111\u1ed9 ECO gi\u00fap gi\u1ea3m ti\u00eau th\u1ee5 n\u0103ng l\u01b0\u1ee3ng m\u00e0 kh\u00f4ng \u1ea3nh h\u01b0\u1edfng \u0111\u1ebfn hi\u1ec7u su\u1ea5t v\u1eadn h\u00e0nh.<\/li>\n<li>Khoang v\u1eadn h\u00e0nh d\u1ec5 ti\u1ebfp c\u1eadn, r\u1ed9ng r\u00e3i v\u1edbi l\u1ed1i l\u00ean xu\u1ed1ng si\u00eau r\u1ed9ng, gi\u00fap vi\u1ec7c l\u00ean xu\u1ed1ng xe nhanh ch\u00f3ng h\u01a1n.<\/li>\n<li>C\u1eeda h\u00f4ng MaxPro t\u00edch h\u1ee3p c\u1ea3m bi\u1ebfn t\u1ef1 \u0111\u1ed9ng, ng\u0103n kh\u00f4ng cho xe v\u1eadn h\u00e0nh kh\u00f4ng an to\u00e0n khi c\u1eeda m\u1edf \u1edf \u0111\u1ed9 cao tr\u00ean 1200 mm.<\/li>\n<\/ul>","protected":false},"excerpt":{"rendered":"<table style=\"border-collapse: collapse; width: 100%; height: 48px;\">\n<tbody>\n<tr style=\"height: 24px;\">\n<td style=\"width: 25%; height: 24px;\">Th\u01b0\u01a1ng hi\u1ec7u<\/td>\n<td style=\"width: 25%; height: 24px;\">S\u1ea3n ph\u1ea9m<\/td>\n<td style=\"width: 25%; height: 24px;\">Model<\/td>\n<td style=\"width: 25%; height: 24px;\">T\u1ea3i tr\u1ecdng t\u1ed1i \u0111a<\/td>\n<\/tr>\n<tr style=\"height: 24px;\">\n<td style=\"width: 25%; height: 24px;\">Mitsubishi<\/td>\n<td style=\"width: 25%; height: 24px;\">Xe n\u00e2ng \u0110i\u1ec7n<\/td>\n<td style=\"width: 25%; height: 24px;\">OPBH12PH<\/td>\n<td style=\"width: 25%; height: 24px;\">1250<\/td>\n<\/tr>\n<\/tbody>\n<\/table>","protected":false},"featured_media":3040,"template":"","meta":{"_acf_changed":false,"inline_featured_image":false},"model-type":[49,56],"product_brand":[29],"product_cat":[31,36],"product_tag":[],"class_list":{"0":"post-2031","1":"product","2":"type-product","3":"status-publish","4":"has-post-thumbnail","6":"model-type-electric","7":"model-type-order-picker","8":"product_brand-mitsubishi","9":"product_cat-electric-forklifts","10":"product_cat-order-pickers","12":"first","13":"instock","14":"shipping-taxable","15":"purchasable","16":"product-type-simple"},"acf":[],"yoast_head":"<!-- This site is optimized with the Yoast SEO Premium plugin v25.6 (Yoast SEO v25.6) - https:\/\/yoast.com\/wordpress\/plugins\/seo\/ -->\n<title>OPBH12PH - Goldbell<\/title>\n<meta name=\"description\" content=\"MaxVision mast and overhead guard maximizes operator field of vision for increased productivity and safety\" \/>\n<meta name=\"robots\" content=\"noindex, follow, max-snippet:-1, max-image-preview:large, max-video-preview:-1\" \/>\n<meta property=\"og:locale\" content=\"vi_VN\" \/>\n<meta property=\"og:type\" content=\"article\" \/>\n<meta property=\"og:title\" content=\"OPBH12PH\" \/>\n<meta property=\"og:description\" content=\"MaxVision mast and overhead guard maximizes operator field of vision for increased productivity and safety\" \/>\n<meta property=\"og:url\" content=\"https:\/\/goldbellvn.ifdemo.com\/vi\/san-pham\/mitsubishi-forklift-high-level-order-pickers-opbh12ph\/\" \/>\n<meta property=\"og:site_name\" content=\"Goldbell\" \/>\n<meta property=\"article:modified_time\" content=\"2026-03-24T16:12:42+00:00\" \/>\n<meta property=\"og:image\" content=\"https:\/\/goldbellvn.ifdemo.com\/wp-content\/uploads\/2025\/11\/OPBH12PH.jpg\" \/>\n\t<meta property=\"og:image:width\" content=\"1024\" \/>\n\t<meta property=\"og:image:height\" content=\"861\" \/>\n\t<meta property=\"og:image:type\" content=\"image\/jpeg\" \/>\n<meta name=\"twitter:card\" content=\"summary_large_image\" \/>\n<meta name=\"twitter:label1\" content=\"\u01af\u1edbc t\u00ednh th\u1eddi gian \u0111\u1ecdc\" \/>\n\t<meta name=\"twitter:data1\" content=\"1 ph\u00fat\" \/>\n<script type=\"application\/ld+json\" class=\"yoast-schema-graph\">{\"@context\":\"https:\/\/schema.org\",\"@graph\":[{\"@type\":\"WebPage\",\"@id\":\"https:\/\/goldbellvn.ifdemo.com\/product\/mitsubishi-forklift-high-level-order-pickers-opbh12ph\/\",\"url\":\"https:\/\/goldbellvn.ifdemo.com\/product\/mitsubishi-forklift-high-level-order-pickers-opbh12ph\/\",\"name\":\"OPBH12PH - Goldbell\",\"isPartOf\":{\"@id\":\"https:\/\/goldbellvn.ifdemo.com\/#website\"},\"primaryImageOfPage\":{\"@id\":\"https:\/\/goldbellvn.ifdemo.com\/product\/mitsubishi-forklift-high-level-order-pickers-opbh12ph\/#primaryimage\"},\"image\":{\"@id\":\"https:\/\/goldbellvn.ifdemo.com\/product\/mitsubishi-forklift-high-level-order-pickers-opbh12ph\/#primaryimage\"},\"thumbnailUrl\":\"https:\/\/goldbellvn.ifdemo.com\/wp-content\/uploads\/2025\/11\/OPBH12PH.jpg\",\"datePublished\":\"2025-11-22T09:45:00+00:00\",\"dateModified\":\"2026-03-24T16:12:42+00:00\",\"description\":\"MaxVision mast and overhead guard maximizes operator field of vision for increased productivity and safety\",\"breadcrumb\":{\"@id\":\"https:\/\/goldbellvn.ifdemo.com\/product\/mitsubishi-forklift-high-level-order-pickers-opbh12ph\/#breadcrumb\"},\"inLanguage\":\"vi\",\"potentialAction\":[{\"@type\":\"ReadAction\",\"target\":[\"https:\/\/goldbellvn.ifdemo.com\/product\/mitsubishi-forklift-high-level-order-pickers-opbh12ph\/\"]}]},{\"@type\":\"ImageObject\",\"inLanguage\":\"vi\",\"@id\":\"https:\/\/goldbellvn.ifdemo.com\/product\/mitsubishi-forklift-high-level-order-pickers-opbh12ph\/#primaryimage\",\"url\":\"https:\/\/goldbellvn.ifdemo.com\/wp-content\/uploads\/2025\/11\/OPBH12PH.jpg\",\"contentUrl\":\"https:\/\/goldbellvn.ifdemo.com\/wp-content\/uploads\/2025\/11\/OPBH12PH.jpg\",\"width\":1024,\"height\":861,\"caption\":\"UniCarriers_EPH_EPM_JPEG\"},{\"@type\":\"BreadcrumbList\",\"@id\":\"https:\/\/goldbellvn.ifdemo.com\/product\/mitsubishi-forklift-high-level-order-pickers-opbh12ph\/#breadcrumb\",\"itemListElement\":[{\"@type\":\"ListItem\",\"position\":1,\"name\":\"Home\",\"item\":\"https:\/\/goldbellvn.ifdemo.com\/\"},{\"@type\":\"ListItem\",\"position\":2,\"name\":\"Products\",\"item\":\"https:\/\/goldbellvn.ifdemo.com\/shop\/\"},{\"@type\":\"ListItem\",\"position\":3,\"name\":\"OPBH12PH\"}]},{\"@type\":\"WebSite\",\"@id\":\"https:\/\/goldbellvn.ifdemo.com\/#website\",\"url\":\"https:\/\/goldbellvn.ifdemo.com\/\",\"name\":\"Goldbell\",\"description\":\"\",\"publisher\":{\"@id\":\"https:\/\/goldbellvn.ifdemo.com\/#organization\"},\"potentialAction\":[{\"@type\":\"SearchAction\",\"target\":{\"@type\":\"EntryPoint\",\"urlTemplate\":\"https:\/\/goldbellvn.ifdemo.com\/?s={search_term_string}\"},\"query-input\":{\"@type\":\"PropertyValueSpecification\",\"valueRequired\":true,\"valueName\":\"search_term_string\"}}],\"inLanguage\":\"vi\"},{\"@type\":\"Organization\",\"@id\":\"https:\/\/goldbellvn.ifdemo.com\/#organization\",\"name\":\"Goldbell\",\"url\":\"https:\/\/goldbellvn.ifdemo.com\/\",\"logo\":{\"@type\":\"ImageObject\",\"inLanguage\":\"vi\",\"@id\":\"https:\/\/goldbellvn.ifdemo.com\/#\/schema\/logo\/image\/\",\"url\":\"https:\/\/goldbellvn.ifdemo.com\/wp-content\/uploads\/2025\/09\/logo.svg\",\"contentUrl\":\"https:\/\/goldbellvn.ifdemo.com\/wp-content\/uploads\/2025\/09\/logo.svg\",\"width\":18,\"height\":23,\"caption\":\"Goldbell\"},\"image\":{\"@id\":\"https:\/\/goldbellvn.ifdemo.com\/#\/schema\/logo\/image\/\"}}]}<\/script>\n<!-- \/ Yoast SEO Premium plugin. -->","yoast_head_json":{"title":"OPBH12PH - Goldbell","description":"MaxVision mast and overhead guard maximizes operator field of vision for increased productivity and safety","robots":{"index":"noindex","follow":"follow","max-snippet":"max-snippet:-1","max-image-preview":"max-image-preview:large","max-video-preview":"max-video-preview:-1"},"og_locale":"vi_VN","og_type":"article","og_title":"OPBH12PH","og_description":"MaxVision mast and overhead guard maximizes operator field of vision for increased productivity and safety","og_url":"https:\/\/goldbellvn.ifdemo.com\/vi\/san-pham\/mitsubishi-forklift-high-level-order-pickers-opbh12ph\/","og_site_name":"Goldbell","article_modified_time":"2026-03-24T16:12:42+00:00","og_image":[{"width":1024,"height":861,"url":"https:\/\/goldbellvn.ifdemo.com\/wp-content\/uploads\/2025\/11\/OPBH12PH.jpg","type":"image\/jpeg"}],"twitter_card":"summary_large_image","twitter_misc":{"\u01af\u1edbc t\u00ednh th\u1eddi gian \u0111\u1ecdc":"1 ph\u00fat"},"schema":{"@context":"https:\/\/schema.org","@graph":[{"@type":"WebPage","@id":"https:\/\/goldbellvn.ifdemo.com\/product\/mitsubishi-forklift-high-level-order-pickers-opbh12ph\/","url":"https:\/\/goldbellvn.ifdemo.com\/product\/mitsubishi-forklift-high-level-order-pickers-opbh12ph\/","name":"OPBH12PH - Goldbell","isPartOf":{"@id":"https:\/\/goldbellvn.ifdemo.com\/#website"},"primaryImageOfPage":{"@id":"https:\/\/goldbellvn.ifdemo.com\/product\/mitsubishi-forklift-high-level-order-pickers-opbh12ph\/#primaryimage"},"image":{"@id":"https:\/\/goldbellvn.ifdemo.com\/product\/mitsubishi-forklift-high-level-order-pickers-opbh12ph\/#primaryimage"},"thumbnailUrl":"https:\/\/goldbellvn.ifdemo.com\/wp-content\/uploads\/2025\/11\/OPBH12PH.jpg","datePublished":"2025-11-22T09:45:00+00:00","dateModified":"2026-03-24T16:12:42+00:00","description":"MaxVision mast and overhead guard maximizes operator field of vision for increased productivity and safety","breadcrumb":{"@id":"https:\/\/goldbellvn.ifdemo.com\/product\/mitsubishi-forklift-high-level-order-pickers-opbh12ph\/#breadcrumb"},"inLanguage":"vi","potentialAction":[{"@type":"ReadAction","target":["https:\/\/goldbellvn.ifdemo.com\/product\/mitsubishi-forklift-high-level-order-pickers-opbh12ph\/"]}]},{"@type":"ImageObject","inLanguage":"vi","@id":"https:\/\/goldbellvn.ifdemo.com\/product\/mitsubishi-forklift-high-level-order-pickers-opbh12ph\/#primaryimage","url":"https:\/\/goldbellvn.ifdemo.com\/wp-content\/uploads\/2025\/11\/OPBH12PH.jpg","contentUrl":"https:\/\/goldbellvn.ifdemo.com\/wp-content\/uploads\/2025\/11\/OPBH12PH.jpg","width":1024,"height":861,"caption":"UniCarriers_EPH_EPM_JPEG"},{"@type":"BreadcrumbList","@id":"https:\/\/goldbellvn.ifdemo.com\/product\/mitsubishi-forklift-high-level-order-pickers-opbh12ph\/#breadcrumb","itemListElement":[{"@type":"ListItem","position":1,"name":"Home","item":"https:\/\/goldbellvn.ifdemo.com\/"},{"@type":"ListItem","position":2,"name":"Products","item":"https:\/\/goldbellvn.ifdemo.com\/shop\/"},{"@type":"ListItem","position":3,"name":"OPBH12PH"}]},{"@type":"WebSite","@id":"https:\/\/goldbellvn.ifdemo.com\/#website","url":"https:\/\/goldbellvn.ifdemo.com\/","name":"Goldbell","description":"","publisher":{"@id":"https:\/\/goldbellvn.ifdemo.com\/#organization"},"potentialAction":[{"@type":"SearchAction","target":{"@type":"EntryPoint","urlTemplate":"https:\/\/goldbellvn.ifdemo.com\/?s={search_term_string}"},"query-input":{"@type":"PropertyValueSpecification","valueRequired":true,"valueName":"search_term_string"}}],"inLanguage":"vi"},{"@type":"Organization","@id":"https:\/\/goldbellvn.ifdemo.com\/#organization","name":"Goldbell","url":"https:\/\/goldbellvn.ifdemo.com\/","logo":{"@type":"ImageObject","inLanguage":"vi","@id":"https:\/\/goldbellvn.ifdemo.com\/#\/schema\/logo\/image\/","url":"https:\/\/goldbellvn.ifdemo.com\/wp-content\/uploads\/2025\/09\/logo.svg","contentUrl":"https:\/\/goldbellvn.ifdemo.com\/wp-content\/uploads\/2025\/09\/logo.svg","width":18,"height":23,"caption":"Goldbell"},"image":{"@id":"https:\/\/goldbellvn.ifdemo.com\/#\/schema\/logo\/image\/"}}]}},"_links":{"self":[{"href":"https:\/\/goldbellvn.ifdemo.com\/vi\/wp-json\/wp\/v2\/product\/2031","targetHints":{"allow":["GET"]}}],"collection":[{"href":"https:\/\/goldbellvn.ifdemo.com\/vi\/wp-json\/wp\/v2\/product"}],"about":[{"href":"https:\/\/goldbellvn.ifdemo.com\/vi\/wp-json\/wp\/v2\/types\/product"}],"wp:featuredmedia":[{"embeddable":true,"href":"https:\/\/goldbellvn.ifdemo.com\/vi\/wp-json\/wp\/v2\/media\/3040"}],"wp:attachment":[{"href":"https:\/\/goldbellvn.ifdemo.com\/vi\/wp-json\/wp\/v2\/media?parent=2031"}],"wp:term":[{"taxonomy":"model-type","embeddable":true,"href":"https:\/\/goldbellvn.ifdemo.com\/vi\/wp-json\/wp\/v2\/model-type?post=2031"},{"taxonomy":"product_brand","embeddable":true,"href":"https:\/\/goldbellvn.ifdemo.com\/vi\/wp-json\/wp\/v2\/product_brand?post=2031"},{"taxonomy":"product_cat","embeddable":true,"href":"https:\/\/goldbellvn.ifdemo.com\/vi\/wp-json\/wp\/v2\/product_cat?post=2031"},{"taxonomy":"product_tag","embeddable":true,"href":"https:\/\/goldbellvn.ifdemo.com\/vi\/wp-json\/wp\/v2\/product_tag?post=2031"}],"curies":[{"name":"wp","href":"https:\/\/api.w.org\/{rel}","templated":true}]}}