{"id":2032,"date":"2025-11-22T09:46:32","date_gmt":"2025-11-22T09:46:32","guid":{"rendered":"https:\/\/goldbell.123websitedev.com\/?post_type=product&#038;p=2032"},"modified":"2026-03-24T23:12:36","modified_gmt":"2026-03-24T16:12:36","slug":"mitsubishi-forklift-mid-level-order-picker-opbl10p","status":"publish","type":"product","link":"https:\/\/goldbellvn.ifdemo.com\/vi\/san-pham\/mitsubishi-forklift-mid-level-order-picker-opbl10p\/","title":{"rendered":"OPBL10P"},"content":{"rendered":"<ul>\n<li>Chi\u1ec1u cao b\u1eadc l\u00ean xu\u1ed1ng c\u1ef1c th\u1ea5p ch\u1ec9 160 mm, th\u1ea5p h\u01a1n t\u1edbi 45% so v\u1edbi m\u1ed9t s\u1ed1 \u0111\u1ed1i th\u1ee7, gi\u00fap gi\u1ea3m c\u00f4ng s\u1ee9c cho ng\u01b0\u1eddi v\u1eadn h\u00e0nh v\u00e0 h\u1ea1n ch\u1ebf nguy c\u01a1 tr\u01b0\u1ee3t, v\u1ea5p ng\u00e3 v\u00e0 t\u00e9 ng\u00e3.<\/li>\n<li>L\u1ed1i l\u00ean r\u1ed9ng 603 mm, ph\u00f9 h\u1ee3p v\u1edbi ng\u01b0\u1eddi v\u1eadn h\u00e0nh v\u1edbi m\u1ecdi th\u1ec3 tr\u1ea1ng.<\/li>\n<li>Khung n\u00e2ng MaxVision (t\u00f9y ch\u1ecdn, kh\u00f4ng ti\u00eau chu\u1ea9n) v\u00e0 khung b\u1ea3o v\u1ec7 ph\u00eda tr\u00ean gi\u00fap t\u1ed1i \u0111a h\u00f3a t\u1ea7m nh\u00ecn c\u1ee7a ng\u01b0\u1eddi v\u1eadn h\u00e0nh, n\u00e2ng cao n\u0103ng su\u1ea5t v\u00e0 \u0111\u1ed9 an to\u00e0n.<\/li>\n<li>\u0110\u1ed9ng c\u01a1 AC m\u1ea1nh m\u1ebd cho t\u1ed1c \u0111\u1ed9 di chuy\u1ec3n v\u00e0 kh\u1ea3 n\u0103ng t\u0103ng t\u1ed1c cao ngay c\u1ea3 khi c\u00f3 t\u1ea3i, \u0111\u1ed3ng th\u1eddi v\u1eadn h\u00e0nh \u00eam \u00e1i, y\u00ean t\u0129nh, ki\u1ec3m so\u00e1t t\u1ed1t, k\u00e9o d\u00e0i th\u1eddi gian l\u00e0m vi\u1ec7c v\u00e0 gi\u1ea3m nhu c\u1ea7u b\u1ea3o tr\u00ec.<\/li>\n<\/ul>","protected":false},"excerpt":{"rendered":"<p>Ultra-low step height at 160mm, up to 45% lower than some competitors, reduces operator\u2019s efforts and risk of slips, trips and falls. Accommodates drivers of all sizes with 603mm wide entry. MaxVision (option not standard) mast and overhead guard maximizes operator field of vision for increased productivity and safety. Powerful AC motor means high drive [&hellip;]<\/p>","protected":false},"featured_media":3039,"template":"","meta":{"_acf_changed":false,"inline_featured_image":false},"model-type":[49,56],"product_brand":[29],"product_cat":[31,36],"product_tag":[],"class_list":{"0":"post-2032","1":"product","2":"type-product","3":"status-publish","4":"has-post-thumbnail","6":"model-type-electric","7":"model-type-order-picker","8":"product_brand-mitsubishi","9":"product_cat-electric-forklifts","10":"product_cat-order-pickers","12":"first","13":"instock","14":"shipping-taxable","15":"purchasable","16":"product-type-simple"},"acf":[],"yoast_head":"<!-- This site is optimized with the Yoast SEO Premium plugin v25.6 (Yoast SEO v25.6) - https:\/\/yoast.com\/wordpress\/plugins\/seo\/ -->\n<title>OPBL10P - Goldbell<\/title>\n<meta name=\"description\" content=\"Ultra-low step height at 160mm, up to 45% lower than some competitors, reduces operator\u2019s efforts and risk of slips, trips and falls\" \/>\n<meta name=\"robots\" content=\"noindex, follow, max-snippet:-1, max-image-preview:large, max-video-preview:-1\" \/>\n<meta property=\"og:locale\" content=\"vi_VN\" \/>\n<meta property=\"og:type\" content=\"article\" \/>\n<meta property=\"og:title\" content=\"OPBL10P\" \/>\n<meta property=\"og:description\" content=\"Ultra-low step height at 160mm, up to 45% lower than some competitors, reduces operator\u2019s efforts and risk of slips, trips and falls\" \/>\n<meta property=\"og:url\" content=\"https:\/\/goldbellvn.ifdemo.com\/vi\/san-pham\/mitsubishi-forklift-mid-level-order-picker-opbl10p\/\" \/>\n<meta property=\"og:site_name\" content=\"Goldbell\" \/>\n<meta property=\"article:modified_time\" content=\"2026-03-24T16:12:36+00:00\" \/>\n<meta property=\"og:image\" content=\"https:\/\/goldbellvn.ifdemo.com\/wp-content\/uploads\/2025\/11\/OPBL10P.jpg\" \/>\n\t<meta property=\"og:image:width\" content=\"1024\" \/>\n\t<meta property=\"og:image:height\" content=\"798\" \/>\n\t<meta property=\"og:image:type\" content=\"image\/jpeg\" \/>\n<meta name=\"twitter:card\" content=\"summary_large_image\" \/>\n<meta name=\"twitter:label1\" content=\"\u01af\u1edbc t\u00ednh th\u1eddi gian \u0111\u1ecdc\" \/>\n\t<meta name=\"twitter:data1\" content=\"1 ph\u00fat\" \/>\n<script type=\"application\/ld+json\" class=\"yoast-schema-graph\">{\"@context\":\"https:\/\/schema.org\",\"@graph\":[{\"@type\":\"WebPage\",\"@id\":\"https:\/\/goldbellvn.ifdemo.com\/product\/mitsubishi-forklift-mid-level-order-picker-opbl10p\/\",\"url\":\"https:\/\/goldbellvn.ifdemo.com\/product\/mitsubishi-forklift-mid-level-order-picker-opbl10p\/\",\"name\":\"OPBL10P - Goldbell\",\"isPartOf\":{\"@id\":\"https:\/\/goldbellvn.ifdemo.com\/#website\"},\"primaryImageOfPage\":{\"@id\":\"https:\/\/goldbellvn.ifdemo.com\/product\/mitsubishi-forklift-mid-level-order-picker-opbl10p\/#primaryimage\"},\"image\":{\"@id\":\"https:\/\/goldbellvn.ifdemo.com\/product\/mitsubishi-forklift-mid-level-order-picker-opbl10p\/#primaryimage\"},\"thumbnailUrl\":\"https:\/\/goldbellvn.ifdemo.com\/wp-content\/uploads\/2025\/11\/OPBL10P.jpg\",\"datePublished\":\"2025-11-22T09:46:32+00:00\",\"dateModified\":\"2026-03-24T16:12:36+00:00\",\"description\":\"Ultra-low step height at 160mm, up to 45% lower than some competitors, reduces operator\u2019s efforts and risk of slips, trips and falls\",\"breadcrumb\":{\"@id\":\"https:\/\/goldbellvn.ifdemo.com\/product\/mitsubishi-forklift-mid-level-order-picker-opbl10p\/#breadcrumb\"},\"inLanguage\":\"vi\",\"potentialAction\":[{\"@type\":\"ReadAction\",\"target\":[\"https:\/\/goldbellvn.ifdemo.com\/product\/mitsubishi-forklift-mid-level-order-picker-opbl10p\/\"]}]},{\"@type\":\"ImageObject\",\"inLanguage\":\"vi\",\"@id\":\"https:\/\/goldbellvn.ifdemo.com\/product\/mitsubishi-forklift-mid-level-order-picker-opbl10p\/#primaryimage\",\"url\":\"https:\/\/goldbellvn.ifdemo.com\/wp-content\/uploads\/2025\/11\/OPBL10P.jpg\",\"contentUrl\":\"https:\/\/goldbellvn.ifdemo.com\/wp-content\/uploads\/2025\/11\/OPBL10P.jpg\",\"width\":1024,\"height\":798},{\"@type\":\"BreadcrumbList\",\"@id\":\"https:\/\/goldbellvn.ifdemo.com\/product\/mitsubishi-forklift-mid-level-order-picker-opbl10p\/#breadcrumb\",\"itemListElement\":[{\"@type\":\"ListItem\",\"position\":1,\"name\":\"Home\",\"item\":\"https:\/\/goldbellvn.ifdemo.com\/\"},{\"@type\":\"ListItem\",\"position\":2,\"name\":\"Products\",\"item\":\"https:\/\/goldbellvn.ifdemo.com\/shop\/\"},{\"@type\":\"ListItem\",\"position\":3,\"name\":\"OPBL10P\"}]},{\"@type\":\"WebSite\",\"@id\":\"https:\/\/goldbellvn.ifdemo.com\/#website\",\"url\":\"https:\/\/goldbellvn.ifdemo.com\/\",\"name\":\"Goldbell\",\"description\":\"\",\"publisher\":{\"@id\":\"https:\/\/goldbellvn.ifdemo.com\/#organization\"},\"potentialAction\":[{\"@type\":\"SearchAction\",\"target\":{\"@type\":\"EntryPoint\",\"urlTemplate\":\"https:\/\/goldbellvn.ifdemo.com\/?s={search_term_string}\"},\"query-input\":{\"@type\":\"PropertyValueSpecification\",\"valueRequired\":true,\"valueName\":\"search_term_string\"}}],\"inLanguage\":\"vi\"},{\"@type\":\"Organization\",\"@id\":\"https:\/\/goldbellvn.ifdemo.com\/#organization\",\"name\":\"Goldbell\",\"url\":\"https:\/\/goldbellvn.ifdemo.com\/\",\"logo\":{\"@type\":\"ImageObject\",\"inLanguage\":\"vi\",\"@id\":\"https:\/\/goldbellvn.ifdemo.com\/#\/schema\/logo\/image\/\",\"url\":\"https:\/\/goldbellvn.ifdemo.com\/wp-content\/uploads\/2025\/09\/logo.svg\",\"contentUrl\":\"https:\/\/goldbellvn.ifdemo.com\/wp-content\/uploads\/2025\/09\/logo.svg\",\"width\":18,\"height\":23,\"caption\":\"Goldbell\"},\"image\":{\"@id\":\"https:\/\/goldbellvn.ifdemo.com\/#\/schema\/logo\/image\/\"}}]}<\/script>\n<!-- \/ Yoast SEO Premium plugin. -->","yoast_head_json":{"title":"OPBL10P - Goldbell","description":"Ultra-low step height at 160mm, up to 45% lower than some competitors, reduces operator\u2019s efforts and risk of slips, trips and falls","robots":{"index":"noindex","follow":"follow","max-snippet":"max-snippet:-1","max-image-preview":"max-image-preview:large","max-video-preview":"max-video-preview:-1"},"og_locale":"vi_VN","og_type":"article","og_title":"OPBL10P","og_description":"Ultra-low step height at 160mm, up to 45% lower than some competitors, reduces operator\u2019s efforts and risk of slips, trips and falls","og_url":"https:\/\/goldbellvn.ifdemo.com\/vi\/san-pham\/mitsubishi-forklift-mid-level-order-picker-opbl10p\/","og_site_name":"Goldbell","article_modified_time":"2026-03-24T16:12:36+00:00","og_image":[{"width":1024,"height":798,"url":"https:\/\/goldbellvn.ifdemo.com\/wp-content\/uploads\/2025\/11\/OPBL10P.jpg","type":"image\/jpeg"}],"twitter_card":"summary_large_image","twitter_misc":{"\u01af\u1edbc t\u00ednh th\u1eddi gian \u0111\u1ecdc":"1 ph\u00fat"},"schema":{"@context":"https:\/\/schema.org","@graph":[{"@type":"WebPage","@id":"https:\/\/goldbellvn.ifdemo.com\/product\/mitsubishi-forklift-mid-level-order-picker-opbl10p\/","url":"https:\/\/goldbellvn.ifdemo.com\/product\/mitsubishi-forklift-mid-level-order-picker-opbl10p\/","name":"OPBL10P - Goldbell","isPartOf":{"@id":"https:\/\/goldbellvn.ifdemo.com\/#website"},"primaryImageOfPage":{"@id":"https:\/\/goldbellvn.ifdemo.com\/product\/mitsubishi-forklift-mid-level-order-picker-opbl10p\/#primaryimage"},"image":{"@id":"https:\/\/goldbellvn.ifdemo.com\/product\/mitsubishi-forklift-mid-level-order-picker-opbl10p\/#primaryimage"},"thumbnailUrl":"https:\/\/goldbellvn.ifdemo.com\/wp-content\/uploads\/2025\/11\/OPBL10P.jpg","datePublished":"2025-11-22T09:46:32+00:00","dateModified":"2026-03-24T16:12:36+00:00","description":"Ultra-low step height at 160mm, up to 45% lower than some competitors, reduces operator\u2019s efforts and risk of slips, trips and falls","breadcrumb":{"@id":"https:\/\/goldbellvn.ifdemo.com\/product\/mitsubishi-forklift-mid-level-order-picker-opbl10p\/#breadcrumb"},"inLanguage":"vi","potentialAction":[{"@type":"ReadAction","target":["https:\/\/goldbellvn.ifdemo.com\/product\/mitsubishi-forklift-mid-level-order-picker-opbl10p\/"]}]},{"@type":"ImageObject","inLanguage":"vi","@id":"https:\/\/goldbellvn.ifdemo.com\/product\/mitsubishi-forklift-mid-level-order-picker-opbl10p\/#primaryimage","url":"https:\/\/goldbellvn.ifdemo.com\/wp-content\/uploads\/2025\/11\/OPBL10P.jpg","contentUrl":"https:\/\/goldbellvn.ifdemo.com\/wp-content\/uploads\/2025\/11\/OPBL10P.jpg","width":1024,"height":798},{"@type":"BreadcrumbList","@id":"https:\/\/goldbellvn.ifdemo.com\/product\/mitsubishi-forklift-mid-level-order-picker-opbl10p\/#breadcrumb","itemListElement":[{"@type":"ListItem","position":1,"name":"Home","item":"https:\/\/goldbellvn.ifdemo.com\/"},{"@type":"ListItem","position":2,"name":"Products","item":"https:\/\/goldbellvn.ifdemo.com\/shop\/"},{"@type":"ListItem","position":3,"name":"OPBL10P"}]},{"@type":"WebSite","@id":"https:\/\/goldbellvn.ifdemo.com\/#website","url":"https:\/\/goldbellvn.ifdemo.com\/","name":"Goldbell","description":"","publisher":{"@id":"https:\/\/goldbellvn.ifdemo.com\/#organization"},"potentialAction":[{"@type":"SearchAction","target":{"@type":"EntryPoint","urlTemplate":"https:\/\/goldbellvn.ifdemo.com\/?s={search_term_string}"},"query-input":{"@type":"PropertyValueSpecification","valueRequired":true,"valueName":"search_term_string"}}],"inLanguage":"vi"},{"@type":"Organization","@id":"https:\/\/goldbellvn.ifdemo.com\/#organization","name":"Goldbell","url":"https:\/\/goldbellvn.ifdemo.com\/","logo":{"@type":"ImageObject","inLanguage":"vi","@id":"https:\/\/goldbellvn.ifdemo.com\/#\/schema\/logo\/image\/","url":"https:\/\/goldbellvn.ifdemo.com\/wp-content\/uploads\/2025\/09\/logo.svg","contentUrl":"https:\/\/goldbellvn.ifdemo.com\/wp-content\/uploads\/2025\/09\/logo.svg","width":18,"height":23,"caption":"Goldbell"},"image":{"@id":"https:\/\/goldbellvn.ifdemo.com\/#\/schema\/logo\/image\/"}}]}},"_links":{"self":[{"href":"https:\/\/goldbellvn.ifdemo.com\/vi\/wp-json\/wp\/v2\/product\/2032","targetHints":{"allow":["GET"]}}],"collection":[{"href":"https:\/\/goldbellvn.ifdemo.com\/vi\/wp-json\/wp\/v2\/product"}],"about":[{"href":"https:\/\/goldbellvn.ifdemo.com\/vi\/wp-json\/wp\/v2\/types\/product"}],"wp:featuredmedia":[{"embeddable":true,"href":"https:\/\/goldbellvn.ifdemo.com\/vi\/wp-json\/wp\/v2\/media\/3039"}],"wp:attachment":[{"href":"https:\/\/goldbellvn.ifdemo.com\/vi\/wp-json\/wp\/v2\/media?parent=2032"}],"wp:term":[{"taxonomy":"model-type","embeddable":true,"href":"https:\/\/goldbellvn.ifdemo.com\/vi\/wp-json\/wp\/v2\/model-type?post=2032"},{"taxonomy":"product_brand","embeddable":true,"href":"https:\/\/goldbellvn.ifdemo.com\/vi\/wp-json\/wp\/v2\/product_brand?post=2032"},{"taxonomy":"product_cat","embeddable":true,"href":"https:\/\/goldbellvn.ifdemo.com\/vi\/wp-json\/wp\/v2\/product_cat?post=2032"},{"taxonomy":"product_tag","embeddable":true,"href":"https:\/\/goldbellvn.ifdemo.com\/vi\/wp-json\/wp\/v2\/product_tag?post=2032"}],"curies":[{"name":"wp","href":"https:\/\/api.w.org\/{rel}","templated":true}]}}