{"id":2053,"date":"2025-11-25T08:45:08","date_gmt":"2025-11-25T08:45:08","guid":{"rendered":"https:\/\/goldbell.123websitedev.com\/?post_type=product&#038;p=2053"},"modified":"2026-01-08T01:48:07","modified_gmt":"2026-01-08T01:48:07","slug":"forklift-nichiyu-fbs-10-25","status":"publish","type":"product","link":"https:\/\/goldbellvn.ifdemo.com\/vi\/san-pham\/forklift-nichiyu-fbs-10-25\/","title":{"rendered":"FBS 10-25 (\u0111\u1ee9ng l\u00e1i)"},"content":{"rendered":"<h2 class=\"product_title entry-title\">C\u00e0ng b\u00ean<\/h2>\n<p data-start=\"165\" data-end=\"484\">Ph\u00f9 h\u1ee3p l\u00fd t\u01b0\u1edfng cho th\u00e9p cu\u1ed9n, g\u1ed7, thanh nh\u00f4m, th\u1ea3m cu\u1ed9n v\u00e0 c\u00e1c lo\u1ea1i h\u00e0ng h\u00f3a d\u1ea1ng d\u00e0i kh\u00e1c.<\/p>\n<ul>\n<li>B\u00e1n k\u00ednh quay h\u00e0ng \u0111\u1ea7u ph\u00e2n kh\u00fac<\/li>\n<li>\u0110\u1ed9 \u1ed5n \u0111\u1ecbnh khi di chuy\u1ec3n v\u01b0\u1ee3t tr\u1ed9i<\/li>\n<li>Kh\u1ea3 n\u0103ng x\u1eed l\u00fd h\u00e0ng h\u00f3a v\u00e0 t\u1ed1c \u0111\u1ed9 di chuy\u1ec3n thu\u1ed9c nh\u00f3m d\u1eabn \u0111\u1ea7u<\/li>\n<li>T\u1ed1i \u0111a h\u00f3a th\u1eddi gian v\u1eadn h\u00e0nh gi\u1eefa c\u00e1c l\u1ea7n s\u1ea1c<\/li>\n<li>Gi\u1ea3m hao h\u1ee5t t\u1ea3i tr\u1ecdng khi n\u00e2ng l\u00ean \u0111\u1ed9 cao l\u1edbn<\/li>\n<\/ul>\n<h3>B\u1ea3o tr\u00ec ti\u1ebft ki\u1ec7m h\u01a1n<\/h3>\n<ol>\n<li>Thi\u1ebft k\u1ebf h\u1ed7 tr\u1ee3 thay pin t\u1eeb b\u00ean h\u00f4ng<\/li>\n<li>\u0110\u1ed9ng c\u01a1 kh\u00f4ng ch\u1ed5i than: gi\u1ea3m b\u1ea3o tr\u00ec do \u00edt b\u1ed9 ph\u1eadn chuy\u1ec3n \u0111\u1ed9ng<\/li>\n<\/ol>\n<h3>H\u1ec7 th\u1ed1ng \u0111i\u1ec1u khi\u1ec3n trung t\u00e2m \u0111a ch\u1ee9c n\u0103ng cho \u0111i\u1ec1u khi\u1ec3n AC<\/h3>\n<ul>\n<li>Thi\u1ebft k\u1ebf ti\u1ebft ki\u1ec7m n\u0103ng l\u01b0\u1ee3ng<\/li>\n<li>H\u1ec7 th\u1ed1ng t\u00e1i t\u1ea1o n\u0103ng l\u01b0\u1ee3ng khi \u0111\u1ea3o chi\u1ec1u<\/li>\n<li>T\u00e1i t\u1ea1o n\u0103ng l\u01b0\u1ee3ng khi phanh<\/li>\n<li>C\u1ea3i thi\u1ec7n \u0111\u00e1ng k\u1ec3 kh\u1ea3 n\u0103ng \u0111i\u1ec1u khi\u1ec3n vi t\u1ed1c (inching) cho c\u1ea3 di chuy\u1ec3n v\u00e0 x\u1eed l\u00fd h\u00e0ng h\u00f3a<\/li>\n<li>M\u00e0n h\u00ecnh hi\u1ec3n th\u1ecb d\u1ec5 \u0111\u1ecdc<\/li>\n<li>Ch\u1ee9c n\u0103ng t\u1ef1 ch\u1ea9n \u0111o\u00e1n l\u1ed7i<\/li>\n<li>Nhi\u1ec1u ch\u1ebf \u0111\u1ed9 l\u00e1i<\/li>\n<li>T\u1ef1 \u0111\u1ed9ng t\u1eaft ngu\u1ed3n<\/li>\n<li>Ch\u1ee9c n\u0103ng an to\u00e0n khi v\u1ec1 s\u1ed1 N trong qu\u00e1 tr\u00ecnh di chuy\u1ec3n v\u00e0 x\u1eed l\u00fd h\u00e0ng<\/li>\n<li>H\u1ec7 th\u1ed1ng gi\u1ea3m ch\u1ea5n t\u1ef1 \u0111\u1ed9ng ti\u00eau chu\u1ea9n<\/li>\n<li>Gia c\u1ed1 khung b\u1ea3o v\u1ec7 ph\u00eda tr\u00ean<\/li>\n<li>Gia c\u1ed1 khung sau<\/li>\n<li>N\u1eafp b\u1ea3o v\u1ec7 b\u00e1nh t\u1ea3i<\/li>\n<li>T\u1ea7m nh\u00ecn r\u1ed9ng gi\u00fap t\u0103ng hi\u1ec7u qu\u1ea3 v\u1eadn h\u00e0nh<\/li>\n<li>V\u00f4 l\u0103ng \u0111\u01b0\u1eddng k\u00ednh nh\u1ecf<\/li>\n<li>Kh\u00f4ng gian ng\u01b0\u1eddi v\u1eadn h\u00e0nh r\u1ed9ng r\u00e3i h\u01a1n<\/li>\n<li>\u0110\u1ed9 \u1ed3n th\u1ea5p nh\u1ea5t trong ph\u00e2n kh\u00fac<\/li>\n<li>Xi lanh h\u1ea1 \u00eam khung n\u00e2ng &amp; khung n\u00e2ng gi\u1ea3m ch\u1ea5n<\/li>\n<li>B\u1ed9 s\u1ea1c \u1eafc quy \u0111i\u1ec1u khi\u1ec3n t\u1ef1 \u0111\u1ed9ng b\u1eb1ng m\u00e1y t\u00ednh ho\u00e0n to\u00e0n<\/li>\n<\/ul>","protected":false},"excerpt":{"rendered":"<p>SIDE FORK Ideal for rolled steel, timber, aluminum sashes, rolled carpets, and other elongated objects. Top-class turning radius Outstanding stability in motion Top-class material handling capabilities and travel speed Maximized operation time between recharges Minimal load reduction for lift height More economical maintenance Designed for side battery loading Brushless motor: reduced maintenance because of less [&hellip;]<\/p>","protected":false},"featured_media":2055,"template":"","meta":{"_acf_changed":false,"inline_featured_image":false},"model-type":[49,53],"product_brand":[43],"product_cat":[31,57],"product_tag":[],"class_list":{"0":"post-2053","1":"product","2":"type-product","3":"status-publish","4":"has-post-thumbnail","6":"model-type-electric","7":"model-type-reach-truck","8":"product_brand-nichiyu","9":"product_cat-electric-forklifts","10":"product_cat-reach-trucks","12":"first","13":"instock","14":"shipping-taxable","15":"purchasable","16":"product-type-simple"},"acf":[],"yoast_head":"<!-- This site is optimized with the Yoast SEO Premium plugin v25.6 (Yoast SEO v25.6) - https:\/\/yoast.com\/wordpress\/plugins\/seo\/ -->\n<title>FBS 10-25 (Stand on) - Goldbell<\/title>\n<meta name=\"robots\" content=\"noindex, follow, max-snippet:-1, max-image-preview:large, max-video-preview:-1\" \/>\n<meta property=\"og:locale\" content=\"vi_VN\" \/>\n<meta property=\"og:type\" content=\"article\" \/>\n<meta property=\"og:title\" content=\"FBS 10-25 (Stand on)\" \/>\n<meta property=\"og:description\" content=\"SIDE FORK Ideal for rolled steel, timber, aluminum sashes, rolled carpets, and other elongated objects. Top-class turning radius Outstanding stability in motion Top-class material handling capabilities and travel speed Maximized operation time between recharges Minimal load reduction for lift height More economical maintenance Designed for side battery loading Brushless motor: reduced maintenance because of less [&hellip;]\" \/>\n<meta property=\"og:url\" content=\"https:\/\/goldbellvn.ifdemo.com\/vi\/san-pham\/forklift-nichiyu-fbs-10-25\/\" \/>\n<meta property=\"og:site_name\" content=\"Goldbell\" \/>\n<meta property=\"article:modified_time\" content=\"2026-01-08T01:48:07+00:00\" \/>\n<meta property=\"og:image\" content=\"https:\/\/goldbellvn.ifdemo.com\/wp-content\/uploads\/2025\/11\/Side-Fork-Stand-On-1.webp\" \/>\n\t<meta property=\"og:image:width\" content=\"300\" \/>\n\t<meta property=\"og:image:height\" content=\"300\" \/>\n\t<meta property=\"og:image:type\" content=\"image\/webp\" \/>\n<meta name=\"twitter:card\" content=\"summary_large_image\" \/>\n<meta name=\"twitter:label1\" content=\"\u01af\u1edbc t\u00ednh th\u1eddi gian \u0111\u1ecdc\" \/>\n\t<meta name=\"twitter:data1\" content=\"1 ph\u00fat\" \/>\n<script type=\"application\/ld+json\" class=\"yoast-schema-graph\">{\"@context\":\"https:\/\/schema.org\",\"@graph\":[{\"@type\":\"WebPage\",\"@id\":\"https:\/\/goldbellvn.ifdemo.com\/product\/forklift-nichiyu-fbs-10-25\/\",\"url\":\"https:\/\/goldbellvn.ifdemo.com\/product\/forklift-nichiyu-fbs-10-25\/\",\"name\":\"FBS 10-25 (Stand on) - Goldbell\",\"isPartOf\":{\"@id\":\"https:\/\/goldbellvn.ifdemo.com\/#website\"},\"primaryImageOfPage\":{\"@id\":\"https:\/\/goldbellvn.ifdemo.com\/product\/forklift-nichiyu-fbs-10-25\/#primaryimage\"},\"image\":{\"@id\":\"https:\/\/goldbellvn.ifdemo.com\/product\/forklift-nichiyu-fbs-10-25\/#primaryimage\"},\"thumbnailUrl\":\"https:\/\/goldbellvn.ifdemo.com\/wp-content\/uploads\/2025\/11\/Side-Fork-Stand-On-1.webp\",\"datePublished\":\"2025-11-25T08:45:08+00:00\",\"dateModified\":\"2026-01-08T01:48:07+00:00\",\"breadcrumb\":{\"@id\":\"https:\/\/goldbellvn.ifdemo.com\/product\/forklift-nichiyu-fbs-10-25\/#breadcrumb\"},\"inLanguage\":\"vi\",\"potentialAction\":[{\"@type\":\"ReadAction\",\"target\":[\"https:\/\/goldbellvn.ifdemo.com\/product\/forklift-nichiyu-fbs-10-25\/\"]}]},{\"@type\":\"ImageObject\",\"inLanguage\":\"vi\",\"@id\":\"https:\/\/goldbellvn.ifdemo.com\/product\/forklift-nichiyu-fbs-10-25\/#primaryimage\",\"url\":\"https:\/\/goldbellvn.ifdemo.com\/wp-content\/uploads\/2025\/11\/Side-Fork-Stand-On-1.webp\",\"contentUrl\":\"https:\/\/goldbellvn.ifdemo.com\/wp-content\/uploads\/2025\/11\/Side-Fork-Stand-On-1.webp\",\"width\":300,\"height\":300},{\"@type\":\"BreadcrumbList\",\"@id\":\"https:\/\/goldbellvn.ifdemo.com\/product\/forklift-nichiyu-fbs-10-25\/#breadcrumb\",\"itemListElement\":[{\"@type\":\"ListItem\",\"position\":1,\"name\":\"Home\",\"item\":\"https:\/\/goldbellvn.ifdemo.com\/\"},{\"@type\":\"ListItem\",\"position\":2,\"name\":\"Products\",\"item\":\"https:\/\/goldbellvn.ifdemo.com\/shop\/\"},{\"@type\":\"ListItem\",\"position\":3,\"name\":\"FBS 10-25 (Stand on)\"}]},{\"@type\":\"WebSite\",\"@id\":\"https:\/\/goldbellvn.ifdemo.com\/#website\",\"url\":\"https:\/\/goldbellvn.ifdemo.com\/\",\"name\":\"Goldbell\",\"description\":\"\",\"publisher\":{\"@id\":\"https:\/\/goldbellvn.ifdemo.com\/#organization\"},\"potentialAction\":[{\"@type\":\"SearchAction\",\"target\":{\"@type\":\"EntryPoint\",\"urlTemplate\":\"https:\/\/goldbellvn.ifdemo.com\/?s={search_term_string}\"},\"query-input\":{\"@type\":\"PropertyValueSpecification\",\"valueRequired\":true,\"valueName\":\"search_term_string\"}}],\"inLanguage\":\"vi\"},{\"@type\":\"Organization\",\"@id\":\"https:\/\/goldbellvn.ifdemo.com\/#organization\",\"name\":\"Goldbell\",\"url\":\"https:\/\/goldbellvn.ifdemo.com\/\",\"logo\":{\"@type\":\"ImageObject\",\"inLanguage\":\"vi\",\"@id\":\"https:\/\/goldbellvn.ifdemo.com\/#\/schema\/logo\/image\/\",\"url\":\"https:\/\/goldbellvn.ifdemo.com\/wp-content\/uploads\/2025\/09\/logo.svg\",\"contentUrl\":\"https:\/\/goldbellvn.ifdemo.com\/wp-content\/uploads\/2025\/09\/logo.svg\",\"width\":18,\"height\":23,\"caption\":\"Goldbell\"},\"image\":{\"@id\":\"https:\/\/goldbellvn.ifdemo.com\/#\/schema\/logo\/image\/\"}}]}<\/script>\n<!-- \/ Yoast SEO Premium plugin. -->","yoast_head_json":{"title":"FBS 10-25 (Stand on) - Goldbell","robots":{"index":"noindex","follow":"follow","max-snippet":"max-snippet:-1","max-image-preview":"max-image-preview:large","max-video-preview":"max-video-preview:-1"},"og_locale":"vi_VN","og_type":"article","og_title":"FBS 10-25 (Stand on)","og_description":"SIDE FORK Ideal for rolled steel, timber, aluminum sashes, rolled carpets, and other elongated objects. Top-class turning radius Outstanding stability in motion Top-class material handling capabilities and travel speed Maximized operation time between recharges Minimal load reduction for lift height More economical maintenance Designed for side battery loading Brushless motor: reduced maintenance because of less [&hellip;]","og_url":"https:\/\/goldbellvn.ifdemo.com\/vi\/san-pham\/forklift-nichiyu-fbs-10-25\/","og_site_name":"Goldbell","article_modified_time":"2026-01-08T01:48:07+00:00","og_image":[{"width":300,"height":300,"url":"https:\/\/goldbellvn.ifdemo.com\/wp-content\/uploads\/2025\/11\/Side-Fork-Stand-On-1.webp","type":"image\/webp"}],"twitter_card":"summary_large_image","twitter_misc":{"\u01af\u1edbc t\u00ednh th\u1eddi gian \u0111\u1ecdc":"1 ph\u00fat"},"schema":{"@context":"https:\/\/schema.org","@graph":[{"@type":"WebPage","@id":"https:\/\/goldbellvn.ifdemo.com\/product\/forklift-nichiyu-fbs-10-25\/","url":"https:\/\/goldbellvn.ifdemo.com\/product\/forklift-nichiyu-fbs-10-25\/","name":"FBS 10-25 (Stand on) - Goldbell","isPartOf":{"@id":"https:\/\/goldbellvn.ifdemo.com\/#website"},"primaryImageOfPage":{"@id":"https:\/\/goldbellvn.ifdemo.com\/product\/forklift-nichiyu-fbs-10-25\/#primaryimage"},"image":{"@id":"https:\/\/goldbellvn.ifdemo.com\/product\/forklift-nichiyu-fbs-10-25\/#primaryimage"},"thumbnailUrl":"https:\/\/goldbellvn.ifdemo.com\/wp-content\/uploads\/2025\/11\/Side-Fork-Stand-On-1.webp","datePublished":"2025-11-25T08:45:08+00:00","dateModified":"2026-01-08T01:48:07+00:00","breadcrumb":{"@id":"https:\/\/goldbellvn.ifdemo.com\/product\/forklift-nichiyu-fbs-10-25\/#breadcrumb"},"inLanguage":"vi","potentialAction":[{"@type":"ReadAction","target":["https:\/\/goldbellvn.ifdemo.com\/product\/forklift-nichiyu-fbs-10-25\/"]}]},{"@type":"ImageObject","inLanguage":"vi","@id":"https:\/\/goldbellvn.ifdemo.com\/product\/forklift-nichiyu-fbs-10-25\/#primaryimage","url":"https:\/\/goldbellvn.ifdemo.com\/wp-content\/uploads\/2025\/11\/Side-Fork-Stand-On-1.webp","contentUrl":"https:\/\/goldbellvn.ifdemo.com\/wp-content\/uploads\/2025\/11\/Side-Fork-Stand-On-1.webp","width":300,"height":300},{"@type":"BreadcrumbList","@id":"https:\/\/goldbellvn.ifdemo.com\/product\/forklift-nichiyu-fbs-10-25\/#breadcrumb","itemListElement":[{"@type":"ListItem","position":1,"name":"Home","item":"https:\/\/goldbellvn.ifdemo.com\/"},{"@type":"ListItem","position":2,"name":"Products","item":"https:\/\/goldbellvn.ifdemo.com\/shop\/"},{"@type":"ListItem","position":3,"name":"FBS 10-25 (Stand on)"}]},{"@type":"WebSite","@id":"https:\/\/goldbellvn.ifdemo.com\/#website","url":"https:\/\/goldbellvn.ifdemo.com\/","name":"Goldbell","description":"","publisher":{"@id":"https:\/\/goldbellvn.ifdemo.com\/#organization"},"potentialAction":[{"@type":"SearchAction","target":{"@type":"EntryPoint","urlTemplate":"https:\/\/goldbellvn.ifdemo.com\/?s={search_term_string}"},"query-input":{"@type":"PropertyValueSpecification","valueRequired":true,"valueName":"search_term_string"}}],"inLanguage":"vi"},{"@type":"Organization","@id":"https:\/\/goldbellvn.ifdemo.com\/#organization","name":"Goldbell","url":"https:\/\/goldbellvn.ifdemo.com\/","logo":{"@type":"ImageObject","inLanguage":"vi","@id":"https:\/\/goldbellvn.ifdemo.com\/#\/schema\/logo\/image\/","url":"https:\/\/goldbellvn.ifdemo.com\/wp-content\/uploads\/2025\/09\/logo.svg","contentUrl":"https:\/\/goldbellvn.ifdemo.com\/wp-content\/uploads\/2025\/09\/logo.svg","width":18,"height":23,"caption":"Goldbell"},"image":{"@id":"https:\/\/goldbellvn.ifdemo.com\/#\/schema\/logo\/image\/"}}]}},"_links":{"self":[{"href":"https:\/\/goldbellvn.ifdemo.com\/vi\/wp-json\/wp\/v2\/product\/2053","targetHints":{"allow":["GET"]}}],"collection":[{"href":"https:\/\/goldbellvn.ifdemo.com\/vi\/wp-json\/wp\/v2\/product"}],"about":[{"href":"https:\/\/goldbellvn.ifdemo.com\/vi\/wp-json\/wp\/v2\/types\/product"}],"wp:featuredmedia":[{"embeddable":true,"href":"https:\/\/goldbellvn.ifdemo.com\/vi\/wp-json\/wp\/v2\/media\/2055"}],"wp:attachment":[{"href":"https:\/\/goldbellvn.ifdemo.com\/vi\/wp-json\/wp\/v2\/media?parent=2053"}],"wp:term":[{"taxonomy":"model-type","embeddable":true,"href":"https:\/\/goldbellvn.ifdemo.com\/vi\/wp-json\/wp\/v2\/model-type?post=2053"},{"taxonomy":"product_brand","embeddable":true,"href":"https:\/\/goldbellvn.ifdemo.com\/vi\/wp-json\/wp\/v2\/product_brand?post=2053"},{"taxonomy":"product_cat","embeddable":true,"href":"https:\/\/goldbellvn.ifdemo.com\/vi\/wp-json\/wp\/v2\/product_cat?post=2053"},{"taxonomy":"product_tag","embeddable":true,"href":"https:\/\/goldbellvn.ifdemo.com\/vi\/wp-json\/wp\/v2\/product_tag?post=2053"}],"curies":[{"name":"wp","href":"https:\/\/api.w.org\/{rel}","templated":true}]}}