{"id":2058,"date":"2025-12-09T19:34:51","date_gmt":"2025-12-09T19:34:51","guid":{"rendered":"https:\/\/goldbell.123websitedev.com\/?post_type=product&#038;p=2058"},"modified":"2026-01-08T01:47:05","modified_gmt":"2026-01-08T01:47:05","slug":"counterbalanced-trucks-three-wheeler","status":"publish","type":"product","link":"https:\/\/goldbellvn.ifdemo.com\/vi\/san-pham\/counterbalanced-trucks-three-wheeler\/","title":{"rendered":"Xe 3 b\u00e1nh"},"content":{"rendered":"<h2 class=\"product_title entry-title\">Xe 3 b\u00e1nh<\/h2>\n<ul>\n<li>L\u1ef1a ch\u1ecdn 10 model \u0111a d\u1ea1ng, \u0111\u00e1p \u1ee9ng nhi\u1ec1u lo\u1ea1i \u1ee9ng d\u1ee5ng kh\u00e1c nhau.<\/li>\n<li>Trang b\u1ecb h\u1ec7 th\u1ed1ng \u0111i\u1ec1u khi\u1ec3n trung t\u00e2m \u0111a ch\u1ee9c n\u0103ng SICOS-AC<\/li>\n<li>Thi\u1ebft k\u1ebf t\u1ed1i \u01b0u kh\u00f4ng gian v\u1edbi b\u00e1n k\u00ednh quay ch\u1ec9 1510 mm<\/li>\n<li>Th\u00e2n xe tr\u1ecdng l\u01b0\u1ee3ng nh\u1eb9<\/li>\n<\/ul>\n<h3>Trang b\u1ecb t\u00ednh n\u0103ng ti\u00eau chu\u1ea9n n\u00e2ng cao<\/h3>\n<ul>\n<li>H\u1ec7 th\u1ed1ng l\u00e1i tr\u1ee3 l\u1ef1c \u0111i\u1ec7n<\/li>\n<li>Ch\u1ee9c n\u0103ng h\u1ea1 c\u00e0ng \u00eam<\/li>\n<li>M\u00e0n h\u00ecnh hi\u1ec3n th\u1ecb \u0111a ch\u1ee9c n\u0103ng<\/li>\n<li>Gh\u1ebf treo gi\u1ea3m ch\u1ea5n<\/li>\n<li>Kh\u00f4ng gian \u0111\u1ec3 ch\u00e2n r\u1ed9ng r\u00e3i<\/li>\n<li>C\u1ee5m \u0111\u00e8n h\u1eadu k\u1ebft h\u1ee3p<\/li>\n<li>H\u1ec7 th\u1ed1ng gi\u1ea3m rung l\u1eafc khi di chuy\u1ec3n<\/li>\n<li>C\u1ea3i thi\u1ec7n t\u1ea7m nh\u00ecn ph\u00eda tr\u01b0\u1edbc<\/li>\n<li>L\u00ean xu\u1ed1ng xe d\u1ec5 d\u00e0ng h\u01a1n<\/li>\n<li>T\u0103ng g\u00f3c nghi\u00eang khung n\u00e2ng v\u1ec1 sau (ch\u1ec9 \u00e1p d\u1ee5ng cho c\u1ed9t n\u00e2ng P)<\/li>\n<li>Tay n\u1eafm h\u1ed7 tr\u1ee3 t\u00edch h\u1ee3p c\u00f2i<\/li>\n<li>T\u0103ng kho\u1ea3ng kh\u00f4ng ph\u00eda tr\u00ean \u0111\u1ea7u ng\u01b0\u1eddi v\u1eadn h\u00e0nh<\/li>\n<li>B\u1ed9 d\u1ecbch c\u00e0ng t\u00edch h\u1ee3p (t\u00f9y ch\u1ecdn)<\/li>\n<\/ul>\n<h3>Xe v\u1eadn h\u00e0nh \u0111\u00e1ng tin c\u1eady trong nh\u00e0 v\u00e0 ngo\u00e0i tr\u1eddi, trong h\u1ea7u h\u1ebft \u0111i\u1ec1u ki\u1ec7n th\u1eddi ti\u1ebft<\/h3>\n<ul>\n<li>C\u1ea5p b\u1ea3o v\u1ec7 ch\u1ed1ng n\u01b0\u1edbc IPX4<\/li>\n<li>Phanh \u0111\u0129a \u01b0\u1edbt<\/li>\n<li>D\u00f2ng PB: thi\u1ebft k\u1ebf cho v\u1eadn h\u00e0nh li\u00ean t\u1ee5c th\u1eddi gian d\u00e0i<\/li>\n<\/ul>\n<h3>C\u00f4ng ngh\u1ec7 ti\u00ean ti\u1ebfn \u0111\u1ea3m b\u1ea3o an to\u00e0n v\u00e0 b\u1ea3o m\u1eadt v\u1eadn h\u00e0nh cao h\u01a1n<\/h3>\n<ul>\n<li>C\u1ea3nh b\u00e1o phanh tay<\/li>\n<li>H\u1ec7 th\u1ed1ng kh\u00f3a li\u00ean \u0111\u1ed9ng v\u1eadn h\u00e0nh<\/li>\n<li>N\u00fat d\u1eebng kh\u1ea9n c\u1ea5p<\/li>\n<li>Ch\u1ebf \u0111\u1ed9 ki\u1ec3m so\u00e1t an to\u00e0n khi di chuy\u1ec3n<\/li>\n<\/ul>","protected":false},"excerpt":{"rendered":"<p>Three Wheeler Choose from 10 varied models to accommodate a wide range of applications. Featuring the SICOS-AC Multifunctional Centralized Control System Excellent Space-Saving Design with 1510mm Turning Radius Lighter Weight Body Standard Advance Feature Electric Power Steering Fork Soft Landing Feature Multifunction Display Seat Suspension Spacious Legroom Combination Tail Lamps Pitching Reduction System Improved Forward [&hellip;]<\/p>","protected":false},"featured_media":2059,"template":"","meta":{"_acf_changed":false,"inline_featured_image":false},"model-type":[62,49],"product_brand":[43],"product_cat":[31,61],"product_tag":[],"class_list":{"0":"post-2058","1":"product","2":"type-product","3":"status-publish","4":"has-post-thumbnail","6":"model-type-counterbalanced-trucks","7":"model-type-electric","8":"product_brand-nichiyu","9":"product_cat-electric-forklifts","10":"product_cat-counterbalanced-trucks","12":"first","13":"instock","14":"shipping-taxable","15":"purchasable","16":"product-type-simple"},"acf":[],"yoast_head":"<!-- This site is optimized with the Yoast SEO Premium plugin v25.6 (Yoast SEO v25.6) - https:\/\/yoast.com\/wordpress\/plugins\/seo\/ -->\n<title>Three Wheeler - Goldbell<\/title>\n<meta name=\"robots\" content=\"noindex, follow, max-snippet:-1, max-image-preview:large, max-video-preview:-1\" \/>\n<meta property=\"og:locale\" content=\"vi_VN\" \/>\n<meta property=\"og:type\" content=\"article\" \/>\n<meta property=\"og:title\" content=\"Three Wheeler\" \/>\n<meta property=\"og:description\" content=\"Three Wheeler Choose from 10 varied models to accommodate a wide range of applications. Featuring the SICOS-AC Multifunctional Centralized Control System Excellent Space-Saving Design with 1510mm Turning Radius Lighter Weight Body Standard Advance Feature Electric Power Steering Fork Soft Landing Feature Multifunction Display Seat Suspension Spacious Legroom Combination Tail Lamps Pitching Reduction System Improved Forward [&hellip;]\" \/>\n<meta property=\"og:url\" content=\"https:\/\/goldbellvn.ifdemo.com\/vi\/san-pham\/counterbalanced-trucks-three-wheeler\/\" \/>\n<meta property=\"og:site_name\" content=\"Goldbell\" \/>\n<meta property=\"article:modified_time\" content=\"2026-01-08T01:47:05+00:00\" \/>\n<meta property=\"og:image\" content=\"https:\/\/goldbellvn.ifdemo.com\/wp-content\/uploads\/2025\/12\/3-Wheelers-Counterbalanced-Trucks-Standard-600x600-1.webp\" \/>\n\t<meta property=\"og:image:width\" content=\"300\" \/>\n\t<meta property=\"og:image:height\" content=\"300\" \/>\n\t<meta property=\"og:image:type\" content=\"image\/webp\" \/>\n<meta name=\"twitter:card\" content=\"summary_large_image\" \/>\n<meta name=\"twitter:label1\" content=\"\u01af\u1edbc t\u00ednh th\u1eddi gian \u0111\u1ecdc\" \/>\n\t<meta name=\"twitter:data1\" content=\"1 ph\u00fat\" \/>\n<script type=\"application\/ld+json\" class=\"yoast-schema-graph\">{\"@context\":\"https:\/\/schema.org\",\"@graph\":[{\"@type\":\"WebPage\",\"@id\":\"https:\/\/goldbellvn.ifdemo.com\/product\/counterbalanced-trucks-three-wheeler\/\",\"url\":\"https:\/\/goldbellvn.ifdemo.com\/product\/counterbalanced-trucks-three-wheeler\/\",\"name\":\"Three Wheeler - Goldbell\",\"isPartOf\":{\"@id\":\"https:\/\/goldbellvn.ifdemo.com\/#website\"},\"primaryImageOfPage\":{\"@id\":\"https:\/\/goldbellvn.ifdemo.com\/product\/counterbalanced-trucks-three-wheeler\/#primaryimage\"},\"image\":{\"@id\":\"https:\/\/goldbellvn.ifdemo.com\/product\/counterbalanced-trucks-three-wheeler\/#primaryimage\"},\"thumbnailUrl\":\"https:\/\/goldbellvn.ifdemo.com\/wp-content\/uploads\/2025\/12\/3-Wheelers-Counterbalanced-Trucks-Standard-600x600-1.webp\",\"datePublished\":\"2025-12-09T19:34:51+00:00\",\"dateModified\":\"2026-01-08T01:47:05+00:00\",\"breadcrumb\":{\"@id\":\"https:\/\/goldbellvn.ifdemo.com\/product\/counterbalanced-trucks-three-wheeler\/#breadcrumb\"},\"inLanguage\":\"vi\",\"potentialAction\":[{\"@type\":\"ReadAction\",\"target\":[\"https:\/\/goldbellvn.ifdemo.com\/product\/counterbalanced-trucks-three-wheeler\/\"]}]},{\"@type\":\"ImageObject\",\"inLanguage\":\"vi\",\"@id\":\"https:\/\/goldbellvn.ifdemo.com\/product\/counterbalanced-trucks-three-wheeler\/#primaryimage\",\"url\":\"https:\/\/goldbellvn.ifdemo.com\/wp-content\/uploads\/2025\/12\/3-Wheelers-Counterbalanced-Trucks-Standard-600x600-1.webp\",\"contentUrl\":\"https:\/\/goldbellvn.ifdemo.com\/wp-content\/uploads\/2025\/12\/3-Wheelers-Counterbalanced-Trucks-Standard-600x600-1.webp\",\"width\":300,\"height\":300},{\"@type\":\"BreadcrumbList\",\"@id\":\"https:\/\/goldbellvn.ifdemo.com\/product\/counterbalanced-trucks-three-wheeler\/#breadcrumb\",\"itemListElement\":[{\"@type\":\"ListItem\",\"position\":1,\"name\":\"Home\",\"item\":\"https:\/\/goldbellvn.ifdemo.com\/\"},{\"@type\":\"ListItem\",\"position\":2,\"name\":\"Products\",\"item\":\"https:\/\/goldbellvn.ifdemo.com\/shop\/\"},{\"@type\":\"ListItem\",\"position\":3,\"name\":\"Three Wheeler\"}]},{\"@type\":\"WebSite\",\"@id\":\"https:\/\/goldbellvn.ifdemo.com\/#website\",\"url\":\"https:\/\/goldbellvn.ifdemo.com\/\",\"name\":\"Goldbell\",\"description\":\"\",\"publisher\":{\"@id\":\"https:\/\/goldbellvn.ifdemo.com\/#organization\"},\"potentialAction\":[{\"@type\":\"SearchAction\",\"target\":{\"@type\":\"EntryPoint\",\"urlTemplate\":\"https:\/\/goldbellvn.ifdemo.com\/?s={search_term_string}\"},\"query-input\":{\"@type\":\"PropertyValueSpecification\",\"valueRequired\":true,\"valueName\":\"search_term_string\"}}],\"inLanguage\":\"vi\"},{\"@type\":\"Organization\",\"@id\":\"https:\/\/goldbellvn.ifdemo.com\/#organization\",\"name\":\"Goldbell\",\"url\":\"https:\/\/goldbellvn.ifdemo.com\/\",\"logo\":{\"@type\":\"ImageObject\",\"inLanguage\":\"vi\",\"@id\":\"https:\/\/goldbellvn.ifdemo.com\/#\/schema\/logo\/image\/\",\"url\":\"https:\/\/goldbellvn.ifdemo.com\/wp-content\/uploads\/2025\/09\/logo.svg\",\"contentUrl\":\"https:\/\/goldbellvn.ifdemo.com\/wp-content\/uploads\/2025\/09\/logo.svg\",\"width\":18,\"height\":23,\"caption\":\"Goldbell\"},\"image\":{\"@id\":\"https:\/\/goldbellvn.ifdemo.com\/#\/schema\/logo\/image\/\"}}]}<\/script>\n<!-- \/ Yoast SEO Premium plugin. -->","yoast_head_json":{"title":"Three Wheeler - Goldbell","robots":{"index":"noindex","follow":"follow","max-snippet":"max-snippet:-1","max-image-preview":"max-image-preview:large","max-video-preview":"max-video-preview:-1"},"og_locale":"vi_VN","og_type":"article","og_title":"Three Wheeler","og_description":"Three Wheeler Choose from 10 varied models to accommodate a wide range of applications. Featuring the SICOS-AC Multifunctional Centralized Control System Excellent Space-Saving Design with 1510mm Turning Radius Lighter Weight Body Standard Advance Feature Electric Power Steering Fork Soft Landing Feature Multifunction Display Seat Suspension Spacious Legroom Combination Tail Lamps Pitching Reduction System Improved Forward [&hellip;]","og_url":"https:\/\/goldbellvn.ifdemo.com\/vi\/san-pham\/counterbalanced-trucks-three-wheeler\/","og_site_name":"Goldbell","article_modified_time":"2026-01-08T01:47:05+00:00","og_image":[{"width":300,"height":300,"url":"https:\/\/goldbellvn.ifdemo.com\/wp-content\/uploads\/2025\/12\/3-Wheelers-Counterbalanced-Trucks-Standard-600x600-1.webp","type":"image\/webp"}],"twitter_card":"summary_large_image","twitter_misc":{"\u01af\u1edbc t\u00ednh th\u1eddi gian \u0111\u1ecdc":"1 ph\u00fat"},"schema":{"@context":"https:\/\/schema.org","@graph":[{"@type":"WebPage","@id":"https:\/\/goldbellvn.ifdemo.com\/product\/counterbalanced-trucks-three-wheeler\/","url":"https:\/\/goldbellvn.ifdemo.com\/product\/counterbalanced-trucks-three-wheeler\/","name":"Three Wheeler - Goldbell","isPartOf":{"@id":"https:\/\/goldbellvn.ifdemo.com\/#website"},"primaryImageOfPage":{"@id":"https:\/\/goldbellvn.ifdemo.com\/product\/counterbalanced-trucks-three-wheeler\/#primaryimage"},"image":{"@id":"https:\/\/goldbellvn.ifdemo.com\/product\/counterbalanced-trucks-three-wheeler\/#primaryimage"},"thumbnailUrl":"https:\/\/goldbellvn.ifdemo.com\/wp-content\/uploads\/2025\/12\/3-Wheelers-Counterbalanced-Trucks-Standard-600x600-1.webp","datePublished":"2025-12-09T19:34:51+00:00","dateModified":"2026-01-08T01:47:05+00:00","breadcrumb":{"@id":"https:\/\/goldbellvn.ifdemo.com\/product\/counterbalanced-trucks-three-wheeler\/#breadcrumb"},"inLanguage":"vi","potentialAction":[{"@type":"ReadAction","target":["https:\/\/goldbellvn.ifdemo.com\/product\/counterbalanced-trucks-three-wheeler\/"]}]},{"@type":"ImageObject","inLanguage":"vi","@id":"https:\/\/goldbellvn.ifdemo.com\/product\/counterbalanced-trucks-three-wheeler\/#primaryimage","url":"https:\/\/goldbellvn.ifdemo.com\/wp-content\/uploads\/2025\/12\/3-Wheelers-Counterbalanced-Trucks-Standard-600x600-1.webp","contentUrl":"https:\/\/goldbellvn.ifdemo.com\/wp-content\/uploads\/2025\/12\/3-Wheelers-Counterbalanced-Trucks-Standard-600x600-1.webp","width":300,"height":300},{"@type":"BreadcrumbList","@id":"https:\/\/goldbellvn.ifdemo.com\/product\/counterbalanced-trucks-three-wheeler\/#breadcrumb","itemListElement":[{"@type":"ListItem","position":1,"name":"Home","item":"https:\/\/goldbellvn.ifdemo.com\/"},{"@type":"ListItem","position":2,"name":"Products","item":"https:\/\/goldbellvn.ifdemo.com\/shop\/"},{"@type":"ListItem","position":3,"name":"Three Wheeler"}]},{"@type":"WebSite","@id":"https:\/\/goldbellvn.ifdemo.com\/#website","url":"https:\/\/goldbellvn.ifdemo.com\/","name":"Goldbell","description":"","publisher":{"@id":"https:\/\/goldbellvn.ifdemo.com\/#organization"},"potentialAction":[{"@type":"SearchAction","target":{"@type":"EntryPoint","urlTemplate":"https:\/\/goldbellvn.ifdemo.com\/?s={search_term_string}"},"query-input":{"@type":"PropertyValueSpecification","valueRequired":true,"valueName":"search_term_string"}}],"inLanguage":"vi"},{"@type":"Organization","@id":"https:\/\/goldbellvn.ifdemo.com\/#organization","name":"Goldbell","url":"https:\/\/goldbellvn.ifdemo.com\/","logo":{"@type":"ImageObject","inLanguage":"vi","@id":"https:\/\/goldbellvn.ifdemo.com\/#\/schema\/logo\/image\/","url":"https:\/\/goldbellvn.ifdemo.com\/wp-content\/uploads\/2025\/09\/logo.svg","contentUrl":"https:\/\/goldbellvn.ifdemo.com\/wp-content\/uploads\/2025\/09\/logo.svg","width":18,"height":23,"caption":"Goldbell"},"image":{"@id":"https:\/\/goldbellvn.ifdemo.com\/#\/schema\/logo\/image\/"}}]}},"_links":{"self":[{"href":"https:\/\/goldbellvn.ifdemo.com\/vi\/wp-json\/wp\/v2\/product\/2058","targetHints":{"allow":["GET"]}}],"collection":[{"href":"https:\/\/goldbellvn.ifdemo.com\/vi\/wp-json\/wp\/v2\/product"}],"about":[{"href":"https:\/\/goldbellvn.ifdemo.com\/vi\/wp-json\/wp\/v2\/types\/product"}],"wp:featuredmedia":[{"embeddable":true,"href":"https:\/\/goldbellvn.ifdemo.com\/vi\/wp-json\/wp\/v2\/media\/2059"}],"wp:attachment":[{"href":"https:\/\/goldbellvn.ifdemo.com\/vi\/wp-json\/wp\/v2\/media?parent=2058"}],"wp:term":[{"taxonomy":"model-type","embeddable":true,"href":"https:\/\/goldbellvn.ifdemo.com\/vi\/wp-json\/wp\/v2\/model-type?post=2058"},{"taxonomy":"product_brand","embeddable":true,"href":"https:\/\/goldbellvn.ifdemo.com\/vi\/wp-json\/wp\/v2\/product_brand?post=2058"},{"taxonomy":"product_cat","embeddable":true,"href":"https:\/\/goldbellvn.ifdemo.com\/vi\/wp-json\/wp\/v2\/product_cat?post=2058"},{"taxonomy":"product_tag","embeddable":true,"href":"https:\/\/goldbellvn.ifdemo.com\/vi\/wp-json\/wp\/v2\/product_tag?post=2058"}],"curies":[{"name":"wp","href":"https:\/\/api.w.org\/{rel}","templated":true}]}}