{"id":2063,"date":"2025-12-09T19:57:03","date_gmt":"2025-12-09T19:57:03","guid":{"rendered":"https:\/\/goldbell.123websitedev.com\/?post_type=product&#038;p=2063"},"modified":"2026-01-15T04:11:06","modified_gmt":"2026-01-15T04:11:06","slug":"rack-forklift-trucks-rftl-series","status":"publish","type":"product","link":"https:\/\/goldbellvn.ifdemo.com\/vi\/san-pham\/rack-forklift-trucks-rftl-series\/","title":{"rendered":"RFTL Series"},"content":{"rendered":"<h2 class=\"product_title entry-title\">RFTL Series<\/h2>\n<div>C\u00f3 th\u1ec3 th\u1ef1c hi\u1ec7n nhi\u1ec1u nhi\u1ec7m v\u1ee5 kh\u00e1c nhau v\u00e0 v\u1eadn h\u00e0nh d\u1ec5 d\u00e0ng trong l\u1ed1i \u0111i ch\u1ec9 r\u1ed9ng 1480mm.<\/div>\n<ul>\n<li>H\u1ed7 tr\u1ee3 x\u1ebfp\/d\u1ee1 h\u00e0ng theo 3 h\u01b0\u1edbng<\/li>\n<li>C\u00f3 th\u1ec3 ho\u1ea1t \u0111\u1ed9ng trong l\u1ed1i \u0111i ch\u1ec9 1480 mm, gi\u00fap t\u1ed1i \u01b0u kh\u00f4ng gian l\u00e0m vi\u1ec7c v\u00e0 t\u0103ng \u0111\u00e1ng k\u1ec3 s\u1ee9c ch\u1ee9a kho h\u00e0ng<\/li>\n<\/ul>\n<p><strong>C\u1ee5m \u0111\u1ea7u xoay \u0111i\u1ec7n ti\u00ean ti\u1ebfn<\/strong><\/p>\n<ul>\n<li>T\u0103ng \u0111\u1ed9 \u1ed5n \u0111\u1ecbnh<\/li>\n<li>Ti\u1ebft ki\u1ec7m n\u0103ng l\u01b0\u1ee3ng<\/li>\n<li>V\u1eadn h\u00e0nh tho\u1ea3i m\u00e1i h\u01a1n<\/li>\n<\/ul>\n<p><strong>V\u1eadn h\u00e0nh tho\u1ea3i m\u00e1i h\u01a1n<\/strong><\/p>\n<ul>\n<li>M\u00e0n h\u00ecnh hi\u1ec3n th\u1ecb d\u1ec5 quan s\u00e1t h\u01a1n khi s\u1eed d\u1ee5ng ngo\u00e0i tr\u1eddi<\/li>\n<li>C\u00f4ng t\u1eafc Eco gi\u00fap t\u0103ng hi\u1ec7u qu\u1ea3 ti\u1ebft ki\u1ec7m n\u0103ng l\u01b0\u1ee3ng<\/li>\n<li>H\u1ec7 th\u1ed1ng t\u00f9y ch\u1ec9nh \u0111\u1eb7c t\u00ednh v\u1eadn h\u00e0nh<\/li>\n<li>S\u00e0n thao t\u00e1c th\u1ea5p<\/li>\n<li>B\u00e0n \u0111\u1ea1p m\u1edbi t\u00edch h\u1ee3p c\u00f4ng t\u1eafc nh\u1eadn di\u1ec7n ng\u01b0\u1eddi v\u1eadn h\u00e0nh<\/li>\n<li>H\u1ec7 th\u1ed1ng kh\u00f3a li\u00ean \u0111\u1ed9ng v\u1eadn h\u00e0nh<\/li>\n<li>Nh\u1eadp m\u1eadt kh\u1ea9u (t\u00f9y ch\u1ecdn)<\/li>\n<\/ul>\n<p><strong>V\u1eadn h\u00e0nh an to\u00e0n v\u00e0 b\u1ea3o m\u1eadt h\u01a1n<\/strong><\/p>\n<ul>\n<li>Ch\u1ee9c n\u0103ng d\u1eebng n\u00e2ng t\u1ef1 \u0111\u1ed9ng \u0111\u1ec3 \u0111\u1ea3m b\u1ea3o an to\u00e0n khi x\u1ebfp h\u00e0ng (t\u00f9y ch\u1ecdn)<\/li>\n<li>Nhi\u1ec1u thi\u1ebft b\u1ecb an to\u00e0n h\u01b0\u1edbng \u0111\u1ebfn ng\u01b0\u1eddi v\u1eadn h\u00e0nh<\/li>\n<\/ul>","protected":false},"excerpt":{"rendered":"<p>RFTL Series A variety of tasks and easy operation are possible in an aisle width of only 1480mm. Offers Three-directional Loading Accommodates Aisles Only 1480 mm Wide can effective use of work space, greatly increase of storage capacity Advanced Electric Turret Head Increased stability Energy saving More Comfortable Operation More Comfortable Operation A display that\u2019s [&hellip;]<\/p>","protected":false},"featured_media":2064,"template":"","meta":{"_acf_changed":false,"inline_featured_image":false},"model-type":[49,78],"product_brand":[43],"product_cat":[31,77],"product_tag":[],"class_list":{"0":"post-2063","1":"product","2":"type-product","3":"status-publish","4":"has-post-thumbnail","6":"model-type-electric","7":"model-type-rack-forklift-truck","8":"product_brand-nichiyu","9":"product_cat-electric-forklifts","10":"product_cat-rack-forklift-truck","12":"first","13":"instock","14":"shipping-taxable","15":"purchasable","16":"product-type-simple"},"acf":[],"yoast_head":"<!-- This site is optimized with the Yoast SEO Premium plugin v25.6 (Yoast SEO v25.6) - https:\/\/yoast.com\/wordpress\/plugins\/seo\/ -->\n<title>RFTL Series - Goldbell<\/title>\n<meta name=\"description\" content=\"A variety of tasks and easy operation are possible in an aisle width of only 1480mm.Offers Three-directional LoadingAccommodates Aisles Only 1480 mm Wide can effective use of work space, greatly increase of storage capacity\" \/>\n<meta name=\"robots\" content=\"noindex, follow, max-snippet:-1, max-image-preview:large, max-video-preview:-1\" \/>\n<meta property=\"og:locale\" content=\"vi_VN\" \/>\n<meta property=\"og:type\" content=\"article\" \/>\n<meta property=\"og:title\" content=\"RFTL Series\" \/>\n<meta property=\"og:description\" content=\"A variety of tasks and easy operation are possible in an aisle width of only 1480mm.Offers Three-directional LoadingAccommodates Aisles Only 1480 mm Wide can effective use of work space, greatly increase of storage capacity\" \/>\n<meta property=\"og:url\" content=\"https:\/\/goldbellvn.ifdemo.com\/vi\/san-pham\/rack-forklift-trucks-rftl-series\/\" \/>\n<meta property=\"og:site_name\" content=\"Goldbell\" \/>\n<meta property=\"article:modified_time\" content=\"2026-01-15T04:11:06+00:00\" \/>\n<meta property=\"og:image\" content=\"https:\/\/goldbellvn.ifdemo.com\/wp-content\/uploads\/2025\/12\/T-Rack-Forklift-Trucks.webp\" \/>\n\t<meta property=\"og:image:width\" content=\"300\" \/>\n\t<meta property=\"og:image:height\" content=\"300\" \/>\n\t<meta property=\"og:image:type\" content=\"image\/webp\" \/>\n<meta name=\"twitter:card\" content=\"summary_large_image\" \/>\n<meta name=\"twitter:label1\" content=\"\u01af\u1edbc t\u00ednh th\u1eddi gian \u0111\u1ecdc\" \/>\n\t<meta name=\"twitter:data1\" content=\"1 ph\u00fat\" \/>\n<script type=\"application\/ld+json\" class=\"yoast-schema-graph\">{\"@context\":\"https:\/\/schema.org\",\"@graph\":[{\"@type\":\"WebPage\",\"@id\":\"https:\/\/goldbellvn.ifdemo.com\/product\/rack-forklift-trucks-rftl-series\/\",\"url\":\"https:\/\/goldbellvn.ifdemo.com\/product\/rack-forklift-trucks-rftl-series\/\",\"name\":\"RFTL Series - Goldbell\",\"isPartOf\":{\"@id\":\"https:\/\/goldbellvn.ifdemo.com\/#website\"},\"primaryImageOfPage\":{\"@id\":\"https:\/\/goldbellvn.ifdemo.com\/product\/rack-forklift-trucks-rftl-series\/#primaryimage\"},\"image\":{\"@id\":\"https:\/\/goldbellvn.ifdemo.com\/product\/rack-forklift-trucks-rftl-series\/#primaryimage\"},\"thumbnailUrl\":\"https:\/\/goldbellvn.ifdemo.com\/wp-content\/uploads\/2025\/12\/T-Rack-Forklift-Trucks.webp\",\"datePublished\":\"2025-12-09T19:57:03+00:00\",\"dateModified\":\"2026-01-15T04:11:06+00:00\",\"description\":\"A variety of tasks and easy operation are possible in an aisle width of only 1480mm.Offers Three-directional LoadingAccommodates Aisles Only 1480 mm Wide can effective use of work space, greatly increase of storage capacity\",\"breadcrumb\":{\"@id\":\"https:\/\/goldbellvn.ifdemo.com\/product\/rack-forklift-trucks-rftl-series\/#breadcrumb\"},\"inLanguage\":\"vi\",\"potentialAction\":[{\"@type\":\"ReadAction\",\"target\":[\"https:\/\/goldbellvn.ifdemo.com\/product\/rack-forklift-trucks-rftl-series\/\"]}]},{\"@type\":\"ImageObject\",\"inLanguage\":\"vi\",\"@id\":\"https:\/\/goldbellvn.ifdemo.com\/product\/rack-forklift-trucks-rftl-series\/#primaryimage\",\"url\":\"https:\/\/goldbellvn.ifdemo.com\/wp-content\/uploads\/2025\/12\/T-Rack-Forklift-Trucks.webp\",\"contentUrl\":\"https:\/\/goldbellvn.ifdemo.com\/wp-content\/uploads\/2025\/12\/T-Rack-Forklift-Trucks.webp\",\"width\":300,\"height\":300},{\"@type\":\"BreadcrumbList\",\"@id\":\"https:\/\/goldbellvn.ifdemo.com\/product\/rack-forklift-trucks-rftl-series\/#breadcrumb\",\"itemListElement\":[{\"@type\":\"ListItem\",\"position\":1,\"name\":\"Home\",\"item\":\"https:\/\/goldbellvn.ifdemo.com\/\"},{\"@type\":\"ListItem\",\"position\":2,\"name\":\"Products\",\"item\":\"https:\/\/goldbellvn.ifdemo.com\/shop\/\"},{\"@type\":\"ListItem\",\"position\":3,\"name\":\"RFTL Series\"}]},{\"@type\":\"WebSite\",\"@id\":\"https:\/\/goldbellvn.ifdemo.com\/#website\",\"url\":\"https:\/\/goldbellvn.ifdemo.com\/\",\"name\":\"Goldbell\",\"description\":\"\",\"publisher\":{\"@id\":\"https:\/\/goldbellvn.ifdemo.com\/#organization\"},\"potentialAction\":[{\"@type\":\"SearchAction\",\"target\":{\"@type\":\"EntryPoint\",\"urlTemplate\":\"https:\/\/goldbellvn.ifdemo.com\/?s={search_term_string}\"},\"query-input\":{\"@type\":\"PropertyValueSpecification\",\"valueRequired\":true,\"valueName\":\"search_term_string\"}}],\"inLanguage\":\"vi\"},{\"@type\":\"Organization\",\"@id\":\"https:\/\/goldbellvn.ifdemo.com\/#organization\",\"name\":\"Goldbell\",\"url\":\"https:\/\/goldbellvn.ifdemo.com\/\",\"logo\":{\"@type\":\"ImageObject\",\"inLanguage\":\"vi\",\"@id\":\"https:\/\/goldbellvn.ifdemo.com\/#\/schema\/logo\/image\/\",\"url\":\"https:\/\/goldbellvn.ifdemo.com\/wp-content\/uploads\/2025\/09\/logo.svg\",\"contentUrl\":\"https:\/\/goldbellvn.ifdemo.com\/wp-content\/uploads\/2025\/09\/logo.svg\",\"width\":18,\"height\":23,\"caption\":\"Goldbell\"},\"image\":{\"@id\":\"https:\/\/goldbellvn.ifdemo.com\/#\/schema\/logo\/image\/\"}}]}<\/script>\n<!-- \/ Yoast SEO Premium plugin. -->","yoast_head_json":{"title":"RFTL Series - Goldbell","description":"A variety of tasks and easy operation are possible in an aisle width of only 1480mm.Offers Three-directional LoadingAccommodates Aisles Only 1480 mm Wide can effective use of work space, greatly increase of storage capacity","robots":{"index":"noindex","follow":"follow","max-snippet":"max-snippet:-1","max-image-preview":"max-image-preview:large","max-video-preview":"max-video-preview:-1"},"og_locale":"vi_VN","og_type":"article","og_title":"RFTL Series","og_description":"A variety of tasks and easy operation are possible in an aisle width of only 1480mm.Offers Three-directional LoadingAccommodates Aisles Only 1480 mm Wide can effective use of work space, greatly increase of storage capacity","og_url":"https:\/\/goldbellvn.ifdemo.com\/vi\/san-pham\/rack-forklift-trucks-rftl-series\/","og_site_name":"Goldbell","article_modified_time":"2026-01-15T04:11:06+00:00","og_image":[{"width":300,"height":300,"url":"https:\/\/goldbellvn.ifdemo.com\/wp-content\/uploads\/2025\/12\/T-Rack-Forklift-Trucks.webp","type":"image\/webp"}],"twitter_card":"summary_large_image","twitter_misc":{"\u01af\u1edbc t\u00ednh th\u1eddi gian \u0111\u1ecdc":"1 ph\u00fat"},"schema":{"@context":"https:\/\/schema.org","@graph":[{"@type":"WebPage","@id":"https:\/\/goldbellvn.ifdemo.com\/product\/rack-forklift-trucks-rftl-series\/","url":"https:\/\/goldbellvn.ifdemo.com\/product\/rack-forklift-trucks-rftl-series\/","name":"RFTL Series - Goldbell","isPartOf":{"@id":"https:\/\/goldbellvn.ifdemo.com\/#website"},"primaryImageOfPage":{"@id":"https:\/\/goldbellvn.ifdemo.com\/product\/rack-forklift-trucks-rftl-series\/#primaryimage"},"image":{"@id":"https:\/\/goldbellvn.ifdemo.com\/product\/rack-forklift-trucks-rftl-series\/#primaryimage"},"thumbnailUrl":"https:\/\/goldbellvn.ifdemo.com\/wp-content\/uploads\/2025\/12\/T-Rack-Forklift-Trucks.webp","datePublished":"2025-12-09T19:57:03+00:00","dateModified":"2026-01-15T04:11:06+00:00","description":"A variety of tasks and easy operation are possible in an aisle width of only 1480mm.Offers Three-directional LoadingAccommodates Aisles Only 1480 mm Wide can effective use of work space, greatly increase of storage capacity","breadcrumb":{"@id":"https:\/\/goldbellvn.ifdemo.com\/product\/rack-forklift-trucks-rftl-series\/#breadcrumb"},"inLanguage":"vi","potentialAction":[{"@type":"ReadAction","target":["https:\/\/goldbellvn.ifdemo.com\/product\/rack-forklift-trucks-rftl-series\/"]}]},{"@type":"ImageObject","inLanguage":"vi","@id":"https:\/\/goldbellvn.ifdemo.com\/product\/rack-forklift-trucks-rftl-series\/#primaryimage","url":"https:\/\/goldbellvn.ifdemo.com\/wp-content\/uploads\/2025\/12\/T-Rack-Forklift-Trucks.webp","contentUrl":"https:\/\/goldbellvn.ifdemo.com\/wp-content\/uploads\/2025\/12\/T-Rack-Forklift-Trucks.webp","width":300,"height":300},{"@type":"BreadcrumbList","@id":"https:\/\/goldbellvn.ifdemo.com\/product\/rack-forklift-trucks-rftl-series\/#breadcrumb","itemListElement":[{"@type":"ListItem","position":1,"name":"Home","item":"https:\/\/goldbellvn.ifdemo.com\/"},{"@type":"ListItem","position":2,"name":"Products","item":"https:\/\/goldbellvn.ifdemo.com\/shop\/"},{"@type":"ListItem","position":3,"name":"RFTL Series"}]},{"@type":"WebSite","@id":"https:\/\/goldbellvn.ifdemo.com\/#website","url":"https:\/\/goldbellvn.ifdemo.com\/","name":"Goldbell","description":"","publisher":{"@id":"https:\/\/goldbellvn.ifdemo.com\/#organization"},"potentialAction":[{"@type":"SearchAction","target":{"@type":"EntryPoint","urlTemplate":"https:\/\/goldbellvn.ifdemo.com\/?s={search_term_string}"},"query-input":{"@type":"PropertyValueSpecification","valueRequired":true,"valueName":"search_term_string"}}],"inLanguage":"vi"},{"@type":"Organization","@id":"https:\/\/goldbellvn.ifdemo.com\/#organization","name":"Goldbell","url":"https:\/\/goldbellvn.ifdemo.com\/","logo":{"@type":"ImageObject","inLanguage":"vi","@id":"https:\/\/goldbellvn.ifdemo.com\/#\/schema\/logo\/image\/","url":"https:\/\/goldbellvn.ifdemo.com\/wp-content\/uploads\/2025\/09\/logo.svg","contentUrl":"https:\/\/goldbellvn.ifdemo.com\/wp-content\/uploads\/2025\/09\/logo.svg","width":18,"height":23,"caption":"Goldbell"},"image":{"@id":"https:\/\/goldbellvn.ifdemo.com\/#\/schema\/logo\/image\/"}}]}},"_links":{"self":[{"href":"https:\/\/goldbellvn.ifdemo.com\/vi\/wp-json\/wp\/v2\/product\/2063","targetHints":{"allow":["GET"]}}],"collection":[{"href":"https:\/\/goldbellvn.ifdemo.com\/vi\/wp-json\/wp\/v2\/product"}],"about":[{"href":"https:\/\/goldbellvn.ifdemo.com\/vi\/wp-json\/wp\/v2\/types\/product"}],"wp:featuredmedia":[{"embeddable":true,"href":"https:\/\/goldbellvn.ifdemo.com\/vi\/wp-json\/wp\/v2\/media\/2064"}],"wp:attachment":[{"href":"https:\/\/goldbellvn.ifdemo.com\/vi\/wp-json\/wp\/v2\/media?parent=2063"}],"wp:term":[{"taxonomy":"model-type","embeddable":true,"href":"https:\/\/goldbellvn.ifdemo.com\/vi\/wp-json\/wp\/v2\/model-type?post=2063"},{"taxonomy":"product_brand","embeddable":true,"href":"https:\/\/goldbellvn.ifdemo.com\/vi\/wp-json\/wp\/v2\/product_brand?post=2063"},{"taxonomy":"product_cat","embeddable":true,"href":"https:\/\/goldbellvn.ifdemo.com\/vi\/wp-json\/wp\/v2\/product_cat?post=2063"},{"taxonomy":"product_tag","embeddable":true,"href":"https:\/\/goldbellvn.ifdemo.com\/vi\/wp-json\/wp\/v2\/product_tag?post=2063"}],"curies":[{"name":"wp","href":"https:\/\/api.w.org\/{rel}","templated":true}]}}