{"id":2065,"date":"2025-12-09T20:07:08","date_gmt":"2025-12-09T20:07:08","guid":{"rendered":"https:\/\/goldbell.123websitedev.com\/?post_type=product&#038;p=2065"},"modified":"2026-01-08T01:46:09","modified_gmt":"2026-01-08T01:46:09","slug":"reach-trucks-forklift-nichiyu-fbrf-sit-on","status":"publish","type":"product","link":"https:\/\/goldbellvn.ifdemo.com\/vi\/san-pham\/reach-trucks-forklift-nichiyu-fbrf-sit-on\/","title":{"rendered":"FBRF (Ng\u1ed3i l\u00e1i)"},"content":{"rendered":"<h2 class=\"product_title entry-title\">Ng\u1ed3i l\u00e1i<\/h2>\n<p data-start=\"165\" data-end=\"484\">Thi\u1ebft k\u1ebf hi\u1ec7n \u0111\u1ea1i v\u00e0 khoang l\u00e1i c\u00f4ng th\u00e1i h\u1ecdc gi\u00fap kh\u1ea3 n\u0103ng \u0111i\u1ec1u khi\u1ec3n linh ho\u1ea1t v\u00e0 v\u1eadn h\u00e0nh d\u1ec5 d\u00e0ng.<\/p>\n<ul>\n<li>H\u1ec7 th\u1ed1ng \u0111i\u1ec1u khi\u1ec3n t\u1eadp trung \u0111a ch\u1ee9c n\u0103ng cho \u0111i\u1ec1u khi\u1ec3n AC<\/li>\n<li>Kh\u1ea3 n\u0103ng t\u0103ng t\u1ed1c m\u1ea1nh m\u1ebd gi\u00fap n\u00e2ng cao hi\u1ec7u su\u1ea5t l\u00e0m vi\u1ec7c<\/li>\n<li>Kh\u1ea3 n\u0103ng v\u1eadn h\u00e0nh linh ho\u1ea1t v\u01b0\u1ee3t tr\u1ed9i trong kh\u00f4ng gian h\u1eb9p<\/li>\n<li>T\u0103ng c\u01b0\u1eddng t\u1ea7m nh\u00ecn khung n\u00e2ng, gi\u00fap v\u1eadn h\u00e0nh an to\u00e0n v\u00e0 d\u1ec5 d\u00e0ng h\u01a1n<\/li>\n<li>Khung n\u00e2ng gi\u1ea3m ch\u1ea5n v\u00e0 c\u01a1 ch\u1ebf h\u1ea1 \u00eam<\/li>\n<\/ul>\n<p><strong>H\u1ec7 th\u1ed1ng l\u00e1i ti\u00ean ti\u1ebfn v\u00e0 m\u00e0n h\u00ecnh hi\u1ec3n th\u1ecb \u0111a th\u00f4ng tin<\/strong><\/p>\n<ul>\n<li>Ch\u1ee9c n\u0103ng t\u1ef1 ch\u1ea9n \u0111o\u00e1n<\/li>\n<li>C\u00e0i \u0111\u1eb7t ch\u1ebf \u0111\u1ed9 l\u00e1i<\/li>\n<\/ul>\n<p><strong>An to\u00e0n ch\u1ee7 \u0111\u1ed9ng v\u00e0 d\u1ec5 b\u1ea3o tr\u00ec<\/strong><\/p>\n<ul>\n<li>T\u1ef1 \u0111\u1ed9ng t\u1eaft ngu\u1ed3n<\/li>\n<li>T\u00ednh n\u0103ng an to\u00e0n khi v\u1ec1 s\u1ed1 N<\/li>\n<li>\u0110i\u1ec1u khi\u1ec3n t\u1ed1c \u0111\u1ed9 n\u00e2ng ph\u1ee5 thu\u1ed9c t\u1ed1c \u0111\u1ed9 di chuy\u1ec3n<\/li>\n<li>H\u1ec7 th\u1ed1ng kh\u00f3a li\u00ean \u0111\u1ed9ng v\u1eadn h\u00e0nh<\/li>\n<li>H\u1ec7 th\u1ed1ng k\u00e9o \u1eafc quy ra ph\u00eda tr\u01b0\u1edbc<\/li>\n<li>N\u1eafp c\u1ee5m truy\u1ec1n \u0111\u1ed9ng m\u1edf ho\u00e0n to\u00e0n gi\u00fap b\u1ea3o tr\u00ec d\u1ec5 d\u00e0ng h\u01a1n<\/li>\n<\/ul>","protected":false},"excerpt":{"rendered":"<p>Sit On Stylish design and ergonomic cockpit ensures excellent manoeuvrability ease of operation. Multifunctional centralized control system for AC control Powerful acceleration for increased work efficiency Excellent maneuverability for narrow spaces Improved visibility of mast for safer, easier operation Shock absorption mast and soft landing mechanism Advanced steering and multi-display Self-diagnosis fuction Driving mode setting [&hellip;]<\/p>","protected":false},"featured_media":2066,"template":"","meta":{"_acf_changed":false,"inline_featured_image":false},"model-type":[49,53],"product_brand":[43],"product_cat":[31,57],"product_tag":[],"class_list":{"0":"post-2065","1":"product","2":"type-product","3":"status-publish","4":"has-post-thumbnail","6":"model-type-electric","7":"model-type-reach-truck","8":"product_brand-nichiyu","9":"product_cat-electric-forklifts","10":"product_cat-reach-trucks","12":"first","13":"instock","14":"shipping-taxable","15":"purchasable","16":"product-type-simple"},"acf":[],"yoast_head":"<!-- This site is optimized with the Yoast SEO Premium plugin v25.6 (Yoast SEO v25.6) - https:\/\/yoast.com\/wordpress\/plugins\/seo\/ -->\n<title>FBRF (Sit on) - Goldbell<\/title>\n<meta name=\"description\" content=\"Stylish design and ergonomic cockpit ensures excellent manoeuvrability ease of operation.Multifunctional centralized control system for AC controlPowerful acceleration for increased work efficiencyExcellent maneuverability for narrow spacesImproved visibility of mast for safer, easier operationShock absorption mast and soft landing mechanism\" \/>\n<meta name=\"robots\" content=\"noindex, follow, max-snippet:-1, max-image-preview:large, max-video-preview:-1\" \/>\n<meta property=\"og:locale\" content=\"vi_VN\" \/>\n<meta property=\"og:type\" content=\"article\" \/>\n<meta property=\"og:title\" content=\"FBRF (Sit on)\" \/>\n<meta property=\"og:description\" content=\"Stylish design and ergonomic cockpit ensures excellent manoeuvrability ease of operation.Multifunctional centralized control system for AC controlPowerful acceleration for increased work efficiencyExcellent maneuverability for narrow spacesImproved visibility of mast for safer, easier operationShock absorption mast and soft landing mechanism\" \/>\n<meta property=\"og:url\" content=\"https:\/\/goldbellvn.ifdemo.com\/vi\/san-pham\/reach-trucks-forklift-nichiyu-fbrf-sit-on\/\" \/>\n<meta property=\"og:site_name\" content=\"Goldbell\" \/>\n<meta property=\"article:modified_time\" content=\"2026-01-08T01:46:09+00:00\" \/>\n<meta property=\"og:image\" content=\"https:\/\/goldbellvn.ifdemo.com\/wp-content\/uploads\/2025\/12\/Sit-On-Reach-Trucks.webp\" \/>\n\t<meta property=\"og:image:width\" content=\"300\" \/>\n\t<meta property=\"og:image:height\" content=\"300\" \/>\n\t<meta property=\"og:image:type\" content=\"image\/webp\" \/>\n<meta name=\"twitter:card\" content=\"summary_large_image\" \/>\n<meta name=\"twitter:label1\" content=\"\u01af\u1edbc t\u00ednh th\u1eddi gian \u0111\u1ecdc\" \/>\n\t<meta name=\"twitter:data1\" content=\"1 ph\u00fat\" \/>\n<script type=\"application\/ld+json\" class=\"yoast-schema-graph\">{\"@context\":\"https:\/\/schema.org\",\"@graph\":[{\"@type\":\"WebPage\",\"@id\":\"https:\/\/goldbellvn.ifdemo.com\/product\/reach-trucks-forklift-nichiyu-fbrf-sit-on\/\",\"url\":\"https:\/\/goldbellvn.ifdemo.com\/product\/reach-trucks-forklift-nichiyu-fbrf-sit-on\/\",\"name\":\"FBRF (Sit on) - Goldbell\",\"isPartOf\":{\"@id\":\"https:\/\/goldbellvn.ifdemo.com\/#website\"},\"primaryImageOfPage\":{\"@id\":\"https:\/\/goldbellvn.ifdemo.com\/product\/reach-trucks-forklift-nichiyu-fbrf-sit-on\/#primaryimage\"},\"image\":{\"@id\":\"https:\/\/goldbellvn.ifdemo.com\/product\/reach-trucks-forklift-nichiyu-fbrf-sit-on\/#primaryimage\"},\"thumbnailUrl\":\"https:\/\/goldbellvn.ifdemo.com\/wp-content\/uploads\/2025\/12\/Sit-On-Reach-Trucks.webp\",\"datePublished\":\"2025-12-09T20:07:08+00:00\",\"dateModified\":\"2026-01-08T01:46:09+00:00\",\"description\":\"Stylish design and ergonomic cockpit ensures excellent manoeuvrability ease of operation.Multifunctional centralized control system for AC controlPowerful acceleration for increased work efficiencyExcellent maneuverability for narrow spacesImproved visibility of mast for safer, easier operationShock absorption mast and soft landing mechanism\",\"breadcrumb\":{\"@id\":\"https:\/\/goldbellvn.ifdemo.com\/product\/reach-trucks-forklift-nichiyu-fbrf-sit-on\/#breadcrumb\"},\"inLanguage\":\"vi\",\"potentialAction\":[{\"@type\":\"ReadAction\",\"target\":[\"https:\/\/goldbellvn.ifdemo.com\/product\/reach-trucks-forklift-nichiyu-fbrf-sit-on\/\"]}]},{\"@type\":\"ImageObject\",\"inLanguage\":\"vi\",\"@id\":\"https:\/\/goldbellvn.ifdemo.com\/product\/reach-trucks-forklift-nichiyu-fbrf-sit-on\/#primaryimage\",\"url\":\"https:\/\/goldbellvn.ifdemo.com\/wp-content\/uploads\/2025\/12\/Sit-On-Reach-Trucks.webp\",\"contentUrl\":\"https:\/\/goldbellvn.ifdemo.com\/wp-content\/uploads\/2025\/12\/Sit-On-Reach-Trucks.webp\",\"width\":300,\"height\":300},{\"@type\":\"BreadcrumbList\",\"@id\":\"https:\/\/goldbellvn.ifdemo.com\/product\/reach-trucks-forklift-nichiyu-fbrf-sit-on\/#breadcrumb\",\"itemListElement\":[{\"@type\":\"ListItem\",\"position\":1,\"name\":\"Home\",\"item\":\"https:\/\/goldbellvn.ifdemo.com\/\"},{\"@type\":\"ListItem\",\"position\":2,\"name\":\"Products\",\"item\":\"https:\/\/goldbellvn.ifdemo.com\/shop\/\"},{\"@type\":\"ListItem\",\"position\":3,\"name\":\"FBRF (Sit on)\"}]},{\"@type\":\"WebSite\",\"@id\":\"https:\/\/goldbellvn.ifdemo.com\/#website\",\"url\":\"https:\/\/goldbellvn.ifdemo.com\/\",\"name\":\"Goldbell\",\"description\":\"\",\"publisher\":{\"@id\":\"https:\/\/goldbellvn.ifdemo.com\/#organization\"},\"potentialAction\":[{\"@type\":\"SearchAction\",\"target\":{\"@type\":\"EntryPoint\",\"urlTemplate\":\"https:\/\/goldbellvn.ifdemo.com\/?s={search_term_string}\"},\"query-input\":{\"@type\":\"PropertyValueSpecification\",\"valueRequired\":true,\"valueName\":\"search_term_string\"}}],\"inLanguage\":\"vi\"},{\"@type\":\"Organization\",\"@id\":\"https:\/\/goldbellvn.ifdemo.com\/#organization\",\"name\":\"Goldbell\",\"url\":\"https:\/\/goldbellvn.ifdemo.com\/\",\"logo\":{\"@type\":\"ImageObject\",\"inLanguage\":\"vi\",\"@id\":\"https:\/\/goldbellvn.ifdemo.com\/#\/schema\/logo\/image\/\",\"url\":\"https:\/\/goldbellvn.ifdemo.com\/wp-content\/uploads\/2025\/09\/logo.svg\",\"contentUrl\":\"https:\/\/goldbellvn.ifdemo.com\/wp-content\/uploads\/2025\/09\/logo.svg\",\"width\":18,\"height\":23,\"caption\":\"Goldbell\"},\"image\":{\"@id\":\"https:\/\/goldbellvn.ifdemo.com\/#\/schema\/logo\/image\/\"}}]}<\/script>\n<!-- \/ Yoast SEO Premium plugin. -->","yoast_head_json":{"title":"FBRF (Sit on) - Goldbell","description":"Stylish design and ergonomic cockpit ensures excellent manoeuvrability ease of operation.Multifunctional centralized control system for AC controlPowerful acceleration for increased work efficiencyExcellent maneuverability for narrow spacesImproved visibility of mast for safer, easier operationShock absorption mast and soft landing mechanism","robots":{"index":"noindex","follow":"follow","max-snippet":"max-snippet:-1","max-image-preview":"max-image-preview:large","max-video-preview":"max-video-preview:-1"},"og_locale":"vi_VN","og_type":"article","og_title":"FBRF (Sit on)","og_description":"Stylish design and ergonomic cockpit ensures excellent manoeuvrability ease of operation.Multifunctional centralized control system for AC controlPowerful acceleration for increased work efficiencyExcellent maneuverability for narrow spacesImproved visibility of mast for safer, easier operationShock absorption mast and soft landing mechanism","og_url":"https:\/\/goldbellvn.ifdemo.com\/vi\/san-pham\/reach-trucks-forklift-nichiyu-fbrf-sit-on\/","og_site_name":"Goldbell","article_modified_time":"2026-01-08T01:46:09+00:00","og_image":[{"width":300,"height":300,"url":"https:\/\/goldbellvn.ifdemo.com\/wp-content\/uploads\/2025\/12\/Sit-On-Reach-Trucks.webp","type":"image\/webp"}],"twitter_card":"summary_large_image","twitter_misc":{"\u01af\u1edbc t\u00ednh th\u1eddi gian \u0111\u1ecdc":"1 ph\u00fat"},"schema":{"@context":"https:\/\/schema.org","@graph":[{"@type":"WebPage","@id":"https:\/\/goldbellvn.ifdemo.com\/product\/reach-trucks-forklift-nichiyu-fbrf-sit-on\/","url":"https:\/\/goldbellvn.ifdemo.com\/product\/reach-trucks-forklift-nichiyu-fbrf-sit-on\/","name":"FBRF (Sit on) - Goldbell","isPartOf":{"@id":"https:\/\/goldbellvn.ifdemo.com\/#website"},"primaryImageOfPage":{"@id":"https:\/\/goldbellvn.ifdemo.com\/product\/reach-trucks-forklift-nichiyu-fbrf-sit-on\/#primaryimage"},"image":{"@id":"https:\/\/goldbellvn.ifdemo.com\/product\/reach-trucks-forklift-nichiyu-fbrf-sit-on\/#primaryimage"},"thumbnailUrl":"https:\/\/goldbellvn.ifdemo.com\/wp-content\/uploads\/2025\/12\/Sit-On-Reach-Trucks.webp","datePublished":"2025-12-09T20:07:08+00:00","dateModified":"2026-01-08T01:46:09+00:00","description":"Stylish design and ergonomic cockpit ensures excellent manoeuvrability ease of operation.Multifunctional centralized control system for AC controlPowerful acceleration for increased work efficiencyExcellent maneuverability for narrow spacesImproved visibility of mast for safer, easier operationShock absorption mast and soft landing mechanism","breadcrumb":{"@id":"https:\/\/goldbellvn.ifdemo.com\/product\/reach-trucks-forklift-nichiyu-fbrf-sit-on\/#breadcrumb"},"inLanguage":"vi","potentialAction":[{"@type":"ReadAction","target":["https:\/\/goldbellvn.ifdemo.com\/product\/reach-trucks-forklift-nichiyu-fbrf-sit-on\/"]}]},{"@type":"ImageObject","inLanguage":"vi","@id":"https:\/\/goldbellvn.ifdemo.com\/product\/reach-trucks-forklift-nichiyu-fbrf-sit-on\/#primaryimage","url":"https:\/\/goldbellvn.ifdemo.com\/wp-content\/uploads\/2025\/12\/Sit-On-Reach-Trucks.webp","contentUrl":"https:\/\/goldbellvn.ifdemo.com\/wp-content\/uploads\/2025\/12\/Sit-On-Reach-Trucks.webp","width":300,"height":300},{"@type":"BreadcrumbList","@id":"https:\/\/goldbellvn.ifdemo.com\/product\/reach-trucks-forklift-nichiyu-fbrf-sit-on\/#breadcrumb","itemListElement":[{"@type":"ListItem","position":1,"name":"Home","item":"https:\/\/goldbellvn.ifdemo.com\/"},{"@type":"ListItem","position":2,"name":"Products","item":"https:\/\/goldbellvn.ifdemo.com\/shop\/"},{"@type":"ListItem","position":3,"name":"FBRF (Sit on)"}]},{"@type":"WebSite","@id":"https:\/\/goldbellvn.ifdemo.com\/#website","url":"https:\/\/goldbellvn.ifdemo.com\/","name":"Goldbell","description":"","publisher":{"@id":"https:\/\/goldbellvn.ifdemo.com\/#organization"},"potentialAction":[{"@type":"SearchAction","target":{"@type":"EntryPoint","urlTemplate":"https:\/\/goldbellvn.ifdemo.com\/?s={search_term_string}"},"query-input":{"@type":"PropertyValueSpecification","valueRequired":true,"valueName":"search_term_string"}}],"inLanguage":"vi"},{"@type":"Organization","@id":"https:\/\/goldbellvn.ifdemo.com\/#organization","name":"Goldbell","url":"https:\/\/goldbellvn.ifdemo.com\/","logo":{"@type":"ImageObject","inLanguage":"vi","@id":"https:\/\/goldbellvn.ifdemo.com\/#\/schema\/logo\/image\/","url":"https:\/\/goldbellvn.ifdemo.com\/wp-content\/uploads\/2025\/09\/logo.svg","contentUrl":"https:\/\/goldbellvn.ifdemo.com\/wp-content\/uploads\/2025\/09\/logo.svg","width":18,"height":23,"caption":"Goldbell"},"image":{"@id":"https:\/\/goldbellvn.ifdemo.com\/#\/schema\/logo\/image\/"}}]}},"_links":{"self":[{"href":"https:\/\/goldbellvn.ifdemo.com\/vi\/wp-json\/wp\/v2\/product\/2065","targetHints":{"allow":["GET"]}}],"collection":[{"href":"https:\/\/goldbellvn.ifdemo.com\/vi\/wp-json\/wp\/v2\/product"}],"about":[{"href":"https:\/\/goldbellvn.ifdemo.com\/vi\/wp-json\/wp\/v2\/types\/product"}],"wp:featuredmedia":[{"embeddable":true,"href":"https:\/\/goldbellvn.ifdemo.com\/vi\/wp-json\/wp\/v2\/media\/2066"}],"wp:attachment":[{"href":"https:\/\/goldbellvn.ifdemo.com\/vi\/wp-json\/wp\/v2\/media?parent=2065"}],"wp:term":[{"taxonomy":"model-type","embeddable":true,"href":"https:\/\/goldbellvn.ifdemo.com\/vi\/wp-json\/wp\/v2\/model-type?post=2065"},{"taxonomy":"product_brand","embeddable":true,"href":"https:\/\/goldbellvn.ifdemo.com\/vi\/wp-json\/wp\/v2\/product_brand?post=2065"},{"taxonomy":"product_cat","embeddable":true,"href":"https:\/\/goldbellvn.ifdemo.com\/vi\/wp-json\/wp\/v2\/product_cat?post=2065"},{"taxonomy":"product_tag","embeddable":true,"href":"https:\/\/goldbellvn.ifdemo.com\/vi\/wp-json\/wp\/v2\/product_tag?post=2065"}],"curies":[{"name":"wp","href":"https:\/\/api.w.org\/{rel}","templated":true}]}}