{"id":2075,"date":"2025-12-09T20:30:27","date_gmt":"2025-12-09T20:30:27","guid":{"rendered":"https:\/\/goldbell.123websitedev.com\/?post_type=product&#038;p=2075"},"modified":"2026-01-08T01:43:37","modified_gmt":"2026-01-08T01:43:37","slug":"pallet-trucks-walkie-trucks-forklift-nichiyu-low-lift-rear-ride-on","status":"publish","type":"product","link":"https:\/\/goldbellvn.ifdemo.com\/vi\/san-pham\/pallet-trucks-walkie-trucks-forklift-nichiyu-low-lift-rear-ride-on\/","title":{"rendered":"Xe n\u00e2ng th\u1ea5p (\u0111\u1ee9ng l\u00e1i ph\u00eda sau)"},"content":{"rendered":"<h2 class=\"product_title entry-title\">Xe n\u00e2ng th\u1ea5p (\u0111\u1ee9ng l\u00e1i ph\u00eda sau)<\/h2>\n<p data-start=\"165\" data-end=\"484\">Kh\u1ea3 n\u0103ng l\u00e1i nh\u1eb9 nh\u00e0ng v\u1edbi thao t\u00e1c \u0111\u01a1n gi\u1ea3n v\u00e0 b\u00e1n k\u00ednh quay nh\u1ecf gi\u00fap v\u1eadn h\u00e0nh hi\u1ec7u qu\u1ea3 cao trong kho.<\/p>\n<ul>\n<li>B\u00e1n k\u00ednh quay h\u1eb9p<\/li>\n<li>Chi\u1ec1u cao c\u00e0ng th\u1ea5p gi\u00fap \u0111\u01b0a v\u00e0o pallet d\u1ec5 d\u00e0ng h\u01a1n<\/li>\n<li>T\u1ea5m ch\u1eafn b\u1ea3o v\u1ec7 ch\u00e2n gi\u00fap \u0111\u1ea3m b\u1ea3o an to\u00e0n cho ng\u01b0\u1eddi v\u1eadn h\u00e0nh<\/li>\n<li>Thu\u1eadn ti\u1ec7n cho c\u00e1c ho\u1ea1t \u0111\u1ed9ng l\u1ea5y h\u00e0ng (picking) trong c\u00e1c trung t\u00e2m logistics quy m\u00f4 l\u1edbn<\/li>\n<\/ul>","protected":false},"excerpt":{"rendered":"<p>Low Lift (Rear Ride-On) The easy steering with a light touch and a small turning radius makes high efficient operation possible in warehouse. Tight turning radius Low fork height for easier pallet insertion Toe guard protects operator\u2019s feet. Easier picking operations in large-scale logistic centres<\/p>","protected":false},"featured_media":2076,"template":"","meta":{"_acf_changed":false,"inline_featured_image":false},"model-type":[49,54],"product_brand":[43],"product_cat":[31,26],"product_tag":[],"class_list":{"0":"post-2075","1":"product","2":"type-product","3":"status-publish","4":"has-post-thumbnail","6":"model-type-electric","7":"model-type-pallet-truck","8":"product_brand-nichiyu","9":"product_cat-electric-forklifts","10":"product_cat-pallet-trucks","12":"first","13":"instock","14":"shipping-taxable","15":"purchasable","16":"product-type-simple"},"acf":[],"yoast_head":"<!-- This site is optimized with the Yoast SEO Premium plugin v25.6 (Yoast SEO v25.6) - https:\/\/yoast.com\/wordpress\/plugins\/seo\/ -->\n<title>Low Lift (Rear Ride-On) - Goldbell<\/title>\n<meta name=\"robots\" content=\"noindex, follow, max-snippet:-1, max-image-preview:large, max-video-preview:-1\" \/>\n<meta property=\"og:locale\" content=\"vi_VN\" \/>\n<meta property=\"og:type\" content=\"article\" \/>\n<meta property=\"og:title\" content=\"Low Lift (Rear Ride-On)\" \/>\n<meta property=\"og:description\" content=\"Low Lift (Rear Ride-On) The easy steering with a light touch and a small turning radius makes high efficient operation possible in warehouse. Tight turning radius Low fork height for easier pallet insertion Toe guard protects operator\u2019s feet. Easier picking operations in large-scale logistic centres\" \/>\n<meta property=\"og:url\" content=\"https:\/\/goldbellvn.ifdemo.com\/vi\/san-pham\/pallet-trucks-walkie-trucks-forklift-nichiyu-low-lift-rear-ride-on\/\" \/>\n<meta property=\"og:site_name\" content=\"Goldbell\" \/>\n<meta property=\"article:modified_time\" content=\"2026-01-08T01:43:37+00:00\" \/>\n<meta property=\"og:image\" content=\"https:\/\/goldbellvn.ifdemo.com\/wp-content\/uploads\/2025\/12\/Walkie-Trucks-Low-Lift-Rear-Ride-On.webp\" \/>\n\t<meta property=\"og:image:width\" content=\"300\" \/>\n\t<meta property=\"og:image:height\" content=\"300\" \/>\n\t<meta property=\"og:image:type\" content=\"image\/webp\" \/>\n<meta name=\"twitter:card\" content=\"summary_large_image\" \/>\n<meta name=\"twitter:label1\" content=\"\u01af\u1edbc t\u00ednh th\u1eddi gian \u0111\u1ecdc\" \/>\n\t<meta name=\"twitter:data1\" content=\"1 ph\u00fat\" \/>\n<script type=\"application\/ld+json\" class=\"yoast-schema-graph\">{\"@context\":\"https:\/\/schema.org\",\"@graph\":[{\"@type\":\"WebPage\",\"@id\":\"https:\/\/goldbellvn.ifdemo.com\/product\/pallet-trucks-walkie-trucks-forklift-nichiyu-low-lift-rear-ride-on\/\",\"url\":\"https:\/\/goldbellvn.ifdemo.com\/product\/pallet-trucks-walkie-trucks-forklift-nichiyu-low-lift-rear-ride-on\/\",\"name\":\"Low Lift (Rear Ride-On) - Goldbell\",\"isPartOf\":{\"@id\":\"https:\/\/goldbellvn.ifdemo.com\/#website\"},\"primaryImageOfPage\":{\"@id\":\"https:\/\/goldbellvn.ifdemo.com\/product\/pallet-trucks-walkie-trucks-forklift-nichiyu-low-lift-rear-ride-on\/#primaryimage\"},\"image\":{\"@id\":\"https:\/\/goldbellvn.ifdemo.com\/product\/pallet-trucks-walkie-trucks-forklift-nichiyu-low-lift-rear-ride-on\/#primaryimage\"},\"thumbnailUrl\":\"https:\/\/goldbellvn.ifdemo.com\/wp-content\/uploads\/2025\/12\/Walkie-Trucks-Low-Lift-Rear-Ride-On.webp\",\"datePublished\":\"2025-12-09T20:30:27+00:00\",\"dateModified\":\"2026-01-08T01:43:37+00:00\",\"breadcrumb\":{\"@id\":\"https:\/\/goldbellvn.ifdemo.com\/product\/pallet-trucks-walkie-trucks-forklift-nichiyu-low-lift-rear-ride-on\/#breadcrumb\"},\"inLanguage\":\"vi\",\"potentialAction\":[{\"@type\":\"ReadAction\",\"target\":[\"https:\/\/goldbellvn.ifdemo.com\/product\/pallet-trucks-walkie-trucks-forklift-nichiyu-low-lift-rear-ride-on\/\"]}]},{\"@type\":\"ImageObject\",\"inLanguage\":\"vi\",\"@id\":\"https:\/\/goldbellvn.ifdemo.com\/product\/pallet-trucks-walkie-trucks-forklift-nichiyu-low-lift-rear-ride-on\/#primaryimage\",\"url\":\"https:\/\/goldbellvn.ifdemo.com\/wp-content\/uploads\/2025\/12\/Walkie-Trucks-Low-Lift-Rear-Ride-On.webp\",\"contentUrl\":\"https:\/\/goldbellvn.ifdemo.com\/wp-content\/uploads\/2025\/12\/Walkie-Trucks-Low-Lift-Rear-Ride-On.webp\",\"width\":300,\"height\":300},{\"@type\":\"BreadcrumbList\",\"@id\":\"https:\/\/goldbellvn.ifdemo.com\/product\/pallet-trucks-walkie-trucks-forklift-nichiyu-low-lift-rear-ride-on\/#breadcrumb\",\"itemListElement\":[{\"@type\":\"ListItem\",\"position\":1,\"name\":\"Home\",\"item\":\"https:\/\/goldbellvn.ifdemo.com\/\"},{\"@type\":\"ListItem\",\"position\":2,\"name\":\"Products\",\"item\":\"https:\/\/goldbellvn.ifdemo.com\/shop\/\"},{\"@type\":\"ListItem\",\"position\":3,\"name\":\"Low Lift (Rear Ride-On)\"}]},{\"@type\":\"WebSite\",\"@id\":\"https:\/\/goldbellvn.ifdemo.com\/#website\",\"url\":\"https:\/\/goldbellvn.ifdemo.com\/\",\"name\":\"Goldbell\",\"description\":\"\",\"publisher\":{\"@id\":\"https:\/\/goldbellvn.ifdemo.com\/#organization\"},\"potentialAction\":[{\"@type\":\"SearchAction\",\"target\":{\"@type\":\"EntryPoint\",\"urlTemplate\":\"https:\/\/goldbellvn.ifdemo.com\/?s={search_term_string}\"},\"query-input\":{\"@type\":\"PropertyValueSpecification\",\"valueRequired\":true,\"valueName\":\"search_term_string\"}}],\"inLanguage\":\"vi\"},{\"@type\":\"Organization\",\"@id\":\"https:\/\/goldbellvn.ifdemo.com\/#organization\",\"name\":\"Goldbell\",\"url\":\"https:\/\/goldbellvn.ifdemo.com\/\",\"logo\":{\"@type\":\"ImageObject\",\"inLanguage\":\"vi\",\"@id\":\"https:\/\/goldbellvn.ifdemo.com\/#\/schema\/logo\/image\/\",\"url\":\"https:\/\/goldbellvn.ifdemo.com\/wp-content\/uploads\/2025\/09\/logo.svg\",\"contentUrl\":\"https:\/\/goldbellvn.ifdemo.com\/wp-content\/uploads\/2025\/09\/logo.svg\",\"width\":18,\"height\":23,\"caption\":\"Goldbell\"},\"image\":{\"@id\":\"https:\/\/goldbellvn.ifdemo.com\/#\/schema\/logo\/image\/\"}}]}<\/script>\n<!-- \/ Yoast SEO Premium plugin. -->","yoast_head_json":{"title":"Low Lift (Rear Ride-On) - Goldbell","robots":{"index":"noindex","follow":"follow","max-snippet":"max-snippet:-1","max-image-preview":"max-image-preview:large","max-video-preview":"max-video-preview:-1"},"og_locale":"vi_VN","og_type":"article","og_title":"Low Lift (Rear Ride-On)","og_description":"Low Lift (Rear Ride-On) The easy steering with a light touch and a small turning radius makes high efficient operation possible in warehouse. Tight turning radius Low fork height for easier pallet insertion Toe guard protects operator\u2019s feet. Easier picking operations in large-scale logistic centres","og_url":"https:\/\/goldbellvn.ifdemo.com\/vi\/san-pham\/pallet-trucks-walkie-trucks-forklift-nichiyu-low-lift-rear-ride-on\/","og_site_name":"Goldbell","article_modified_time":"2026-01-08T01:43:37+00:00","og_image":[{"width":300,"height":300,"url":"https:\/\/goldbellvn.ifdemo.com\/wp-content\/uploads\/2025\/12\/Walkie-Trucks-Low-Lift-Rear-Ride-On.webp","type":"image\/webp"}],"twitter_card":"summary_large_image","twitter_misc":{"\u01af\u1edbc t\u00ednh th\u1eddi gian \u0111\u1ecdc":"1 ph\u00fat"},"schema":{"@context":"https:\/\/schema.org","@graph":[{"@type":"WebPage","@id":"https:\/\/goldbellvn.ifdemo.com\/product\/pallet-trucks-walkie-trucks-forklift-nichiyu-low-lift-rear-ride-on\/","url":"https:\/\/goldbellvn.ifdemo.com\/product\/pallet-trucks-walkie-trucks-forklift-nichiyu-low-lift-rear-ride-on\/","name":"Low Lift (Rear Ride-On) - Goldbell","isPartOf":{"@id":"https:\/\/goldbellvn.ifdemo.com\/#website"},"primaryImageOfPage":{"@id":"https:\/\/goldbellvn.ifdemo.com\/product\/pallet-trucks-walkie-trucks-forklift-nichiyu-low-lift-rear-ride-on\/#primaryimage"},"image":{"@id":"https:\/\/goldbellvn.ifdemo.com\/product\/pallet-trucks-walkie-trucks-forklift-nichiyu-low-lift-rear-ride-on\/#primaryimage"},"thumbnailUrl":"https:\/\/goldbellvn.ifdemo.com\/wp-content\/uploads\/2025\/12\/Walkie-Trucks-Low-Lift-Rear-Ride-On.webp","datePublished":"2025-12-09T20:30:27+00:00","dateModified":"2026-01-08T01:43:37+00:00","breadcrumb":{"@id":"https:\/\/goldbellvn.ifdemo.com\/product\/pallet-trucks-walkie-trucks-forklift-nichiyu-low-lift-rear-ride-on\/#breadcrumb"},"inLanguage":"vi","potentialAction":[{"@type":"ReadAction","target":["https:\/\/goldbellvn.ifdemo.com\/product\/pallet-trucks-walkie-trucks-forklift-nichiyu-low-lift-rear-ride-on\/"]}]},{"@type":"ImageObject","inLanguage":"vi","@id":"https:\/\/goldbellvn.ifdemo.com\/product\/pallet-trucks-walkie-trucks-forklift-nichiyu-low-lift-rear-ride-on\/#primaryimage","url":"https:\/\/goldbellvn.ifdemo.com\/wp-content\/uploads\/2025\/12\/Walkie-Trucks-Low-Lift-Rear-Ride-On.webp","contentUrl":"https:\/\/goldbellvn.ifdemo.com\/wp-content\/uploads\/2025\/12\/Walkie-Trucks-Low-Lift-Rear-Ride-On.webp","width":300,"height":300},{"@type":"BreadcrumbList","@id":"https:\/\/goldbellvn.ifdemo.com\/product\/pallet-trucks-walkie-trucks-forklift-nichiyu-low-lift-rear-ride-on\/#breadcrumb","itemListElement":[{"@type":"ListItem","position":1,"name":"Home","item":"https:\/\/goldbellvn.ifdemo.com\/"},{"@type":"ListItem","position":2,"name":"Products","item":"https:\/\/goldbellvn.ifdemo.com\/shop\/"},{"@type":"ListItem","position":3,"name":"Low Lift (Rear Ride-On)"}]},{"@type":"WebSite","@id":"https:\/\/goldbellvn.ifdemo.com\/#website","url":"https:\/\/goldbellvn.ifdemo.com\/","name":"Goldbell","description":"","publisher":{"@id":"https:\/\/goldbellvn.ifdemo.com\/#organization"},"potentialAction":[{"@type":"SearchAction","target":{"@type":"EntryPoint","urlTemplate":"https:\/\/goldbellvn.ifdemo.com\/?s={search_term_string}"},"query-input":{"@type":"PropertyValueSpecification","valueRequired":true,"valueName":"search_term_string"}}],"inLanguage":"vi"},{"@type":"Organization","@id":"https:\/\/goldbellvn.ifdemo.com\/#organization","name":"Goldbell","url":"https:\/\/goldbellvn.ifdemo.com\/","logo":{"@type":"ImageObject","inLanguage":"vi","@id":"https:\/\/goldbellvn.ifdemo.com\/#\/schema\/logo\/image\/","url":"https:\/\/goldbellvn.ifdemo.com\/wp-content\/uploads\/2025\/09\/logo.svg","contentUrl":"https:\/\/goldbellvn.ifdemo.com\/wp-content\/uploads\/2025\/09\/logo.svg","width":18,"height":23,"caption":"Goldbell"},"image":{"@id":"https:\/\/goldbellvn.ifdemo.com\/#\/schema\/logo\/image\/"}}]}},"_links":{"self":[{"href":"https:\/\/goldbellvn.ifdemo.com\/vi\/wp-json\/wp\/v2\/product\/2075","targetHints":{"allow":["GET"]}}],"collection":[{"href":"https:\/\/goldbellvn.ifdemo.com\/vi\/wp-json\/wp\/v2\/product"}],"about":[{"href":"https:\/\/goldbellvn.ifdemo.com\/vi\/wp-json\/wp\/v2\/types\/product"}],"wp:featuredmedia":[{"embeddable":true,"href":"https:\/\/goldbellvn.ifdemo.com\/vi\/wp-json\/wp\/v2\/media\/2076"}],"wp:attachment":[{"href":"https:\/\/goldbellvn.ifdemo.com\/vi\/wp-json\/wp\/v2\/media?parent=2075"}],"wp:term":[{"taxonomy":"model-type","embeddable":true,"href":"https:\/\/goldbellvn.ifdemo.com\/vi\/wp-json\/wp\/v2\/model-type?post=2075"},{"taxonomy":"product_brand","embeddable":true,"href":"https:\/\/goldbellvn.ifdemo.com\/vi\/wp-json\/wp\/v2\/product_brand?post=2075"},{"taxonomy":"product_cat","embeddable":true,"href":"https:\/\/goldbellvn.ifdemo.com\/vi\/wp-json\/wp\/v2\/product_cat?post=2075"},{"taxonomy":"product_tag","embeddable":true,"href":"https:\/\/goldbellvn.ifdemo.com\/vi\/wp-json\/wp\/v2\/product_tag?post=2075"}],"curies":[{"name":"wp","href":"https:\/\/api.w.org\/{rel}","templated":true}]}}