{"id":2079,"date":"2025-12-09T20:38:25","date_gmt":"2025-12-09T20:38:25","guid":{"rendered":"https:\/\/goldbell.123websitedev.com\/?post_type=product&#038;p=2079"},"modified":"2026-01-08T01:42:38","modified_gmt":"2026-01-08T01:42:38","slug":"pallet-trucks-walkie-trucks-forklift-nichiyu-high-lift","status":"publish","type":"product","link":"https:\/\/goldbellvn.ifdemo.com\/vi\/san-pham\/pallet-trucks-walkie-trucks-forklift-nichiyu-high-lift\/","title":{"rendered":"Xe n\u00e2ng cao"},"content":{"rendered":"<h2 class=\"product_title entry-title\">Xe n\u00e2ng cao<\/h2>\n<p data-start=\"165\" data-end=\"484\">D\u00f2ng xe n\u00e2ng to\u00e0n di\u1ec7n, l\u00fd t\u01b0\u1edfng cho c\u00e1c khu v\u1ef1c c\u00f3 kh\u00f4ng gian h\u1ea1n ch\u1ebf v\u00e0 kh\u1ea3 n\u0103ng ch\u1ecbu t\u1ea3i s\u00e0n th\u1ea5p.<\/p>\n<ul>\n<li>Thi\u1ebft k\u1ebf \u0111\u01a1n gi\u1ea3n, d\u1ec5 v\u1eadn h\u00e0nh cho m\u1ecdi ng\u01b0\u1eddi s\u1eed d\u1ee5ng<\/li>\n<li>C\u00e0ng n\u00e2ng \u0111\u1ea3o chi\u1ec1u (inversion forks)<\/li>\n<li>D\u1ec5 d\u00e0ng x\u1ebfp d\u1ee1 trong c\u00e1c khu v\u1ef1c l\u01b0u tr\u1eef t\u1ea1m th\u1eddi<\/li>\n<li>Kh\u1ea3 n\u0103ng quay v\u00f2ng v\u01b0\u1ee3t tr\u1ed9i<\/li>\n<li>C\u00f3 th\u1ec3 v\u1eadn h\u00e0nh an to\u00e0n tr\u00ean c\u00e1c t\u1ea7ng tr\u00ean v\u1edbi \u0111\u1ed9 tin c\u1eady cao<\/li>\n<\/ul>","protected":false},"excerpt":{"rendered":"<p>High Lift A full-scale forklift ideal for use in areas of limited space and floor strength. Simple enough for anyone to operate Inversion forks Easy stacking in temporary storage spaces Outstanding turning performance can be operatedon upper floors with confidence<\/p>","protected":false},"featured_media":2080,"template":"","meta":{"_acf_changed":false,"inline_featured_image":false},"model-type":[49,54],"product_brand":[43],"product_cat":[31,26],"product_tag":[],"class_list":{"0":"post-2079","1":"product","2":"type-product","3":"status-publish","4":"has-post-thumbnail","6":"model-type-electric","7":"model-type-pallet-truck","8":"product_brand-nichiyu","9":"product_cat-electric-forklifts","10":"product_cat-pallet-trucks","12":"first","13":"instock","14":"shipping-taxable","15":"purchasable","16":"product-type-simple"},"acf":[],"yoast_head":"<!-- This site is optimized with the Yoast SEO Premium plugin v25.6 (Yoast SEO v25.6) - https:\/\/yoast.com\/wordpress\/plugins\/seo\/ -->\n<title>High Lift - Goldbell<\/title>\n<meta name=\"robots\" content=\"noindex, follow, max-snippet:-1, max-image-preview:large, max-video-preview:-1\" \/>\n<meta property=\"og:locale\" content=\"vi_VN\" \/>\n<meta property=\"og:type\" content=\"article\" \/>\n<meta property=\"og:title\" content=\"High Lift\" \/>\n<meta property=\"og:description\" content=\"High Lift A full-scale forklift ideal for use in areas of limited space and floor strength. Simple enough for anyone to operate Inversion forks Easy stacking in temporary storage spaces Outstanding turning performance can be operatedon upper floors with confidence\" \/>\n<meta property=\"og:url\" content=\"https:\/\/goldbellvn.ifdemo.com\/vi\/san-pham\/pallet-trucks-walkie-trucks-forklift-nichiyu-high-lift\/\" \/>\n<meta property=\"og:site_name\" content=\"Goldbell\" \/>\n<meta property=\"article:modified_time\" content=\"2026-01-08T01:42:38+00:00\" \/>\n<meta property=\"og:image\" content=\"https:\/\/goldbellvn.ifdemo.com\/wp-content\/uploads\/2025\/12\/Walkie-Trucks-High-Lift-1.webp\" \/>\n\t<meta property=\"og:image:width\" content=\"300\" \/>\n\t<meta property=\"og:image:height\" content=\"300\" \/>\n\t<meta property=\"og:image:type\" content=\"image\/webp\" \/>\n<meta name=\"twitter:card\" content=\"summary_large_image\" \/>\n<meta name=\"twitter:label1\" content=\"\u01af\u1edbc t\u00ednh th\u1eddi gian \u0111\u1ecdc\" \/>\n\t<meta name=\"twitter:data1\" content=\"1 ph\u00fat\" \/>\n<script type=\"application\/ld+json\" class=\"yoast-schema-graph\">{\"@context\":\"https:\/\/schema.org\",\"@graph\":[{\"@type\":\"WebPage\",\"@id\":\"https:\/\/goldbellvn.ifdemo.com\/product\/pallet-trucks-walkie-trucks-forklift-nichiyu-high-lift\/\",\"url\":\"https:\/\/goldbellvn.ifdemo.com\/product\/pallet-trucks-walkie-trucks-forklift-nichiyu-high-lift\/\",\"name\":\"High Lift - Goldbell\",\"isPartOf\":{\"@id\":\"https:\/\/goldbellvn.ifdemo.com\/#website\"},\"primaryImageOfPage\":{\"@id\":\"https:\/\/goldbellvn.ifdemo.com\/product\/pallet-trucks-walkie-trucks-forklift-nichiyu-high-lift\/#primaryimage\"},\"image\":{\"@id\":\"https:\/\/goldbellvn.ifdemo.com\/product\/pallet-trucks-walkie-trucks-forklift-nichiyu-high-lift\/#primaryimage\"},\"thumbnailUrl\":\"https:\/\/goldbellvn.ifdemo.com\/wp-content\/uploads\/2025\/12\/Walkie-Trucks-High-Lift-1.webp\",\"datePublished\":\"2025-12-09T20:38:25+00:00\",\"dateModified\":\"2026-01-08T01:42:38+00:00\",\"breadcrumb\":{\"@id\":\"https:\/\/goldbellvn.ifdemo.com\/product\/pallet-trucks-walkie-trucks-forklift-nichiyu-high-lift\/#breadcrumb\"},\"inLanguage\":\"vi\",\"potentialAction\":[{\"@type\":\"ReadAction\",\"target\":[\"https:\/\/goldbellvn.ifdemo.com\/product\/pallet-trucks-walkie-trucks-forklift-nichiyu-high-lift\/\"]}]},{\"@type\":\"ImageObject\",\"inLanguage\":\"vi\",\"@id\":\"https:\/\/goldbellvn.ifdemo.com\/product\/pallet-trucks-walkie-trucks-forklift-nichiyu-high-lift\/#primaryimage\",\"url\":\"https:\/\/goldbellvn.ifdemo.com\/wp-content\/uploads\/2025\/12\/Walkie-Trucks-High-Lift-1.webp\",\"contentUrl\":\"https:\/\/goldbellvn.ifdemo.com\/wp-content\/uploads\/2025\/12\/Walkie-Trucks-High-Lift-1.webp\",\"width\":300,\"height\":300},{\"@type\":\"BreadcrumbList\",\"@id\":\"https:\/\/goldbellvn.ifdemo.com\/product\/pallet-trucks-walkie-trucks-forklift-nichiyu-high-lift\/#breadcrumb\",\"itemListElement\":[{\"@type\":\"ListItem\",\"position\":1,\"name\":\"Home\",\"item\":\"https:\/\/goldbellvn.ifdemo.com\/\"},{\"@type\":\"ListItem\",\"position\":2,\"name\":\"Products\",\"item\":\"https:\/\/goldbellvn.ifdemo.com\/shop\/\"},{\"@type\":\"ListItem\",\"position\":3,\"name\":\"High Lift\"}]},{\"@type\":\"WebSite\",\"@id\":\"https:\/\/goldbellvn.ifdemo.com\/#website\",\"url\":\"https:\/\/goldbellvn.ifdemo.com\/\",\"name\":\"Goldbell\",\"description\":\"\",\"publisher\":{\"@id\":\"https:\/\/goldbellvn.ifdemo.com\/#organization\"},\"potentialAction\":[{\"@type\":\"SearchAction\",\"target\":{\"@type\":\"EntryPoint\",\"urlTemplate\":\"https:\/\/goldbellvn.ifdemo.com\/?s={search_term_string}\"},\"query-input\":{\"@type\":\"PropertyValueSpecification\",\"valueRequired\":true,\"valueName\":\"search_term_string\"}}],\"inLanguage\":\"vi\"},{\"@type\":\"Organization\",\"@id\":\"https:\/\/goldbellvn.ifdemo.com\/#organization\",\"name\":\"Goldbell\",\"url\":\"https:\/\/goldbellvn.ifdemo.com\/\",\"logo\":{\"@type\":\"ImageObject\",\"inLanguage\":\"vi\",\"@id\":\"https:\/\/goldbellvn.ifdemo.com\/#\/schema\/logo\/image\/\",\"url\":\"https:\/\/goldbellvn.ifdemo.com\/wp-content\/uploads\/2025\/09\/logo.svg\",\"contentUrl\":\"https:\/\/goldbellvn.ifdemo.com\/wp-content\/uploads\/2025\/09\/logo.svg\",\"width\":18,\"height\":23,\"caption\":\"Goldbell\"},\"image\":{\"@id\":\"https:\/\/goldbellvn.ifdemo.com\/#\/schema\/logo\/image\/\"}}]}<\/script>\n<!-- \/ Yoast SEO Premium plugin. -->","yoast_head_json":{"title":"High Lift - Goldbell","robots":{"index":"noindex","follow":"follow","max-snippet":"max-snippet:-1","max-image-preview":"max-image-preview:large","max-video-preview":"max-video-preview:-1"},"og_locale":"vi_VN","og_type":"article","og_title":"High Lift","og_description":"High Lift A full-scale forklift ideal for use in areas of limited space and floor strength. Simple enough for anyone to operate Inversion forks Easy stacking in temporary storage spaces Outstanding turning performance can be operatedon upper floors with confidence","og_url":"https:\/\/goldbellvn.ifdemo.com\/vi\/san-pham\/pallet-trucks-walkie-trucks-forklift-nichiyu-high-lift\/","og_site_name":"Goldbell","article_modified_time":"2026-01-08T01:42:38+00:00","og_image":[{"width":300,"height":300,"url":"https:\/\/goldbellvn.ifdemo.com\/wp-content\/uploads\/2025\/12\/Walkie-Trucks-High-Lift-1.webp","type":"image\/webp"}],"twitter_card":"summary_large_image","twitter_misc":{"\u01af\u1edbc t\u00ednh th\u1eddi gian \u0111\u1ecdc":"1 ph\u00fat"},"schema":{"@context":"https:\/\/schema.org","@graph":[{"@type":"WebPage","@id":"https:\/\/goldbellvn.ifdemo.com\/product\/pallet-trucks-walkie-trucks-forklift-nichiyu-high-lift\/","url":"https:\/\/goldbellvn.ifdemo.com\/product\/pallet-trucks-walkie-trucks-forklift-nichiyu-high-lift\/","name":"High Lift - Goldbell","isPartOf":{"@id":"https:\/\/goldbellvn.ifdemo.com\/#website"},"primaryImageOfPage":{"@id":"https:\/\/goldbellvn.ifdemo.com\/product\/pallet-trucks-walkie-trucks-forklift-nichiyu-high-lift\/#primaryimage"},"image":{"@id":"https:\/\/goldbellvn.ifdemo.com\/product\/pallet-trucks-walkie-trucks-forklift-nichiyu-high-lift\/#primaryimage"},"thumbnailUrl":"https:\/\/goldbellvn.ifdemo.com\/wp-content\/uploads\/2025\/12\/Walkie-Trucks-High-Lift-1.webp","datePublished":"2025-12-09T20:38:25+00:00","dateModified":"2026-01-08T01:42:38+00:00","breadcrumb":{"@id":"https:\/\/goldbellvn.ifdemo.com\/product\/pallet-trucks-walkie-trucks-forklift-nichiyu-high-lift\/#breadcrumb"},"inLanguage":"vi","potentialAction":[{"@type":"ReadAction","target":["https:\/\/goldbellvn.ifdemo.com\/product\/pallet-trucks-walkie-trucks-forklift-nichiyu-high-lift\/"]}]},{"@type":"ImageObject","inLanguage":"vi","@id":"https:\/\/goldbellvn.ifdemo.com\/product\/pallet-trucks-walkie-trucks-forklift-nichiyu-high-lift\/#primaryimage","url":"https:\/\/goldbellvn.ifdemo.com\/wp-content\/uploads\/2025\/12\/Walkie-Trucks-High-Lift-1.webp","contentUrl":"https:\/\/goldbellvn.ifdemo.com\/wp-content\/uploads\/2025\/12\/Walkie-Trucks-High-Lift-1.webp","width":300,"height":300},{"@type":"BreadcrumbList","@id":"https:\/\/goldbellvn.ifdemo.com\/product\/pallet-trucks-walkie-trucks-forklift-nichiyu-high-lift\/#breadcrumb","itemListElement":[{"@type":"ListItem","position":1,"name":"Home","item":"https:\/\/goldbellvn.ifdemo.com\/"},{"@type":"ListItem","position":2,"name":"Products","item":"https:\/\/goldbellvn.ifdemo.com\/shop\/"},{"@type":"ListItem","position":3,"name":"High Lift"}]},{"@type":"WebSite","@id":"https:\/\/goldbellvn.ifdemo.com\/#website","url":"https:\/\/goldbellvn.ifdemo.com\/","name":"Goldbell","description":"","publisher":{"@id":"https:\/\/goldbellvn.ifdemo.com\/#organization"},"potentialAction":[{"@type":"SearchAction","target":{"@type":"EntryPoint","urlTemplate":"https:\/\/goldbellvn.ifdemo.com\/?s={search_term_string}"},"query-input":{"@type":"PropertyValueSpecification","valueRequired":true,"valueName":"search_term_string"}}],"inLanguage":"vi"},{"@type":"Organization","@id":"https:\/\/goldbellvn.ifdemo.com\/#organization","name":"Goldbell","url":"https:\/\/goldbellvn.ifdemo.com\/","logo":{"@type":"ImageObject","inLanguage":"vi","@id":"https:\/\/goldbellvn.ifdemo.com\/#\/schema\/logo\/image\/","url":"https:\/\/goldbellvn.ifdemo.com\/wp-content\/uploads\/2025\/09\/logo.svg","contentUrl":"https:\/\/goldbellvn.ifdemo.com\/wp-content\/uploads\/2025\/09\/logo.svg","width":18,"height":23,"caption":"Goldbell"},"image":{"@id":"https:\/\/goldbellvn.ifdemo.com\/#\/schema\/logo\/image\/"}}]}},"_links":{"self":[{"href":"https:\/\/goldbellvn.ifdemo.com\/vi\/wp-json\/wp\/v2\/product\/2079","targetHints":{"allow":["GET"]}}],"collection":[{"href":"https:\/\/goldbellvn.ifdemo.com\/vi\/wp-json\/wp\/v2\/product"}],"about":[{"href":"https:\/\/goldbellvn.ifdemo.com\/vi\/wp-json\/wp\/v2\/types\/product"}],"wp:featuredmedia":[{"embeddable":true,"href":"https:\/\/goldbellvn.ifdemo.com\/vi\/wp-json\/wp\/v2\/media\/2080"}],"wp:attachment":[{"href":"https:\/\/goldbellvn.ifdemo.com\/vi\/wp-json\/wp\/v2\/media?parent=2079"}],"wp:term":[{"taxonomy":"model-type","embeddable":true,"href":"https:\/\/goldbellvn.ifdemo.com\/vi\/wp-json\/wp\/v2\/model-type?post=2079"},{"taxonomy":"product_brand","embeddable":true,"href":"https:\/\/goldbellvn.ifdemo.com\/vi\/wp-json\/wp\/v2\/product_brand?post=2079"},{"taxonomy":"product_cat","embeddable":true,"href":"https:\/\/goldbellvn.ifdemo.com\/vi\/wp-json\/wp\/v2\/product_cat?post=2079"},{"taxonomy":"product_tag","embeddable":true,"href":"https:\/\/goldbellvn.ifdemo.com\/vi\/wp-json\/wp\/v2\/product_tag?post=2079"}],"curies":[{"name":"wp","href":"https:\/\/api.w.org\/{rel}","templated":true}]}}