{"id":2086,"date":"2025-12-09T20:51:48","date_gmt":"2025-12-09T20:51:48","guid":{"rendered":"https:\/\/goldbell.123websitedev.com\/?post_type=product&#038;p=2086"},"modified":"2026-01-07T10:00:52","modified_gmt":"2026-01-07T10:00:52","slug":"towing-tractors-forklift-nichiyu-three-wheeler-ntt100","status":"publish","type":"product","link":"https:\/\/goldbellvn.ifdemo.com\/vi\/san-pham\/towing-tractors-forklift-nichiyu-three-wheeler-ntt100\/","title":{"rendered":"Xe 3 b\u00e1nh"},"content":{"rendered":"<div class=\"elementor-column elementor-col-50 elementor-top-column elementor-element elementor-element-bd0b276\" data-id=\"bd0b276\" data-element_type=\"column\">\n<div class=\"elementor-widget-wrap elementor-element-populated\">\n<div class=\"elementor-element elementor-element-10e15f1 elementor-widget elementor-widget-porto_cp_title\" data-id=\"10e15f1\" data-element_type=\"widget\" data-widget_type=\"porto_cp_title.default\">\n<div class=\"elementor-widget-container\">\n<h2 class=\"product_title entry-title\">Xe 3 b\u00e1nh<\/h2>\n<\/div>\n<\/div>\n<\/div>\n<\/div>\n<p><strong>L\u1ef1c k\u00e9o \u0111\u1ecbnh m\u1ee9c t\u1ea1i thanh k\u00e9o: 980 \/ 100 (N\/kgf)<\/strong><\/p>\n<p>C\u00f4ng su\u1ea5t cao gi\u00fap d\u1ec5 d\u00e0ng k\u00e9o kh\u1ed1i l\u01b0\u1ee3ng h\u00e0ng h\u00f3a l\u1edbn, k\u1ebft h\u1ee3p v\u1edbi h\u1ec7 th\u1ed1ng l\u00e1i d\u1ea1ng turret linh ho\u1ea1t.<\/p>\n<ul>\n<li>Kh\u1ea3 n\u0103ng k\u00e9o t\u1ea3i n\u1eb7ng m\u1ea1nh m\u1ebd<\/li>\n<li>Chi ph\u00ed b\u1ea3o tr\u00ec th\u1ea5p<\/li>\n<li>H\u1ec7 th\u1ed1ng v\u1eadn h\u00e0nh th\u00e2n thi\u1ec7n v\u1edbi ng\u01b0\u1eddi s\u1eed d\u1ee5ng<\/li>\n<li>Trang b\u1ecb h\u1ec7 th\u1ed1ng \u0111i\u1ec1u khi\u1ec3n AC v\u00e0 truy\u1ec1n \u0111\u1ed9ng to\u00e0n b\u1ed9 b\u1eb1ng b\u00e1nh r\u0103ng (All-Gear Drive)<\/li>\n<li>S\u00e0n th\u1ea5p gi\u00fap l\u00ean\/xu\u1ed1ng xe d\u1ec5 d\u00e0ng<\/li>\n<li>N\u00fat d\u1eebng kh\u1ea9n c\u1ea5p b\u1ed1 tr\u00ed tr\u00ean n\u1eafp tr\u00ean<\/li>\n<li>Gi\u1ea3m t\u1ed1c m\u01b0\u1ee3t khi di chuy\u1ec3n xu\u1ed1ng d\u1ed1c<\/li>\n<\/ul>\n<p><strong>B\u1ea3o tr\u00ec d\u1ec5 d\u00e0ng<\/strong><\/p>\n<ul>\n<li>Truy\u1ec1n \u0111\u1ed9ng b\u00e1nh r\u0103ng ho\u00e0n to\u00e0n, kh\u00f4ng c\u1ea7n \u0111i\u1ec1u ch\u1ec9nh x\u00edch<\/li>\n<li>\u0110\u1ed3ng h\u1ed3 LCD hi\u1ec3n th\u1ecb dung l\u01b0\u1ee3ng pin (k\u00e8m \u0111\u1ed3ng h\u1ed3 gi\u1edd ho\u1ea1t \u0111\u1ed9ng)<\/li>\n<\/ul>","protected":false},"excerpt":{"rendered":"<p>Three Wheeler Rated drawbar pull 980\/100 (N\/kgf) High power easily tows large quantities of cargo with Turret-style steering. The power to tow heavy loads Low maintenance costs Operator-friendly operation system Equipped with AC Control System &amp; All-Gear Drive Low floor for easier getting on and off Emergency stop button on top cover Smooth deceleration on [&hellip;]<\/p>","protected":false},"featured_media":2087,"template":"","meta":{"_acf_changed":false,"inline_featured_image":false},"model-type":[49,74],"product_brand":[43],"product_cat":[31,73],"product_tag":[],"class_list":{"0":"post-2086","1":"product","2":"type-product","3":"status-publish","4":"has-post-thumbnail","6":"model-type-electric","7":"model-type-tow-tractor","8":"product_brand-nichiyu","9":"product_cat-electric-forklifts","10":"product_cat-tow-tractors","12":"first","13":"instock","14":"shipping-taxable","15":"purchasable","16":"product-type-simple"},"acf":[],"yoast_head":"<!-- This site is optimized with the Yoast SEO Premium plugin v25.6 (Yoast SEO v25.6) - https:\/\/yoast.com\/wordpress\/plugins\/seo\/ -->\n<title>Four Wheeler - Goldbell<\/title>\n<meta name=\"robots\" content=\"noindex, follow, max-snippet:-1, max-image-preview:large, max-video-preview:-1\" \/>\n<meta property=\"og:locale\" content=\"vi_VN\" \/>\n<meta property=\"og:type\" content=\"article\" \/>\n<meta property=\"og:title\" content=\"Four Wheeler\" \/>\n<meta property=\"og:description\" content=\"Three Wheeler Rated drawbar pull 980\/100 (N\/kgf) High power easily tows large quantities of cargo with Turret-style steering. The power to tow heavy loads Low maintenance costs Operator-friendly operation system Equipped with AC Control System &amp; All-Gear Drive Low floor for easier getting on and off Emergency stop button on top cover Smooth deceleration on [&hellip;]\" \/>\n<meta property=\"og:url\" content=\"https:\/\/goldbellvn.ifdemo.com\/vi\/san-pham\/towing-tractors-forklift-nichiyu-three-wheeler-ntt100\/\" \/>\n<meta property=\"og:site_name\" content=\"Goldbell\" \/>\n<meta property=\"article:modified_time\" content=\"2026-01-07T10:00:52+00:00\" \/>\n<meta property=\"og:image\" content=\"https:\/\/goldbellvn.ifdemo.com\/wp-content\/uploads\/2025\/12\/3-Wheelers-Towing-Tractors-3.webp\" \/>\n\t<meta property=\"og:image:width\" content=\"300\" \/>\n\t<meta property=\"og:image:height\" content=\"300\" \/>\n\t<meta property=\"og:image:type\" content=\"image\/webp\" \/>\n<meta name=\"twitter:card\" content=\"summary_large_image\" \/>\n<meta name=\"twitter:label1\" content=\"\u01af\u1edbc t\u00ednh th\u1eddi gian \u0111\u1ecdc\" \/>\n\t<meta name=\"twitter:data1\" content=\"1 ph\u00fat\" \/>\n<script type=\"application\/ld+json\" class=\"yoast-schema-graph\">{\"@context\":\"https:\/\/schema.org\",\"@graph\":[{\"@type\":\"WebPage\",\"@id\":\"https:\/\/goldbellvn.ifdemo.com\/product\/towing-tractors-forklift-nichiyu-three-wheeler-ntt100\/\",\"url\":\"https:\/\/goldbellvn.ifdemo.com\/product\/towing-tractors-forklift-nichiyu-three-wheeler-ntt100\/\",\"name\":\"Four Wheeler - Goldbell\",\"isPartOf\":{\"@id\":\"https:\/\/goldbellvn.ifdemo.com\/#website\"},\"primaryImageOfPage\":{\"@id\":\"https:\/\/goldbellvn.ifdemo.com\/product\/towing-tractors-forklift-nichiyu-three-wheeler-ntt100\/#primaryimage\"},\"image\":{\"@id\":\"https:\/\/goldbellvn.ifdemo.com\/product\/towing-tractors-forklift-nichiyu-three-wheeler-ntt100\/#primaryimage\"},\"thumbnailUrl\":\"https:\/\/goldbellvn.ifdemo.com\/wp-content\/uploads\/2025\/12\/3-Wheelers-Towing-Tractors-3.webp\",\"datePublished\":\"2025-12-09T20:51:48+00:00\",\"dateModified\":\"2026-01-07T10:00:52+00:00\",\"breadcrumb\":{\"@id\":\"https:\/\/goldbellvn.ifdemo.com\/product\/towing-tractors-forklift-nichiyu-three-wheeler-ntt100\/#breadcrumb\"},\"inLanguage\":\"vi\",\"potentialAction\":[{\"@type\":\"ReadAction\",\"target\":[\"https:\/\/goldbellvn.ifdemo.com\/product\/towing-tractors-forklift-nichiyu-three-wheeler-ntt100\/\"]}]},{\"@type\":\"ImageObject\",\"inLanguage\":\"vi\",\"@id\":\"https:\/\/goldbellvn.ifdemo.com\/product\/towing-tractors-forklift-nichiyu-three-wheeler-ntt100\/#primaryimage\",\"url\":\"https:\/\/goldbellvn.ifdemo.com\/wp-content\/uploads\/2025\/12\/3-Wheelers-Towing-Tractors-3.webp\",\"contentUrl\":\"https:\/\/goldbellvn.ifdemo.com\/wp-content\/uploads\/2025\/12\/3-Wheelers-Towing-Tractors-3.webp\",\"width\":300,\"height\":300},{\"@type\":\"BreadcrumbList\",\"@id\":\"https:\/\/goldbellvn.ifdemo.com\/product\/towing-tractors-forklift-nichiyu-three-wheeler-ntt100\/#breadcrumb\",\"itemListElement\":[{\"@type\":\"ListItem\",\"position\":1,\"name\":\"Home\",\"item\":\"https:\/\/goldbellvn.ifdemo.com\/\"},{\"@type\":\"ListItem\",\"position\":2,\"name\":\"Products\",\"item\":\"https:\/\/goldbellvn.ifdemo.com\/shop\/\"},{\"@type\":\"ListItem\",\"position\":3,\"name\":\"Four Wheeler\"}]},{\"@type\":\"WebSite\",\"@id\":\"https:\/\/goldbellvn.ifdemo.com\/#website\",\"url\":\"https:\/\/goldbellvn.ifdemo.com\/\",\"name\":\"Goldbell\",\"description\":\"\",\"publisher\":{\"@id\":\"https:\/\/goldbellvn.ifdemo.com\/#organization\"},\"potentialAction\":[{\"@type\":\"SearchAction\",\"target\":{\"@type\":\"EntryPoint\",\"urlTemplate\":\"https:\/\/goldbellvn.ifdemo.com\/?s={search_term_string}\"},\"query-input\":{\"@type\":\"PropertyValueSpecification\",\"valueRequired\":true,\"valueName\":\"search_term_string\"}}],\"inLanguage\":\"vi\"},{\"@type\":\"Organization\",\"@id\":\"https:\/\/goldbellvn.ifdemo.com\/#organization\",\"name\":\"Goldbell\",\"url\":\"https:\/\/goldbellvn.ifdemo.com\/\",\"logo\":{\"@type\":\"ImageObject\",\"inLanguage\":\"vi\",\"@id\":\"https:\/\/goldbellvn.ifdemo.com\/#\/schema\/logo\/image\/\",\"url\":\"https:\/\/goldbellvn.ifdemo.com\/wp-content\/uploads\/2025\/09\/logo.svg\",\"contentUrl\":\"https:\/\/goldbellvn.ifdemo.com\/wp-content\/uploads\/2025\/09\/logo.svg\",\"width\":18,\"height\":23,\"caption\":\"Goldbell\"},\"image\":{\"@id\":\"https:\/\/goldbellvn.ifdemo.com\/#\/schema\/logo\/image\/\"}}]}<\/script>\n<!-- \/ Yoast SEO Premium plugin. -->","yoast_head_json":{"title":"Four Wheeler - Goldbell","robots":{"index":"noindex","follow":"follow","max-snippet":"max-snippet:-1","max-image-preview":"max-image-preview:large","max-video-preview":"max-video-preview:-1"},"og_locale":"vi_VN","og_type":"article","og_title":"Four Wheeler","og_description":"Three Wheeler Rated drawbar pull 980\/100 (N\/kgf) High power easily tows large quantities of cargo with Turret-style steering. The power to tow heavy loads Low maintenance costs Operator-friendly operation system Equipped with AC Control System &amp; All-Gear Drive Low floor for easier getting on and off Emergency stop button on top cover Smooth deceleration on [&hellip;]","og_url":"https:\/\/goldbellvn.ifdemo.com\/vi\/san-pham\/towing-tractors-forklift-nichiyu-three-wheeler-ntt100\/","og_site_name":"Goldbell","article_modified_time":"2026-01-07T10:00:52+00:00","og_image":[{"width":300,"height":300,"url":"https:\/\/goldbellvn.ifdemo.com\/wp-content\/uploads\/2025\/12\/3-Wheelers-Towing-Tractors-3.webp","type":"image\/webp"}],"twitter_card":"summary_large_image","twitter_misc":{"\u01af\u1edbc t\u00ednh th\u1eddi gian \u0111\u1ecdc":"1 ph\u00fat"},"schema":{"@context":"https:\/\/schema.org","@graph":[{"@type":"WebPage","@id":"https:\/\/goldbellvn.ifdemo.com\/product\/towing-tractors-forklift-nichiyu-three-wheeler-ntt100\/","url":"https:\/\/goldbellvn.ifdemo.com\/product\/towing-tractors-forklift-nichiyu-three-wheeler-ntt100\/","name":"Four Wheeler - Goldbell","isPartOf":{"@id":"https:\/\/goldbellvn.ifdemo.com\/#website"},"primaryImageOfPage":{"@id":"https:\/\/goldbellvn.ifdemo.com\/product\/towing-tractors-forklift-nichiyu-three-wheeler-ntt100\/#primaryimage"},"image":{"@id":"https:\/\/goldbellvn.ifdemo.com\/product\/towing-tractors-forklift-nichiyu-three-wheeler-ntt100\/#primaryimage"},"thumbnailUrl":"https:\/\/goldbellvn.ifdemo.com\/wp-content\/uploads\/2025\/12\/3-Wheelers-Towing-Tractors-3.webp","datePublished":"2025-12-09T20:51:48+00:00","dateModified":"2026-01-07T10:00:52+00:00","breadcrumb":{"@id":"https:\/\/goldbellvn.ifdemo.com\/product\/towing-tractors-forklift-nichiyu-three-wheeler-ntt100\/#breadcrumb"},"inLanguage":"vi","potentialAction":[{"@type":"ReadAction","target":["https:\/\/goldbellvn.ifdemo.com\/product\/towing-tractors-forklift-nichiyu-three-wheeler-ntt100\/"]}]},{"@type":"ImageObject","inLanguage":"vi","@id":"https:\/\/goldbellvn.ifdemo.com\/product\/towing-tractors-forklift-nichiyu-three-wheeler-ntt100\/#primaryimage","url":"https:\/\/goldbellvn.ifdemo.com\/wp-content\/uploads\/2025\/12\/3-Wheelers-Towing-Tractors-3.webp","contentUrl":"https:\/\/goldbellvn.ifdemo.com\/wp-content\/uploads\/2025\/12\/3-Wheelers-Towing-Tractors-3.webp","width":300,"height":300},{"@type":"BreadcrumbList","@id":"https:\/\/goldbellvn.ifdemo.com\/product\/towing-tractors-forklift-nichiyu-three-wheeler-ntt100\/#breadcrumb","itemListElement":[{"@type":"ListItem","position":1,"name":"Home","item":"https:\/\/goldbellvn.ifdemo.com\/"},{"@type":"ListItem","position":2,"name":"Products","item":"https:\/\/goldbellvn.ifdemo.com\/shop\/"},{"@type":"ListItem","position":3,"name":"Four Wheeler"}]},{"@type":"WebSite","@id":"https:\/\/goldbellvn.ifdemo.com\/#website","url":"https:\/\/goldbellvn.ifdemo.com\/","name":"Goldbell","description":"","publisher":{"@id":"https:\/\/goldbellvn.ifdemo.com\/#organization"},"potentialAction":[{"@type":"SearchAction","target":{"@type":"EntryPoint","urlTemplate":"https:\/\/goldbellvn.ifdemo.com\/?s={search_term_string}"},"query-input":{"@type":"PropertyValueSpecification","valueRequired":true,"valueName":"search_term_string"}}],"inLanguage":"vi"},{"@type":"Organization","@id":"https:\/\/goldbellvn.ifdemo.com\/#organization","name":"Goldbell","url":"https:\/\/goldbellvn.ifdemo.com\/","logo":{"@type":"ImageObject","inLanguage":"vi","@id":"https:\/\/goldbellvn.ifdemo.com\/#\/schema\/logo\/image\/","url":"https:\/\/goldbellvn.ifdemo.com\/wp-content\/uploads\/2025\/09\/logo.svg","contentUrl":"https:\/\/goldbellvn.ifdemo.com\/wp-content\/uploads\/2025\/09\/logo.svg","width":18,"height":23,"caption":"Goldbell"},"image":{"@id":"https:\/\/goldbellvn.ifdemo.com\/#\/schema\/logo\/image\/"}}]}},"_links":{"self":[{"href":"https:\/\/goldbellvn.ifdemo.com\/vi\/wp-json\/wp\/v2\/product\/2086","targetHints":{"allow":["GET"]}}],"collection":[{"href":"https:\/\/goldbellvn.ifdemo.com\/vi\/wp-json\/wp\/v2\/product"}],"about":[{"href":"https:\/\/goldbellvn.ifdemo.com\/vi\/wp-json\/wp\/v2\/types\/product"}],"wp:featuredmedia":[{"embeddable":true,"href":"https:\/\/goldbellvn.ifdemo.com\/vi\/wp-json\/wp\/v2\/media\/2087"}],"wp:attachment":[{"href":"https:\/\/goldbellvn.ifdemo.com\/vi\/wp-json\/wp\/v2\/media?parent=2086"}],"wp:term":[{"taxonomy":"model-type","embeddable":true,"href":"https:\/\/goldbellvn.ifdemo.com\/vi\/wp-json\/wp\/v2\/model-type?post=2086"},{"taxonomy":"product_brand","embeddable":true,"href":"https:\/\/goldbellvn.ifdemo.com\/vi\/wp-json\/wp\/v2\/product_brand?post=2086"},{"taxonomy":"product_cat","embeddable":true,"href":"https:\/\/goldbellvn.ifdemo.com\/vi\/wp-json\/wp\/v2\/product_cat?post=2086"},{"taxonomy":"product_tag","embeddable":true,"href":"https:\/\/goldbellvn.ifdemo.com\/vi\/wp-json\/wp\/v2\/product_tag?post=2086"}],"curies":[{"name":"wp","href":"https:\/\/api.w.org\/{rel}","templated":true}]}}