{"id":2096,"date":"2025-12-09T21:14:32","date_gmt":"2025-12-09T21:14:32","guid":{"rendered":"https:\/\/goldbell.123websitedev.com\/?post_type=product&#038;p=2096"},"modified":"2026-01-05T23:37:59","modified_gmt":"2026-01-05T23:37:59","slug":"cold-storage-type-forklift-nichiyu-reach-trucks-fbr","status":"publish","type":"product","link":"https:\/\/goldbellvn.ifdemo.com\/vi\/san-pham\/cold-storage-type-forklift-nichiyu-reach-trucks-fbr\/","title":{"rendered":"FBR"},"content":{"rendered":"<div class=\"elementor-column elementor-col-50 elementor-top-column elementor-element elementor-element-bd0b276\" data-id=\"bd0b276\" data-element_type=\"column\">\n<div class=\"elementor-widget-wrap elementor-element-populated\">\n<div class=\"elementor-element elementor-element-10e15f1 elementor-widget elementor-widget-porto_cp_title\" data-id=\"10e15f1\" data-element_type=\"widget\" data-widget_type=\"porto_cp_title.default\">\n<div class=\"elementor-widget-container\">\n<div class=\"elementor-column elementor-col-50 elementor-top-column elementor-element elementor-element-85ed79c\" data-id=\"85ed79c\" data-element_type=\"column\">\n<div class=\"elementor-widget-wrap elementor-element-populated\">\n<div class=\"elementor-element elementor-element-7f0df03 elementor-widget elementor-widget-porto_cp_image\" data-id=\"7f0df03\" data-element_type=\"widget\" data-widget_type=\"porto_cp_image.default\">\n<div class=\"elementor-widget-container\">\n<div class=\"product-layout-image product-layout-default\">\n<div class=\"woocommerce-product-gallery woocommerce-product-gallery--with-images images\">\n<div class=\"woocommerce-product-gallery__wrapper\"><\/div>\n<\/div>\n<\/div>\n<\/div>\n<\/div>\n<\/div>\n<\/div>\n<div class=\"elementor-column elementor-col-50 elementor-top-column elementor-element elementor-element-bd0b276\" data-id=\"bd0b276\" data-element_type=\"column\">\n<div class=\"elementor-widget-wrap elementor-element-populated\">\n<div class=\"elementor-element elementor-element-10e15f1 elementor-widget elementor-widget-porto_cp_title\" data-id=\"10e15f1\" data-element_type=\"widget\" data-widget_type=\"porto_cp_title.default\">\n<div class=\"elementor-widget-container\">\n<h2 class=\"product_title entry-title\">Xe n\u00e2ng reach truck (FBR)<\/h2>\n<\/div>\n<\/div>\n<\/div>\n<\/div>\n<\/div>\n<\/div>\n<\/div>\n<\/div>\n<p>C\u00e1c d\u00f2ng xe n\u00e0y c\u00f3 kh\u1ea3 n\u0103ng ch\u1ed1ng n\u01b0\u1edbc, ch\u1ed1ng \u1ea9m v\u00e0 ch\u1ed1ng g\u1ec9, \u0111\u01b0\u1ee3c thi\u1ebft k\u1ebf \u0111\u1ec3 v\u1eadn h\u00e0nh trong m\u00f4i tr\u01b0\u1eddng nhi\u1ec7t \u0111\u1ed9 th\u1ea5p, \u0111i\u1ec3n h\u00ecnh nh\u01b0 kho \u0111\u00f4ng l\u1ea1nh c\u00f4ng nghi\u1ec7p.<\/p>\n<h3>Bi\u1ec7n ph\u00e1p cho m\u00f4i tr\u01b0\u1eddng nhi\u1ec7t \u0111\u1ed9 th\u1ea5p<\/h3>\n<ul>\n<li>M\u1ee1 b\u00f4i tr\u01a1n chuy\u00ean d\u1ee5ng<\/li>\n<li>D\u1ea7u th\u1ee7y l\u1ef1c chuy\u00ean d\u1ee5ng<\/li>\n<li>\u1ed0ng th\u1ee7y l\u1ef1c s\u1eed d\u1ee5ng cao su \u0111\u1eb7c bi\u1ec7t<\/li>\n<li>C\u00f4ng t\u1eafc vi m\u00f4 ch\u1ed1ng \u0111\u00f3ng b\u0103ng<\/li>\n<li>L\u1ed1p truy\u1ec1n \u0111\u1ed9ng ch\u1ed1ng tr\u01b0\u1ee3t<\/li>\n<\/ul>\n<h3>Bi\u1ec7n ph\u00e1p ch\u1ed1ng g\u1ec9<\/h3>\n<ul>\n<li>Bu l\u00f4ng v\u00e0 \u0111ai \u1ed1c b\u1eb1ng th\u00e9p kh\u00f4ng g\u1ec9<\/li>\n<li>Ph\u1ee7 l\u1edbp ch\u1ed1ng k\u1eb9t (anti-seize)<\/li>\n<li>Ch\u1ed1t v\u00e0 tr\u1ee5c \u0111\u01b0\u1ee3c m\u1ea1 b\u1ea3o v\u1ec7<\/li>\n<\/ul>","protected":false},"excerpt":{"rendered":"<p>Reach Trucks (FBR) These water-resistant, moisture-resistant and rust-resistant trucks are designed to operate at the low temperatures typically found in industrial freezers. Low-temperature measures Dedicated grease Special Hydraulic oil Hydraulic hose with special rubber Anti-freezing micro switch Anti-slip drive tires Rust prevention measures Stainless steel bolts and nuts Coating with ant seize compound Plated pins [&hellip;]<\/p>","protected":false},"featured_media":2097,"template":"","meta":{"_acf_changed":false,"inline_featured_image":false},"model-type":[64,49,53],"product_brand":[43],"product_cat":[31,57,63],"product_tag":[],"class_list":{"0":"post-2096","1":"product","2":"type-product","3":"status-publish","4":"has-post-thumbnail","6":"model-type-cold-storage-type","7":"model-type-electric","8":"model-type-reach-truck","9":"product_brand-nichiyu","10":"product_cat-electric-forklifts","11":"product_cat-reach-trucks","12":"product_cat-cold-storage-type","14":"first","15":"instock","16":"shipping-taxable","17":"purchasable","18":"product-type-simple"},"acf":[],"yoast_head":"<!-- This site is optimized with the Yoast SEO Premium plugin v25.6 (Yoast SEO v25.6) - https:\/\/yoast.com\/wordpress\/plugins\/seo\/ -->\n<title>FBR - Goldbell<\/title>\n<meta name=\"robots\" content=\"noindex, follow, max-snippet:-1, max-image-preview:large, max-video-preview:-1\" \/>\n<meta property=\"og:locale\" content=\"vi_VN\" \/>\n<meta property=\"og:type\" content=\"article\" \/>\n<meta property=\"og:title\" content=\"FBR\" \/>\n<meta property=\"og:description\" content=\"Reach Trucks (FBR) These water-resistant, moisture-resistant and rust-resistant trucks are designed to operate at the low temperatures typically found in industrial freezers. Low-temperature measures Dedicated grease Special Hydraulic oil Hydraulic hose with special rubber Anti-freezing micro switch Anti-slip drive tires Rust prevention measures Stainless steel bolts and nuts Coating with ant seize compound Plated pins [&hellip;]\" \/>\n<meta property=\"og:url\" content=\"https:\/\/goldbellvn.ifdemo.com\/vi\/san-pham\/cold-storage-type-forklift-nichiyu-reach-trucks-fbr\/\" \/>\n<meta property=\"og:site_name\" content=\"Goldbell\" \/>\n<meta property=\"article:modified_time\" content=\"2026-01-05T23:37:59+00:00\" \/>\n<meta property=\"og:image\" content=\"https:\/\/goldbellvn.ifdemo.com\/wp-content\/uploads\/2025\/12\/Cold-Storage-Type.webp\" \/>\n\t<meta property=\"og:image:width\" content=\"300\" \/>\n\t<meta property=\"og:image:height\" content=\"300\" \/>\n\t<meta property=\"og:image:type\" content=\"image\/webp\" \/>\n<meta name=\"twitter:card\" content=\"summary_large_image\" \/>\n<meta name=\"twitter:label1\" content=\"\u01af\u1edbc t\u00ednh th\u1eddi gian \u0111\u1ecdc\" \/>\n\t<meta name=\"twitter:data1\" content=\"1 ph\u00fat\" \/>\n<script type=\"application\/ld+json\" class=\"yoast-schema-graph\">{\"@context\":\"https:\/\/schema.org\",\"@graph\":[{\"@type\":\"WebPage\",\"@id\":\"https:\/\/goldbellvn.ifdemo.com\/product\/cold-storage-type-forklift-nichiyu-reach-trucks-fbr\/\",\"url\":\"https:\/\/goldbellvn.ifdemo.com\/product\/cold-storage-type-forklift-nichiyu-reach-trucks-fbr\/\",\"name\":\"FBR - Goldbell\",\"isPartOf\":{\"@id\":\"https:\/\/goldbellvn.ifdemo.com\/#website\"},\"primaryImageOfPage\":{\"@id\":\"https:\/\/goldbellvn.ifdemo.com\/product\/cold-storage-type-forklift-nichiyu-reach-trucks-fbr\/#primaryimage\"},\"image\":{\"@id\":\"https:\/\/goldbellvn.ifdemo.com\/product\/cold-storage-type-forklift-nichiyu-reach-trucks-fbr\/#primaryimage\"},\"thumbnailUrl\":\"https:\/\/goldbellvn.ifdemo.com\/wp-content\/uploads\/2025\/12\/Cold-Storage-Type.webp\",\"datePublished\":\"2025-12-09T21:14:32+00:00\",\"dateModified\":\"2026-01-05T23:37:59+00:00\",\"breadcrumb\":{\"@id\":\"https:\/\/goldbellvn.ifdemo.com\/product\/cold-storage-type-forklift-nichiyu-reach-trucks-fbr\/#breadcrumb\"},\"inLanguage\":\"vi\",\"potentialAction\":[{\"@type\":\"ReadAction\",\"target\":[\"https:\/\/goldbellvn.ifdemo.com\/product\/cold-storage-type-forklift-nichiyu-reach-trucks-fbr\/\"]}]},{\"@type\":\"ImageObject\",\"inLanguage\":\"vi\",\"@id\":\"https:\/\/goldbellvn.ifdemo.com\/product\/cold-storage-type-forklift-nichiyu-reach-trucks-fbr\/#primaryimage\",\"url\":\"https:\/\/goldbellvn.ifdemo.com\/wp-content\/uploads\/2025\/12\/Cold-Storage-Type.webp\",\"contentUrl\":\"https:\/\/goldbellvn.ifdemo.com\/wp-content\/uploads\/2025\/12\/Cold-Storage-Type.webp\",\"width\":300,\"height\":300},{\"@type\":\"BreadcrumbList\",\"@id\":\"https:\/\/goldbellvn.ifdemo.com\/product\/cold-storage-type-forklift-nichiyu-reach-trucks-fbr\/#breadcrumb\",\"itemListElement\":[{\"@type\":\"ListItem\",\"position\":1,\"name\":\"Home\",\"item\":\"https:\/\/goldbellvn.ifdemo.com\/\"},{\"@type\":\"ListItem\",\"position\":2,\"name\":\"Products\",\"item\":\"https:\/\/goldbellvn.ifdemo.com\/shop\/\"},{\"@type\":\"ListItem\",\"position\":3,\"name\":\"FBR\"}]},{\"@type\":\"WebSite\",\"@id\":\"https:\/\/goldbellvn.ifdemo.com\/#website\",\"url\":\"https:\/\/goldbellvn.ifdemo.com\/\",\"name\":\"Goldbell\",\"description\":\"\",\"publisher\":{\"@id\":\"https:\/\/goldbellvn.ifdemo.com\/#organization\"},\"potentialAction\":[{\"@type\":\"SearchAction\",\"target\":{\"@type\":\"EntryPoint\",\"urlTemplate\":\"https:\/\/goldbellvn.ifdemo.com\/?s={search_term_string}\"},\"query-input\":{\"@type\":\"PropertyValueSpecification\",\"valueRequired\":true,\"valueName\":\"search_term_string\"}}],\"inLanguage\":\"vi\"},{\"@type\":\"Organization\",\"@id\":\"https:\/\/goldbellvn.ifdemo.com\/#organization\",\"name\":\"Goldbell\",\"url\":\"https:\/\/goldbellvn.ifdemo.com\/\",\"logo\":{\"@type\":\"ImageObject\",\"inLanguage\":\"vi\",\"@id\":\"https:\/\/goldbellvn.ifdemo.com\/#\/schema\/logo\/image\/\",\"url\":\"https:\/\/goldbellvn.ifdemo.com\/wp-content\/uploads\/2025\/09\/logo.svg\",\"contentUrl\":\"https:\/\/goldbellvn.ifdemo.com\/wp-content\/uploads\/2025\/09\/logo.svg\",\"width\":18,\"height\":23,\"caption\":\"Goldbell\"},\"image\":{\"@id\":\"https:\/\/goldbellvn.ifdemo.com\/#\/schema\/logo\/image\/\"}}]}<\/script>\n<!-- \/ Yoast SEO Premium plugin. -->","yoast_head_json":{"title":"FBR - Goldbell","robots":{"index":"noindex","follow":"follow","max-snippet":"max-snippet:-1","max-image-preview":"max-image-preview:large","max-video-preview":"max-video-preview:-1"},"og_locale":"vi_VN","og_type":"article","og_title":"FBR","og_description":"Reach Trucks (FBR) These water-resistant, moisture-resistant and rust-resistant trucks are designed to operate at the low temperatures typically found in industrial freezers. Low-temperature measures Dedicated grease Special Hydraulic oil Hydraulic hose with special rubber Anti-freezing micro switch Anti-slip drive tires Rust prevention measures Stainless steel bolts and nuts Coating with ant seize compound Plated pins [&hellip;]","og_url":"https:\/\/goldbellvn.ifdemo.com\/vi\/san-pham\/cold-storage-type-forklift-nichiyu-reach-trucks-fbr\/","og_site_name":"Goldbell","article_modified_time":"2026-01-05T23:37:59+00:00","og_image":[{"width":300,"height":300,"url":"https:\/\/goldbellvn.ifdemo.com\/wp-content\/uploads\/2025\/12\/Cold-Storage-Type.webp","type":"image\/webp"}],"twitter_card":"summary_large_image","twitter_misc":{"\u01af\u1edbc t\u00ednh th\u1eddi gian \u0111\u1ecdc":"1 ph\u00fat"},"schema":{"@context":"https:\/\/schema.org","@graph":[{"@type":"WebPage","@id":"https:\/\/goldbellvn.ifdemo.com\/product\/cold-storage-type-forklift-nichiyu-reach-trucks-fbr\/","url":"https:\/\/goldbellvn.ifdemo.com\/product\/cold-storage-type-forklift-nichiyu-reach-trucks-fbr\/","name":"FBR - Goldbell","isPartOf":{"@id":"https:\/\/goldbellvn.ifdemo.com\/#website"},"primaryImageOfPage":{"@id":"https:\/\/goldbellvn.ifdemo.com\/product\/cold-storage-type-forklift-nichiyu-reach-trucks-fbr\/#primaryimage"},"image":{"@id":"https:\/\/goldbellvn.ifdemo.com\/product\/cold-storage-type-forklift-nichiyu-reach-trucks-fbr\/#primaryimage"},"thumbnailUrl":"https:\/\/goldbellvn.ifdemo.com\/wp-content\/uploads\/2025\/12\/Cold-Storage-Type.webp","datePublished":"2025-12-09T21:14:32+00:00","dateModified":"2026-01-05T23:37:59+00:00","breadcrumb":{"@id":"https:\/\/goldbellvn.ifdemo.com\/product\/cold-storage-type-forklift-nichiyu-reach-trucks-fbr\/#breadcrumb"},"inLanguage":"vi","potentialAction":[{"@type":"ReadAction","target":["https:\/\/goldbellvn.ifdemo.com\/product\/cold-storage-type-forklift-nichiyu-reach-trucks-fbr\/"]}]},{"@type":"ImageObject","inLanguage":"vi","@id":"https:\/\/goldbellvn.ifdemo.com\/product\/cold-storage-type-forklift-nichiyu-reach-trucks-fbr\/#primaryimage","url":"https:\/\/goldbellvn.ifdemo.com\/wp-content\/uploads\/2025\/12\/Cold-Storage-Type.webp","contentUrl":"https:\/\/goldbellvn.ifdemo.com\/wp-content\/uploads\/2025\/12\/Cold-Storage-Type.webp","width":300,"height":300},{"@type":"BreadcrumbList","@id":"https:\/\/goldbellvn.ifdemo.com\/product\/cold-storage-type-forklift-nichiyu-reach-trucks-fbr\/#breadcrumb","itemListElement":[{"@type":"ListItem","position":1,"name":"Home","item":"https:\/\/goldbellvn.ifdemo.com\/"},{"@type":"ListItem","position":2,"name":"Products","item":"https:\/\/goldbellvn.ifdemo.com\/shop\/"},{"@type":"ListItem","position":3,"name":"FBR"}]},{"@type":"WebSite","@id":"https:\/\/goldbellvn.ifdemo.com\/#website","url":"https:\/\/goldbellvn.ifdemo.com\/","name":"Goldbell","description":"","publisher":{"@id":"https:\/\/goldbellvn.ifdemo.com\/#organization"},"potentialAction":[{"@type":"SearchAction","target":{"@type":"EntryPoint","urlTemplate":"https:\/\/goldbellvn.ifdemo.com\/?s={search_term_string}"},"query-input":{"@type":"PropertyValueSpecification","valueRequired":true,"valueName":"search_term_string"}}],"inLanguage":"vi"},{"@type":"Organization","@id":"https:\/\/goldbellvn.ifdemo.com\/#organization","name":"Goldbell","url":"https:\/\/goldbellvn.ifdemo.com\/","logo":{"@type":"ImageObject","inLanguage":"vi","@id":"https:\/\/goldbellvn.ifdemo.com\/#\/schema\/logo\/image\/","url":"https:\/\/goldbellvn.ifdemo.com\/wp-content\/uploads\/2025\/09\/logo.svg","contentUrl":"https:\/\/goldbellvn.ifdemo.com\/wp-content\/uploads\/2025\/09\/logo.svg","width":18,"height":23,"caption":"Goldbell"},"image":{"@id":"https:\/\/goldbellvn.ifdemo.com\/#\/schema\/logo\/image\/"}}]}},"_links":{"self":[{"href":"https:\/\/goldbellvn.ifdemo.com\/vi\/wp-json\/wp\/v2\/product\/2096","targetHints":{"allow":["GET"]}}],"collection":[{"href":"https:\/\/goldbellvn.ifdemo.com\/vi\/wp-json\/wp\/v2\/product"}],"about":[{"href":"https:\/\/goldbellvn.ifdemo.com\/vi\/wp-json\/wp\/v2\/types\/product"}],"wp:featuredmedia":[{"embeddable":true,"href":"https:\/\/goldbellvn.ifdemo.com\/vi\/wp-json\/wp\/v2\/media\/2097"}],"wp:attachment":[{"href":"https:\/\/goldbellvn.ifdemo.com\/vi\/wp-json\/wp\/v2\/media?parent=2096"}],"wp:term":[{"taxonomy":"model-type","embeddable":true,"href":"https:\/\/goldbellvn.ifdemo.com\/vi\/wp-json\/wp\/v2\/model-type?post=2096"},{"taxonomy":"product_brand","embeddable":true,"href":"https:\/\/goldbellvn.ifdemo.com\/vi\/wp-json\/wp\/v2\/product_brand?post=2096"},{"taxonomy":"product_cat","embeddable":true,"href":"https:\/\/goldbellvn.ifdemo.com\/vi\/wp-json\/wp\/v2\/product_cat?post=2096"},{"taxonomy":"product_tag","embeddable":true,"href":"https:\/\/goldbellvn.ifdemo.com\/vi\/wp-json\/wp\/v2\/product_tag?post=2096"}],"curies":[{"name":"wp","href":"https:\/\/api.w.org\/{rel}","templated":true}]}}