{"id":2102,"date":"2025-12-09T21:40:09","date_gmt":"2025-12-09T21:40:09","guid":{"rendered":"https:\/\/goldbell.123websitedev.com\/?post_type=product&#038;p=2102"},"modified":"2026-01-05T23:14:25","modified_gmt":"2026-01-05T23:14:25","slug":"nlifter-nltb15el","status":"publish","type":"product","link":"https:\/\/goldbellvn.ifdemo.com\/vi\/san-pham\/nlifter-nltb15el\/","title":{"rendered":"NLTB15EL"},"content":{"rendered":"<p>V\u1edbi c\u00f4ng ngh\u1ec7 pin Li-ion, xe n\u00e2ng tay \u0111i\u1ec7n Nlifter mang l\u1ea1i hi\u1ec7u su\u1ea5t v\u01b0\u1ee3t tr\u1ed9i. Pin c\u1ee7a xe c\u00f3 th\u1ec3 s\u1ea1c nhanh v\u00e0 \u0111\u1ed3ng th\u1eddi cung c\u1ea5p kh\u1ea3 n\u0103ng l\u00e1i \u0111i\u1ec7n m\u01b0\u1ee3t m\u00e0.<br \/>\nC\u00e1c c\u00f4ng vi\u1ec7c b\u1ed1c x\u1ebfp v\u00e0 d\u1ee1 h\u00e0ng tr\u1edf n\u00ean d\u1ec5 d\u00e0ng h\u01a1n nh\u1edd \u0111\u1ed9ng c\u01a1 truy\u1ec1n \u0111\u1ed9ng hi\u1ec7u su\u1ea5t cao. D\u00f2ng xe n\u00e0y \u0111\u1eb7c bi\u1ec7t ph\u00f9 h\u1ee3p \u0111\u1ec3 v\u1eadn chuy\u1ec3n h\u00e0ng h\u00f3a tr\u00ean qu\u00e3ng \u0111\u01b0\u1eddng d\u00e0i v\u1edbi t\u1ed1c \u0111\u1ed9 \u0111\u01b0\u1ee3c t\u1ed1i \u01b0u.<\/p>\n<div>\n<h3>1. V\u1eadn h\u00e0nh ch\u00ednh x\u00e1c<\/h3>\n<ul>\n<li>Kh\u1ea3 n\u0103ng ch\u1ecbu t\u1ea3i \u0111\u01b0\u1ee3c n\u00e2ng cao nh\u1edd h\u1ec7 th\u1ed1ng \u0111i\u1ec1u khi\u1ec3n truy\u1ec1n \u0111\u1ed9ng m\u1ea1nh m\u1ebd<\/li>\n<li>Thi\u1ebft k\u1ebf khung g\u1ea7m nh\u1ecf g\u1ecdn gi\u00fap v\u1eadn h\u00e0nh linh ho\u1ea1t trong kh\u00f4ng gian h\u1eb9p<\/li>\n<li>\u0110\u1ed9ng c\u01a1 \u0111i\u1ec7n h\u1ed7 tr\u1ee3 n\u00e2ng t\u1ea3i n\u1eb7ng d\u1ec5 d\u00e0ng h\u01a1n<\/li>\n<\/ul>\n<h3>2. B\u1ea3o tr\u00ec c\u00f3 h\u1ec7 th\u1ed1ng<\/h3>\n<ul>\n<li>\u0110\u1ea3m b\u1ea3o an to\u00e0n v\u00e0 \u0111\u1ed9 tin c\u1eady nh\u1edd c\u00e1c linh ki\u1ec7n \u0111\u00e3 \u0111\u01b0\u1ee3c ki\u1ec3m ch\u1ee9ng<\/li>\n<li>Khung xe thi\u1ebft k\u1ebf ch\u1ed1ng xo\u1eafn, \u0111\u1ea3m b\u1ea3o n\u00e2ng t\u1ea3i an to\u00e0n l\u00ean \u0111\u1ebfn 1.5 t\u1ea5n<\/li>\n<li>L\u1edbp s\u01a1n t\u0129nh \u0111i\u1ec7n b\u1ec1n ch\u1eafc gi\u00fap b\u1ea3o v\u1ec7 xe kh\u1ecfi \u0103n m\u00f2n trong m\u00f4i tr\u01b0\u1eddng kh\u1eafc nghi\u1ec7t<\/li>\n<\/ul>\n<h3>3. Hi\u1ec7u su\u1ea5t pin<\/h3>\n<ul>\n<li>Pin Lithium-ion c\u00f3 th\u1ec3 th\u00e1o\/l\u1eafp (plug-in\/out), ph\u00f9 h\u1ee3p cho nhu c\u1ea7u s\u1eed d\u1ee5ng k\u00e9o d\u00e0i<\/li>\n<li>Thi\u1ebft k\u1ebf s\u1eed d\u1ee5ng pin Lithium-ion 24V\/20Ah c\u00f9ng b\u1ed9 s\u1ea1c t\u00edch h\u1ee3p, \u0111\u1ea3m b\u1ea3o hi\u1ec7u su\u1ea5t t\u1ed1i \u0111a<\/li>\n<\/ul>\n<h3>4. \u0110\u1ed9 \u1ed5n \u0111\u1ecbnh khi di chuy\u1ec3n<\/h3>\n<ul>\n<li>Thi\u1ebft k\u1ebf khung c\u00f4ng th\u00e1i h\u1ecdc v\u00e0 kho\u1ea3ng s\u00e1ng th\u1ea5p gi\u00fap h\u1ea1n ch\u1ebf ch\u1ea5n th\u01b0\u01a1ng ch\u00e2n ngo\u00e0i \u00fd mu\u1ed1n<\/li>\n<li>Tay \u0111i\u1ec1u khi\u1ec3n r\u1ed9ng, d\u1ec5 thao t\u00e1c, gi\u00fap \u0111i\u1ec1u h\u01b0\u1edbng nh\u1eb9 nh\u00e0ng v\u00e0 linh ho\u1ea1t<\/li>\n<li>B\u00e1nh l\u00e1i v\u00e0 b\u00e1nh t\u1ea3i s\u1eed d\u1ee5ng v\u00f2ng bi ch\u1ea5t l\u01b0\u1ee3ng cao, v\u1eadn h\u00e0nh \u00eam v\u00e0 gi\u1ea3m l\u1ef1c c\u1ea3n l\u0103n<\/li>\n<li>Thi\u1ebft k\u1ebf c\u00e2n b\u1eb1ng t\u1ed1t gi\u00fap xe \u0111\u1ea1t t\u1ed1c \u0111\u1ed9 di chuy\u1ec3n t\u1ed1i \u0111a 4.5 km\/h ngay c\u1ea3 khi c\u00f3 t\u1ea3i<\/li>\n<\/ul>\n<\/div>","protected":false},"excerpt":{"rendered":"<p>With Li-ion battery technology, the Nlifter electric pallet truck offers superior performance. The Truck\u2019s batteries can be charged quickly and also provide smooth electric steering. The loading and unloading logistic tasks are made easier by high-performance drive motors. These trucks are well suited to transporting loads over long distances and optimized speeds. 1. Precision-driven Operation [&hellip;]<\/p>","protected":false},"featured_media":2324,"template":"","meta":{"_acf_changed":false,"inline_featured_image":false},"model-type":[49,60],"product_brand":[43],"product_cat":[31,59],"product_tag":[],"class_list":{"0":"post-2102","1":"product","2":"type-product","3":"status-publish","4":"has-post-thumbnail","6":"model-type-electric","7":"model-type-nlifter","8":"product_brand-nichiyu","9":"product_cat-electric-forklifts","10":"product_cat-nlifter","12":"first","13":"instock","14":"shipping-taxable","15":"purchasable","16":"product-type-simple"},"acf":[],"yoast_head":"<!-- This site is optimized with the Yoast SEO Premium plugin v25.6 (Yoast SEO v25.6) - https:\/\/yoast.com\/wordpress\/plugins\/seo\/ -->\n<title>NLTB15EL - Goldbell<\/title>\n<meta name=\"robots\" content=\"noindex, follow, max-snippet:-1, max-image-preview:large, max-video-preview:-1\" \/>\n<meta property=\"og:locale\" content=\"vi_VN\" \/>\n<meta property=\"og:type\" content=\"article\" \/>\n<meta property=\"og:title\" content=\"NLTB15EL\" \/>\n<meta property=\"og:description\" content=\"With Li-ion battery technology, the Nlifter electric pallet truck offers superior performance. The Truck\u2019s batteries can be charged quickly and also provide smooth electric steering. The loading and unloading logistic tasks are made easier by high-performance drive motors. These trucks are well suited to transporting loads over long distances and optimized speeds. 1. Precision-driven Operation [&hellip;]\" \/>\n<meta property=\"og:url\" content=\"https:\/\/goldbellvn.ifdemo.com\/vi\/san-pham\/nlifter-nltb15el\/\" \/>\n<meta property=\"og:site_name\" content=\"Goldbell\" \/>\n<meta property=\"article:modified_time\" content=\"2026-01-05T23:14:25+00:00\" \/>\n<meta property=\"og:image\" content=\"https:\/\/goldbellvn.ifdemo.com\/wp-content\/uploads\/2025\/12\/\u0e14\u0e35\u0e44\u0e0b\u0e19\u0e4c\u0e17\u0e35\u0e48\u0e44\u0e21\u0e48\u0e21\u0e35\u0e0a\u0e37\u0e48\u0e2d-1-1.webp\" \/>\n\t<meta property=\"og:image:width\" content=\"1200\" \/>\n\t<meta property=\"og:image:height\" content=\"1200\" \/>\n\t<meta property=\"og:image:type\" content=\"image\/webp\" \/>\n<meta name=\"twitter:card\" content=\"summary_large_image\" \/>\n<meta name=\"twitter:label1\" content=\"\u01af\u1edbc t\u00ednh th\u1eddi gian \u0111\u1ecdc\" \/>\n\t<meta name=\"twitter:data1\" content=\"2 ph\u00fat\" \/>\n<script type=\"application\/ld+json\" class=\"yoast-schema-graph\">{\"@context\":\"https:\/\/schema.org\",\"@graph\":[{\"@type\":\"WebPage\",\"@id\":\"https:\/\/goldbellvn.ifdemo.com\/product\/nlifter-nltb15el\/\",\"url\":\"https:\/\/goldbellvn.ifdemo.com\/product\/nlifter-nltb15el\/\",\"name\":\"NLTB15EL - Goldbell\",\"isPartOf\":{\"@id\":\"https:\/\/goldbellvn.ifdemo.com\/#website\"},\"primaryImageOfPage\":{\"@id\":\"https:\/\/goldbellvn.ifdemo.com\/product\/nlifter-nltb15el\/#primaryimage\"},\"image\":{\"@id\":\"https:\/\/goldbellvn.ifdemo.com\/product\/nlifter-nltb15el\/#primaryimage\"},\"thumbnailUrl\":\"https:\/\/goldbellvn.ifdemo.com\/wp-content\/uploads\/2025\/12\/\u0e14\u0e35\u0e44\u0e0b\u0e19\u0e4c\u0e17\u0e35\u0e48\u0e44\u0e21\u0e48\u0e21\u0e35\u0e0a\u0e37\u0e48\u0e2d-1-1.webp\",\"datePublished\":\"2025-12-09T21:40:09+00:00\",\"dateModified\":\"2026-01-05T23:14:25+00:00\",\"breadcrumb\":{\"@id\":\"https:\/\/goldbellvn.ifdemo.com\/product\/nlifter-nltb15el\/#breadcrumb\"},\"inLanguage\":\"vi\",\"potentialAction\":[{\"@type\":\"ReadAction\",\"target\":[\"https:\/\/goldbellvn.ifdemo.com\/product\/nlifter-nltb15el\/\"]}]},{\"@type\":\"ImageObject\",\"inLanguage\":\"vi\",\"@id\":\"https:\/\/goldbellvn.ifdemo.com\/product\/nlifter-nltb15el\/#primaryimage\",\"url\":\"https:\/\/goldbellvn.ifdemo.com\/wp-content\/uploads\/2025\/12\/\u0e14\u0e35\u0e44\u0e0b\u0e19\u0e4c\u0e17\u0e35\u0e48\u0e44\u0e21\u0e48\u0e21\u0e35\u0e0a\u0e37\u0e48\u0e2d-1-1.webp\",\"contentUrl\":\"https:\/\/goldbellvn.ifdemo.com\/wp-content\/uploads\/2025\/12\/\u0e14\u0e35\u0e44\u0e0b\u0e19\u0e4c\u0e17\u0e35\u0e48\u0e44\u0e21\u0e48\u0e21\u0e35\u0e0a\u0e37\u0e48\u0e2d-1-1.webp\",\"width\":1200,\"height\":1200},{\"@type\":\"BreadcrumbList\",\"@id\":\"https:\/\/goldbellvn.ifdemo.com\/product\/nlifter-nltb15el\/#breadcrumb\",\"itemListElement\":[{\"@type\":\"ListItem\",\"position\":1,\"name\":\"Home\",\"item\":\"https:\/\/goldbellvn.ifdemo.com\/\"},{\"@type\":\"ListItem\",\"position\":2,\"name\":\"Products\",\"item\":\"https:\/\/goldbellvn.ifdemo.com\/shop\/\"},{\"@type\":\"ListItem\",\"position\":3,\"name\":\"NLTB15EL\"}]},{\"@type\":\"WebSite\",\"@id\":\"https:\/\/goldbellvn.ifdemo.com\/#website\",\"url\":\"https:\/\/goldbellvn.ifdemo.com\/\",\"name\":\"Goldbell\",\"description\":\"\",\"publisher\":{\"@id\":\"https:\/\/goldbellvn.ifdemo.com\/#organization\"},\"potentialAction\":[{\"@type\":\"SearchAction\",\"target\":{\"@type\":\"EntryPoint\",\"urlTemplate\":\"https:\/\/goldbellvn.ifdemo.com\/?s={search_term_string}\"},\"query-input\":{\"@type\":\"PropertyValueSpecification\",\"valueRequired\":true,\"valueName\":\"search_term_string\"}}],\"inLanguage\":\"vi\"},{\"@type\":\"Organization\",\"@id\":\"https:\/\/goldbellvn.ifdemo.com\/#organization\",\"name\":\"Goldbell\",\"url\":\"https:\/\/goldbellvn.ifdemo.com\/\",\"logo\":{\"@type\":\"ImageObject\",\"inLanguage\":\"vi\",\"@id\":\"https:\/\/goldbellvn.ifdemo.com\/#\/schema\/logo\/image\/\",\"url\":\"https:\/\/goldbellvn.ifdemo.com\/wp-content\/uploads\/2025\/09\/logo.svg\",\"contentUrl\":\"https:\/\/goldbellvn.ifdemo.com\/wp-content\/uploads\/2025\/09\/logo.svg\",\"width\":18,\"height\":23,\"caption\":\"Goldbell\"},\"image\":{\"@id\":\"https:\/\/goldbellvn.ifdemo.com\/#\/schema\/logo\/image\/\"}}]}<\/script>\n<!-- \/ Yoast SEO Premium plugin. -->","yoast_head_json":{"title":"NLTB15EL - Goldbell","robots":{"index":"noindex","follow":"follow","max-snippet":"max-snippet:-1","max-image-preview":"max-image-preview:large","max-video-preview":"max-video-preview:-1"},"og_locale":"vi_VN","og_type":"article","og_title":"NLTB15EL","og_description":"With Li-ion battery technology, the Nlifter electric pallet truck offers superior performance. The Truck\u2019s batteries can be charged quickly and also provide smooth electric steering. The loading and unloading logistic tasks are made easier by high-performance drive motors. These trucks are well suited to transporting loads over long distances and optimized speeds. 1. Precision-driven Operation [&hellip;]","og_url":"https:\/\/goldbellvn.ifdemo.com\/vi\/san-pham\/nlifter-nltb15el\/","og_site_name":"Goldbell","article_modified_time":"2026-01-05T23:14:25+00:00","og_image":[{"width":1200,"height":1200,"url":"https:\/\/goldbellvn.ifdemo.com\/wp-content\/uploads\/2025\/12\/\u0e14\u0e35\u0e44\u0e0b\u0e19\u0e4c\u0e17\u0e35\u0e48\u0e44\u0e21\u0e48\u0e21\u0e35\u0e0a\u0e37\u0e48\u0e2d-1-1.webp","type":"image\/webp"}],"twitter_card":"summary_large_image","twitter_misc":{"\u01af\u1edbc t\u00ednh th\u1eddi gian \u0111\u1ecdc":"2 ph\u00fat"},"schema":{"@context":"https:\/\/schema.org","@graph":[{"@type":"WebPage","@id":"https:\/\/goldbellvn.ifdemo.com\/product\/nlifter-nltb15el\/","url":"https:\/\/goldbellvn.ifdemo.com\/product\/nlifter-nltb15el\/","name":"NLTB15EL - Goldbell","isPartOf":{"@id":"https:\/\/goldbellvn.ifdemo.com\/#website"},"primaryImageOfPage":{"@id":"https:\/\/goldbellvn.ifdemo.com\/product\/nlifter-nltb15el\/#primaryimage"},"image":{"@id":"https:\/\/goldbellvn.ifdemo.com\/product\/nlifter-nltb15el\/#primaryimage"},"thumbnailUrl":"https:\/\/goldbellvn.ifdemo.com\/wp-content\/uploads\/2025\/12\/\u0e14\u0e35\u0e44\u0e0b\u0e19\u0e4c\u0e17\u0e35\u0e48\u0e44\u0e21\u0e48\u0e21\u0e35\u0e0a\u0e37\u0e48\u0e2d-1-1.webp","datePublished":"2025-12-09T21:40:09+00:00","dateModified":"2026-01-05T23:14:25+00:00","breadcrumb":{"@id":"https:\/\/goldbellvn.ifdemo.com\/product\/nlifter-nltb15el\/#breadcrumb"},"inLanguage":"vi","potentialAction":[{"@type":"ReadAction","target":["https:\/\/goldbellvn.ifdemo.com\/product\/nlifter-nltb15el\/"]}]},{"@type":"ImageObject","inLanguage":"vi","@id":"https:\/\/goldbellvn.ifdemo.com\/product\/nlifter-nltb15el\/#primaryimage","url":"https:\/\/goldbellvn.ifdemo.com\/wp-content\/uploads\/2025\/12\/\u0e14\u0e35\u0e44\u0e0b\u0e19\u0e4c\u0e17\u0e35\u0e48\u0e44\u0e21\u0e48\u0e21\u0e35\u0e0a\u0e37\u0e48\u0e2d-1-1.webp","contentUrl":"https:\/\/goldbellvn.ifdemo.com\/wp-content\/uploads\/2025\/12\/\u0e14\u0e35\u0e44\u0e0b\u0e19\u0e4c\u0e17\u0e35\u0e48\u0e44\u0e21\u0e48\u0e21\u0e35\u0e0a\u0e37\u0e48\u0e2d-1-1.webp","width":1200,"height":1200},{"@type":"BreadcrumbList","@id":"https:\/\/goldbellvn.ifdemo.com\/product\/nlifter-nltb15el\/#breadcrumb","itemListElement":[{"@type":"ListItem","position":1,"name":"Home","item":"https:\/\/goldbellvn.ifdemo.com\/"},{"@type":"ListItem","position":2,"name":"Products","item":"https:\/\/goldbellvn.ifdemo.com\/shop\/"},{"@type":"ListItem","position":3,"name":"NLTB15EL"}]},{"@type":"WebSite","@id":"https:\/\/goldbellvn.ifdemo.com\/#website","url":"https:\/\/goldbellvn.ifdemo.com\/","name":"Goldbell","description":"","publisher":{"@id":"https:\/\/goldbellvn.ifdemo.com\/#organization"},"potentialAction":[{"@type":"SearchAction","target":{"@type":"EntryPoint","urlTemplate":"https:\/\/goldbellvn.ifdemo.com\/?s={search_term_string}"},"query-input":{"@type":"PropertyValueSpecification","valueRequired":true,"valueName":"search_term_string"}}],"inLanguage":"vi"},{"@type":"Organization","@id":"https:\/\/goldbellvn.ifdemo.com\/#organization","name":"Goldbell","url":"https:\/\/goldbellvn.ifdemo.com\/","logo":{"@type":"ImageObject","inLanguage":"vi","@id":"https:\/\/goldbellvn.ifdemo.com\/#\/schema\/logo\/image\/","url":"https:\/\/goldbellvn.ifdemo.com\/wp-content\/uploads\/2025\/09\/logo.svg","contentUrl":"https:\/\/goldbellvn.ifdemo.com\/wp-content\/uploads\/2025\/09\/logo.svg","width":18,"height":23,"caption":"Goldbell"},"image":{"@id":"https:\/\/goldbellvn.ifdemo.com\/#\/schema\/logo\/image\/"}}]}},"_links":{"self":[{"href":"https:\/\/goldbellvn.ifdemo.com\/vi\/wp-json\/wp\/v2\/product\/2102","targetHints":{"allow":["GET"]}}],"collection":[{"href":"https:\/\/goldbellvn.ifdemo.com\/vi\/wp-json\/wp\/v2\/product"}],"about":[{"href":"https:\/\/goldbellvn.ifdemo.com\/vi\/wp-json\/wp\/v2\/types\/product"}],"wp:featuredmedia":[{"embeddable":true,"href":"https:\/\/goldbellvn.ifdemo.com\/vi\/wp-json\/wp\/v2\/media\/2324"}],"wp:attachment":[{"href":"https:\/\/goldbellvn.ifdemo.com\/vi\/wp-json\/wp\/v2\/media?parent=2102"}],"wp:term":[{"taxonomy":"model-type","embeddable":true,"href":"https:\/\/goldbellvn.ifdemo.com\/vi\/wp-json\/wp\/v2\/model-type?post=2102"},{"taxonomy":"product_brand","embeddable":true,"href":"https:\/\/goldbellvn.ifdemo.com\/vi\/wp-json\/wp\/v2\/product_brand?post=2102"},{"taxonomy":"product_cat","embeddable":true,"href":"https:\/\/goldbellvn.ifdemo.com\/vi\/wp-json\/wp\/v2\/product_cat?post=2102"},{"taxonomy":"product_tag","embeddable":true,"href":"https:\/\/goldbellvn.ifdemo.com\/vi\/wp-json\/wp\/v2\/product_tag?post=2102"}],"curies":[{"name":"wp","href":"https:\/\/api.w.org\/{rel}","templated":true}]}}