{"id":2103,"date":"2025-12-09T21:43:21","date_gmt":"2025-12-09T21:43:21","guid":{"rendered":"https:\/\/goldbell.123websitedev.com\/?post_type=product&#038;p=2103"},"modified":"2026-01-05T23:02:00","modified_gmt":"2026-01-05T23:02:00","slug":"nlifter-nlt12e","status":"publish","type":"product","link":"https:\/\/goldbellvn.ifdemo.com\/vi\/san-pham\/nlifter-nlt12e\/","title":{"rendered":"NLT12E"},"content":{"rendered":"<h3>C\u00f4ng ngh\u1ec7 th\u00f4ng minh<\/h3>\n<h3>Kh\u1ea3 n\u0103ng c\u01a1 \u0111\u1ed9ng linh ho\u1ea1t<\/h3>\n<p>Tr\u01b0\u1edbc s\u1ef1 ph\u00e1t tri\u1ec3n nhanh ch\u00f3ng c\u1ee7a c\u00f4ng ngh\u1ec7 Lithium tr\u00ean to\u00e0n c\u1ea7u, NLT12E l\u00e0 m\u1ed9t s\u1ea3n ph\u1ea9m \u0111\u1ed5i m\u1edbi \u0111\u01b0\u1ee3c ph\u00e1t tri\u1ec3n nh\u1eb1m thi\u1ebft l\u1eadp xu h\u01b0\u1edbng m\u1edbi trong vi\u1ec7c x\u1eed l\u00fd, di chuy\u1ec3n v\u00e0 v\u1eadn chuy\u1ec3n h\u00e0ng h\u00f3a d\u1ea1ng pallet trong ng\u00e0nh thi\u1ebft b\u1ecb n\u00e2ng h\u1ea1 hi\u1ec7n \u0111\u1ea1i.<\/p>\n<p>\u0110\u01b0\u1ee3c ch\u1ebf t\u1ea1o v\u1edbi khung xe nh\u1eb9 v\u00e0 c\u00f4ng ngh\u1ec7 ti\u00ean ti\u1ebfn s\u1eed d\u1ee5ng h\u1ec7 th\u1ed1ng v\u1eadn h\u00e0nh Lithium 24V, NLT12E k\u1ebft h\u1ee3p hai y\u1ebfu t\u1ed1 c\u1ed1t l\u00f5i \u2013 TH\u00d4NG MINH &amp; LINH HO\u1ea0T, nh\u1eb1m \u0111\u00e1p \u1ee9ng nhu c\u1ea7u c\u1ee7a ng\u00e0nh logistics v\u00e0 x\u1eed l\u00fd v\u1eadt li\u1ec7u.<\/p>\n<p>Kh\u1ea3 n\u0103ng s\u1ea1c th\u00f4ng minh c\u1ee7a NLT12E cho ph\u00e9p pin \u0111\u1ea1t tr\u1ea1ng th\u00e1i s\u1ea1c \u0111\u1ea7y trong v\u00f2ng 2.5 gi\u1edd, cung c\u1ea5p t\u1ed1i \u0111a 3 gi\u1edd l\u00e0m vi\u1ec7c li\u00ean t\u1ee5c. H\u1ec7 th\u1ed1ng \u0111i\u1ec1u khi\u1ec3n di chuy\u1ec3n \u0111\u01b0\u1ee3c t\u00edch h\u1ee3p \u0111i\u1ec7n t\u1eed, cho ph\u00e9p \u0111\u1ea1t b\u00e1n k\u00ednh quay nh\u1ecf \u0111\u1ebfn 1390 mm, \u0111\u01b0\u1ee3c xem l\u00e0 th\u1ebf h\u1ec7 xe n\u00e2ng tay \u0111i\u1ec7n ti\u1ebfp theo, t\u1ed1i \u01b0u h\u00f3a n\u0103ng su\u1ea5t trong m\u00f4i tr\u01b0\u1eddng kh\u00f4ng gian h\u1ea1n ch\u1ebf.<\/p>\n<h3>USB Key Switch<\/h3>\n<ul>\n<li>C\u00f4ng t\u1eafc kh\u1edfi \u0111\u1ed9ng d\u1ea1ng USB nh\u1ecf g\u1ecdn<\/li>\n<li>Gi\u1edbi h\u1ea1n v\u00e0 ng\u0103n ch\u1eb7n vi\u1ec7c s\u1eed d\u1ee5ng xe tr\u00e1i ph\u00e9p<\/li>\n<\/ul>\n<h3>H\u1ec7 th\u1ed1ng an to\u00e0n &amp; b\u1ea3o v\u1ec7<\/h3>\n<ul>\n<li>T\u1ef1 \u0111\u1ed9ng t\u1eaft ngu\u1ed3n n\u1ebfu xe \u0111\u01b0\u1ee3c b\u1eadt nh\u01b0ng kh\u00f4ng ho\u1ea1t \u0111\u1ed9ng trong 20 ph\u00fat<\/li>\n<li>H\u1ec7 th\u1ed1ng b\u1ea3o v\u1ec7 \u0111i\u1ec7n \u00e1p th\u1ea5p t\u1ef1 \u0111\u1ed9ng gi\u1edbi h\u1ea1n t\u1ed1c \u0111\u1ed9 di chuy\u1ec3n v\u00e0 c\u1ea3nh b\u00e1o c\u1ea7n s\u1ea1c ngay khi m\u1ee9c pin c\u00f2n 20% ho\u1eb7c th\u1ea5p h\u01a1n.<\/li>\n<\/ul>\n<h3>M\u00e0n h\u00ecnh hi\u1ec3n th\u1ecb &amp; \u0111i\u1ec1u khi\u1ec3n<\/h3>\n<ul>\n<li>\u0110\u00e8n LED ti\u00eau chu\u1ea9n hi\u1ec3n th\u1ecb: m\u1ee9c pin, tr\u1ea1ng th\u00e1i b\u1eadt\/t\u1eaft, gi\u1edd ho\u1ea1t \u0111\u1ed9ng v\u00e0 m\u00e3 l\u1ed7i<\/li>\n<li>Tay \u0111i\u1ec1u khi\u1ec3n \u0111i\u1ec7n t\u1eed \u0111a ch\u1ee9c n\u0103ng h\u1ed7 tr\u1ee3 thao t\u00e1c nhanh<\/li>\n<\/ul>\n<h3>C\u00f4ng ngh\u1ec7 Lithium th\u00f4ng minh<\/h3>\n<ul>\n<li>Th\u1eddi gian s\u1ea1c \u0111\u1ea7y: kho\u1ea3ng 2.5 gi\u1edd<\/li>\n<li>Th\u1eddi gian l\u00e0m vi\u1ec7c li\u00ean t\u1ee5c t\u1ed1i \u0111a: 3 gi\u1edd cho m\u1ed7i l\u1ea7n s\u1ea1c<\/li>\n<li>B\u1ed9 pin Lithium tr\u1ecdng l\u01b0\u1ee3ng nh\u1eb9 kho\u1ea3ng 3.7 kg<\/li>\n<li>H\u1ec7 th\u1ed1ng qu\u1ea3n l\u00fd pin (BMS) gi\u00fap b\u1ea3o v\u1ec7 v\u00e0 ki\u1ec3m so\u00e1t pin<\/li>\n<\/ul>\n<h3>Linh ho\u1ea1t &amp; d\u1ec5 \u0111i\u1ec1u khi\u1ec3n<\/h3>\n<ul>\n<li>T\u1ea3i tr\u1ecdng n\u00e2ng t\u1ed1i \u0111a: 1.2 t\u1ea5n<\/li>\n<li>B\u00e1n k\u00ednh quay nh\u1ecf: 1390 mm, ph\u00f9 h\u1ee3p l\u1ed1i \u0111i h\u1eb9p<\/li>\n<li>\u0110\u1ed9ng c\u01a1 k\u00e9o ti\u00eau chu\u1ea9n c\u00f4ng su\u1ea5t 0.65 kW<\/li>\n<li>Kh\u1ea3 n\u0103ng ch\u1ed1ng tr\u00f4i khi v\u1eadn h\u00e0nh tr\u00ean d\u1ed1c<\/li>\n<li>Thi\u1ebft k\u1ebf tay \u0111i\u1ec1u khi\u1ec3n \u0111\u01b0\u1ee3c c\u1ea3i ti\u1ebfn v\u1edbi k\u1ebft c\u1ea5u nh\u1eb9, gi\u00fap \u0111i\u1ec1u khi\u1ec3n d\u1ec5 d\u00e0ng.<\/li>\n<li>Xe n\u00e2ng tay \u0111i\u1ec7n nh\u1eb9 nh\u1ea5t trong ng\u00e0nh, tr\u1ecdng l\u01b0\u1ee3ng ch\u1ec9 kho\u1ea3ng 120 kg (bao g\u1ed3m c\u1ea3 b\u1ed9 pin).<\/li>\n<\/ul>","protected":false},"excerpt":{"rendered":"<p>Smart Technology Agile Maneuverability In awe of the world\u2019s accelerating Lithium technology development, the NLT12E is the newest innovative creation built to establish the trend in revolutionizing how a conventional palletized goods are handled, transferred and transported in this modern material handling era. Constructed in its lightweight chassis and stat of the art technology that [&hellip;]<\/p>","protected":false},"featured_media":2273,"template":"","meta":{"_acf_changed":false,"inline_featured_image":false},"model-type":[49,60],"product_brand":[43],"product_cat":[31,59],"product_tag":[],"class_list":{"0":"post-2103","1":"product","2":"type-product","3":"status-publish","4":"has-post-thumbnail","6":"model-type-electric","7":"model-type-nlifter","8":"product_brand-nichiyu","9":"product_cat-electric-forklifts","10":"product_cat-nlifter","12":"first","13":"instock","14":"shipping-taxable","15":"purchasable","16":"product-type-simple"},"acf":[],"yoast_head":"<!-- This site is optimized with the Yoast SEO Premium plugin v25.6 (Yoast SEO v25.6) - https:\/\/yoast.com\/wordpress\/plugins\/seo\/ -->\n<title>NLT12E - Goldbell<\/title>\n<meta name=\"description\" content=\"The NLT12E SMART charging capability allows the battery to achieve FULL charged condition within 2.5 charging hours, can deliver up to a maximum 3 hours continuous work cycle. The truck\u2019s maneuvering controls are also electronically intergrated that allows tight turning radius up to 1390mm, is believed to be the NEXT generation pallet truck evolved to drive productivity in the most space demanding environment.\" \/>\n<meta name=\"robots\" content=\"noindex, follow, max-snippet:-1, max-image-preview:large, max-video-preview:-1\" \/>\n<meta property=\"og:locale\" content=\"vi_VN\" \/>\n<meta property=\"og:type\" content=\"article\" \/>\n<meta property=\"og:title\" content=\"NLT12E\" \/>\n<meta property=\"og:description\" content=\"The NLT12E SMART charging capability allows the battery to achieve FULL charged condition within 2.5 charging hours, can deliver up to a maximum 3 hours continuous work cycle. The truck\u2019s maneuvering controls are also electronically intergrated that allows tight turning radius up to 1390mm, is believed to be the NEXT generation pallet truck evolved to drive productivity in the most space demanding environment.\" \/>\n<meta property=\"og:url\" content=\"https:\/\/goldbellvn.ifdemo.com\/vi\/san-pham\/nlifter-nlt12e\/\" \/>\n<meta property=\"og:site_name\" content=\"Goldbell\" \/>\n<meta property=\"article:modified_time\" content=\"2026-01-05T23:02:00+00:00\" \/>\n<meta property=\"og:image\" content=\"https:\/\/goldbellvn.ifdemo.com\/wp-content\/uploads\/2025\/12\/nlt12e.png\" \/>\n\t<meta property=\"og:image:width\" content=\"800\" \/>\n\t<meta property=\"og:image:height\" content=\"800\" \/>\n\t<meta property=\"og:image:type\" content=\"image\/png\" \/>\n<meta name=\"twitter:card\" content=\"summary_large_image\" \/>\n<meta name=\"twitter:label1\" content=\"\u01af\u1edbc t\u00ednh th\u1eddi gian \u0111\u1ecdc\" \/>\n\t<meta name=\"twitter:data1\" content=\"2 ph\u00fat\" \/>\n<script type=\"application\/ld+json\" class=\"yoast-schema-graph\">{\"@context\":\"https:\/\/schema.org\",\"@graph\":[{\"@type\":\"WebPage\",\"@id\":\"https:\/\/goldbellvn.ifdemo.com\/product\/nlifter-nlt12e\/\",\"url\":\"https:\/\/goldbellvn.ifdemo.com\/product\/nlifter-nlt12e\/\",\"name\":\"NLT12E - Goldbell\",\"isPartOf\":{\"@id\":\"https:\/\/goldbellvn.ifdemo.com\/#website\"},\"primaryImageOfPage\":{\"@id\":\"https:\/\/goldbellvn.ifdemo.com\/product\/nlifter-nlt12e\/#primaryimage\"},\"image\":{\"@id\":\"https:\/\/goldbellvn.ifdemo.com\/product\/nlifter-nlt12e\/#primaryimage\"},\"thumbnailUrl\":\"https:\/\/goldbellvn.ifdemo.com\/wp-content\/uploads\/2025\/12\/nlt12e.png\",\"datePublished\":\"2025-12-09T21:43:21+00:00\",\"dateModified\":\"2026-01-05T23:02:00+00:00\",\"description\":\"The NLT12E SMART charging capability allows the battery to achieve FULL charged condition within 2.5 charging hours, can deliver up to a maximum 3 hours continuous work cycle. The truck\u2019s maneuvering controls are also electronically intergrated that allows tight turning radius up to 1390mm, is believed to be the NEXT generation pallet truck evolved to drive productivity in the most space demanding environment.\",\"breadcrumb\":{\"@id\":\"https:\/\/goldbellvn.ifdemo.com\/product\/nlifter-nlt12e\/#breadcrumb\"},\"inLanguage\":\"vi\",\"potentialAction\":[{\"@type\":\"ReadAction\",\"target\":[\"https:\/\/goldbellvn.ifdemo.com\/product\/nlifter-nlt12e\/\"]}]},{\"@type\":\"ImageObject\",\"inLanguage\":\"vi\",\"@id\":\"https:\/\/goldbellvn.ifdemo.com\/product\/nlifter-nlt12e\/#primaryimage\",\"url\":\"https:\/\/goldbellvn.ifdemo.com\/wp-content\/uploads\/2025\/12\/nlt12e.png\",\"contentUrl\":\"https:\/\/goldbellvn.ifdemo.com\/wp-content\/uploads\/2025\/12\/nlt12e.png\",\"width\":800,\"height\":800},{\"@type\":\"BreadcrumbList\",\"@id\":\"https:\/\/goldbellvn.ifdemo.com\/product\/nlifter-nlt12e\/#breadcrumb\",\"itemListElement\":[{\"@type\":\"ListItem\",\"position\":1,\"name\":\"Home\",\"item\":\"https:\/\/goldbellvn.ifdemo.com\/\"},{\"@type\":\"ListItem\",\"position\":2,\"name\":\"Products\",\"item\":\"https:\/\/goldbellvn.ifdemo.com\/shop\/\"},{\"@type\":\"ListItem\",\"position\":3,\"name\":\"NLT12E\"}]},{\"@type\":\"WebSite\",\"@id\":\"https:\/\/goldbellvn.ifdemo.com\/#website\",\"url\":\"https:\/\/goldbellvn.ifdemo.com\/\",\"name\":\"Goldbell\",\"description\":\"\",\"publisher\":{\"@id\":\"https:\/\/goldbellvn.ifdemo.com\/#organization\"},\"potentialAction\":[{\"@type\":\"SearchAction\",\"target\":{\"@type\":\"EntryPoint\",\"urlTemplate\":\"https:\/\/goldbellvn.ifdemo.com\/?s={search_term_string}\"},\"query-input\":{\"@type\":\"PropertyValueSpecification\",\"valueRequired\":true,\"valueName\":\"search_term_string\"}}],\"inLanguage\":\"vi\"},{\"@type\":\"Organization\",\"@id\":\"https:\/\/goldbellvn.ifdemo.com\/#organization\",\"name\":\"Goldbell\",\"url\":\"https:\/\/goldbellvn.ifdemo.com\/\",\"logo\":{\"@type\":\"ImageObject\",\"inLanguage\":\"vi\",\"@id\":\"https:\/\/goldbellvn.ifdemo.com\/#\/schema\/logo\/image\/\",\"url\":\"https:\/\/goldbellvn.ifdemo.com\/wp-content\/uploads\/2025\/09\/logo.svg\",\"contentUrl\":\"https:\/\/goldbellvn.ifdemo.com\/wp-content\/uploads\/2025\/09\/logo.svg\",\"width\":18,\"height\":23,\"caption\":\"Goldbell\"},\"image\":{\"@id\":\"https:\/\/goldbellvn.ifdemo.com\/#\/schema\/logo\/image\/\"}}]}<\/script>\n<!-- \/ Yoast SEO Premium plugin. -->","yoast_head_json":{"title":"NLT12E - Goldbell","description":"The NLT12E SMART charging capability allows the battery to achieve FULL charged condition within 2.5 charging hours, can deliver up to a maximum 3 hours continuous work cycle. The truck\u2019s maneuvering controls are also electronically intergrated that allows tight turning radius up to 1390mm, is believed to be the NEXT generation pallet truck evolved to drive productivity in the most space demanding environment.","robots":{"index":"noindex","follow":"follow","max-snippet":"max-snippet:-1","max-image-preview":"max-image-preview:large","max-video-preview":"max-video-preview:-1"},"og_locale":"vi_VN","og_type":"article","og_title":"NLT12E","og_description":"The NLT12E SMART charging capability allows the battery to achieve FULL charged condition within 2.5 charging hours, can deliver up to a maximum 3 hours continuous work cycle. The truck\u2019s maneuvering controls are also electronically intergrated that allows tight turning radius up to 1390mm, is believed to be the NEXT generation pallet truck evolved to drive productivity in the most space demanding environment.","og_url":"https:\/\/goldbellvn.ifdemo.com\/vi\/san-pham\/nlifter-nlt12e\/","og_site_name":"Goldbell","article_modified_time":"2026-01-05T23:02:00+00:00","og_image":[{"width":800,"height":800,"url":"https:\/\/goldbellvn.ifdemo.com\/wp-content\/uploads\/2025\/12\/nlt12e.png","type":"image\/png"}],"twitter_card":"summary_large_image","twitter_misc":{"\u01af\u1edbc t\u00ednh th\u1eddi gian \u0111\u1ecdc":"2 ph\u00fat"},"schema":{"@context":"https:\/\/schema.org","@graph":[{"@type":"WebPage","@id":"https:\/\/goldbellvn.ifdemo.com\/product\/nlifter-nlt12e\/","url":"https:\/\/goldbellvn.ifdemo.com\/product\/nlifter-nlt12e\/","name":"NLT12E - Goldbell","isPartOf":{"@id":"https:\/\/goldbellvn.ifdemo.com\/#website"},"primaryImageOfPage":{"@id":"https:\/\/goldbellvn.ifdemo.com\/product\/nlifter-nlt12e\/#primaryimage"},"image":{"@id":"https:\/\/goldbellvn.ifdemo.com\/product\/nlifter-nlt12e\/#primaryimage"},"thumbnailUrl":"https:\/\/goldbellvn.ifdemo.com\/wp-content\/uploads\/2025\/12\/nlt12e.png","datePublished":"2025-12-09T21:43:21+00:00","dateModified":"2026-01-05T23:02:00+00:00","description":"The NLT12E SMART charging capability allows the battery to achieve FULL charged condition within 2.5 charging hours, can deliver up to a maximum 3 hours continuous work cycle. The truck\u2019s maneuvering controls are also electronically intergrated that allows tight turning radius up to 1390mm, is believed to be the NEXT generation pallet truck evolved to drive productivity in the most space demanding environment.","breadcrumb":{"@id":"https:\/\/goldbellvn.ifdemo.com\/product\/nlifter-nlt12e\/#breadcrumb"},"inLanguage":"vi","potentialAction":[{"@type":"ReadAction","target":["https:\/\/goldbellvn.ifdemo.com\/product\/nlifter-nlt12e\/"]}]},{"@type":"ImageObject","inLanguage":"vi","@id":"https:\/\/goldbellvn.ifdemo.com\/product\/nlifter-nlt12e\/#primaryimage","url":"https:\/\/goldbellvn.ifdemo.com\/wp-content\/uploads\/2025\/12\/nlt12e.png","contentUrl":"https:\/\/goldbellvn.ifdemo.com\/wp-content\/uploads\/2025\/12\/nlt12e.png","width":800,"height":800},{"@type":"BreadcrumbList","@id":"https:\/\/goldbellvn.ifdemo.com\/product\/nlifter-nlt12e\/#breadcrumb","itemListElement":[{"@type":"ListItem","position":1,"name":"Home","item":"https:\/\/goldbellvn.ifdemo.com\/"},{"@type":"ListItem","position":2,"name":"Products","item":"https:\/\/goldbellvn.ifdemo.com\/shop\/"},{"@type":"ListItem","position":3,"name":"NLT12E"}]},{"@type":"WebSite","@id":"https:\/\/goldbellvn.ifdemo.com\/#website","url":"https:\/\/goldbellvn.ifdemo.com\/","name":"Goldbell","description":"","publisher":{"@id":"https:\/\/goldbellvn.ifdemo.com\/#organization"},"potentialAction":[{"@type":"SearchAction","target":{"@type":"EntryPoint","urlTemplate":"https:\/\/goldbellvn.ifdemo.com\/?s={search_term_string}"},"query-input":{"@type":"PropertyValueSpecification","valueRequired":true,"valueName":"search_term_string"}}],"inLanguage":"vi"},{"@type":"Organization","@id":"https:\/\/goldbellvn.ifdemo.com\/#organization","name":"Goldbell","url":"https:\/\/goldbellvn.ifdemo.com\/","logo":{"@type":"ImageObject","inLanguage":"vi","@id":"https:\/\/goldbellvn.ifdemo.com\/#\/schema\/logo\/image\/","url":"https:\/\/goldbellvn.ifdemo.com\/wp-content\/uploads\/2025\/09\/logo.svg","contentUrl":"https:\/\/goldbellvn.ifdemo.com\/wp-content\/uploads\/2025\/09\/logo.svg","width":18,"height":23,"caption":"Goldbell"},"image":{"@id":"https:\/\/goldbellvn.ifdemo.com\/#\/schema\/logo\/image\/"}}]}},"_links":{"self":[{"href":"https:\/\/goldbellvn.ifdemo.com\/vi\/wp-json\/wp\/v2\/product\/2103","targetHints":{"allow":["GET"]}}],"collection":[{"href":"https:\/\/goldbellvn.ifdemo.com\/vi\/wp-json\/wp\/v2\/product"}],"about":[{"href":"https:\/\/goldbellvn.ifdemo.com\/vi\/wp-json\/wp\/v2\/types\/product"}],"wp:featuredmedia":[{"embeddable":true,"href":"https:\/\/goldbellvn.ifdemo.com\/vi\/wp-json\/wp\/v2\/media\/2273"}],"wp:attachment":[{"href":"https:\/\/goldbellvn.ifdemo.com\/vi\/wp-json\/wp\/v2\/media?parent=2103"}],"wp:term":[{"taxonomy":"model-type","embeddable":true,"href":"https:\/\/goldbellvn.ifdemo.com\/vi\/wp-json\/wp\/v2\/model-type?post=2103"},{"taxonomy":"product_brand","embeddable":true,"href":"https:\/\/goldbellvn.ifdemo.com\/vi\/wp-json\/wp\/v2\/product_brand?post=2103"},{"taxonomy":"product_cat","embeddable":true,"href":"https:\/\/goldbellvn.ifdemo.com\/vi\/wp-json\/wp\/v2\/product_cat?post=2103"},{"taxonomy":"product_tag","embeddable":true,"href":"https:\/\/goldbellvn.ifdemo.com\/vi\/wp-json\/wp\/v2\/product_tag?post=2103"}],"curies":[{"name":"wp","href":"https:\/\/api.w.org\/{rel}","templated":true}]}}