{"id":2112,"date":"2025-12-10T07:51:04","date_gmt":"2025-12-10T07:51:04","guid":{"rendered":"https:\/\/goldbell.123websitedev.com\/?post_type=product&#038;p=2112"},"modified":"2026-01-05T22:48:00","modified_gmt":"2026-01-05T22:48:00","slug":"nlifter-nst12eas","status":"publish","type":"product","link":"https:\/\/goldbellvn.ifdemo.com\/vi\/san-pham\/nlifter-nst12eas\/","title":{"rendered":"NST12EAS"},"content":{"rendered":"<h3>T\u00f9y ch\u1ec9nh theo c\u00e1ch c\u1ee7a b\u1ea1n \u2013 N\u00e2ng h\u00e0ng theo c\u00e1ch b\u1ea1n mu\u1ed1n!<\/h3>\n<p>NST12EAS th\u1ebf h\u1ec7 m\u1edbi \u0111\u01b0\u1ee3c trang b\u1ecb \u0111\u1ea7y \u0111\u1ee7 c\u00e1c t\u00ednh n\u0103ng c\u00f4ng th\u00e1i h\u1ecdc v\u00e0 an to\u00e0n, mang l\u1ea1i s\u1ef1 c\u00e2n b\u1eb1ng t\u1ed1i \u01b0u, gi\u00fap ng\u01b0\u1eddi v\u1eadn h\u00e0nh l\u00e0m vi\u1ec7c trong th\u1eddi gian d\u00e0i m\u00e0 kh\u00f4ng b\u1ecb c\u0103ng th\u1eb3ng th\u1ec3 l\u1ef1c.<\/p>\n<p>V\u1edbi kh\u1ea3 n\u0103ng n\u00e2ng t\u1ed1i \u0111a l\u00ean \u0111\u1ebfn 4.5 m\u00e9t c\u00f9ng g\u00f3c quan s\u00e1t c\u00e0ng n\u00e2ng ph\u00eda tr\u01b0\u1edbc r\u1ed9ng, ng\u01b0\u1eddi v\u1eadn h\u00e0nh d\u1ec5 d\u00e0ng quan s\u00e1t v\u00e0 th\u1ef1c hi\u1ec7n c\u00e1c thao t\u00e1c x\u1ebfp d\u1ee1 \u1edf \u0111\u1ed9 cao v\u1edbi \u0111\u1ed9 ch\u00ednh x\u00e1c cao. Thi\u1ebft k\u1ebf c\u1ea7n \u0111i\u1ec1u khi\u1ec3n cong v\u00e0 khung xe \u0111\u01b0\u1ee3c t\u1ed1i \u01b0u \u0111\u1ec3 t\u0103ng kh\u1ea3 n\u0103ng xoay tr\u1edf linh ho\u1ea1t. D\u00f9 l\u00e0m vi\u1ec7c trong kh\u00f4ng gian h\u1ea1n ch\u1ebf hay v\u1edbi nhi\u1ec1u lo\u1ea1i t\u1ea3i kh\u00e1c nhau, h\u1ec7 th\u1ed1ng ch\u00e2n ch\u1ed1ng \u0111i\u1ec1u ch\u1ec9nh (straddle) gi\u00fap linh ho\u1ea1t th\u00edch \u1ee9ng, ph\u00f9 h\u1ee3p v\u1edbi t\u1ea3i tr\u1ecdng l\u00ean \u0111\u1ebfn 1.2 t\u1ea5n.<\/p>\n<h3>V\u1eadn h\u00e0nh an to\u00e0n 24\/7<\/h3>\n<ul>\n<li>H\u1ec7 th\u1ed1ng truy c\u1eadp b\u1eb1ng m\u00e3 PIN \u0111\u1ed9c quy\u1ec1n, h\u1ea1n ch\u1ebf s\u1eed d\u1ee5ng tr\u00e1i ph\u00e9p<\/li>\n<\/ul>\n<h3>X\u1eed l\u00fd h\u00e0ng linh ho\u1ea1t<\/h3>\n<ul>\n<li>Tay \u0111i\u1ec1u khi\u1ec3n \u0111i\u1ec7n t\u1eed \u0111a ch\u1ee9c n\u0103ng gi\u00fap thao t\u00e1c nhanh. Chi\u1ec1u r\u1ed9ng ch\u00e2n ch\u1ed1ng \u0111i\u1ec1u ch\u1ec9nh ph\u00f9 h\u1ee3p v\u1edbi nhi\u1ec1u lo\u1ea1i pallet.<\/li>\n<\/ul>\n<h3>D\u1ec5 d\u00e0ng b\u1ea3o tr\u00ec \u1eafc quy<\/h3>\n<ul>\n<li>Thi\u1ebft k\u1ebf m\u1edf ph\u00eda tr\u00ean gi\u00fap d\u1ec5 ki\u1ec3m tra m\u1ee9c n\u01b0\u1edbc \u1eafc quy. T\u00f9y ch\u1ecdn thay pin b\u00ean h\u00f4ng gi\u00fap thao t\u00e1c an to\u00e0n h\u01a1n.<\/li>\n<\/ul>\n<h3>H\u1ec7 th\u1ed1ng truy\u1ec1n \u0111\u1ed9ng AC m\u1ea1nh m\u1ebd<\/h3>\n<ul>\n<li>\u0110i\u1ec1u khi\u1ec3n t\u1ed1c \u0111\u1ed9 di chuy\u1ec3n m\u01b0\u1ee3t m\u00e0 l\u00ean \u0111\u1ebfn 5.5 km\/h<\/li>\n<li>\u0110\u1ed9ng c\u01a1 AC c\u00f4ng su\u1ea5t cao gi\u00fap xe d\u1ec5 d\u00e0ng v\u01b0\u1ee3t qua nhi\u1ec1u lo\u1ea1i \u0111\u1ecba h\u00ecnh<\/li>\n<\/ul>\n<h3>M\u00e0n h\u00ecnh hi\u1ec3n th\u1ecb &amp; \u0111i\u1ec1u khi\u1ec3n<\/h3>\n<ul>\n<li>\u0110\u00e8n LED hi\u1ec3n th\u1ecb: m\u1ee9c pin, tr\u1ea1ng th\u00e1i b\u1eadt\/t\u1eaft, gi\u1edd ho\u1ea1t \u0111\u1ed9ng, m\u00e3 l\u1ed7i<\/li>\n<li>Tay \u0111i\u1ec1u khi\u1ec3n \u0111a ch\u1ee9c n\u0103ng cho ph\u00e9p v\u1eeba di chuy\u1ec3n v\u1eeba n\u00e2ng h\u1ea1 \u0111\u1ed3ng th\u1eddi<\/li>\n<\/ul>\n<h3>D\u1ec5 b\u1ea3o tr\u00ec &amp; s\u1eeda ch\u1eefa<\/h3>\n<ul>\n<li>D\u1ec5 d\u00e0ng ti\u1ebfp c\u1eadn c\u00e1c b\u1ed9 ph\u1eadn ch\u00ednh \u0111\u1ec3 ki\u1ec3m tra v\u00e0 b\u1ea3o d\u01b0\u1ee1ng<\/li>\n<li>H\u1ed7 tr\u1ee3 ch\u1ea9n \u0111o\u00e1n l\u1ed7i nhanh qua c\u1ed5ng k\u1ebft n\u1ed1i<\/li>\n<li>B\u1ed9 \u0111i\u1ec1u khi\u1ec3n AC ZAPI chu\u1ea9n IP54 ch\u1ed1ng b\u1ee5i v\u00e0 n\u01b0\u1edbc<\/li>\n<li>Gi\u1eafc n\u1ed1i AMP ch\u1ea5t l\u01b0\u1ee3ng cao v\u00e0 h\u1ec7 th\u1ed1ng d\u00e2y \u0111i\u1ec7n b\u1ec1n b\u1ec9<\/li>\n<\/ul>\n<h3>V\u1eadn h\u00e0nh an to\u00e0n<\/h3>\n<ul>\n<li>H\u1ec7 th\u1ed1ng b\u1ea3o v\u1ec7 \u0111i\u1ec7n \u00e1p th\u1ea5p: t\u1ef1 \u0111\u1ed9ng gi\u1ea3m t\u1ed1c v\u00e0 ng\u1eaft ch\u1ee9c n\u0103ng n\u00e2ng khi pin \u2264 20%<\/li>\n<li>T\u1ef1 \u0111\u1ed9ng gi\u1ea3m t\u1ed1c c\u00f2n m\u1ed9t n\u1eeda khi v\u01b0\u1ee3t chi\u1ec1u cao n\u00e2ng t\u1ef1 do<\/li>\n<li>Van an to\u00e0n ch\u1ed1ng t\u1ee5t c\u00e0ng khi h\u1ec7 th\u1ed1ng th\u1ee7y l\u1ef1c g\u1eb7p s\u1ef1 c\u1ed1<\/li>\n<li>Ch\u1ebf \u0111\u1ed9 b\u00f2 ch\u1eadm (creep speed) t\u1ef1 \u0111\u1ed9ng gi\u1ea3m t\u1ed1c khi c\u1ea7n \u0111i\u1ec1u khi\u1ec3n \u1edf v\u1ecb tr\u00ed g\u1ea7n th\u1eb3ng \u0111\u1ee9ng<\/li>\n<li>Khung b\u1ea3o v\u1ec7 tr\u1ee5 n\u00e2ng gi\u00fap ch\u1eafn v\u1eadt v\u0103ng tr\u1ef1c ti\u1ebfp<\/li>\n<li>Phanh \u0111i\u1ec7n t\u1eeb to\u00e0n ph\u1ea7n, t\u00edch h\u1ee3p ch\u1ed1ng tr\u00f4i xe<\/li>\n<li>Thi\u1ebft k\u1ebf g\u1ea7m th\u1ea5p gi\u00fap b\u1ea3o v\u1ec7 ch\u00e2n ng\u01b0\u1eddi v\u1eadn h\u00e0nh<\/li>\n<li>T\u00f9y ch\u1ecdn l\u00e0m vi\u1ec7c trong kho l\u1ea1nh cho ph\u00e9p v\u1eadn h\u00e0nh trong m\u00f4i tr\u01b0\u1eddng nhi\u1ec7t \u0111\u1ed9 th\u1ea5p \u0111\u1ebfn -20\u00b0C.\n<ul>\n<li>\n<ul>L\u01b0u \u00fd: Kh\u00f4ng \u00e1p d\u1ee5ng v\u1edbi t\u00f9y ch\u1ecdn van n\u00e2ng t\u1ef7 l\u1ec7<\/ul>\n<\/li>\n<\/ul>\n<\/li>\n<\/ul>","protected":false},"excerpt":{"rendered":"<p>Have it your WAY. LIFT with it! The new NST12EAS incorporates both ergonomic functions, and safety features deliver a balanced proposition that allows the operator to perform extended shift duties without imposing extreme physical stress on them. Lifts up to a maximum stacking height of 4.5 meters and ample forward forks visibility angle, the operator [&hellip;]<\/p>","protected":false},"featured_media":2113,"template":"","meta":{"_acf_changed":false,"inline_featured_image":false},"model-type":[49,60],"product_brand":[43],"product_cat":[31,59],"product_tag":[],"class_list":{"0":"post-2112","1":"product","2":"type-product","3":"status-publish","4":"has-post-thumbnail","6":"model-type-electric","7":"model-type-nlifter","8":"product_brand-nichiyu","9":"product_cat-electric-forklifts","10":"product_cat-nlifter","12":"first","13":"instock","14":"shipping-taxable","15":"purchasable","16":"product-type-simple"},"acf":[],"yoast_head":"<!-- This site is optimized with the Yoast SEO Premium plugin v25.6 (Yoast SEO v25.6) - https:\/\/yoast.com\/wordpress\/plugins\/seo\/ -->\n<title>NST12EAS - Goldbell<\/title>\n<meta name=\"robots\" content=\"noindex, follow, max-snippet:-1, max-image-preview:large, max-video-preview:-1\" \/>\n<meta property=\"og:locale\" content=\"vi_VN\" \/>\n<meta property=\"og:type\" content=\"article\" \/>\n<meta property=\"og:title\" content=\"NST12EAS\" \/>\n<meta property=\"og:description\" content=\"Have it your WAY. LIFT with it! The new NST12EAS incorporates both ergonomic functions, and safety features deliver a balanced proposition that allows the operator to perform extended shift duties without imposing extreme physical stress on them. Lifts up to a maximum stacking height of 4.5 meters and ample forward forks visibility angle, the operator [&hellip;]\" \/>\n<meta property=\"og:url\" content=\"https:\/\/goldbellvn.ifdemo.com\/vi\/san-pham\/nlifter-nst12eas\/\" \/>\n<meta property=\"og:site_name\" content=\"Goldbell\" \/>\n<meta property=\"article:modified_time\" content=\"2026-01-05T22:48:00+00:00\" \/>\n<meta property=\"og:image\" content=\"https:\/\/goldbellvn.ifdemo.com\/wp-content\/uploads\/2025\/12\/NST12EAS.webp\" \/>\n\t<meta property=\"og:image:width\" content=\"800\" \/>\n\t<meta property=\"og:image:height\" content=\"800\" \/>\n\t<meta property=\"og:image:type\" content=\"image\/webp\" \/>\n<meta name=\"twitter:card\" content=\"summary_large_image\" \/>\n<meta name=\"twitter:label1\" content=\"\u01af\u1edbc t\u00ednh th\u1eddi gian \u0111\u1ecdc\" \/>\n\t<meta name=\"twitter:data1\" content=\"2 ph\u00fat\" \/>\n<script type=\"application\/ld+json\" class=\"yoast-schema-graph\">{\"@context\":\"https:\/\/schema.org\",\"@graph\":[{\"@type\":\"WebPage\",\"@id\":\"https:\/\/goldbellvn.ifdemo.com\/product\/nlifter-nst12eas\/\",\"url\":\"https:\/\/goldbellvn.ifdemo.com\/product\/nlifter-nst12eas\/\",\"name\":\"NST12EAS - Goldbell\",\"isPartOf\":{\"@id\":\"https:\/\/goldbellvn.ifdemo.com\/#website\"},\"primaryImageOfPage\":{\"@id\":\"https:\/\/goldbellvn.ifdemo.com\/product\/nlifter-nst12eas\/#primaryimage\"},\"image\":{\"@id\":\"https:\/\/goldbellvn.ifdemo.com\/product\/nlifter-nst12eas\/#primaryimage\"},\"thumbnailUrl\":\"https:\/\/goldbellvn.ifdemo.com\/wp-content\/uploads\/2025\/12\/NST12EAS.webp\",\"datePublished\":\"2025-12-10T07:51:04+00:00\",\"dateModified\":\"2026-01-05T22:48:00+00:00\",\"breadcrumb\":{\"@id\":\"https:\/\/goldbellvn.ifdemo.com\/product\/nlifter-nst12eas\/#breadcrumb\"},\"inLanguage\":\"vi\",\"potentialAction\":[{\"@type\":\"ReadAction\",\"target\":[\"https:\/\/goldbellvn.ifdemo.com\/product\/nlifter-nst12eas\/\"]}]},{\"@type\":\"ImageObject\",\"inLanguage\":\"vi\",\"@id\":\"https:\/\/goldbellvn.ifdemo.com\/product\/nlifter-nst12eas\/#primaryimage\",\"url\":\"https:\/\/goldbellvn.ifdemo.com\/wp-content\/uploads\/2025\/12\/NST12EAS.webp\",\"contentUrl\":\"https:\/\/goldbellvn.ifdemo.com\/wp-content\/uploads\/2025\/12\/NST12EAS.webp\",\"width\":800,\"height\":800},{\"@type\":\"BreadcrumbList\",\"@id\":\"https:\/\/goldbellvn.ifdemo.com\/product\/nlifter-nst12eas\/#breadcrumb\",\"itemListElement\":[{\"@type\":\"ListItem\",\"position\":1,\"name\":\"Home\",\"item\":\"https:\/\/goldbellvn.ifdemo.com\/\"},{\"@type\":\"ListItem\",\"position\":2,\"name\":\"Products\",\"item\":\"https:\/\/goldbellvn.ifdemo.com\/shop\/\"},{\"@type\":\"ListItem\",\"position\":3,\"name\":\"NST12EAS\"}]},{\"@type\":\"WebSite\",\"@id\":\"https:\/\/goldbellvn.ifdemo.com\/#website\",\"url\":\"https:\/\/goldbellvn.ifdemo.com\/\",\"name\":\"Goldbell\",\"description\":\"\",\"publisher\":{\"@id\":\"https:\/\/goldbellvn.ifdemo.com\/#organization\"},\"potentialAction\":[{\"@type\":\"SearchAction\",\"target\":{\"@type\":\"EntryPoint\",\"urlTemplate\":\"https:\/\/goldbellvn.ifdemo.com\/?s={search_term_string}\"},\"query-input\":{\"@type\":\"PropertyValueSpecification\",\"valueRequired\":true,\"valueName\":\"search_term_string\"}}],\"inLanguage\":\"vi\"},{\"@type\":\"Organization\",\"@id\":\"https:\/\/goldbellvn.ifdemo.com\/#organization\",\"name\":\"Goldbell\",\"url\":\"https:\/\/goldbellvn.ifdemo.com\/\",\"logo\":{\"@type\":\"ImageObject\",\"inLanguage\":\"vi\",\"@id\":\"https:\/\/goldbellvn.ifdemo.com\/#\/schema\/logo\/image\/\",\"url\":\"https:\/\/goldbellvn.ifdemo.com\/wp-content\/uploads\/2025\/09\/logo.svg\",\"contentUrl\":\"https:\/\/goldbellvn.ifdemo.com\/wp-content\/uploads\/2025\/09\/logo.svg\",\"width\":18,\"height\":23,\"caption\":\"Goldbell\"},\"image\":{\"@id\":\"https:\/\/goldbellvn.ifdemo.com\/#\/schema\/logo\/image\/\"}}]}<\/script>\n<!-- \/ Yoast SEO Premium plugin. -->","yoast_head_json":{"title":"NST12EAS - Goldbell","robots":{"index":"noindex","follow":"follow","max-snippet":"max-snippet:-1","max-image-preview":"max-image-preview:large","max-video-preview":"max-video-preview:-1"},"og_locale":"vi_VN","og_type":"article","og_title":"NST12EAS","og_description":"Have it your WAY. LIFT with it! The new NST12EAS incorporates both ergonomic functions, and safety features deliver a balanced proposition that allows the operator to perform extended shift duties without imposing extreme physical stress on them. Lifts up to a maximum stacking height of 4.5 meters and ample forward forks visibility angle, the operator [&hellip;]","og_url":"https:\/\/goldbellvn.ifdemo.com\/vi\/san-pham\/nlifter-nst12eas\/","og_site_name":"Goldbell","article_modified_time":"2026-01-05T22:48:00+00:00","og_image":[{"width":800,"height":800,"url":"https:\/\/goldbellvn.ifdemo.com\/wp-content\/uploads\/2025\/12\/NST12EAS.webp","type":"image\/webp"}],"twitter_card":"summary_large_image","twitter_misc":{"\u01af\u1edbc t\u00ednh th\u1eddi gian \u0111\u1ecdc":"2 ph\u00fat"},"schema":{"@context":"https:\/\/schema.org","@graph":[{"@type":"WebPage","@id":"https:\/\/goldbellvn.ifdemo.com\/product\/nlifter-nst12eas\/","url":"https:\/\/goldbellvn.ifdemo.com\/product\/nlifter-nst12eas\/","name":"NST12EAS - Goldbell","isPartOf":{"@id":"https:\/\/goldbellvn.ifdemo.com\/#website"},"primaryImageOfPage":{"@id":"https:\/\/goldbellvn.ifdemo.com\/product\/nlifter-nst12eas\/#primaryimage"},"image":{"@id":"https:\/\/goldbellvn.ifdemo.com\/product\/nlifter-nst12eas\/#primaryimage"},"thumbnailUrl":"https:\/\/goldbellvn.ifdemo.com\/wp-content\/uploads\/2025\/12\/NST12EAS.webp","datePublished":"2025-12-10T07:51:04+00:00","dateModified":"2026-01-05T22:48:00+00:00","breadcrumb":{"@id":"https:\/\/goldbellvn.ifdemo.com\/product\/nlifter-nst12eas\/#breadcrumb"},"inLanguage":"vi","potentialAction":[{"@type":"ReadAction","target":["https:\/\/goldbellvn.ifdemo.com\/product\/nlifter-nst12eas\/"]}]},{"@type":"ImageObject","inLanguage":"vi","@id":"https:\/\/goldbellvn.ifdemo.com\/product\/nlifter-nst12eas\/#primaryimage","url":"https:\/\/goldbellvn.ifdemo.com\/wp-content\/uploads\/2025\/12\/NST12EAS.webp","contentUrl":"https:\/\/goldbellvn.ifdemo.com\/wp-content\/uploads\/2025\/12\/NST12EAS.webp","width":800,"height":800},{"@type":"BreadcrumbList","@id":"https:\/\/goldbellvn.ifdemo.com\/product\/nlifter-nst12eas\/#breadcrumb","itemListElement":[{"@type":"ListItem","position":1,"name":"Home","item":"https:\/\/goldbellvn.ifdemo.com\/"},{"@type":"ListItem","position":2,"name":"Products","item":"https:\/\/goldbellvn.ifdemo.com\/shop\/"},{"@type":"ListItem","position":3,"name":"NST12EAS"}]},{"@type":"WebSite","@id":"https:\/\/goldbellvn.ifdemo.com\/#website","url":"https:\/\/goldbellvn.ifdemo.com\/","name":"Goldbell","description":"","publisher":{"@id":"https:\/\/goldbellvn.ifdemo.com\/#organization"},"potentialAction":[{"@type":"SearchAction","target":{"@type":"EntryPoint","urlTemplate":"https:\/\/goldbellvn.ifdemo.com\/?s={search_term_string}"},"query-input":{"@type":"PropertyValueSpecification","valueRequired":true,"valueName":"search_term_string"}}],"inLanguage":"vi"},{"@type":"Organization","@id":"https:\/\/goldbellvn.ifdemo.com\/#organization","name":"Goldbell","url":"https:\/\/goldbellvn.ifdemo.com\/","logo":{"@type":"ImageObject","inLanguage":"vi","@id":"https:\/\/goldbellvn.ifdemo.com\/#\/schema\/logo\/image\/","url":"https:\/\/goldbellvn.ifdemo.com\/wp-content\/uploads\/2025\/09\/logo.svg","contentUrl":"https:\/\/goldbellvn.ifdemo.com\/wp-content\/uploads\/2025\/09\/logo.svg","width":18,"height":23,"caption":"Goldbell"},"image":{"@id":"https:\/\/goldbellvn.ifdemo.com\/#\/schema\/logo\/image\/"}}]}},"_links":{"self":[{"href":"https:\/\/goldbellvn.ifdemo.com\/vi\/wp-json\/wp\/v2\/product\/2112","targetHints":{"allow":["GET"]}}],"collection":[{"href":"https:\/\/goldbellvn.ifdemo.com\/vi\/wp-json\/wp\/v2\/product"}],"about":[{"href":"https:\/\/goldbellvn.ifdemo.com\/vi\/wp-json\/wp\/v2\/types\/product"}],"wp:featuredmedia":[{"embeddable":true,"href":"https:\/\/goldbellvn.ifdemo.com\/vi\/wp-json\/wp\/v2\/media\/2113"}],"wp:attachment":[{"href":"https:\/\/goldbellvn.ifdemo.com\/vi\/wp-json\/wp\/v2\/media?parent=2112"}],"wp:term":[{"taxonomy":"model-type","embeddable":true,"href":"https:\/\/goldbellvn.ifdemo.com\/vi\/wp-json\/wp\/v2\/model-type?post=2112"},{"taxonomy":"product_brand","embeddable":true,"href":"https:\/\/goldbellvn.ifdemo.com\/vi\/wp-json\/wp\/v2\/product_brand?post=2112"},{"taxonomy":"product_cat","embeddable":true,"href":"https:\/\/goldbellvn.ifdemo.com\/vi\/wp-json\/wp\/v2\/product_cat?post=2112"},{"taxonomy":"product_tag","embeddable":true,"href":"https:\/\/goldbellvn.ifdemo.com\/vi\/wp-json\/wp\/v2\/product_tag?post=2112"}],"curies":[{"name":"wp","href":"https:\/\/api.w.org\/{rel}","templated":true}]}}