{"id":2925,"date":"2026-03-21T08:35:35","date_gmt":"2026-03-21T01:35:35","guid":{"rendered":"https:\/\/goldbell.123websitedev.com\/?post_type=product&#038;p=2925"},"modified":"2026-03-24T22:40:33","modified_gmt":"2026-03-24T15:40:33","slug":"xcf20kt-xcf25kt","status":"publish","type":"product","link":"https:\/\/goldbellvn.ifdemo.com\/vi\/san-pham\/xcf20kt-xcf25kt\/","title":{"rendered":"XCF20KT \/ XCF25KT"},"content":{"rendered":"<p data-start=\"1085\" data-end=\"1394\">Xe n\u00e2ng d\u1ea7u XCMG XCF20KT\/XCF25KT \u0111\u01b0\u1ee3c thi\u1ebft k\u1ebf v\u1edbi t\u1ea3i tr\u1ecdng n\u00e2ng 2\u20132.5 t\u1ea5n, mang l\u1ea1i hi\u1ec7u su\u1ea5t cao, \u0111\u1ed9 b\u1ec1n v\u01b0\u1ee3t tr\u1ed9i v\u00e0 chi ph\u00ed v\u1eadn h\u00e0nh th\u1ea5p. Xe \u0111\u01b0\u1ee3c trang b\u1ecb \u0111\u1ed9ng c\u01a1 Zhejiang Xinchai m\u1ea1nh m\u1ebd (t\u00f9y ch\u1ecdn \u0111\u1ed9ng c\u01a1 Isuzu), k\u1ebft h\u1ee3p v\u1edbi h\u1ec7 th\u1ed1ng truy\u1ec1n \u0111\u1ed9ng \u1ed5n \u0111\u1ecbnh, gi\u00fap v\u1eadn h\u00e0nh \u00eam \u00e1i v\u00e0 ti\u1ebft ki\u1ec7m nhi\u00ean li\u1ec7u.<\/p>\n<p data-start=\"1396\" data-end=\"1573\">V\u1edbi thi\u1ebft k\u1ebf nh\u1ecf g\u1ecdn v\u00e0 b\u00e1n k\u00ednh quay v\u00f2ng nh\u1ecf, chi\u1ebfc xe n\u00e2ng n\u00e0y r\u1ea5t ph\u00f9 h\u1ee3p l\u00e0m vi\u1ec7c trong kh\u00f4ng gian h\u1ea1n ch\u1ebf. T\u1ed1c \u0111\u1ed9 n\u00e2ng nhanh c\u00f9ng kh\u1ea3 n\u0103ng leo d\u1ed1c m\u1ea1nh m\u1ebd gi\u00fap n\u00e2ng cao \u0111\u00e1ng k\u1ec3 n\u0103ng su\u1ea5t l\u00e0m vi\u1ec7c.<\/p>\n<p data-start=\"1575\" data-end=\"1592\"><strong data-start=\"1575\" data-end=\"1592\">C\u00e1c l\u1ee3i \u00edch n\u1ed5i b\u1eadt:<\/strong><\/p>\n<ul data-start=\"1593\" data-end=\"1769\">\n<li data-section-id=\"j6b26i\" data-start=\"1593\" data-end=\"1637\">Ti\u1ebft ki\u1ec7m nhi\u00ean li\u1ec7u, gi\u1ea3m chi ph\u00ed v\u1eadn h\u00e0nh.<\/li>\n<li data-section-id=\"bu9ybi\" data-start=\"1638\" data-end=\"1676\">V\u1eadn h\u00e0nh linh ho\u1ea1t trong kh\u00f4ng gian ch\u1eadt h\u1eb9p.<\/li>\n<li data-section-id=\"pnufxa\" data-start=\"1677\" data-end=\"1720\">K\u1ebft c\u1ea5u b\u1ec1n b\u1ec9, tu\u1ed5i th\u1ecd s\u1eed d\u1ee5ng l\u00e2u d\u00e0i.<\/li>\n<li data-section-id=\"ag5y7i\" data-start=\"1721\" data-end=\"1769\">B\u1ea3o tr\u00ec d\u1ec5 d\u00e0ng v\u1edbi ph\u1ee5 t\u00f9ng s\u1eb5n c\u00f3.<\/li>\n<\/ul>\n<p data-start=\"1771\" data-end=\"1788\"><strong data-start=\"1771\" data-end=\"1788\">\u1ee8ng d\u1ee5ng:<\/strong><\/p>\n<ul data-start=\"1789\" data-end=\"1895\">\n<li data-section-id=\"194lme5\" data-start=\"1789\" data-end=\"1816\">Kho b\u00e3i v\u00e0 logistics<\/li>\n<li data-section-id=\"u3fi1o\" data-start=\"1817\" data-end=\"1841\">Nh\u00e0 m\u00e1y s\u1ea3n xu\u1ea5t<\/li>\n<li data-section-id=\"1nl9oqh\" data-start=\"1842\" data-end=\"1859\">C\u1ea3ng v\u00e0 b\u00e3i h\u00e0ng<\/li>\n<li data-section-id=\"1frsv2a\" data-start=\"1860\" data-end=\"1895\">V\u1eadn chuy\u1ec3n, b\u1ed1c x\u1ebfp v\u1eadt li\u1ec7u x\u00e2y d\u1ef1ng<\/li>\n<\/ul>","protected":false},"excerpt":{"rendered":"<p>The XCMG XCF20KT \/ XCF25KT is an industrial diesel forklift manufactured by XCMG Group \u2014 one of the world&#8217;s leading construction machinery manufacturers. With a rated lifting capacity of 2,000 kg (XCF20KT) and 2,500 kg (XCF25KT), a maximum lift height of 3,000 mm, and a travel speed of up to 18 km\/h, this forklift is the optimal choice for warehouses, ports, factories, and job sites demanding high performance, outstanding reliability, and low operating costs.<\/p>\n<p>\u2714 Stage III \/ Stage V engine \u2014 compliant with international emission standards<br \/>\n\u2714 Rated lifting capacity 2,000\u20132,500 kg<br \/>\n\u2714 High-pressure hydraulic system at 18 MPa<br \/>\n\u2714 Lift speed 500 mm\/s (rated load), travel speed 18 km\/h<br \/>\n\u2714 Power steering \u2014 reduces operator fatigue<br \/>\n\u2714 Rugged construction, easy maintenance, readily available spare parts<\/p>","protected":false},"featured_media":3022,"template":"","meta":{"_acf_changed":false,"inline_featured_image":false},"model-type":[48],"product_brand":[79],"product_cat":[30],"product_tag":[],"class_list":{"0":"post-2925","1":"product","2":"type-product","3":"status-publish","4":"has-post-thumbnail","6":"model-type-diesel","7":"product_brand-xcmg","8":"product_cat-diesel-forklifts","10":"first","11":"instock","12":"shipping-taxable","13":"product-type-simple"},"acf":[],"yoast_head":"<!-- This site is optimized with the Yoast SEO Premium plugin v25.6 (Yoast SEO v25.6) - https:\/\/yoast.com\/wordpress\/plugins\/seo\/ -->\n<title>XCF20KT \/ XCF25KT - Goldbell<\/title>\n<meta name=\"robots\" content=\"noindex, follow, max-snippet:-1, max-image-preview:large, max-video-preview:-1\" \/>\n<meta property=\"og:locale\" content=\"vi_VN\" \/>\n<meta property=\"og:type\" content=\"article\" \/>\n<meta property=\"og:title\" content=\"XCF20KT \/ XCF25KT\" \/>\n<meta property=\"og:description\" content=\"The XCMG XCF20KT \/ XCF25KT is an industrial diesel forklift manufactured by XCMG Group \u2014 one of the world&#039;s leading construction machinery manufacturers. With a rated lifting capacity of 2,000 kg (XCF20KT) and 2,500 kg (XCF25KT), a maximum lift height of 3,000 mm, and a travel speed of up to 18 km\/h, this forklift is the optimal choice for warehouses, ports, factories, and job sites demanding high performance, outstanding reliability, and low operating costs.  \u2714 Stage III \/ Stage V engine \u2014 compliant with international emission standards \u2714 Rated lifting capacity 2,000\u20132,500 kg \u2714 High-pressure hydraulic system at 18 MPa \u2714 Lift speed 500 mm\/s (rated load), travel speed 18 km\/h \u2714 Power steering \u2014 reduces operator fatigue \u2714 Rugged construction, easy maintenance, readily available spare parts\" \/>\n<meta property=\"og:url\" content=\"https:\/\/goldbellvn.ifdemo.com\/vi\/san-pham\/xcf20kt-xcf25kt\/\" \/>\n<meta property=\"og:site_name\" content=\"Goldbell\" \/>\n<meta property=\"article:modified_time\" content=\"2026-03-24T15:40:33+00:00\" \/>\n<meta property=\"og:image\" content=\"https:\/\/goldbellvn.ifdemo.com\/wp-content\/uploads\/2026\/03\/xe-nang-dau-2.5-tan-5-Photoroom.png\" \/>\n\t<meta property=\"og:image:width\" content=\"1280\" \/>\n\t<meta property=\"og:image:height\" content=\"853\" \/>\n\t<meta property=\"og:image:type\" content=\"image\/png\" \/>\n<meta name=\"twitter:card\" content=\"summary_large_image\" \/>\n<meta name=\"twitter:label1\" content=\"\u01af\u1edbc t\u00ednh th\u1eddi gian \u0111\u1ecdc\" \/>\n\t<meta name=\"twitter:data1\" content=\"1 ph\u00fat\" \/>\n<script type=\"application\/ld+json\" class=\"yoast-schema-graph\">{\"@context\":\"https:\/\/schema.org\",\"@graph\":[{\"@type\":\"WebPage\",\"@id\":\"https:\/\/goldbellvn.ifdemo.com\/product\/xcf20kt-xcf25kt\/\",\"url\":\"https:\/\/goldbellvn.ifdemo.com\/product\/xcf20kt-xcf25kt\/\",\"name\":\"XCF20KT \/ XCF25KT - Goldbell\",\"isPartOf\":{\"@id\":\"https:\/\/goldbellvn.ifdemo.com\/#website\"},\"primaryImageOfPage\":{\"@id\":\"https:\/\/goldbellvn.ifdemo.com\/product\/xcf20kt-xcf25kt\/#primaryimage\"},\"image\":{\"@id\":\"https:\/\/goldbellvn.ifdemo.com\/product\/xcf20kt-xcf25kt\/#primaryimage\"},\"thumbnailUrl\":\"https:\/\/goldbellvn.ifdemo.com\/wp-content\/uploads\/2026\/03\/xe-nang-dau-2.5-tan-5-Photoroom.png\",\"datePublished\":\"2026-03-21T01:35:35+00:00\",\"dateModified\":\"2026-03-24T15:40:33+00:00\",\"breadcrumb\":{\"@id\":\"https:\/\/goldbellvn.ifdemo.com\/product\/xcf20kt-xcf25kt\/#breadcrumb\"},\"inLanguage\":\"vi\",\"potentialAction\":[{\"@type\":\"ReadAction\",\"target\":[\"https:\/\/goldbellvn.ifdemo.com\/product\/xcf20kt-xcf25kt\/\"]}]},{\"@type\":\"ImageObject\",\"inLanguage\":\"vi\",\"@id\":\"https:\/\/goldbellvn.ifdemo.com\/product\/xcf20kt-xcf25kt\/#primaryimage\",\"url\":\"https:\/\/goldbellvn.ifdemo.com\/wp-content\/uploads\/2026\/03\/xe-nang-dau-2.5-tan-5-Photoroom.png\",\"contentUrl\":\"https:\/\/goldbellvn.ifdemo.com\/wp-content\/uploads\/2026\/03\/xe-nang-dau-2.5-tan-5-Photoroom.png\",\"width\":1280,\"height\":853},{\"@type\":\"BreadcrumbList\",\"@id\":\"https:\/\/goldbellvn.ifdemo.com\/product\/xcf20kt-xcf25kt\/#breadcrumb\",\"itemListElement\":[{\"@type\":\"ListItem\",\"position\":1,\"name\":\"Home\",\"item\":\"https:\/\/goldbellvn.ifdemo.com\/\"},{\"@type\":\"ListItem\",\"position\":2,\"name\":\"Products\",\"item\":\"https:\/\/goldbellvn.ifdemo.com\/shop\/\"},{\"@type\":\"ListItem\",\"position\":3,\"name\":\"XCF20KT \/ XCF25KT\"}]},{\"@type\":\"WebSite\",\"@id\":\"https:\/\/goldbellvn.ifdemo.com\/#website\",\"url\":\"https:\/\/goldbellvn.ifdemo.com\/\",\"name\":\"Goldbell\",\"description\":\"\",\"publisher\":{\"@id\":\"https:\/\/goldbellvn.ifdemo.com\/#organization\"},\"potentialAction\":[{\"@type\":\"SearchAction\",\"target\":{\"@type\":\"EntryPoint\",\"urlTemplate\":\"https:\/\/goldbellvn.ifdemo.com\/?s={search_term_string}\"},\"query-input\":{\"@type\":\"PropertyValueSpecification\",\"valueRequired\":true,\"valueName\":\"search_term_string\"}}],\"inLanguage\":\"vi\"},{\"@type\":\"Organization\",\"@id\":\"https:\/\/goldbellvn.ifdemo.com\/#organization\",\"name\":\"Goldbell\",\"url\":\"https:\/\/goldbellvn.ifdemo.com\/\",\"logo\":{\"@type\":\"ImageObject\",\"inLanguage\":\"vi\",\"@id\":\"https:\/\/goldbellvn.ifdemo.com\/#\/schema\/logo\/image\/\",\"url\":\"https:\/\/goldbellvn.ifdemo.com\/wp-content\/uploads\/2025\/09\/logo.svg\",\"contentUrl\":\"https:\/\/goldbellvn.ifdemo.com\/wp-content\/uploads\/2025\/09\/logo.svg\",\"width\":18,\"height\":23,\"caption\":\"Goldbell\"},\"image\":{\"@id\":\"https:\/\/goldbellvn.ifdemo.com\/#\/schema\/logo\/image\/\"}}]}<\/script>\n<!-- \/ Yoast SEO Premium plugin. -->","yoast_head_json":{"title":"XCF20KT \/ XCF25KT - Goldbell","robots":{"index":"noindex","follow":"follow","max-snippet":"max-snippet:-1","max-image-preview":"max-image-preview:large","max-video-preview":"max-video-preview:-1"},"og_locale":"vi_VN","og_type":"article","og_title":"XCF20KT \/ XCF25KT","og_description":"The XCMG XCF20KT \/ XCF25KT is an industrial diesel forklift manufactured by XCMG Group \u2014 one of the world's leading construction machinery manufacturers. With a rated lifting capacity of 2,000 kg (XCF20KT) and 2,500 kg (XCF25KT), a maximum lift height of 3,000 mm, and a travel speed of up to 18 km\/h, this forklift is the optimal choice for warehouses, ports, factories, and job sites demanding high performance, outstanding reliability, and low operating costs.  \u2714 Stage III \/ Stage V engine \u2014 compliant with international emission standards \u2714 Rated lifting capacity 2,000\u20132,500 kg \u2714 High-pressure hydraulic system at 18 MPa \u2714 Lift speed 500 mm\/s (rated load), travel speed 18 km\/h \u2714 Power steering \u2014 reduces operator fatigue \u2714 Rugged construction, easy maintenance, readily available spare parts","og_url":"https:\/\/goldbellvn.ifdemo.com\/vi\/san-pham\/xcf20kt-xcf25kt\/","og_site_name":"Goldbell","article_modified_time":"2026-03-24T15:40:33+00:00","og_image":[{"width":1280,"height":853,"url":"https:\/\/goldbellvn.ifdemo.com\/wp-content\/uploads\/2026\/03\/xe-nang-dau-2.5-tan-5-Photoroom.png","type":"image\/png"}],"twitter_card":"summary_large_image","twitter_misc":{"\u01af\u1edbc t\u00ednh th\u1eddi gian \u0111\u1ecdc":"1 ph\u00fat"},"schema":{"@context":"https:\/\/schema.org","@graph":[{"@type":"WebPage","@id":"https:\/\/goldbellvn.ifdemo.com\/product\/xcf20kt-xcf25kt\/","url":"https:\/\/goldbellvn.ifdemo.com\/product\/xcf20kt-xcf25kt\/","name":"XCF20KT \/ XCF25KT - Goldbell","isPartOf":{"@id":"https:\/\/goldbellvn.ifdemo.com\/#website"},"primaryImageOfPage":{"@id":"https:\/\/goldbellvn.ifdemo.com\/product\/xcf20kt-xcf25kt\/#primaryimage"},"image":{"@id":"https:\/\/goldbellvn.ifdemo.com\/product\/xcf20kt-xcf25kt\/#primaryimage"},"thumbnailUrl":"https:\/\/goldbellvn.ifdemo.com\/wp-content\/uploads\/2026\/03\/xe-nang-dau-2.5-tan-5-Photoroom.png","datePublished":"2026-03-21T01:35:35+00:00","dateModified":"2026-03-24T15:40:33+00:00","breadcrumb":{"@id":"https:\/\/goldbellvn.ifdemo.com\/product\/xcf20kt-xcf25kt\/#breadcrumb"},"inLanguage":"vi","potentialAction":[{"@type":"ReadAction","target":["https:\/\/goldbellvn.ifdemo.com\/product\/xcf20kt-xcf25kt\/"]}]},{"@type":"ImageObject","inLanguage":"vi","@id":"https:\/\/goldbellvn.ifdemo.com\/product\/xcf20kt-xcf25kt\/#primaryimage","url":"https:\/\/goldbellvn.ifdemo.com\/wp-content\/uploads\/2026\/03\/xe-nang-dau-2.5-tan-5-Photoroom.png","contentUrl":"https:\/\/goldbellvn.ifdemo.com\/wp-content\/uploads\/2026\/03\/xe-nang-dau-2.5-tan-5-Photoroom.png","width":1280,"height":853},{"@type":"BreadcrumbList","@id":"https:\/\/goldbellvn.ifdemo.com\/product\/xcf20kt-xcf25kt\/#breadcrumb","itemListElement":[{"@type":"ListItem","position":1,"name":"Home","item":"https:\/\/goldbellvn.ifdemo.com\/"},{"@type":"ListItem","position":2,"name":"Products","item":"https:\/\/goldbellvn.ifdemo.com\/shop\/"},{"@type":"ListItem","position":3,"name":"XCF20KT \/ XCF25KT"}]},{"@type":"WebSite","@id":"https:\/\/goldbellvn.ifdemo.com\/#website","url":"https:\/\/goldbellvn.ifdemo.com\/","name":"Goldbell","description":"","publisher":{"@id":"https:\/\/goldbellvn.ifdemo.com\/#organization"},"potentialAction":[{"@type":"SearchAction","target":{"@type":"EntryPoint","urlTemplate":"https:\/\/goldbellvn.ifdemo.com\/?s={search_term_string}"},"query-input":{"@type":"PropertyValueSpecification","valueRequired":true,"valueName":"search_term_string"}}],"inLanguage":"vi"},{"@type":"Organization","@id":"https:\/\/goldbellvn.ifdemo.com\/#organization","name":"Goldbell","url":"https:\/\/goldbellvn.ifdemo.com\/","logo":{"@type":"ImageObject","inLanguage":"vi","@id":"https:\/\/goldbellvn.ifdemo.com\/#\/schema\/logo\/image\/","url":"https:\/\/goldbellvn.ifdemo.com\/wp-content\/uploads\/2025\/09\/logo.svg","contentUrl":"https:\/\/goldbellvn.ifdemo.com\/wp-content\/uploads\/2025\/09\/logo.svg","width":18,"height":23,"caption":"Goldbell"},"image":{"@id":"https:\/\/goldbellvn.ifdemo.com\/#\/schema\/logo\/image\/"}}]}},"_links":{"self":[{"href":"https:\/\/goldbellvn.ifdemo.com\/vi\/wp-json\/wp\/v2\/product\/2925","targetHints":{"allow":["GET"]}}],"collection":[{"href":"https:\/\/goldbellvn.ifdemo.com\/vi\/wp-json\/wp\/v2\/product"}],"about":[{"href":"https:\/\/goldbellvn.ifdemo.com\/vi\/wp-json\/wp\/v2\/types\/product"}],"wp:featuredmedia":[{"embeddable":true,"href":"https:\/\/goldbellvn.ifdemo.com\/vi\/wp-json\/wp\/v2\/media\/3022"}],"wp:attachment":[{"href":"https:\/\/goldbellvn.ifdemo.com\/vi\/wp-json\/wp\/v2\/media?parent=2925"}],"wp:term":[{"taxonomy":"model-type","embeddable":true,"href":"https:\/\/goldbellvn.ifdemo.com\/vi\/wp-json\/wp\/v2\/model-type?post=2925"},{"taxonomy":"product_brand","embeddable":true,"href":"https:\/\/goldbellvn.ifdemo.com\/vi\/wp-json\/wp\/v2\/product_brand?post=2925"},{"taxonomy":"product_cat","embeddable":true,"href":"https:\/\/goldbellvn.ifdemo.com\/vi\/wp-json\/wp\/v2\/product_cat?post=2925"},{"taxonomy":"product_tag","embeddable":true,"href":"https:\/\/goldbellvn.ifdemo.com\/vi\/wp-json\/wp\/v2\/product_tag?post=2925"}],"curies":[{"name":"wp","href":"https:\/\/api.w.org\/{rel}","templated":true}]}}