{"id":2938,"date":"2026-03-21T09:47:47","date_gmt":"2026-03-21T02:47:47","guid":{"rendered":"https:\/\/goldbell.123websitedev.com\/?post_type=product&#038;p=2938"},"modified":"2026-03-24T22:45:09","modified_gmt":"2026-03-24T15:45:09","slug":"xcf30kt-xcf35kt","status":"publish","type":"product","link":"https:\/\/goldbellvn.ifdemo.com\/vi\/san-pham\/xcf30kt-xcf35kt\/","title":{"rendered":"XCF30KT \/ XCF35KT"},"content":{"rendered":"<p data-start=\"1163\" data-end=\"1428\">Xe n\u00e2ng d\u1ea7u XCMG XCF30KT\/XCF35KT \u0111\u01b0\u1ee3c thi\u1ebft k\u1ebf cho c\u00e1c ho\u1ea1t \u0111\u1ed9ng t\u1ea3i n\u1eb7ng v\u1edbi t\u1ea3i tr\u1ecdng n\u00e2ng 3\u20133.5 t\u1ea5n. Xe \u0111\u01b0\u1ee3c trang b\u1ecb \u0111\u1ed9ng c\u01a1 Zhejiang Xinchai m\u1ea1nh m\u1ebd (t\u00f9y ch\u1ecdn \u0111\u1ed9ng c\u01a1 Isuzu), mang l\u1ea1i hi\u1ec7u su\u1ea5t \u1ed5n \u0111\u1ecbnh, ti\u1ebft ki\u1ec7m nhi\u00ean li\u1ec7u v\u00e0 \u0111\u1ed9 b\u1ec1n l\u00e2u d\u00e0i.<\/p>\n<p data-start=\"1430\" data-end=\"1649\">Khung g\u1ea7m ch\u1eafc ch\u1eafn v\u00e0 b\u00e1n k\u00ednh quay v\u00f2ng t\u1ed1i \u01b0u gi\u00fap xe v\u1eadn h\u00e0nh linh ho\u1ea1t trong nhi\u1ec1u m\u00f4i tr\u01b0\u1eddng l\u00e0m vi\u1ec7c kh\u00e1c nhau. H\u1ec7 th\u1ed1ng n\u00e2ng m\u1ea1nh m\u1ebd c\u00f9ng kh\u1ea3 n\u0103ng v\u1eadn h\u00e0nh \u1ed5n \u0111\u1ecbnh gi\u00fap n\u00e2ng cao n\u0103ng su\u1ea5t v\u00e0 gi\u1ea3m th\u1eddi gian x\u1eed l\u00fd h\u00e0ng h\u00f3a.<\/p>\n<p data-start=\"1651\" data-end=\"1668\"><strong data-start=\"1651\" data-end=\"1668\">C\u00e1c l\u1ee3i \u00edch n\u1ed5i b\u1eadt:<\/strong><\/p>\n<ul data-start=\"1669\" data-end=\"1834\">\n<li data-section-id=\"1m2to9e\" data-start=\"1669\" data-end=\"1715\">T\u1ea3i tr\u1ecdng n\u00e2ng cao, ph\u00f9 h\u1ee3p cho c\u00e1c c\u00f4ng vi\u1ec7c t\u1ea3i n\u1eb7ng<\/li>\n<li data-section-id=\"qfvltv\" data-start=\"1716\" data-end=\"1754\">\u0110\u1ed9ng c\u01a1 m\u1ea1nh m\u1ebd v\u00e0 ti\u1ebft ki\u1ec7m nhi\u00ean li\u1ec7u<\/li>\n<li data-section-id=\"1yymuuh\" data-start=\"1755\" data-end=\"1799\">K\u1ebft c\u1ea5u b\u1ec1n b\u1ec9, ph\u00f9 h\u1ee3p v\u1edbi m\u00f4i tr\u01b0\u1eddng l\u00e0m vi\u1ec7c kh\u1eafc nghi\u1ec7t<\/li>\n<li data-section-id=\"e49c85\" data-start=\"1800\" data-end=\"1834\">V\u1eadn h\u00e0nh v\u00e0 b\u1ea3o tr\u00ec d\u1ec5 d\u00e0ng<\/li>\n<\/ul>\n<p data-start=\"1836\" data-end=\"1853\"><strong data-start=\"1836\" data-end=\"1853\">\u1ee8ng d\u1ee5ng:<\/strong><\/p>\n<ul data-start=\"1854\" data-end=\"1973\">\n<li data-section-id=\"194lme5\" data-start=\"1854\" data-end=\"1881\">Kho b\u00e3i v\u00e0 logistics<\/li>\n<li data-section-id=\"9z932n\" data-start=\"1882\" data-end=\"1910\">S\u1ea3n xu\u1ea5t c\u00f4ng nghi\u1ec7p<\/li>\n<li data-section-id=\"1b9mrmm\" data-start=\"1911\" data-end=\"1938\">C\u1ea3ng v\u00e0 b\u00e3i container<\/li>\n<li data-section-id=\"1hui2vl\" data-start=\"1939\" data-end=\"1973\">Construction material handling<\/li>\n<\/ul>","protected":false},"excerpt":{"rendered":"<p>The XCF30KT\/XCF35KT diesel forklift by XCMG is designed for heavy-duty operations with a lifting capacity of 3\u20133.5 tons. Equipped with a powerful Zhejiang Xinchai engine (optional Isuzu), it delivers stable performance, fuel efficiency, and long-lasting durability. Its robust chassis and optimized turning radius ensure flexible operation across various working environments. The strong lifting system and [&hellip;]<\/p>","protected":false},"featured_media":3023,"template":"","meta":{"_acf_changed":false,"inline_featured_image":false},"model-type":[48],"product_brand":[79],"product_cat":[30],"product_tag":[],"class_list":{"0":"post-2938","1":"product","2":"type-product","3":"status-publish","4":"has-post-thumbnail","6":"model-type-diesel","7":"product_brand-xcmg","8":"product_cat-diesel-forklifts","10":"first","11":"instock","12":"shipping-taxable","13":"product-type-simple"},"acf":[],"yoast_head":"<!-- This site is optimized with the Yoast SEO Premium plugin v25.6 (Yoast SEO v25.6) - https:\/\/yoast.com\/wordpress\/plugins\/seo\/ -->\n<title>XCF30KT \/ XCF35KT - Goldbell<\/title>\n<meta name=\"robots\" content=\"noindex, follow, max-snippet:-1, max-image-preview:large, max-video-preview:-1\" \/>\n<meta property=\"og:locale\" content=\"vi_VN\" \/>\n<meta property=\"og:type\" content=\"article\" \/>\n<meta property=\"og:title\" content=\"XCF30KT \/ XCF35KT\" \/>\n<meta property=\"og:description\" content=\"The XCF30KT\/XCF35KT diesel forklift by XCMG is designed for heavy-duty operations with a lifting capacity of 3\u20133.5 tons. Equipped with a powerful Zhejiang Xinchai engine (optional Isuzu), it delivers stable performance, fuel efficiency, and long-lasting durability. Its robust chassis and optimized turning radius ensure flexible operation across various working environments. The strong lifting system and [&hellip;]\" \/>\n<meta property=\"og:url\" content=\"https:\/\/goldbellvn.ifdemo.com\/vi\/san-pham\/xcf30kt-xcf35kt\/\" \/>\n<meta property=\"og:site_name\" content=\"Goldbell\" \/>\n<meta property=\"article:modified_time\" content=\"2026-03-24T15:45:09+00:00\" \/>\n<meta property=\"og:image\" content=\"https:\/\/goldbellvn.ifdemo.com\/wp-content\/uploads\/2026\/03\/xe-nang-dau-3-tan-4-Photoroom.png\" \/>\n\t<meta property=\"og:image:width\" content=\"1280\" \/>\n\t<meta property=\"og:image:height\" content=\"853\" \/>\n\t<meta property=\"og:image:type\" content=\"image\/png\" \/>\n<meta name=\"twitter:card\" content=\"summary_large_image\" \/>\n<meta name=\"twitter:label1\" content=\"\u01af\u1edbc t\u00ednh th\u1eddi gian \u0111\u1ecdc\" \/>\n\t<meta name=\"twitter:data1\" content=\"1 ph\u00fat\" \/>\n<script type=\"application\/ld+json\" class=\"yoast-schema-graph\">{\"@context\":\"https:\/\/schema.org\",\"@graph\":[{\"@type\":\"WebPage\",\"@id\":\"https:\/\/goldbellvn.ifdemo.com\/product\/xcf30kt-xcf35kt\/\",\"url\":\"https:\/\/goldbellvn.ifdemo.com\/product\/xcf30kt-xcf35kt\/\",\"name\":\"XCF30KT \/ XCF35KT - Goldbell\",\"isPartOf\":{\"@id\":\"https:\/\/goldbellvn.ifdemo.com\/#website\"},\"primaryImageOfPage\":{\"@id\":\"https:\/\/goldbellvn.ifdemo.com\/product\/xcf30kt-xcf35kt\/#primaryimage\"},\"image\":{\"@id\":\"https:\/\/goldbellvn.ifdemo.com\/product\/xcf30kt-xcf35kt\/#primaryimage\"},\"thumbnailUrl\":\"https:\/\/goldbellvn.ifdemo.com\/wp-content\/uploads\/2026\/03\/xe-nang-dau-3-tan-4-Photoroom.png\",\"datePublished\":\"2026-03-21T02:47:47+00:00\",\"dateModified\":\"2026-03-24T15:45:09+00:00\",\"breadcrumb\":{\"@id\":\"https:\/\/goldbellvn.ifdemo.com\/product\/xcf30kt-xcf35kt\/#breadcrumb\"},\"inLanguage\":\"vi\",\"potentialAction\":[{\"@type\":\"ReadAction\",\"target\":[\"https:\/\/goldbellvn.ifdemo.com\/product\/xcf30kt-xcf35kt\/\"]}]},{\"@type\":\"ImageObject\",\"inLanguage\":\"vi\",\"@id\":\"https:\/\/goldbellvn.ifdemo.com\/product\/xcf30kt-xcf35kt\/#primaryimage\",\"url\":\"https:\/\/goldbellvn.ifdemo.com\/wp-content\/uploads\/2026\/03\/xe-nang-dau-3-tan-4-Photoroom.png\",\"contentUrl\":\"https:\/\/goldbellvn.ifdemo.com\/wp-content\/uploads\/2026\/03\/xe-nang-dau-3-tan-4-Photoroom.png\",\"width\":1280,\"height\":853},{\"@type\":\"BreadcrumbList\",\"@id\":\"https:\/\/goldbellvn.ifdemo.com\/product\/xcf30kt-xcf35kt\/#breadcrumb\",\"itemListElement\":[{\"@type\":\"ListItem\",\"position\":1,\"name\":\"Home\",\"item\":\"https:\/\/goldbellvn.ifdemo.com\/\"},{\"@type\":\"ListItem\",\"position\":2,\"name\":\"Products\",\"item\":\"https:\/\/goldbellvn.ifdemo.com\/shop\/\"},{\"@type\":\"ListItem\",\"position\":3,\"name\":\"XCF30KT \/ XCF35KT\"}]},{\"@type\":\"WebSite\",\"@id\":\"https:\/\/goldbellvn.ifdemo.com\/#website\",\"url\":\"https:\/\/goldbellvn.ifdemo.com\/\",\"name\":\"Goldbell\",\"description\":\"\",\"publisher\":{\"@id\":\"https:\/\/goldbellvn.ifdemo.com\/#organization\"},\"potentialAction\":[{\"@type\":\"SearchAction\",\"target\":{\"@type\":\"EntryPoint\",\"urlTemplate\":\"https:\/\/goldbellvn.ifdemo.com\/?s={search_term_string}\"},\"query-input\":{\"@type\":\"PropertyValueSpecification\",\"valueRequired\":true,\"valueName\":\"search_term_string\"}}],\"inLanguage\":\"vi\"},{\"@type\":\"Organization\",\"@id\":\"https:\/\/goldbellvn.ifdemo.com\/#organization\",\"name\":\"Goldbell\",\"url\":\"https:\/\/goldbellvn.ifdemo.com\/\",\"logo\":{\"@type\":\"ImageObject\",\"inLanguage\":\"vi\",\"@id\":\"https:\/\/goldbellvn.ifdemo.com\/#\/schema\/logo\/image\/\",\"url\":\"https:\/\/goldbellvn.ifdemo.com\/wp-content\/uploads\/2025\/09\/logo.svg\",\"contentUrl\":\"https:\/\/goldbellvn.ifdemo.com\/wp-content\/uploads\/2025\/09\/logo.svg\",\"width\":18,\"height\":23,\"caption\":\"Goldbell\"},\"image\":{\"@id\":\"https:\/\/goldbellvn.ifdemo.com\/#\/schema\/logo\/image\/\"}}]}<\/script>\n<!-- \/ Yoast SEO Premium plugin. -->","yoast_head_json":{"title":"XCF30KT \/ XCF35KT - Goldbell","robots":{"index":"noindex","follow":"follow","max-snippet":"max-snippet:-1","max-image-preview":"max-image-preview:large","max-video-preview":"max-video-preview:-1"},"og_locale":"vi_VN","og_type":"article","og_title":"XCF30KT \/ XCF35KT","og_description":"The XCF30KT\/XCF35KT diesel forklift by XCMG is designed for heavy-duty operations with a lifting capacity of 3\u20133.5 tons. Equipped with a powerful Zhejiang Xinchai engine (optional Isuzu), it delivers stable performance, fuel efficiency, and long-lasting durability. Its robust chassis and optimized turning radius ensure flexible operation across various working environments. The strong lifting system and [&hellip;]","og_url":"https:\/\/goldbellvn.ifdemo.com\/vi\/san-pham\/xcf30kt-xcf35kt\/","og_site_name":"Goldbell","article_modified_time":"2026-03-24T15:45:09+00:00","og_image":[{"width":1280,"height":853,"url":"https:\/\/goldbellvn.ifdemo.com\/wp-content\/uploads\/2026\/03\/xe-nang-dau-3-tan-4-Photoroom.png","type":"image\/png"}],"twitter_card":"summary_large_image","twitter_misc":{"\u01af\u1edbc t\u00ednh th\u1eddi gian \u0111\u1ecdc":"1 ph\u00fat"},"schema":{"@context":"https:\/\/schema.org","@graph":[{"@type":"WebPage","@id":"https:\/\/goldbellvn.ifdemo.com\/product\/xcf30kt-xcf35kt\/","url":"https:\/\/goldbellvn.ifdemo.com\/product\/xcf30kt-xcf35kt\/","name":"XCF30KT \/ XCF35KT - Goldbell","isPartOf":{"@id":"https:\/\/goldbellvn.ifdemo.com\/#website"},"primaryImageOfPage":{"@id":"https:\/\/goldbellvn.ifdemo.com\/product\/xcf30kt-xcf35kt\/#primaryimage"},"image":{"@id":"https:\/\/goldbellvn.ifdemo.com\/product\/xcf30kt-xcf35kt\/#primaryimage"},"thumbnailUrl":"https:\/\/goldbellvn.ifdemo.com\/wp-content\/uploads\/2026\/03\/xe-nang-dau-3-tan-4-Photoroom.png","datePublished":"2026-03-21T02:47:47+00:00","dateModified":"2026-03-24T15:45:09+00:00","breadcrumb":{"@id":"https:\/\/goldbellvn.ifdemo.com\/product\/xcf30kt-xcf35kt\/#breadcrumb"},"inLanguage":"vi","potentialAction":[{"@type":"ReadAction","target":["https:\/\/goldbellvn.ifdemo.com\/product\/xcf30kt-xcf35kt\/"]}]},{"@type":"ImageObject","inLanguage":"vi","@id":"https:\/\/goldbellvn.ifdemo.com\/product\/xcf30kt-xcf35kt\/#primaryimage","url":"https:\/\/goldbellvn.ifdemo.com\/wp-content\/uploads\/2026\/03\/xe-nang-dau-3-tan-4-Photoroom.png","contentUrl":"https:\/\/goldbellvn.ifdemo.com\/wp-content\/uploads\/2026\/03\/xe-nang-dau-3-tan-4-Photoroom.png","width":1280,"height":853},{"@type":"BreadcrumbList","@id":"https:\/\/goldbellvn.ifdemo.com\/product\/xcf30kt-xcf35kt\/#breadcrumb","itemListElement":[{"@type":"ListItem","position":1,"name":"Home","item":"https:\/\/goldbellvn.ifdemo.com\/"},{"@type":"ListItem","position":2,"name":"Products","item":"https:\/\/goldbellvn.ifdemo.com\/shop\/"},{"@type":"ListItem","position":3,"name":"XCF30KT \/ XCF35KT"}]},{"@type":"WebSite","@id":"https:\/\/goldbellvn.ifdemo.com\/#website","url":"https:\/\/goldbellvn.ifdemo.com\/","name":"Goldbell","description":"","publisher":{"@id":"https:\/\/goldbellvn.ifdemo.com\/#organization"},"potentialAction":[{"@type":"SearchAction","target":{"@type":"EntryPoint","urlTemplate":"https:\/\/goldbellvn.ifdemo.com\/?s={search_term_string}"},"query-input":{"@type":"PropertyValueSpecification","valueRequired":true,"valueName":"search_term_string"}}],"inLanguage":"vi"},{"@type":"Organization","@id":"https:\/\/goldbellvn.ifdemo.com\/#organization","name":"Goldbell","url":"https:\/\/goldbellvn.ifdemo.com\/","logo":{"@type":"ImageObject","inLanguage":"vi","@id":"https:\/\/goldbellvn.ifdemo.com\/#\/schema\/logo\/image\/","url":"https:\/\/goldbellvn.ifdemo.com\/wp-content\/uploads\/2025\/09\/logo.svg","contentUrl":"https:\/\/goldbellvn.ifdemo.com\/wp-content\/uploads\/2025\/09\/logo.svg","width":18,"height":23,"caption":"Goldbell"},"image":{"@id":"https:\/\/goldbellvn.ifdemo.com\/#\/schema\/logo\/image\/"}}]}},"_links":{"self":[{"href":"https:\/\/goldbellvn.ifdemo.com\/vi\/wp-json\/wp\/v2\/product\/2938","targetHints":{"allow":["GET"]}}],"collection":[{"href":"https:\/\/goldbellvn.ifdemo.com\/vi\/wp-json\/wp\/v2\/product"}],"about":[{"href":"https:\/\/goldbellvn.ifdemo.com\/vi\/wp-json\/wp\/v2\/types\/product"}],"wp:featuredmedia":[{"embeddable":true,"href":"https:\/\/goldbellvn.ifdemo.com\/vi\/wp-json\/wp\/v2\/media\/3023"}],"wp:attachment":[{"href":"https:\/\/goldbellvn.ifdemo.com\/vi\/wp-json\/wp\/v2\/media?parent=2938"}],"wp:term":[{"taxonomy":"model-type","embeddable":true,"href":"https:\/\/goldbellvn.ifdemo.com\/vi\/wp-json\/wp\/v2\/model-type?post=2938"},{"taxonomy":"product_brand","embeddable":true,"href":"https:\/\/goldbellvn.ifdemo.com\/vi\/wp-json\/wp\/v2\/product_brand?post=2938"},{"taxonomy":"product_cat","embeddable":true,"href":"https:\/\/goldbellvn.ifdemo.com\/vi\/wp-json\/wp\/v2\/product_cat?post=2938"},{"taxonomy":"product_tag","embeddable":true,"href":"https:\/\/goldbellvn.ifdemo.com\/vi\/wp-json\/wp\/v2\/product_tag?post=2938"}],"curies":[{"name":"wp","href":"https:\/\/api.w.org\/{rel}","templated":true}]}}