{"id":2949,"date":"2026-03-21T09:53:05","date_gmt":"2026-03-21T02:53:05","guid":{"rendered":"https:\/\/goldbell.123websitedev.com\/?post_type=product&#038;p=2949"},"modified":"2026-03-24T22:48:59","modified_gmt":"2026-03-24T15:48:59","slug":"xcf40kt-xcf50kt","status":"publish","type":"product","link":"https:\/\/goldbellvn.ifdemo.com\/vi\/san-pham\/xcf40kt-xcf50kt\/","title":{"rendered":"XCF40KT \/ XCF50KT"},"content":{"rendered":"<p data-start=\"230\" data-end=\"491\">Xe n\u00e2ng d\u1ea7u XCMG XCF40KT\/XCF50KT \u0111\u01b0\u1ee3c thi\u1ebft k\u1ebf cho c\u00e1c \u1ee9ng d\u1ee5ng b\u1ed1c x\u1ebfp v\u1eadt li\u1ec7u t\u1ea3i n\u1eb7ng v\u1edbi t\u1ea3i tr\u1ecdng n\u00e2ng 4\u20135 t\u1ea5n. \u0110\u01b0\u1ee3c ch\u1ebf t\u1ea1o cho c\u00e1c m\u00f4i tr\u01b0\u1eddng c\u00f4ng nghi\u1ec7p kh\u1eaft khe, d\u00f2ng xe n\u00e0y mang l\u1ea1i hi\u1ec7u su\u1ea5t v\u01b0\u1ee3t tr\u1ed9i, \u0111\u1ed9 b\u1ec1n cao v\u00e0 hi\u1ec7u qu\u1ea3 v\u1eadn h\u00e0nh t\u1ed1i \u01b0u.<\/p>\n<p data-start=\"493\" data-end=\"785\">\u0110\u01b0\u1ee3c trang b\u1ecb \u0111\u1ed9ng c\u01a1 \u0111\u00e1ng tin c\u1eady (Anhui Quanchai, t\u00f9y ch\u1ecdn Zhejiang Xinchai), xe n\u00e2ng \u0111\u1ea3m b\u1ea3o c\u00f4ng su\u1ea5t m\u1ea1nh m\u1ebd v\u00e0 kh\u1ea3 n\u0103ng ti\u1ebft ki\u1ec7m nhi\u00ean li\u1ec7u.\n\nKhung xe gia c\u01b0\u1eddng, h\u1ec7 th\u1ed1ng n\u00e2ng \u1ed5n \u0111\u1ecbnh v\u00e0 k\u1ebft c\u1ea5u t\u1ed1i \u01b0u gi\u00fap xe v\u1eadn h\u00e0nh linh ho\u1ea1t, an to\u00e0n v\u00e0 n\u00e2ng cao n\u0103ng su\u1ea5t ngay c\u1ea3 trong \u0111i\u1ec1u ki\u1ec7n t\u1ea3i n\u1eb7ng.<\/p>\n<p data-start=\"787\" data-end=\"951\">V\u1edbi thi\u1ebft k\u1ebf nh\u1ecf g\u1ecdn nh\u01b0ng ch\u1eafc ch\u1eafn c\u00f9ng k\u1ebft c\u1ea5u c\u00e2n b\u1eb1ng t\u1ed1t, XCF40KT\/XCF50KT l\u00e0 l\u1ef1a ch\u1ecdn l\u00fd t\u01b0\u1edfng cho c\u00e1c ho\u1ea1t \u0111\u1ed9ng v\u1eadn h\u00e0nh li\u00ean t\u1ee5c t\u1ea1i kho b\u00e3i, c\u1ea3ng v\u00e0 c\u00f4ng tr\u01b0\u1eddng x\u00e2y d\u1ef1ng.<\/p>\n<p data-start=\"953\" data-end=\"970\"><strong data-start=\"953\" data-end=\"970\">C\u00e1c l\u1ee3i \u00edch n\u1ed5i b\u1eadt:<\/strong><\/p>\n<ul data-start=\"971\" data-end=\"1211\">\n<li data-section-id=\"bqylut\" data-start=\"971\" data-end=\"1024\">T\u1ea3i tr\u1ecdng n\u00e2ng l\u1edbn, ph\u00f9 h\u1ee3p cho c\u00e1c \u1ee9ng d\u1ee5ng t\u1ea3i n\u1eb7ng<\/li>\n<li data-section-id=\"tuvoug\" data-start=\"1025\" data-end=\"1073\">\u0110\u1ed9ng c\u01a1 m\u1ea1nh m\u1ebd, ti\u1ebft ki\u1ec7m nhi\u00ean li\u1ec7u<\/li>\n<li data-section-id=\"gw4too\" data-start=\"1074\" data-end=\"1126\">K\u1ebft c\u1ea5u b\u1ec1n b\u1ec9, ph\u00f9 h\u1ee3p m\u00f4i tr\u01b0\u1eddng l\u00e0m vi\u1ec7c kh\u1eafc nghi\u1ec7t<\/li>\n<li data-section-id=\"ui0k5c\" data-start=\"1127\" data-end=\"1168\">V\u1eadn h\u00e0nh \u1ed5n \u0111\u1ecbnh v\u1edbi \u0111\u1ed9 an to\u00e0n cao<\/li>\n<li data-section-id=\"1q4hdb5\" data-start=\"1169\" data-end=\"1211\">D\u1ec5 d\u00e0ng b\u1ea3o tr\u00ec v\u00e0 tu\u1ed5i th\u1ecd s\u1eed d\u1ee5ng l\u00e2u d\u00e0i<\/li>\n<\/ul>\n<p data-start=\"1213\" data-end=\"1230\"><strong data-start=\"1213\" data-end=\"1230\">\u1ee8ng d\u1ee5ng:<\/strong><\/p>\n<ul data-start=\"1231\" data-end=\"1361\">\n<li data-section-id=\"194lme5\" data-start=\"1231\" data-end=\"1258\">Kho b\u00e3i v\u00e0 logistics<\/li>\n<li data-section-id=\"9z932n\" data-start=\"1259\" data-end=\"1287\">S\u1ea3n xu\u1ea5t c\u00f4ng nghi\u1ec7p<\/li>\n<li data-section-id=\"1b9mrmm\" data-start=\"1288\" data-end=\"1315\">C\u1ea3ng v\u00e0 b\u00e3i container<\/li>\n<li data-section-id=\"dbhvqi\" data-start=\"1316\" data-end=\"1361\">X\u00e2y d\u1ef1ng v\u00e0 b\u1ed1c x\u1ebfp v\u1eadt li\u1ec7u n\u1eb7ng<\/li>\n<\/ul>","protected":false},"excerpt":{"rendered":"<p>The XCF40KT\/XCF50KT diesel forklift by XCMG is engineered for heavy-duty material handling with a lifting capacity of 4\u20135 tons. Designed for demanding industrial environments, this series delivers outstanding performance, durability, and operational efficiency. Powered by a reliable engine (Anhui Quanchai, optional Zhejiang Xinchai), the forklift ensures strong power output and fuel efficiency. Its reinforced chassis, [&hellip;]<\/p>","protected":false},"featured_media":3026,"template":"","meta":{"_acf_changed":false,"inline_featured_image":false},"model-type":[48],"product_brand":[79],"product_cat":[30],"product_tag":[],"class_list":{"0":"post-2949","1":"product","2":"type-product","3":"status-publish","4":"has-post-thumbnail","6":"model-type-diesel","7":"product_brand-xcmg","8":"product_cat-diesel-forklifts","10":"first","11":"instock","12":"shipping-taxable","13":"product-type-simple"},"acf":[],"yoast_head":"<!-- This site is optimized with the Yoast SEO Premium plugin v25.6 (Yoast SEO v25.6) - https:\/\/yoast.com\/wordpress\/plugins\/seo\/ -->\n<title>XCF40KT \/ XCF50KT - Goldbell<\/title>\n<meta name=\"robots\" content=\"noindex, follow, max-snippet:-1, max-image-preview:large, max-video-preview:-1\" \/>\n<meta property=\"og:locale\" content=\"vi_VN\" \/>\n<meta property=\"og:type\" content=\"article\" \/>\n<meta property=\"og:title\" content=\"XCF40KT \/ XCF50KT\" \/>\n<meta property=\"og:description\" content=\"The XCF40KT\/XCF50KT diesel forklift by XCMG is engineered for heavy-duty material handling with a lifting capacity of 4\u20135 tons. Designed for demanding industrial environments, this series delivers outstanding performance, durability, and operational efficiency. Powered by a reliable engine (Anhui Quanchai, optional Zhejiang Xinchai), the forklift ensures strong power output and fuel efficiency. Its reinforced chassis, [&hellip;]\" \/>\n<meta property=\"og:url\" content=\"https:\/\/goldbellvn.ifdemo.com\/vi\/san-pham\/xcf40kt-xcf50kt\/\" \/>\n<meta property=\"og:site_name\" content=\"Goldbell\" \/>\n<meta property=\"article:modified_time\" content=\"2026-03-24T15:48:59+00:00\" \/>\n<meta property=\"og:image\" content=\"https:\/\/goldbellvn.ifdemo.com\/wp-content\/uploads\/2026\/03\/xe-nang-dau-5-tan-6-Photoroom.png\" \/>\n\t<meta property=\"og:image:width\" content=\"1280\" \/>\n\t<meta property=\"og:image:height\" content=\"853\" \/>\n\t<meta property=\"og:image:type\" content=\"image\/png\" \/>\n<meta name=\"twitter:card\" content=\"summary_large_image\" \/>\n<meta name=\"twitter:label1\" content=\"\u01af\u1edbc t\u00ednh th\u1eddi gian \u0111\u1ecdc\" \/>\n\t<meta name=\"twitter:data1\" content=\"1 ph\u00fat\" \/>\n<script type=\"application\/ld+json\" class=\"yoast-schema-graph\">{\"@context\":\"https:\/\/schema.org\",\"@graph\":[{\"@type\":\"WebPage\",\"@id\":\"https:\/\/goldbellvn.ifdemo.com\/product\/xcf40kt-xcf50kt\/\",\"url\":\"https:\/\/goldbellvn.ifdemo.com\/product\/xcf40kt-xcf50kt\/\",\"name\":\"XCF40KT \/ XCF50KT - Goldbell\",\"isPartOf\":{\"@id\":\"https:\/\/goldbellvn.ifdemo.com\/#website\"},\"primaryImageOfPage\":{\"@id\":\"https:\/\/goldbellvn.ifdemo.com\/product\/xcf40kt-xcf50kt\/#primaryimage\"},\"image\":{\"@id\":\"https:\/\/goldbellvn.ifdemo.com\/product\/xcf40kt-xcf50kt\/#primaryimage\"},\"thumbnailUrl\":\"https:\/\/goldbellvn.ifdemo.com\/wp-content\/uploads\/2026\/03\/xe-nang-dau-5-tan-6-Photoroom.png\",\"datePublished\":\"2026-03-21T02:53:05+00:00\",\"dateModified\":\"2026-03-24T15:48:59+00:00\",\"breadcrumb\":{\"@id\":\"https:\/\/goldbellvn.ifdemo.com\/product\/xcf40kt-xcf50kt\/#breadcrumb\"},\"inLanguage\":\"vi\",\"potentialAction\":[{\"@type\":\"ReadAction\",\"target\":[\"https:\/\/goldbellvn.ifdemo.com\/product\/xcf40kt-xcf50kt\/\"]}]},{\"@type\":\"ImageObject\",\"inLanguage\":\"vi\",\"@id\":\"https:\/\/goldbellvn.ifdemo.com\/product\/xcf40kt-xcf50kt\/#primaryimage\",\"url\":\"https:\/\/goldbellvn.ifdemo.com\/wp-content\/uploads\/2026\/03\/xe-nang-dau-5-tan-6-Photoroom.png\",\"contentUrl\":\"https:\/\/goldbellvn.ifdemo.com\/wp-content\/uploads\/2026\/03\/xe-nang-dau-5-tan-6-Photoroom.png\",\"width\":1280,\"height\":853},{\"@type\":\"BreadcrumbList\",\"@id\":\"https:\/\/goldbellvn.ifdemo.com\/product\/xcf40kt-xcf50kt\/#breadcrumb\",\"itemListElement\":[{\"@type\":\"ListItem\",\"position\":1,\"name\":\"Home\",\"item\":\"https:\/\/goldbellvn.ifdemo.com\/\"},{\"@type\":\"ListItem\",\"position\":2,\"name\":\"Products\",\"item\":\"https:\/\/goldbellvn.ifdemo.com\/shop\/\"},{\"@type\":\"ListItem\",\"position\":3,\"name\":\"XCF40KT \/ XCF50KT\"}]},{\"@type\":\"WebSite\",\"@id\":\"https:\/\/goldbellvn.ifdemo.com\/#website\",\"url\":\"https:\/\/goldbellvn.ifdemo.com\/\",\"name\":\"Goldbell\",\"description\":\"\",\"publisher\":{\"@id\":\"https:\/\/goldbellvn.ifdemo.com\/#organization\"},\"potentialAction\":[{\"@type\":\"SearchAction\",\"target\":{\"@type\":\"EntryPoint\",\"urlTemplate\":\"https:\/\/goldbellvn.ifdemo.com\/?s={search_term_string}\"},\"query-input\":{\"@type\":\"PropertyValueSpecification\",\"valueRequired\":true,\"valueName\":\"search_term_string\"}}],\"inLanguage\":\"vi\"},{\"@type\":\"Organization\",\"@id\":\"https:\/\/goldbellvn.ifdemo.com\/#organization\",\"name\":\"Goldbell\",\"url\":\"https:\/\/goldbellvn.ifdemo.com\/\",\"logo\":{\"@type\":\"ImageObject\",\"inLanguage\":\"vi\",\"@id\":\"https:\/\/goldbellvn.ifdemo.com\/#\/schema\/logo\/image\/\",\"url\":\"https:\/\/goldbellvn.ifdemo.com\/wp-content\/uploads\/2025\/09\/logo.svg\",\"contentUrl\":\"https:\/\/goldbellvn.ifdemo.com\/wp-content\/uploads\/2025\/09\/logo.svg\",\"width\":18,\"height\":23,\"caption\":\"Goldbell\"},\"image\":{\"@id\":\"https:\/\/goldbellvn.ifdemo.com\/#\/schema\/logo\/image\/\"}}]}<\/script>\n<!-- \/ Yoast SEO Premium plugin. -->","yoast_head_json":{"title":"XCF40KT \/ XCF50KT - Goldbell","robots":{"index":"noindex","follow":"follow","max-snippet":"max-snippet:-1","max-image-preview":"max-image-preview:large","max-video-preview":"max-video-preview:-1"},"og_locale":"vi_VN","og_type":"article","og_title":"XCF40KT \/ XCF50KT","og_description":"The XCF40KT\/XCF50KT diesel forklift by XCMG is engineered for heavy-duty material handling with a lifting capacity of 4\u20135 tons. Designed for demanding industrial environments, this series delivers outstanding performance, durability, and operational efficiency. Powered by a reliable engine (Anhui Quanchai, optional Zhejiang Xinchai), the forklift ensures strong power output and fuel efficiency. Its reinforced chassis, [&hellip;]","og_url":"https:\/\/goldbellvn.ifdemo.com\/vi\/san-pham\/xcf40kt-xcf50kt\/","og_site_name":"Goldbell","article_modified_time":"2026-03-24T15:48:59+00:00","og_image":[{"width":1280,"height":853,"url":"https:\/\/goldbellvn.ifdemo.com\/wp-content\/uploads\/2026\/03\/xe-nang-dau-5-tan-6-Photoroom.png","type":"image\/png"}],"twitter_card":"summary_large_image","twitter_misc":{"\u01af\u1edbc t\u00ednh th\u1eddi gian \u0111\u1ecdc":"1 ph\u00fat"},"schema":{"@context":"https:\/\/schema.org","@graph":[{"@type":"WebPage","@id":"https:\/\/goldbellvn.ifdemo.com\/product\/xcf40kt-xcf50kt\/","url":"https:\/\/goldbellvn.ifdemo.com\/product\/xcf40kt-xcf50kt\/","name":"XCF40KT \/ XCF50KT - Goldbell","isPartOf":{"@id":"https:\/\/goldbellvn.ifdemo.com\/#website"},"primaryImageOfPage":{"@id":"https:\/\/goldbellvn.ifdemo.com\/product\/xcf40kt-xcf50kt\/#primaryimage"},"image":{"@id":"https:\/\/goldbellvn.ifdemo.com\/product\/xcf40kt-xcf50kt\/#primaryimage"},"thumbnailUrl":"https:\/\/goldbellvn.ifdemo.com\/wp-content\/uploads\/2026\/03\/xe-nang-dau-5-tan-6-Photoroom.png","datePublished":"2026-03-21T02:53:05+00:00","dateModified":"2026-03-24T15:48:59+00:00","breadcrumb":{"@id":"https:\/\/goldbellvn.ifdemo.com\/product\/xcf40kt-xcf50kt\/#breadcrumb"},"inLanguage":"vi","potentialAction":[{"@type":"ReadAction","target":["https:\/\/goldbellvn.ifdemo.com\/product\/xcf40kt-xcf50kt\/"]}]},{"@type":"ImageObject","inLanguage":"vi","@id":"https:\/\/goldbellvn.ifdemo.com\/product\/xcf40kt-xcf50kt\/#primaryimage","url":"https:\/\/goldbellvn.ifdemo.com\/wp-content\/uploads\/2026\/03\/xe-nang-dau-5-tan-6-Photoroom.png","contentUrl":"https:\/\/goldbellvn.ifdemo.com\/wp-content\/uploads\/2026\/03\/xe-nang-dau-5-tan-6-Photoroom.png","width":1280,"height":853},{"@type":"BreadcrumbList","@id":"https:\/\/goldbellvn.ifdemo.com\/product\/xcf40kt-xcf50kt\/#breadcrumb","itemListElement":[{"@type":"ListItem","position":1,"name":"Home","item":"https:\/\/goldbellvn.ifdemo.com\/"},{"@type":"ListItem","position":2,"name":"Products","item":"https:\/\/goldbellvn.ifdemo.com\/shop\/"},{"@type":"ListItem","position":3,"name":"XCF40KT \/ XCF50KT"}]},{"@type":"WebSite","@id":"https:\/\/goldbellvn.ifdemo.com\/#website","url":"https:\/\/goldbellvn.ifdemo.com\/","name":"Goldbell","description":"","publisher":{"@id":"https:\/\/goldbellvn.ifdemo.com\/#organization"},"potentialAction":[{"@type":"SearchAction","target":{"@type":"EntryPoint","urlTemplate":"https:\/\/goldbellvn.ifdemo.com\/?s={search_term_string}"},"query-input":{"@type":"PropertyValueSpecification","valueRequired":true,"valueName":"search_term_string"}}],"inLanguage":"vi"},{"@type":"Organization","@id":"https:\/\/goldbellvn.ifdemo.com\/#organization","name":"Goldbell","url":"https:\/\/goldbellvn.ifdemo.com\/","logo":{"@type":"ImageObject","inLanguage":"vi","@id":"https:\/\/goldbellvn.ifdemo.com\/#\/schema\/logo\/image\/","url":"https:\/\/goldbellvn.ifdemo.com\/wp-content\/uploads\/2025\/09\/logo.svg","contentUrl":"https:\/\/goldbellvn.ifdemo.com\/wp-content\/uploads\/2025\/09\/logo.svg","width":18,"height":23,"caption":"Goldbell"},"image":{"@id":"https:\/\/goldbellvn.ifdemo.com\/#\/schema\/logo\/image\/"}}]}},"_links":{"self":[{"href":"https:\/\/goldbellvn.ifdemo.com\/vi\/wp-json\/wp\/v2\/product\/2949","targetHints":{"allow":["GET"]}}],"collection":[{"href":"https:\/\/goldbellvn.ifdemo.com\/vi\/wp-json\/wp\/v2\/product"}],"about":[{"href":"https:\/\/goldbellvn.ifdemo.com\/vi\/wp-json\/wp\/v2\/types\/product"}],"wp:featuredmedia":[{"embeddable":true,"href":"https:\/\/goldbellvn.ifdemo.com\/vi\/wp-json\/wp\/v2\/media\/3026"}],"wp:attachment":[{"href":"https:\/\/goldbellvn.ifdemo.com\/vi\/wp-json\/wp\/v2\/media?parent=2949"}],"wp:term":[{"taxonomy":"model-type","embeddable":true,"href":"https:\/\/goldbellvn.ifdemo.com\/vi\/wp-json\/wp\/v2\/model-type?post=2949"},{"taxonomy":"product_brand","embeddable":true,"href":"https:\/\/goldbellvn.ifdemo.com\/vi\/wp-json\/wp\/v2\/product_brand?post=2949"},{"taxonomy":"product_cat","embeddable":true,"href":"https:\/\/goldbellvn.ifdemo.com\/vi\/wp-json\/wp\/v2\/product_cat?post=2949"},{"taxonomy":"product_tag","embeddable":true,"href":"https:\/\/goldbellvn.ifdemo.com\/vi\/wp-json\/wp\/v2\/product_tag?post=2949"}],"curies":[{"name":"wp","href":"https:\/\/api.w.org\/{rel}","templated":true}]}}