{"id":2950,"date":"2026-03-21T09:56:51","date_gmt":"2026-03-21T02:56:51","guid":{"rendered":"https:\/\/goldbell.123websitedev.com\/?post_type=product&#038;p=2950"},"modified":"2026-03-24T22:54:05","modified_gmt":"2026-03-24T15:54:05","slug":"xcf706k-xcf1006k","status":"publish","type":"product","link":"https:\/\/goldbellvn.ifdemo.com\/vi\/san-pham\/xcf706k-xcf1006k\/","title":{"rendered":"XCF706K \/ XCF1006K"},"content":{"rendered":"<p data-start=\"257\" data-end=\"546\">Xe n\u00e2ng d\u1ea7u XCMG XCF706K v\u00e0 XCF1006K \u0111\u01b0\u1ee3c thi\u1ebft k\u1ebf cho c\u00e1c \u1ee9ng d\u1ee5ng b\u1ed1c x\u1ebfp v\u1eadt li\u1ec7u t\u1ea3i n\u1eb7ng v\u1edbi t\u1ea3i tr\u1ecdng n\u00e2ng t\u1eeb 7 \u0111\u1ebfn 10 t\u1ea5n.\n\n\u0110\u01b0\u1ee3c ch\u1ebf t\u1ea1o cho c\u00e1c m\u00f4i tr\u01b0\u1eddng c\u00f4ng nghi\u1ec7p kh\u1eaft khe, c\u00e1c d\u00f2ng xe n\u00e0y mang l\u1ea1i s\u1ee9c m\u1ea1nh v\u01b0\u1ee3t tr\u1ed9i, \u0111\u1ed9 b\u1ec1n cao v\u00e0 hi\u1ec7u qu\u1ea3 v\u1eadn h\u00e0nh t\u1ed1i \u01b0u.<\/p>\n<p data-start=\"548\" data-end=\"853\">C\u1ea3 hai model \u0111\u1ec1u \u0111\u01b0\u1ee3c trang b\u1ecb \u0111\u1ed9ng c\u01a1 diesel t\u0103ng \u00e1p hi\u1ec7u su\u1ea5t cao t\u1eeb Anhui Quanchai, \u0111\u1ea3m b\u1ea3o c\u00f4ng su\u1ea5t \u1ed5n \u0111\u1ecbnh, m\u00f4-men xo\u1eafn m\u1ea1nh m\u1ebd v\u00e0 kh\u1ea3 n\u0103ng ti\u1ebft ki\u1ec7m nhi\u00ean li\u1ec7u.\n\nKhung xe \u0111\u01b0\u1ee3c gia c\u01b0\u1eddng, c\u1ea7u truy\u1ec1n \u0111\u1ed9ng t\u1ea3i n\u1eb7ng c\u00f9ng h\u1ec7 th\u1ed1ng th\u1ee7y l\u1ef1c ti\u00ean ti\u1ebfn gi\u00fap n\u00e2ng h\u1ea1 \u1ed5n \u0111\u1ecbnh, \u0111i\u1ec1u khi\u1ec3n ch\u00ednh x\u00e1c v\u00e0 \u0111\u1ea3m b\u1ea3o \u0111\u1ed9 tin c\u1eady l\u00e2u d\u00e0i trong v\u1eadn h\u00e0nh.<\/p>\n<p data-start=\"855\" data-end=\"1042\">V\u1edbi cabin thi\u1ebft k\u1ebf c\u00f4ng th\u00e1i h\u1ecdc, khung n\u00e2ng cho t\u1ea7m nh\u00ecn r\u1ed9ng v\u00e0 k\u1ebft c\u1ea5u khung g\u1ea7m ch\u1eafc ch\u1eafn, XCF706K v\u00e0 XCF1006K l\u00e0 l\u1ef1a ch\u1ecdn l\u00fd t\u01b0\u1edfng cho c\u00e1c ho\u1ea1t \u0111\u1ed9ng v\u1eadn h\u00e0nh li\u00ean t\u1ee5c t\u1ea1i c\u1ea3ng, trung t\u00e2m logistics v\u00e0 c\u00e1c ng\u00e0nh c\u00f4ng nghi\u1ec7p n\u1eb7ng.<\/p>\n<p data-start=\"1044\" data-end=\"1061\"><strong data-start=\"1044\" data-end=\"1061\">C\u00e1c l\u1ee3i \u00edch n\u1ed5i b\u1eadt:<\/strong><\/p>\n<ul data-start=\"1062\" data-end=\"1359\">\n<li data-section-id=\"193rhoo\" data-start=\"1062\" data-end=\"1125\">T\u1ea3i tr\u1ecdng n\u00e2ng l\u1edbn (7\u201310 t\u1ea5n), ph\u00f9 h\u1ee3p cho c\u00e1c ho\u1ea1t \u0111\u1ed9ng t\u1ea3i n\u1eb7ng<\/li>\n<li data-section-id=\"tj3vm9\" data-start=\"1126\" data-end=\"1171\">\u0110\u1ed9ng c\u01a1 diesel m\u1ea1nh m\u1ebd, ti\u1ebft ki\u1ec7m nhi\u00ean li\u1ec7u<\/li>\n<li data-section-id=\"1un0gz\" data-start=\"1172\" data-end=\"1217\">Khung g\u1ea7m gia c\u01b0\u1eddng, \u0111\u1ea3m b\u1ea3o \u0111\u1ed9 b\u1ec1n t\u1ed1i \u0111a<\/li>\n<li data-section-id=\"1k697i8\" data-start=\"1218\" data-end=\"1263\">H\u1ec7 th\u1ed1ng n\u00e2ng \u1ed5n \u0111\u1ecbnh v\u00e0 \u0111i\u1ec1u khi\u1ec3n ch\u00ednh x\u00e1c<\/li>\n<li data-section-id=\"j8zyxu\" data-start=\"1264\" data-end=\"1316\">Cabin v\u1eadn h\u00e0nh tho\u1ea3i m\u00e1i, thi\u1ebft k\u1ebf th\u00e2n thi\u1ec7n v\u1edbi ng\u01b0\u1eddi s\u1eed d\u1ee5ng<\/li>\n<li data-section-id=\"1q4hdb5\" data-start=\"1317\" data-end=\"1359\">D\u1ec5 d\u00e0ng b\u1ea3o tr\u00ec v\u00e0 tu\u1ed5i th\u1ecd s\u1eed d\u1ee5ng l\u00e2u d\u00e0i<\/li>\n<\/ul>\n<p data-start=\"1361\" data-end=\"1378\"><strong data-start=\"1361\" data-end=\"1378\">\u1ee8ng d\u1ee5ng:<\/strong><\/p>\n<ul data-start=\"1379\" data-end=\"1519\">\n<li data-section-id=\"d8xz6b\" data-start=\"1379\" data-end=\"1408\">C\u1ea3ng v\u00e0 b\u00e3i container<\/li>\n<li data-section-id=\"4q2jsa\" data-start=\"1409\" data-end=\"1454\">Ng\u00e0nh th\u00e9p, x\u00e2y d\u1ef1ng v\u00e0 c\u00f4ng nghi\u1ec7p n\u1eb7ng<\/li>\n<li data-section-id=\"194lme5\" data-start=\"1455\" data-end=\"1482\">Kho b\u00e3i v\u00e0 logistics<\/li>\n<li data-section-id=\"htslas\" data-start=\"1483\" data-end=\"1519\">Nh\u00e0 m\u00e1y s\u1ea3n xu\u1ea5t quy m\u00f4 l\u1edbn<\/li>\n<\/ul>","protected":false},"excerpt":{"rendered":"<p>The XCF706K and XCF1006K diesel forklifts from XCMG are designed for heavy-duty material handling applications with lifting capacities ranging from 7 to 10 tons. Built for demanding industrial environments, these forklifts deliver exceptional power, durability, and operational efficiency. Both models are equipped with high-performance turbocharged diesel engines from Anhui Quanchai, ensuring reliable output, strong torque, [&hellip;]<\/p>","protected":false},"featured_media":3025,"template":"","meta":{"_acf_changed":false,"inline_featured_image":false},"model-type":[48],"product_brand":[79],"product_cat":[30],"product_tag":[],"class_list":{"0":"post-2950","1":"product","2":"type-product","3":"status-publish","4":"has-post-thumbnail","6":"model-type-diesel","7":"product_brand-xcmg","8":"product_cat-diesel-forklifts","10":"first","11":"instock","12":"shipping-taxable","13":"product-type-simple"},"acf":[],"yoast_head":"<!-- This site is optimized with the Yoast SEO Premium plugin v25.6 (Yoast SEO v25.6) - https:\/\/yoast.com\/wordpress\/plugins\/seo\/ -->\n<title>XCF706K \/ XCF1006K - Goldbell<\/title>\n<meta name=\"robots\" content=\"noindex, follow, max-snippet:-1, max-image-preview:large, max-video-preview:-1\" \/>\n<meta property=\"og:locale\" content=\"vi_VN\" \/>\n<meta property=\"og:type\" content=\"article\" \/>\n<meta property=\"og:title\" content=\"XCF706K \/ XCF1006K\" \/>\n<meta property=\"og:description\" content=\"The XCF706K and XCF1006K diesel forklifts from XCMG are designed for heavy-duty material handling applications with lifting capacities ranging from 7 to 10 tons. Built for demanding industrial environments, these forklifts deliver exceptional power, durability, and operational efficiency. Both models are equipped with high-performance turbocharged diesel engines from Anhui Quanchai, ensuring reliable output, strong torque, [&hellip;]\" \/>\n<meta property=\"og:url\" content=\"https:\/\/goldbellvn.ifdemo.com\/vi\/san-pham\/xcf706k-xcf1006k\/\" \/>\n<meta property=\"og:site_name\" content=\"Goldbell\" \/>\n<meta property=\"article:modified_time\" content=\"2026-03-24T15:54:05+00:00\" \/>\n<meta property=\"og:image\" content=\"https:\/\/goldbellvn.ifdemo.com\/wp-content\/uploads\/2026\/03\/xe-nang-dau-10-tan-2-Photoroom.png\" \/>\n\t<meta property=\"og:image:width\" content=\"750\" \/>\n\t<meta property=\"og:image:height\" content=\"750\" \/>\n\t<meta property=\"og:image:type\" content=\"image\/png\" \/>\n<meta name=\"twitter:card\" content=\"summary_large_image\" \/>\n<meta name=\"twitter:label1\" content=\"\u01af\u1edbc t\u00ednh th\u1eddi gian \u0111\u1ecdc\" \/>\n\t<meta name=\"twitter:data1\" content=\"2 ph\u00fat\" \/>\n<script type=\"application\/ld+json\" class=\"yoast-schema-graph\">{\"@context\":\"https:\/\/schema.org\",\"@graph\":[{\"@type\":\"WebPage\",\"@id\":\"https:\/\/goldbellvn.ifdemo.com\/product\/xcf706k-xcf1006k\/\",\"url\":\"https:\/\/goldbellvn.ifdemo.com\/product\/xcf706k-xcf1006k\/\",\"name\":\"XCF706K \/ XCF1006K - Goldbell\",\"isPartOf\":{\"@id\":\"https:\/\/goldbellvn.ifdemo.com\/#website\"},\"primaryImageOfPage\":{\"@id\":\"https:\/\/goldbellvn.ifdemo.com\/product\/xcf706k-xcf1006k\/#primaryimage\"},\"image\":{\"@id\":\"https:\/\/goldbellvn.ifdemo.com\/product\/xcf706k-xcf1006k\/#primaryimage\"},\"thumbnailUrl\":\"https:\/\/goldbellvn.ifdemo.com\/wp-content\/uploads\/2026\/03\/xe-nang-dau-10-tan-2-Photoroom.png\",\"datePublished\":\"2026-03-21T02:56:51+00:00\",\"dateModified\":\"2026-03-24T15:54:05+00:00\",\"breadcrumb\":{\"@id\":\"https:\/\/goldbellvn.ifdemo.com\/product\/xcf706k-xcf1006k\/#breadcrumb\"},\"inLanguage\":\"vi\",\"potentialAction\":[{\"@type\":\"ReadAction\",\"target\":[\"https:\/\/goldbellvn.ifdemo.com\/product\/xcf706k-xcf1006k\/\"]}]},{\"@type\":\"ImageObject\",\"inLanguage\":\"vi\",\"@id\":\"https:\/\/goldbellvn.ifdemo.com\/product\/xcf706k-xcf1006k\/#primaryimage\",\"url\":\"https:\/\/goldbellvn.ifdemo.com\/wp-content\/uploads\/2026\/03\/xe-nang-dau-10-tan-2-Photoroom.png\",\"contentUrl\":\"https:\/\/goldbellvn.ifdemo.com\/wp-content\/uploads\/2026\/03\/xe-nang-dau-10-tan-2-Photoroom.png\",\"width\":750,\"height\":750},{\"@type\":\"BreadcrumbList\",\"@id\":\"https:\/\/goldbellvn.ifdemo.com\/product\/xcf706k-xcf1006k\/#breadcrumb\",\"itemListElement\":[{\"@type\":\"ListItem\",\"position\":1,\"name\":\"Home\",\"item\":\"https:\/\/goldbellvn.ifdemo.com\/\"},{\"@type\":\"ListItem\",\"position\":2,\"name\":\"Products\",\"item\":\"https:\/\/goldbellvn.ifdemo.com\/shop\/\"},{\"@type\":\"ListItem\",\"position\":3,\"name\":\"XCF706K \/ XCF1006K\"}]},{\"@type\":\"WebSite\",\"@id\":\"https:\/\/goldbellvn.ifdemo.com\/#website\",\"url\":\"https:\/\/goldbellvn.ifdemo.com\/\",\"name\":\"Goldbell\",\"description\":\"\",\"publisher\":{\"@id\":\"https:\/\/goldbellvn.ifdemo.com\/#organization\"},\"potentialAction\":[{\"@type\":\"SearchAction\",\"target\":{\"@type\":\"EntryPoint\",\"urlTemplate\":\"https:\/\/goldbellvn.ifdemo.com\/?s={search_term_string}\"},\"query-input\":{\"@type\":\"PropertyValueSpecification\",\"valueRequired\":true,\"valueName\":\"search_term_string\"}}],\"inLanguage\":\"vi\"},{\"@type\":\"Organization\",\"@id\":\"https:\/\/goldbellvn.ifdemo.com\/#organization\",\"name\":\"Goldbell\",\"url\":\"https:\/\/goldbellvn.ifdemo.com\/\",\"logo\":{\"@type\":\"ImageObject\",\"inLanguage\":\"vi\",\"@id\":\"https:\/\/goldbellvn.ifdemo.com\/#\/schema\/logo\/image\/\",\"url\":\"https:\/\/goldbellvn.ifdemo.com\/wp-content\/uploads\/2025\/09\/logo.svg\",\"contentUrl\":\"https:\/\/goldbellvn.ifdemo.com\/wp-content\/uploads\/2025\/09\/logo.svg\",\"width\":18,\"height\":23,\"caption\":\"Goldbell\"},\"image\":{\"@id\":\"https:\/\/goldbellvn.ifdemo.com\/#\/schema\/logo\/image\/\"}}]}<\/script>\n<!-- \/ Yoast SEO Premium plugin. -->","yoast_head_json":{"title":"XCF706K \/ XCF1006K - Goldbell","robots":{"index":"noindex","follow":"follow","max-snippet":"max-snippet:-1","max-image-preview":"max-image-preview:large","max-video-preview":"max-video-preview:-1"},"og_locale":"vi_VN","og_type":"article","og_title":"XCF706K \/ XCF1006K","og_description":"The XCF706K and XCF1006K diesel forklifts from XCMG are designed for heavy-duty material handling applications with lifting capacities ranging from 7 to 10 tons. Built for demanding industrial environments, these forklifts deliver exceptional power, durability, and operational efficiency. Both models are equipped with high-performance turbocharged diesel engines from Anhui Quanchai, ensuring reliable output, strong torque, [&hellip;]","og_url":"https:\/\/goldbellvn.ifdemo.com\/vi\/san-pham\/xcf706k-xcf1006k\/","og_site_name":"Goldbell","article_modified_time":"2026-03-24T15:54:05+00:00","og_image":[{"width":750,"height":750,"url":"https:\/\/goldbellvn.ifdemo.com\/wp-content\/uploads\/2026\/03\/xe-nang-dau-10-tan-2-Photoroom.png","type":"image\/png"}],"twitter_card":"summary_large_image","twitter_misc":{"\u01af\u1edbc t\u00ednh th\u1eddi gian \u0111\u1ecdc":"2 ph\u00fat"},"schema":{"@context":"https:\/\/schema.org","@graph":[{"@type":"WebPage","@id":"https:\/\/goldbellvn.ifdemo.com\/product\/xcf706k-xcf1006k\/","url":"https:\/\/goldbellvn.ifdemo.com\/product\/xcf706k-xcf1006k\/","name":"XCF706K \/ XCF1006K - Goldbell","isPartOf":{"@id":"https:\/\/goldbellvn.ifdemo.com\/#website"},"primaryImageOfPage":{"@id":"https:\/\/goldbellvn.ifdemo.com\/product\/xcf706k-xcf1006k\/#primaryimage"},"image":{"@id":"https:\/\/goldbellvn.ifdemo.com\/product\/xcf706k-xcf1006k\/#primaryimage"},"thumbnailUrl":"https:\/\/goldbellvn.ifdemo.com\/wp-content\/uploads\/2026\/03\/xe-nang-dau-10-tan-2-Photoroom.png","datePublished":"2026-03-21T02:56:51+00:00","dateModified":"2026-03-24T15:54:05+00:00","breadcrumb":{"@id":"https:\/\/goldbellvn.ifdemo.com\/product\/xcf706k-xcf1006k\/#breadcrumb"},"inLanguage":"vi","potentialAction":[{"@type":"ReadAction","target":["https:\/\/goldbellvn.ifdemo.com\/product\/xcf706k-xcf1006k\/"]}]},{"@type":"ImageObject","inLanguage":"vi","@id":"https:\/\/goldbellvn.ifdemo.com\/product\/xcf706k-xcf1006k\/#primaryimage","url":"https:\/\/goldbellvn.ifdemo.com\/wp-content\/uploads\/2026\/03\/xe-nang-dau-10-tan-2-Photoroom.png","contentUrl":"https:\/\/goldbellvn.ifdemo.com\/wp-content\/uploads\/2026\/03\/xe-nang-dau-10-tan-2-Photoroom.png","width":750,"height":750},{"@type":"BreadcrumbList","@id":"https:\/\/goldbellvn.ifdemo.com\/product\/xcf706k-xcf1006k\/#breadcrumb","itemListElement":[{"@type":"ListItem","position":1,"name":"Home","item":"https:\/\/goldbellvn.ifdemo.com\/"},{"@type":"ListItem","position":2,"name":"Products","item":"https:\/\/goldbellvn.ifdemo.com\/shop\/"},{"@type":"ListItem","position":3,"name":"XCF706K \/ XCF1006K"}]},{"@type":"WebSite","@id":"https:\/\/goldbellvn.ifdemo.com\/#website","url":"https:\/\/goldbellvn.ifdemo.com\/","name":"Goldbell","description":"","publisher":{"@id":"https:\/\/goldbellvn.ifdemo.com\/#organization"},"potentialAction":[{"@type":"SearchAction","target":{"@type":"EntryPoint","urlTemplate":"https:\/\/goldbellvn.ifdemo.com\/?s={search_term_string}"},"query-input":{"@type":"PropertyValueSpecification","valueRequired":true,"valueName":"search_term_string"}}],"inLanguage":"vi"},{"@type":"Organization","@id":"https:\/\/goldbellvn.ifdemo.com\/#organization","name":"Goldbell","url":"https:\/\/goldbellvn.ifdemo.com\/","logo":{"@type":"ImageObject","inLanguage":"vi","@id":"https:\/\/goldbellvn.ifdemo.com\/#\/schema\/logo\/image\/","url":"https:\/\/goldbellvn.ifdemo.com\/wp-content\/uploads\/2025\/09\/logo.svg","contentUrl":"https:\/\/goldbellvn.ifdemo.com\/wp-content\/uploads\/2025\/09\/logo.svg","width":18,"height":23,"caption":"Goldbell"},"image":{"@id":"https:\/\/goldbellvn.ifdemo.com\/#\/schema\/logo\/image\/"}}]}},"_links":{"self":[{"href":"https:\/\/goldbellvn.ifdemo.com\/vi\/wp-json\/wp\/v2\/product\/2950","targetHints":{"allow":["GET"]}}],"collection":[{"href":"https:\/\/goldbellvn.ifdemo.com\/vi\/wp-json\/wp\/v2\/product"}],"about":[{"href":"https:\/\/goldbellvn.ifdemo.com\/vi\/wp-json\/wp\/v2\/types\/product"}],"wp:featuredmedia":[{"embeddable":true,"href":"https:\/\/goldbellvn.ifdemo.com\/vi\/wp-json\/wp\/v2\/media\/3025"}],"wp:attachment":[{"href":"https:\/\/goldbellvn.ifdemo.com\/vi\/wp-json\/wp\/v2\/media?parent=2950"}],"wp:term":[{"taxonomy":"model-type","embeddable":true,"href":"https:\/\/goldbellvn.ifdemo.com\/vi\/wp-json\/wp\/v2\/model-type?post=2950"},{"taxonomy":"product_brand","embeddable":true,"href":"https:\/\/goldbellvn.ifdemo.com\/vi\/wp-json\/wp\/v2\/product_brand?post=2950"},{"taxonomy":"product_cat","embeddable":true,"href":"https:\/\/goldbellvn.ifdemo.com\/vi\/wp-json\/wp\/v2\/product_cat?post=2950"},{"taxonomy":"product_tag","embeddable":true,"href":"https:\/\/goldbellvn.ifdemo.com\/vi\/wp-json\/wp\/v2\/product_tag?post=2950"}],"curies":[{"name":"wp","href":"https:\/\/api.w.org\/{rel}","templated":true}]}}