{"id":2988,"date":"2026-03-21T10:27:00","date_gmt":"2026-03-21T03:27:00","guid":{"rendered":"https:\/\/goldbell.123websitedev.com\/?post_type=product&#038;p=2988"},"modified":"2026-03-24T23:10:11","modified_gmt":"2026-03-24T16:10:11","slug":"peacock-series-xvb40-xvb45-xvb50","status":"publish","type":"product","link":"https:\/\/goldbellvn.ifdemo.com\/vi\/san-pham\/peacock-series-xvb40-xvb45-xvb50\/","title":{"rendered":"D\u00f2ng Peacock Series XVB40\/XVB45\/XVB50"},"content":{"rendered":"<p>Xe n\u00e2ng \u0111i\u1ec7n \u0111\u1ed1i tr\u1ecdng d\u00f2ng Peacock Series (4.0\u20135.0 t\u1ea5n) c\u1ee7a XCMG mang \u0111\u1ebfn hi\u1ec7u su\u1ea5t n\u00e2ng h\u1ea1 \u0111i\u1ec7n h\u1ea1ng n\u1eb7ng cho ph\u00e2n kh\u00fac t\u1ea3i trung b\u00ecnh\u2013n\u1eb7ng. \u0110\u01b0\u1ee3c ph\u00e1t tri\u1ec3n b\u1edfi XCMG Special Construction Machinery Co., Ltd. v\u1edbi c\u00f4ng ngh\u1ec7 \u0111i\u1ec1u khi\u1ec3n \u0111i\u1ec7n t\u1eed \u0111\u1ed9c quy\u1ec1n XEC v\u00e0 \u0111\u1ed9ng c\u01a1 \u0111\u1ed3ng b\u1ed9 nam ch\u00e2m v\u0129nh c\u1eedu, d\u00f2ng xe n\u00e0y \u0111\u1ea1t hi\u1ec7u su\u1ea5t t\u01b0\u01a1ng \u0111\u01b0\u01a1ng ti\u00eau chu\u1ea9n \u201cdouble-20\u201d nh\u01b0ng v\u1eabn duy tr\u00ec m\u1ee9c ti\u00eau th\u1ee5 n\u0103ng l\u01b0\u1ee3ng \u1edf m\u1ee9c \u201cdouble-15\u201d \u2014 kh\u00f4ng qu\u00e1 nhi\u1ec7t, kh\u00f4ng \u0111\u00e1nh \u0111\u1ed5i an to\u00e0n.<\/p>\n<p>T\u00cdNH N\u0102NG N\u1ed4I B\u1eacT<\/p>\n<p>Hi\u1ec7u su\u1ea5t cao kh\u00f4ng th\u1ecfa hi\u1ec7p - C\u00f4ng ngh\u1ec7 \u0111i\u1ec1u khi\u1ec3n \u0111i\u1ec7n t\u1eed XEC c\u1ee7a XCMG t\u1ef1 \u0111\u1ed9ng ph\u00e2n b\u1ed5 v\u00e0 t\u1ed1i \u01b0u c\u00f4ng su\u1ea5t theo \u0111i\u1ec1u ki\u1ec7n l\u00e0m vi\u1ec7c th\u1ef1c t\u1ebf. K\u1ebft qu\u1ea3 l\u00e0 hi\u1ec7u su\u1ea5t v\u01b0\u1ee3t chu\u1ea9n double-20 trong khi m\u1ee9c ti\u00eau th\u1ee5 n\u0103ng l\u01b0\u1ee3ng t\u1ed1t h\u01a1n c\u00e1c d\u00f2ng double-15.<\/p>\n<p>V\u1eadn h\u00e0nh m\u1ecdi \u0111i\u1ec1u ki\u1ec7n th\u1eddi ti\u1ebft (IP65) - C\u00e1c linh ki\u1ec7n \u0111i\u1ec7n \u0111\u1ea1t chu\u1ea9n ch\u1ed1ng n\u01b0\u1edbc\/b\u1ee5i IP65. \u0110\u00e3 \u0111\u01b0\u1ee3c ki\u1ec3m ch\u1ee9ng qua: Th\u1eed nghi\u1ec7m m\u01b0a l\u1edbn li\u00ean t\u1ee5c (15 ph\u00fat), Th\u1eed nghi\u1ec7m ng\u00e2m n\u01b0\u1edbc 500mm trong 15 ph\u00fat, V\u1eadn h\u00e0nh v\u00f9ng cao 4.500m \u1edf -20\u00b0C li\u00ean t\u1ee5c 5 ng\u00e0y, Kho l\u1ea1nh -20\u00b0C: 12 gi\u1edd \u0111\u1ed7 + 6 gi\u1edd v\u1eadn h\u00e0nh gi\u00e1n \u0111o\u1ea1n.<\/p>\n<p>H\u1ec7 th\u1ed1ng l\u00e0m m\u00e1t ba \u0111i\u1ec7n (ti\u00eau chu\u1ea9n) - \u0110\u1ed9ng c\u01a1, b\u1ed9 \u0111i\u1ec1u khi\u1ec3n v\u00e0 pin \u0111\u1ec1u \u0111\u01b0\u1ee3c l\u00e0m m\u00e1t b\u1eb1ng ch\u1ea5t l\u1ecfng, gi\u00fap v\u1eadn h\u00e0nh c\u01b0\u1eddng \u0111\u1ed9 cao li\u00ean t\u1ee5c v\u00e0 s\u1ea1c \u0111\u1ea7y c\u1ef1c nhanh ch\u1ec9 trong kho\u1ea3ng 1 gi\u1edd.<\/p>\n<p>H\u1ec7 th\u1ed1ng s\u1ea1c \u0111i\u1ec7n \u00e1p cao chu\u1ea9n qu\u1ed1c gia. T\u01b0\u01a1ng th\u00edch v\u1edbi tr\u1ea1m s\u1ea1c xe \u0111i\u1ec7n ti\u00eau chu\u1ea9n, gi\u00fap linh ho\u1ea1t tri\u1ec3n khai t\u1ea1i hi\u1ec7n tr\u01b0\u1eddng.<\/p>\n<p>Ch\u1ebf \u0111\u1ed9 v\u1eadn h\u00e0nh PES 3 c\u1ea5p cho ph\u00e9p chuy\u1ec3n \u0111\u1ed5i gi\u1eefa: P (Powerful \u2013 m\u1ea1nh m\u1ebd), E (Economical \u2013 ti\u1ebft ki\u1ec7m), S (Energy-saving \u2013 ti\u1ebft ki\u1ec7m n\u0103ng l\u01b0\u1ee3ng).<\/p>\n<p>Cabin c\u00f4ng th\u00e1i h\u1ecdc tho\u1ea3i m\u00e1i. Gh\u1ebf treo gi\u1ea3m ch\u1ea5n to\u00e0n ph\u1ea7n, khung b\u1ea3o v\u1ec7 ph\u00eda tr\u00ean t\u00edch h\u1ee3p h\u1ec7 th\u1ed1ng gi\u1ea3m ch\u1ea5n, kh\u00f4ng gian \u0111\u1ea7u v\u00e0 ch\u00e2n r\u1ed9ng r\u00e3i, phanh tay d\u1ea1ng c\u00f3c, gi\u00e1 \u0111\u1ec3 c\u1ed1c, gi\u00e1 \u0111\u1ee1 \u0111i\u1ec7n tho\u1ea1i, c\u1ed5ng USB, b\u1ea3ng hi\u1ec3n th\u1ecb m\u00e0n h\u00ecnh m\u00e0u v\u00e0 b\u1ed1 c\u1ee5c n\u00fat \u0111i\u1ec1u khi\u1ec3n c\u00f3 th\u1ec3 m\u1edf r\u1ed9ng.<\/p>\n<p>H\u1ec7 th\u1ed1ng an to\u00e0n XCMG Guardian ki\u1ec3m so\u00e1t d\u1ed1c OPS to\u00e0n di\u1ec7n (b\u1ea3o v\u1ec7 360\u00b0): khi nh\u1ea3 b\u00e0n \u0111\u1ea1p tr\u00ean d\u1ed1c \u2192 t\u1ef1 \u0111\u1ed9ng gi\u1eef phanh 3\u20135 gi\u00e2y \u2192 l\u00f9i ch\u1eadm an to\u00e0n. H\u1ec7 th\u1ed1ng an to\u00e0n pin 3 l\u1edbp: ng\u1eaft k\u1ebft n\u1ed1i nhanh MSD, h\u1ec7 th\u1ed1ng r\u01a1-le s\u1ea1c\/x\u1ea3 chuy\u00ean d\u1ee5ng c\u00f3 c\u1ea7u ch\u00ec b\u1ea3o v\u1ec7, v\u00e0 BMS kh\u00f3a li\u00ean \u0111\u1ed9ng \u0111i\u1ec7n \u00e1p t\u1ef1 \u0111\u1ed9ng ng\u1eaft ngu\u1ed3n t\u1edbi t\u1ea5t c\u1ea3 c\u00e1c b\u1ed9 ph\u1eadn c\u00f3 th\u1ec3 ch\u1ea1m v\u00e0o khi \u0111\u1ea7u n\u1ed1i kh\u00f4ng \u0111\u01b0\u1ee3c l\u1eafp \u0111\u00fang c\u00e1ch.<\/p>\n<p>T\u00ednh n\u0103ng th\u00f4ng minh cao (t\u00f9y ch\u1ecdn). N\u1ec1n t\u1ea3ng qu\u1ea3n l\u00fd xe c\u00f4ng nghi\u1ec7p, h\u1ec7 th\u1ed1ng h\u1ed7 tr\u1ee3 l\u00e1i n\u00e2ng cao (ADAS), ph\u00e2n t\u00edch h\u00e0nh vi ng\u01b0\u1eddi l\u00e1i v\u00e0 ch\u1ee9c n\u0103ng nh\u1eadn di\u1ec7n ng\u01b0\u1eddi v\u1eadn h\u00e0nh (driver identification) c\u00f3 s\u1eb5n d\u01b0\u1edbi d\u1ea1ng t\u00f9y ch\u1ecdn n\u00e2ng c\u1ea5p.<\/p>\n<p>\u1ee8NG D\u1ee4NG<\/p>\n<p>Kho b\u00e3i v\u00e0 logistics trung \u2013 n\u1eb7ng, b\u00e3i container c\u1ea3ng, gia c\u00f4ng th\u00e9p v\u00e0 kim lo\u1ea1i, x\u1eed l\u00fd gi\u1ea5y v\u00e0 g\u1ed7, kho l\u1ea1nh, nh\u00e0 m\u00e1y s\u1ea3n xu\u1ea5t v\u00e0 c\u00e1c ho\u1ea1t \u0111\u1ed9ng y\u00eau c\u1ea7u v\u1eadn h\u00e0nh \u0111a ca 24\/7 v\u1edbi kh\u1ea3 n\u0103ng s\u1ea1c nhanh.<\/p>\n<p>C\u00f3 s\u1eb5n 4 c\u1ea5u h\u00ecnh: 4.0 t\u1ea5n \/ 4.5 t\u1ea5n \/ 5.0 t\u1ea5n (t\u00e2m t\u1ea3i 500 mm) \/ 5.0 t\u1ea5n-J (t\u00e2m t\u1ea3i 600 mm)<\/p>","protected":false},"excerpt":{"rendered":"<p>The XCMG Peacock Series Electric Counterbalanced Forklift (4.0\u20135.0t) brings heavy-duty electric lifting performance to the mid-tonnage segment. Engineered by XCMG Special Construction Machinery Co., Ltd. with proprietary XEC electronic control technology and permanent magnet synchronous motors, this series delivers double-20 benchmark performance while maintaining energy consumption at double-15 levels \u2014 without excessive heat, without safety [&hellip;]<\/p>","protected":false},"featured_media":3024,"template":"","meta":{"_acf_changed":false,"inline_featured_image":false},"model-type":[49],"product_brand":[79],"product_cat":[31],"product_tag":[],"class_list":{"0":"post-2988","1":"product","2":"type-product","3":"status-publish","4":"has-post-thumbnail","6":"model-type-electric","7":"product_brand-xcmg","8":"product_cat-electric-forklifts","10":"first","11":"instock","12":"shipping-taxable","13":"product-type-simple"},"acf":[],"yoast_head":"<!-- This site is optimized with the Yoast SEO Premium plugin v25.6 (Yoast SEO v25.6) - https:\/\/yoast.com\/wordpress\/plugins\/seo\/ -->\n<title>Peacock Series XVB40\/XVB45\/XVB50 - Goldbell<\/title>\n<meta name=\"robots\" content=\"noindex, follow, max-snippet:-1, max-image-preview:large, max-video-preview:-1\" \/>\n<meta property=\"og:locale\" content=\"vi_VN\" \/>\n<meta property=\"og:type\" content=\"article\" \/>\n<meta property=\"og:title\" content=\"Peacock Series XVB40\/XVB45\/XVB50\" \/>\n<meta property=\"og:description\" content=\"The XCMG Peacock Series Electric Counterbalanced Forklift (4.0\u20135.0t) brings heavy-duty electric lifting performance to the mid-tonnage segment. Engineered by XCMG Special Construction Machinery Co., Ltd. with proprietary XEC electronic control technology and permanent magnet synchronous motors, this series delivers double-20 benchmark performance while maintaining energy consumption at double-15 levels \u2014 without excessive heat, without safety [&hellip;]\" \/>\n<meta property=\"og:url\" content=\"https:\/\/goldbellvn.ifdemo.com\/vi\/san-pham\/peacock-series-xvb40-xvb45-xvb50\/\" \/>\n<meta property=\"og:site_name\" content=\"Goldbell\" \/>\n<meta property=\"article:modified_time\" content=\"2026-03-24T16:10:11+00:00\" \/>\n<meta property=\"og:image\" content=\"https:\/\/goldbellvn.ifdemo.com\/wp-content\/uploads\/2026\/03\/xe-nang-dien-5-tan-peacock-7-Photoroom.png\" \/>\n\t<meta property=\"og:image:width\" content=\"750\" \/>\n\t<meta property=\"og:image:height\" content=\"500\" \/>\n\t<meta property=\"og:image:type\" content=\"image\/png\" \/>\n<meta name=\"twitter:card\" content=\"summary_large_image\" \/>\n<meta name=\"twitter:label1\" content=\"\u01af\u1edbc t\u00ednh th\u1eddi gian \u0111\u1ecdc\" \/>\n\t<meta name=\"twitter:data1\" content=\"3 ph\u00fat\" \/>\n<script type=\"application\/ld+json\" class=\"yoast-schema-graph\">{\"@context\":\"https:\/\/schema.org\",\"@graph\":[{\"@type\":\"WebPage\",\"@id\":\"https:\/\/goldbellvn.ifdemo.com\/product\/peacock-series-xvb40-xvb45-xvb50\/\",\"url\":\"https:\/\/goldbellvn.ifdemo.com\/product\/peacock-series-xvb40-xvb45-xvb50\/\",\"name\":\"Peacock Series XVB40\/XVB45\/XVB50 - Goldbell\",\"isPartOf\":{\"@id\":\"https:\/\/goldbellvn.ifdemo.com\/#website\"},\"primaryImageOfPage\":{\"@id\":\"https:\/\/goldbellvn.ifdemo.com\/product\/peacock-series-xvb40-xvb45-xvb50\/#primaryimage\"},\"image\":{\"@id\":\"https:\/\/goldbellvn.ifdemo.com\/product\/peacock-series-xvb40-xvb45-xvb50\/#primaryimage\"},\"thumbnailUrl\":\"https:\/\/goldbellvn.ifdemo.com\/wp-content\/uploads\/2026\/03\/xe-nang-dien-5-tan-peacock-7-Photoroom.png\",\"datePublished\":\"2026-03-21T03:27:00+00:00\",\"dateModified\":\"2026-03-24T16:10:11+00:00\",\"breadcrumb\":{\"@id\":\"https:\/\/goldbellvn.ifdemo.com\/product\/peacock-series-xvb40-xvb45-xvb50\/#breadcrumb\"},\"inLanguage\":\"vi\",\"potentialAction\":[{\"@type\":\"ReadAction\",\"target\":[\"https:\/\/goldbellvn.ifdemo.com\/product\/peacock-series-xvb40-xvb45-xvb50\/\"]}]},{\"@type\":\"ImageObject\",\"inLanguage\":\"vi\",\"@id\":\"https:\/\/goldbellvn.ifdemo.com\/product\/peacock-series-xvb40-xvb45-xvb50\/#primaryimage\",\"url\":\"https:\/\/goldbellvn.ifdemo.com\/wp-content\/uploads\/2026\/03\/xe-nang-dien-5-tan-peacock-7-Photoroom.png\",\"contentUrl\":\"https:\/\/goldbellvn.ifdemo.com\/wp-content\/uploads\/2026\/03\/xe-nang-dien-5-tan-peacock-7-Photoroom.png\",\"width\":750,\"height\":500},{\"@type\":\"BreadcrumbList\",\"@id\":\"https:\/\/goldbellvn.ifdemo.com\/product\/peacock-series-xvb40-xvb45-xvb50\/#breadcrumb\",\"itemListElement\":[{\"@type\":\"ListItem\",\"position\":1,\"name\":\"Home\",\"item\":\"https:\/\/goldbellvn.ifdemo.com\/\"},{\"@type\":\"ListItem\",\"position\":2,\"name\":\"Products\",\"item\":\"https:\/\/goldbellvn.ifdemo.com\/shop\/\"},{\"@type\":\"ListItem\",\"position\":3,\"name\":\"Peacock Series XVB40\/XVB45\/XVB50\"}]},{\"@type\":\"WebSite\",\"@id\":\"https:\/\/goldbellvn.ifdemo.com\/#website\",\"url\":\"https:\/\/goldbellvn.ifdemo.com\/\",\"name\":\"Goldbell\",\"description\":\"\",\"publisher\":{\"@id\":\"https:\/\/goldbellvn.ifdemo.com\/#organization\"},\"potentialAction\":[{\"@type\":\"SearchAction\",\"target\":{\"@type\":\"EntryPoint\",\"urlTemplate\":\"https:\/\/goldbellvn.ifdemo.com\/?s={search_term_string}\"},\"query-input\":{\"@type\":\"PropertyValueSpecification\",\"valueRequired\":true,\"valueName\":\"search_term_string\"}}],\"inLanguage\":\"vi\"},{\"@type\":\"Organization\",\"@id\":\"https:\/\/goldbellvn.ifdemo.com\/#organization\",\"name\":\"Goldbell\",\"url\":\"https:\/\/goldbellvn.ifdemo.com\/\",\"logo\":{\"@type\":\"ImageObject\",\"inLanguage\":\"vi\",\"@id\":\"https:\/\/goldbellvn.ifdemo.com\/#\/schema\/logo\/image\/\",\"url\":\"https:\/\/goldbellvn.ifdemo.com\/wp-content\/uploads\/2025\/09\/logo.svg\",\"contentUrl\":\"https:\/\/goldbellvn.ifdemo.com\/wp-content\/uploads\/2025\/09\/logo.svg\",\"width\":18,\"height\":23,\"caption\":\"Goldbell\"},\"image\":{\"@id\":\"https:\/\/goldbellvn.ifdemo.com\/#\/schema\/logo\/image\/\"}}]}<\/script>\n<!-- \/ Yoast SEO Premium plugin. -->","yoast_head_json":{"title":"Peacock Series XVB40\/XVB45\/XVB50 - Goldbell","robots":{"index":"noindex","follow":"follow","max-snippet":"max-snippet:-1","max-image-preview":"max-image-preview:large","max-video-preview":"max-video-preview:-1"},"og_locale":"vi_VN","og_type":"article","og_title":"Peacock Series XVB40\/XVB45\/XVB50","og_description":"The XCMG Peacock Series Electric Counterbalanced Forklift (4.0\u20135.0t) brings heavy-duty electric lifting performance to the mid-tonnage segment. Engineered by XCMG Special Construction Machinery Co., Ltd. with proprietary XEC electronic control technology and permanent magnet synchronous motors, this series delivers double-20 benchmark performance while maintaining energy consumption at double-15 levels \u2014 without excessive heat, without safety [&hellip;]","og_url":"https:\/\/goldbellvn.ifdemo.com\/vi\/san-pham\/peacock-series-xvb40-xvb45-xvb50\/","og_site_name":"Goldbell","article_modified_time":"2026-03-24T16:10:11+00:00","og_image":[{"width":750,"height":500,"url":"https:\/\/goldbellvn.ifdemo.com\/wp-content\/uploads\/2026\/03\/xe-nang-dien-5-tan-peacock-7-Photoroom.png","type":"image\/png"}],"twitter_card":"summary_large_image","twitter_misc":{"\u01af\u1edbc t\u00ednh th\u1eddi gian \u0111\u1ecdc":"3 ph\u00fat"},"schema":{"@context":"https:\/\/schema.org","@graph":[{"@type":"WebPage","@id":"https:\/\/goldbellvn.ifdemo.com\/product\/peacock-series-xvb40-xvb45-xvb50\/","url":"https:\/\/goldbellvn.ifdemo.com\/product\/peacock-series-xvb40-xvb45-xvb50\/","name":"Peacock Series XVB40\/XVB45\/XVB50 - Goldbell","isPartOf":{"@id":"https:\/\/goldbellvn.ifdemo.com\/#website"},"primaryImageOfPage":{"@id":"https:\/\/goldbellvn.ifdemo.com\/product\/peacock-series-xvb40-xvb45-xvb50\/#primaryimage"},"image":{"@id":"https:\/\/goldbellvn.ifdemo.com\/product\/peacock-series-xvb40-xvb45-xvb50\/#primaryimage"},"thumbnailUrl":"https:\/\/goldbellvn.ifdemo.com\/wp-content\/uploads\/2026\/03\/xe-nang-dien-5-tan-peacock-7-Photoroom.png","datePublished":"2026-03-21T03:27:00+00:00","dateModified":"2026-03-24T16:10:11+00:00","breadcrumb":{"@id":"https:\/\/goldbellvn.ifdemo.com\/product\/peacock-series-xvb40-xvb45-xvb50\/#breadcrumb"},"inLanguage":"vi","potentialAction":[{"@type":"ReadAction","target":["https:\/\/goldbellvn.ifdemo.com\/product\/peacock-series-xvb40-xvb45-xvb50\/"]}]},{"@type":"ImageObject","inLanguage":"vi","@id":"https:\/\/goldbellvn.ifdemo.com\/product\/peacock-series-xvb40-xvb45-xvb50\/#primaryimage","url":"https:\/\/goldbellvn.ifdemo.com\/wp-content\/uploads\/2026\/03\/xe-nang-dien-5-tan-peacock-7-Photoroom.png","contentUrl":"https:\/\/goldbellvn.ifdemo.com\/wp-content\/uploads\/2026\/03\/xe-nang-dien-5-tan-peacock-7-Photoroom.png","width":750,"height":500},{"@type":"BreadcrumbList","@id":"https:\/\/goldbellvn.ifdemo.com\/product\/peacock-series-xvb40-xvb45-xvb50\/#breadcrumb","itemListElement":[{"@type":"ListItem","position":1,"name":"Home","item":"https:\/\/goldbellvn.ifdemo.com\/"},{"@type":"ListItem","position":2,"name":"Products","item":"https:\/\/goldbellvn.ifdemo.com\/shop\/"},{"@type":"ListItem","position":3,"name":"Peacock Series XVB40\/XVB45\/XVB50"}]},{"@type":"WebSite","@id":"https:\/\/goldbellvn.ifdemo.com\/#website","url":"https:\/\/goldbellvn.ifdemo.com\/","name":"Goldbell","description":"","publisher":{"@id":"https:\/\/goldbellvn.ifdemo.com\/#organization"},"potentialAction":[{"@type":"SearchAction","target":{"@type":"EntryPoint","urlTemplate":"https:\/\/goldbellvn.ifdemo.com\/?s={search_term_string}"},"query-input":{"@type":"PropertyValueSpecification","valueRequired":true,"valueName":"search_term_string"}}],"inLanguage":"vi"},{"@type":"Organization","@id":"https:\/\/goldbellvn.ifdemo.com\/#organization","name":"Goldbell","url":"https:\/\/goldbellvn.ifdemo.com\/","logo":{"@type":"ImageObject","inLanguage":"vi","@id":"https:\/\/goldbellvn.ifdemo.com\/#\/schema\/logo\/image\/","url":"https:\/\/goldbellvn.ifdemo.com\/wp-content\/uploads\/2025\/09\/logo.svg","contentUrl":"https:\/\/goldbellvn.ifdemo.com\/wp-content\/uploads\/2025\/09\/logo.svg","width":18,"height":23,"caption":"Goldbell"},"image":{"@id":"https:\/\/goldbellvn.ifdemo.com\/#\/schema\/logo\/image\/"}}]}},"_links":{"self":[{"href":"https:\/\/goldbellvn.ifdemo.com\/vi\/wp-json\/wp\/v2\/product\/2988","targetHints":{"allow":["GET"]}}],"collection":[{"href":"https:\/\/goldbellvn.ifdemo.com\/vi\/wp-json\/wp\/v2\/product"}],"about":[{"href":"https:\/\/goldbellvn.ifdemo.com\/vi\/wp-json\/wp\/v2\/types\/product"}],"wp:featuredmedia":[{"embeddable":true,"href":"https:\/\/goldbellvn.ifdemo.com\/vi\/wp-json\/wp\/v2\/media\/3024"}],"wp:attachment":[{"href":"https:\/\/goldbellvn.ifdemo.com\/vi\/wp-json\/wp\/v2\/media?parent=2988"}],"wp:term":[{"taxonomy":"model-type","embeddable":true,"href":"https:\/\/goldbellvn.ifdemo.com\/vi\/wp-json\/wp\/v2\/model-type?post=2988"},{"taxonomy":"product_brand","embeddable":true,"href":"https:\/\/goldbellvn.ifdemo.com\/vi\/wp-json\/wp\/v2\/product_brand?post=2988"},{"taxonomy":"product_cat","embeddable":true,"href":"https:\/\/goldbellvn.ifdemo.com\/vi\/wp-json\/wp\/v2\/product_cat?post=2988"},{"taxonomy":"product_tag","embeddable":true,"href":"https:\/\/goldbellvn.ifdemo.com\/vi\/wp-json\/wp\/v2\/product_tag?post=2988"}],"curies":[{"name":"wp","href":"https:\/\/api.w.org\/{rel}","templated":true}]}}