{"id":2997,"date":"2026-03-21T10:36:07","date_gmt":"2026-03-21T03:36:07","guid":{"rendered":"https:\/\/goldbell.123websitedev.com\/?post_type=product&#038;p=2997"},"modified":"2026-03-24T23:23:31","modified_gmt":"2026-03-24T16:23:31","slug":"xvf15-20-25-psb-c","status":"publish","type":"product","link":"https:\/\/goldbellvn.ifdemo.com\/vi\/san-pham\/xvf15-20-25-psb-c\/","title":{"rendered":"XVF15\/20\/25-PSB-C"},"content":{"rendered":"<p>XCMG XVF15\/20\/25-PSB-C l\u00e0 d\u00f2ng xe n\u00e2ng reach truck \u0111\u1ee9ng l\u00e1i, \u0111\u01b0\u1ee3c thi\u1ebft k\u1ebf cho c\u00e1c kho l\u1ed1i \u0111i h\u1eb9p m\u1eadt \u0111\u1ed9 cao, y\u00eau c\u1ea7u kh\u1ea3 n\u0103ng n\u00e2ng \u1ed5n \u0111\u1ecbnh l\u00ean \u0111\u1ebfn 8.000 mm.\n\n\u0110\u01b0\u1ee3c ph\u00e1t tri\u1ec3n b\u1edfi XCMG Special Construction Machinery Co., Ltd., d\u00f2ng xe n\u00e0y k\u1ebft h\u1ee3p h\u1ed9p s\u1ed1 \u0111\u1ee9ng \u0111\u1ed9 b\u1ec1n cao, b\u1ea3ng \u0111i\u1ec1u khi\u1ec3n \u0111a ch\u1ee9c n\u0103ng th\u00f4ng minh v\u00e0 h\u1ec7 th\u1ed1ng phanh ch\u1ed1ng tr\u00f4i ti\u00ean ti\u1ebfn trong thi\u1ebft k\u1ebf nh\u1ecf g\u1ecdn d\u1ea1ng \u0111\u1ee9ng l\u00e1i \u2014 mang l\u1ea1i n\u0103ng su\u1ea5t, an to\u00e0n v\u00e0 s\u1ef1 tho\u1ea3i m\u00e1i cho ng\u01b0\u1eddi v\u1eadn h\u00e0nh trong c\u00f9ng m\u1ed9t thi\u1ebft b\u1ecb.<\/p>\n<p>T\u00cdNH N\u0102NG N\u1ed4I B\u1eacT<\/p>\n<p>H\u1ed9p s\u1ed1 \u0111\u1ee9ng \u0111\u1ed9 b\u1ec1n cao - Thi\u1ebft k\u1ebf tu\u1ed5i th\u1ecd d\u00e0i v\u1edbi ki\u1ec3m tra nhi\u1ec1u l\u1edbp cho b\u01a1m d\u1ea7u, xi lanh v\u00e0 \u0111\u01b0\u1eddng \u1ed1ng, \u0111\u1ea3m b\u1ea3o \u0111\u1ed9 tin c\u1eady cao c\u1ee7a h\u1ec7 th\u1ed1ng th\u1ee7y l\u1ef1c trong su\u1ed1t v\u00f2ng \u0111\u1eddi v\u1eadn h\u00e0nh.<\/p>\n<p>T\u0103ng chi\u1ec1u cao n\u00e2ng t\u1ef1 do - Thi\u1ebft k\u1ebf c\u1ed9t n\u00e2ng th\u00f4ng minh tr\u00ean phi\u00ean b\u1ea3n 1,5 t\u1ea5n gi\u00fap t\u0103ng chi\u1ec1u cao n\u00e2ng t\u1ef1 do, cho ph\u00e9p x\u1eed l\u00fd pallet trong container ho\u1eb7c d\u01b0\u1edbi tr\u1ea7n th\u1ea5p m\u00e0 kh\u00f4ng c\u1ea7n n\u00e2ng c\u1ed9t.<\/p>\n<p>Ch\u1ee9c n\u0103ng phanh ch\u1ed1ng tr\u00f4i - Ng\u0103n xe b\u1ecb tr\u01b0\u1ee3t khi m\u1ea5t ki\u1ec3m so\u00e1t ho\u1eb7c khi ho\u1ea1t \u0111\u1ed9ng tr\u00ean d\u1ed1c, t\u0103ng th\u00eam \u0111\u1ed9 an to\u00e0n khi v\u1eadn h\u00e0nh tr\u00ean \u0111\u01b0\u1eddng d\u1ed1c.<\/p>\n<p>Thi\u1ebft k\u1ebf nh\u1ecf g\u1ecdn, b\u00e1n k\u00ednh quay nh\u1ecf - K\u00edch th\u01b0\u1edbc xe nh\u1ecf k\u1ebft h\u1ee3p v\u1edbi kh\u1ea3 n\u0103ng quay linh ho\u1ea1t gi\u00fap gi\u1ea3m chi\u1ec1u r\u1ed9ng l\u1ed1i \u0111i x\u1ebfp h\u00e0ng vu\u00f4ng g\u00f3c, t\u1ed1i \u0111a h\u00f3a s\u1ee9c ch\u1ee9a kho.<\/p>\n<p>B\u1ea3ng \u0111i\u1ec1u khi\u1ec3n \u0111a ch\u1ee9c n\u0103ng c\u00f4ng th\u00e1i h\u1ecdc - Thi\u1ebft k\u1ebf c\u1ea7n \u0111i\u1ec1u khi\u1ec3n d\u1ec5 s\u1eed d\u1ee5ng v\u1edbi m\u00e0n h\u00ecnh hi\u1ec3n th\u1ecb th\u00f4ng minh \u0111a ch\u1ee9c n\u0103ng; m\u1ed9t s\u1ed1 phi\u00ean b\u1ea3n c\u00f3 hi\u1ec3n th\u1ecb v\u1ecb tr\u00ed b\u00e1nh xe gi\u00fap \u0111\u1ecbnh h\u01b0\u1edbng ch\u00ednh x\u00e1c khi n\u00e2ng cao.<\/p>\n<p>D\u1ea3i chi\u1ec1u cao n\u00e2ng r\u1ed9ng - C\u00f3 t\u00f9y ch\u1ecdn c\u1ed9t n\u00e2ng 2 t\u1ea7ng v\u00e0 3 t\u1ea7ng n\u00e2ng t\u1ef1 do ho\u00e0n to\u00e0n, chi\u1ec1u cao n\u00e2ng t\u1eeb 3.000 mm \u0111\u1ebfn 8.000 mm, ph\u00f9 h\u1ee3p nhi\u1ec1u lo\u1ea1i h\u1ec7 th\u1ed1ng k\u1ec7 kh\u00e1c nhau.<\/p>\n<p>\u1ee8NG D\u1ee4NG<\/p>\n<p>Ph\u00f9 h\u1ee3p cho:\n\nKho k\u1ec7 cao ch\u1ee9a pallet - Trung t\u00e2m ph\u00e2n ph\u1ed1i logistics - Kho l\u1ea1nh - Kho linh ki\u1ec7n s\u1ea3n xu\u1ea5t - Trung t\u00e2m ho\u00e0n thi\u1ec7n \u0111\u01a1n h\u00e0ng b\u00e1n l\u1ebb - C\u00e1c kho l\u1ed1i \u0111i h\u1eb9p y\u00eau c\u1ea7u chi\u1ec1u cao n\u00e2ng t\u1eeb 3.000 mm \u0111\u1ebfn 8.000 mm<\/p>\n<p>C\u00f3 s\u1eb5n v\u1edbi 3 m\u1ee9c t\u1ea3i tr\u1ecdng: 1,5 t\u1ea5n \/ 2,0 t\u1ea5n \/ 2,5 t\u1ea5n<\/p>","protected":false},"excerpt":{"rendered":"<p>The XCMG XVF15\/20\/25-PSB-C Stand-on Reach Forklift is engineered for high-density narrow-aisle warehouse operations requiring reliable lifting up to 8,000mm. Developed by XCMG Special Construction Machinery Co., Ltd., this series combines a high-strength vertical gearbox, intelligent multi-function instrument panel, and advanced anti-roll braking in a compact stand-on platform \u2014 delivering productivity, safety, and operator comfort in [&hellip;]<\/p>","protected":false},"featured_media":2998,"template":"","meta":{"_acf_changed":false,"inline_featured_image":false},"model-type":[53],"product_brand":[79],"product_cat":[57],"product_tag":[],"class_list":{"0":"post-2997","1":"product","2":"type-product","3":"status-publish","4":"has-post-thumbnail","6":"model-type-reach-truck","7":"product_brand-xcmg","8":"product_cat-reach-trucks","10":"first","11":"instock","12":"shipping-taxable","13":"product-type-simple"},"acf":[],"yoast_head":"<!-- This site is optimized with the Yoast SEO Premium plugin v25.6 (Yoast SEO v25.6) - https:\/\/yoast.com\/wordpress\/plugins\/seo\/ -->\n<title>XVF15\/20\/25-PSB-C - Goldbell<\/title>\n<meta name=\"robots\" content=\"noindex, follow, max-snippet:-1, max-image-preview:large, max-video-preview:-1\" \/>\n<meta property=\"og:locale\" content=\"vi_VN\" \/>\n<meta property=\"og:type\" content=\"article\" \/>\n<meta property=\"og:title\" content=\"XVF15\/20\/25-PSB-C\" \/>\n<meta property=\"og:description\" content=\"The XCMG XVF15\/20\/25-PSB-C Stand-on Reach Forklift is engineered for high-density narrow-aisle warehouse operations requiring reliable lifting up to 8,000mm. Developed by XCMG Special Construction Machinery Co., Ltd., this series combines a high-strength vertical gearbox, intelligent multi-function instrument panel, and advanced anti-roll braking in a compact stand-on platform \u2014 delivering productivity, safety, and operator comfort in [&hellip;]\" \/>\n<meta property=\"og:url\" content=\"https:\/\/goldbellvn.ifdemo.com\/vi\/san-pham\/xvf15-20-25-psb-c\/\" \/>\n<meta property=\"og:site_name\" content=\"Goldbell\" \/>\n<meta property=\"article:modified_time\" content=\"2026-03-24T16:23:31+00:00\" \/>\n<meta property=\"og:image\" content=\"https:\/\/goldbellvn.ifdemo.com\/wp-content\/uploads\/2026\/03\/xe-nang-rerach-truck-dung-lai-1.png\" \/>\n\t<meta property=\"og:image:width\" content=\"700\" \/>\n\t<meta property=\"og:image:height\" content=\"473\" \/>\n\t<meta property=\"og:image:type\" content=\"image\/png\" \/>\n<meta name=\"twitter:card\" content=\"summary_large_image\" \/>\n<meta name=\"twitter:label1\" content=\"\u01af\u1edbc t\u00ednh th\u1eddi gian \u0111\u1ecdc\" \/>\n\t<meta name=\"twitter:data1\" content=\"2 ph\u00fat\" \/>\n<script type=\"application\/ld+json\" class=\"yoast-schema-graph\">{\"@context\":\"https:\/\/schema.org\",\"@graph\":[{\"@type\":\"WebPage\",\"@id\":\"https:\/\/goldbellvn.ifdemo.com\/product\/xvf15-20-25-psb-c\/\",\"url\":\"https:\/\/goldbellvn.ifdemo.com\/product\/xvf15-20-25-psb-c\/\",\"name\":\"XVF15\/20\/25-PSB-C - Goldbell\",\"isPartOf\":{\"@id\":\"https:\/\/goldbellvn.ifdemo.com\/#website\"},\"primaryImageOfPage\":{\"@id\":\"https:\/\/goldbellvn.ifdemo.com\/product\/xvf15-20-25-psb-c\/#primaryimage\"},\"image\":{\"@id\":\"https:\/\/goldbellvn.ifdemo.com\/product\/xvf15-20-25-psb-c\/#primaryimage\"},\"thumbnailUrl\":\"https:\/\/goldbellvn.ifdemo.com\/wp-content\/uploads\/2026\/03\/xe-nang-rerach-truck-dung-lai-1.png\",\"datePublished\":\"2026-03-21T03:36:07+00:00\",\"dateModified\":\"2026-03-24T16:23:31+00:00\",\"breadcrumb\":{\"@id\":\"https:\/\/goldbellvn.ifdemo.com\/product\/xvf15-20-25-psb-c\/#breadcrumb\"},\"inLanguage\":\"vi\",\"potentialAction\":[{\"@type\":\"ReadAction\",\"target\":[\"https:\/\/goldbellvn.ifdemo.com\/product\/xvf15-20-25-psb-c\/\"]}]},{\"@type\":\"ImageObject\",\"inLanguage\":\"vi\",\"@id\":\"https:\/\/goldbellvn.ifdemo.com\/product\/xvf15-20-25-psb-c\/#primaryimage\",\"url\":\"https:\/\/goldbellvn.ifdemo.com\/wp-content\/uploads\/2026\/03\/xe-nang-rerach-truck-dung-lai-1.png\",\"contentUrl\":\"https:\/\/goldbellvn.ifdemo.com\/wp-content\/uploads\/2026\/03\/xe-nang-rerach-truck-dung-lai-1.png\",\"width\":700,\"height\":473},{\"@type\":\"BreadcrumbList\",\"@id\":\"https:\/\/goldbellvn.ifdemo.com\/product\/xvf15-20-25-psb-c\/#breadcrumb\",\"itemListElement\":[{\"@type\":\"ListItem\",\"position\":1,\"name\":\"Home\",\"item\":\"https:\/\/goldbellvn.ifdemo.com\/\"},{\"@type\":\"ListItem\",\"position\":2,\"name\":\"Products\",\"item\":\"https:\/\/goldbellvn.ifdemo.com\/shop\/\"},{\"@type\":\"ListItem\",\"position\":3,\"name\":\"XVF15\/20\/25-PSB-C\"}]},{\"@type\":\"WebSite\",\"@id\":\"https:\/\/goldbellvn.ifdemo.com\/#website\",\"url\":\"https:\/\/goldbellvn.ifdemo.com\/\",\"name\":\"Goldbell\",\"description\":\"\",\"publisher\":{\"@id\":\"https:\/\/goldbellvn.ifdemo.com\/#organization\"},\"potentialAction\":[{\"@type\":\"SearchAction\",\"target\":{\"@type\":\"EntryPoint\",\"urlTemplate\":\"https:\/\/goldbellvn.ifdemo.com\/?s={search_term_string}\"},\"query-input\":{\"@type\":\"PropertyValueSpecification\",\"valueRequired\":true,\"valueName\":\"search_term_string\"}}],\"inLanguage\":\"vi\"},{\"@type\":\"Organization\",\"@id\":\"https:\/\/goldbellvn.ifdemo.com\/#organization\",\"name\":\"Goldbell\",\"url\":\"https:\/\/goldbellvn.ifdemo.com\/\",\"logo\":{\"@type\":\"ImageObject\",\"inLanguage\":\"vi\",\"@id\":\"https:\/\/goldbellvn.ifdemo.com\/#\/schema\/logo\/image\/\",\"url\":\"https:\/\/goldbellvn.ifdemo.com\/wp-content\/uploads\/2025\/09\/logo.svg\",\"contentUrl\":\"https:\/\/goldbellvn.ifdemo.com\/wp-content\/uploads\/2025\/09\/logo.svg\",\"width\":18,\"height\":23,\"caption\":\"Goldbell\"},\"image\":{\"@id\":\"https:\/\/goldbellvn.ifdemo.com\/#\/schema\/logo\/image\/\"}}]}<\/script>\n<!-- \/ Yoast SEO Premium plugin. -->","yoast_head_json":{"title":"XVF15\/20\/25-PSB-C - Goldbell","robots":{"index":"noindex","follow":"follow","max-snippet":"max-snippet:-1","max-image-preview":"max-image-preview:large","max-video-preview":"max-video-preview:-1"},"og_locale":"vi_VN","og_type":"article","og_title":"XVF15\/20\/25-PSB-C","og_description":"The XCMG XVF15\/20\/25-PSB-C Stand-on Reach Forklift is engineered for high-density narrow-aisle warehouse operations requiring reliable lifting up to 8,000mm. Developed by XCMG Special Construction Machinery Co., Ltd., this series combines a high-strength vertical gearbox, intelligent multi-function instrument panel, and advanced anti-roll braking in a compact stand-on platform \u2014 delivering productivity, safety, and operator comfort in [&hellip;]","og_url":"https:\/\/goldbellvn.ifdemo.com\/vi\/san-pham\/xvf15-20-25-psb-c\/","og_site_name":"Goldbell","article_modified_time":"2026-03-24T16:23:31+00:00","og_image":[{"width":700,"height":473,"url":"https:\/\/goldbellvn.ifdemo.com\/wp-content\/uploads\/2026\/03\/xe-nang-rerach-truck-dung-lai-1.png","type":"image\/png"}],"twitter_card":"summary_large_image","twitter_misc":{"\u01af\u1edbc t\u00ednh th\u1eddi gian \u0111\u1ecdc":"2 ph\u00fat"},"schema":{"@context":"https:\/\/schema.org","@graph":[{"@type":"WebPage","@id":"https:\/\/goldbellvn.ifdemo.com\/product\/xvf15-20-25-psb-c\/","url":"https:\/\/goldbellvn.ifdemo.com\/product\/xvf15-20-25-psb-c\/","name":"XVF15\/20\/25-PSB-C - Goldbell","isPartOf":{"@id":"https:\/\/goldbellvn.ifdemo.com\/#website"},"primaryImageOfPage":{"@id":"https:\/\/goldbellvn.ifdemo.com\/product\/xvf15-20-25-psb-c\/#primaryimage"},"image":{"@id":"https:\/\/goldbellvn.ifdemo.com\/product\/xvf15-20-25-psb-c\/#primaryimage"},"thumbnailUrl":"https:\/\/goldbellvn.ifdemo.com\/wp-content\/uploads\/2026\/03\/xe-nang-rerach-truck-dung-lai-1.png","datePublished":"2026-03-21T03:36:07+00:00","dateModified":"2026-03-24T16:23:31+00:00","breadcrumb":{"@id":"https:\/\/goldbellvn.ifdemo.com\/product\/xvf15-20-25-psb-c\/#breadcrumb"},"inLanguage":"vi","potentialAction":[{"@type":"ReadAction","target":["https:\/\/goldbellvn.ifdemo.com\/product\/xvf15-20-25-psb-c\/"]}]},{"@type":"ImageObject","inLanguage":"vi","@id":"https:\/\/goldbellvn.ifdemo.com\/product\/xvf15-20-25-psb-c\/#primaryimage","url":"https:\/\/goldbellvn.ifdemo.com\/wp-content\/uploads\/2026\/03\/xe-nang-rerach-truck-dung-lai-1.png","contentUrl":"https:\/\/goldbellvn.ifdemo.com\/wp-content\/uploads\/2026\/03\/xe-nang-rerach-truck-dung-lai-1.png","width":700,"height":473},{"@type":"BreadcrumbList","@id":"https:\/\/goldbellvn.ifdemo.com\/product\/xvf15-20-25-psb-c\/#breadcrumb","itemListElement":[{"@type":"ListItem","position":1,"name":"Home","item":"https:\/\/goldbellvn.ifdemo.com\/"},{"@type":"ListItem","position":2,"name":"Products","item":"https:\/\/goldbellvn.ifdemo.com\/shop\/"},{"@type":"ListItem","position":3,"name":"XVF15\/20\/25-PSB-C"}]},{"@type":"WebSite","@id":"https:\/\/goldbellvn.ifdemo.com\/#website","url":"https:\/\/goldbellvn.ifdemo.com\/","name":"Goldbell","description":"","publisher":{"@id":"https:\/\/goldbellvn.ifdemo.com\/#organization"},"potentialAction":[{"@type":"SearchAction","target":{"@type":"EntryPoint","urlTemplate":"https:\/\/goldbellvn.ifdemo.com\/?s={search_term_string}"},"query-input":{"@type":"PropertyValueSpecification","valueRequired":true,"valueName":"search_term_string"}}],"inLanguage":"vi"},{"@type":"Organization","@id":"https:\/\/goldbellvn.ifdemo.com\/#organization","name":"Goldbell","url":"https:\/\/goldbellvn.ifdemo.com\/","logo":{"@type":"ImageObject","inLanguage":"vi","@id":"https:\/\/goldbellvn.ifdemo.com\/#\/schema\/logo\/image\/","url":"https:\/\/goldbellvn.ifdemo.com\/wp-content\/uploads\/2025\/09\/logo.svg","contentUrl":"https:\/\/goldbellvn.ifdemo.com\/wp-content\/uploads\/2025\/09\/logo.svg","width":18,"height":23,"caption":"Goldbell"},"image":{"@id":"https:\/\/goldbellvn.ifdemo.com\/#\/schema\/logo\/image\/"}}]}},"_links":{"self":[{"href":"https:\/\/goldbellvn.ifdemo.com\/vi\/wp-json\/wp\/v2\/product\/2997","targetHints":{"allow":["GET"]}}],"collection":[{"href":"https:\/\/goldbellvn.ifdemo.com\/vi\/wp-json\/wp\/v2\/product"}],"about":[{"href":"https:\/\/goldbellvn.ifdemo.com\/vi\/wp-json\/wp\/v2\/types\/product"}],"wp:featuredmedia":[{"embeddable":true,"href":"https:\/\/goldbellvn.ifdemo.com\/vi\/wp-json\/wp\/v2\/media\/2998"}],"wp:attachment":[{"href":"https:\/\/goldbellvn.ifdemo.com\/vi\/wp-json\/wp\/v2\/media?parent=2997"}],"wp:term":[{"taxonomy":"model-type","embeddable":true,"href":"https:\/\/goldbellvn.ifdemo.com\/vi\/wp-json\/wp\/v2\/model-type?post=2997"},{"taxonomy":"product_brand","embeddable":true,"href":"https:\/\/goldbellvn.ifdemo.com\/vi\/wp-json\/wp\/v2\/product_brand?post=2997"},{"taxonomy":"product_cat","embeddable":true,"href":"https:\/\/goldbellvn.ifdemo.com\/vi\/wp-json\/wp\/v2\/product_cat?post=2997"},{"taxonomy":"product_tag","embeddable":true,"href":"https:\/\/goldbellvn.ifdemo.com\/vi\/wp-json\/wp\/v2\/product_tag?post=2997"}],"curies":[{"name":"wp","href":"https:\/\/api.w.org\/{rel}","templated":true}]}}