{"id":3000,"date":"2026-03-21T10:37:46","date_gmt":"2026-03-21T03:37:46","guid":{"rendered":"https:\/\/goldbell.123websitedev.com\/?post_type=product&#038;p=3000"},"modified":"2026-03-24T23:24:00","modified_gmt":"2026-03-24T16:24:00","slug":"xvf16-20-pb-s-c-g","status":"publish","type":"product","link":"https:\/\/goldbellvn.ifdemo.com\/vi\/san-pham\/xvf16-20-pb-s-c-g\/","title":{"rendered":"XVF16\/20-PB-S\/C\/G"},"content":{"rendered":"<p>XCMG XVF16\/20-PB-S\/C\/G l\u00e0 d\u00f2ng xe n\u00e2ng reach truck ng\u1ed3i l\u00e1i d\u1ea1ng \u00f4 t\u00f4, \u0111\u01b0\u1ee3c thi\u1ebft k\u1ebf cho kho l\u1ed1i \u0111i r\u1ea5t h\u1eb9p (VNA) v\u1edbi k\u1ec7 cao, mang l\u1ea1i kh\u1ea3 n\u0103ng n\u00e2ng v\u01b0\u1ee3t tr\u1ed9i l\u00ean \u0111\u1ebfn 12.500 mm, \u0111\u1ed3ng th\u1eddi kh\u00f4ng suy gi\u1ea3m t\u1ea3i tr\u1ecdng \u0111\u1ebfn \u0111\u1ed9 cao 6.300 mm.\n\n\u0110\u01b0\u1ee3c ph\u00e1t tri\u1ec3n b\u1edfi XCMG Special Construction Machinery Co., Ltd., d\u00f2ng xe n\u00e0y \u0111\u1ea1i di\u1ec7n cho c\u00f4ng ngh\u1ec7 xe n\u00e2ng kho ti\u00ean ti\u1ebfn c\u1ee7a XCMG, k\u1ebft h\u1ee3p phanh to\u00e0n b\u00e1nh, kh\u1ea3 n\u0103ng gi\u1eef t\u1ea3i cao \u1edf \u0111\u1ed9 cao l\u1edbn, c\u1ed9t n\u00e2ng \u1ed5n \u0111\u1ecbnh cao v\u00e0 m\u00f4i tr\u01b0\u1eddng v\u1eadn h\u00e0nh c\u00f4ng th\u00e1i h\u1ecdc, gi\u00fap l\u00e0m vi\u1ec7c tho\u1ea3i m\u00e1i \u1edf \u0111\u1ed9 cao l\u1edbn.<\/p>\n<p>T\u00cdNH N\u0102NG N\u1ed4I B\u1eacT<\/p>\n<p>Hi\u1ec7u su\u1ea5t n\u00e2ng si\u00eau cao - C\u1ed9t n\u00e2ng ba t\u1ea7ng n\u00e2ng t\u1ef1 do ho\u00e0n to\u00e0n h\u1ed7 tr\u1ee3 chi\u1ec1u cao n\u00e2ng t\u1eeb 4.600 mm \u0111\u1ebfn 12.500 mm t\u00f9y phi\u00ean b\u1ea3n, \u0111\u00e1p \u1ee9ng \u0111\u1ea7y \u0111\u1ee7 c\u00e1c h\u1ec7 th\u1ed1ng k\u1ec7 cao hi\u1ec7n \u0111\u1ea1i.<\/p>\n<p>Kh\u00f4ng suy gi\u1ea3m t\u1ea3i \u0111\u1ebfn 6.300 mm - Thi\u1ebft k\u1ebf c\u1ed9t n\u00e2ng ch\u00ednh x\u00e1c cao gi\u00fap duy tr\u00ec \u0111\u1ea7y \u0111\u1ee7 t\u1ea3i tr\u1ecdng \u0111\u1ecbnh m\u1ee9c (1.600 kg ho\u1eb7c 2.000 kg) \u0111\u1ebfn \u0111\u1ed9 cao 6.300 mm \u2014 kh\u1ea3 n\u0103ng gi\u1eef t\u1ea3i v\u01b0\u1ee3t tr\u1ed9i trong ph\u00e2n kh\u00fac.<\/p>\n<p>Phanh to\u00e0n b\u1ed9 b\u00e1nh xe - C\u1ea3 b\u00e1nh tr\u01b0\u1edbc v\u00e0 b\u00e1nh sau \u0111\u1ec1u \u0111\u01b0\u1ee3c trang b\u1ecb phanh, mang l\u1ea1i hi\u1ec7u qu\u1ea3 phanh v\u01b0\u1ee3t tr\u1ed9i tr\u00ean b\u1ec1 m\u1eb7t tr\u01a1n tr\u01b0\u1ee3t, \u0111\u00f3ng b\u0103ng ho\u1eb7c kh\u00f4ng b\u1eb1ng ph\u1eb3ng, \u0111\u1ea3m b\u1ea3o an to\u00e0n t\u1ed1i \u0111a cho ng\u01b0\u1eddi v\u1eadn h\u00e0nh.<\/p>\n<p>C\u1ed9t n\u00e2ng \u1ed5n \u0111\u1ecbnh cao - C\u1ed9t n\u00e2ng gi\u1eef \u0111\u1ed9 \u1ed5n \u0111\u1ecbnh t\u1ed1t ngay c\u1ea3 \u1edf \u0111\u1ed9 cao l\u1edbn, gi\u1ea3m rung l\u1eafc, gi\u00fap \u0111\u1eb7t pallet ch\u00ednh x\u00e1c v\u00e0 an to\u00e0n.<\/p>\n<p>Cabin ng\u1ed3i l\u00e1i c\u00f4ng th\u00e1i h\u1ecdc - Gh\u1ebf \u0111i\u1ec1u ch\u1ec9nh tr\u01b0\u1edbc \u2013 sau ph\u00f9 h\u1ee3p v\u1edbi nhi\u1ec1u th\u1ec3 tr\u1ea1ng ng\u01b0\u1eddi l\u00e1i; \u0111i\u1ec1u khi\u1ec3n b\u1eb1ng c\u1ea7n d\u1ec5 s\u1eed d\u1ee5ng, b\u1ea3ng hi\u1ec3n th\u1ecb th\u00f4ng minh \u0111a ch\u1ee9c n\u0103ng v\u00e0 hi\u1ec3n th\u1ecb v\u1ecb tr\u00ed b\u00e1nh xe gi\u00fap \u0111\u1ecbnh h\u01b0\u1edbng ch\u00ednh x\u00e1c khi n\u00e2ng cao.<\/p>\n<p>D\u1ecbch c\u00e0ng ti\u00eau chu\u1ea9n - Trang b\u1ecb s\u1eb5n ch\u1ee9c n\u0103ng d\u1ecbch c\u00e0ng \u00b150 mm gi\u00fap c\u0103n ch\u1ec9nh h\u00e0ng h\u00f3a ch\u00ednh x\u00e1c m\u00e0 kh\u00f4ng c\u1ea7n di chuy\u1ec3n xe.<\/p>\n<p>C\u00f3 4 c\u1ea5p c\u1ea5u h\u00ecnh:<br \/>\nS (Ti\u00eau chu\u1ea9n): chi\u1ec1u cao n\u00e2ng 4.600 \u2013 8.500 mm<br \/>\nC (C\u01a1 b\u1ea3n n\u00e2ng cao): 4.600 \u2013 9.500 mm<br \/>\nG (Cao c\u1ea5p):\nXVF16: 4.600 \u2013 10.500 mm\nXVF20: 4.600 \u2013 12.500 mm<\/p>\n<p>\u1ee8NG D\u1ee4NG<\/p>\n<p>Ph\u00f9 h\u1ee3p cho: Kho l\u1ed1i \u0111i r\u1ea5t h\u1eb9p (VNA) v\u1edbi k\u1ec7 cao. H\u1ec7 th\u1ed1ng l\u01b0u tr\u1eef v\u00e0 xu\u1ea5t nh\u1eadp t\u1ef1 \u0111\u1ed9ng. Trung t\u00e2m ph\u00e2n ph\u1ed1i d\u01b0\u1ee3c ph\u1ea9m v\u00e0 th\u1ef1c ph\u1ea9m. Kho l\u1ea1nh m\u1eadt \u0111\u1ed9 cao. Trung t\u00e2m logistics quy m\u00f4 l\u1edbn. C\u00e1c \u1ee9ng d\u1ee5ng y\u00eau c\u1ea7u \u0111\u1eb7t pallet ch\u00ednh x\u00e1c \u1edf \u0111\u1ed9 cao tr\u00ean 6.000 mm<\/p>\n<p>C\u00f3 s\u1eb5n v\u1edbi 2 m\u1ee9c t\u1ea3i tr\u1ecdng \u00d7 3 c\u1ea5p c\u1ea5u h\u00ecnh: XVF16-PB-S\/C\/G (1,6 t\u1ea5n) \/ XVF20-PB-S\/C\/G (2,0 t\u1ea5n)<\/p>","protected":false},"excerpt":{"rendered":"<p>The XCMG XVF16\/20-PB-S\/C\/G is a sit-on car-type reach forklift designed for very narrow aisle (VNA) high-bay warehouses, delivering exceptional lifting height up to 12,500mm with zero load reduction up to 6,300mm. Engineered by XCMG Special Construction Machinery Co., Ltd., this series represents the pinnacle of XCMG&#8217;s warehouse forklift technology \u2014 combining all-wheel braking, high surplus [&hellip;]<\/p>","protected":false},"featured_media":3001,"template":"","meta":{"_acf_changed":false,"inline_featured_image":false},"model-type":[53],"product_brand":[79],"product_cat":[57],"product_tag":[],"class_list":{"0":"post-3000","1":"product","2":"type-product","3":"status-publish","4":"has-post-thumbnail","6":"model-type-reach-truck","7":"product_brand-xcmg","8":"product_cat-reach-trucks","10":"first","11":"instock","12":"shipping-taxable","13":"product-type-simple"},"acf":[],"yoast_head":"<!-- This site is optimized with the Yoast SEO Premium plugin v25.6 (Yoast SEO v25.6) - https:\/\/yoast.com\/wordpress\/plugins\/seo\/ -->\n<title>XVF16\/20-PB-S\/C\/G - Goldbell<\/title>\n<meta name=\"robots\" content=\"noindex, follow, max-snippet:-1, max-image-preview:large, max-video-preview:-1\" \/>\n<meta property=\"og:locale\" content=\"vi_VN\" \/>\n<meta property=\"og:type\" content=\"article\" \/>\n<meta property=\"og:title\" content=\"XVF16\/20-PB-S\/C\/G\" \/>\n<meta property=\"og:description\" content=\"The XCMG XVF16\/20-PB-S\/C\/G is a sit-on car-type reach forklift designed for very narrow aisle (VNA) high-bay warehouses, delivering exceptional lifting height up to 12,500mm with zero load reduction up to 6,300mm. Engineered by XCMG Special Construction Machinery Co., Ltd., this series represents the pinnacle of XCMG&#8217;s warehouse forklift technology \u2014 combining all-wheel braking, high surplus [&hellip;]\" \/>\n<meta property=\"og:url\" content=\"https:\/\/goldbellvn.ifdemo.com\/vi\/san-pham\/xvf16-20-pb-s-c-g\/\" \/>\n<meta property=\"og:site_name\" content=\"Goldbell\" \/>\n<meta property=\"article:modified_time\" content=\"2026-03-24T16:24:00+00:00\" \/>\n<meta property=\"og:image\" content=\"https:\/\/goldbellvn.ifdemo.com\/wp-content\/uploads\/2026\/03\/2fc26647b00f428bb03633babf28a44b.png\" \/>\n\t<meta property=\"og:image:width\" content=\"467\" \/>\n\t<meta property=\"og:image:height\" content=\"700\" \/>\n\t<meta property=\"og:image:type\" content=\"image\/png\" \/>\n<meta name=\"twitter:card\" content=\"summary_large_image\" \/>\n<meta name=\"twitter:label1\" content=\"\u01af\u1edbc t\u00ednh th\u1eddi gian \u0111\u1ecdc\" \/>\n\t<meta name=\"twitter:data1\" content=\"2 ph\u00fat\" \/>\n<script type=\"application\/ld+json\" class=\"yoast-schema-graph\">{\"@context\":\"https:\/\/schema.org\",\"@graph\":[{\"@type\":\"WebPage\",\"@id\":\"https:\/\/goldbellvn.ifdemo.com\/product\/xvf16-20-pb-s-c-g\/\",\"url\":\"https:\/\/goldbellvn.ifdemo.com\/product\/xvf16-20-pb-s-c-g\/\",\"name\":\"XVF16\/20-PB-S\/C\/G - Goldbell\",\"isPartOf\":{\"@id\":\"https:\/\/goldbellvn.ifdemo.com\/#website\"},\"primaryImageOfPage\":{\"@id\":\"https:\/\/goldbellvn.ifdemo.com\/product\/xvf16-20-pb-s-c-g\/#primaryimage\"},\"image\":{\"@id\":\"https:\/\/goldbellvn.ifdemo.com\/product\/xvf16-20-pb-s-c-g\/#primaryimage\"},\"thumbnailUrl\":\"https:\/\/goldbellvn.ifdemo.com\/wp-content\/uploads\/2026\/03\/2fc26647b00f428bb03633babf28a44b.png\",\"datePublished\":\"2026-03-21T03:37:46+00:00\",\"dateModified\":\"2026-03-24T16:24:00+00:00\",\"breadcrumb\":{\"@id\":\"https:\/\/goldbellvn.ifdemo.com\/product\/xvf16-20-pb-s-c-g\/#breadcrumb\"},\"inLanguage\":\"vi\",\"potentialAction\":[{\"@type\":\"ReadAction\",\"target\":[\"https:\/\/goldbellvn.ifdemo.com\/product\/xvf16-20-pb-s-c-g\/\"]}]},{\"@type\":\"ImageObject\",\"inLanguage\":\"vi\",\"@id\":\"https:\/\/goldbellvn.ifdemo.com\/product\/xvf16-20-pb-s-c-g\/#primaryimage\",\"url\":\"https:\/\/goldbellvn.ifdemo.com\/wp-content\/uploads\/2026\/03\/2fc26647b00f428bb03633babf28a44b.png\",\"contentUrl\":\"https:\/\/goldbellvn.ifdemo.com\/wp-content\/uploads\/2026\/03\/2fc26647b00f428bb03633babf28a44b.png\",\"width\":467,\"height\":700},{\"@type\":\"BreadcrumbList\",\"@id\":\"https:\/\/goldbellvn.ifdemo.com\/product\/xvf16-20-pb-s-c-g\/#breadcrumb\",\"itemListElement\":[{\"@type\":\"ListItem\",\"position\":1,\"name\":\"Home\",\"item\":\"https:\/\/goldbellvn.ifdemo.com\/\"},{\"@type\":\"ListItem\",\"position\":2,\"name\":\"Products\",\"item\":\"https:\/\/goldbellvn.ifdemo.com\/shop\/\"},{\"@type\":\"ListItem\",\"position\":3,\"name\":\"XVF16\/20-PB-S\/C\/G\"}]},{\"@type\":\"WebSite\",\"@id\":\"https:\/\/goldbellvn.ifdemo.com\/#website\",\"url\":\"https:\/\/goldbellvn.ifdemo.com\/\",\"name\":\"Goldbell\",\"description\":\"\",\"publisher\":{\"@id\":\"https:\/\/goldbellvn.ifdemo.com\/#organization\"},\"potentialAction\":[{\"@type\":\"SearchAction\",\"target\":{\"@type\":\"EntryPoint\",\"urlTemplate\":\"https:\/\/goldbellvn.ifdemo.com\/?s={search_term_string}\"},\"query-input\":{\"@type\":\"PropertyValueSpecification\",\"valueRequired\":true,\"valueName\":\"search_term_string\"}}],\"inLanguage\":\"vi\"},{\"@type\":\"Organization\",\"@id\":\"https:\/\/goldbellvn.ifdemo.com\/#organization\",\"name\":\"Goldbell\",\"url\":\"https:\/\/goldbellvn.ifdemo.com\/\",\"logo\":{\"@type\":\"ImageObject\",\"inLanguage\":\"vi\",\"@id\":\"https:\/\/goldbellvn.ifdemo.com\/#\/schema\/logo\/image\/\",\"url\":\"https:\/\/goldbellvn.ifdemo.com\/wp-content\/uploads\/2025\/09\/logo.svg\",\"contentUrl\":\"https:\/\/goldbellvn.ifdemo.com\/wp-content\/uploads\/2025\/09\/logo.svg\",\"width\":18,\"height\":23,\"caption\":\"Goldbell\"},\"image\":{\"@id\":\"https:\/\/goldbellvn.ifdemo.com\/#\/schema\/logo\/image\/\"}}]}<\/script>\n<!-- \/ Yoast SEO Premium plugin. -->","yoast_head_json":{"title":"XVF16\/20-PB-S\/C\/G - Goldbell","robots":{"index":"noindex","follow":"follow","max-snippet":"max-snippet:-1","max-image-preview":"max-image-preview:large","max-video-preview":"max-video-preview:-1"},"og_locale":"vi_VN","og_type":"article","og_title":"XVF16\/20-PB-S\/C\/G","og_description":"The XCMG XVF16\/20-PB-S\/C\/G is a sit-on car-type reach forklift designed for very narrow aisle (VNA) high-bay warehouses, delivering exceptional lifting height up to 12,500mm with zero load reduction up to 6,300mm. Engineered by XCMG Special Construction Machinery Co., Ltd., this series represents the pinnacle of XCMG&#8217;s warehouse forklift technology \u2014 combining all-wheel braking, high surplus [&hellip;]","og_url":"https:\/\/goldbellvn.ifdemo.com\/vi\/san-pham\/xvf16-20-pb-s-c-g\/","og_site_name":"Goldbell","article_modified_time":"2026-03-24T16:24:00+00:00","og_image":[{"width":467,"height":700,"url":"https:\/\/goldbellvn.ifdemo.com\/wp-content\/uploads\/2026\/03\/2fc26647b00f428bb03633babf28a44b.png","type":"image\/png"}],"twitter_card":"summary_large_image","twitter_misc":{"\u01af\u1edbc t\u00ednh th\u1eddi gian \u0111\u1ecdc":"2 ph\u00fat"},"schema":{"@context":"https:\/\/schema.org","@graph":[{"@type":"WebPage","@id":"https:\/\/goldbellvn.ifdemo.com\/product\/xvf16-20-pb-s-c-g\/","url":"https:\/\/goldbellvn.ifdemo.com\/product\/xvf16-20-pb-s-c-g\/","name":"XVF16\/20-PB-S\/C\/G - Goldbell","isPartOf":{"@id":"https:\/\/goldbellvn.ifdemo.com\/#website"},"primaryImageOfPage":{"@id":"https:\/\/goldbellvn.ifdemo.com\/product\/xvf16-20-pb-s-c-g\/#primaryimage"},"image":{"@id":"https:\/\/goldbellvn.ifdemo.com\/product\/xvf16-20-pb-s-c-g\/#primaryimage"},"thumbnailUrl":"https:\/\/goldbellvn.ifdemo.com\/wp-content\/uploads\/2026\/03\/2fc26647b00f428bb03633babf28a44b.png","datePublished":"2026-03-21T03:37:46+00:00","dateModified":"2026-03-24T16:24:00+00:00","breadcrumb":{"@id":"https:\/\/goldbellvn.ifdemo.com\/product\/xvf16-20-pb-s-c-g\/#breadcrumb"},"inLanguage":"vi","potentialAction":[{"@type":"ReadAction","target":["https:\/\/goldbellvn.ifdemo.com\/product\/xvf16-20-pb-s-c-g\/"]}]},{"@type":"ImageObject","inLanguage":"vi","@id":"https:\/\/goldbellvn.ifdemo.com\/product\/xvf16-20-pb-s-c-g\/#primaryimage","url":"https:\/\/goldbellvn.ifdemo.com\/wp-content\/uploads\/2026\/03\/2fc26647b00f428bb03633babf28a44b.png","contentUrl":"https:\/\/goldbellvn.ifdemo.com\/wp-content\/uploads\/2026\/03\/2fc26647b00f428bb03633babf28a44b.png","width":467,"height":700},{"@type":"BreadcrumbList","@id":"https:\/\/goldbellvn.ifdemo.com\/product\/xvf16-20-pb-s-c-g\/#breadcrumb","itemListElement":[{"@type":"ListItem","position":1,"name":"Home","item":"https:\/\/goldbellvn.ifdemo.com\/"},{"@type":"ListItem","position":2,"name":"Products","item":"https:\/\/goldbellvn.ifdemo.com\/shop\/"},{"@type":"ListItem","position":3,"name":"XVF16\/20-PB-S\/C\/G"}]},{"@type":"WebSite","@id":"https:\/\/goldbellvn.ifdemo.com\/#website","url":"https:\/\/goldbellvn.ifdemo.com\/","name":"Goldbell","description":"","publisher":{"@id":"https:\/\/goldbellvn.ifdemo.com\/#organization"},"potentialAction":[{"@type":"SearchAction","target":{"@type":"EntryPoint","urlTemplate":"https:\/\/goldbellvn.ifdemo.com\/?s={search_term_string}"},"query-input":{"@type":"PropertyValueSpecification","valueRequired":true,"valueName":"search_term_string"}}],"inLanguage":"vi"},{"@type":"Organization","@id":"https:\/\/goldbellvn.ifdemo.com\/#organization","name":"Goldbell","url":"https:\/\/goldbellvn.ifdemo.com\/","logo":{"@type":"ImageObject","inLanguage":"vi","@id":"https:\/\/goldbellvn.ifdemo.com\/#\/schema\/logo\/image\/","url":"https:\/\/goldbellvn.ifdemo.com\/wp-content\/uploads\/2025\/09\/logo.svg","contentUrl":"https:\/\/goldbellvn.ifdemo.com\/wp-content\/uploads\/2025\/09\/logo.svg","width":18,"height":23,"caption":"Goldbell"},"image":{"@id":"https:\/\/goldbellvn.ifdemo.com\/#\/schema\/logo\/image\/"}}]}},"_links":{"self":[{"href":"https:\/\/goldbellvn.ifdemo.com\/vi\/wp-json\/wp\/v2\/product\/3000","targetHints":{"allow":["GET"]}}],"collection":[{"href":"https:\/\/goldbellvn.ifdemo.com\/vi\/wp-json\/wp\/v2\/product"}],"about":[{"href":"https:\/\/goldbellvn.ifdemo.com\/vi\/wp-json\/wp\/v2\/types\/product"}],"wp:featuredmedia":[{"embeddable":true,"href":"https:\/\/goldbellvn.ifdemo.com\/vi\/wp-json\/wp\/v2\/media\/3001"}],"wp:attachment":[{"href":"https:\/\/goldbellvn.ifdemo.com\/vi\/wp-json\/wp\/v2\/media?parent=3000"}],"wp:term":[{"taxonomy":"model-type","embeddable":true,"href":"https:\/\/goldbellvn.ifdemo.com\/vi\/wp-json\/wp\/v2\/model-type?post=3000"},{"taxonomy":"product_brand","embeddable":true,"href":"https:\/\/goldbellvn.ifdemo.com\/vi\/wp-json\/wp\/v2\/product_brand?post=3000"},{"taxonomy":"product_cat","embeddable":true,"href":"https:\/\/goldbellvn.ifdemo.com\/vi\/wp-json\/wp\/v2\/product_cat?post=3000"},{"taxonomy":"product_tag","embeddable":true,"href":"https:\/\/goldbellvn.ifdemo.com\/vi\/wp-json\/wp\/v2\/product_tag?post=3000"}],"curies":[{"name":"wp","href":"https:\/\/api.w.org\/{rel}","templated":true}]}}