{"id":3002,"date":"2026-03-21T10:41:42","date_gmt":"2026-03-21T03:41:42","guid":{"rendered":"https:\/\/goldbell.123websitedev.com\/?post_type=product&#038;p=3002"},"modified":"2026-03-24T23:24:24","modified_gmt":"2026-03-24T16:24:24","slug":"xvs16-20-pwb-c","status":"publish","type":"product","link":"https:\/\/goldbellvn.ifdemo.com\/vi\/san-pham\/xvs16-20-pwb-c\/","title":{"rendered":"XVS16\/20-PWB-C"},"content":{"rendered":"<p>Xe n\u00e2ng \u0111i\u1ec7n d\u1eaft l\u00e1i XCMG XVS16\/20-PWB-C l\u00e0 d\u00f2ng xe n\u00e2ng d\u1eaft l\u00e1i 4 \u0111i\u1ec3m t\u1ef1a, \u0111\u01b0\u1ee3c thi\u1ebft k\u1ebf cho kho si\u00eau th\u1ecb, c\u00f4ng vi\u1ec7c \u1edf m\u1eb7t s\u00e0n v\u00e0 c\u00e1c ho\u1ea1t \u0111\u1ed9ng x\u1eed l\u00fd h\u00e0ng h\u00f3a qu\u00e3ng ng\u1eafn \u0111\u1ebfn trung b\u00ecnh.\n\n\u0110\u01b0\u1ee3c s\u1ea3n xu\u1ea5t b\u1edfi XCMG Special Construction Machinery Co., Ltd., m\u1eabu xe n\u00e0y k\u1ebft h\u1ee3p khung g\u1ea7m nh\u1ecf g\u1ecdn, kh\u1ea3 n\u0103ng c\u01a1 \u0111\u1ed9ng cao c\u00f9ng thi\u1ebft k\u1ebf tay c\u1ea7m d\u00e0i c\u00f4ng th\u00e1i h\u1ecdc v\u00e0 c\u01a1 ch\u1ebf th\u00e1o pin b\u00ean h\u00f4ng, mang l\u1ea1i gi\u1ea3i ph\u00e1p an to\u00e0n, kinh t\u1ebf v\u00e0 d\u1ec5 b\u1ea3o tr\u00ec cho c\u00e1c ho\u1ea1t \u0111\u1ed9ng x\u1ebfp d\u1ee1 h\u00e0ng ng\u00e0y.<\/p>\n<p>T\u00cdNH N\u0102NG N\u1ed4I B\u1eacT<\/p>\n<p>K\u1ebft c\u1ea5u 4 \u0111i\u1ec3m t\u1ef1a \u1ed5n \u0111\u1ecbnh - Thi\u1ebft k\u1ebf khung 4 fulcrum gi\u00fap xe v\u1eadn h\u00e0nh \u1ed5n \u0111\u1ecbnh v\u00e0 an to\u00e0n khi n\u00e2ng v\u00e0 di chuy\u1ec3n, k\u1ec3 c\u1ea3 tr\u00ean n\u1ec1n kho kh\u00f4ng b\u1eb1ng ph\u1eb3ng.<\/p>\n<p>B\u00e1n k\u00ednh quay nh\u1ecf (1.490 mm) - Ho\u1ea1t \u0111\u1ed9ng linh ho\u1ea1t trong l\u1ed1i \u0111i h\u1eb9p ch\u1ec9 t\u1eeb 2.375 mm, t\u1ed1i \u01b0u m\u1eadt \u0111\u1ed9 l\u01b0u tr\u1eef trong kho.<\/p>\n<p>Thi\u1ebft k\u1ebf ch\u1ed1ng \u0111\u00e8 ch\u00e2n - T\u1ea5m \u1ed1p sau d\u1ea1ng d\u1eadp cong l\u1edbn gi\u00fap b\u1ea3o v\u1ec7 ch\u00e2n ng\u01b0\u1eddi v\u1eadn h\u00e0nh, t\u0103ng kh\u1ea3 n\u0103ng ch\u1ed1ng va \u0111\u1eadp v\u00e0 t\u00ednh th\u1ea9m m\u1ef9.<\/p>\n<p>Thi\u1ebft k\u1ebf tay c\u1ea7m d\u00e0i c\u00f4ng th\u00e1i h\u1ecdc - Tay \u0111i\u1ec1u khi\u1ec3n d\u00e0i gi\u00fap ng\u01b0\u1eddi v\u1eadn h\u00e0nh gi\u1eef kho\u1ea3ng c\u00e1ch an to\u00e0n v\u1edbi th\u00e2n xe, gi\u1ea3m l\u1ef1c thao t\u00e1c v\u00e0 h\u1ea1n ch\u1ebf m\u1ec7t m\u1ecfi.<\/p>\n<p>Th\u00e1o pin b\u00ean h\u00f4ng ti\u1ec7n l\u1ee3i - Thi\u1ebft k\u1ebf pin k\u00e9o ngang k\u1ebft h\u1ee3p b\u1ed9 s\u1ea1c thu\u1eadn ti\u1ec7n, h\u1ed7 tr\u1ee3 thay pin nhanh cho v\u1eadn h\u00e0nh nhi\u1ec1u ca.<\/p>\n<p>H\u1ec7 th\u1ed1ng \u0111i\u1ec1u khi\u1ec3n \u0111i\u1ec7n nh\u1eadp kh\u1ea9u - N\u1eafp che b\u1ed9 \u0111i\u1ec1u khi\u1ec3n \u0111i\u1ec7n d\u1ec5 th\u00e1o l\u1eafp, thu\u1eadn ti\u1ec7n cho b\u1ea3o tr\u00ec v\u00e0 s\u1eeda ch\u1eefa.<\/p>\n<p>Nhi\u1ec1u c\u1ea5u h\u00ecnh c\u1ed9t n\u00e2ng - T\u00f9y ch\u1ecdn c\u1ed9t n\u00e2ng 1 c\u1ea5p, 2 c\u1ea5p (1 xi lanh \/ 2 xi lanh), 3 c\u1ea5p v\u00e0 3 c\u1ea5p full-free, chi\u1ec1u cao n\u00e2ng t\u1eeb 1.600 mm \u0111\u1ebfn 5.500 mm.<\/p>\n<p>\u1ee8NG D\u1ee4NG<\/p>\n<p>Kho si\u00eau th\u1ecb v\u00e0 b\u1ed5 sung h\u00e0ng h\u00f3a, x\u1ebfp d\u1ee1 t\u1ea1i s\u00e0n kho, trung t\u00e2m ph\u00e2n ph\u1ed1i b\u00e1n l\u1ebb, nh\u00e0 m\u00e1y s\u1ea3n xu\u1ea5t nh\u1eb9, v\u1eadn chuy\u1ec3n pallet qu\u00e3ng ng\u1eafn \u0111\u1ebfn trung b\u00ecnh, v\u00e0 c\u00e1c \u1ee9ng d\u1ee5ng c\u1ea7n gi\u1ea3i ph\u00e1p x\u1ebfp d\u1ee1 nh\u1ecf g\u1ecdn, kinh t\u1ebf.<\/p>\n<p>C\u00f3 2 m\u1ee9c t\u1ea3i tr\u1ecdng: 1,6 t\u1ea5n (XVS16-PWB-C) \/ 2,0 t\u1ea5n (XVS20-PWB-C)<\/p>","protected":false},"excerpt":{"rendered":"<p>The XCMG XVS16\/20-PWB-C Walkie Electric Pallet Stacker is a four-fulcrum walkie stacker designed for supermarket storage, floor-level work, and short-to-medium distance handling operations. Built by XCMG Special Construction Machinery Co., Ltd., this model combines a compact and maneuverable chassis with a long-handle ergonomic design and side-pull battery access, making it a safe, economical, and easy-to-maintain [&hellip;]<\/p>","protected":false},"featured_media":3003,"template":"","meta":{"_acf_changed":false,"inline_featured_image":false},"model-type":[55],"product_brand":[79],"product_cat":[58],"product_tag":[],"class_list":{"0":"post-3002","1":"product","2":"type-product","3":"status-publish","4":"has-post-thumbnail","6":"model-type-stackers","7":"product_brand-xcmg","8":"product_cat-stackers","10":"first","11":"instock","12":"shipping-taxable","13":"product-type-simple"},"acf":[],"yoast_head":"<!-- This site is optimized with the Yoast SEO Premium plugin v25.6 (Yoast SEO v25.6) - https:\/\/yoast.com\/wordpress\/plugins\/seo\/ -->\n<title>XVS16\/20-PWB-C - Goldbell<\/title>\n<meta name=\"robots\" content=\"noindex, follow, max-snippet:-1, max-image-preview:large, max-video-preview:-1\" \/>\n<meta property=\"og:locale\" content=\"vi_VN\" \/>\n<meta property=\"og:type\" content=\"article\" \/>\n<meta property=\"og:title\" content=\"XVS16\/20-PWB-C\" \/>\n<meta property=\"og:description\" content=\"The XCMG XVS16\/20-PWB-C Walkie Electric Pallet Stacker is a four-fulcrum walkie stacker designed for supermarket storage, floor-level work, and short-to-medium distance handling operations. Built by XCMG Special Construction Machinery Co., Ltd., this model combines a compact and maneuverable chassis with a long-handle ergonomic design and side-pull battery access, making it a safe, economical, and easy-to-maintain [&hellip;]\" \/>\n<meta property=\"og:url\" content=\"https:\/\/goldbellvn.ifdemo.com\/vi\/san-pham\/xvs16-20-pwb-c\/\" \/>\n<meta property=\"og:site_name\" content=\"Goldbell\" \/>\n<meta property=\"article:modified_time\" content=\"2026-03-24T16:24:24+00:00\" \/>\n<meta property=\"og:image\" content=\"https:\/\/goldbellvn.ifdemo.com\/wp-content\/uploads\/2026\/03\/d79d2f7e0e8e41d4bc618619c79476a9.png\" \/>\n\t<meta property=\"og:image:width\" content=\"1465\" \/>\n\t<meta property=\"og:image:height\" content=\"1691\" \/>\n\t<meta property=\"og:image:type\" content=\"image\/png\" \/>\n<meta name=\"twitter:card\" content=\"summary_large_image\" \/>\n<meta name=\"twitter:label1\" content=\"\u01af\u1edbc t\u00ednh th\u1eddi gian \u0111\u1ecdc\" \/>\n\t<meta name=\"twitter:data1\" content=\"2 ph\u00fat\" \/>\n<script type=\"application\/ld+json\" class=\"yoast-schema-graph\">{\"@context\":\"https:\/\/schema.org\",\"@graph\":[{\"@type\":\"WebPage\",\"@id\":\"https:\/\/goldbellvn.ifdemo.com\/product\/xvs16-20-pwb-c\/\",\"url\":\"https:\/\/goldbellvn.ifdemo.com\/product\/xvs16-20-pwb-c\/\",\"name\":\"XVS16\/20-PWB-C - Goldbell\",\"isPartOf\":{\"@id\":\"https:\/\/goldbellvn.ifdemo.com\/#website\"},\"primaryImageOfPage\":{\"@id\":\"https:\/\/goldbellvn.ifdemo.com\/product\/xvs16-20-pwb-c\/#primaryimage\"},\"image\":{\"@id\":\"https:\/\/goldbellvn.ifdemo.com\/product\/xvs16-20-pwb-c\/#primaryimage\"},\"thumbnailUrl\":\"https:\/\/goldbellvn.ifdemo.com\/wp-content\/uploads\/2026\/03\/d79d2f7e0e8e41d4bc618619c79476a9.png\",\"datePublished\":\"2026-03-21T03:41:42+00:00\",\"dateModified\":\"2026-03-24T16:24:24+00:00\",\"breadcrumb\":{\"@id\":\"https:\/\/goldbellvn.ifdemo.com\/product\/xvs16-20-pwb-c\/#breadcrumb\"},\"inLanguage\":\"vi\",\"potentialAction\":[{\"@type\":\"ReadAction\",\"target\":[\"https:\/\/goldbellvn.ifdemo.com\/product\/xvs16-20-pwb-c\/\"]}]},{\"@type\":\"ImageObject\",\"inLanguage\":\"vi\",\"@id\":\"https:\/\/goldbellvn.ifdemo.com\/product\/xvs16-20-pwb-c\/#primaryimage\",\"url\":\"https:\/\/goldbellvn.ifdemo.com\/wp-content\/uploads\/2026\/03\/d79d2f7e0e8e41d4bc618619c79476a9.png\",\"contentUrl\":\"https:\/\/goldbellvn.ifdemo.com\/wp-content\/uploads\/2026\/03\/d79d2f7e0e8e41d4bc618619c79476a9.png\",\"width\":1465,\"height\":1691},{\"@type\":\"BreadcrumbList\",\"@id\":\"https:\/\/goldbellvn.ifdemo.com\/product\/xvs16-20-pwb-c\/#breadcrumb\",\"itemListElement\":[{\"@type\":\"ListItem\",\"position\":1,\"name\":\"Home\",\"item\":\"https:\/\/goldbellvn.ifdemo.com\/\"},{\"@type\":\"ListItem\",\"position\":2,\"name\":\"Products\",\"item\":\"https:\/\/goldbellvn.ifdemo.com\/shop\/\"},{\"@type\":\"ListItem\",\"position\":3,\"name\":\"XVS16\/20-PWB-C\"}]},{\"@type\":\"WebSite\",\"@id\":\"https:\/\/goldbellvn.ifdemo.com\/#website\",\"url\":\"https:\/\/goldbellvn.ifdemo.com\/\",\"name\":\"Goldbell\",\"description\":\"\",\"publisher\":{\"@id\":\"https:\/\/goldbellvn.ifdemo.com\/#organization\"},\"potentialAction\":[{\"@type\":\"SearchAction\",\"target\":{\"@type\":\"EntryPoint\",\"urlTemplate\":\"https:\/\/goldbellvn.ifdemo.com\/?s={search_term_string}\"},\"query-input\":{\"@type\":\"PropertyValueSpecification\",\"valueRequired\":true,\"valueName\":\"search_term_string\"}}],\"inLanguage\":\"vi\"},{\"@type\":\"Organization\",\"@id\":\"https:\/\/goldbellvn.ifdemo.com\/#organization\",\"name\":\"Goldbell\",\"url\":\"https:\/\/goldbellvn.ifdemo.com\/\",\"logo\":{\"@type\":\"ImageObject\",\"inLanguage\":\"vi\",\"@id\":\"https:\/\/goldbellvn.ifdemo.com\/#\/schema\/logo\/image\/\",\"url\":\"https:\/\/goldbellvn.ifdemo.com\/wp-content\/uploads\/2025\/09\/logo.svg\",\"contentUrl\":\"https:\/\/goldbellvn.ifdemo.com\/wp-content\/uploads\/2025\/09\/logo.svg\",\"width\":18,\"height\":23,\"caption\":\"Goldbell\"},\"image\":{\"@id\":\"https:\/\/goldbellvn.ifdemo.com\/#\/schema\/logo\/image\/\"}}]}<\/script>\n<!-- \/ Yoast SEO Premium plugin. -->","yoast_head_json":{"title":"XVS16\/20-PWB-C - Goldbell","robots":{"index":"noindex","follow":"follow","max-snippet":"max-snippet:-1","max-image-preview":"max-image-preview:large","max-video-preview":"max-video-preview:-1"},"og_locale":"vi_VN","og_type":"article","og_title":"XVS16\/20-PWB-C","og_description":"The XCMG XVS16\/20-PWB-C Walkie Electric Pallet Stacker is a four-fulcrum walkie stacker designed for supermarket storage, floor-level work, and short-to-medium distance handling operations. Built by XCMG Special Construction Machinery Co., Ltd., this model combines a compact and maneuverable chassis with a long-handle ergonomic design and side-pull battery access, making it a safe, economical, and easy-to-maintain [&hellip;]","og_url":"https:\/\/goldbellvn.ifdemo.com\/vi\/san-pham\/xvs16-20-pwb-c\/","og_site_name":"Goldbell","article_modified_time":"2026-03-24T16:24:24+00:00","og_image":[{"width":1465,"height":1691,"url":"https:\/\/goldbellvn.ifdemo.com\/wp-content\/uploads\/2026\/03\/d79d2f7e0e8e41d4bc618619c79476a9.png","type":"image\/png"}],"twitter_card":"summary_large_image","twitter_misc":{"\u01af\u1edbc t\u00ednh th\u1eddi gian \u0111\u1ecdc":"2 ph\u00fat"},"schema":{"@context":"https:\/\/schema.org","@graph":[{"@type":"WebPage","@id":"https:\/\/goldbellvn.ifdemo.com\/product\/xvs16-20-pwb-c\/","url":"https:\/\/goldbellvn.ifdemo.com\/product\/xvs16-20-pwb-c\/","name":"XVS16\/20-PWB-C - Goldbell","isPartOf":{"@id":"https:\/\/goldbellvn.ifdemo.com\/#website"},"primaryImageOfPage":{"@id":"https:\/\/goldbellvn.ifdemo.com\/product\/xvs16-20-pwb-c\/#primaryimage"},"image":{"@id":"https:\/\/goldbellvn.ifdemo.com\/product\/xvs16-20-pwb-c\/#primaryimage"},"thumbnailUrl":"https:\/\/goldbellvn.ifdemo.com\/wp-content\/uploads\/2026\/03\/d79d2f7e0e8e41d4bc618619c79476a9.png","datePublished":"2026-03-21T03:41:42+00:00","dateModified":"2026-03-24T16:24:24+00:00","breadcrumb":{"@id":"https:\/\/goldbellvn.ifdemo.com\/product\/xvs16-20-pwb-c\/#breadcrumb"},"inLanguage":"vi","potentialAction":[{"@type":"ReadAction","target":["https:\/\/goldbellvn.ifdemo.com\/product\/xvs16-20-pwb-c\/"]}]},{"@type":"ImageObject","inLanguage":"vi","@id":"https:\/\/goldbellvn.ifdemo.com\/product\/xvs16-20-pwb-c\/#primaryimage","url":"https:\/\/goldbellvn.ifdemo.com\/wp-content\/uploads\/2026\/03\/d79d2f7e0e8e41d4bc618619c79476a9.png","contentUrl":"https:\/\/goldbellvn.ifdemo.com\/wp-content\/uploads\/2026\/03\/d79d2f7e0e8e41d4bc618619c79476a9.png","width":1465,"height":1691},{"@type":"BreadcrumbList","@id":"https:\/\/goldbellvn.ifdemo.com\/product\/xvs16-20-pwb-c\/#breadcrumb","itemListElement":[{"@type":"ListItem","position":1,"name":"Home","item":"https:\/\/goldbellvn.ifdemo.com\/"},{"@type":"ListItem","position":2,"name":"Products","item":"https:\/\/goldbellvn.ifdemo.com\/shop\/"},{"@type":"ListItem","position":3,"name":"XVS16\/20-PWB-C"}]},{"@type":"WebSite","@id":"https:\/\/goldbellvn.ifdemo.com\/#website","url":"https:\/\/goldbellvn.ifdemo.com\/","name":"Goldbell","description":"","publisher":{"@id":"https:\/\/goldbellvn.ifdemo.com\/#organization"},"potentialAction":[{"@type":"SearchAction","target":{"@type":"EntryPoint","urlTemplate":"https:\/\/goldbellvn.ifdemo.com\/?s={search_term_string}"},"query-input":{"@type":"PropertyValueSpecification","valueRequired":true,"valueName":"search_term_string"}}],"inLanguage":"vi"},{"@type":"Organization","@id":"https:\/\/goldbellvn.ifdemo.com\/#organization","name":"Goldbell","url":"https:\/\/goldbellvn.ifdemo.com\/","logo":{"@type":"ImageObject","inLanguage":"vi","@id":"https:\/\/goldbellvn.ifdemo.com\/#\/schema\/logo\/image\/","url":"https:\/\/goldbellvn.ifdemo.com\/wp-content\/uploads\/2025\/09\/logo.svg","contentUrl":"https:\/\/goldbellvn.ifdemo.com\/wp-content\/uploads\/2025\/09\/logo.svg","width":18,"height":23,"caption":"Goldbell"},"image":{"@id":"https:\/\/goldbellvn.ifdemo.com\/#\/schema\/logo\/image\/"}}]}},"_links":{"self":[{"href":"https:\/\/goldbellvn.ifdemo.com\/vi\/wp-json\/wp\/v2\/product\/3002","targetHints":{"allow":["GET"]}}],"collection":[{"href":"https:\/\/goldbellvn.ifdemo.com\/vi\/wp-json\/wp\/v2\/product"}],"about":[{"href":"https:\/\/goldbellvn.ifdemo.com\/vi\/wp-json\/wp\/v2\/types\/product"}],"wp:featuredmedia":[{"embeddable":true,"href":"https:\/\/goldbellvn.ifdemo.com\/vi\/wp-json\/wp\/v2\/media\/3003"}],"wp:attachment":[{"href":"https:\/\/goldbellvn.ifdemo.com\/vi\/wp-json\/wp\/v2\/media?parent=3002"}],"wp:term":[{"taxonomy":"model-type","embeddable":true,"href":"https:\/\/goldbellvn.ifdemo.com\/vi\/wp-json\/wp\/v2\/model-type?post=3002"},{"taxonomy":"product_brand","embeddable":true,"href":"https:\/\/goldbellvn.ifdemo.com\/vi\/wp-json\/wp\/v2\/product_brand?post=3002"},{"taxonomy":"product_cat","embeddable":true,"href":"https:\/\/goldbellvn.ifdemo.com\/vi\/wp-json\/wp\/v2\/product_cat?post=3002"},{"taxonomy":"product_tag","embeddable":true,"href":"https:\/\/goldbellvn.ifdemo.com\/vi\/wp-json\/wp\/v2\/product_tag?post=3002"}],"curies":[{"name":"wp","href":"https:\/\/api.w.org\/{rel}","templated":true}]}}