{"id":3006,"date":"2026-03-21T10:47:21","date_gmt":"2026-03-21T03:47:21","guid":{"rendered":"https:\/\/goldbell.123websitedev.com\/?post_type=product&#038;p=3006"},"modified":"2026-03-24T23:27:35","modified_gmt":"2026-03-24T16:27:35","slug":"xvc15-pwf-lwf-c","status":"publish","type":"product","link":"https:\/\/goldbellvn.ifdemo.com\/vi\/san-pham\/xvc15-pwf-lwf-c\/","title":{"rendered":"XVC15-PWF\/LWF-C"},"content":{"rendered":"<p>Xe n\u00e2ng tay \u0111i\u1ec7n XCMG XVC15-PWF\/LWF-C l\u00e0 d\u00f2ng xe n\u00e2ng \u0111i\u1ec7n nh\u1ecf g\u1ecdn, \u0111\u00e1ng tin c\u1eady, \u0111\u01b0\u1ee3c thi\u1ebft k\u1ebf \u0111\u1ec3 v\u1eadn chuy\u1ec3n h\u00e0ng h\u00f3a qu\u00e3ng \u0111\u01b0\u1eddng ng\u1eafn \u0111\u1ebfn trung b\u00ecnh trong si\u00eau th\u1ecb, kho b\u00e3i v\u00e0 trung t\u00e2m logistics. S\u1ea3n xu\u1ea5t b\u1edfi C\u00f4ng ty TNHH M\u00e1y m\u00f3c X\u00e2y d\u1ef1ng \u0110\u1eb7c ch\u1ee7ng XCMG, model n\u00e0y \u0111\u01b0\u1ee3c trang b\u1ecb khung xe h\u00e0n t\u1ef1 \u0111\u1ed9ng nh\u1eb1m \u0111\u1ea3m b\u1ea3o ch\u1ea5t l\u01b0\u1ee3ng m\u1ed1i h\u00e0n \u0111\u1ed3ng \u0111\u1ec1u v\u00e0 \u0111\u1ed9 b\u1ec1n cao, tay \u0111i\u1ec1u khi\u1ec3n \u0111a ch\u1ee9c n\u0103ng t\u00edch h\u1ee3p m\u00e0n h\u00ecnh LCD, c\u00f9ng c\u00e1c thi\u1ebft b\u1ecb an to\u00e0n kh\u1ea9n c\u1ea5p ti\u00eau chu\u1ea9n \u2014 mang \u0111\u1ebfn gi\u1ea3i ph\u00e1p v\u1eadn h\u00e0nh pallet an to\u00e0n, hi\u1ec7u qu\u1ea3 v\u00e0 d\u1ec5 b\u1ea3o tr\u00ec trong s\u1eed d\u1ee5ng h\u1eb1ng ng\u00e0y.<\/p>\n<p>T\u00cdNH N\u0102NG N\u1ed4I B\u1eacT<\/p>\n<p>Khung h\u00e0n t\u1ef1 \u0111\u1ed9ng \u2013 To\u00e0n b\u1ed9 khung xe \u0111\u01b0\u1ee3c h\u00e0n t\u1ef1 \u0111\u1ed9ng gi\u00fap m\u1ed1i h\u00e0n \u0111\u1eb9p, \u0111\u1ed3ng \u0111\u1ec1u v\u00e0 c\u00f3 \u0111\u1ed9 b\u1ec1n k\u1ebft c\u1ea5u cao h\u01a1n so v\u1edbi h\u00e0n th\u1ee7 c\u00f4ng, \u0111\u1ea3m b\u1ea3o \u0111\u1ed9 b\u1ec1n l\u00e2u d\u00e0i.<\/p>\n<p>Tay \u0111i\u1ec1u khi\u1ec3n \u0111a ch\u1ee9c n\u0103ng \u2013 T\u00edch h\u1ee3p c\u00f4ng t\u1eafc ch\u00eca kh\u00f3a, ch\u1ebf \u0111\u1ed9 \u0111i\u1ec1u khi\u1ec3n \u0111i b\u1ed9 khi \u0111\u1ee9ng c\u1ea1nh xe v\u00e0 m\u00e0n h\u00ecnh LCD (hi\u1ec3n th\u1ecb m\u1ee9c pin, gi\u1edd ho\u1ea1t \u0111\u1ed9ng v\u00e0 m\u00e3 l\u1ed7i) trong m\u1ed9t tay l\u00e1i c\u00f4ng th\u00e1i h\u1ecdc, gi\u00fap v\u1eadn h\u00e0nh d\u1ec5 d\u00e0ng b\u1eb1ng m\u1ed9t tay.<\/p>\n<p>Thi\u1ebft b\u1ecb an to\u00e0n kh\u1ea9n c\u1ea5p ti\u00eau chu\u1ea9n \u2013 Bao g\u1ed3m n\u00fat d\u1eebng kh\u1ea9n c\u1ea5p, phanh \u0111i\u1ec7n t\u1eeb v\u00e0 ch\u1ee9c n\u0103ng \u0111\u1ea3o chi\u1ec1u kh\u1ea9n c\u1ea5p, cung c\u1ea5p nhi\u1ec1u l\u1edbp b\u1ea3o v\u1ec7 cho ng\u01b0\u1eddi v\u1eadn h\u00e0nh.<\/p>\n<p>Pin axit-ch\u00ec ti\u00eau chu\u1ea9n \/ Lithium t\u00f9y ch\u1ecdn \u2013 Pin axit-ch\u00ec dung l\u01b0\u1ee3ng l\u1edbn ti\u00eau chu\u1ea9n cho th\u1eddi gian l\u00e0m vi\u1ec7c d\u00e0i; c\u00f3 th\u1ec3 t\u00f9y ch\u1ecdn pin lithium \u0111\u1ec3 s\u1ea1c nhanh h\u01a1n v\u00e0 gi\u1ea3m tr\u1ecdng l\u01b0\u1ee3ng.<\/p>\n<p>B\u00e1nh xe c\u00e2n b\u1eb1ng t\u00f9y ch\u1ecdn \u2013 C\u00f3 th\u1ec3 l\u1eafp th\u00eam b\u00e1nh xe c\u00e2n b\u1eb1ng \u0111\u1ec3 t\u0103ng \u0111\u1ed9 \u1ed5n \u0111\u1ecbnh khi di chuy\u1ec3n tr\u00ean b\u1ec1 m\u1eb7t kh\u00f4ng b\u1eb1ng ph\u1eb3ng ho\u1eb7c khi ch\u1ea1y t\u1ed1c \u0111\u1ed9 cao.<\/p>\n<p>Hai t\u00f9y ch\u1ecdn \u0111i\u1ec7n \u00e1p:<br \/>\n\u2013 **PWF-C**: 2\u00d712V\/85Ah (h\u1ec7 th\u1ed1ng 24V)<br \/>\n\u2013 **LWF-C**: 24V\/25Ah\u201324V\/30Ah (c\u1ea5u h\u00ecnh nh\u1eb9 h\u01a1n)<\/p>\n<p>\u1ee8NG D\u1ee4NG<\/p>\n<p>B\u1ed5 sung h\u00e0ng trong si\u00eau th\u1ecb, v\u1eadn chuy\u1ec3n pallet trong kho, b\u1ebfn b\u00e3i logistics, trung t\u00e2m ph\u00e2n ph\u1ed1i b\u00e1n l\u1ebb, di chuy\u1ec3n v\u1eadt li\u1ec7u trong nh\u00e0 m\u00e1y s\u1ea3n xu\u1ea5t v\u00e0 c\u00e1c ho\u1ea1t \u0111\u1ed9ng x\u1eed l\u00fd h\u00e0ng h\u00f3a qu\u00e3ng \u0111\u01b0\u1eddng ng\u1eafn \u0111\u1ebfn trung b\u00ecnh.<\/p>\n<p>C\u00f3 2 c\u1ea5u h\u00ecnh: XVC15-PWF-C \/ XVC15-LWF-C<\/p>","protected":false},"excerpt":{"rendered":"<p>The XCMG XVC15-PWF\/LWF-C Walkie Electric Pallet Truck is a compact, reliable electric pallet mover designed for short-to-medium distance transport in supermarkets, warehouses, and logistics centers. Manufactured by XCMG Special Construction Machinery Co., Ltd., this model features an automatically welded frame for superior weld quality and strength, a multi-function handle with integrated LCD display, and standard [&hellip;]<\/p>","protected":false},"featured_media":3008,"template":"","meta":{"_acf_changed":false,"inline_featured_image":false},"model-type":[54],"product_brand":[79],"product_cat":[26],"product_tag":[],"class_list":{"0":"post-3006","1":"product","2":"type-product","3":"status-publish","4":"has-post-thumbnail","6":"model-type-pallet-truck","7":"product_brand-xcmg","8":"product_cat-pallet-trucks","10":"first","11":"instock","12":"shipping-taxable","13":"product-type-simple"},"acf":[],"yoast_head":"<!-- This site is optimized with the Yoast SEO Premium plugin v25.6 (Yoast SEO v25.6) - https:\/\/yoast.com\/wordpress\/plugins\/seo\/ -->\n<title>XVC15-PWF\/LWF-C - Goldbell<\/title>\n<meta name=\"robots\" content=\"noindex, follow, max-snippet:-1, max-image-preview:large, max-video-preview:-1\" \/>\n<meta property=\"og:locale\" content=\"vi_VN\" \/>\n<meta property=\"og:type\" content=\"article\" \/>\n<meta property=\"og:title\" content=\"XVC15-PWF\/LWF-C\" \/>\n<meta property=\"og:description\" content=\"The XCMG XVC15-PWF\/LWF-C Walkie Electric Pallet Truck is a compact, reliable electric pallet mover designed for short-to-medium distance transport in supermarkets, warehouses, and logistics centers. Manufactured by XCMG Special Construction Machinery Co., Ltd., this model features an automatically welded frame for superior weld quality and strength, a multi-function handle with integrated LCD display, and standard [&hellip;]\" \/>\n<meta property=\"og:url\" content=\"https:\/\/goldbellvn.ifdemo.com\/vi\/san-pham\/xvc15-pwf-lwf-c\/\" \/>\n<meta property=\"og:site_name\" content=\"Goldbell\" \/>\n<meta property=\"article:modified_time\" content=\"2026-03-24T16:27:35+00:00\" \/>\n<meta property=\"og:image\" content=\"https:\/\/goldbellvn.ifdemo.com\/wp-content\/uploads\/2026\/03\/15aa22dd325e4afa91d7b99a1a0e3714.png\" \/>\n\t<meta property=\"og:image:width\" content=\"902\" \/>\n\t<meta property=\"og:image:height\" content=\"902\" \/>\n\t<meta property=\"og:image:type\" content=\"image\/png\" \/>\n<meta name=\"twitter:card\" content=\"summary_large_image\" \/>\n<meta name=\"twitter:label1\" content=\"\u01af\u1edbc t\u00ednh th\u1eddi gian \u0111\u1ecdc\" \/>\n\t<meta name=\"twitter:data1\" content=\"2 ph\u00fat\" \/>\n<script type=\"application\/ld+json\" class=\"yoast-schema-graph\">{\"@context\":\"https:\/\/schema.org\",\"@graph\":[{\"@type\":\"WebPage\",\"@id\":\"https:\/\/goldbellvn.ifdemo.com\/product\/xvc15-pwf-lwf-c\/\",\"url\":\"https:\/\/goldbellvn.ifdemo.com\/product\/xvc15-pwf-lwf-c\/\",\"name\":\"XVC15-PWF\/LWF-C - Goldbell\",\"isPartOf\":{\"@id\":\"https:\/\/goldbellvn.ifdemo.com\/#website\"},\"primaryImageOfPage\":{\"@id\":\"https:\/\/goldbellvn.ifdemo.com\/product\/xvc15-pwf-lwf-c\/#primaryimage\"},\"image\":{\"@id\":\"https:\/\/goldbellvn.ifdemo.com\/product\/xvc15-pwf-lwf-c\/#primaryimage\"},\"thumbnailUrl\":\"https:\/\/goldbellvn.ifdemo.com\/wp-content\/uploads\/2026\/03\/15aa22dd325e4afa91d7b99a1a0e3714.png\",\"datePublished\":\"2026-03-21T03:47:21+00:00\",\"dateModified\":\"2026-03-24T16:27:35+00:00\",\"breadcrumb\":{\"@id\":\"https:\/\/goldbellvn.ifdemo.com\/product\/xvc15-pwf-lwf-c\/#breadcrumb\"},\"inLanguage\":\"vi\",\"potentialAction\":[{\"@type\":\"ReadAction\",\"target\":[\"https:\/\/goldbellvn.ifdemo.com\/product\/xvc15-pwf-lwf-c\/\"]}]},{\"@type\":\"ImageObject\",\"inLanguage\":\"vi\",\"@id\":\"https:\/\/goldbellvn.ifdemo.com\/product\/xvc15-pwf-lwf-c\/#primaryimage\",\"url\":\"https:\/\/goldbellvn.ifdemo.com\/wp-content\/uploads\/2026\/03\/15aa22dd325e4afa91d7b99a1a0e3714.png\",\"contentUrl\":\"https:\/\/goldbellvn.ifdemo.com\/wp-content\/uploads\/2026\/03\/15aa22dd325e4afa91d7b99a1a0e3714.png\",\"width\":902,\"height\":902},{\"@type\":\"BreadcrumbList\",\"@id\":\"https:\/\/goldbellvn.ifdemo.com\/product\/xvc15-pwf-lwf-c\/#breadcrumb\",\"itemListElement\":[{\"@type\":\"ListItem\",\"position\":1,\"name\":\"Home\",\"item\":\"https:\/\/goldbellvn.ifdemo.com\/\"},{\"@type\":\"ListItem\",\"position\":2,\"name\":\"Products\",\"item\":\"https:\/\/goldbellvn.ifdemo.com\/shop\/\"},{\"@type\":\"ListItem\",\"position\":3,\"name\":\"XVC15-PWF\/LWF-C\"}]},{\"@type\":\"WebSite\",\"@id\":\"https:\/\/goldbellvn.ifdemo.com\/#website\",\"url\":\"https:\/\/goldbellvn.ifdemo.com\/\",\"name\":\"Goldbell\",\"description\":\"\",\"publisher\":{\"@id\":\"https:\/\/goldbellvn.ifdemo.com\/#organization\"},\"potentialAction\":[{\"@type\":\"SearchAction\",\"target\":{\"@type\":\"EntryPoint\",\"urlTemplate\":\"https:\/\/goldbellvn.ifdemo.com\/?s={search_term_string}\"},\"query-input\":{\"@type\":\"PropertyValueSpecification\",\"valueRequired\":true,\"valueName\":\"search_term_string\"}}],\"inLanguage\":\"vi\"},{\"@type\":\"Organization\",\"@id\":\"https:\/\/goldbellvn.ifdemo.com\/#organization\",\"name\":\"Goldbell\",\"url\":\"https:\/\/goldbellvn.ifdemo.com\/\",\"logo\":{\"@type\":\"ImageObject\",\"inLanguage\":\"vi\",\"@id\":\"https:\/\/goldbellvn.ifdemo.com\/#\/schema\/logo\/image\/\",\"url\":\"https:\/\/goldbellvn.ifdemo.com\/wp-content\/uploads\/2025\/09\/logo.svg\",\"contentUrl\":\"https:\/\/goldbellvn.ifdemo.com\/wp-content\/uploads\/2025\/09\/logo.svg\",\"width\":18,\"height\":23,\"caption\":\"Goldbell\"},\"image\":{\"@id\":\"https:\/\/goldbellvn.ifdemo.com\/#\/schema\/logo\/image\/\"}}]}<\/script>\n<!-- \/ Yoast SEO Premium plugin. -->","yoast_head_json":{"title":"XVC15-PWF\/LWF-C - Goldbell","robots":{"index":"noindex","follow":"follow","max-snippet":"max-snippet:-1","max-image-preview":"max-image-preview:large","max-video-preview":"max-video-preview:-1"},"og_locale":"vi_VN","og_type":"article","og_title":"XVC15-PWF\/LWF-C","og_description":"The XCMG XVC15-PWF\/LWF-C Walkie Electric Pallet Truck is a compact, reliable electric pallet mover designed for short-to-medium distance transport in supermarkets, warehouses, and logistics centers. Manufactured by XCMG Special Construction Machinery Co., Ltd., this model features an automatically welded frame for superior weld quality and strength, a multi-function handle with integrated LCD display, and standard [&hellip;]","og_url":"https:\/\/goldbellvn.ifdemo.com\/vi\/san-pham\/xvc15-pwf-lwf-c\/","og_site_name":"Goldbell","article_modified_time":"2026-03-24T16:27:35+00:00","og_image":[{"width":902,"height":902,"url":"https:\/\/goldbellvn.ifdemo.com\/wp-content\/uploads\/2026\/03\/15aa22dd325e4afa91d7b99a1a0e3714.png","type":"image\/png"}],"twitter_card":"summary_large_image","twitter_misc":{"\u01af\u1edbc t\u00ednh th\u1eddi gian \u0111\u1ecdc":"2 ph\u00fat"},"schema":{"@context":"https:\/\/schema.org","@graph":[{"@type":"WebPage","@id":"https:\/\/goldbellvn.ifdemo.com\/product\/xvc15-pwf-lwf-c\/","url":"https:\/\/goldbellvn.ifdemo.com\/product\/xvc15-pwf-lwf-c\/","name":"XVC15-PWF\/LWF-C - Goldbell","isPartOf":{"@id":"https:\/\/goldbellvn.ifdemo.com\/#website"},"primaryImageOfPage":{"@id":"https:\/\/goldbellvn.ifdemo.com\/product\/xvc15-pwf-lwf-c\/#primaryimage"},"image":{"@id":"https:\/\/goldbellvn.ifdemo.com\/product\/xvc15-pwf-lwf-c\/#primaryimage"},"thumbnailUrl":"https:\/\/goldbellvn.ifdemo.com\/wp-content\/uploads\/2026\/03\/15aa22dd325e4afa91d7b99a1a0e3714.png","datePublished":"2026-03-21T03:47:21+00:00","dateModified":"2026-03-24T16:27:35+00:00","breadcrumb":{"@id":"https:\/\/goldbellvn.ifdemo.com\/product\/xvc15-pwf-lwf-c\/#breadcrumb"},"inLanguage":"vi","potentialAction":[{"@type":"ReadAction","target":["https:\/\/goldbellvn.ifdemo.com\/product\/xvc15-pwf-lwf-c\/"]}]},{"@type":"ImageObject","inLanguage":"vi","@id":"https:\/\/goldbellvn.ifdemo.com\/product\/xvc15-pwf-lwf-c\/#primaryimage","url":"https:\/\/goldbellvn.ifdemo.com\/wp-content\/uploads\/2026\/03\/15aa22dd325e4afa91d7b99a1a0e3714.png","contentUrl":"https:\/\/goldbellvn.ifdemo.com\/wp-content\/uploads\/2026\/03\/15aa22dd325e4afa91d7b99a1a0e3714.png","width":902,"height":902},{"@type":"BreadcrumbList","@id":"https:\/\/goldbellvn.ifdemo.com\/product\/xvc15-pwf-lwf-c\/#breadcrumb","itemListElement":[{"@type":"ListItem","position":1,"name":"Home","item":"https:\/\/goldbellvn.ifdemo.com\/"},{"@type":"ListItem","position":2,"name":"Products","item":"https:\/\/goldbellvn.ifdemo.com\/shop\/"},{"@type":"ListItem","position":3,"name":"XVC15-PWF\/LWF-C"}]},{"@type":"WebSite","@id":"https:\/\/goldbellvn.ifdemo.com\/#website","url":"https:\/\/goldbellvn.ifdemo.com\/","name":"Goldbell","description":"","publisher":{"@id":"https:\/\/goldbellvn.ifdemo.com\/#organization"},"potentialAction":[{"@type":"SearchAction","target":{"@type":"EntryPoint","urlTemplate":"https:\/\/goldbellvn.ifdemo.com\/?s={search_term_string}"},"query-input":{"@type":"PropertyValueSpecification","valueRequired":true,"valueName":"search_term_string"}}],"inLanguage":"vi"},{"@type":"Organization","@id":"https:\/\/goldbellvn.ifdemo.com\/#organization","name":"Goldbell","url":"https:\/\/goldbellvn.ifdemo.com\/","logo":{"@type":"ImageObject","inLanguage":"vi","@id":"https:\/\/goldbellvn.ifdemo.com\/#\/schema\/logo\/image\/","url":"https:\/\/goldbellvn.ifdemo.com\/wp-content\/uploads\/2025\/09\/logo.svg","contentUrl":"https:\/\/goldbellvn.ifdemo.com\/wp-content\/uploads\/2025\/09\/logo.svg","width":18,"height":23,"caption":"Goldbell"},"image":{"@id":"https:\/\/goldbellvn.ifdemo.com\/#\/schema\/logo\/image\/"}}]}},"_links":{"self":[{"href":"https:\/\/goldbellvn.ifdemo.com\/vi\/wp-json\/wp\/v2\/product\/3006","targetHints":{"allow":["GET"]}}],"collection":[{"href":"https:\/\/goldbellvn.ifdemo.com\/vi\/wp-json\/wp\/v2\/product"}],"about":[{"href":"https:\/\/goldbellvn.ifdemo.com\/vi\/wp-json\/wp\/v2\/types\/product"}],"wp:featuredmedia":[{"embeddable":true,"href":"https:\/\/goldbellvn.ifdemo.com\/vi\/wp-json\/wp\/v2\/media\/3008"}],"wp:attachment":[{"href":"https:\/\/goldbellvn.ifdemo.com\/vi\/wp-json\/wp\/v2\/media?parent=3006"}],"wp:term":[{"taxonomy":"model-type","embeddable":true,"href":"https:\/\/goldbellvn.ifdemo.com\/vi\/wp-json\/wp\/v2\/model-type?post=3006"},{"taxonomy":"product_brand","embeddable":true,"href":"https:\/\/goldbellvn.ifdemo.com\/vi\/wp-json\/wp\/v2\/product_brand?post=3006"},{"taxonomy":"product_cat","embeddable":true,"href":"https:\/\/goldbellvn.ifdemo.com\/vi\/wp-json\/wp\/v2\/product_cat?post=3006"},{"taxonomy":"product_tag","embeddable":true,"href":"https:\/\/goldbellvn.ifdemo.com\/vi\/wp-json\/wp\/v2\/product_tag?post=3006"}],"curies":[{"name":"wp","href":"https:\/\/api.w.org\/{rel}","templated":true}]}}