{"id":3211,"date":"2026-04-01T10:27:36","date_gmt":"2026-04-01T03:27:36","guid":{"rendered":"https:\/\/goldbell.123websitedev.com\/?post_type=product&#038;p=3211"},"modified":"2026-04-02T10:14:06","modified_gmt":"2026-04-02T03:14:06","slug":"rce-15-rce-16-rce-20-rce-16p-rce-20p","status":"publish","type":"product","link":"https:\/\/goldbellvn.ifdemo.com\/vi\/san-pham\/rce-15-rce-16-rce-20-rce-16p-rce-20p\/","title":{"rendered":"RCE 15 \/ RCE 16 \/ RCE 20 \/ RCE 16P \/ RCE 20P"},"content":{"rendered":"<h2 data-section-id=\"1bovg99\" data-start=\"172\" data-end=\"195\"><span role=\"text\"><strong data-start=\"175\" data-end=\"195\">T\u1ed5ng quan s\u1ea3n ph\u1ea9m<\/strong><\/span><\/h2>\n<p data-start=\"197\" data-end=\"542\">D\u00f2ng xe n\u00e2ng \u0111i\u1ec7n STILL RCE 15-20 l\u00e0 gi\u1ea3i ph\u00e1p l\u00fd t\u01b0\u1edfng cho c\u00e1c doanh nghi\u1ec7p c\u1ea7n thi\u1ebft b\u1ecb n\u00e2ng h\u1ea1 nh\u1ecf g\u1ecdn, linh ho\u1ea1t nh\u01b0ng v\u1eabn \u0111\u1ea3m b\u1ea3o hi\u1ec7u su\u1ea5t cao. V\u1edbi thi\u1ebft k\u1ebf hi\u1ec7n \u0111\u1ea1i v\u00e0 c\u00f4ng ngh\u1ec7 pin lithium-ion ti\u00ean ti\u1ebfn, d\u00f2ng RCE mang l\u1ea1i kh\u1ea3 n\u0103ng v\u1eadn h\u00e0nh \u1ed5n \u0111\u1ecbnh, ti\u1ebft ki\u1ec7m n\u0103ng l\u01b0\u1ee3ng v\u00e0 ph\u00f9 h\u1ee3p cho c\u1ea3 m\u00f4i tr\u01b0\u1eddng trong nh\u00e0 l\u1eabn ngo\u00e0i tr\u1eddi.<\/p>\n<p data-start=\"544\" data-end=\"561\">C\u00e1c model g\u1ed3m:<\/p>\n<ul data-start=\"562\" data-end=\"653\">\n<li data-section-id=\"1kco6w\" data-start=\"562\" data-end=\"579\">RCE 15 Li-Ion<\/li>\n<li data-section-id=\"17597ff\" data-start=\"580\" data-end=\"597\">RCE 16 Li-Ion<\/li>\n<li data-section-id=\"dld8m6\" data-start=\"598\" data-end=\"615\">RCE 20 Li-Ion<\/li>\n<li data-section-id=\"1r3gmgb\" data-start=\"616\" data-end=\"634\">RCE 16P Li-Ion<\/li>\n<li data-section-id=\"ytsh8u\" data-start=\"635\" data-end=\"653\">RCE 20P Li-Ion<\/li>\n<\/ul>\n<hr data-start=\"655\" data-end=\"658\" \/>\n<h2 data-section-id=\"1pi78xj\" data-start=\"660\" data-end=\"690\"><span role=\"text\"><strong data-start=\"663\" data-end=\"690\">T\u00ednh n\u0103ng &amp; l\u1ee3i \u00edch ch\u00ednh<\/strong><\/span><\/h2>\n<h3 data-section-id=\"xp0ava\" data-start=\"692\" data-end=\"743\"><span role=\"text\"><strong data-start=\"696\" data-end=\"743\">1. Thi\u1ebft k\u1ebf nh\u1ecf g\u1ecdn \u2013 c\u01a1 \u0111\u1ed9ng t\u1ed1i \u0111a<\/strong><\/span><\/h3>\n<ul data-start=\"744\" data-end=\"934\">\n<li data-section-id=\"1i0nd4f\" data-start=\"744\" data-end=\"806\">Chi\u1ec1u r\u1ed9ng t\u1ed1i thi\u1ec3u ch\u1ec9 <strong data-start=\"768\" data-end=\"779\">1120 mm<\/strong>, ph\u00f9 h\u1ee3p l\u1ed1i \u0111i h\u1eb9p<\/li>\n<li data-section-id=\"1bcjau0\" data-start=\"807\" data-end=\"848\">B\u00e1n k\u00ednh quay nh\u1ecf, d\u1ec5 d\u00e0ng v\u1eadn h\u00e0nh trong kh\u00f4ng gian h\u1ea1n ch\u1ebf<\/li>\n<li data-section-id=\"qtwyhr\" data-start=\"849\" data-end=\"934\">Phi\u00ean b\u1ea3n 3 b\u00e1nh (RCE) t\u0103ng \u0111\u1ed9 linh ho\u1ea1t, phi\u00ean b\u1ea3n 4 b\u00e1nh (RCE P) t\u0103ng \u0111\u1ed9 \u1ed5n \u0111\u1ecbnh<\/li>\n<\/ul>\n<h3 data-section-id=\"1ed2fgq\" data-start=\"936\" data-end=\"986\"><span role=\"text\"><strong data-start=\"940\" data-end=\"986\">2. Hi\u1ec7u su\u1ea5t m\u1ea1nh m\u1ebd \u2013 ti\u1ebft ki\u1ec7m n\u0103ng l\u01b0\u1ee3ng<\/strong><\/span><\/h3>\n<ul data-start=\"987\" data-end=\"1207\">\n<li data-section-id=\"1k6v72\" data-start=\"987\" data-end=\"1023\">T\u1ea3i tr\u1ecdng l\u00ean \u0111\u1ebfn <strong data-start=\"1009\" data-end=\"1021\">2.0 t\u1ea5n<\/strong><\/li>\n<li data-section-id=\"10yufkb\" data-start=\"1024\" data-end=\"1063\">Chi\u1ec1u cao n\u00e2ng t\u1ed1i \u0111a <strong data-start=\"1047\" data-end=\"1061\">6.5 m\u00e9t<\/strong><\/li>\n<li data-section-id=\"1eixlv4\" data-start=\"1064\" data-end=\"1103\">T\u1ed1c \u0111\u1ed9 di chuy\u1ec3n t\u1ed1i \u0111a <strong data-start=\"1090\" data-end=\"1101\">16 km\/h<\/strong><\/li>\n<li data-section-id=\"1ci5ho4\" data-start=\"1104\" data-end=\"1150\">\u0110\u1ed9ng c\u01a1 AC 80V m\u1ea1nh m\u1ebd, \u00edt b\u1ea3o tr\u00ec<\/li>\n<li data-section-id=\"ampcys\" data-start=\"1151\" data-end=\"1207\">T\u1ed1i \u01b0u h\u00f3a ti\u00eau th\u1ee5 n\u0103ng l\u01b0\u1ee3ng gi\u00fap gi\u1ea3m chi ph\u00ed v\u1eadn h\u00e0nh<\/li>\n<\/ul>\n<h3 data-section-id=\"1tx3c5\" data-start=\"1209\" data-end=\"1248\"><span role=\"text\"><strong data-start=\"1213\" data-end=\"1248\">3. C\u00f4ng ngh\u1ec7 pin lithium-ion ti\u00ean ti\u1ebfn<\/strong><\/span><\/h3>\n<ul data-start=\"1249\" data-end=\"1435\">\n<li data-section-id=\"1ywu9a4\" data-start=\"1249\" data-end=\"1293\">C\u1ed5ng s\u1ea1c nhanh b\u1ed1 tr\u00ed b\u00ean h\u00f4ng ti\u1ec7n l\u1ee3i<\/li>\n<li data-section-id=\"3qxyqo\" data-start=\"1294\" data-end=\"1328\">H\u1ed7 tr\u1ee3 s\u1ea1c nhanh<\/li>\n<li data-section-id=\"mhw95d\" data-start=\"1329\" data-end=\"1381\">Kh\u00f4ng c\u1ea7n b\u1ea3o tr\u00ec nh\u01b0 pin axit-ch\u00ec<\/li>\n<li data-section-id=\"1sveiwy\" data-start=\"1382\" data-end=\"1435\">Tu\u1ed5i th\u1ecd cao, hi\u1ec7u su\u1ea5t v\u1eadn h\u00e0nh t\u1ed1t h\u01a1n<\/li>\n<\/ul>\n<h3 data-section-id=\"ujajpp\" data-start=\"1437\" data-end=\"1483\"><span role=\"text\"><strong data-start=\"1441\" data-end=\"1483\">4. V\u1eadn h\u00e0nh c\u00f4ng th\u00e1i h\u1ecdc &amp; th\u00e2n thi\u1ec7n ng\u01b0\u1eddi d\u00f9ng<\/strong><\/span><\/h3>\n<ul data-start=\"1484\" data-end=\"1732\">\n<li data-section-id=\"1gdn05r\" data-start=\"1484\" data-end=\"1545\">Khoang l\u00e1i thi\u1ebft k\u1ebf c\u00f4ng th\u00e1i h\u1ecdc, gi\u1ea3m m\u1ec7t m\u1ecfi<\/li>\n<li data-section-id=\"1r870wk\" data-start=\"1546\" data-end=\"1585\">C\u1ed9t l\u00e1i v\u00e0 gh\u1ebf \u0111i\u1ec1u ch\u1ec9nh linh ho\u1ea1t<\/li>\n<li data-section-id=\"mjhv4t\" data-start=\"1586\" data-end=\"1643\">\u0110i\u1ec1u khi\u1ec3n ch\u00ednh x\u00e1c v\u1edbi h\u1ec7 th\u1ed1ng th\u1ee7y l\u1ef1c \u0111a c\u1ea7n tr\u1ef1c quan<\/li>\n<li data-section-id=\"so4b33\" data-start=\"1644\" data-end=\"1732\">M\u00e0n h\u00ecnh m\u00e0u l\u1edbn hi\u1ec3n th\u1ecb th\u00f4ng tin quan tr\u1ecdng (pin, h\u01b0\u1edbng di chuy\u1ec3n, ch\u1ebf \u0111\u1ed9 l\u00e1i)<\/li>\n<\/ul>\n<h3 data-section-id=\"dmys27\" data-start=\"1734\" data-end=\"1760\"><span role=\"text\"><strong data-start=\"1738\" data-end=\"1760\">5. An to\u00e0n n\u00e2ng cao<\/strong><\/span><\/h3>\n<ul data-start=\"1761\" data-end=\"2002\">\n<li data-section-id=\"4gyiyw\" data-start=\"1761\" data-end=\"1805\">Tr\u1ecdng t\u00e2m th\u1ea5p gi\u00fap t\u0103ng \u0111\u1ed9 \u1ed5n \u0111\u1ecbnh<\/li>\n<li data-section-id=\"6zivzm\" data-start=\"1806\" data-end=\"1852\"><strong data-start=\"1808\" data-end=\"1831\">H\u1ec7 th\u1ed1ng ki\u1ec3m so\u00e1t t\u1ed1c \u0111\u1ed9<\/strong> khi v\u00e0o cua<\/li>\n<li data-section-id=\"1v21br8\" data-start=\"1853\" data-end=\"1887\">T\u1ea7m nh\u00ecn to\u00e0n c\u1ea3nh t\u1ed1t<\/li>\n<li data-section-id=\"hr6ud9\" data-start=\"1888\" data-end=\"2002\">T\u00f9y ch\u1ecdn an to\u00e0n:\n<ul data-start=\"1918\" data-end=\"2002\">\n<li data-section-id=\"1cawgve\" data-start=\"1918\" data-end=\"1934\">\u0110\u00e8n an to\u00e0n<\/li>\n<li data-section-id=\"z82gac\" data-start=\"1937\" data-end=\"1958\">\u0110\u00e8n c\u1ea3nh b\u00e1o v\u00f9ng an to\u00e0n<\/li>\n<li data-section-id=\"mzvwa3\" data-start=\"1961\" data-end=\"2002\">Cabin k\u00edn cho m\u00f4i tr\u01b0\u1eddng kh\u1eafc nghi\u1ec7t<\/li>\n<\/ul>\n<\/li>\n<\/ul>\n<h3 data-section-id=\"b7rkq7\" data-start=\"2004\" data-end=\"2053\"><span role=\"text\"><strong data-start=\"2008\" data-end=\"2053\">6. B\u1ec1n b\u1ec9 &amp; \u0111\u00e1ng tin c\u1eady trong \u0111i\u1ec1u ki\u1ec7n kh\u1eafc nghi\u1ec7t<\/strong><\/span><\/h3>\n<ul data-start=\"2054\" data-end=\"2176\">\n<li data-section-id=\"hixj0z\" data-start=\"2054\" data-end=\"2083\">K\u1ebft c\u1ea5u th\u00e9p ch\u1eafc ch\u1eafn<\/li>\n<li data-section-id=\"1v142wa\" data-start=\"2084\" data-end=\"2134\">C\u00e1c b\u1ed9 ph\u1eadn \u0111\u01b0\u1ee3c b\u1ea3o v\u1ec7 kh\u1ecfi b\u1ee5i v\u00e0 \u0111\u1ed9 \u1ea9m<\/li>\n<li data-section-id=\"293omr\" data-start=\"2135\" data-end=\"2176\">Kho\u1ea3ng s\u00e1ng g\u1ea7m l\u1edbn ph\u00f9 h\u1ee3p l\u00e0m vi\u1ec7c ngo\u00e0i tr\u1eddi<\/li>\n<\/ul>\n<hr data-start=\"2178\" data-end=\"2181\" \/>\n<h2 data-section-id=\"k0zlak\" data-start=\"2183\" data-end=\"2202\"><span role=\"text\"><strong data-start=\"2186\" data-end=\"2202\">\u1ee8ng d\u1ee5ng<\/strong><\/span><\/h2>\n<p data-start=\"2204\" data-end=\"2266\">D\u00f2ng STILL RCE 15\u201320 ph\u00f9 h\u1ee3p v\u1edbi nhi\u1ec1u ng\u00e0nh c\u00f4ng nghi\u1ec7p kh\u00e1c nhau:<\/p>\n<h3 data-section-id=\"m3laoc\" data-start=\"2268\" data-end=\"2302\"><span role=\"text\"><strong data-start=\"2272\" data-end=\"2302\">1. Kho b\u00e3i &amp; Logistics<\/strong><\/span><\/h3>\n<ul data-start=\"2303\" data-end=\"2382\">\n<li data-section-id=\"12br5s2\" data-start=\"2303\" data-end=\"2335\">X\u1eed l\u00fd v\u00e0 x\u1ebfp d\u1ee1 pallet<\/li>\n<li data-section-id=\"i7mj8p\" data-start=\"2336\" data-end=\"2382\">V\u1eadn chuy\u1ec3n n\u1ed9i b\u1ed9 trong c\u00e1c trung t\u00e2m ph\u00e2n ph\u1ed1i<\/li>\n<\/ul>\n<h3 data-section-id=\"8hz4wq\" data-start=\"2384\" data-end=\"2408\"><span role=\"text\"><strong data-start=\"2388\" data-end=\"2408\">2. S\u1ea3n xu\u1ea5t<\/strong><\/span><\/h3>\n<ul data-start=\"2409\" data-end=\"2460\">\n<li data-section-id=\"clerx0\" data-start=\"2409\" data-end=\"2432\">Cung \u1ee9ng nguy\u00ean v\u1eadt li\u1ec7u<\/li>\n<li data-section-id=\"jazc05\" data-start=\"2433\" data-end=\"2460\">X\u1eed l\u00fd th\u00e0nh ph\u1ea9m<\/li>\n<\/ul>\n<h3 data-section-id=\"1fvrnc7\" data-start=\"2462\" data-end=\"2490\"><span role=\"text\"><strong data-start=\"2466\" data-end=\"2490\">3. B\u00e1n l\u1ebb &amp; Th\u01b0\u01a1ng m\u1ea1i<\/strong><\/span><\/h3>\n<ul data-start=\"2491\" data-end=\"2531\">\n<li data-section-id=\"bsx2xc\" data-start=\"2491\" data-end=\"2505\">C\u1eeda h\u00e0ng DIY (t\u1ef1 l\u1eafp r\u00e1p, v\u1eadt li\u1ec7u x\u00e2y d\u1ef1ng)<\/li>\n<li data-section-id=\"18k8t57\" data-start=\"2506\" data-end=\"2531\">Kho h\u00e0ng th\u01b0\u01a1ng m\u1ea1i \u0111i\u1ec7n t\u1eed<\/li>\n<\/ul>\n<h3 data-section-id=\"vykuqw\" data-start=\"2533\" data-end=\"2577\"><span role=\"text\"><strong data-start=\"2537\" data-end=\"2577\">4. X\u01b0\u1edfng &amp; C\u01a1 s\u1edf c\u00f4ng nghi\u1ec7p<\/strong><\/span><\/h3>\n<ul data-start=\"2578\" data-end=\"2656\">\n<li data-section-id=\"1hrfhni\" data-start=\"2578\" data-end=\"2615\">X\u1eed l\u00fd m\u00e1y m\u00f3c v\u00e0 linh ki\u1ec7n<\/li>\n<li data-section-id=\"1bcsa9s\" data-start=\"2616\" data-end=\"2656\">Ph\u00f9 h\u1ee3p v\u1edbi m\u00f4i tr\u01b0\u1eddng c\u00f3 kh\u00f4ng gian h\u1ea1n ch\u1ebf<\/li>\n<\/ul>\n<h3 data-section-id=\"1mws8wz\" data-start=\"2658\" data-end=\"2687\"><span role=\"text\"><strong data-start=\"2662\" data-end=\"2687\">5. Ho\u1ea1t \u0111\u1ed9ng ngo\u00e0i tr\u1eddi<\/strong><\/span><\/h3>\n<ul data-start=\"2688\" data-end=\"2804\">\n<li data-section-id=\"v5xo7w\" data-start=\"2688\" data-end=\"2724\">Khu v\u1ef1c b\u00e3i h\u00e0ng v\u00e0 b\u1ed1c x\u1ebfp<\/li>\n<li data-section-id=\"z1mmb4\" data-start=\"2725\" data-end=\"2804\">Ph\u00f9 h\u1ee3p s\u1eed d\u1ee5ng ngo\u00e0i tr\u1eddi nh\u1edd kho\u1ea3ng s\u00e1ng g\u1ea7m cao v\u00e0 cabin t\u00f9y ch\u1ecdn<\/li>\n<\/ul>","protected":false},"excerpt":{"rendered":"<p>Product Overview The STILL RCE 15-20 electric forklift series is an ideal solution for businesses that require compact, flexible, and high-performance material handling equipment. Featuring a modern design and advanced lithium-ion technology, the RCE models deliver reliable operation, energy efficiency, and suitability for both indoor and outdoor applications. Available models: RCE 15 Li-Ion RCE 16 [&hellip;]<\/p>","protected":false},"featured_media":3217,"template":"","meta":{"_acf_changed":false,"inline_featured_image":false},"model-type":[49],"product_brand":[38],"product_cat":[31],"product_tag":[],"class_list":{"0":"post-3211","1":"product","2":"type-product","3":"status-publish","4":"has-post-thumbnail","6":"model-type-electric","7":"product_brand-still","8":"product_cat-electric-forklifts","10":"first","11":"instock","12":"shipping-taxable","13":"product-type-simple"},"acf":[],"yoast_head":"<!-- This site is optimized with the Yoast SEO Premium plugin v25.6 (Yoast SEO v25.6) - https:\/\/yoast.com\/wordpress\/plugins\/seo\/ -->\n<title>RCE 15 \/ RCE 16 \/ RCE 20 \/ RCE 16P \/ RCE 20P - Goldbell<\/title>\n<meta name=\"robots\" content=\"noindex, follow, max-snippet:-1, max-image-preview:large, max-video-preview:-1\" \/>\n<meta property=\"og:locale\" content=\"vi_VN\" \/>\n<meta property=\"og:type\" content=\"article\" \/>\n<meta property=\"og:title\" content=\"RCE 15 \/ RCE 16 \/ RCE 20 \/ RCE 16P \/ RCE 20P\" \/>\n<meta property=\"og:description\" content=\"Product Overview The STILL RCE 15-20 electric forklift series is an ideal solution for businesses that require compact, flexible, and high-performance material handling equipment. Featuring a modern design and advanced lithium-ion technology, the RCE models deliver reliable operation, energy efficiency, and suitability for both indoor and outdoor applications. Available models: RCE 15 Li-Ion RCE 16 [&hellip;]\" \/>\n<meta property=\"og:url\" content=\"https:\/\/goldbellvn.ifdemo.com\/vi\/san-pham\/rce-15-rce-16-rce-20-rce-16p-rce-20p\/\" \/>\n<meta property=\"og:site_name\" content=\"Goldbell\" \/>\n<meta property=\"article:modified_time\" content=\"2026-04-02T03:14:06+00:00\" \/>\n<meta property=\"og:image\" content=\"https:\/\/goldbellvn.ifdemo.com\/wp-content\/uploads\/2026\/04\/STILL_Produkt_RCE_15-20_Galerie_06_RCE20P_Heckdiagonale_4K-e1775099634370.jpg\" \/>\n\t<meta property=\"og:image:width\" content=\"773\" \/>\n\t<meta property=\"og:image:height\" content=\"740\" \/>\n\t<meta property=\"og:image:type\" content=\"image\/jpeg\" \/>\n<meta name=\"twitter:card\" content=\"summary_large_image\" \/>\n<meta name=\"twitter:label1\" content=\"\u01af\u1edbc t\u00ednh th\u1eddi gian \u0111\u1ecdc\" \/>\n\t<meta name=\"twitter:data1\" content=\"2 ph\u00fat\" \/>\n<script type=\"application\/ld+json\" class=\"yoast-schema-graph\">{\"@context\":\"https:\/\/schema.org\",\"@graph\":[{\"@type\":\"WebPage\",\"@id\":\"https:\/\/goldbellvn.ifdemo.com\/product\/rce-15-rce-16-rce-20-rce-16p-rce-20p\/\",\"url\":\"https:\/\/goldbellvn.ifdemo.com\/product\/rce-15-rce-16-rce-20-rce-16p-rce-20p\/\",\"name\":\"RCE 15 \/ RCE 16 \/ RCE 20 \/ RCE 16P \/ RCE 20P - Goldbell\",\"isPartOf\":{\"@id\":\"https:\/\/goldbellvn.ifdemo.com\/#website\"},\"primaryImageOfPage\":{\"@id\":\"https:\/\/goldbellvn.ifdemo.com\/product\/rce-15-rce-16-rce-20-rce-16p-rce-20p\/#primaryimage\"},\"image\":{\"@id\":\"https:\/\/goldbellvn.ifdemo.com\/product\/rce-15-rce-16-rce-20-rce-16p-rce-20p\/#primaryimage\"},\"thumbnailUrl\":\"https:\/\/goldbellvn.ifdemo.com\/wp-content\/uploads\/2026\/04\/STILL_Produkt_RCE_15-20_Galerie_06_RCE20P_Heckdiagonale_4K-e1775099634370.jpg\",\"datePublished\":\"2026-04-01T03:27:36+00:00\",\"dateModified\":\"2026-04-02T03:14:06+00:00\",\"breadcrumb\":{\"@id\":\"https:\/\/goldbellvn.ifdemo.com\/product\/rce-15-rce-16-rce-20-rce-16p-rce-20p\/#breadcrumb\"},\"inLanguage\":\"vi\",\"potentialAction\":[{\"@type\":\"ReadAction\",\"target\":[\"https:\/\/goldbellvn.ifdemo.com\/product\/rce-15-rce-16-rce-20-rce-16p-rce-20p\/\"]}]},{\"@type\":\"ImageObject\",\"inLanguage\":\"vi\",\"@id\":\"https:\/\/goldbellvn.ifdemo.com\/product\/rce-15-rce-16-rce-20-rce-16p-rce-20p\/#primaryimage\",\"url\":\"https:\/\/goldbellvn.ifdemo.com\/wp-content\/uploads\/2026\/04\/STILL_Produkt_RCE_15-20_Galerie_06_RCE20P_Heckdiagonale_4K-e1775099634370.jpg\",\"contentUrl\":\"https:\/\/goldbellvn.ifdemo.com\/wp-content\/uploads\/2026\/04\/STILL_Produkt_RCE_15-20_Galerie_06_RCE20P_Heckdiagonale_4K-e1775099634370.jpg\",\"width\":773,\"height\":740},{\"@type\":\"BreadcrumbList\",\"@id\":\"https:\/\/goldbellvn.ifdemo.com\/product\/rce-15-rce-16-rce-20-rce-16p-rce-20p\/#breadcrumb\",\"itemListElement\":[{\"@type\":\"ListItem\",\"position\":1,\"name\":\"Home\",\"item\":\"https:\/\/goldbellvn.ifdemo.com\/\"},{\"@type\":\"ListItem\",\"position\":2,\"name\":\"Products\",\"item\":\"https:\/\/goldbellvn.ifdemo.com\/shop\/\"},{\"@type\":\"ListItem\",\"position\":3,\"name\":\"RCE 15 \/ RCE 16 \/ RCE 20 \/ RCE 16P \/ RCE 20P\"}]},{\"@type\":\"WebSite\",\"@id\":\"https:\/\/goldbellvn.ifdemo.com\/#website\",\"url\":\"https:\/\/goldbellvn.ifdemo.com\/\",\"name\":\"Goldbell\",\"description\":\"\",\"publisher\":{\"@id\":\"https:\/\/goldbellvn.ifdemo.com\/#organization\"},\"potentialAction\":[{\"@type\":\"SearchAction\",\"target\":{\"@type\":\"EntryPoint\",\"urlTemplate\":\"https:\/\/goldbellvn.ifdemo.com\/?s={search_term_string}\"},\"query-input\":{\"@type\":\"PropertyValueSpecification\",\"valueRequired\":true,\"valueName\":\"search_term_string\"}}],\"inLanguage\":\"vi\"},{\"@type\":\"Organization\",\"@id\":\"https:\/\/goldbellvn.ifdemo.com\/#organization\",\"name\":\"Goldbell\",\"url\":\"https:\/\/goldbellvn.ifdemo.com\/\",\"logo\":{\"@type\":\"ImageObject\",\"inLanguage\":\"vi\",\"@id\":\"https:\/\/goldbellvn.ifdemo.com\/#\/schema\/logo\/image\/\",\"url\":\"https:\/\/goldbellvn.ifdemo.com\/wp-content\/uploads\/2025\/09\/logo.svg\",\"contentUrl\":\"https:\/\/goldbellvn.ifdemo.com\/wp-content\/uploads\/2025\/09\/logo.svg\",\"width\":18,\"height\":23,\"caption\":\"Goldbell\"},\"image\":{\"@id\":\"https:\/\/goldbellvn.ifdemo.com\/#\/schema\/logo\/image\/\"}}]}<\/script>\n<!-- \/ Yoast SEO Premium plugin. -->","yoast_head_json":{"title":"RCE 15 \/ RCE 16 \/ RCE 20 \/ RCE 16P \/ RCE 20P - Goldbell","robots":{"index":"noindex","follow":"follow","max-snippet":"max-snippet:-1","max-image-preview":"max-image-preview:large","max-video-preview":"max-video-preview:-1"},"og_locale":"vi_VN","og_type":"article","og_title":"RCE 15 \/ RCE 16 \/ RCE 20 \/ RCE 16P \/ RCE 20P","og_description":"Product Overview The STILL RCE 15-20 electric forklift series is an ideal solution for businesses that require compact, flexible, and high-performance material handling equipment. Featuring a modern design and advanced lithium-ion technology, the RCE models deliver reliable operation, energy efficiency, and suitability for both indoor and outdoor applications. Available models: RCE 15 Li-Ion RCE 16 [&hellip;]","og_url":"https:\/\/goldbellvn.ifdemo.com\/vi\/san-pham\/rce-15-rce-16-rce-20-rce-16p-rce-20p\/","og_site_name":"Goldbell","article_modified_time":"2026-04-02T03:14:06+00:00","og_image":[{"width":773,"height":740,"url":"https:\/\/goldbellvn.ifdemo.com\/wp-content\/uploads\/2026\/04\/STILL_Produkt_RCE_15-20_Galerie_06_RCE20P_Heckdiagonale_4K-e1775099634370.jpg","type":"image\/jpeg"}],"twitter_card":"summary_large_image","twitter_misc":{"\u01af\u1edbc t\u00ednh th\u1eddi gian \u0111\u1ecdc":"2 ph\u00fat"},"schema":{"@context":"https:\/\/schema.org","@graph":[{"@type":"WebPage","@id":"https:\/\/goldbellvn.ifdemo.com\/product\/rce-15-rce-16-rce-20-rce-16p-rce-20p\/","url":"https:\/\/goldbellvn.ifdemo.com\/product\/rce-15-rce-16-rce-20-rce-16p-rce-20p\/","name":"RCE 15 \/ RCE 16 \/ RCE 20 \/ RCE 16P \/ RCE 20P - Goldbell","isPartOf":{"@id":"https:\/\/goldbellvn.ifdemo.com\/#website"},"primaryImageOfPage":{"@id":"https:\/\/goldbellvn.ifdemo.com\/product\/rce-15-rce-16-rce-20-rce-16p-rce-20p\/#primaryimage"},"image":{"@id":"https:\/\/goldbellvn.ifdemo.com\/product\/rce-15-rce-16-rce-20-rce-16p-rce-20p\/#primaryimage"},"thumbnailUrl":"https:\/\/goldbellvn.ifdemo.com\/wp-content\/uploads\/2026\/04\/STILL_Produkt_RCE_15-20_Galerie_06_RCE20P_Heckdiagonale_4K-e1775099634370.jpg","datePublished":"2026-04-01T03:27:36+00:00","dateModified":"2026-04-02T03:14:06+00:00","breadcrumb":{"@id":"https:\/\/goldbellvn.ifdemo.com\/product\/rce-15-rce-16-rce-20-rce-16p-rce-20p\/#breadcrumb"},"inLanguage":"vi","potentialAction":[{"@type":"ReadAction","target":["https:\/\/goldbellvn.ifdemo.com\/product\/rce-15-rce-16-rce-20-rce-16p-rce-20p\/"]}]},{"@type":"ImageObject","inLanguage":"vi","@id":"https:\/\/goldbellvn.ifdemo.com\/product\/rce-15-rce-16-rce-20-rce-16p-rce-20p\/#primaryimage","url":"https:\/\/goldbellvn.ifdemo.com\/wp-content\/uploads\/2026\/04\/STILL_Produkt_RCE_15-20_Galerie_06_RCE20P_Heckdiagonale_4K-e1775099634370.jpg","contentUrl":"https:\/\/goldbellvn.ifdemo.com\/wp-content\/uploads\/2026\/04\/STILL_Produkt_RCE_15-20_Galerie_06_RCE20P_Heckdiagonale_4K-e1775099634370.jpg","width":773,"height":740},{"@type":"BreadcrumbList","@id":"https:\/\/goldbellvn.ifdemo.com\/product\/rce-15-rce-16-rce-20-rce-16p-rce-20p\/#breadcrumb","itemListElement":[{"@type":"ListItem","position":1,"name":"Home","item":"https:\/\/goldbellvn.ifdemo.com\/"},{"@type":"ListItem","position":2,"name":"Products","item":"https:\/\/goldbellvn.ifdemo.com\/shop\/"},{"@type":"ListItem","position":3,"name":"RCE 15 \/ RCE 16 \/ RCE 20 \/ RCE 16P \/ RCE 20P"}]},{"@type":"WebSite","@id":"https:\/\/goldbellvn.ifdemo.com\/#website","url":"https:\/\/goldbellvn.ifdemo.com\/","name":"Goldbell","description":"","publisher":{"@id":"https:\/\/goldbellvn.ifdemo.com\/#organization"},"potentialAction":[{"@type":"SearchAction","target":{"@type":"EntryPoint","urlTemplate":"https:\/\/goldbellvn.ifdemo.com\/?s={search_term_string}"},"query-input":{"@type":"PropertyValueSpecification","valueRequired":true,"valueName":"search_term_string"}}],"inLanguage":"vi"},{"@type":"Organization","@id":"https:\/\/goldbellvn.ifdemo.com\/#organization","name":"Goldbell","url":"https:\/\/goldbellvn.ifdemo.com\/","logo":{"@type":"ImageObject","inLanguage":"vi","@id":"https:\/\/goldbellvn.ifdemo.com\/#\/schema\/logo\/image\/","url":"https:\/\/goldbellvn.ifdemo.com\/wp-content\/uploads\/2025\/09\/logo.svg","contentUrl":"https:\/\/goldbellvn.ifdemo.com\/wp-content\/uploads\/2025\/09\/logo.svg","width":18,"height":23,"caption":"Goldbell"},"image":{"@id":"https:\/\/goldbellvn.ifdemo.com\/#\/schema\/logo\/image\/"}}]}},"_links":{"self":[{"href":"https:\/\/goldbellvn.ifdemo.com\/vi\/wp-json\/wp\/v2\/product\/3211","targetHints":{"allow":["GET"]}}],"collection":[{"href":"https:\/\/goldbellvn.ifdemo.com\/vi\/wp-json\/wp\/v2\/product"}],"about":[{"href":"https:\/\/goldbellvn.ifdemo.com\/vi\/wp-json\/wp\/v2\/types\/product"}],"wp:featuredmedia":[{"embeddable":true,"href":"https:\/\/goldbellvn.ifdemo.com\/vi\/wp-json\/wp\/v2\/media\/3217"}],"wp:attachment":[{"href":"https:\/\/goldbellvn.ifdemo.com\/vi\/wp-json\/wp\/v2\/media?parent=3211"}],"wp:term":[{"taxonomy":"model-type","embeddable":true,"href":"https:\/\/goldbellvn.ifdemo.com\/vi\/wp-json\/wp\/v2\/model-type?post=3211"},{"taxonomy":"product_brand","embeddable":true,"href":"https:\/\/goldbellvn.ifdemo.com\/vi\/wp-json\/wp\/v2\/product_brand?post=3211"},{"taxonomy":"product_cat","embeddable":true,"href":"https:\/\/goldbellvn.ifdemo.com\/vi\/wp-json\/wp\/v2\/product_cat?post=3211"},{"taxonomy":"product_tag","embeddable":true,"href":"https:\/\/goldbellvn.ifdemo.com\/vi\/wp-json\/wp\/v2\/product_tag?post=3211"}],"curies":[{"name":"wp","href":"https:\/\/api.w.org\/{rel}","templated":true}]}}