{"id":3212,"date":"2026-04-01T10:31:32","date_gmt":"2026-04-01T03:31:32","guid":{"rendered":"https:\/\/goldbell.123websitedev.com\/?post_type=product&#038;p=3212"},"modified":"2026-04-02T10:16:30","modified_gmt":"2026-04-02T03:16:30","slug":"rce-25-rce-30-rce-35-li-ion-available","status":"publish","type":"product","link":"https:\/\/goldbellvn.ifdemo.com\/vi\/san-pham\/rce-25-rce-30-rce-35-li-ion-available\/","title":{"rendered":"RCE 25 \/ RCE 30 \/ RCE 35 (Li-Ion Available)"},"content":{"rendered":"<h2 data-section-id=\"1bovg99\" data-start=\"211\" data-end=\"234\"><span role=\"text\"><strong data-start=\"214\" data-end=\"234\">T\u1ed5ng quan s\u1ea3n ph\u1ea9m<\/strong><\/span><\/h2>\n<p data-start=\"236\" data-end=\"537\">D\u00f2ng xe n\u00e2ng \u0111i\u1ec7n STILL RCE 25\u201335 \u0111\u01b0\u1ee3c thi\u1ebft k\u1ebf nh\u1eb1m mang l\u1ea1i hi\u1ec7u su\u1ea5t m\u1ea1nh m\u1ebd, t\u00ednh kinh t\u1ebf v\u00e0 \u0111\u1ed9 tin c\u1eady cao cho c\u00e1c t\u00e1c v\u1ee5 x\u1eed l\u00fd h\u00e0ng h\u00f3a t\u1eeb trung b\u00ecnh \u0111\u1ebfn n\u1eb7ng. V\u1edbi t\u1ea3i tr\u1ecdng l\u00ean \u0111\u1ebfn 3.5 t\u1ea5n c\u00f9ng c\u00f4ng ngh\u1ec7 pin lithium-ion ti\u00ean ti\u1ebfn, d\u00f2ng xe n\u00e0y ph\u00f9 h\u1ee3p cho c\u1ea3 m\u00f4i tr\u01b0\u1eddng trong nh\u00e0 v\u00e0 ngo\u00e0i tr\u1eddi.<\/p>\n<p data-start=\"539\" data-end=\"767\">\u0110\u01b0\u1ee3c ph\u00e1t tri\u1ec3n v\u1edbi ti\u00eau ch\u00ed \u0111\u1ed9 b\u1ec1n v\u00e0 s\u1ef1 tho\u1ea3i m\u00e1i cho ng\u01b0\u1eddi v\u1eadn h\u00e0nh, RCE 25\u201335 s\u1edf h\u1eefu h\u1ec7 th\u1ed1ng truy\u1ec1n \u0111\u1ed9ng AC m\u1ea1nh m\u1ebd, thi\u1ebft k\u1ebf c\u00f4ng th\u00e1i h\u1ecdc v\u00e0 t\u1ea7m nh\u00ecn t\u1ed1i \u01b0u\u2014tr\u1edf th\u00e0nh gi\u1ea3i ph\u00e1p \u0111\u00e1ng tin c\u1eady cho c\u00e1c kho h\u00e0ng v\u00e0 m\u00f4i tr\u01b0\u1eddng c\u00f4ng nghi\u1ec7p hi\u1ec7n \u0111\u1ea1i.<\/p>\n<p data-start=\"769\" data-end=\"786\">C\u00e1c model g\u1ed3m:<\/p>\n<ul data-start=\"787\" data-end=\"867\">\n<li data-section-id=\"10p2kw7\" data-start=\"787\" data-end=\"813\">RCE 25 \/ RCE 25 Li-Ion<\/li>\n<li data-section-id=\"15extaf\" data-start=\"814\" data-end=\"840\">RCE 30 \/ RCE 30 Li-Ion<\/li>\n<li data-section-id=\"acmacn\" data-start=\"841\" data-end=\"867\">RCE 35 \/ RCE 35 Li-Ion<\/li>\n<\/ul>\n<hr data-start=\"869\" data-end=\"872\" \/>\n<h2 data-section-id=\"1pi78xj\" data-start=\"874\" data-end=\"904\"><span role=\"text\"><strong data-start=\"877\" data-end=\"904\">T\u00ednh n\u0103ng &amp; l\u1ee3i \u00edch ch\u00ednh<\/strong><\/span><\/h2>\n<h3 data-section-id=\"tltb70\" data-start=\"906\" data-end=\"953\"><span role=\"text\"><strong data-start=\"910\" data-end=\"953\">1. Hi\u1ec7u su\u1ea5t m\u1ea1nh m\u1ebd cho t\u1ea3i n\u1eb7ng<\/strong><\/span><\/h3>\n<ul data-start=\"954\" data-end=\"1190\">\n<li data-section-id=\"1prqdii\" data-start=\"954\" data-end=\"990\">T\u1ea3i tr\u1ecdng l\u00ean \u0111\u1ebfn <strong data-start=\"976\" data-end=\"988\">3.5 t\u1ea5n<\/strong><\/li>\n<li data-section-id=\"10yufkb\" data-start=\"991\" data-end=\"1030\">Chi\u1ec1u cao n\u00e2ng t\u1ed1i \u0111a <strong data-start=\"1014\" data-end=\"1028\">6.5 m\u00e9t<\/strong><\/li>\n<li data-section-id=\"v8it03\" data-start=\"1031\" data-end=\"1070\">T\u1ed1c \u0111\u1ed9 di chuy\u1ec3n t\u1ed1i \u0111a <strong data-start=\"1057\" data-end=\"1068\">15 km\/h<\/strong><\/li>\n<li data-section-id=\"zdee9b\" data-start=\"1071\" data-end=\"1133\">\u0110\u1ed9ng c\u01a1 AC hi\u1ec7u su\u1ea5t cao cho kh\u1ea3 n\u0103ng v\u1eadn h\u00e0nh nhanh v\u00e0 hi\u1ec7u qu\u1ea3<\/li>\n<li data-section-id=\"qqeod7\" data-start=\"1134\" data-end=\"1190\">Kh\u1ea3 n\u0103ng x\u1eed l\u00fd h\u00e0ng h\u00f3a t\u1ed1t trong c\u00e1c ca l\u00e0m vi\u1ec7c c\u01b0\u1eddng \u0111\u1ed9 cao<\/li>\n<\/ul>\n<h3 data-section-id=\"ghp73v\" data-start=\"1192\" data-end=\"1239\"><span role=\"text\"><strong data-start=\"1196\" data-end=\"1239\">2. V\u1eadn h\u00e0nh ti\u1ebft ki\u1ec7m &amp; hi\u1ec7u qu\u1ea3 chi ph\u00ed<\/strong><\/span><\/h3>\n<ul data-start=\"1240\" data-end=\"1442\">\n<li data-section-id=\"186k47h\" data-start=\"1240\" data-end=\"1290\">Ti\u00eau th\u1ee5 n\u0103ng l\u01b0\u1ee3ng th\u1ea5p gi\u00fap gi\u1ea3m chi ph\u00ed v\u1eadn h\u00e0nh<\/li>\n<li data-section-id=\"mi4ykx\" data-start=\"1291\" data-end=\"1347\">Chu k\u1ef3 b\u1ea3o d\u01b0\u1ee1ng d\u00e0i, gi\u1ea3m th\u1eddi gian d\u1eebng m\u00e1y<\/li>\n<li data-section-id=\"7d20np\" data-start=\"1348\" data-end=\"1389\">H\u1ec7 th\u1ed1ng thu h\u1ed3i n\u0103ng l\u01b0\u1ee3ng khi phanh<\/li>\n<li data-section-id=\"gkrcz\" data-start=\"1390\" data-end=\"1442\">T\u1ed1i \u01b0u hi\u1ec7u su\u1ea5t cho n\u0103ng su\u1ea5t kho h\u00e0ng<\/li>\n<\/ul>\n<h3 data-section-id=\"oha4ht\" data-start=\"1444\" data-end=\"1497\"><span role=\"text\"><strong data-start=\"1448\" data-end=\"1497\">3. C\u00f4ng ngh\u1ec7 pin lithium-ion ti\u00ean ti\u1ebfn (t\u00f9y ch\u1ecdn)<\/strong><\/span><\/h3>\n<ul data-start=\"1498\" data-end=\"1686\">\n<li data-section-id=\"13fzebo\" data-start=\"1498\" data-end=\"1533\">H\u1ec7 th\u1ed1ng pin kh\u00f4ng c\u1ea7n b\u1ea3o tr\u00ec<\/li>\n<li data-section-id=\"1c2kr1s\" data-start=\"1534\" data-end=\"1583\">S\u1ea1c nhanh v\u00e0 linh ho\u1ea1t qua c\u1ed5ng b\u00ean<\/li>\n<li data-section-id=\"f8vryy\" data-start=\"1584\" data-end=\"1626\">C\u00f3 th\u1ec3 s\u1ea1c tranh th\u1ee7 b\u1ea5t k\u1ef3 l\u00fac n\u00e0o, \u1edf b\u1ea5t k\u1ef3 \u0111\u00e2u<\/li>\n<li data-section-id=\"j5v0vj\" data-start=\"1627\" data-end=\"1686\">Tu\u1ed5i th\u1ecd pin d\u00e0i h\u01a1n so v\u1edbi \u1eafc quy ch\u00ec-axit<\/li>\n<\/ul>\n<h3 data-section-id=\"1wbzsez\" data-start=\"1688\" data-end=\"1735\"><span role=\"text\"><strong data-start=\"1692\" data-end=\"1735\">4. Thi\u1ebft k\u1ebf c\u00f4ng th\u00e1i h\u1ecdc, th\u00e2n thi\u1ec7n ng\u01b0\u1eddi v\u1eadn h\u00e0nh<\/strong><\/span><\/h3>\n<ul data-start=\"1736\" data-end=\"1966\">\n<li data-section-id=\"1sfydjp\" data-start=\"1736\" data-end=\"1781\">Khoang \u0111\u1ec3 ch\u00e2n r\u1ed9ng r\u00e3i, tho\u1ea3i m\u00e1i<\/li>\n<li data-section-id=\"1cqudxw\" data-start=\"1782\" data-end=\"1821\">Gh\u1ebf ng\u1ed3i v\u00e0 c\u1ed9t l\u00e1i \u0111i\u1ec1u ch\u1ec9nh linh ho\u1ea1t<\/li>\n<li data-section-id=\"1hv4bqc\" data-start=\"1822\" data-end=\"1866\">H\u1ec7 th\u1ed1ng \u0111i\u1ec1u khi\u1ec3n th\u1ee7y l\u1ef1c \u0111a c\u1ea7n g\u1ea1t tr\u1ef1c quan<\/li>\n<li data-section-id=\"1dl6ygp\" data-start=\"1867\" data-end=\"1914\">V\u1eadn h\u00e0nh b\u1eb1ng b\u00e0n \u0111\u1ea1p \u0111\u01a1n gi\u00fap \u0111i\u1ec1u khi\u1ec3n ch\u00ednh x\u00e1c<\/li>\n<li data-section-id=\"zajgxt\" data-start=\"1915\" data-end=\"1966\">M\u00e0n h\u00ecnh m\u00e0u l\u1edbn hi\u1ec3n th\u1ecb r\u00f5 r\u00e0ng th\u00f4ng tin v\u1eadn h\u00e0nh<\/li>\n<\/ul>\n<h3 data-section-id=\"124doo9\" data-start=\"1968\" data-end=\"2006\"><span role=\"text\"><strong data-start=\"1972\" data-end=\"2006\">5. An to\u00e0n &amp; t\u1ea7m nh\u00ecn t\u1ed1i \u0111a<\/strong><\/span><\/h3>\n<ul data-start=\"2007\" data-end=\"2323\">\n<li data-section-id=\"100jo78\" data-start=\"2007\" data-end=\"2060\">T\u1ea7m nh\u00ecn to\u00e0n di\u1ec7n nh\u1edd c\u1eeda k\u00ednh l\u1edbn<\/li>\n<li data-section-id=\"1pwsify\" data-start=\"2061\" data-end=\"2104\">Thi\u1ebft k\u1ebf khung n\u00e2ng m\u1ea3nh gi\u00fap quan s\u00e1t ph\u00eda tr\u01b0\u1edbc t\u1ed1t h\u01a1n<\/li>\n<li data-section-id=\"1whh50o\" data-start=\"2105\" data-end=\"2153\">Tr\u1ecdng t\u00e2m th\u1ea5p t\u0103ng \u0111\u1ed9 \u1ed5n \u0111\u1ecbnh<\/li>\n<li data-section-id=\"7y9km8\" data-start=\"2154\" data-end=\"2197\">H\u1ec7 th\u1ed1ng ki\u1ec3m so\u00e1t t\u1ed1c \u0111\u1ed9 khi v\u00e0o cua gi\u00fap an to\u00e0n h\u01a1n<\/li>\n<li data-section-id=\"90mkez\" data-start=\"2198\" data-end=\"2323\">T\u00f9y ch\u1ecdn an to\u00e0n:\n<ul data-start=\"2228\" data-end=\"2323\">\n<li data-section-id=\"1cawgve\" data-start=\"2228\" data-end=\"2244\">\u0110\u00e8n an to\u00e0n<\/li>\n<li data-section-id=\"rs3yh2\" data-start=\"2247\" data-end=\"2268\">G\u01b0\u01a1ng quan s\u00e1t to\u00e0n c\u1ea3nh<\/li>\n<li data-section-id=\"1jxyec\" data-start=\"2271\" data-end=\"2299\">M\u00e1i k\u00ednh v\u00e0 t\u1ea5m che n\u1eafng<\/li>\n<li data-section-id=\"z82gac\" data-start=\"2302\" data-end=\"2323\">\u0110\u00e8n c\u1ea3nh b\u00e1o v\u00f9ng an to\u00e0n<\/li>\n<\/ul>\n<\/li>\n<\/ul>\n<h3 data-section-id=\"59e778\" data-start=\"2325\" data-end=\"2367\"><span role=\"text\"><strong data-start=\"2329\" data-end=\"2367\">6. K\u1ebft c\u1ea5u b\u1ec1n b\u1ec9 &amp; \u0111\u00e1ng tin c\u1eady<\/strong><\/span><\/h3>\n<ul data-start=\"2368\" data-end=\"2558\">\n<li data-section-id=\"1nbijqw\" data-start=\"2368\" data-end=\"2417\">K\u1ebft c\u1ea5u th\u00e9p ch\u1eafc ch\u1eafn, tu\u1ed5i th\u1ecd cao<\/li>\n<li data-section-id=\"zxi8rc\" data-start=\"2418\" data-end=\"2472\">H\u1ec7 th\u1ed1ng k\u00edn gi\u00fap ch\u1ed1ng b\u1ee5i v\u00e0 \u1ea9m<\/li>\n<li data-section-id=\"293omr\" data-start=\"2473\" data-end=\"2514\">Kho\u1ea3ng s\u00e1ng g\u1ea7m l\u1edbn ph\u00f9 h\u1ee3p l\u00e0m vi\u1ec7c ngo\u00e0i tr\u1eddi<\/li>\n<li data-section-id=\"1n1sr5x\" data-start=\"2515\" data-end=\"2558\">Th\u00edch h\u1ee3p cho m\u00f4i tr\u01b0\u1eddng l\u00e0m vi\u1ec7c kh\u1eafc nghi\u1ec7t<\/li>\n<\/ul>\n<hr data-start=\"2560\" data-end=\"2563\" \/>\n<h2 data-section-id=\"k0zlak\" data-start=\"2565\" data-end=\"2584\"><span role=\"text\"><strong data-start=\"2568\" data-end=\"2584\">\u1ee8ng d\u1ee5ng<\/strong><\/span><\/h2>\n<p data-start=\"2586\" data-end=\"2653\">D\u00f2ng STILL RCE 25\u201335 ph\u00f9 h\u1ee3p v\u1edbi nhi\u1ec1u ng\u00e0nh c\u00f4ng nghi\u1ec7p:<\/p>\n<h3 data-section-id=\"1gqkvxh\" data-start=\"2655\" data-end=\"2692\"><span role=\"text\"><strong data-start=\"2659\" data-end=\"2692\">1. Kho b\u00e3i &amp; ph\u00e2n ph\u1ed1i<\/strong><\/span><\/h3>\n<ul data-start=\"2693\" data-end=\"2754\">\n<li data-section-id=\"146u8is\" data-start=\"2693\" data-end=\"2718\">X\u1eed l\u00fd pallet t\u1ea3i n\u1eb7ng<\/li>\n<li data-section-id=\"u65kaz\" data-start=\"2719\" data-end=\"2754\">Ho\u1ea1t \u0111\u1ed9ng x\u1ebfp d\u1ee1 h\u00e0ng h\u00f3a c\u01b0\u1eddng \u0111\u1ed9 cao<\/li>\n<\/ul>\n<h3 data-section-id=\"1xxrt8m\" data-start=\"2756\" data-end=\"2791\"><span role=\"text\"><strong data-start=\"2760\" data-end=\"2791\">2. S\u1ea3n xu\u1ea5t &amp; c\u00f4ng nghi\u1ec7p<\/strong><\/span><\/h3>\n<ul data-start=\"2792\" data-end=\"2868\">\n<li data-section-id=\"1j53o6v\" data-start=\"2792\" data-end=\"2841\">V\u1eadn chuy\u1ec3n nguy\u00ean v\u1eadt li\u1ec7u v\u00e0 th\u00e0nh ph\u1ea9m<\/li>\n<li data-section-id=\"1x8g0gm\" data-start=\"2842\" data-end=\"2868\">Cung \u1ee9ng cho d\u00e2y chuy\u1ec1n s\u1ea3n xu\u1ea5t<\/li>\n<\/ul>\n<h3 data-section-id=\"1ff194y\" data-start=\"2870\" data-end=\"2909\"><span role=\"text\"><strong data-start=\"2874\" data-end=\"2909\">3. Logistics &amp; b\u1ed1c x\u1ebfp h\u00e0ng h\u00f3a<\/strong><\/span><\/h3>\n<ul data-start=\"2910\" data-end=\"2977\">\n<li data-section-id=\"10nhc0f\" data-start=\"2910\" data-end=\"2957\">B\u1ed1c d\u1ee1 container v\u00e0 xe t\u1ea3i<\/li>\n<li data-section-id=\"1zbk1s\" data-start=\"2958\" data-end=\"2977\">Ho\u1ea1t \u0111\u1ed9ng trong b\u00e3i h\u00e0ng<\/li>\n<\/ul>\n<h3 data-section-id=\"j5kclb\" data-start=\"2979\" data-end=\"3008\"><span role=\"text\"><strong data-start=\"2983\" data-end=\"3008\">4. B\u00e1n l\u1ebb &amp; b\u00e1n bu\u00f4n<\/strong><\/span><\/h3>\n<ul data-start=\"3009\" data-end=\"3080\">\n<li data-section-id=\"1t1hyxm\" data-start=\"3009\" data-end=\"3043\">Kho l\u01b0u tr\u1eef quy m\u00f4 l\u1edbn<\/li>\n<li data-section-id=\"ocwuhy\" data-start=\"3044\" data-end=\"3080\">C\u1eeda h\u00e0ng v\u1eadt li\u1ec7u x\u00e2y d\u1ef1ng v\u00e0 DIY<\/li>\n<\/ul>\n<h3 data-section-id=\"1mws8wz\" data-start=\"3082\" data-end=\"3111\"><span role=\"text\"><strong data-start=\"3086\" data-end=\"3111\">5. Ho\u1ea1t \u0111\u1ed9ng ngo\u00e0i tr\u1eddi<\/strong><\/span><\/h3>\n<ul data-start=\"3112\" data-end=\"3223\">\n<li data-section-id=\"1udzbf6\" data-start=\"3112\" data-end=\"3172\">Ph\u00f9 h\u1ee3p s\u1eed d\u1ee5ng ngo\u00e0i tr\u1eddi nh\u1edd kho\u1ea3ng s\u00e1ng g\u1ea7m cao<\/li>\n<li data-section-id=\"1v4ymu0\" data-start=\"3173\" data-end=\"3223\">Cabin k\u00edn t\u00f9y ch\u1ecdn gi\u00fap b\u1ea3o v\u1ec7 kh\u1ecfi th\u1eddi ti\u1ebft (m\u01b0a, n\u1eafng, gi\u00f3)<\/li>\n<\/ul>","protected":false},"excerpt":{"rendered":"<p>Product Overview The STILL RCE 25\u201335 electric forklift series is designed to deliver robust performance, efficiency, and reliability for medium to heavy-duty material handling tasks. With load capacities up to 3.5 tons and advanced lithium-ion technology, this series is ideal for both indoor and outdoor applications. Built with durability and operator comfort in mind, the [&hellip;]<\/p>","protected":false},"featured_media":3221,"template":"","meta":{"_acf_changed":false,"inline_featured_image":false},"model-type":[49],"product_brand":[38],"product_cat":[31],"product_tag":[],"class_list":{"0":"post-3212","1":"product","2":"type-product","3":"status-publish","4":"has-post-thumbnail","6":"model-type-electric","7":"product_brand-still","8":"product_cat-electric-forklifts","10":"first","11":"instock","12":"shipping-taxable","13":"product-type-simple"},"acf":[],"yoast_head":"<!-- This site is optimized with the Yoast SEO Premium plugin v25.6 (Yoast SEO v25.6) - https:\/\/yoast.com\/wordpress\/plugins\/seo\/ -->\n<title>RCE 25 \/ RCE 30 \/ RCE 35 (Li-Ion Available) - Goldbell<\/title>\n<meta name=\"robots\" content=\"noindex, follow, max-snippet:-1, max-image-preview:large, max-video-preview:-1\" \/>\n<meta property=\"og:locale\" content=\"vi_VN\" \/>\n<meta property=\"og:type\" content=\"article\" \/>\n<meta property=\"og:title\" content=\"RCE 25 \/ RCE 30 \/ RCE 35 (Li-Ion Available)\" \/>\n<meta property=\"og:description\" content=\"Product Overview The STILL RCE 25\u201335 electric forklift series is designed to deliver robust performance, efficiency, and reliability for medium to heavy-duty material handling tasks. With load capacities up to 3.5 tons and advanced lithium-ion technology, this series is ideal for both indoor and outdoor applications. Built with durability and operator comfort in mind, the [&hellip;]\" \/>\n<meta property=\"og:url\" content=\"https:\/\/goldbellvn.ifdemo.com\/vi\/san-pham\/rce-25-rce-30-rce-35-li-ion-available\/\" \/>\n<meta property=\"og:site_name\" content=\"Goldbell\" \/>\n<meta property=\"article:modified_time\" content=\"2026-04-02T03:16:30+00:00\" \/>\n<meta property=\"og:image\" content=\"https:\/\/goldbellvn.ifdemo.com\/wp-content\/uploads\/2026\/04\/STILL_Produkt_RCE_25-35_Galerie_Seitenansicht-links_4K-e1775099747724.jpg\" \/>\n\t<meta property=\"og:image:width\" content=\"1096\" \/>\n\t<meta property=\"og:image:height\" content=\"844\" \/>\n\t<meta property=\"og:image:type\" content=\"image\/jpeg\" \/>\n<meta name=\"twitter:card\" content=\"summary_large_image\" \/>\n<meta name=\"twitter:label1\" content=\"\u01af\u1edbc t\u00ednh th\u1eddi gian \u0111\u1ecdc\" \/>\n\t<meta name=\"twitter:data1\" content=\"3 ph\u00fat\" \/>\n<script type=\"application\/ld+json\" class=\"yoast-schema-graph\">{\"@context\":\"https:\/\/schema.org\",\"@graph\":[{\"@type\":\"WebPage\",\"@id\":\"https:\/\/goldbellvn.ifdemo.com\/product\/rce-25-rce-30-rce-35-li-ion-available\/\",\"url\":\"https:\/\/goldbellvn.ifdemo.com\/product\/rce-25-rce-30-rce-35-li-ion-available\/\",\"name\":\"RCE 25 \/ RCE 30 \/ RCE 35 (Li-Ion Available) - Goldbell\",\"isPartOf\":{\"@id\":\"https:\/\/goldbellvn.ifdemo.com\/#website\"},\"primaryImageOfPage\":{\"@id\":\"https:\/\/goldbellvn.ifdemo.com\/product\/rce-25-rce-30-rce-35-li-ion-available\/#primaryimage\"},\"image\":{\"@id\":\"https:\/\/goldbellvn.ifdemo.com\/product\/rce-25-rce-30-rce-35-li-ion-available\/#primaryimage\"},\"thumbnailUrl\":\"https:\/\/goldbellvn.ifdemo.com\/wp-content\/uploads\/2026\/04\/STILL_Produkt_RCE_25-35_Galerie_Seitenansicht-links_4K-e1775099747724.jpg\",\"datePublished\":\"2026-04-01T03:31:32+00:00\",\"dateModified\":\"2026-04-02T03:16:30+00:00\",\"breadcrumb\":{\"@id\":\"https:\/\/goldbellvn.ifdemo.com\/product\/rce-25-rce-30-rce-35-li-ion-available\/#breadcrumb\"},\"inLanguage\":\"vi\",\"potentialAction\":[{\"@type\":\"ReadAction\",\"target\":[\"https:\/\/goldbellvn.ifdemo.com\/product\/rce-25-rce-30-rce-35-li-ion-available\/\"]}]},{\"@type\":\"ImageObject\",\"inLanguage\":\"vi\",\"@id\":\"https:\/\/goldbellvn.ifdemo.com\/product\/rce-25-rce-30-rce-35-li-ion-available\/#primaryimage\",\"url\":\"https:\/\/goldbellvn.ifdemo.com\/wp-content\/uploads\/2026\/04\/STILL_Produkt_RCE_25-35_Galerie_Seitenansicht-links_4K-e1775099747724.jpg\",\"contentUrl\":\"https:\/\/goldbellvn.ifdemo.com\/wp-content\/uploads\/2026\/04\/STILL_Produkt_RCE_25-35_Galerie_Seitenansicht-links_4K-e1775099747724.jpg\",\"width\":1096,\"height\":844},{\"@type\":\"BreadcrumbList\",\"@id\":\"https:\/\/goldbellvn.ifdemo.com\/product\/rce-25-rce-30-rce-35-li-ion-available\/#breadcrumb\",\"itemListElement\":[{\"@type\":\"ListItem\",\"position\":1,\"name\":\"Home\",\"item\":\"https:\/\/goldbellvn.ifdemo.com\/\"},{\"@type\":\"ListItem\",\"position\":2,\"name\":\"Products\",\"item\":\"https:\/\/goldbellvn.ifdemo.com\/shop\/\"},{\"@type\":\"ListItem\",\"position\":3,\"name\":\"RCE 25 \/ RCE 30 \/ RCE 35 (Li-Ion Available)\"}]},{\"@type\":\"WebSite\",\"@id\":\"https:\/\/goldbellvn.ifdemo.com\/#website\",\"url\":\"https:\/\/goldbellvn.ifdemo.com\/\",\"name\":\"Goldbell\",\"description\":\"\",\"publisher\":{\"@id\":\"https:\/\/goldbellvn.ifdemo.com\/#organization\"},\"potentialAction\":[{\"@type\":\"SearchAction\",\"target\":{\"@type\":\"EntryPoint\",\"urlTemplate\":\"https:\/\/goldbellvn.ifdemo.com\/?s={search_term_string}\"},\"query-input\":{\"@type\":\"PropertyValueSpecification\",\"valueRequired\":true,\"valueName\":\"search_term_string\"}}],\"inLanguage\":\"vi\"},{\"@type\":\"Organization\",\"@id\":\"https:\/\/goldbellvn.ifdemo.com\/#organization\",\"name\":\"Goldbell\",\"url\":\"https:\/\/goldbellvn.ifdemo.com\/\",\"logo\":{\"@type\":\"ImageObject\",\"inLanguage\":\"vi\",\"@id\":\"https:\/\/goldbellvn.ifdemo.com\/#\/schema\/logo\/image\/\",\"url\":\"https:\/\/goldbellvn.ifdemo.com\/wp-content\/uploads\/2025\/09\/logo.svg\",\"contentUrl\":\"https:\/\/goldbellvn.ifdemo.com\/wp-content\/uploads\/2025\/09\/logo.svg\",\"width\":18,\"height\":23,\"caption\":\"Goldbell\"},\"image\":{\"@id\":\"https:\/\/goldbellvn.ifdemo.com\/#\/schema\/logo\/image\/\"}}]}<\/script>\n<!-- \/ Yoast SEO Premium plugin. -->","yoast_head_json":{"title":"RCE 25 \/ RCE 30 \/ RCE 35 (Li-Ion Available) - Goldbell","robots":{"index":"noindex","follow":"follow","max-snippet":"max-snippet:-1","max-image-preview":"max-image-preview:large","max-video-preview":"max-video-preview:-1"},"og_locale":"vi_VN","og_type":"article","og_title":"RCE 25 \/ RCE 30 \/ RCE 35 (Li-Ion Available)","og_description":"Product Overview The STILL RCE 25\u201335 electric forklift series is designed to deliver robust performance, efficiency, and reliability for medium to heavy-duty material handling tasks. With load capacities up to 3.5 tons and advanced lithium-ion technology, this series is ideal for both indoor and outdoor applications. Built with durability and operator comfort in mind, the [&hellip;]","og_url":"https:\/\/goldbellvn.ifdemo.com\/vi\/san-pham\/rce-25-rce-30-rce-35-li-ion-available\/","og_site_name":"Goldbell","article_modified_time":"2026-04-02T03:16:30+00:00","og_image":[{"width":1096,"height":844,"url":"https:\/\/goldbellvn.ifdemo.com\/wp-content\/uploads\/2026\/04\/STILL_Produkt_RCE_25-35_Galerie_Seitenansicht-links_4K-e1775099747724.jpg","type":"image\/jpeg"}],"twitter_card":"summary_large_image","twitter_misc":{"\u01af\u1edbc t\u00ednh th\u1eddi gian \u0111\u1ecdc":"3 ph\u00fat"},"schema":{"@context":"https:\/\/schema.org","@graph":[{"@type":"WebPage","@id":"https:\/\/goldbellvn.ifdemo.com\/product\/rce-25-rce-30-rce-35-li-ion-available\/","url":"https:\/\/goldbellvn.ifdemo.com\/product\/rce-25-rce-30-rce-35-li-ion-available\/","name":"RCE 25 \/ RCE 30 \/ RCE 35 (Li-Ion Available) - Goldbell","isPartOf":{"@id":"https:\/\/goldbellvn.ifdemo.com\/#website"},"primaryImageOfPage":{"@id":"https:\/\/goldbellvn.ifdemo.com\/product\/rce-25-rce-30-rce-35-li-ion-available\/#primaryimage"},"image":{"@id":"https:\/\/goldbellvn.ifdemo.com\/product\/rce-25-rce-30-rce-35-li-ion-available\/#primaryimage"},"thumbnailUrl":"https:\/\/goldbellvn.ifdemo.com\/wp-content\/uploads\/2026\/04\/STILL_Produkt_RCE_25-35_Galerie_Seitenansicht-links_4K-e1775099747724.jpg","datePublished":"2026-04-01T03:31:32+00:00","dateModified":"2026-04-02T03:16:30+00:00","breadcrumb":{"@id":"https:\/\/goldbellvn.ifdemo.com\/product\/rce-25-rce-30-rce-35-li-ion-available\/#breadcrumb"},"inLanguage":"vi","potentialAction":[{"@type":"ReadAction","target":["https:\/\/goldbellvn.ifdemo.com\/product\/rce-25-rce-30-rce-35-li-ion-available\/"]}]},{"@type":"ImageObject","inLanguage":"vi","@id":"https:\/\/goldbellvn.ifdemo.com\/product\/rce-25-rce-30-rce-35-li-ion-available\/#primaryimage","url":"https:\/\/goldbellvn.ifdemo.com\/wp-content\/uploads\/2026\/04\/STILL_Produkt_RCE_25-35_Galerie_Seitenansicht-links_4K-e1775099747724.jpg","contentUrl":"https:\/\/goldbellvn.ifdemo.com\/wp-content\/uploads\/2026\/04\/STILL_Produkt_RCE_25-35_Galerie_Seitenansicht-links_4K-e1775099747724.jpg","width":1096,"height":844},{"@type":"BreadcrumbList","@id":"https:\/\/goldbellvn.ifdemo.com\/product\/rce-25-rce-30-rce-35-li-ion-available\/#breadcrumb","itemListElement":[{"@type":"ListItem","position":1,"name":"Home","item":"https:\/\/goldbellvn.ifdemo.com\/"},{"@type":"ListItem","position":2,"name":"Products","item":"https:\/\/goldbellvn.ifdemo.com\/shop\/"},{"@type":"ListItem","position":3,"name":"RCE 25 \/ RCE 30 \/ RCE 35 (Li-Ion Available)"}]},{"@type":"WebSite","@id":"https:\/\/goldbellvn.ifdemo.com\/#website","url":"https:\/\/goldbellvn.ifdemo.com\/","name":"Goldbell","description":"","publisher":{"@id":"https:\/\/goldbellvn.ifdemo.com\/#organization"},"potentialAction":[{"@type":"SearchAction","target":{"@type":"EntryPoint","urlTemplate":"https:\/\/goldbellvn.ifdemo.com\/?s={search_term_string}"},"query-input":{"@type":"PropertyValueSpecification","valueRequired":true,"valueName":"search_term_string"}}],"inLanguage":"vi"},{"@type":"Organization","@id":"https:\/\/goldbellvn.ifdemo.com\/#organization","name":"Goldbell","url":"https:\/\/goldbellvn.ifdemo.com\/","logo":{"@type":"ImageObject","inLanguage":"vi","@id":"https:\/\/goldbellvn.ifdemo.com\/#\/schema\/logo\/image\/","url":"https:\/\/goldbellvn.ifdemo.com\/wp-content\/uploads\/2025\/09\/logo.svg","contentUrl":"https:\/\/goldbellvn.ifdemo.com\/wp-content\/uploads\/2025\/09\/logo.svg","width":18,"height":23,"caption":"Goldbell"},"image":{"@id":"https:\/\/goldbellvn.ifdemo.com\/#\/schema\/logo\/image\/"}}]}},"_links":{"self":[{"href":"https:\/\/goldbellvn.ifdemo.com\/vi\/wp-json\/wp\/v2\/product\/3212","targetHints":{"allow":["GET"]}}],"collection":[{"href":"https:\/\/goldbellvn.ifdemo.com\/vi\/wp-json\/wp\/v2\/product"}],"about":[{"href":"https:\/\/goldbellvn.ifdemo.com\/vi\/wp-json\/wp\/v2\/types\/product"}],"wp:featuredmedia":[{"embeddable":true,"href":"https:\/\/goldbellvn.ifdemo.com\/vi\/wp-json\/wp\/v2\/media\/3221"}],"wp:attachment":[{"href":"https:\/\/goldbellvn.ifdemo.com\/vi\/wp-json\/wp\/v2\/media?parent=3212"}],"wp:term":[{"taxonomy":"model-type","embeddable":true,"href":"https:\/\/goldbellvn.ifdemo.com\/vi\/wp-json\/wp\/v2\/model-type?post=3212"},{"taxonomy":"product_brand","embeddable":true,"href":"https:\/\/goldbellvn.ifdemo.com\/vi\/wp-json\/wp\/v2\/product_brand?post=3212"},{"taxonomy":"product_cat","embeddable":true,"href":"https:\/\/goldbellvn.ifdemo.com\/vi\/wp-json\/wp\/v2\/product_cat?post=3212"},{"taxonomy":"product_tag","embeddable":true,"href":"https:\/\/goldbellvn.ifdemo.com\/vi\/wp-json\/wp\/v2\/product_tag?post=3212"}],"curies":[{"name":"wp","href":"https:\/\/api.w.org\/{rel}","templated":true}]}}