{"id":3213,"date":"2026-04-01T10:35:40","date_gmt":"2026-04-01T03:35:40","guid":{"rendered":"https:\/\/goldbell.123websitedev.com\/?post_type=product&#038;p=3213"},"modified":"2026-04-02T10:17:19","modified_gmt":"2026-04-02T03:17:19","slug":"rx-60-35-rx-60-40-rx-60-45-rx-60-50-li-ion-available","status":"publish","type":"product","link":"https:\/\/goldbellvn.ifdemo.com\/vi\/san-pham\/rx-60-35-rx-60-40-rx-60-45-rx-60-50-li-ion-available\/","title":{"rendered":"RX 60-35 \/ RX 60-40 \/ RX 60-45 \/ RX 60-50 (C\u00f3 t\u00f9y ch\u1ecdn pin Lithium-ion)"},"content":{"rendered":"<h2 data-section-id=\"1bovg99\" data-start=\"230\" data-end=\"253\"><span role=\"text\"><strong data-start=\"233\" data-end=\"253\">T\u1ed5ng quan s\u1ea3n ph\u1ea9m<\/strong><\/span><\/h2>\n<p data-start=\"255\" data-end=\"593\">D\u00f2ng xe n\u00e2ng \u0111i\u1ec7n STILL RX 60-35 \u0111\u1ebfn RX 60-50 \u0111\u01b0\u1ee3c thi\u1ebft k\u1ebf cho c\u00e1c ho\u1ea1t \u0111\u1ed9ng logistics n\u1ed9i b\u1ed9 hi\u1ec7u su\u1ea5t cao, mang l\u1ea1i s\u1ef1 c\u00e2n b\u1eb1ng t\u1ed1i \u01b0u gi\u1eefa s\u1ee9c m\u1ea1nh, \u0111\u1ed9 ch\u00ednh x\u00e1c v\u00e0 hi\u1ec7u qu\u1ea3 n\u0103ng l\u01b0\u1ee3ng. V\u1edbi t\u1ea3i tr\u1ecdng t\u1eeb 3.5 \u0111\u1ebfn 5.0 t\u1ea5n, d\u00f2ng xe n\u00e0y ph\u00f9 h\u1ee3p cho c\u00e1c \u1ee9ng d\u1ee5ng c\u00f4ng nghi\u1ec7p n\u1eb7ng c\u1ea3 trong nh\u00e0 v\u00e0 ngo\u00e0i tr\u1eddi. <strong data-start=\"478\" data-end=\"497\">3.5 to 5.0 tons<\/strong>, this series is designed to handle demanding industrial applications both indoors and outdoors.<\/p>\n<p data-start=\"595\" data-end=\"895\">\u0110\u01b0\u1ee3c trang b\u1ecb c\u00f4ng ngh\u1ec7 truy\u1ec1n \u0111\u1ed9ng \u0111i\u1ec7n ti\u00ean ti\u1ebfn v\u00e0 t\u00f9y ch\u1ecdn pin lithium-ion, d\u00f2ng RX 60 mang l\u1ea1i th\u1eddi gian v\u1eadn h\u00e0nh d\u00e0i, kh\u00f4ng ph\u00e1t th\u1ea3i v\u00e0 kh\u1ea3 n\u0103ng x\u1eed l\u00fd v\u01b0\u1ee3t tr\u1ed9i\u2014l\u00e0 l\u1ef1a ch\u1ecdn h\u00e0ng \u0111\u1ea7u cho kho b\u00e3i hi\u1ec7n \u0111\u1ea1i v\u00e0 m\u00f4i tr\u01b0\u1eddng logistics c\u01b0\u1eddng \u0111\u1ed9 cao.<\/p>\n<p data-start=\"897\" data-end=\"914\">C\u00e1c model g\u1ed3m:<\/p>\n<ul data-start=\"915\" data-end=\"1127\">\n<li data-section-id=\"88msct\" data-start=\"915\" data-end=\"947\">RX 60-35 (Plus) \/ 600 Li-Ion<\/li>\n<li data-section-id=\"1j421xy\" data-start=\"948\" data-end=\"974\">RX 60-40 (Plus) Li-Ion<\/li>\n<li data-section-id=\"1oqke7j\" data-start=\"975\" data-end=\"1007\">RX 60-40 (Plus) \/ 600 Li-Ion<\/li>\n<li data-section-id=\"1wvi02b\" data-start=\"1008\" data-end=\"1034\">RX 60-45 (Plus) Li-Ion<\/li>\n<li data-section-id=\"v5yd9m\" data-start=\"1035\" data-end=\"1067\">RX 60-45 (Plus) \/ 600 Li-Ion<\/li>\n<li data-section-id=\"1muk3ef\" data-start=\"1068\" data-end=\"1094\">RX 60-50 (Plus) Li-Ion<\/li>\n<li data-section-id=\"j0spvy\" data-start=\"1095\" data-end=\"1127\">RX 60-50 (Plus) \/ 600 Li-Ion<\/li>\n<\/ul>\n<hr data-start=\"1129\" data-end=\"1132\" \/>\n<h2 data-section-id=\"1pi78xj\" data-start=\"1134\" data-end=\"1164\"><span role=\"text\"><strong data-start=\"1137\" data-end=\"1164\">T\u00ednh n\u0103ng &amp; l\u1ee3i \u00edch ch\u00ednh<\/strong><\/span><\/h2>\n<h3 data-section-id=\"1bfsjvz\" data-start=\"1166\" data-end=\"1221\"><span role=\"text\"><strong data-start=\"1170\" data-end=\"1221\">1. Hi\u1ec7u su\u1ea5t cao cho \u1ee9ng d\u1ee5ng t\u1ea3i n\u1eb7ng<\/strong><\/span><\/h3>\n<ul data-start=\"1222\" data-end=\"1445\">\n<li data-section-id=\"ymg749\" data-start=\"1222\" data-end=\"1258\">T\u1ea3i tr\u1ecdng l\u00ean \u0111\u1ebfn <strong data-start=\"1244\" data-end=\"1256\">5.0 t\u1ea5n<\/strong><\/li>\n<li data-section-id=\"1eyxs8l\" data-start=\"1259\" data-end=\"1298\">T\u1ed1c \u0111\u1ed9 di chuy\u1ec3n t\u1ed1i \u0111a <strong data-start=\"1285\" data-end=\"1296\">20 km\/h<\/strong><\/li>\n<li data-section-id=\"1w4yppt\" data-start=\"1299\" data-end=\"1345\">Kh\u1ea3 n\u0103ng t\u0103ng t\u1ed1c m\u1ea1nh v\u00e0 hi\u1ec7u su\u1ea5t x\u1eed l\u00fd cao<\/li>\n<li data-section-id=\"90vaif\" data-start=\"1346\" data-end=\"1388\">2 \u0111\u1ed9ng c\u01a1 truy\u1ec1n \u0111\u1ed9ng m\u1ea1nh m\u1ebd (2 \u00d7 11 kW)<\/li>\n<li data-section-id=\"1b5vwjt\" data-start=\"1389\" data-end=\"1445\">Hi\u1ec7u su\u1ea5t \u1ed5n \u0111\u1ecbnh trong v\u1eadn h\u00e0nh nhi\u1ec1u ca<\/li>\n<\/ul>\n<h3 data-section-id=\"1otx2h\" data-start=\"1447\" data-end=\"1496\"><span role=\"text\"><strong data-start=\"1451\" data-end=\"1496\">2. V\u1eadn h\u00e0nh kh\u00f4ng ph\u00e1t th\u1ea3i \u2013 b\u1ec1n v\u1eefng<\/strong><\/span><\/h3>\n<ul data-start=\"1497\" data-end=\"1666\">\n<li data-section-id=\"c3hsht\" data-start=\"1497\" data-end=\"1547\">H\u1ec7 th\u1ed1ng truy\u1ec1n \u0111\u1ed9ng \u0111i\u1ec7n ho\u00e0n to\u00e0n \u2192 <strong data-start=\"1529\" data-end=\"1545\">kh\u00f4ng ph\u00e1c th\u1ea3i<\/strong><\/li>\n<li data-section-id=\"1cide8a\" data-start=\"1548\" data-end=\"1608\">Ph\u00f9 h\u1ee3p s\u1eed d\u1ee5ng trong nh\u00e0 v\u00e0 khu v\u1ef1c y\u00eau c\u1ea7u m\u00f4i tr\u01b0\u1eddng s\u1ea1ch<\/li>\n<li data-section-id=\"iwt95u\" data-start=\"1609\" data-end=\"1666\">Gi\u1ea3m l\u01b0\u1ee3ng kh\u00ed th\u1ea3i carbon so v\u1edbi xe n\u00e2ng d\u1ea7u<\/li>\n<\/ul>\n<h3 data-section-id=\"19wcpm6\" data-start=\"1668\" data-end=\"1710\"><span role=\"text\"><strong data-start=\"1672\" data-end=\"1710\">3. C\u00f4ng ngh\u1ec7 pin lithium-ion ti\u00ean ti\u1ebfn<\/strong><\/span><\/h3>\n<ul data-start=\"1711\" data-end=\"1949\">\n<li data-section-id=\"13fzebo\" data-start=\"1711\" data-end=\"1746\">H\u1ec7 th\u1ed1ng pin kh\u00f4ng c\u1ea7n b\u1ea3o tr\u00ec<\/li>\n<li data-section-id=\"1dq1z1w\" data-start=\"1747\" data-end=\"1799\">H\u1ed7 tr\u1ee3 s\u1ea1c nhanh<\/li>\n<li data-section-id=\"1h9us47\" data-start=\"1800\" data-end=\"1868\">C\u00f3 th\u1ec3 v\u1eadn h\u00e0nh <strong data-start=\"1813\" data-end=\"1866\">nhi\u1ec1u ca m\u00e0 kh\u00f4ng c\u1ea7n thay pin<\/strong><\/li>\n<li data-section-id=\"12w0m8s\" data-start=\"1869\" data-end=\"1949\">Tu\u1ed5i th\u1ecd pin cao, gi\u1ea3m th\u1eddi gian d\u1eebng m\u00e1y<\/li>\n<\/ul>\n<h3 data-section-id=\"17d8k3l\" data-start=\"1951\" data-end=\"1998\"><span role=\"text\"><strong data-start=\"1955\" data-end=\"1998\">4. \u0110i\u1ec1u khi\u1ec3n th\u00f4ng minh &amp; v\u1eadn h\u00e0nh d\u1ec5 d\u00e0ng<\/strong><\/span><\/h3>\n<ul data-start=\"1999\" data-end=\"2176\">\n<li data-section-id=\"180ollf\" data-start=\"1999\" data-end=\"2042\"><strong data-start=\"2001\" data-end=\"2023\">M\u00e1y t\u00ednh \u0111i\u1ec1u khi\u1ec3n<\/strong> tr\u00ean xe STILL<\/li>\n<li data-section-id=\"15r04if\" data-start=\"2043\" data-end=\"2089\">Ch\u1ee9c n\u0103ng kh\u1edfi \u0111\u1ed9ng nhanh<\/li>\n<li data-section-id=\"djzujf\" data-start=\"2090\" data-end=\"2130\">\u0110i\u1ec1u khi\u1ec3n ch\u00ednh x\u00e1c v\u00e0 tr\u1ef1c quan<\/li>\n<li data-section-id=\"1xws5xi\" data-start=\"2131\" data-end=\"2176\">Hi\u1ec3n th\u1ecb d\u1eef li\u1ec7u v\u1eadn h\u00e0nh theo th\u1eddi gian th\u1ef1c<\/li>\n<\/ul>\n<h3 data-section-id=\"b5755o\" data-start=\"2178\" data-end=\"2222\"><span role=\"text\"><strong data-start=\"2182\" data-end=\"2222\">5. C\u00f4ng th\u00e1i h\u1ecdc &amp; s\u1ef1 tho\u1ea3i m\u00e1i cho ng\u01b0\u1eddi v\u1eadn h\u00e0nh<\/strong><\/span><\/h3>\n<ul data-start=\"2223\" data-end=\"2413\">\n<li data-section-id=\"ebeacg\" data-start=\"2223\" data-end=\"2272\">Khoang l\u00e1i r\u1ed9ng r\u00e3i, gi\u1ea3m m\u1ec7t m\u1ecfi khi l\u00e0m vi\u1ec7c<\/li>\n<li data-section-id=\"1r94x0n\" data-start=\"2273\" data-end=\"2312\">Gh\u1ebf v\u00e0 v\u00f4 l\u0103ng \u0111i\u1ec1u ch\u1ec9nh linh ho\u1ea1t<\/li>\n<li data-section-id=\"72qqyi\" data-start=\"2313\" data-end=\"2363\">T\u00f9y ch\u1ecdn \u0111i\u1ec1u h\u00f2a kh\u00f4ng kh\u00ed<\/li>\n<li data-section-id=\"1k7zszr\" data-start=\"2364\" data-end=\"2413\">B\u1eadc l\u00ean xu\u1ed1ng l\u1edbn, ch\u1ed1ng tr\u01b0\u1ee3t, an to\u00e0n<\/li>\n<\/ul>\n<h3 data-section-id=\"1mmou6i\" data-start=\"2415\" data-end=\"2453\"><span role=\"text\"><strong data-start=\"2419\" data-end=\"2453\">6. An to\u00e0n t\u1ed1i \u0111a &amp; t\u1ea7m nh\u00ecn v\u01b0\u1ee3t tr\u1ed9i<\/strong><\/span><\/h3>\n<ul data-start=\"2454\" data-end=\"2751\">\n<li data-section-id=\"1w484ka\" data-start=\"2454\" data-end=\"2511\">Thi\u1ebft k\u1ebf khung n\u00e2ng m\u1ea3nh gi\u00fap t\u0103ng t\u1ea7m nh\u00ecn ph\u00eda tr\u01b0\u1edbc<\/li>\n<li data-section-id=\"4gyiyw\" data-start=\"2512\" data-end=\"2556\">Tr\u1ecdng t\u00e2m th\u1ea5p gi\u00fap t\u0103ng \u0111\u1ed9 \u1ed5n \u0111\u1ecbnh<\/li>\n<li data-section-id=\"suc1m9\" data-start=\"2557\" data-end=\"2610\">H\u1ec7 th\u1ed1ng phanh \u0111\u0129a th\u1ee7y l\u1ef1c \u0111\u1ea3m b\u1ea3o d\u1eebng ch\u00ednh x\u00e1c<\/li>\n<li data-section-id=\"d7etm4\" data-start=\"2611\" data-end=\"2649\">T\u1ea7m nh\u00ecn to\u00e0n c\u1ea3nh gi\u00fap v\u1eadn h\u00e0nh an to\u00e0n h\u01a1n<\/li>\n<li data-section-id=\"1yfvuln\" data-start=\"2650\" data-end=\"2751\">T\u00f9y ch\u1ecdn an to\u00e0n:\n<ul data-start=\"2680\" data-end=\"2751\">\n<li data-section-id=\"2xkzek\" data-start=\"2680\" data-end=\"2707\">H\u1ec7 th\u1ed1ng \u0111\u00e8n an to\u00e0n<\/li>\n<li data-section-id=\"puq5s\" data-start=\"2710\" data-end=\"2751\">Cabin k\u00edn v\u1eadn h\u00e0nh trong m\u1ecdi \u0111i\u1ec1u ki\u1ec7n th\u1eddi ti\u1ebft<\/li>\n<\/ul>\n<\/li>\n<\/ul>\n<h3 data-section-id=\"11fhqdc\" data-start=\"2753\" data-end=\"2793\"><span role=\"text\"><strong data-start=\"2757\" data-end=\"2793\">7. K\u1ebft c\u1ea5u b\u1ec1n b\u1ec9<\/strong><\/span><\/h3>\n<ul data-start=\"2794\" data-end=\"2940\">\n<li data-section-id=\"15z1nnq\" data-start=\"2794\" data-end=\"2842\">Khung th\u00e9p ch\u1ecbu t\u1ea3i n\u1eb7ng, tu\u1ed5i th\u1ecd cao<\/li>\n<li data-section-id=\"n196td\" data-start=\"2843\" data-end=\"2889\">Thi\u1ebft k\u1ebf ph\u00f9 h\u1ee3p m\u00f4i tr\u01b0\u1eddng c\u00f4ng nghi\u1ec7p kh\u1eafc nghi\u1ec7t<\/li>\n<li data-section-id=\"1qesoft\" data-start=\"2890\" data-end=\"2940\">Kho\u1ea3ng s\u00e1ng g\u1ea7m cao, ph\u00f9 h\u1ee3p v\u1eadn h\u00e0nh ngo\u00e0i tr\u1eddi<\/li>\n<\/ul>\n<hr data-start=\"2942\" data-end=\"2945\" \/>\n<h2 data-section-id=\"k0zlak\" data-start=\"2947\" data-end=\"2966\"><span role=\"text\"><strong data-start=\"2950\" data-end=\"2966\">\u1ee8ng d\u1ee5ng<\/strong><\/span><\/h2>\n<p data-start=\"2968\" data-end=\"3010\">D\u00f2ng STILL RX 60-35\/50 ph\u00f9 h\u1ee3p l\u00fd t\u01b0\u1edfng cho:<\/p>\n<h3 data-section-id=\"3zuml9\" data-start=\"3012\" data-end=\"3053\"><span role=\"text\"><strong data-start=\"3016\" data-end=\"3053\">1. S\u1ea3n xu\u1ea5t c\u00f4ng nghi\u1ec7p n\u1eb7ng<\/strong><\/span><\/h3>\n<ul data-start=\"3054\" data-end=\"3127\">\n<li data-section-id=\"jf727f\" data-start=\"3054\" data-end=\"3097\">X\u1eed l\u00fd linh ki\u1ec7n v\u00e0 v\u1eadt li\u1ec7u n\u1eb7ng<\/li>\n<li data-section-id=\"1lzhxqu\" data-start=\"3098\" data-end=\"3127\">Logistics d\u00e2y chuy\u1ec1n s\u1ea3n xu\u1ea5t<\/li>\n<\/ul>\n<h3 data-section-id=\"hlxagu\" data-start=\"3129\" data-end=\"3174\"><span role=\"text\"><strong data-start=\"3133\" data-end=\"3174\">2. Kho b\u00e3i &amp; trung t\u00e2m ph\u00e2n ph\u1ed1i<\/strong><\/span><\/h3>\n<ul data-start=\"3175\" data-end=\"3244\">\n<li data-section-id=\"1ko70vi\" data-start=\"3175\" data-end=\"3210\">X\u1eed l\u00fd pallet s\u1ed1 l\u01b0\u1ee3ng l\u1edbn<\/li>\n<li data-section-id=\"1n4b9w1\" data-start=\"3211\" data-end=\"3244\">Ho\u1ea1t \u0111\u1ed9ng x\u1ebfp d\u1ee1 c\u01b0\u1eddng \u0111\u1ed9 cao<\/li>\n<\/ul>\n<h3 data-section-id=\"1ff194y\" data-start=\"3246\" data-end=\"3285\"><span role=\"text\"><strong data-start=\"3250\" data-end=\"3285\">3. Logistics &amp; b\u1ed1c x\u1ebfp h\u00e0ng h\u00f3a<\/strong><\/span><\/h3>\n<ul data-start=\"3286\" data-end=\"3349\">\n<li data-section-id=\"yt5twr\" data-start=\"3286\" data-end=\"3329\">X\u1ebfp d\u1ee1 container, xe t\u1ea3i<\/li>\n<li data-section-id=\"1zbk1s\" data-start=\"3330\" data-end=\"3349\">Ho\u1ea1t \u0111\u1ed9ng trong b\u00e3i h\u00e0ng<\/li>\n<\/ul>\n<h3 data-section-id=\"1yv1r1e\" data-start=\"3351\" data-end=\"3380\"><span role=\"text\"><strong data-start=\"3355\" data-end=\"3380\">4. V\u1eadn h\u00e0nh ngo\u00e0i tr\u1eddi<\/strong><\/span><\/h3>\n<ul data-start=\"3381\" data-end=\"3497\">\n<li data-section-id=\"1paigra\" data-start=\"3381\" data-end=\"3433\">Thi\u1ebft k\u1ebf b\u1ec1n b\u1ec9 ph\u00f9 h\u1ee3p m\u00f4i tr\u01b0\u1eddng ngo\u00e0i tr\u1eddi<\/li>\n<li data-section-id=\"135hgxu\" data-start=\"3434\" data-end=\"3497\">T\u00f9y ch\u1ecdn cabin k\u00edn cho m\u1ecdi \u0111i\u1ec1u ki\u1ec7n th\u1eddi ti\u1ebft<\/li>\n<\/ul>\n<h3 data-section-id=\"fq59r3\" data-start=\"3499\" data-end=\"3532\"><span role=\"text\"><strong data-start=\"3503\" data-end=\"3532\">5. V\u1eadn h\u00e0nh nhi\u1ec1u ca<\/strong><\/span><\/h3>\n<ul data-start=\"3533\" data-end=\"3626\">\n<li data-section-id=\"a7lxje\" data-start=\"3533\" data-end=\"3593\">Ph\u00f9 h\u1ee3p <strong data-start=\"3545\" data-end=\"3564\">ho\u1ea1t \u0111\u1ed9ng 24\/7<\/strong> v\u1edbi pin lithium-ion<\/li>\n<li data-section-id=\"1klnvpp\" data-start=\"3594\" data-end=\"3626\">N\u00e2ng cao th\u1eddi gian ho\u1ea1t \u0111\u1ed9ng v\u00e0 n\u0103ng su\u1ea5t<\/li>\n<\/ul>","protected":false},"excerpt":{"rendered":"<p>Product Overview The STILL RX 60-35 to RX 60-50 electric forklift series is engineered for high-performance intralogistics operations, offering a perfect balance of power, precision, and energy efficiency. With load capacities ranging from 3.5 to 5.0 tons, this series is designed to handle demanding industrial applications both indoors and outdoors. Powered by advanced electric drive [&hellip;]<\/p>","protected":false},"featured_media":3229,"template":"","meta":{"_acf_changed":false,"inline_featured_image":false},"model-type":[49],"product_brand":[38],"product_cat":[31],"product_tag":[],"class_list":{"0":"post-3213","1":"product","2":"type-product","3":"status-publish","4":"has-post-thumbnail","6":"model-type-electric","7":"product_brand-still","8":"product_cat-electric-forklifts","10":"first","11":"instock","12":"shipping-taxable","13":"product-type-simple"},"acf":[],"yoast_head":"<!-- This site is optimized with the Yoast SEO Premium plugin v25.6 (Yoast SEO v25.6) - https:\/\/yoast.com\/wordpress\/plugins\/seo\/ -->\n<title>RX 60-35 \/ RX 60-40 \/ RX 60-45 \/ RX 60-50 (Li-Ion Available) - Goldbell<\/title>\n<meta name=\"robots\" content=\"noindex, follow, max-snippet:-1, max-image-preview:large, max-video-preview:-1\" \/>\n<meta property=\"og:locale\" content=\"vi_VN\" \/>\n<meta property=\"og:type\" content=\"article\" \/>\n<meta property=\"og:title\" content=\"RX 60-35 \/ RX 60-40 \/ RX 60-45 \/ RX 60-50 (Li-Ion Available)\" \/>\n<meta property=\"og:description\" content=\"Product Overview The STILL RX 60-35 to RX 60-50 electric forklift series is engineered for high-performance intralogistics operations, offering a perfect balance of power, precision, and energy efficiency. With load capacities ranging from 3.5 to 5.0 tons, this series is designed to handle demanding industrial applications both indoors and outdoors. Powered by advanced electric drive [&hellip;]\" \/>\n<meta property=\"og:url\" content=\"https:\/\/goldbellvn.ifdemo.com\/vi\/san-pham\/rx-60-35-rx-60-40-rx-60-45-rx-60-50-li-ion-available\/\" \/>\n<meta property=\"og:site_name\" content=\"Goldbell\" \/>\n<meta property=\"article:modified_time\" content=\"2026-04-02T03:17:19+00:00\" \/>\n<meta property=\"og:image\" content=\"https:\/\/goldbellvn.ifdemo.com\/wp-content\/uploads\/2026\/04\/STILL_RX-60-50_Content_Heckdiagonale_1_4k-e1775099812440.jpg\" \/>\n\t<meta property=\"og:image:width\" content=\"944\" \/>\n\t<meta property=\"og:image:height\" content=\"844\" \/>\n\t<meta property=\"og:image:type\" content=\"image\/jpeg\" \/>\n<meta name=\"twitter:card\" content=\"summary_large_image\" \/>\n<meta name=\"twitter:label1\" content=\"\u01af\u1edbc t\u00ednh th\u1eddi gian \u0111\u1ecdc\" \/>\n\t<meta name=\"twitter:data1\" content=\"3 ph\u00fat\" \/>\n<script type=\"application\/ld+json\" class=\"yoast-schema-graph\">{\"@context\":\"https:\/\/schema.org\",\"@graph\":[{\"@type\":\"WebPage\",\"@id\":\"https:\/\/goldbellvn.ifdemo.com\/product\/rx-60-35-rx-60-40-rx-60-45-rx-60-50-li-ion-available\/\",\"url\":\"https:\/\/goldbellvn.ifdemo.com\/product\/rx-60-35-rx-60-40-rx-60-45-rx-60-50-li-ion-available\/\",\"name\":\"RX 60-35 \/ RX 60-40 \/ RX 60-45 \/ RX 60-50 (Li-Ion Available) - Goldbell\",\"isPartOf\":{\"@id\":\"https:\/\/goldbellvn.ifdemo.com\/#website\"},\"primaryImageOfPage\":{\"@id\":\"https:\/\/goldbellvn.ifdemo.com\/product\/rx-60-35-rx-60-40-rx-60-45-rx-60-50-li-ion-available\/#primaryimage\"},\"image\":{\"@id\":\"https:\/\/goldbellvn.ifdemo.com\/product\/rx-60-35-rx-60-40-rx-60-45-rx-60-50-li-ion-available\/#primaryimage\"},\"thumbnailUrl\":\"https:\/\/goldbellvn.ifdemo.com\/wp-content\/uploads\/2026\/04\/STILL_RX-60-50_Content_Heckdiagonale_1_4k-e1775099812440.jpg\",\"datePublished\":\"2026-04-01T03:35:40+00:00\",\"dateModified\":\"2026-04-02T03:17:19+00:00\",\"breadcrumb\":{\"@id\":\"https:\/\/goldbellvn.ifdemo.com\/product\/rx-60-35-rx-60-40-rx-60-45-rx-60-50-li-ion-available\/#breadcrumb\"},\"inLanguage\":\"vi\",\"potentialAction\":[{\"@type\":\"ReadAction\",\"target\":[\"https:\/\/goldbellvn.ifdemo.com\/product\/rx-60-35-rx-60-40-rx-60-45-rx-60-50-li-ion-available\/\"]}]},{\"@type\":\"ImageObject\",\"inLanguage\":\"vi\",\"@id\":\"https:\/\/goldbellvn.ifdemo.com\/product\/rx-60-35-rx-60-40-rx-60-45-rx-60-50-li-ion-available\/#primaryimage\",\"url\":\"https:\/\/goldbellvn.ifdemo.com\/wp-content\/uploads\/2026\/04\/STILL_RX-60-50_Content_Heckdiagonale_1_4k-e1775099812440.jpg\",\"contentUrl\":\"https:\/\/goldbellvn.ifdemo.com\/wp-content\/uploads\/2026\/04\/STILL_RX-60-50_Content_Heckdiagonale_1_4k-e1775099812440.jpg\",\"width\":944,\"height\":844},{\"@type\":\"BreadcrumbList\",\"@id\":\"https:\/\/goldbellvn.ifdemo.com\/product\/rx-60-35-rx-60-40-rx-60-45-rx-60-50-li-ion-available\/#breadcrumb\",\"itemListElement\":[{\"@type\":\"ListItem\",\"position\":1,\"name\":\"Home\",\"item\":\"https:\/\/goldbellvn.ifdemo.com\/\"},{\"@type\":\"ListItem\",\"position\":2,\"name\":\"Products\",\"item\":\"https:\/\/goldbellvn.ifdemo.com\/shop\/\"},{\"@type\":\"ListItem\",\"position\":3,\"name\":\"RX 60-35 \/ RX 60-40 \/ RX 60-45 \/ RX 60-50 (Li-Ion Available)\"}]},{\"@type\":\"WebSite\",\"@id\":\"https:\/\/goldbellvn.ifdemo.com\/#website\",\"url\":\"https:\/\/goldbellvn.ifdemo.com\/\",\"name\":\"Goldbell\",\"description\":\"\",\"publisher\":{\"@id\":\"https:\/\/goldbellvn.ifdemo.com\/#organization\"},\"potentialAction\":[{\"@type\":\"SearchAction\",\"target\":{\"@type\":\"EntryPoint\",\"urlTemplate\":\"https:\/\/goldbellvn.ifdemo.com\/?s={search_term_string}\"},\"query-input\":{\"@type\":\"PropertyValueSpecification\",\"valueRequired\":true,\"valueName\":\"search_term_string\"}}],\"inLanguage\":\"vi\"},{\"@type\":\"Organization\",\"@id\":\"https:\/\/goldbellvn.ifdemo.com\/#organization\",\"name\":\"Goldbell\",\"url\":\"https:\/\/goldbellvn.ifdemo.com\/\",\"logo\":{\"@type\":\"ImageObject\",\"inLanguage\":\"vi\",\"@id\":\"https:\/\/goldbellvn.ifdemo.com\/#\/schema\/logo\/image\/\",\"url\":\"https:\/\/goldbellvn.ifdemo.com\/wp-content\/uploads\/2025\/09\/logo.svg\",\"contentUrl\":\"https:\/\/goldbellvn.ifdemo.com\/wp-content\/uploads\/2025\/09\/logo.svg\",\"width\":18,\"height\":23,\"caption\":\"Goldbell\"},\"image\":{\"@id\":\"https:\/\/goldbellvn.ifdemo.com\/#\/schema\/logo\/image\/\"}}]}<\/script>\n<!-- \/ Yoast SEO Premium plugin. -->","yoast_head_json":{"title":"RX 60-35 \/ RX 60-40 \/ RX 60-45 \/ RX 60-50 (Li-Ion Available) - Goldbell","robots":{"index":"noindex","follow":"follow","max-snippet":"max-snippet:-1","max-image-preview":"max-image-preview:large","max-video-preview":"max-video-preview:-1"},"og_locale":"vi_VN","og_type":"article","og_title":"RX 60-35 \/ RX 60-40 \/ RX 60-45 \/ RX 60-50 (Li-Ion Available)","og_description":"Product Overview The STILL RX 60-35 to RX 60-50 electric forklift series is engineered for high-performance intralogistics operations, offering a perfect balance of power, precision, and energy efficiency. With load capacities ranging from 3.5 to 5.0 tons, this series is designed to handle demanding industrial applications both indoors and outdoors. Powered by advanced electric drive [&hellip;]","og_url":"https:\/\/goldbellvn.ifdemo.com\/vi\/san-pham\/rx-60-35-rx-60-40-rx-60-45-rx-60-50-li-ion-available\/","og_site_name":"Goldbell","article_modified_time":"2026-04-02T03:17:19+00:00","og_image":[{"width":944,"height":844,"url":"https:\/\/goldbellvn.ifdemo.com\/wp-content\/uploads\/2026\/04\/STILL_RX-60-50_Content_Heckdiagonale_1_4k-e1775099812440.jpg","type":"image\/jpeg"}],"twitter_card":"summary_large_image","twitter_misc":{"\u01af\u1edbc t\u00ednh th\u1eddi gian \u0111\u1ecdc":"3 ph\u00fat"},"schema":{"@context":"https:\/\/schema.org","@graph":[{"@type":"WebPage","@id":"https:\/\/goldbellvn.ifdemo.com\/product\/rx-60-35-rx-60-40-rx-60-45-rx-60-50-li-ion-available\/","url":"https:\/\/goldbellvn.ifdemo.com\/product\/rx-60-35-rx-60-40-rx-60-45-rx-60-50-li-ion-available\/","name":"RX 60-35 \/ RX 60-40 \/ RX 60-45 \/ RX 60-50 (Li-Ion Available) - Goldbell","isPartOf":{"@id":"https:\/\/goldbellvn.ifdemo.com\/#website"},"primaryImageOfPage":{"@id":"https:\/\/goldbellvn.ifdemo.com\/product\/rx-60-35-rx-60-40-rx-60-45-rx-60-50-li-ion-available\/#primaryimage"},"image":{"@id":"https:\/\/goldbellvn.ifdemo.com\/product\/rx-60-35-rx-60-40-rx-60-45-rx-60-50-li-ion-available\/#primaryimage"},"thumbnailUrl":"https:\/\/goldbellvn.ifdemo.com\/wp-content\/uploads\/2026\/04\/STILL_RX-60-50_Content_Heckdiagonale_1_4k-e1775099812440.jpg","datePublished":"2026-04-01T03:35:40+00:00","dateModified":"2026-04-02T03:17:19+00:00","breadcrumb":{"@id":"https:\/\/goldbellvn.ifdemo.com\/product\/rx-60-35-rx-60-40-rx-60-45-rx-60-50-li-ion-available\/#breadcrumb"},"inLanguage":"vi","potentialAction":[{"@type":"ReadAction","target":["https:\/\/goldbellvn.ifdemo.com\/product\/rx-60-35-rx-60-40-rx-60-45-rx-60-50-li-ion-available\/"]}]},{"@type":"ImageObject","inLanguage":"vi","@id":"https:\/\/goldbellvn.ifdemo.com\/product\/rx-60-35-rx-60-40-rx-60-45-rx-60-50-li-ion-available\/#primaryimage","url":"https:\/\/goldbellvn.ifdemo.com\/wp-content\/uploads\/2026\/04\/STILL_RX-60-50_Content_Heckdiagonale_1_4k-e1775099812440.jpg","contentUrl":"https:\/\/goldbellvn.ifdemo.com\/wp-content\/uploads\/2026\/04\/STILL_RX-60-50_Content_Heckdiagonale_1_4k-e1775099812440.jpg","width":944,"height":844},{"@type":"BreadcrumbList","@id":"https:\/\/goldbellvn.ifdemo.com\/product\/rx-60-35-rx-60-40-rx-60-45-rx-60-50-li-ion-available\/#breadcrumb","itemListElement":[{"@type":"ListItem","position":1,"name":"Home","item":"https:\/\/goldbellvn.ifdemo.com\/"},{"@type":"ListItem","position":2,"name":"Products","item":"https:\/\/goldbellvn.ifdemo.com\/shop\/"},{"@type":"ListItem","position":3,"name":"RX 60-35 \/ RX 60-40 \/ RX 60-45 \/ RX 60-50 (Li-Ion Available)"}]},{"@type":"WebSite","@id":"https:\/\/goldbellvn.ifdemo.com\/#website","url":"https:\/\/goldbellvn.ifdemo.com\/","name":"Goldbell","description":"","publisher":{"@id":"https:\/\/goldbellvn.ifdemo.com\/#organization"},"potentialAction":[{"@type":"SearchAction","target":{"@type":"EntryPoint","urlTemplate":"https:\/\/goldbellvn.ifdemo.com\/?s={search_term_string}"},"query-input":{"@type":"PropertyValueSpecification","valueRequired":true,"valueName":"search_term_string"}}],"inLanguage":"vi"},{"@type":"Organization","@id":"https:\/\/goldbellvn.ifdemo.com\/#organization","name":"Goldbell","url":"https:\/\/goldbellvn.ifdemo.com\/","logo":{"@type":"ImageObject","inLanguage":"vi","@id":"https:\/\/goldbellvn.ifdemo.com\/#\/schema\/logo\/image\/","url":"https:\/\/goldbellvn.ifdemo.com\/wp-content\/uploads\/2025\/09\/logo.svg","contentUrl":"https:\/\/goldbellvn.ifdemo.com\/wp-content\/uploads\/2025\/09\/logo.svg","width":18,"height":23,"caption":"Goldbell"},"image":{"@id":"https:\/\/goldbellvn.ifdemo.com\/#\/schema\/logo\/image\/"}}]}},"_links":{"self":[{"href":"https:\/\/goldbellvn.ifdemo.com\/vi\/wp-json\/wp\/v2\/product\/3213","targetHints":{"allow":["GET"]}}],"collection":[{"href":"https:\/\/goldbellvn.ifdemo.com\/vi\/wp-json\/wp\/v2\/product"}],"about":[{"href":"https:\/\/goldbellvn.ifdemo.com\/vi\/wp-json\/wp\/v2\/types\/product"}],"wp:featuredmedia":[{"embeddable":true,"href":"https:\/\/goldbellvn.ifdemo.com\/vi\/wp-json\/wp\/v2\/media\/3229"}],"wp:attachment":[{"href":"https:\/\/goldbellvn.ifdemo.com\/vi\/wp-json\/wp\/v2\/media?parent=3213"}],"wp:term":[{"taxonomy":"model-type","embeddable":true,"href":"https:\/\/goldbellvn.ifdemo.com\/vi\/wp-json\/wp\/v2\/model-type?post=3213"},{"taxonomy":"product_brand","embeddable":true,"href":"https:\/\/goldbellvn.ifdemo.com\/vi\/wp-json\/wp\/v2\/product_brand?post=3213"},{"taxonomy":"product_cat","embeddable":true,"href":"https:\/\/goldbellvn.ifdemo.com\/vi\/wp-json\/wp\/v2\/product_cat?post=3213"},{"taxonomy":"product_tag","embeddable":true,"href":"https:\/\/goldbellvn.ifdemo.com\/vi\/wp-json\/wp\/v2\/product_tag?post=3213"}],"curies":[{"name":"wp","href":"https:\/\/api.w.org\/{rel}","templated":true}]}}