{"id":3214,"date":"2026-04-01T10:38:55","date_gmt":"2026-04-01T03:38:55","guid":{"rendered":"https:\/\/goldbell.123websitedev.com\/?post_type=product&#038;p=3214"},"modified":"2026-04-02T10:24:19","modified_gmt":"2026-04-02T03:24:19","slug":"rx-60-60-rx-60-70-rx-60-80-rx-60-80-900","status":"publish","type":"product","link":"https:\/\/goldbellvn.ifdemo.com\/vi\/san-pham\/rx-60-60-rx-60-70-rx-60-80-rx-60-80-900\/","title":{"rendered":"RX 60-60 \/ RX 60-70 \/ RX 60-80 \/ RX 60-80\/900"},"content":{"rendered":"<h2 data-section-id=\"1bovg99\" data-start=\"215\" data-end=\"238\"><span role=\"text\"><strong data-start=\"218\" data-end=\"238\">T\u1ed5ng quan s\u1ea3n ph\u1ea9m<\/strong><\/span><\/h2>\n<p data-start=\"240\" data-end=\"567\">D\u00f2ng xe n\u00e2ng \u0111i\u1ec7n STILL RX 60-60 \u0111\u1ebfn RX 60-80\/900 l\u00e0 \u0111\u1ec9nh cao c\u1ee7a xe n\u00e2ng \u0111i\u1ec7n h\u1ea1ng n\u1eb7ng. \u0110\u01b0\u1ee3c thi\u1ebft k\u1ebf cho c\u00e1c \u1ee9ng d\u1ee5ng c\u00f4ng nghi\u1ec7p kh\u1eaft khe nh\u1ea5t, d\u00f2ng xe n\u00e0y c\u00f3 t\u1ea3i tr\u1ecdng t\u1eeb 6.0 \u0111\u1ebfn 8.0 t\u1ea5n, k\u1ebft h\u1ee3p gi\u1eefa s\u1ee9c m\u1ea1nh v\u01b0\u1ee3t tr\u1ed9i, \u0111\u1ed9 ch\u00ednh x\u00e1c cao, hi\u1ec7u su\u1ea5t t\u1ed1i \u01b0u v\u00e0 v\u1eadn h\u00e0nh kh\u00f4ng ph\u00e1t th\u1ea3i. <strong data-start=\"466\" data-end=\"485\">6.0 to 8.0 tons<\/strong>, combining extreme power with precision, efficiency, and zero-emission operation.<\/p>\n<p data-start=\"569\" data-end=\"804\">D\u00f9 c\u00f3 t\u1ea3i tr\u1ecdng l\u1edbn, d\u00f2ng RX 60-60\/80 <strong data-start=\"638\" data-end=\"686\">v\u1eabn gi\u1eef thi\u1ebft k\u1ebf nh\u1ecf g\u1ecdn v\u00e0 kh\u1ea3 n\u0103ng c\u01a1 \u0111\u1ed9ng t\u1ed1t,<\/strong>ph\u00f9 h\u1ee3p c\u1ea3 v\u1eadn h\u00e0nh trong nh\u00e0 v\u00e0 ngo\u00e0i tr\u1eddi, k\u1ec3 c\u1ea3 trong kh\u00f4ng gian h\u1eb9p.<\/p>\n<p data-start=\"806\" data-end=\"823\">C\u00e1c model g\u1ed3m:<\/p>\n<ul data-start=\"824\" data-end=\"879\">\n<li data-section-id=\"30tp2n\" data-start=\"824\" data-end=\"836\">RX 60-60<\/li>\n<li data-section-id=\"30rfim\" data-start=\"837\" data-end=\"849\">RX 60-70<\/li>\n<li data-section-id=\"30iwv5\" data-start=\"850\" data-end=\"862\">RX 60-80<\/li>\n<li data-section-id=\"k8zhw7\" data-start=\"863\" data-end=\"879\">RX 60-80\/900<\/li>\n<\/ul>\n<hr data-start=\"881\" data-end=\"884\" \/>\n<h2 data-section-id=\"1pi78xj\" data-start=\"886\" data-end=\"916\"><span role=\"text\"><strong data-start=\"889\" data-end=\"916\">T\u00ednh n\u0103ng &amp; l\u1ee3i \u00edch ch\u00ednh<\/strong><\/span><\/h2>\n<h3 data-section-id=\"13vui65\" data-start=\"918\" data-end=\"958\"><span role=\"text\"><strong data-start=\"922\" data-end=\"958\">1. S\u1ee9c m\u1ea1nh v\u01b0\u1ee3t tr\u1ed9i cho t\u1ea3i n\u1eb7ng<\/strong><\/span><\/h3>\n<ul data-start=\"959\" data-end=\"1199\">\n<li data-section-id=\"1wdbf6s\" data-start=\"959\" data-end=\"995\">T\u1ea3i tr\u1ecdng l\u00ean \u0111\u1ebfn <strong data-start=\"981\" data-end=\"993\">8.0 t\u1ea5n<\/strong><\/li>\n<li data-section-id=\"zvdhea\" data-start=\"996\" data-end=\"1052\">Hi\u1ec7u su\u1ea5t x\u1eed l\u00fd cao cho c\u00e1c \u1ee9ng d\u1ee5ng c\u01b0\u1eddng \u0111\u1ed9<\/li>\n<li data-section-id=\"eg4yle\" data-start=\"1053\" data-end=\"1097\">2 \u0111\u1ed9ng c\u01a1 truy\u1ec1n \u0111\u1ed9ng m\u1ea1nh m\u1ebd (2 \u00d7 10.5 kW)<\/li>\n<li data-section-id=\"alwe11\" data-start=\"1098\" data-end=\"1138\">2 \u0111\u1ed9ng c\u01a1 n\u00e2ng hi\u1ec7u su\u1ea5t cao (2 \u00d7 21 kW)<\/li>\n<li data-section-id=\"1ojcg71\" data-start=\"1139\" data-end=\"1199\">Ph\u00f9 h\u1ee3p cho logistics v\u00e0 c\u00f4ng nghi\u1ec7p n\u1eb7ng<\/li>\n<\/ul>\n<h3 data-section-id=\"wbm67r\" data-start=\"1201\" data-end=\"1243\"><span role=\"text\"><strong data-start=\"1205\" data-end=\"1243\">2. Nh\u1ecf g\u1ecdn nh\u01b0ng c\u01a1 \u0111\u1ed9ng cao<\/strong><\/span><\/h3>\n<ul data-start=\"1244\" data-end=\"1430\">\n<li data-section-id=\"1thmgcg\" data-start=\"1244\" data-end=\"1292\">K\u00edch th\u01b0\u1edbc t\u1ed1i \u01b0u cho l\u1ed1i \u0111i h\u1eb9p<\/li>\n<li data-section-id=\"ws8s4m\" data-start=\"1293\" data-end=\"1342\">Chi\u1ec1u r\u1ed9ng l\u1ed1i l\u00e0m vi\u1ec7c kho\u1ea3ng <strong data-start=\"1328\" data-end=\"1340\">4,917 mm<\/strong><\/li>\n<li data-section-id=\"1ucknrz\" data-start=\"1343\" data-end=\"1378\">B\u00e1n k\u00ednh quay t\u1eeb <strong data-start=\"1365\" data-end=\"1376\">3007 mm<\/strong><\/li>\n<li data-section-id=\"1rkdp4h\" data-start=\"1379\" data-end=\"1430\">V\u1eadn h\u00e0nh linh ho\u1ea1t ngay c\u1ea3 khi mang t\u1ea3i n\u1eb7ng<\/li>\n<\/ul>\n<h3 data-section-id=\"1h25ip8\" data-start=\"1432\" data-end=\"1467\"><span role=\"text\"><strong data-start=\"1436\" data-end=\"1467\">Hi\u1ec7u su\u1ea5t &amp; t\u1ed1c \u0111\u1ed9 cao<\/strong><\/span><\/h3>\n<ul data-start=\"1468\" data-end=\"1653\">\n<li data-section-id=\"1ch7s6i\" data-start=\"1468\" data-end=\"1516\">T\u1ed1c \u0111\u1ed9 di chuy\u1ec3n l\u00ean \u0111\u1ebfn <strong data-start=\"1489\" data-end=\"1500\">20 km\/h<\/strong> (ch\u1ebf \u0111\u1ed9 Sprint)<\/li>\n<li data-section-id=\"1nrsz66\" data-start=\"1517\" data-end=\"1569\">T\u1ed1c \u0111\u1ed9 n\u00e2ng t\u1ed1i \u0111a <strong data-start=\"1545\" data-end=\"1567\">0,48 m\/s (kh\u00f4ng t\u1ea3i)<\/strong><\/li>\n<li data-section-id=\"1i5n8ev\" data-start=\"1570\" data-end=\"1606\">N\u0103ng su\u1ea5t v\u1eadn h\u00e0nh cao<\/li>\n<li data-section-id=\"p8u29k\" data-start=\"1607\" data-end=\"1653\">T\u0103ng t\u1ed1c m\u01b0\u1ee3t v\u00e0 ph\u1ea3n h\u1ed3i nhanh<\/li>\n<\/ul>\n<h3 data-section-id=\"5n5foj\" data-start=\"1655\" data-end=\"1703\"><span role=\"text\"><strong data-start=\"1659\" data-end=\"1703\">4. Kh\u00f4ng ph\u00e1t th\u1ea3i \u2013 gi\u1ea3i ph\u00e1p b\u1ec1n v\u1eefng<\/strong><\/span><\/h3>\n<ul data-start=\"1704\" data-end=\"1866\">\n<li data-section-id=\"1baj2x0\" data-start=\"1704\" data-end=\"1747\">V\u1eadn h\u00e0nh ho\u00e0n to\u00e0n b\u1eb1ng \u0111i\u1ec7n \u2192 <strong data-start=\"1729\" data-end=\"1745\">kh\u00f4ng ph\u00e1c th\u1ea3i<\/strong><\/li>\n<li data-section-id=\"cifon2\" data-start=\"1748\" data-end=\"1811\">Ph\u00f9 h\u1ee3p s\u1eed d\u1ee5ng trong nh\u00e0 v\u00e0 khu v\u1ef1c y\u00eau c\u1ea7u m\u00f4i tr\u01b0\u1eddng s\u1ea1ch<\/li>\n<li data-section-id=\"1t8g6sw\" data-start=\"1812\" data-end=\"1866\">Chi ph\u00ed v\u1eadn h\u00e0nh th\u1ea5p h\u01a1n xe n\u00e2ng d\u1ea7u<\/li>\n<\/ul>\n<h3 data-section-id=\"1bj8tnk\" data-start=\"1868\" data-end=\"1913\"><span role=\"text\"><strong data-start=\"1872\" data-end=\"1913\">5. T\u01b0\u01a1ng th\u00edch pin lithium-ion hi\u1ec7n \u0111\u1ea1i<\/strong><\/span><\/h3>\n<ul data-start=\"1914\" data-end=\"2125\">\n<li data-section-id=\"78m8eb\" data-start=\"1914\" data-end=\"1953\">T\u00f9y ch\u1ecdn pin lithium-ion<\/li>\n<li data-section-id=\"5o54od\" data-start=\"1954\" data-end=\"1998\">S\u1ea1c nhanh cho v\u1eadn h\u00e0nh 24\/7<\/li>\n<li data-section-id=\"lztnbo\" data-start=\"1999\" data-end=\"2044\">Thay pin nhanh trong v\u00e0i ph\u00fat<\/li>\n<li data-section-id=\"12w0m8s\" data-start=\"2045\" data-end=\"2125\">Tu\u1ed5i th\u1ecd pin cao, gi\u1ea3m th\u1eddi gian d\u1eebng m\u00e1y<\/li>\n<\/ul>\n<h3 data-section-id=\"16fpjs0\" data-start=\"2127\" data-end=\"2172\"><span role=\"text\"><strong data-start=\"2131\" data-end=\"2172\">6. V\u1eadn h\u00e0nh th\u00f4ng minh &amp; c\u00f4ng th\u00e1i h\u1ecdc<\/strong><\/span><\/h3>\n<ul data-start=\"2173\" data-end=\"2390\">\n<li data-section-id=\"5iu7pb\" data-start=\"2173\" data-end=\"2209\">H\u1ec7 th\u1ed1ng \u0111i\u1ec1u khi\u1ec3n STILL tr\u1ef1c quan<\/li>\n<li data-section-id=\"1yap9rq\" data-start=\"2210\" data-end=\"2292\">Nhi\u1ec1u t\u00f9y ch\u1ecdn \u0111i\u1ec1u khi\u1ec3n:\n<ul data-start=\"2240\" data-end=\"2292\">\n<li data-section-id=\"10l5of8\" data-start=\"2240\" data-end=\"2255\">Multi-lever<\/li>\n<li data-section-id=\"sr9d3o\" data-start=\"2258\" data-end=\"2271\">Fingertip<\/li>\n<li data-section-id=\"rvam1o\" data-start=\"2274\" data-end=\"2292\">Joystick 4Plus<\/li>\n<\/ul>\n<\/li>\n<li data-section-id=\"11cpnj5\" data-start=\"2293\" data-end=\"2348\">T\u00f9y ch\u1ec9nh ch\u1ebf \u0111\u1ed9 l\u00e1i<\/li>\n<li data-section-id=\"g68tto\" data-start=\"2349\" data-end=\"2390\">Khoang l\u00e1i r\u1ed9ng r\u00e3i, thi\u1ebft k\u1ebf c\u00f4ng th\u00e1i h\u1ecdc<\/li>\n<\/ul>\n<h3 data-section-id=\"i2tka3\" data-start=\"2392\" data-end=\"2430\"><span role=\"text\"><strong data-start=\"2396\" data-end=\"2430\">7. An to\u00e0n t\u1ed1i \u0111a &amp; t\u1ea7m nh\u00ecn v\u01b0\u1ee3t tr\u1ed9i<\/strong><\/span><\/h3>\n<ul data-start=\"2431\" data-end=\"2744\">\n<li data-section-id=\"1vikx5l\" data-start=\"2431\" data-end=\"2488\">T\u1ea7m nh\u00ecn to\u00e0n c\u1ea3nh t\u1ed1t nh\u1edd thi\u1ebft k\u1ebf cabin l\u1ec7ch<\/li>\n<li data-section-id=\"a9gdzw\" data-start=\"2489\" data-end=\"2544\">V\u1ecb tr\u00ed ng\u1ed3i cao t\u0103ng kh\u1ea3 n\u0103ng quan s\u00e1t<\/li>\n<li data-section-id=\"1x6ofl2\" data-start=\"2545\" data-end=\"2584\">Tr\u1ecdng t\u00e2m th\u1ea5p t\u0103ng \u0111\u1ed9 \u1ed5n \u0111\u1ecbnh<\/li>\n<li data-section-id=\"gwwijc\" data-start=\"2585\" data-end=\"2629\">T\u1ef1 \u0111\u1ed9ng gi\u1ea3m t\u1ed1c khi v\u00e0o cua<\/li>\n<li data-section-id=\"gixbqi\" data-start=\"2630\" data-end=\"2744\">H\u1ec7 th\u1ed1ng an to\u00e0n ti\u00ean ti\u1ebfn:\n<ul data-start=\"2659\" data-end=\"2744\">\n<li data-section-id=\"1cawgve\" data-start=\"2659\" data-end=\"2675\">\u0110\u00e8n an to\u00e0n<\/li>\n<li data-section-id=\"1l4r04l\" data-start=\"2678\" data-end=\"2712\">ATC (H\u1ec7 th\u1ed1ng h\u1ed7 tr\u1ee3 \u0111i\u1ec1u khi\u1ec3n xe n\u00e2ng)<\/li>\n<li data-section-id=\"uvwpsc\" data-start=\"2715\" data-end=\"2744\">D\u00e2y an to\u00e0n<\/li>\n<\/ul>\n<\/li>\n<\/ul>\n<h3 data-section-id=\"498hkf\" data-start=\"2746\" data-end=\"2786\"><span role=\"text\"><strong data-start=\"2750\" data-end=\"2786\">K\u1ebft c\u1ea5u b\u1ec1n b\u1ec9<\/strong><\/span><\/h3>\n<ul data-start=\"2787\" data-end=\"2980\">\n<li data-section-id=\"1a3gpfw\" data-start=\"2787\" data-end=\"2813\">Khung th\u00e9p ch\u1ecbu t\u1ea3i n\u1eb7ng<\/li>\n<li data-section-id=\"1secklu\" data-start=\"2814\" data-end=\"2871\">C\u1ee5m chi ti\u1ebft k\u00edn, ch\u1ed1ng b\u1ee5i v\u00e0 \u1ea9m<\/li>\n<li data-section-id=\"1ob5cbf\" data-start=\"2872\" data-end=\"2933\">Ph\u00f9 h\u1ee3p m\u00f4i tr\u01b0\u1eddng kh\u1eafc nghi\u1ec7t (b\u1ee5i, \u1ea9m cao)<\/li>\n<li data-section-id=\"b6g05w\" data-start=\"2934\" data-end=\"2980\">Chu k\u1ef3 b\u1ea3o tr\u00ec d\u00e0i, gi\u1ea3m th\u1eddi gian d\u1eebng m\u00e1y<\/li>\n<\/ul>\n<hr data-start=\"2982\" data-end=\"2985\" \/>\n<h2 data-section-id=\"k0zlak\" data-start=\"2987\" data-end=\"3006\"><span role=\"text\"><strong data-start=\"2990\" data-end=\"3006\">\u1ee8ng d\u1ee5ng<\/strong><\/span><\/h2>\n<p data-start=\"3008\" data-end=\"3050\">D\u00f2ng STILL RX 60-60\/80 ph\u00f9 h\u1ee3p l\u00fd t\u01b0\u1edfng cho:<\/p>\n<h3 data-section-id=\"1g1hgfa\" data-start=\"3052\" data-end=\"3093\"><span role=\"text\"><strong data-start=\"3056\" data-end=\"3093\">1. C\u00f4ng nghi\u1ec7p n\u1eb7ng &amp; s\u1ea3n xu\u1ea5t<\/strong><\/span><\/h3>\n<ul data-start=\"3094\" data-end=\"3182\">\n<li data-section-id=\"2vdaj2\" data-start=\"3094\" data-end=\"3133\">X\u1eed l\u00fd chi ti\u1ebft l\u1edbn v\u00e0 n\u1eb7ng<\/li>\n<li data-section-id=\"e70fb7\" data-start=\"3134\" data-end=\"3182\">Th\u00e9p, v\u1eadt li\u1ec7u x\u00e2y d\u1ef1ng, m\u00e1y m\u00f3c<\/li>\n<\/ul>\n<h3 data-section-id=\"1iiyceb\" data-start=\"3184\" data-end=\"3223\"><span role=\"text\"><strong data-start=\"3188\" data-end=\"3223\">2. Logistics &amp; b\u1ed1c x\u1ebfp h\u00e0ng h\u00f3a<\/strong><\/span><\/h3>\n<ul data-start=\"3224\" data-end=\"3296\">\n<li data-section-id=\"saxckr\" data-start=\"3224\" data-end=\"3261\">X\u1ebfp d\u1ee1 h\u00e0ng n\u1eb7ng<\/li>\n<li data-section-id=\"1cggm9l\" data-start=\"3262\" data-end=\"3296\">X\u1ebfp d\u1ee1 trong Container v\u00e0 xe t\u1ea3i<\/li>\n<\/ul>\n<h3 data-section-id=\"e3ao87\" data-start=\"3298\" data-end=\"3335\"><span role=\"text\"><strong data-start=\"3302\" data-end=\"3335\">3. Kho b\u00e3i &amp; ph\u00e2n ph\u1ed1i<\/strong><\/span><\/h3>\n<ul data-start=\"3336\" data-end=\"3397\">\n<li data-section-id=\"114tg6o\" data-start=\"3336\" data-end=\"3369\">X\u1eed l\u00fd pallet t\u1ea3i tr\u1ecdng l\u1edbn<\/li>\n<li data-section-id=\"1jx8hgn\" data-start=\"3370\" data-end=\"3397\">Kho h\u00e0ng s\u1ed1 l\u01b0\u1ee3ng l\u1edbn<\/li>\n<\/ul>\n<h3 data-section-id=\"1knl3us\" data-start=\"3399\" data-end=\"3438\"><span role=\"text\"><strong data-start=\"3403\" data-end=\"3438\">4. Ngo\u00e0i tr\u1eddi &amp; m\u00f4i tr\u01b0\u1eddng kh\u1eafc nghi\u1ec7t<\/strong><\/span><\/h3>\n<ul data-start=\"3439\" data-end=\"3521\">\n<li data-section-id=\"12tureh\" data-start=\"3439\" data-end=\"3467\">V\u1eadn h\u00e0nh ngo\u00e0i tr\u1eddi<\/li>\n<li data-section-id=\"hdrai6\" data-start=\"3468\" data-end=\"3521\">L\u00e0m vi\u1ec7c hi\u1ec7u qu\u1ea3 trong m\u00f4i tr\u01b0\u1eddng b\u1ee5i v\u00e0 \u1ea9m<\/li>\n<\/ul>\n<h3 data-section-id=\"fq59r3\" data-start=\"3523\" data-end=\"3556\"><span role=\"text\"><strong data-start=\"3527\" data-end=\"3556\">5. V\u1eadn h\u00e0nh nhi\u1ec1u ca<\/strong><\/span><\/h3>\n<ul data-start=\"3557\" data-end=\"3638\">\n<li data-section-id=\"10sfi3c\" data-start=\"3557\" data-end=\"3594\">Thi\u1ebft k\u1ebf cho ho\u1ea1t \u0111\u1ed9ng li\u00ean t\u1ee5c<\/li>\n<li data-section-id=\"oc0bj3\" data-start=\"3595\" data-end=\"3638\">T\u1ed1i \u01b0u th\u1eddi gian ho\u1ea1t \u0111\u1ed9ng v\u1edbi c\u00f4ng ngh\u1ec7 lithium-ion<\/li>\n<\/ul>","protected":false},"excerpt":{"rendered":"<p>Product Overview The STILL RX 60-60 to RX 60-80\/900 electric forklift series represents the pinnacle of heavy-duty electric material handling. Designed for the most demanding industrial applications, these forklifts offer load capacities from 6.0 to 8.0 tons, combining extreme power with precision, efficiency, and zero-emission operation. Despite their high load capacity, the RX 60-60\/80 series [&hellip;]<\/p>","protected":false},"featured_media":3242,"template":"","meta":{"_acf_changed":false,"inline_featured_image":false},"model-type":[49],"product_brand":[38],"product_cat":[31],"product_tag":[],"class_list":{"0":"post-3214","1":"product","2":"type-product","3":"status-publish","4":"has-post-thumbnail","6":"model-type-electric","7":"product_brand-still","8":"product_cat-electric-forklifts","10":"first","11":"instock","12":"shipping-taxable","13":"product-type-simple"},"acf":[],"yoast_head":"<!-- This site is optimized with the Yoast SEO Premium plugin v25.6 (Yoast SEO v25.6) - https:\/\/yoast.com\/wordpress\/plugins\/seo\/ -->\n<title>RX 60-60 \/ RX 60-70 \/ RX 60-80 \/ RX 60-80\/900 - Goldbell<\/title>\n<meta name=\"robots\" content=\"noindex, follow, max-snippet:-1, max-image-preview:large, max-video-preview:-1\" \/>\n<meta property=\"og:locale\" content=\"vi_VN\" \/>\n<meta property=\"og:type\" content=\"article\" \/>\n<meta property=\"og:title\" content=\"RX 60-60 \/ RX 60-70 \/ RX 60-80 \/ RX 60-80\/900\" \/>\n<meta property=\"og:description\" content=\"Product Overview The STILL RX 60-60 to RX 60-80\/900 electric forklift series represents the pinnacle of heavy-duty electric material handling. Designed for the most demanding industrial applications, these forklifts offer load capacities from 6.0 to 8.0 tons, combining extreme power with precision, efficiency, and zero-emission operation. Despite their high load capacity, the RX 60-60\/80 series [&hellip;]\" \/>\n<meta property=\"og:url\" content=\"https:\/\/goldbellvn.ifdemo.com\/vi\/san-pham\/rx-60-60-rx-60-70-rx-60-80-rx-60-80-900\/\" \/>\n<meta property=\"og:site_name\" content=\"Goldbell\" \/>\n<meta property=\"article:modified_time\" content=\"2026-04-02T03:24:19+00:00\" \/>\n<meta property=\"og:image\" content=\"https:\/\/goldbellvn.ifdemo.com\/wp-content\/uploads\/2026\/04\/RX_60-80-900_Heckdiagonale-Bild1-e1775100248141.jpg\" \/>\n\t<meta property=\"og:image:width\" content=\"1220\" \/>\n\t<meta property=\"og:image:height\" content=\"1068\" \/>\n\t<meta property=\"og:image:type\" content=\"image\/jpeg\" \/>\n<meta name=\"twitter:card\" content=\"summary_large_image\" \/>\n<meta name=\"twitter:label1\" content=\"\u01af\u1edbc t\u00ednh th\u1eddi gian \u0111\u1ecdc\" \/>\n\t<meta name=\"twitter:data1\" content=\"3 ph\u00fat\" \/>\n<script type=\"application\/ld+json\" class=\"yoast-schema-graph\">{\"@context\":\"https:\/\/schema.org\",\"@graph\":[{\"@type\":\"WebPage\",\"@id\":\"https:\/\/goldbellvn.ifdemo.com\/product\/rx-60-60-rx-60-70-rx-60-80-rx-60-80-900\/\",\"url\":\"https:\/\/goldbellvn.ifdemo.com\/product\/rx-60-60-rx-60-70-rx-60-80-rx-60-80-900\/\",\"name\":\"RX 60-60 \/ RX 60-70 \/ RX 60-80 \/ RX 60-80\/900 - Goldbell\",\"isPartOf\":{\"@id\":\"https:\/\/goldbellvn.ifdemo.com\/#website\"},\"primaryImageOfPage\":{\"@id\":\"https:\/\/goldbellvn.ifdemo.com\/product\/rx-60-60-rx-60-70-rx-60-80-rx-60-80-900\/#primaryimage\"},\"image\":{\"@id\":\"https:\/\/goldbellvn.ifdemo.com\/product\/rx-60-60-rx-60-70-rx-60-80-rx-60-80-900\/#primaryimage\"},\"thumbnailUrl\":\"https:\/\/goldbellvn.ifdemo.com\/wp-content\/uploads\/2026\/04\/RX_60-80-900_Heckdiagonale-Bild1-e1775100248141.jpg\",\"datePublished\":\"2026-04-01T03:38:55+00:00\",\"dateModified\":\"2026-04-02T03:24:19+00:00\",\"breadcrumb\":{\"@id\":\"https:\/\/goldbellvn.ifdemo.com\/product\/rx-60-60-rx-60-70-rx-60-80-rx-60-80-900\/#breadcrumb\"},\"inLanguage\":\"vi\",\"potentialAction\":[{\"@type\":\"ReadAction\",\"target\":[\"https:\/\/goldbellvn.ifdemo.com\/product\/rx-60-60-rx-60-70-rx-60-80-rx-60-80-900\/\"]}]},{\"@type\":\"ImageObject\",\"inLanguage\":\"vi\",\"@id\":\"https:\/\/goldbellvn.ifdemo.com\/product\/rx-60-60-rx-60-70-rx-60-80-rx-60-80-900\/#primaryimage\",\"url\":\"https:\/\/goldbellvn.ifdemo.com\/wp-content\/uploads\/2026\/04\/RX_60-80-900_Heckdiagonale-Bild1-e1775100248141.jpg\",\"contentUrl\":\"https:\/\/goldbellvn.ifdemo.com\/wp-content\/uploads\/2026\/04\/RX_60-80-900_Heckdiagonale-Bild1-e1775100248141.jpg\",\"width\":1220,\"height\":1068},{\"@type\":\"BreadcrumbList\",\"@id\":\"https:\/\/goldbellvn.ifdemo.com\/product\/rx-60-60-rx-60-70-rx-60-80-rx-60-80-900\/#breadcrumb\",\"itemListElement\":[{\"@type\":\"ListItem\",\"position\":1,\"name\":\"Home\",\"item\":\"https:\/\/goldbellvn.ifdemo.com\/\"},{\"@type\":\"ListItem\",\"position\":2,\"name\":\"Products\",\"item\":\"https:\/\/goldbellvn.ifdemo.com\/shop\/\"},{\"@type\":\"ListItem\",\"position\":3,\"name\":\"RX 60-60 \/ RX 60-70 \/ RX 60-80 \/ RX 60-80\/900\"}]},{\"@type\":\"WebSite\",\"@id\":\"https:\/\/goldbellvn.ifdemo.com\/#website\",\"url\":\"https:\/\/goldbellvn.ifdemo.com\/\",\"name\":\"Goldbell\",\"description\":\"\",\"publisher\":{\"@id\":\"https:\/\/goldbellvn.ifdemo.com\/#organization\"},\"potentialAction\":[{\"@type\":\"SearchAction\",\"target\":{\"@type\":\"EntryPoint\",\"urlTemplate\":\"https:\/\/goldbellvn.ifdemo.com\/?s={search_term_string}\"},\"query-input\":{\"@type\":\"PropertyValueSpecification\",\"valueRequired\":true,\"valueName\":\"search_term_string\"}}],\"inLanguage\":\"vi\"},{\"@type\":\"Organization\",\"@id\":\"https:\/\/goldbellvn.ifdemo.com\/#organization\",\"name\":\"Goldbell\",\"url\":\"https:\/\/goldbellvn.ifdemo.com\/\",\"logo\":{\"@type\":\"ImageObject\",\"inLanguage\":\"vi\",\"@id\":\"https:\/\/goldbellvn.ifdemo.com\/#\/schema\/logo\/image\/\",\"url\":\"https:\/\/goldbellvn.ifdemo.com\/wp-content\/uploads\/2025\/09\/logo.svg\",\"contentUrl\":\"https:\/\/goldbellvn.ifdemo.com\/wp-content\/uploads\/2025\/09\/logo.svg\",\"width\":18,\"height\":23,\"caption\":\"Goldbell\"},\"image\":{\"@id\":\"https:\/\/goldbellvn.ifdemo.com\/#\/schema\/logo\/image\/\"}}]}<\/script>\n<!-- \/ Yoast SEO Premium plugin. -->","yoast_head_json":{"title":"RX 60-60 \/ RX 60-70 \/ RX 60-80 \/ RX 60-80\/900 - Goldbell","robots":{"index":"noindex","follow":"follow","max-snippet":"max-snippet:-1","max-image-preview":"max-image-preview:large","max-video-preview":"max-video-preview:-1"},"og_locale":"vi_VN","og_type":"article","og_title":"RX 60-60 \/ RX 60-70 \/ RX 60-80 \/ RX 60-80\/900","og_description":"Product Overview The STILL RX 60-60 to RX 60-80\/900 electric forklift series represents the pinnacle of heavy-duty electric material handling. Designed for the most demanding industrial applications, these forklifts offer load capacities from 6.0 to 8.0 tons, combining extreme power with precision, efficiency, and zero-emission operation. Despite their high load capacity, the RX 60-60\/80 series [&hellip;]","og_url":"https:\/\/goldbellvn.ifdemo.com\/vi\/san-pham\/rx-60-60-rx-60-70-rx-60-80-rx-60-80-900\/","og_site_name":"Goldbell","article_modified_time":"2026-04-02T03:24:19+00:00","og_image":[{"width":1220,"height":1068,"url":"https:\/\/goldbellvn.ifdemo.com\/wp-content\/uploads\/2026\/04\/RX_60-80-900_Heckdiagonale-Bild1-e1775100248141.jpg","type":"image\/jpeg"}],"twitter_card":"summary_large_image","twitter_misc":{"\u01af\u1edbc t\u00ednh th\u1eddi gian \u0111\u1ecdc":"3 ph\u00fat"},"schema":{"@context":"https:\/\/schema.org","@graph":[{"@type":"WebPage","@id":"https:\/\/goldbellvn.ifdemo.com\/product\/rx-60-60-rx-60-70-rx-60-80-rx-60-80-900\/","url":"https:\/\/goldbellvn.ifdemo.com\/product\/rx-60-60-rx-60-70-rx-60-80-rx-60-80-900\/","name":"RX 60-60 \/ RX 60-70 \/ RX 60-80 \/ RX 60-80\/900 - Goldbell","isPartOf":{"@id":"https:\/\/goldbellvn.ifdemo.com\/#website"},"primaryImageOfPage":{"@id":"https:\/\/goldbellvn.ifdemo.com\/product\/rx-60-60-rx-60-70-rx-60-80-rx-60-80-900\/#primaryimage"},"image":{"@id":"https:\/\/goldbellvn.ifdemo.com\/product\/rx-60-60-rx-60-70-rx-60-80-rx-60-80-900\/#primaryimage"},"thumbnailUrl":"https:\/\/goldbellvn.ifdemo.com\/wp-content\/uploads\/2026\/04\/RX_60-80-900_Heckdiagonale-Bild1-e1775100248141.jpg","datePublished":"2026-04-01T03:38:55+00:00","dateModified":"2026-04-02T03:24:19+00:00","breadcrumb":{"@id":"https:\/\/goldbellvn.ifdemo.com\/product\/rx-60-60-rx-60-70-rx-60-80-rx-60-80-900\/#breadcrumb"},"inLanguage":"vi","potentialAction":[{"@type":"ReadAction","target":["https:\/\/goldbellvn.ifdemo.com\/product\/rx-60-60-rx-60-70-rx-60-80-rx-60-80-900\/"]}]},{"@type":"ImageObject","inLanguage":"vi","@id":"https:\/\/goldbellvn.ifdemo.com\/product\/rx-60-60-rx-60-70-rx-60-80-rx-60-80-900\/#primaryimage","url":"https:\/\/goldbellvn.ifdemo.com\/wp-content\/uploads\/2026\/04\/RX_60-80-900_Heckdiagonale-Bild1-e1775100248141.jpg","contentUrl":"https:\/\/goldbellvn.ifdemo.com\/wp-content\/uploads\/2026\/04\/RX_60-80-900_Heckdiagonale-Bild1-e1775100248141.jpg","width":1220,"height":1068},{"@type":"BreadcrumbList","@id":"https:\/\/goldbellvn.ifdemo.com\/product\/rx-60-60-rx-60-70-rx-60-80-rx-60-80-900\/#breadcrumb","itemListElement":[{"@type":"ListItem","position":1,"name":"Home","item":"https:\/\/goldbellvn.ifdemo.com\/"},{"@type":"ListItem","position":2,"name":"Products","item":"https:\/\/goldbellvn.ifdemo.com\/shop\/"},{"@type":"ListItem","position":3,"name":"RX 60-60 \/ RX 60-70 \/ RX 60-80 \/ RX 60-80\/900"}]},{"@type":"WebSite","@id":"https:\/\/goldbellvn.ifdemo.com\/#website","url":"https:\/\/goldbellvn.ifdemo.com\/","name":"Goldbell","description":"","publisher":{"@id":"https:\/\/goldbellvn.ifdemo.com\/#organization"},"potentialAction":[{"@type":"SearchAction","target":{"@type":"EntryPoint","urlTemplate":"https:\/\/goldbellvn.ifdemo.com\/?s={search_term_string}"},"query-input":{"@type":"PropertyValueSpecification","valueRequired":true,"valueName":"search_term_string"}}],"inLanguage":"vi"},{"@type":"Organization","@id":"https:\/\/goldbellvn.ifdemo.com\/#organization","name":"Goldbell","url":"https:\/\/goldbellvn.ifdemo.com\/","logo":{"@type":"ImageObject","inLanguage":"vi","@id":"https:\/\/goldbellvn.ifdemo.com\/#\/schema\/logo\/image\/","url":"https:\/\/goldbellvn.ifdemo.com\/wp-content\/uploads\/2025\/09\/logo.svg","contentUrl":"https:\/\/goldbellvn.ifdemo.com\/wp-content\/uploads\/2025\/09\/logo.svg","width":18,"height":23,"caption":"Goldbell"},"image":{"@id":"https:\/\/goldbellvn.ifdemo.com\/#\/schema\/logo\/image\/"}}]}},"_links":{"self":[{"href":"https:\/\/goldbellvn.ifdemo.com\/vi\/wp-json\/wp\/v2\/product\/3214","targetHints":{"allow":["GET"]}}],"collection":[{"href":"https:\/\/goldbellvn.ifdemo.com\/vi\/wp-json\/wp\/v2\/product"}],"about":[{"href":"https:\/\/goldbellvn.ifdemo.com\/vi\/wp-json\/wp\/v2\/types\/product"}],"wp:featuredmedia":[{"embeddable":true,"href":"https:\/\/goldbellvn.ifdemo.com\/vi\/wp-json\/wp\/v2\/media\/3242"}],"wp:attachment":[{"href":"https:\/\/goldbellvn.ifdemo.com\/vi\/wp-json\/wp\/v2\/media?parent=3214"}],"wp:term":[{"taxonomy":"model-type","embeddable":true,"href":"https:\/\/goldbellvn.ifdemo.com\/vi\/wp-json\/wp\/v2\/model-type?post=3214"},{"taxonomy":"product_brand","embeddable":true,"href":"https:\/\/goldbellvn.ifdemo.com\/vi\/wp-json\/wp\/v2\/product_brand?post=3214"},{"taxonomy":"product_cat","embeddable":true,"href":"https:\/\/goldbellvn.ifdemo.com\/vi\/wp-json\/wp\/v2\/product_cat?post=3214"},{"taxonomy":"product_tag","embeddable":true,"href":"https:\/\/goldbellvn.ifdemo.com\/vi\/wp-json\/wp\/v2\/product_tag?post=3214"}],"curies":[{"name":"wp","href":"https:\/\/api.w.org\/{rel}","templated":true}]}}