{"id":3245,"date":"2026-04-01T10:41:34","date_gmt":"2026-04-01T03:41:34","guid":{"rendered":"https:\/\/goldbell.123websitedev.com\/?post_type=product&#038;p=3245"},"modified":"2026-04-02T10:19:00","modified_gmt":"2026-04-02T03:19:00","slug":"fm-4w-20-fm-4w-25","status":"publish","type":"product","link":"https:\/\/goldbellvn.ifdemo.com\/vi\/san-pham\/fm-4w-20-fm-4w-25\/","title":{"rendered":"FM-4W 20 \/ FM-4W 25"},"content":{"rendered":"<h2 data-section-id=\"1bovg99\" data-start=\"199\" data-end=\"222\"><span role=\"text\"><strong data-start=\"202\" data-end=\"222\">T\u1ed5ng quan s\u1ea3n ph\u1ea9m<\/strong><\/span><\/h2>\n<p data-start=\"224\" data-end=\"576\">STILL FM-4W 20 v\u00e0 FM-4W 25 <strong data-start=\"269\" data-end=\"291\">l\u00e0 d\u00f2ng xe n\u00e2ng reach truck di chuy\u1ec3n 4 h\u01b0\u1edbng ti\u00ean ti\u1ebfn<\/strong> , \u0111\u01b0\u1ee3c thi\u1ebft k\u1ebf nh\u1eb1m mang l\u1ea1i s\u1ef1 linh ho\u1ea1t v\u00e0 hi\u1ec7u qu\u1ea3 t\u1ed1i \u0111a trong v\u1eadn h\u00e0nh kho l\u1ed1i \u0111i h\u1eb9p. Nh\u1edd kh\u1ea3 n\u0103ng di chuy\u1ec3n <strong data-start=\"451\" data-end=\"486\">theo b\u1ed1n h\u01b0\u1edbng \u0111\u1ed9c \u0111\u00e1o<\/strong>, xe c\u00f3 th\u1ec3 ti\u1ebfn, l\u00f9i v\u00e0 di chuy\u1ec3n ngang, r\u1ea5t ph\u00f9 h\u1ee3p \u0111\u1ec3 x\u1eed l\u00fd c\u00e1c lo\u1ea1i h\u00e0ng d\u00e0i v\u00e0 c\u1ed3ng k\u1ec1nh nh\u01b0 \u1ed1ng, g\u1ed7 v\u00e0 thanh v\u1eadt li\u1ec7u.<\/p>\n<p data-start=\"578\" data-end=\"795\">V\u1edbi chi\u1ec1u cao n\u00e2ng l\u00ean \u0111\u1ebfn <strong data-start=\"605\" data-end=\"619\">9.5 m\u00e9t<\/strong> v\u00e0 t\u1ea3i tr\u1ecdng l\u00ean \u0111\u1ebfn <strong data-start=\"646\" data-end=\"658\">2.5 t\u1ea5n<\/strong>, d\u00f2ng FM-4W mang \u0111\u1ebfn gi\u1ea3i ph\u00e1p m\u1ea1nh m\u1ebd, ti\u1ebft ki\u1ec7m kh\u00f4ng gian cho m\u00f4i tr\u01b0\u1eddng logistics hi\u1ec7n \u0111\u1ea1i.<\/p>\n<p data-start=\"797\" data-end=\"814\">C\u00e1c model g\u1ed3m:<\/p>\n<ul data-start=\"815\" data-end=\"840\">\n<li data-section-id=\"1ab6pfz\" data-start=\"815\" data-end=\"827\">FM-4W 20<\/li>\n<li data-section-id=\"1ab6mve\" data-start=\"828\" data-end=\"840\">FM-4W 25<\/li>\n<\/ul>\n<hr data-start=\"842\" data-end=\"845\" \/>\n<h2 data-section-id=\"1pi78xj\" data-start=\"847\" data-end=\"877\"><span role=\"text\"><strong data-start=\"850\" data-end=\"877\">T\u00ednh n\u0103ng &amp; l\u1ee3i \u00edch ch\u00ednh<\/strong><\/span><\/h2>\n<h3 data-section-id=\"1auopwx\" data-start=\"879\" data-end=\"924\"><span role=\"text\"><strong data-start=\"883\" data-end=\"924\">1. Di chuy\u1ec3n 4 h\u01b0\u1edbng \u2013 linh ho\u1ea1t t\u1ed1i \u0111a<\/strong><\/span><\/h3>\n<ul data-start=\"925\" data-end=\"1119\">\n<li data-section-id=\"2o91z0\" data-start=\"925\" data-end=\"989\">Di chuy\u1ec3n <strong data-start=\"936\" data-end=\"954\">theo m\u1ecdi h\u01b0\u1edbng<\/strong>: ti\u1ebfn, l\u00f9i v\u00e0 ngang<\/li>\n<li data-section-id=\"7bcatz\" data-start=\"990\" data-end=\"1040\">L\u00fd t\u01b0\u1edfng cho x\u1eed l\u00fd h\u00e0ng d\u00e0i trong l\u1ed1i \u0111i h\u1eb9p<\/li>\n<li data-section-id=\"1yj6tl5\" data-start=\"1041\" data-end=\"1082\">T\u1ed1i \u01b0u h\u00f3a kh\u00f4ng gian kho<\/li>\n<li data-section-id=\"1i53y4t\" data-start=\"1083\" data-end=\"1119\">Gi\u1ea3m nhu c\u1ea7u l\u1ed1i \u0111i r\u1ed9ng<\/li>\n<\/ul>\n<h3 data-section-id=\"txhne5\" data-start=\"1121\" data-end=\"1169\"><span role=\"text\"><strong data-start=\"1125\" data-end=\"1169\">2. Hi\u1ec7u su\u1ea5t cao &amp; kh\u1ea3 n\u0103ng n\u00e2ng m\u1ea1nh m\u1ebd<\/strong><\/span><\/h3>\n<ul data-start=\"1170\" data-end=\"1385\">\n<li data-section-id=\"1hphbs3\" data-start=\"1170\" data-end=\"1206\">T\u1ea3i tr\u1ecdng l\u00ean \u0111\u1ebfn <strong data-start=\"1192\" data-end=\"1204\">2,500 kg<\/strong><\/li>\n<li data-section-id=\"5eycyg\" data-start=\"1207\" data-end=\"1241\">Chi\u1ec1u cao n\u00e2ng l\u00ean \u0111\u1ebfn <strong data-start=\"1227\" data-end=\"1239\">9,650 mm<\/strong><\/li>\n<li data-section-id=\"4x1dwy\" data-start=\"1242\" data-end=\"1305\">Kh\u1ea3 n\u0103ng t\u1ea3i d\u01b0 cao (v\u00ed d\u1ee5: 1.000 kg \u1edf chi\u1ec1u cao t\u1ed1i \u0111a)<\/li>\n<li data-section-id=\"1g86qq2\" data-start=\"1306\" data-end=\"1340\">T\u1ed1c \u0111\u1ed9 di chuy\u1ec3n l\u00ean \u0111\u1ebfn <strong data-start=\"1327\" data-end=\"1338\">13 km\/h<\/strong><\/li>\n<li data-section-id=\"1numith\" data-start=\"1341\" data-end=\"1385\">T\u0103ng t\u1ed1c m\u1ea1nh m\u1ebd, v\u1eadn h\u00e0nh \u00eam \u00e1i<\/li>\n<\/ul>\n<h3 data-section-id=\"1h2m5lv\" data-start=\"1387\" data-end=\"1426\"><span role=\"text\"><strong data-start=\"1391\" data-end=\"1426\">3. X\u1eed l\u00fd ch\u00ednh x\u00e1c &amp; \u0111i\u1ec1u khi\u1ec3n linh ho\u1ea1t<\/strong><\/span><\/h3>\n<ul data-start=\"1427\" data-end=\"1681\">\n<li data-section-id=\"zm5ssi\" data-start=\"1427\" data-end=\"1492\">B\u00e1nh xe xoay <strong data-start=\"1443\" data-end=\"1460\">90\u00b0<\/strong> t\u1ee9c th\u00ec \u0111\u1ec3 di chuy\u1ec3n ngang ch\u00ednh x\u00e1c<\/li>\n<li data-section-id=\"11ksppb\" data-start=\"1493\" data-end=\"1551\">H\u1ec7 th\u1ed1ng van th\u1ee7y l\u1ef1c t\u1ef7 l\u1ec7 gi\u00fap \u0111i\u1ec1u khi\u1ec3n m\u01b0\u1ee3t m\u00e0<\/li>\n<li data-section-id=\"91yppv\" data-start=\"1552\" data-end=\"1618\">Hi\u1ec3n th\u1ecb <strong data-start=\"1565\" data-end=\"1594\">t\u00edch h\u1ee3p t\u1ea3i tr\u1ecdng<\/strong> v\u00e0 chi\u1ec1u cao n\u00e2ng<\/li>\n<li data-section-id=\"1eazgp4\" data-start=\"1619\" data-end=\"1681\">C\u00f3 ch\u1ee9c n\u0103ng ch\u1ecdn tr\u01b0\u1edbc chi\u1ec1u cao n\u00e2ng v\u00e0 h\u1ec7 th\u1ed1ng h\u1ed7 tr\u1ee3<\/li>\n<\/ul>\n<h3 data-section-id=\"kqepxu\" data-start=\"1683\" data-end=\"1714\"><span role=\"text\"><strong data-start=\"1687\" data-end=\"1714\">4. C\u00f4ng th\u00e1i h\u1ecdc v\u01b0\u1ee3t tr\u1ed9i<\/strong><\/span><\/h3>\n<ul data-start=\"1715\" data-end=\"1971\">\n<li data-section-id=\"1xmkjri\" data-start=\"1715\" data-end=\"1801\">Cabin ng\u01b0\u1eddi l\u00e1i \u0111i\u1ec1u ch\u1ec9nh ho\u00e0n to\u00e0n:\n<ul data-start=\"1752\" data-end=\"1801\">\n<li data-section-id=\"1shrpc9\" data-start=\"1752\" data-end=\"1801\">Gh\u1ebf, t\u1ef1a tay, v\u00f4 l\u0103ng v\u00e0 b\u00e0n \u0111\u1ea1p<\/li>\n<\/ul>\n<\/li>\n<li data-section-id=\"1wnn278\" data-start=\"1802\" data-end=\"1872\">Gh\u1ebf nghi\u00eang tho\u1ea3i m\u00e1i <strong data-start=\"1816\" data-end=\"1841\">(t\u1ed1i \u0111a 18\u00b0)<\/strong> gi\u00fap quan s\u00e1t t\u1ed1t khi n\u00e2ng cao<\/li>\n<li data-section-id=\"18fpc4o\" data-start=\"1873\" data-end=\"1923\">\u0110i\u1ec1u khi\u1ec3n b\u1eb1ng joystick ho\u1eb7c \u0111\u1ea7u ng\u00f3n tay<\/li>\n<li data-section-id=\"ntvvtn\" data-start=\"1924\" data-end=\"1971\">Gi\u1ea3m m\u1ec7t m\u1ecfi khi l\u00e0m vi\u1ec7c ca d\u00e0i<\/li>\n<\/ul>\n<h3 data-section-id=\"1wfrpfp\" data-start=\"1973\" data-end=\"2016\"><span role=\"text\"><strong data-start=\"1977\" data-end=\"2016\">5. Thi\u1ebft k\u1ebf nh\u1ecf g\u1ecdn cho l\u1ed1i \u0111i h\u1eb9p<\/strong><\/span><\/h3>\n<ul data-start=\"2017\" data-end=\"2141\">\n<li data-section-id=\"qlse3q\" data-start=\"2017\" data-end=\"2058\">Chi\u1ec1u r\u1ed9ng l\u1ed1i \u0111i t\u1eeb kho\u1ea3ng <strong data-start=\"2044\" data-end=\"2056\">2,787 mm<\/strong><\/li>\n<li data-section-id=\"gaqtoi\" data-start=\"2059\" data-end=\"2098\">Khung xe nh\u1ecf g\u1ecdn t\u00edch h\u1ee3p ch\u1ee9c n\u0103ng reach<\/li>\n<li data-section-id=\"1szpxgi\" data-start=\"2099\" data-end=\"2141\">Ph\u00f9 h\u1ee3p h\u1ec7 th\u1ed1ng kho m\u1eadt \u0111\u1ed9 cao<\/li>\n<\/ul>\n<h3 data-section-id=\"11vl9fo\" data-start=\"2143\" data-end=\"2175\"><span role=\"text\"><strong data-start=\"2147\" data-end=\"2175\">6. Ti\u00eau chu\u1ea9n an to\u00e0n cao<\/strong><\/span><\/h3>\n<ul data-start=\"2176\" data-end=\"2435\">\n<li data-section-id=\"7y9km8\" data-start=\"2176\" data-end=\"2219\">H\u1ec7 th\u1ed1ng ki\u1ec3m so\u00e1t t\u1ed1c \u0111\u1ed9 khi v\u00e0o cua gi\u00fap an to\u00e0n h\u01a1n<\/li>\n<li data-section-id=\"1vd7nu5\" data-start=\"2220\" data-end=\"2255\">Gi\u1edbi h\u1ea1n t\u1ed1c \u0111\u1ed9 theo t\u1ea3i tr\u1ecdng<\/li>\n<li data-section-id=\"1as5ds1\" data-start=\"2256\" data-end=\"2317\">H\u1ec7 th\u1ed1ng b\u1ea3o v\u1ec7 c\u00e0ng tr\u00e1nh va ch\u1ea1m v\u1edbi khung b\u00e1nh<\/li>\n<li data-section-id=\"10ac2sv\" data-start=\"2318\" data-end=\"2384\">T\u1ea7m nh\u00ecn t\u1ed1i \u01b0u nh\u1edd thi\u1ebft k\u1ebf c\u1ed9t n\u00e2ng v\u00e0 khung b\u1ea3o v\u1ec7<\/li>\n<li data-section-id=\"11mnqtg\" data-start=\"2385\" data-end=\"2435\">L\u00ean xu\u1ed1ng xe d\u1ec5 d\u00e0ng v\u00e0 an to\u00e0n v\u1edbi b\u1eadc b\u01b0\u1edbc l\u1edbn v\u00e0 tay v\u1ecbn<\/li>\n<\/ul>\n<h3 data-section-id=\"g882p5\" data-start=\"2437\" data-end=\"2482\"><span role=\"text\"><strong data-start=\"2441\" data-end=\"2482\">7. Hi\u1ec7u qu\u1ea3 n\u0103ng l\u01b0\u1ee3ng &amp; b\u1ec1n v\u1eefng<\/strong><\/span><\/h3>\n<ul data-start=\"2483\" data-end=\"2667\">\n<li data-section-id=\"fayhzz\" data-start=\"2483\" data-end=\"2530\">H\u1ec7 th\u1ed1ng phanh t\u00e1i sinh n\u0103ng l\u01b0\u1ee3ng<\/li>\n<li data-section-id=\"11v47sk\" data-start=\"2531\" data-end=\"2570\">Ti\u00eau th\u1ee5 n\u0103ng l\u01b0\u1ee3ng th\u1ea5p (~8,5 kWh\/h)<\/li>\n<li data-section-id=\"14cxa6n\" data-start=\"2571\" data-end=\"2612\">H\u1ec7 th\u1ed1ng pin hi\u1ec7u qu\u1ea3 (465\u2013930 Ah)<\/li>\n<li data-section-id=\"1gpkbx1\" data-start=\"2613\" data-end=\"2667\">T\u1ed1i \u01b0u t\u00e0i nguy\u00ean cho chu k\u1ef3 v\u1eadn h\u00e0nh d\u00e0i<\/li>\n<\/ul>\n<hr data-start=\"2669\" data-end=\"2672\" \/>\n<h2 data-section-id=\"k0zlak\" data-start=\"2674\" data-end=\"2693\"><span role=\"text\"><strong data-start=\"2677\" data-end=\"2693\">\u1ee8ng d\u1ee5ng<\/strong><\/span><\/h2>\n<p data-start=\"2695\" data-end=\"2731\">D\u00f2ng STILL FM-4W ph\u00f9 h\u1ee3p l\u00fd t\u01b0\u1edfng cho:<\/p>\n<h3 data-section-id=\"grzwnw\" data-start=\"2733\" data-end=\"2768\"><span role=\"text\"><strong data-start=\"2737\" data-end=\"2768\">1. Kho l\u1ed1i \u0111i h\u1eb9p<\/strong><\/span><\/h3>\n<ul data-start=\"2769\" data-end=\"2844\">\n<li data-section-id=\"1vxc9mk\" data-start=\"2769\" data-end=\"2801\">H\u1ec7 th\u1ed1ng l\u01b0u tr\u1eef m\u1eadt \u0111\u1ed9 cao<\/li>\n<li data-section-id=\"d9wjsw\" data-start=\"2802\" data-end=\"2844\">T\u1ed1i \u0111a h\u00f3a kh\u00f4ng gian kho<\/li>\n<\/ul>\n<h3 data-section-id=\"c91u93\" data-start=\"2846\" data-end=\"2880\"><span role=\"text\"><strong data-start=\"2850\" data-end=\"2880\">2. X\u1eed l\u00fd v\u1eadt li\u1ec7u d\u00e0i<\/strong><\/span><\/h3>\n<ul data-start=\"2881\" data-end=\"2961\">\n<li data-section-id=\"1ue3icv\" data-start=\"2881\" data-end=\"2920\">G\u1ed7, \u1ed1ng, th\u00e9p thanh, thanh \u0111\u1ecbnh h\u00ecnh<\/li>\n<li data-section-id=\"1b0pi3a\" data-start=\"2921\" data-end=\"2961\">N\u1ed9i th\u1ea5t v\u00e0 v\u1eadt li\u1ec7u x\u00e2y d\u1ef1ng<\/li>\n<\/ul>\n<h3 data-section-id=\"xik6s\" data-start=\"2963\" data-end=\"2998\"><span role=\"text\"><strong data-start=\"2967\" data-end=\"2998\">3. Logistics &amp; ph\u00e2n ph\u1ed1i<\/strong><\/span><\/h3>\n<ul data-start=\"2999\" data-end=\"3070\">\n<li data-section-id=\"f147fv\" data-start=\"2999\" data-end=\"3032\">X\u1eed l\u00fd pallet v\u00e0 container<\/li>\n<li data-section-id=\"w8pa2\" data-start=\"3033\" data-end=\"3070\">B\u1ed1c x\u1ebfp nhanh ch\u00f3ng<\/li>\n<\/ul>\n<h3 data-section-id=\"xg4bbw\" data-start=\"3072\" data-end=\"3096\"><span role=\"text\"><strong data-start=\"3076\" data-end=\"3096\">4. S\u1ea3n xu\u1ea5t<\/strong><\/span><\/h3>\n<ul data-start=\"3097\" data-end=\"3174\">\n<li data-section-id=\"1ohz4yv\" data-start=\"3097\" data-end=\"3147\">V\u1eadn chuy\u1ec3n n\u1ed9i b\u1ed9 c\u00e1c chi ti\u1ebft d\u00e0i ho\u1eb7c c\u1ed3ng k\u1ec1nh<\/li>\n<li data-section-id=\"1x8g0gm\" data-start=\"3148\" data-end=\"3174\">Cung \u1ee9ng cho d\u00e2y chuy\u1ec1n s\u1ea3n xu\u1ea5t<\/li>\n<\/ul>","protected":false},"excerpt":{"rendered":"<p>Product Overview The STILL FM-4W 20 and FM-4W 25 are advanced 4-way reach trucks designed for maximum flexibility and efficiency in narrow aisle warehouse operations. Thanks to their unique four-way travel capability, these trucks can move forward, backward, and sideways, making them ideal for handling long and bulky loads such as pipes, timber, and profiles. [&hellip;]<\/p>","protected":false},"featured_media":3250,"template":"","meta":{"_acf_changed":false,"inline_featured_image":false},"model-type":[49],"product_brand":[38],"product_cat":[57],"product_tag":[],"class_list":{"0":"post-3245","1":"product","2":"type-product","3":"status-publish","4":"has-post-thumbnail","6":"model-type-electric","7":"product_brand-still","8":"product_cat-reach-trucks","10":"first","11":"instock","12":"shipping-taxable","13":"product-type-simple"},"acf":[],"yoast_head":"<!-- This site is optimized with the Yoast SEO Premium plugin v25.6 (Yoast SEO v25.6) - https:\/\/yoast.com\/wordpress\/plugins\/seo\/ -->\n<title>FM-4W 20 \/ FM-4W 25 - Goldbell<\/title>\n<meta name=\"robots\" content=\"noindex, follow, max-snippet:-1, max-image-preview:large, max-video-preview:-1\" \/>\n<meta property=\"og:locale\" content=\"vi_VN\" \/>\n<meta property=\"og:type\" content=\"article\" \/>\n<meta property=\"og:title\" content=\"FM-4W 20 \/ FM-4W 25\" \/>\n<meta property=\"og:description\" content=\"Product Overview The STILL FM-4W 20 and FM-4W 25 are advanced 4-way reach trucks designed for maximum flexibility and efficiency in narrow aisle warehouse operations. Thanks to their unique four-way travel capability, these trucks can move forward, backward, and sideways, making them ideal for handling long and bulky loads such as pipes, timber, and profiles. [&hellip;]\" \/>\n<meta property=\"og:url\" content=\"https:\/\/goldbellvn.ifdemo.com\/vi\/san-pham\/fm-4w-20-fm-4w-25\/\" \/>\n<meta property=\"og:site_name\" content=\"Goldbell\" \/>\n<meta property=\"article:modified_time\" content=\"2026-04-02T03:19:00+00:00\" \/>\n<meta property=\"og:image\" content=\"https:\/\/goldbellvn.ifdemo.com\/wp-content\/uploads\/2026\/04\/reach-trucks_FM-4W_frontview_1-e1775099923901.jpg\" \/>\n\t<meta property=\"og:image:width\" content=\"880\" \/>\n\t<meta property=\"og:image:height\" content=\"844\" \/>\n\t<meta property=\"og:image:type\" content=\"image\/jpeg\" \/>\n<meta name=\"twitter:card\" content=\"summary_large_image\" \/>\n<meta name=\"twitter:label1\" content=\"\u01af\u1edbc t\u00ednh th\u1eddi gian \u0111\u1ecdc\" \/>\n\t<meta name=\"twitter:data1\" content=\"3 ph\u00fat\" \/>\n<script type=\"application\/ld+json\" class=\"yoast-schema-graph\">{\"@context\":\"https:\/\/schema.org\",\"@graph\":[{\"@type\":\"WebPage\",\"@id\":\"https:\/\/goldbellvn.ifdemo.com\/product\/fm-4w-20-fm-4w-25\/\",\"url\":\"https:\/\/goldbellvn.ifdemo.com\/product\/fm-4w-20-fm-4w-25\/\",\"name\":\"FM-4W 20 \/ FM-4W 25 - Goldbell\",\"isPartOf\":{\"@id\":\"https:\/\/goldbellvn.ifdemo.com\/#website\"},\"primaryImageOfPage\":{\"@id\":\"https:\/\/goldbellvn.ifdemo.com\/product\/fm-4w-20-fm-4w-25\/#primaryimage\"},\"image\":{\"@id\":\"https:\/\/goldbellvn.ifdemo.com\/product\/fm-4w-20-fm-4w-25\/#primaryimage\"},\"thumbnailUrl\":\"https:\/\/goldbellvn.ifdemo.com\/wp-content\/uploads\/2026\/04\/reach-trucks_FM-4W_frontview_1-e1775099923901.jpg\",\"datePublished\":\"2026-04-01T03:41:34+00:00\",\"dateModified\":\"2026-04-02T03:19:00+00:00\",\"breadcrumb\":{\"@id\":\"https:\/\/goldbellvn.ifdemo.com\/product\/fm-4w-20-fm-4w-25\/#breadcrumb\"},\"inLanguage\":\"vi\",\"potentialAction\":[{\"@type\":\"ReadAction\",\"target\":[\"https:\/\/goldbellvn.ifdemo.com\/product\/fm-4w-20-fm-4w-25\/\"]}]},{\"@type\":\"ImageObject\",\"inLanguage\":\"vi\",\"@id\":\"https:\/\/goldbellvn.ifdemo.com\/product\/fm-4w-20-fm-4w-25\/#primaryimage\",\"url\":\"https:\/\/goldbellvn.ifdemo.com\/wp-content\/uploads\/2026\/04\/reach-trucks_FM-4W_frontview_1-e1775099923901.jpg\",\"contentUrl\":\"https:\/\/goldbellvn.ifdemo.com\/wp-content\/uploads\/2026\/04\/reach-trucks_FM-4W_frontview_1-e1775099923901.jpg\",\"width\":880,\"height\":844},{\"@type\":\"BreadcrumbList\",\"@id\":\"https:\/\/goldbellvn.ifdemo.com\/product\/fm-4w-20-fm-4w-25\/#breadcrumb\",\"itemListElement\":[{\"@type\":\"ListItem\",\"position\":1,\"name\":\"Home\",\"item\":\"https:\/\/goldbellvn.ifdemo.com\/\"},{\"@type\":\"ListItem\",\"position\":2,\"name\":\"Products\",\"item\":\"https:\/\/goldbellvn.ifdemo.com\/shop\/\"},{\"@type\":\"ListItem\",\"position\":3,\"name\":\"FM-4W 20 \/ FM-4W 25\"}]},{\"@type\":\"WebSite\",\"@id\":\"https:\/\/goldbellvn.ifdemo.com\/#website\",\"url\":\"https:\/\/goldbellvn.ifdemo.com\/\",\"name\":\"Goldbell\",\"description\":\"\",\"publisher\":{\"@id\":\"https:\/\/goldbellvn.ifdemo.com\/#organization\"},\"potentialAction\":[{\"@type\":\"SearchAction\",\"target\":{\"@type\":\"EntryPoint\",\"urlTemplate\":\"https:\/\/goldbellvn.ifdemo.com\/?s={search_term_string}\"},\"query-input\":{\"@type\":\"PropertyValueSpecification\",\"valueRequired\":true,\"valueName\":\"search_term_string\"}}],\"inLanguage\":\"vi\"},{\"@type\":\"Organization\",\"@id\":\"https:\/\/goldbellvn.ifdemo.com\/#organization\",\"name\":\"Goldbell\",\"url\":\"https:\/\/goldbellvn.ifdemo.com\/\",\"logo\":{\"@type\":\"ImageObject\",\"inLanguage\":\"vi\",\"@id\":\"https:\/\/goldbellvn.ifdemo.com\/#\/schema\/logo\/image\/\",\"url\":\"https:\/\/goldbellvn.ifdemo.com\/wp-content\/uploads\/2025\/09\/logo.svg\",\"contentUrl\":\"https:\/\/goldbellvn.ifdemo.com\/wp-content\/uploads\/2025\/09\/logo.svg\",\"width\":18,\"height\":23,\"caption\":\"Goldbell\"},\"image\":{\"@id\":\"https:\/\/goldbellvn.ifdemo.com\/#\/schema\/logo\/image\/\"}}]}<\/script>\n<!-- \/ Yoast SEO Premium plugin. -->","yoast_head_json":{"title":"FM-4W 20 \/ FM-4W 25 - Goldbell","robots":{"index":"noindex","follow":"follow","max-snippet":"max-snippet:-1","max-image-preview":"max-image-preview:large","max-video-preview":"max-video-preview:-1"},"og_locale":"vi_VN","og_type":"article","og_title":"FM-4W 20 \/ FM-4W 25","og_description":"Product Overview The STILL FM-4W 20 and FM-4W 25 are advanced 4-way reach trucks designed for maximum flexibility and efficiency in narrow aisle warehouse operations. Thanks to their unique four-way travel capability, these trucks can move forward, backward, and sideways, making them ideal for handling long and bulky loads such as pipes, timber, and profiles. [&hellip;]","og_url":"https:\/\/goldbellvn.ifdemo.com\/vi\/san-pham\/fm-4w-20-fm-4w-25\/","og_site_name":"Goldbell","article_modified_time":"2026-04-02T03:19:00+00:00","og_image":[{"width":880,"height":844,"url":"https:\/\/goldbellvn.ifdemo.com\/wp-content\/uploads\/2026\/04\/reach-trucks_FM-4W_frontview_1-e1775099923901.jpg","type":"image\/jpeg"}],"twitter_card":"summary_large_image","twitter_misc":{"\u01af\u1edbc t\u00ednh th\u1eddi gian \u0111\u1ecdc":"3 ph\u00fat"},"schema":{"@context":"https:\/\/schema.org","@graph":[{"@type":"WebPage","@id":"https:\/\/goldbellvn.ifdemo.com\/product\/fm-4w-20-fm-4w-25\/","url":"https:\/\/goldbellvn.ifdemo.com\/product\/fm-4w-20-fm-4w-25\/","name":"FM-4W 20 \/ FM-4W 25 - Goldbell","isPartOf":{"@id":"https:\/\/goldbellvn.ifdemo.com\/#website"},"primaryImageOfPage":{"@id":"https:\/\/goldbellvn.ifdemo.com\/product\/fm-4w-20-fm-4w-25\/#primaryimage"},"image":{"@id":"https:\/\/goldbellvn.ifdemo.com\/product\/fm-4w-20-fm-4w-25\/#primaryimage"},"thumbnailUrl":"https:\/\/goldbellvn.ifdemo.com\/wp-content\/uploads\/2026\/04\/reach-trucks_FM-4W_frontview_1-e1775099923901.jpg","datePublished":"2026-04-01T03:41:34+00:00","dateModified":"2026-04-02T03:19:00+00:00","breadcrumb":{"@id":"https:\/\/goldbellvn.ifdemo.com\/product\/fm-4w-20-fm-4w-25\/#breadcrumb"},"inLanguage":"vi","potentialAction":[{"@type":"ReadAction","target":["https:\/\/goldbellvn.ifdemo.com\/product\/fm-4w-20-fm-4w-25\/"]}]},{"@type":"ImageObject","inLanguage":"vi","@id":"https:\/\/goldbellvn.ifdemo.com\/product\/fm-4w-20-fm-4w-25\/#primaryimage","url":"https:\/\/goldbellvn.ifdemo.com\/wp-content\/uploads\/2026\/04\/reach-trucks_FM-4W_frontview_1-e1775099923901.jpg","contentUrl":"https:\/\/goldbellvn.ifdemo.com\/wp-content\/uploads\/2026\/04\/reach-trucks_FM-4W_frontview_1-e1775099923901.jpg","width":880,"height":844},{"@type":"BreadcrumbList","@id":"https:\/\/goldbellvn.ifdemo.com\/product\/fm-4w-20-fm-4w-25\/#breadcrumb","itemListElement":[{"@type":"ListItem","position":1,"name":"Home","item":"https:\/\/goldbellvn.ifdemo.com\/"},{"@type":"ListItem","position":2,"name":"Products","item":"https:\/\/goldbellvn.ifdemo.com\/shop\/"},{"@type":"ListItem","position":3,"name":"FM-4W 20 \/ FM-4W 25"}]},{"@type":"WebSite","@id":"https:\/\/goldbellvn.ifdemo.com\/#website","url":"https:\/\/goldbellvn.ifdemo.com\/","name":"Goldbell","description":"","publisher":{"@id":"https:\/\/goldbellvn.ifdemo.com\/#organization"},"potentialAction":[{"@type":"SearchAction","target":{"@type":"EntryPoint","urlTemplate":"https:\/\/goldbellvn.ifdemo.com\/?s={search_term_string}"},"query-input":{"@type":"PropertyValueSpecification","valueRequired":true,"valueName":"search_term_string"}}],"inLanguage":"vi"},{"@type":"Organization","@id":"https:\/\/goldbellvn.ifdemo.com\/#organization","name":"Goldbell","url":"https:\/\/goldbellvn.ifdemo.com\/","logo":{"@type":"ImageObject","inLanguage":"vi","@id":"https:\/\/goldbellvn.ifdemo.com\/#\/schema\/logo\/image\/","url":"https:\/\/goldbellvn.ifdemo.com\/wp-content\/uploads\/2025\/09\/logo.svg","contentUrl":"https:\/\/goldbellvn.ifdemo.com\/wp-content\/uploads\/2025\/09\/logo.svg","width":18,"height":23,"caption":"Goldbell"},"image":{"@id":"https:\/\/goldbellvn.ifdemo.com\/#\/schema\/logo\/image\/"}}]}},"_links":{"self":[{"href":"https:\/\/goldbellvn.ifdemo.com\/vi\/wp-json\/wp\/v2\/product\/3245","targetHints":{"allow":["GET"]}}],"collection":[{"href":"https:\/\/goldbellvn.ifdemo.com\/vi\/wp-json\/wp\/v2\/product"}],"about":[{"href":"https:\/\/goldbellvn.ifdemo.com\/vi\/wp-json\/wp\/v2\/types\/product"}],"wp:featuredmedia":[{"embeddable":true,"href":"https:\/\/goldbellvn.ifdemo.com\/vi\/wp-json\/wp\/v2\/media\/3250"}],"wp:attachment":[{"href":"https:\/\/goldbellvn.ifdemo.com\/vi\/wp-json\/wp\/v2\/media?parent=3245"}],"wp:term":[{"taxonomy":"model-type","embeddable":true,"href":"https:\/\/goldbellvn.ifdemo.com\/vi\/wp-json\/wp\/v2\/model-type?post=3245"},{"taxonomy":"product_brand","embeddable":true,"href":"https:\/\/goldbellvn.ifdemo.com\/vi\/wp-json\/wp\/v2\/product_brand?post=3245"},{"taxonomy":"product_cat","embeddable":true,"href":"https:\/\/goldbellvn.ifdemo.com\/vi\/wp-json\/wp\/v2\/product_cat?post=3245"},{"taxonomy":"product_tag","embeddable":true,"href":"https:\/\/goldbellvn.ifdemo.com\/vi\/wp-json\/wp\/v2\/product_tag?post=3245"}],"curies":[{"name":"wp","href":"https:\/\/api.w.org\/{rel}","templated":true}]}}