{"id":3247,"date":"2026-04-01T10:56:30","date_gmt":"2026-04-01T03:56:30","guid":{"rendered":"https:\/\/goldbell.123websitedev.com\/?post_type=product&#038;p=3247"},"modified":"2026-04-01T11:31:45","modified_gmt":"2026-04-01T04:31:45","slug":"mx-x-mx-x-li-ion-mx-x-igo-systems-very-narrow-aisle","status":"publish","type":"product","link":"https:\/\/goldbellvn.ifdemo.com\/vi\/san-pham\/mx-x-mx-x-li-ion-mx-x-igo-systems-very-narrow-aisle\/","title":{"rendered":"MX-X \/ MX-X Li-Ion \/ MX-X iGo Systems (Very Narrow Aisle)"},"content":{"rendered":"<h2 data-section-id=\"1p927wt\" data-start=\"193\" data-end=\"212\">T\u1ed5ng quan s\u1ea3n ph\u1ea9m<\/h2>\n<p data-start=\"214\" data-end=\"584\">Xe n\u00e2ng STILL MX-X l\u00e0 d\u00f2ng xe n\u00e2ng l\u1ed1i \u0111i r\u1ea5t h\u1eb9p (VNA) hi\u1ec7u su\u1ea5t cao, d\u1ea1ng \u0111\u1ee9ng l\u00e1i (man-up turret truck), \u0111\u01b0\u1ee3c thi\u1ebft k\u1ebf \u0111\u1ec3 t\u1ed1i \u0111a h\u00f3a m\u1eadt \u0111\u1ed9 l\u01b0u tr\u1eef v\u00e0 hi\u1ec7u qu\u1ea3 v\u1eadn h\u00e0nh trong m\u00f4i tr\u01b0\u1eddng kho l\u1ed1i \u0111i h\u1eb9p. V\u1edbi chi\u1ec1u cao n\u00e2ng l\u00ean \u0111\u1ebfn 18 m\u00e9t v\u00e0 kh\u1ea3 n\u0103ng t\u1ea3i d\u01b0 v\u01b0\u1ee3t tr\u1ed9i, d\u00f2ng MX-X thi\u1ebft l\u1eadp ti\u00eau chu\u1ea9n m\u1edbi cho kho k\u1ec7 cao v\u00e0 ho\u1ea1t \u0111\u1ed9ng l\u1ea5y h\u00e0ng.<\/p>\n<p data-start=\"586\" data-end=\"815\">Nh\u1edd c\u00e1c c\u00f4ng ngh\u1ec7 ti\u00ean ti\u1ebfn nh\u01b0 Active Load Stabilisation (ALS), Active Floor Compensation (AFC) v\u00e0 h\u1ec7 th\u1ed1ng d\u1eabn \u0111\u01b0\u1eddng th\u00f4ng minh iGo pilot, MX-X \u0111\u1ea3m b\u1ea3o kh\u1ea3 n\u0103ng x\u1eed l\u00fd ch\u00ednh x\u00e1c, nhanh v\u00e0 an to\u00e0n ngay c\u1ea3 \u1edf \u0111\u1ed9 cao l\u1edbn.<\/p>\n<p data-start=\"817\" data-end=\"975\">MX-X c\u00f3 th\u1ec3 \u0111\u01b0\u1ee3c t\u00f9y ch\u1ec9nh ho\u00e0n to\u00e0n theo y\u00eau c\u1ea7u kho, v\u1edbi nhi\u1ec1u c\u1ea5u h\u00ecnh linh ho\u1ea1t, t\u00f9y ch\u1ecdn t\u1ef1 \u0111\u1ed9ng h\u00f3a v\u00e0 s\u1ef1 tho\u1ea3i m\u00e1i t\u1ed1i \u01b0u cho ng\u01b0\u1eddi v\u1eadn h\u00e0nh.<\/p>\n<p data-start=\"977\" data-end=\"994\">C\u00e1c model g\u1ed3m:<\/p>\n<p data-start=\"996\" data-end=\"1100\">MX-X v\u1edbi \u0111\u1ea7u quay<br data-start=\"1017\" data-end=\"1020\" \/>MX-X v\u1edbi c\u00e0ng \u1ed1ng l\u1ed3ng<br data-start=\"1045\" data-end=\"1048\" \/>MX-X Li-Ion<br data-start=\"1059\" data-end=\"1062\" \/>MX-X iGo (phi\u00ean b\u1ea3n t\u1ef1 \u0111\u1ed9ng h\u00f3a)<\/p>\n<hr data-start=\"1102\" data-end=\"1105\" \/>\n<h2 data-section-id=\"939trr\" data-start=\"1107\" data-end=\"1133\">T\u00ednh n\u0103ng &amp; l\u1ee3i \u00edch ch\u00ednh<\/h2>\n<h3 data-section-id=\"tefri\" data-start=\"1135\" data-end=\"1179\">1. M\u1eadt \u0111\u1ed9 l\u01b0u tr\u1eef t\u1ed1i \u0111a &amp; hi\u1ec7u su\u1ea5t cao<\/h3>\n<p data-start=\"1180\" data-end=\"1444\">Chi\u1ec1u cao n\u00e2ng l\u00ean \u0111\u1ebfn 18.000 mm<br data-start=\"1207\" data-end=\"1210\" \/>T\u1ed1c \u0111\u1ed9 di chuy\u1ec3n l\u00ean \u0111\u1ebfn 14 km\/h<br data-start=\"1237\" data-end=\"1240\" \/>Kh\u1ea3 n\u0103ng t\u1ea3i d\u01b0 cao ngay c\u1ea3 \u1edf \u0111\u1ed9 cao l\u1edbn<br data-start=\"1289\" data-end=\"1292\" \/>T\u1ed1i \u01b0u cho kho k\u1ec7 cao v\u00e0 l\u1ed1i \u0111i r\u1ea5t h\u1eb9p<br data-start=\"1353\" data-end=\"1356\" \/>T\u0103ng n\u0103ng su\u1ea5t x\u1eed l\u00fd l\u00ean \u0111\u1ebfn 5% nh\u1edd ALS<\/p>\n<h3 data-section-id=\"f6zb9e\" data-start=\"1446\" data-end=\"1488\">2. C\u00f4ng ngh\u1ec7 \u1ed5n \u0111\u1ecbnh ti\u00ean ti\u1ebfn<\/h3>\n<p data-start=\"1489\" data-end=\"1770\">H\u1ec7 th\u1ed1ng \u1ed5n \u0111\u1ecbnh t\u1ea3i ch\u1ee7 \u0111\u1ed9ng (ALS) gi\u00fap gi\u1ea3m rung l\u1eafc c\u1ed9t n\u00e2ng<br data-start=\"1546\" data-end=\"1549\" \/>H\u1ec7 th\u1ed1ng b\u00f9 s\u00e0n ch\u1ee7 \u0111\u1ed9ng (AFC) gi\u00fap b\u00f9 \u0111\u1ed9 kh\u00f4ng b\u1eb1ng ph\u1eb3ng c\u1ee7a s\u00e0n theo th\u1eddi gian th\u1ef1c<br data-start=\"1623\" data-end=\"1626\" \/>T\u0103ng \u0111\u1ed9 an to\u00e0n, ch\u00ednh x\u00e1c v\u00e0 n\u0103ng su\u1ea5t<br data-start=\"1670\" data-end=\"1673\" \/>Gi\u1ea3m rung gi\u00fap b\u1ea3o v\u1ec7 h\u00e0ng h\u00f3a, thi\u1ebft b\u1ecb v\u00e0 ng\u01b0\u1eddi v\u1eadn h\u00e0nh<\/p>\n<h3 data-section-id=\"1nwybxd\" data-start=\"1772\" data-end=\"1826\">3. D\u1eabn \u0111\u01b0\u1eddng th\u00f4ng minh &amp; t\u1ef1 \u0111\u1ed9ng h\u00f3a (iGo pilot)<\/h3>\n<p data-start=\"1827\" data-end=\"2142\">T\u1ef1 \u0111\u1ed9ng d\u1eabn \u0111\u01b0\u1eddng \u0111\u1ebfn v\u1ecb tr\u00ed l\u01b0u tr\u1eef qua RFID ho\u1eb7c h\u1ec7 th\u1ed1ng kho<br data-start=\"1897\" data-end=\"1900\" \/>T\u1ed1i \u01b0u l\u1ed9 tr\u00ecnh di chuy\u1ec3n gi\u00fap v\u1eadn h\u00e0nh nhanh h\u01a1n<br data-start=\"1947\" data-end=\"1950\" \/>T\u1ef1 \u0111\u1ed9ng \u0111\u1ecbnh v\u1ecb c\u00e0ng t\u1ea1i \u0111\u00fang v\u1ecb tr\u00ed pallet<br data-start=\"2001\" data-end=\"2004\" \/>Gi\u1ea3m sai s\u00f3t v\u00e0 t\u0103ng n\u0103ng su\u1ea5t x\u1eed l\u00fd<br data-start=\"2043\" data-end=\"2046\" \/>T\u01b0\u01a1ng th\u00edch ho\u00e0n to\u00e0n v\u1edbi h\u1ec7 th\u1ed1ng qu\u1ea3n l\u00fd kho (WMS)<\/p>\n<h3 data-section-id=\"bac7mi\" data-start=\"2144\" data-end=\"2190\">4. C\u00f4ng th\u00e1i h\u1ecdc &amp; s\u1ef1 tho\u1ea3i m\u00e1i cho ng\u01b0\u1eddi v\u1eadn h\u00e0nh<\/h3>\n<p data-start=\"2191\" data-end=\"2457\">Cabin r\u1ed9ng r\u00e3i, c\u00f3 th\u1ec3 t\u00f9y ch\u1ec9nh<br data-start=\"2231\" data-end=\"2234\" \/>B\u1ea3ng \u0111i\u1ec1u khi\u1ec3n c\u00f4ng th\u00e1i h\u1ecdc v\u1edbi m\u00e0n h\u00ecnh m\u00e0u<br data-start=\"2276\" data-end=\"2279\" \/>H\u1ed7 tr\u1ee3 v\u1eadn h\u00e0nh \u0111\u1ee9ng ho\u1eb7c ng\u1ed3i tho\u1ea3i m\u00e1i<br data-start=\"2320\" data-end=\"2323\" \/>\u0110i\u1ec1u khi\u1ec3n linh ho\u1ea1t v\u00e0 kh\u00f4ng gian l\u00e0m vi\u1ec7c \u0111a ch\u1ee9c n\u0103ng<br data-start=\"2372\" data-end=\"2375\" \/>Gi\u1ea3m m\u1ec7t m\u1ecfi khi l\u00e0m vi\u1ec7c ca d\u00e0i<\/p>\n<h3 data-section-id=\"1drew9z\" data-start=\"2459\" data-end=\"2487\">5. Ti\u00eau chu\u1ea9n an to\u00e0n cao<\/h3>\n<p data-start=\"2488\" data-end=\"2780\">\u0110i\u1ec1u khi\u1ec3n hai tay c\u00f3 c\u1ea3m bi\u1ebfn an to\u00e0n<br data-start=\"2524\" data-end=\"2527\" \/>H\u1ec7 th\u1ed1ng c\u1ea3nh b\u00e1o c\u1ee9u h\u1ed9 (Rescue Alarm) v\u00e0 \u0111\u00e8n an to\u00e0n STILL (STILL Safety Light)<br data-start=\"2570\" data-end=\"2573\" \/>B\u1ea3o v\u1ec7 ng\u01b0\u1eddi \u0111i b\u1ed9 v\u00e0 ch\u1ed1ng va ch\u1ea1m<br data-start=\"2626\" data-end=\"2629\" \/>T\u1ef1 \u0111\u1ed9ng d\u1eebng cu\u1ed1i l\u1ed1i \u0111i v\u00e0 gi\u00e1m s\u00e1t an to\u00e0n<br data-start=\"2678\" data-end=\"2681\" \/>H\u1ec7 th\u1ed1ng an to\u00e0n 360\u00b0 b\u1ea3o v\u1ec7 ng\u01b0\u1eddi v\u1eadn h\u00e0nh v\u00e0 m\u00f4i tr\u01b0\u1eddng<\/p>\n<h3 data-section-id=\"f5qaco\" data-start=\"2782\" data-end=\"2823\">6. Hi\u1ec7u qu\u1ea3 n\u0103ng l\u01b0\u1ee3ng &amp; ph\u00e1t tri\u1ec3n b\u1ec1n v\u1eefng<\/h3>\n<p data-start=\"2824\" data-end=\"3053\">H\u1ec7 th\u1ed1ng phanh t\u00e1i t\u1ea1o n\u0103ng l\u01b0\u1ee3ngH\u1ec7 th\u1ed1ng phanh t\u00e1i sinh n\u0103ng l\u01b0\u1ee3ng<br data-start=\"2871\" data-end=\"2874\" \/>Ch\u1ebf \u0111\u1ed9 ti\u1ebft ki\u1ec7m Blue-Q gi\u1ea3m ti\u00eau th\u1ee5 \u0111i\u1ec7n<br data-start=\"2923\" data-end=\"2926\" \/>T\u00f9y ch\u1ecdn pin ch\u00ec-axit ho\u1eb7c lithium-ion<br data-start=\"2970\" data-end=\"2973\" \/>H\u1ed7 tr\u1ee3 v\u1eadn h\u00e0nh \u0111a ca v\u00e0 24\/7<\/p>\n<h3 data-section-id=\"19qhzas\" data-start=\"3055\" data-end=\"3097\">7. C\u1ea5u h\u00ecnh linh ho\u1ea1t &amp; d\u1ea1ng m\u00f4-\u0111un<\/h3>\n<p data-start=\"3098\" data-end=\"3289\">Cabin t\u00f9y ch\u1ec9nh k\u00edch th\u01b0\u1edbc v\u00e0 c\u1ea5u h\u00ecnh<br data-start=\"3141\" data-end=\"3144\" \/>Nhi\u1ec1u lo\u1ea1i c\u1ed9t n\u00e2ng (triplex, telescopic)<br data-start=\"3184\" data-end=\"3187\" \/>T\u00f9y ch\u1ecdn t\u1ef1 \u0111\u1ed9ng h\u00f3a (AGV-ready v\u1edbi iGo)<br data-start=\"3235\" data-end=\"3238\" \/>Ph\u00f9 h\u1ee3p m\u1ecdi layout v\u00e0 \u1ee9ng d\u1ee5ng kho<\/p>\n<hr data-start=\"3291\" data-end=\"3294\" \/>\n<h2 data-section-id=\"mu966k\" data-start=\"3296\" data-end=\"3311\">\u1ee8ng d\u1ee5ng<\/h2>\n<p data-start=\"3313\" data-end=\"3348\">D\u00f2ng STILL MX-X ph\u00f9 h\u1ee3p l\u00fd t\u01b0\u1edfng cho:<\/p>\n<h3 data-section-id=\"u74yxs\" data-start=\"3350\" data-end=\"3377\">1. Kho k\u1ec7 cao<\/h3>\n<p data-start=\"3378\" data-end=\"3473\">L\u01b0u tr\u1eef v\u00e0 l\u1ea5y h\u00e0ng \u0111\u1ebfn 18 m\u00e9t<br data-start=\"3415\" data-end=\"3418\" \/>T\u1ed1i \u01b0u h\u00f3a kh\u00f4ng gian theo chi\u1ec1u \u0111\u1ee9ng<\/p>\n<h3 data-section-id=\"ephzmh\" data-start=\"3475\" data-end=\"3516\">2. V\u1eadn h\u00e0nh kho l\u1ed1i \u0111i r\u1ea5t h\u1eb9p (VNA)<\/h3>\n<p data-start=\"3517\" data-end=\"3606\">Thi\u1ebft k\u1ebf cho l\u1ed1i \u0111i c\u1ef1c h\u1eb9p<br data-start=\"3559\" data-end=\"3562\" \/>Hi\u1ec7u qu\u1ea3 cao trong kho m\u1eadt \u0111\u1ed9 l\u1edbn<\/p>\n<h3 data-section-id=\"1mwtmzw\" data-start=\"3608\" data-end=\"3647\">3. Trung t\u00e2m logistics &amp; ph\u00e2n ph\u1ed1i<\/h3>\n<p data-start=\"3648\" data-end=\"3730\">X\u1eed l\u00fd pallet nhanh v\u00e0 ch\u00ednh x\u00e1c<br data-start=\"3680\" data-end=\"3683\" \/>T\u00edch h\u1ee3p h\u1ec7 th\u1ed1ng qu\u1ea3n l\u00fd kho (WMS)<\/p>\n<h3 data-section-id=\"12in8ij\" data-start=\"3732\" data-end=\"3775\">4. Kho t\u1ef1 \u0111\u1ed9ng h\u00f3a (Industry 4.0)<\/h3>\n<p data-start=\"3776\" data-end=\"3966\">V\u1eadn h\u00e0nh t\u1ef1 \u0111\u1ed9ng v\u1edbi h\u1ec7 th\u1ed1ng MX-X iGo<br data-start=\"3823\" data-end=\"3826\" \/>T\u00edch h\u1ee3p AGV cho d\u00f2ng ch\u1ea3y v\u1eadt li\u1ec7u li\u00ean t\u1ee5c<br data-start=\"3870\" data-end=\"3873\" \/>Gi\u1ea3m l\u1ed7i con ng\u01b0\u1eddi v\u00e0 t\u0103ng \u0111\u1ed9 \u1ed5n \u0111\u1ecbnh quy tr\u00ecnh<\/p>\n<h3 data-section-id=\"kohh7p\" data-start=\"3968\" data-end=\"4009\">5. Kho c\u00f4ng nghi\u1ec7p &amp; s\u1ea3n xu\u1ea5t<\/h3>\n<p data-start=\"4010\" data-end=\"4083\">X\u1eed l\u00fd t\u1ea3i n\u1eb7ng \u1edf \u0111\u1ed9 cao<br data-start=\"4040\" data-end=\"4043\" \/>Cung \u1ee9ng nguy\u00ean v\u1eadt li\u1ec7u cho d\u00e2y chuy\u1ec1n s\u1ea3n xu\u1ea5t hi\u1ec7u qu\u1ea3<\/p>","protected":false},"excerpt":{"rendered":"<p>Product Overview The STILL MX-X Very Narrow Aisle Truck is a high-performance man-up turret truck designed for maximum storage density and efficiency in narrow aisle warehouse environments. With lifting heights of up to 18 meters and outstanding residual load capacity, the MX-X series sets new standards in high-bay warehousing and order picking. Thanks to advanced [&hellip;]<\/p>","protected":false},"featured_media":3272,"template":"","meta":{"_acf_changed":false,"inline_featured_image":false},"model-type":[49],"product_brand":[38],"product_cat":[57],"product_tag":[],"class_list":{"0":"post-3247","1":"product","2":"type-product","3":"status-publish","4":"has-post-thumbnail","6":"model-type-electric","7":"product_brand-still","8":"product_cat-reach-trucks","10":"first","11":"instock","12":"shipping-taxable","13":"product-type-simple"},"acf":[],"yoast_head":"<!-- This site is optimized with the Yoast SEO Premium plugin v25.6 (Yoast SEO v25.6) - https:\/\/yoast.com\/wordpress\/plugins\/seo\/ -->\n<title>MX-X \/ MX-X Li-Ion \/ MX-X iGo Systems (Very Narrow Aisle) - Goldbell<\/title>\n<meta name=\"robots\" content=\"noindex, follow, max-snippet:-1, max-image-preview:large, max-video-preview:-1\" \/>\n<meta property=\"og:locale\" content=\"vi_VN\" \/>\n<meta property=\"og:type\" content=\"article\" \/>\n<meta property=\"og:title\" content=\"MX-X \/ MX-X Li-Ion \/ MX-X iGo Systems (Very Narrow Aisle)\" \/>\n<meta property=\"og:description\" content=\"Product Overview The STILL MX-X Very Narrow Aisle Truck is a high-performance man-up turret truck designed for maximum storage density and efficiency in narrow aisle warehouse environments. With lifting heights of up to 18 meters and outstanding residual load capacity, the MX-X series sets new standards in high-bay warehousing and order picking. Thanks to advanced [&hellip;]\" \/>\n<meta property=\"og:url\" content=\"https:\/\/goldbellvn.ifdemo.com\/vi\/san-pham\/mx-x-mx-x-li-ion-mx-x-igo-systems-very-narrow-aisle\/\" \/>\n<meta property=\"og:site_name\" content=\"Goldbell\" \/>\n<meta property=\"article:modified_time\" content=\"2026-04-01T04:31:45+00:00\" \/>\n<meta property=\"og:image\" content=\"https:\/\/goldbellvn.ifdemo.com\/wp-content\/uploads\/2026\/04\/MX-X_Frontdiagonale-1_800x800.webp\" \/>\n\t<meta property=\"og:image:width\" content=\"800\" \/>\n\t<meta property=\"og:image:height\" content=\"800\" \/>\n\t<meta property=\"og:image:type\" content=\"image\/webp\" \/>\n<meta name=\"twitter:card\" content=\"summary_large_image\" \/>\n<meta name=\"twitter:label1\" content=\"\u01af\u1edbc t\u00ednh th\u1eddi gian \u0111\u1ecdc\" \/>\n\t<meta name=\"twitter:data1\" content=\"3 ph\u00fat\" \/>\n<script type=\"application\/ld+json\" class=\"yoast-schema-graph\">{\"@context\":\"https:\/\/schema.org\",\"@graph\":[{\"@type\":\"WebPage\",\"@id\":\"https:\/\/goldbellvn.ifdemo.com\/product\/mx-x-mx-x-li-ion-mx-x-igo-systems-very-narrow-aisle\/\",\"url\":\"https:\/\/goldbellvn.ifdemo.com\/product\/mx-x-mx-x-li-ion-mx-x-igo-systems-very-narrow-aisle\/\",\"name\":\"MX-X \/ MX-X Li-Ion \/ MX-X iGo Systems (Very Narrow Aisle) - Goldbell\",\"isPartOf\":{\"@id\":\"https:\/\/goldbellvn.ifdemo.com\/#website\"},\"primaryImageOfPage\":{\"@id\":\"https:\/\/goldbellvn.ifdemo.com\/product\/mx-x-mx-x-li-ion-mx-x-igo-systems-very-narrow-aisle\/#primaryimage\"},\"image\":{\"@id\":\"https:\/\/goldbellvn.ifdemo.com\/product\/mx-x-mx-x-li-ion-mx-x-igo-systems-very-narrow-aisle\/#primaryimage\"},\"thumbnailUrl\":\"https:\/\/goldbellvn.ifdemo.com\/wp-content\/uploads\/2026\/04\/MX-X_Frontdiagonale-1_800x800.webp\",\"datePublished\":\"2026-04-01T03:56:30+00:00\",\"dateModified\":\"2026-04-01T04:31:45+00:00\",\"breadcrumb\":{\"@id\":\"https:\/\/goldbellvn.ifdemo.com\/product\/mx-x-mx-x-li-ion-mx-x-igo-systems-very-narrow-aisle\/#breadcrumb\"},\"inLanguage\":\"vi\",\"potentialAction\":[{\"@type\":\"ReadAction\",\"target\":[\"https:\/\/goldbellvn.ifdemo.com\/product\/mx-x-mx-x-li-ion-mx-x-igo-systems-very-narrow-aisle\/\"]}]},{\"@type\":\"ImageObject\",\"inLanguage\":\"vi\",\"@id\":\"https:\/\/goldbellvn.ifdemo.com\/product\/mx-x-mx-x-li-ion-mx-x-igo-systems-very-narrow-aisle\/#primaryimage\",\"url\":\"https:\/\/goldbellvn.ifdemo.com\/wp-content\/uploads\/2026\/04\/MX-X_Frontdiagonale-1_800x800.webp\",\"contentUrl\":\"https:\/\/goldbellvn.ifdemo.com\/wp-content\/uploads\/2026\/04\/MX-X_Frontdiagonale-1_800x800.webp\",\"width\":800,\"height\":800},{\"@type\":\"BreadcrumbList\",\"@id\":\"https:\/\/goldbellvn.ifdemo.com\/product\/mx-x-mx-x-li-ion-mx-x-igo-systems-very-narrow-aisle\/#breadcrumb\",\"itemListElement\":[{\"@type\":\"ListItem\",\"position\":1,\"name\":\"Home\",\"item\":\"https:\/\/goldbellvn.ifdemo.com\/\"},{\"@type\":\"ListItem\",\"position\":2,\"name\":\"Products\",\"item\":\"https:\/\/goldbellvn.ifdemo.com\/shop\/\"},{\"@type\":\"ListItem\",\"position\":3,\"name\":\"MX-X \/ MX-X Li-Ion \/ MX-X iGo Systems (Very Narrow Aisle)\"}]},{\"@type\":\"WebSite\",\"@id\":\"https:\/\/goldbellvn.ifdemo.com\/#website\",\"url\":\"https:\/\/goldbellvn.ifdemo.com\/\",\"name\":\"Goldbell\",\"description\":\"\",\"publisher\":{\"@id\":\"https:\/\/goldbellvn.ifdemo.com\/#organization\"},\"potentialAction\":[{\"@type\":\"SearchAction\",\"target\":{\"@type\":\"EntryPoint\",\"urlTemplate\":\"https:\/\/goldbellvn.ifdemo.com\/?s={search_term_string}\"},\"query-input\":{\"@type\":\"PropertyValueSpecification\",\"valueRequired\":true,\"valueName\":\"search_term_string\"}}],\"inLanguage\":\"vi\"},{\"@type\":\"Organization\",\"@id\":\"https:\/\/goldbellvn.ifdemo.com\/#organization\",\"name\":\"Goldbell\",\"url\":\"https:\/\/goldbellvn.ifdemo.com\/\",\"logo\":{\"@type\":\"ImageObject\",\"inLanguage\":\"vi\",\"@id\":\"https:\/\/goldbellvn.ifdemo.com\/#\/schema\/logo\/image\/\",\"url\":\"https:\/\/goldbellvn.ifdemo.com\/wp-content\/uploads\/2025\/09\/logo.svg\",\"contentUrl\":\"https:\/\/goldbellvn.ifdemo.com\/wp-content\/uploads\/2025\/09\/logo.svg\",\"width\":18,\"height\":23,\"caption\":\"Goldbell\"},\"image\":{\"@id\":\"https:\/\/goldbellvn.ifdemo.com\/#\/schema\/logo\/image\/\"}}]}<\/script>\n<!-- \/ Yoast SEO Premium plugin. -->","yoast_head_json":{"title":"MX-X \/ MX-X Li-Ion \/ MX-X iGo Systems (Very Narrow Aisle) - Goldbell","robots":{"index":"noindex","follow":"follow","max-snippet":"max-snippet:-1","max-image-preview":"max-image-preview:large","max-video-preview":"max-video-preview:-1"},"og_locale":"vi_VN","og_type":"article","og_title":"MX-X \/ MX-X Li-Ion \/ MX-X iGo Systems (Very Narrow Aisle)","og_description":"Product Overview The STILL MX-X Very Narrow Aisle Truck is a high-performance man-up turret truck designed for maximum storage density and efficiency in narrow aisle warehouse environments. With lifting heights of up to 18 meters and outstanding residual load capacity, the MX-X series sets new standards in high-bay warehousing and order picking. Thanks to advanced [&hellip;]","og_url":"https:\/\/goldbellvn.ifdemo.com\/vi\/san-pham\/mx-x-mx-x-li-ion-mx-x-igo-systems-very-narrow-aisle\/","og_site_name":"Goldbell","article_modified_time":"2026-04-01T04:31:45+00:00","og_image":[{"width":800,"height":800,"url":"https:\/\/goldbellvn.ifdemo.com\/wp-content\/uploads\/2026\/04\/MX-X_Frontdiagonale-1_800x800.webp","type":"image\/webp"}],"twitter_card":"summary_large_image","twitter_misc":{"\u01af\u1edbc t\u00ednh th\u1eddi gian \u0111\u1ecdc":"3 ph\u00fat"},"schema":{"@context":"https:\/\/schema.org","@graph":[{"@type":"WebPage","@id":"https:\/\/goldbellvn.ifdemo.com\/product\/mx-x-mx-x-li-ion-mx-x-igo-systems-very-narrow-aisle\/","url":"https:\/\/goldbellvn.ifdemo.com\/product\/mx-x-mx-x-li-ion-mx-x-igo-systems-very-narrow-aisle\/","name":"MX-X \/ MX-X Li-Ion \/ MX-X iGo Systems (Very Narrow Aisle) - Goldbell","isPartOf":{"@id":"https:\/\/goldbellvn.ifdemo.com\/#website"},"primaryImageOfPage":{"@id":"https:\/\/goldbellvn.ifdemo.com\/product\/mx-x-mx-x-li-ion-mx-x-igo-systems-very-narrow-aisle\/#primaryimage"},"image":{"@id":"https:\/\/goldbellvn.ifdemo.com\/product\/mx-x-mx-x-li-ion-mx-x-igo-systems-very-narrow-aisle\/#primaryimage"},"thumbnailUrl":"https:\/\/goldbellvn.ifdemo.com\/wp-content\/uploads\/2026\/04\/MX-X_Frontdiagonale-1_800x800.webp","datePublished":"2026-04-01T03:56:30+00:00","dateModified":"2026-04-01T04:31:45+00:00","breadcrumb":{"@id":"https:\/\/goldbellvn.ifdemo.com\/product\/mx-x-mx-x-li-ion-mx-x-igo-systems-very-narrow-aisle\/#breadcrumb"},"inLanguage":"vi","potentialAction":[{"@type":"ReadAction","target":["https:\/\/goldbellvn.ifdemo.com\/product\/mx-x-mx-x-li-ion-mx-x-igo-systems-very-narrow-aisle\/"]}]},{"@type":"ImageObject","inLanguage":"vi","@id":"https:\/\/goldbellvn.ifdemo.com\/product\/mx-x-mx-x-li-ion-mx-x-igo-systems-very-narrow-aisle\/#primaryimage","url":"https:\/\/goldbellvn.ifdemo.com\/wp-content\/uploads\/2026\/04\/MX-X_Frontdiagonale-1_800x800.webp","contentUrl":"https:\/\/goldbellvn.ifdemo.com\/wp-content\/uploads\/2026\/04\/MX-X_Frontdiagonale-1_800x800.webp","width":800,"height":800},{"@type":"BreadcrumbList","@id":"https:\/\/goldbellvn.ifdemo.com\/product\/mx-x-mx-x-li-ion-mx-x-igo-systems-very-narrow-aisle\/#breadcrumb","itemListElement":[{"@type":"ListItem","position":1,"name":"Home","item":"https:\/\/goldbellvn.ifdemo.com\/"},{"@type":"ListItem","position":2,"name":"Products","item":"https:\/\/goldbellvn.ifdemo.com\/shop\/"},{"@type":"ListItem","position":3,"name":"MX-X \/ MX-X Li-Ion \/ MX-X iGo Systems (Very Narrow Aisle)"}]},{"@type":"WebSite","@id":"https:\/\/goldbellvn.ifdemo.com\/#website","url":"https:\/\/goldbellvn.ifdemo.com\/","name":"Goldbell","description":"","publisher":{"@id":"https:\/\/goldbellvn.ifdemo.com\/#organization"},"potentialAction":[{"@type":"SearchAction","target":{"@type":"EntryPoint","urlTemplate":"https:\/\/goldbellvn.ifdemo.com\/?s={search_term_string}"},"query-input":{"@type":"PropertyValueSpecification","valueRequired":true,"valueName":"search_term_string"}}],"inLanguage":"vi"},{"@type":"Organization","@id":"https:\/\/goldbellvn.ifdemo.com\/#organization","name":"Goldbell","url":"https:\/\/goldbellvn.ifdemo.com\/","logo":{"@type":"ImageObject","inLanguage":"vi","@id":"https:\/\/goldbellvn.ifdemo.com\/#\/schema\/logo\/image\/","url":"https:\/\/goldbellvn.ifdemo.com\/wp-content\/uploads\/2025\/09\/logo.svg","contentUrl":"https:\/\/goldbellvn.ifdemo.com\/wp-content\/uploads\/2025\/09\/logo.svg","width":18,"height":23,"caption":"Goldbell"},"image":{"@id":"https:\/\/goldbellvn.ifdemo.com\/#\/schema\/logo\/image\/"}}]}},"_links":{"self":[{"href":"https:\/\/goldbellvn.ifdemo.com\/vi\/wp-json\/wp\/v2\/product\/3247","targetHints":{"allow":["GET"]}}],"collection":[{"href":"https:\/\/goldbellvn.ifdemo.com\/vi\/wp-json\/wp\/v2\/product"}],"about":[{"href":"https:\/\/goldbellvn.ifdemo.com\/vi\/wp-json\/wp\/v2\/types\/product"}],"wp:featuredmedia":[{"embeddable":true,"href":"https:\/\/goldbellvn.ifdemo.com\/vi\/wp-json\/wp\/v2\/media\/3272"}],"wp:attachment":[{"href":"https:\/\/goldbellvn.ifdemo.com\/vi\/wp-json\/wp\/v2\/media?parent=3247"}],"wp:term":[{"taxonomy":"model-type","embeddable":true,"href":"https:\/\/goldbellvn.ifdemo.com\/vi\/wp-json\/wp\/v2\/model-type?post=3247"},{"taxonomy":"product_brand","embeddable":true,"href":"https:\/\/goldbellvn.ifdemo.com\/vi\/wp-json\/wp\/v2\/product_brand?post=3247"},{"taxonomy":"product_cat","embeddable":true,"href":"https:\/\/goldbellvn.ifdemo.com\/vi\/wp-json\/wp\/v2\/product_cat?post=3247"},{"taxonomy":"product_tag","embeddable":true,"href":"https:\/\/goldbellvn.ifdemo.com\/vi\/wp-json\/wp\/v2\/product_tag?post=3247"}],"curies":[{"name":"wp","href":"https:\/\/api.w.org\/{rel}","templated":true}]}}