{"id":3248,"date":"2026-04-01T11:40:29","date_gmt":"2026-04-01T04:40:29","guid":{"rendered":"https:\/\/goldbell.123websitedev.com\/?post_type=product&#038;p=3248"},"modified":"2026-04-02T10:20:23","modified_gmt":"2026-04-02T03:20:23","slug":"fm-x-10-12-14-17-20-25-li-ion-igo","status":"publish","type":"product","link":"https:\/\/goldbellvn.ifdemo.com\/vi\/san-pham\/fm-x-10-12-14-17-20-25-li-ion-igo\/","title":{"rendered":"FM-X 10 \/ 12 \/ 14 \/ 17 \/ 20 \/ 25 \/ Li-Ion \/ iGo"},"content":{"rendered":"<h2 data-section-id=\"1p927wt\" data-start=\"215\" data-end=\"234\">T\u1ed5ng quan s\u1ea3n ph\u1ea9m<\/h2>\n<p data-start=\"236\" data-end=\"633\">D\u00f2ng STILL FM-X l\u00e0 xe n\u00e2ng \u0111i\u1ec7n reach truck ng\u1ed3i l\u00e1i hi\u1ec7u su\u1ea5t cao, \u0111\u01b0\u1ee3c thi\u1ebft k\u1ebf cho kh\u1ea3 n\u0103ng x\u1eed l\u00fd ch\u00ednh x\u00e1c, hi\u1ec7u qu\u1ea3 t\u1ed1i \u0111a v\u00e0 c\u00f4ng th\u00e1i h\u1ecdc v\u01b0\u1ee3t tr\u1ed9i trong v\u1eadn h\u00e0nh kho. V\u1edbi chi\u1ec1u cao n\u00e2ng l\u00ean \u0111\u1ebfn 13 m\u00e9t v\u00e0 kh\u1ea3 n\u0103ng t\u1ea3i d\u01b0 (residual load capacity) \u1ea5n t\u01b0\u1ee3ng, FM-X mang l\u1ea1i hi\u1ec7u su\u1ea5t v\u01b0\u1ee3t tr\u1ed9i cho c\u00e1c \u1ee9ng d\u1ee5ng nh\u01b0 kho k\u1ec7 cao, v\u1eadn chuy\u1ec3n \u0111\u01b0\u1eddng d\u00e0i v\u00e0 b\u1ed5 sung h\u00e0ng h\u00f3a.<\/p>\n<p data-start=\"635\" data-end=\"955\">\u0110\u01b0\u1ee3c trang b\u1ecb c\u00e1c c\u00f4ng ngh\u1ec7 ti\u00ean ti\u1ebfn nh\u01b0 Active Load Stabilisation (ALS) v\u00e0 h\u1ec7 th\u1ed1ng pin Li-ion hi\u1ec7n \u0111\u1ea1i, FM-X gi\u00fap r\u00fat ng\u1eafn chu k\u1ef3 thao t\u00e1c, gi\u1ea3m th\u1eddi gian ch\u1edd v\u00e0 t\u1ed1i \u01b0u hi\u1ec7u qu\u1ea3 n\u0103ng l\u01b0\u1ee3ng. Thi\u1ebft k\u1ebf d\u1ea1ng m\u00f4-\u0111un c\u00f9ng h\u1ec7 th\u1ed1ng t\u1ef1 \u0111\u1ed9ng h\u00f3a iGo gi\u00fap \u0111\u00e2y l\u00e0 gi\u1ea3i ph\u00e1p s\u1eb5n s\u00e0ng cho t\u01b0\u01a1ng lai c\u1ee7a ng\u00e0nh logistics n\u1ed9i b\u1ed9.<\/p>\n<p data-start=\"957\" data-end=\"974\">C\u00e1c model g\u1ed3m:<\/p>\n<p data-start=\"976\" data-end=\"1080\">FM-X 10<br data-start=\"983\" data-end=\"986\" \/>FM-X 12<br data-start=\"993\" data-end=\"996\" \/>FM-X 14<br data-start=\"1003\" data-end=\"1006\" \/>FM-X 17<br data-start=\"1013\" data-end=\"1016\" \/>FM-X 20<br data-start=\"1023\" data-end=\"1026\" \/>FM-X 25<br data-start=\"1033\" data-end=\"1036\" \/>FM-X Li-Ion<br data-start=\"1047\" data-end=\"1050\" \/>FM-X iGo (phi\u00ean b\u1ea3n t\u1ef1 \u0111\u1ed9ng h\u00f3a)<\/p>\n<hr data-start=\"1082\" data-end=\"1085\" \/>\n<h2 data-section-id=\"939trr\" data-start=\"1087\" data-end=\"1113\">T\u00ednh n\u0103ng &amp; l\u1ee3i \u00edch ch\u00ednh<\/h2>\n<h3 data-section-id=\"11x3osu\" data-start=\"1115\" data-end=\"1159\">1. Hi\u1ec7u su\u1ea5t cao &amp; kh\u1ea3 n\u0103ng n\u00e2ng m\u1ea1nh m\u1ebd<\/h3>\n<p data-start=\"1160\" data-end=\"1408\">T\u1ea3i tr\u1ecdng t\u1eeb 1.000 kg \u0111\u1ebfn 2.500 kg<br data-start=\"1199\" data-end=\"1202\" \/>Chi\u1ec1u cao n\u00e2ng l\u00ean \u0111\u1ebfn 13.000 mm<br data-start=\"1229\" data-end=\"1232\" \/>T\u1ea3i tr\u1ecdng d\u01b0 l\u00ean \u0111\u1ebfn 1.000 kg \u1edf chi\u1ec1u cao t\u1ed1i \u0111a<br data-start=\"1284\" data-end=\"1287\" \/>T\u1ed1c \u0111\u1ed9 di chuy\u1ec3n l\u00ean \u0111\u1ebfn 14 km\/h<br data-start=\"1313\" data-end=\"1316\" \/>T\u1ed1c \u0111\u1ed9 n\u00e2ng\/h\u1ea1 nhanh, t\u0103ng n\u0103ng su\u1ea5t v\u1eadn h\u00e0nh<\/p>\n<h3 data-section-id=\"fu8w3t\" data-start=\"1410\" data-end=\"1448\">2. H\u1ec7 th\u1ed1ng \u1ed5n \u0111\u1ecbnh t\u1ea3i ch\u1ee7 \u0111\u1ed9ng (ALS)<\/h3>\n<p data-start=\"1449\" data-end=\"1672\">Gi\u1ea3m rung l\u1eafc c\u1ed9t n\u00e2ng \u1edf \u0111\u1ed9 cao l\u1edbn<br data-start=\"1493\" data-end=\"1496\" \/>Gi\u1ea3m \u0111\u1ebfn 80% th\u1eddi gian ch\u1edd t\u1ea1i v\u1ecb tr\u00ed k\u1ec7<br data-start=\"1543\" data-end=\"1546\" \/>R\u00fat ng\u1eafn chu k\u1ef3 thao t\u00e1c, t\u0103ng n\u0103ng su\u1ea5t<br data-start=\"1595\" data-end=\"1598\" \/>T\u0103ng an to\u00e0n v\u00e0 b\u1ea3o v\u1ec7 h\u00e0ng h\u00f3a<\/p>\n<h3 data-section-id=\"1ydzh6v\" data-start=\"1674\" data-end=\"1719\">3. C\u00f4ng th\u00e1i h\u1ecdc &amp; s\u1ef1 tho\u1ea3i m\u00e1i cho ng\u01b0\u1eddi v\u1eadn h\u00e0nh<\/h3>\n<p data-start=\"1720\" data-end=\"2030\">Khu v\u1ef1c l\u00e1i \u0111i\u1ec1u ch\u1ec9nh linh ho\u1ea1t (gh\u1ebf, v\u00f4 l\u0103ng, s\u00e0n \u0111\u1eb7t ch\u00e2n)<br data-start=\"1787\" data-end=\"1790\" \/>T\u00f9y ch\u1ecdn gh\u1ebf ng\u1ea3 l\u01b0ng, \u0111\u1ec7m \u00eam t\u0103ng s\u1ef1 tho\u1ea3i m\u00e1i<br data-start=\"1846\" data-end=\"1849\" \/>H\u1ec7 th\u1ed1ng \u0111i\u1ec1u khi\u1ec3n Joystick 4Plus ho\u1eb7c fingertip<br data-start=\"1891\" data-end=\"1894\" \/>T\u1ea7m nh\u00ecn t\u1ed1i \u01b0u nh\u1edd thi\u1ebft k\u1ebf c\u1ed9t n\u00e2ng c\u1ea3i ti\u1ebfn<br data-start=\"1944\" data-end=\"1947\" \/>Gi\u1ea3m m\u1ec7t m\u1ecfi khi l\u00e0m vi\u1ec7c ca d\u00e0i<\/p>\n<h3 data-section-id=\"1aqacjn\" data-start=\"2032\" data-end=\"2079\">4. \u0110i\u1ec1u khi\u1ec3n th\u00f4ng minh &amp; x\u1eed l\u00fd ch\u00ednh x\u00e1c<\/h3>\n<p data-start=\"2080\" data-end=\"2305\">C\u1ea3m bi\u1ebfn LED \u0111o chi\u1ec1u cao n\u00e2ng ch\u00ednh x\u00e1c<br data-start=\"2134\" data-end=\"2137\" \/>T\u00f9y ch\u1ecdn ch\u1ecdn tr\u01b0\u1edbc \u0111\u1ed9 cao n\u00e2ng Easy Target \/ Easy Target Plus<br data-start=\"2202\" data-end=\"2205\" \/>H\u1ec7 th\u1ed1ng th\u1ee7y l\u1ef1c v\u1eadn h\u00e0nh m\u01b0\u1ee3t v\u00e0 ch\u00ednh x\u00e1c<br data-start=\"2241\" data-end=\"2244\" \/>C\u1ed9t n\u00e2ng d\u1ecbch ngang (side shift) gi\u00fap quan s\u00e1t v\u00e0 \u0111\u1eb7t h\u00e0ng t\u1ed1t h\u01a1n<\/p>\n<h3 data-section-id=\"zhyezs\" data-start=\"2307\" data-end=\"2351\">5. Hi\u1ec7u qu\u1ea3 n\u0103ng l\u01b0\u1ee3ng &amp; c\u00f4ng ngh\u1ec7 Li-ion<\/h3>\n<p data-start=\"2352\" data-end=\"2609\">T\u00f9y ch\u1ecdn pin lithium-ion hi\u1ec7n \u0111\u1ea1i<br data-start=\"2390\" data-end=\"2393\" \/>H\u1ed7 tr\u1ee3 s\u1ea1c c\u01a1 h\u1ed9i (50% pin trong ~30 ph\u00fat)<br data-start=\"2448\" data-end=\"2451\" \/>Dung l\u01b0\u1ee3ng pin l\u00ean \u0111\u1ebfn 930 Ah<br data-start=\"2480\" data-end=\"2483\" \/>Ti\u00eau th\u1ee5 n\u0103ng l\u01b0\u1ee3ng th\u1ea5p (~2,9\u20133,4 kWh\/h)<br data-start=\"2522\" data-end=\"2525\" \/>S\u1eb5n s\u00e0ng v\u1eadn h\u00e0nh cao cho nhi\u1ec1u ca l\u00e0m vi\u1ec7c<\/p>\n<h3 data-section-id=\"1e4529u\" data-start=\"2611\" data-end=\"2660\">6. T\u1ef1 \u0111\u1ed9ng h\u00f3a &amp; s\u1eb5n s\u00e0ng cho Industry 4.0 (FM-X iGo)<\/h3>\n<p data-start=\"2661\" data-end=\"2939\">V\u1eadn chuy\u1ec3n v\u00e0 l\u01b0u kho t\u1ef1 \u0111\u1ed9ng<br data-start=\"2703\" data-end=\"2706\" \/>T\u00edch h\u1ee3p v\u1edbi h\u1ec7 th\u1ed1ng qu\u1ea3n l\u00fd kho (WMS)<br data-start=\"2757\" data-end=\"2760\" \/>D\u1eabn \u0111\u01b0\u1eddng b\u1eb1ng laser v\u00e0 c\u1ea3m bi\u1ebfn<br data-start=\"2801\" data-end=\"2804\" \/>Gi\u1ea3m l\u1ed7i con ng\u01b0\u1eddi, t\u0103ng \u0111\u1ed9 tin c\u1eady quy tr\u00ecnh<br data-start=\"2856\" data-end=\"2859\" \/>D\u1ec5 m\u1edf r\u1ed9ng h\u1ec7 th\u1ed1ng t\u1ef1 \u0111\u1ed9ng trong t\u01b0\u01a1ng lai<\/p>\n<h3 data-section-id=\"10kqeg5\" data-start=\"2941\" data-end=\"2969\">7. Ti\u00eau chu\u1ea9n an to\u00e0n cao<\/h3>\n<p data-start=\"2970\" data-end=\"3256\">H\u1ec7 th\u1ed1ng Curve Speed Control gi\u00fap v\u00e0o cua an to\u00e0n<br data-start=\"3008\" data-end=\"3011\" \/>\u0110\u00e8n an to\u00e0n STILL Safety Light (t\u00f9y ch\u1ecdn)<br data-start=\"3062\" data-end=\"3065\" \/>Laser scanner v\u00e0 c\u1ea3m bi\u1ebfn ph\u00e1t hi\u1ec7n ch\u01b0\u1edbng ng\u1ea1i (phi\u00ean b\u1ea3n iGo)<br data-start=\"3127\" data-end=\"3130\" \/>H\u1ec7 th\u1ed1ng d\u1eebng kh\u1ea9n c\u1ea5p v\u00e0 c\u1ea3nh b\u00e1o an to\u00e0n<br data-start=\"3164\" data-end=\"3167\" \/>T\u1ea7m nh\u00ecn to\u00e0n di\u1ec7n gi\u00fap v\u1eadn h\u00e0nh an to\u00e0n<\/p>\n<h3 data-section-id=\"mmrl6l\" data-start=\"3258\" data-end=\"3290\">8. Thi\u1ebft k\u1ebf linh ho\u1ea1t &amp; d\u1ea1ng m\u00f4-\u0111un<\/h3>\n<p data-start=\"3291\" data-end=\"3451\">Nhi\u1ec1u d\u00f2ng model v\u00e0 c\u1ea5u h\u00ecnh \u0111a d\u1ea1ng<br data-start=\"3330\" data-end=\"3333\" \/>L\u1ef1a ch\u1ecdn khung xe v\u00e0 c\u1ed9t n\u00e2ng linh ho\u1ea1t<br data-start=\"3366\" data-end=\"3369\" \/>Ph\u00f9 h\u1ee3p nhi\u1ec1u b\u1ed1 c\u1ee5c kho kh\u00e1c nhau<br data-start=\"3407\" data-end=\"3410\" \/>C\u00f3 th\u1ec3 v\u1eadn h\u00e0nh th\u1ee7 c\u00f4ng ho\u1eb7c t\u1ef1 \u0111\u1ed9ng h\u00f3a<\/p>\n<hr data-start=\"3453\" data-end=\"3456\" \/>\n<h2 data-section-id=\"mu966k\" data-start=\"3458\" data-end=\"3473\">\u1ee8ng d\u1ee5ng<\/h2>\n<p data-start=\"3475\" data-end=\"3510\">D\u00f2ng  STILL FM-X ph\u00f9 h\u1ee3p l\u00fd t\u01b0\u1edfng cho:<\/p>\n<h3 data-section-id=\"8m9iv5\" data-start=\"3512\" data-end=\"3540\">1. Kho k\u1ec7 cao<\/h3>\n<p data-start=\"3541\" data-end=\"3622\">L\u01b0u tr\u1eef v\u00e0 l\u1ea5y h\u00e0ng \u1edf \u0111\u1ed9 cao \u0111\u1ebfn 13 m<br data-start=\"3578\" data-end=\"3581\" \/>T\u1ed1i \u01b0u h\u00f3a kh\u00f4ng gian l\u01b0u tr\u1eef theo chi\u1ec1u d\u1ecdc<\/p>\n<h3 data-section-id=\"18ikxd9\" data-start=\"3624\" data-end=\"3663\">2. Logistics &amp; trung t\u00e2m ph\u00e2n ph\u1ed1i<\/h3>\n<p data-start=\"3664\" data-end=\"3733\">X\u1eed l\u00fd pallet nhanh<br data-start=\"3702\" data-end=\"3705\" \/>Ho\u1ea1t \u0111\u1ed9ng n\u0103ng su\u1ea5t cao<\/p>\n<h3 data-section-id=\"g96whq\" data-start=\"3735\" data-end=\"3768\">3. Nh\u00e0 m\u00e1y &amp; s\u1ea3n xu\u1ea5t<\/h3>\n<p data-start=\"3769\" data-end=\"3842\">Cung \u1ee9ng d\u00e2y chuy\u1ec1n s\u1ea3n xu\u1ea5t<br data-start=\"3795\" data-end=\"3798\" \/>V\u1eadn chuy\u1ec3n v\u1eadt li\u1ec7u \u0111\u01b0\u1eddng d\u00e0i<\/p>\n<h3 data-section-id=\"12in8ij\" data-start=\"3844\" data-end=\"3887\">4. Kho t\u1ef1 \u0111\u1ed9ng h\u00f3a (Industry 4.0)<\/h3>\n<p data-start=\"3888\" data-end=\"4059\">Xe n\u00e2ng kh\u00f4ng ng\u01b0\u1eddi l\u00e1i FM-X iGo<br data-start=\"3922\" data-end=\"3925\" \/>T\u00edch h\u1ee3p h\u1ec7 th\u1ed1ng d\u00f2ng ch\u1ea3y v\u1eadt li\u1ec7u t\u1ef1 \u0111\u1ed9ng<br data-start=\"3973\" data-end=\"3976\" \/>T\u0103ng hi\u1ec7u qu\u1ea3 v\u00e0 \u0111\u1ed9 \u1ed5n \u0111\u1ecbnh quy tr\u00ecnh<\/p>\n<h3 data-section-id=\"1q46qnx\" data-start=\"4061\" data-end=\"4090\">5. Kho l\u1ed1i \u0111i ti\u00eau chu\u1ea9n<\/h3>\n<p data-start=\"4091\" data-end=\"4177\">V\u1eadn h\u00e0nh linh ho\u1ea1t trong nhi\u1ec1u layout kho<br data-start=\"4139\" data-end=\"4142\" \/>X\u1eed l\u00fd t\u1ea3i tr\u1ecdng trung b\u00ecnh \u0111\u1ebfn n\u1eb7ng<\/p>","protected":false},"excerpt":{"rendered":"<p>Product Overview The STILL FM-X Series is a high-performance sit-on reach truck designed for precision handling, maximum efficiency, and superior ergonomics in warehouse operations. With lifting heights of up to 13 meters and excellent residual load capacity, the FM-X delivers outstanding performance for high-rack storage, long-distance transport, and replenishment tasks. Equipped with innovative technologies such [&hellip;]<\/p>","protected":false},"featured_media":3274,"template":"","meta":{"_acf_changed":false,"inline_featured_image":false},"model-type":[53],"product_brand":[38],"product_cat":[57],"product_tag":[],"class_list":{"0":"post-3248","1":"product","2":"type-product","3":"status-publish","4":"has-post-thumbnail","6":"model-type-reach-truck","7":"product_brand-still","8":"product_cat-reach-trucks","10":"first","11":"instock","12":"shipping-taxable","13":"product-type-simple"},"acf":[],"yoast_head":"<!-- This site is optimized with the Yoast SEO Premium plugin v25.6 (Yoast SEO v25.6) - https:\/\/yoast.com\/wordpress\/plugins\/seo\/ -->\n<title>FM-X 10 \/ 12 \/ 14 \/ 17 \/ 20 \/ 25 \/ Li-Ion \/ iGo - Goldbell<\/title>\n<meta name=\"robots\" content=\"noindex, follow, max-snippet:-1, max-image-preview:large, max-video-preview:-1\" \/>\n<meta property=\"og:locale\" content=\"vi_VN\" \/>\n<meta property=\"og:type\" content=\"article\" \/>\n<meta property=\"og:title\" content=\"FM-X 10 \/ 12 \/ 14 \/ 17 \/ 20 \/ 25 \/ Li-Ion \/ iGo\" \/>\n<meta property=\"og:description\" content=\"Product Overview The STILL FM-X Series is a high-performance sit-on reach truck designed for precision handling, maximum efficiency, and superior ergonomics in warehouse operations. With lifting heights of up to 13 meters and excellent residual load capacity, the FM-X delivers outstanding performance for high-rack storage, long-distance transport, and replenishment tasks. Equipped with innovative technologies such [&hellip;]\" \/>\n<meta property=\"og:url\" content=\"https:\/\/goldbellvn.ifdemo.com\/vi\/san-pham\/fm-x-10-12-14-17-20-25-li-ion-igo\/\" \/>\n<meta property=\"og:site_name\" content=\"Goldbell\" \/>\n<meta property=\"article:modified_time\" content=\"2026-04-02T03:20:23+00:00\" \/>\n<meta property=\"og:image\" content=\"https:\/\/goldbellvn.ifdemo.com\/wp-content\/uploads\/2026\/04\/STILL_Produkt_FM-X-iGo_Mediathek_Frontdiagonale-links_4K-e1775100015951.jpg\" \/>\n\t<meta property=\"og:image:width\" content=\"810\" \/>\n\t<meta property=\"og:image:height\" content=\"744\" \/>\n\t<meta property=\"og:image:type\" content=\"image\/jpeg\" \/>\n<meta name=\"twitter:card\" content=\"summary_large_image\" \/>\n<meta name=\"twitter:label1\" content=\"\u01af\u1edbc t\u00ednh th\u1eddi gian \u0111\u1ecdc\" \/>\n\t<meta name=\"twitter:data1\" content=\"3 ph\u00fat\" \/>\n<script type=\"application\/ld+json\" class=\"yoast-schema-graph\">{\"@context\":\"https:\/\/schema.org\",\"@graph\":[{\"@type\":\"WebPage\",\"@id\":\"https:\/\/goldbellvn.ifdemo.com\/product\/fm-x-10-12-14-17-20-25-li-ion-igo\/\",\"url\":\"https:\/\/goldbellvn.ifdemo.com\/product\/fm-x-10-12-14-17-20-25-li-ion-igo\/\",\"name\":\"FM-X 10 \/ 12 \/ 14 \/ 17 \/ 20 \/ 25 \/ Li-Ion \/ iGo - Goldbell\",\"isPartOf\":{\"@id\":\"https:\/\/goldbellvn.ifdemo.com\/#website\"},\"primaryImageOfPage\":{\"@id\":\"https:\/\/goldbellvn.ifdemo.com\/product\/fm-x-10-12-14-17-20-25-li-ion-igo\/#primaryimage\"},\"image\":{\"@id\":\"https:\/\/goldbellvn.ifdemo.com\/product\/fm-x-10-12-14-17-20-25-li-ion-igo\/#primaryimage\"},\"thumbnailUrl\":\"https:\/\/goldbellvn.ifdemo.com\/wp-content\/uploads\/2026\/04\/STILL_Produkt_FM-X-iGo_Mediathek_Frontdiagonale-links_4K-e1775100015951.jpg\",\"datePublished\":\"2026-04-01T04:40:29+00:00\",\"dateModified\":\"2026-04-02T03:20:23+00:00\",\"breadcrumb\":{\"@id\":\"https:\/\/goldbellvn.ifdemo.com\/product\/fm-x-10-12-14-17-20-25-li-ion-igo\/#breadcrumb\"},\"inLanguage\":\"vi\",\"potentialAction\":[{\"@type\":\"ReadAction\",\"target\":[\"https:\/\/goldbellvn.ifdemo.com\/product\/fm-x-10-12-14-17-20-25-li-ion-igo\/\"]}]},{\"@type\":\"ImageObject\",\"inLanguage\":\"vi\",\"@id\":\"https:\/\/goldbellvn.ifdemo.com\/product\/fm-x-10-12-14-17-20-25-li-ion-igo\/#primaryimage\",\"url\":\"https:\/\/goldbellvn.ifdemo.com\/wp-content\/uploads\/2026\/04\/STILL_Produkt_FM-X-iGo_Mediathek_Frontdiagonale-links_4K-e1775100015951.jpg\",\"contentUrl\":\"https:\/\/goldbellvn.ifdemo.com\/wp-content\/uploads\/2026\/04\/STILL_Produkt_FM-X-iGo_Mediathek_Frontdiagonale-links_4K-e1775100015951.jpg\",\"width\":810,\"height\":744},{\"@type\":\"BreadcrumbList\",\"@id\":\"https:\/\/goldbellvn.ifdemo.com\/product\/fm-x-10-12-14-17-20-25-li-ion-igo\/#breadcrumb\",\"itemListElement\":[{\"@type\":\"ListItem\",\"position\":1,\"name\":\"Home\",\"item\":\"https:\/\/goldbellvn.ifdemo.com\/\"},{\"@type\":\"ListItem\",\"position\":2,\"name\":\"Products\",\"item\":\"https:\/\/goldbellvn.ifdemo.com\/shop\/\"},{\"@type\":\"ListItem\",\"position\":3,\"name\":\"FM-X 10 \/ 12 \/ 14 \/ 17 \/ 20 \/ 25 \/ Li-Ion \/ iGo\"}]},{\"@type\":\"WebSite\",\"@id\":\"https:\/\/goldbellvn.ifdemo.com\/#website\",\"url\":\"https:\/\/goldbellvn.ifdemo.com\/\",\"name\":\"Goldbell\",\"description\":\"\",\"publisher\":{\"@id\":\"https:\/\/goldbellvn.ifdemo.com\/#organization\"},\"potentialAction\":[{\"@type\":\"SearchAction\",\"target\":{\"@type\":\"EntryPoint\",\"urlTemplate\":\"https:\/\/goldbellvn.ifdemo.com\/?s={search_term_string}\"},\"query-input\":{\"@type\":\"PropertyValueSpecification\",\"valueRequired\":true,\"valueName\":\"search_term_string\"}}],\"inLanguage\":\"vi\"},{\"@type\":\"Organization\",\"@id\":\"https:\/\/goldbellvn.ifdemo.com\/#organization\",\"name\":\"Goldbell\",\"url\":\"https:\/\/goldbellvn.ifdemo.com\/\",\"logo\":{\"@type\":\"ImageObject\",\"inLanguage\":\"vi\",\"@id\":\"https:\/\/goldbellvn.ifdemo.com\/#\/schema\/logo\/image\/\",\"url\":\"https:\/\/goldbellvn.ifdemo.com\/wp-content\/uploads\/2025\/09\/logo.svg\",\"contentUrl\":\"https:\/\/goldbellvn.ifdemo.com\/wp-content\/uploads\/2025\/09\/logo.svg\",\"width\":18,\"height\":23,\"caption\":\"Goldbell\"},\"image\":{\"@id\":\"https:\/\/goldbellvn.ifdemo.com\/#\/schema\/logo\/image\/\"}}]}<\/script>\n<!-- \/ Yoast SEO Premium plugin. -->","yoast_head_json":{"title":"FM-X 10 \/ 12 \/ 14 \/ 17 \/ 20 \/ 25 \/ Li-Ion \/ iGo - Goldbell","robots":{"index":"noindex","follow":"follow","max-snippet":"max-snippet:-1","max-image-preview":"max-image-preview:large","max-video-preview":"max-video-preview:-1"},"og_locale":"vi_VN","og_type":"article","og_title":"FM-X 10 \/ 12 \/ 14 \/ 17 \/ 20 \/ 25 \/ Li-Ion \/ iGo","og_description":"Product Overview The STILL FM-X Series is a high-performance sit-on reach truck designed for precision handling, maximum efficiency, and superior ergonomics in warehouse operations. With lifting heights of up to 13 meters and excellent residual load capacity, the FM-X delivers outstanding performance for high-rack storage, long-distance transport, and replenishment tasks. Equipped with innovative technologies such [&hellip;]","og_url":"https:\/\/goldbellvn.ifdemo.com\/vi\/san-pham\/fm-x-10-12-14-17-20-25-li-ion-igo\/","og_site_name":"Goldbell","article_modified_time":"2026-04-02T03:20:23+00:00","og_image":[{"width":810,"height":744,"url":"https:\/\/goldbellvn.ifdemo.com\/wp-content\/uploads\/2026\/04\/STILL_Produkt_FM-X-iGo_Mediathek_Frontdiagonale-links_4K-e1775100015951.jpg","type":"image\/jpeg"}],"twitter_card":"summary_large_image","twitter_misc":{"\u01af\u1edbc t\u00ednh th\u1eddi gian \u0111\u1ecdc":"3 ph\u00fat"},"schema":{"@context":"https:\/\/schema.org","@graph":[{"@type":"WebPage","@id":"https:\/\/goldbellvn.ifdemo.com\/product\/fm-x-10-12-14-17-20-25-li-ion-igo\/","url":"https:\/\/goldbellvn.ifdemo.com\/product\/fm-x-10-12-14-17-20-25-li-ion-igo\/","name":"FM-X 10 \/ 12 \/ 14 \/ 17 \/ 20 \/ 25 \/ Li-Ion \/ iGo - Goldbell","isPartOf":{"@id":"https:\/\/goldbellvn.ifdemo.com\/#website"},"primaryImageOfPage":{"@id":"https:\/\/goldbellvn.ifdemo.com\/product\/fm-x-10-12-14-17-20-25-li-ion-igo\/#primaryimage"},"image":{"@id":"https:\/\/goldbellvn.ifdemo.com\/product\/fm-x-10-12-14-17-20-25-li-ion-igo\/#primaryimage"},"thumbnailUrl":"https:\/\/goldbellvn.ifdemo.com\/wp-content\/uploads\/2026\/04\/STILL_Produkt_FM-X-iGo_Mediathek_Frontdiagonale-links_4K-e1775100015951.jpg","datePublished":"2026-04-01T04:40:29+00:00","dateModified":"2026-04-02T03:20:23+00:00","breadcrumb":{"@id":"https:\/\/goldbellvn.ifdemo.com\/product\/fm-x-10-12-14-17-20-25-li-ion-igo\/#breadcrumb"},"inLanguage":"vi","potentialAction":[{"@type":"ReadAction","target":["https:\/\/goldbellvn.ifdemo.com\/product\/fm-x-10-12-14-17-20-25-li-ion-igo\/"]}]},{"@type":"ImageObject","inLanguage":"vi","@id":"https:\/\/goldbellvn.ifdemo.com\/product\/fm-x-10-12-14-17-20-25-li-ion-igo\/#primaryimage","url":"https:\/\/goldbellvn.ifdemo.com\/wp-content\/uploads\/2026\/04\/STILL_Produkt_FM-X-iGo_Mediathek_Frontdiagonale-links_4K-e1775100015951.jpg","contentUrl":"https:\/\/goldbellvn.ifdemo.com\/wp-content\/uploads\/2026\/04\/STILL_Produkt_FM-X-iGo_Mediathek_Frontdiagonale-links_4K-e1775100015951.jpg","width":810,"height":744},{"@type":"BreadcrumbList","@id":"https:\/\/goldbellvn.ifdemo.com\/product\/fm-x-10-12-14-17-20-25-li-ion-igo\/#breadcrumb","itemListElement":[{"@type":"ListItem","position":1,"name":"Home","item":"https:\/\/goldbellvn.ifdemo.com\/"},{"@type":"ListItem","position":2,"name":"Products","item":"https:\/\/goldbellvn.ifdemo.com\/shop\/"},{"@type":"ListItem","position":3,"name":"FM-X 10 \/ 12 \/ 14 \/ 17 \/ 20 \/ 25 \/ Li-Ion \/ iGo"}]},{"@type":"WebSite","@id":"https:\/\/goldbellvn.ifdemo.com\/#website","url":"https:\/\/goldbellvn.ifdemo.com\/","name":"Goldbell","description":"","publisher":{"@id":"https:\/\/goldbellvn.ifdemo.com\/#organization"},"potentialAction":[{"@type":"SearchAction","target":{"@type":"EntryPoint","urlTemplate":"https:\/\/goldbellvn.ifdemo.com\/?s={search_term_string}"},"query-input":{"@type":"PropertyValueSpecification","valueRequired":true,"valueName":"search_term_string"}}],"inLanguage":"vi"},{"@type":"Organization","@id":"https:\/\/goldbellvn.ifdemo.com\/#organization","name":"Goldbell","url":"https:\/\/goldbellvn.ifdemo.com\/","logo":{"@type":"ImageObject","inLanguage":"vi","@id":"https:\/\/goldbellvn.ifdemo.com\/#\/schema\/logo\/image\/","url":"https:\/\/goldbellvn.ifdemo.com\/wp-content\/uploads\/2025\/09\/logo.svg","contentUrl":"https:\/\/goldbellvn.ifdemo.com\/wp-content\/uploads\/2025\/09\/logo.svg","width":18,"height":23,"caption":"Goldbell"},"image":{"@id":"https:\/\/goldbellvn.ifdemo.com\/#\/schema\/logo\/image\/"}}]}},"_links":{"self":[{"href":"https:\/\/goldbellvn.ifdemo.com\/vi\/wp-json\/wp\/v2\/product\/3248","targetHints":{"allow":["GET"]}}],"collection":[{"href":"https:\/\/goldbellvn.ifdemo.com\/vi\/wp-json\/wp\/v2\/product"}],"about":[{"href":"https:\/\/goldbellvn.ifdemo.com\/vi\/wp-json\/wp\/v2\/types\/product"}],"wp:featuredmedia":[{"embeddable":true,"href":"https:\/\/goldbellvn.ifdemo.com\/vi\/wp-json\/wp\/v2\/media\/3274"}],"wp:attachment":[{"href":"https:\/\/goldbellvn.ifdemo.com\/vi\/wp-json\/wp\/v2\/media?parent=3248"}],"wp:term":[{"taxonomy":"model-type","embeddable":true,"href":"https:\/\/goldbellvn.ifdemo.com\/vi\/wp-json\/wp\/v2\/model-type?post=3248"},{"taxonomy":"product_brand","embeddable":true,"href":"https:\/\/goldbellvn.ifdemo.com\/vi\/wp-json\/wp\/v2\/product_brand?post=3248"},{"taxonomy":"product_cat","embeddable":true,"href":"https:\/\/goldbellvn.ifdemo.com\/vi\/wp-json\/wp\/v2\/product_cat?post=3248"},{"taxonomy":"product_tag","embeddable":true,"href":"https:\/\/goldbellvn.ifdemo.com\/vi\/wp-json\/wp\/v2\/product_tag?post=3248"}],"curies":[{"name":"wp","href":"https:\/\/api.w.org\/{rel}","templated":true}]}}