{"id":3284,"date":"2026-04-01T11:43:10","date_gmt":"2026-04-01T04:43:10","guid":{"rendered":"https:\/\/goldbell.123websitedev.com\/?post_type=product&#038;p=3284"},"modified":"2026-04-02T10:20:53","modified_gmt":"2026-04-02T03:20:53","slug":"fm-x-se-14-fm-x-se-16","status":"publish","type":"product","link":"https:\/\/goldbellvn.ifdemo.com\/vi\/san-pham\/fm-x-se-14-fm-x-se-16\/","title":{"rendered":"FM-X SE 14 \/ FM-X SE 16"},"content":{"rendered":"<h2 data-section-id=\"1p927wt\" data-start=\"197\" data-end=\"216\">T\u1ed5ng quan s\u1ea3n ph\u1ea9m<\/h2>\n<p data-start=\"218\" data-end=\"562\">D\u00f2ng STILL FM-X SE l\u00e0 xe n\u00e2ng \u0111i\u1ec7n reach truck ng\u1ed3i l\u00e1i nh\u1ecf g\u1ecdn, hi\u1ec7u su\u1ea5t cao, \u0111\u01b0\u1ee3c thi\u1ebft k\u1ebf cho c\u00e1c \u1ee9ng d\u1ee5ng kho h\u00e0ng t\u1eeb c\u01a1 b\u1ea3n \u0111\u1ebfn trung b\u00ecnh. K\u1ebft h\u1ee3p c\u00f4ng ngh\u1ec7 \u0111\u00e3 \u0111\u01b0\u1ee3c ch\u1ee9ng minh c\u1ee7a STILL v\u1edbi thi\u1ebft k\u1ebf t\u1ed1i \u01b0u chi ph\u00ed, FM-X SE mang l\u1ea1i hi\u1ec7u su\u1ea5t v\u1eadn h\u00e0nh \u1ed5n \u0111\u1ecbnh, kh\u1ea3 n\u0103ng c\u01a1 \u0111\u1ed9ng t\u1ed1t v\u00e0 n\u0103ng l\u1ef1c n\u00e2ng m\u1ea1nh m\u1ebd cho c\u00e1c c\u00f4ng vi\u1ec7c logistics h\u00e0ng ng\u00e0y.<\/p>\n<p data-start=\"564\" data-end=\"774\">V\u1edbi chi\u1ec1u cao n\u00e2ng l\u00ean \u0111\u1ebfn 8 m\u00e9t v\u00e0 t\u1ea3i tr\u1ecdng l\u00ean \u0111\u1ebfn 1,6 t\u1ea5n, FM-X SE l\u00e0 gi\u1ea3i ph\u00e1p l\u00fd t\u01b0\u1edfng cho doanh nghi\u1ec7p c\u1ea7n m\u1ed9t thi\u1ebft b\u1ecb b\u1ec1n b\u1ec9, kinh t\u1ebf \u0111\u1ec3 x\u1eed l\u00fd pallet, l\u01b0u tr\u1eef v\u00e0 v\u1eadn chuy\u1ec3n h\u00e0ng h\u00f3a.<\/p>\n<p data-start=\"776\" data-end=\"793\">C\u00e1c model g\u1ed3m:<\/p>\n<p data-start=\"795\" data-end=\"820\">FM-X SE 14<br data-start=\"805\" data-end=\"808\" \/>FM-X SE 16<\/p>\n<hr data-start=\"822\" data-end=\"825\" \/>\n<h2 data-section-id=\"939trr\" data-start=\"827\" data-end=\"853\">T\u00ednh n\u0103ng &amp; l\u1ee3i \u00edch ch\u00ednh<\/h2>\n<h3 data-section-id=\"mjilmk\" data-start=\"855\" data-end=\"904\">1. Hi\u1ec7u su\u1ea5t hi\u1ec7u qu\u1ea3 cho v\u1eadn h\u00e0nh h\u1eb1ng ng\u00e0y<\/h3>\n<p data-start=\"905\" data-end=\"1082\">T\u1ea3i tr\u1ecdng l\u00ean \u0111\u1ebfn 1.600 kg<br data-start=\"933\" data-end=\"936\" \/>Chi\u1ec1u cao n\u00e2ng l\u00ean \u0111\u1ebfn 8.000 mm<br data-start=\"962\" data-end=\"965\" \/>H\u1ec7 th\u1ed1ng truy\u1ec1n \u0111\u1ed9ng \u0111i\u1ec7n \u1ed5n \u0111\u1ecbnh, \u0111\u00e1ng tin c\u1eady<br data-start=\"995\" data-end=\"998\" \/>T\u0103ng t\u1ed1c m\u01b0\u1ee3t v\u00e0 v\u1eadn h\u00e0nh \u1ed5n \u0111\u1ecbnh<br data-start=\"1038\" data-end=\"1041\" \/>T\u1ed1i \u01b0u cho c\u00e1c t\u00e1c v\u1ee5 kho ti\u00eau chu\u1ea9n<\/p>\n<h3 data-section-id=\"1eqa7g6\" data-start=\"1084\" data-end=\"1128\">2. Thi\u1ebft k\u1ebf nh\u1ecf g\u1ecdn &amp; kh\u1ea3 n\u0103ng c\u01a1 \u0111\u1ed9ng cao<\/h3>\n<p data-start=\"1129\" data-end=\"1308\">Khung xe nh\u1ecf g\u1ecdn, d\u1ec5 di chuy\u1ec3n<br data-start=\"1164\" data-end=\"1167\" \/>Ph\u00f9 h\u1ee3p l\u1ed1i \u0111i h\u1eb9p v\u00e0 kh\u00f4ng gian h\u1ea1n ch\u1ebf<br data-start=\"1210\" data-end=\"1213\" \/>B\u00e1n k\u00ednh quay nh\u1ecf, thao t\u00e1c linh ho\u1ea1t<br data-start=\"1259\" data-end=\"1262\" \/>L\u00fd t\u01b0\u1edfng cho kho quy m\u00f4 nh\u1ecf v\u00e0 trung b\u00ecnh<\/p>\n<h3 data-section-id=\"lqszqf\" data-start=\"1310\" data-end=\"1345\">3. Kh\u00f4ng gian v\u1eadn h\u00e0nh c\u00f4ng th\u00e1i h\u1ecdc<\/h3>\n<p data-start=\"1346\" data-end=\"1521\">Gh\u1ebf ng\u1ed3i tho\u1ea3i m\u00e1i, \u0111i\u1ec1u ch\u1ec9nh linh ho\u1ea1t<br data-start=\"1387\" data-end=\"1390\" \/>B\u1ed1 tr\u00ed \u0111i\u1ec1u khi\u1ec3n th\u00e2n thi\u1ec7n v\u1edbi ng\u01b0\u1eddi d\u00f9ng<br data-start=\"1418\" data-end=\"1421\" \/>T\u1ea7m nh\u00ecn t\u1ed1t nh\u1edd thi\u1ebft k\u1ebf khung n\u00e2ng t\u1ed1i \u01b0u<br data-start=\"1467\" data-end=\"1470\" \/>Gi\u1ea3m m\u1ec7t m\u1ecfi khi l\u00e0m vi\u1ec7c th\u1eddi gian d\u00e0i<\/p>\n<h3 data-section-id=\"zhlih\" data-start=\"1523\" data-end=\"1556\">4. X\u1eed l\u00fd h\u00e0ng h\u00f3a ch\u00ednh x\u00e1c &amp; d\u1ec5 \u0111i\u1ec1u khi\u1ec3n<\/h3>\n<p data-start=\"1557\" data-end=\"1715\">H\u1ec7 th\u1ed1ng th\u1ee7y l\u1ef1c nh\u1ea1y v\u00e0 ch\u00ednh x\u00e1c<br data-start=\"1595\" data-end=\"1598\" \/>N\u00e2ng\/h\u1ea1 h\u00e0ng h\u00f3a v\u1eadn h\u00e0nh m\u01b0\u1ee3t m\u00e0<br data-start=\"1635\" data-end=\"1638\" \/>\u0110\u1ecbnh v\u1ecb pallet ch\u00ednh x\u00e1c<br data-start=\"1665\" data-end=\"1668\" \/>T\u0103ng n\u0103ng su\u1ea5t nh\u1edd \u0111i\u1ec1u khi\u1ec3n tr\u1ef1c quan<\/p>\n<h3 data-section-id=\"12dp0zj\" data-start=\"1717\" data-end=\"1763\">5. Ti\u1ebft ki\u1ec7m n\u0103ng l\u01b0\u1ee3ng &amp; chi ph\u00ed v\u1eadn h\u00e0nh th\u1ea5p<\/h3>\n<p data-start=\"1764\" data-end=\"1942\">Ti\u00eau th\u1ee5 n\u0103ng l\u01b0\u1ee3ng th\u1ea5p, ti\u1ebft ki\u1ec7m chi ph\u00ed<br data-start=\"1803\" data-end=\"1806\" \/>H\u1ec7 th\u1ed1ng pin hi\u1ec7u qu\u1ea3 cho th\u1eddi gian v\u1eadn h\u00e0nh d\u00e0i<br data-start=\"1856\" data-end=\"1859\" \/>Gi\u1ea3m y\u00eau c\u1ea7u b\u1ea3o tr\u00ec<br data-start=\"1891\" data-end=\"1894\" \/>Gi\u1ea3i ph\u00e1p kinh t\u1ebf cho doanh nghi\u1ec7p \u0111ang ph\u00e1t tri\u1ec3n<\/p>\n<h3 data-section-id=\"upolc4\" data-start=\"1944\" data-end=\"1972\">6. Ti\u00eau chu\u1ea9n an to\u00e0n cao<\/h3>\n<p data-start=\"1973\" data-end=\"2143\">K\u1ebft c\u1ea5u c\u1ed9t n\u00e2ng \u1ed5n \u0111\u1ecbnh, \u0111\u1ea3m b\u1ea3o an to\u00e0n khi n\u00e2ng cao<br data-start=\"2014\" data-end=\"2017\" \/>T\u1ea7m nh\u00ecn t\u1ed1t gi\u00fap t\u0103ng \u0111\u1ed9 an to\u00e0n v\u1eadn h\u00e0nh<br data-start=\"2057\" data-end=\"2060\" \/>T\u00edch h\u1ee3p c\u00e1c t\u00ednh n\u0103ng an to\u00e0n cho ng\u01b0\u1eddi l\u00e1i<br data-start=\"2110\" data-end=\"2113\" \/>Thi\u1ebft k\u1ebf l\u00ean\/xu\u1ed1ng xe an to\u00e0n<\/p>\n<h3 data-section-id=\"d8ea7l\" data-start=\"2145\" data-end=\"2182\">7. K\u1ebft c\u1ea5u b\u1ec1n b\u1ec9 &amp; \u0111\u00e1ng tin c\u1eady<\/h3>\n<p data-start=\"2183\" data-end=\"2333\">Linh ki\u1ec7n b\u1ec1n, tu\u1ed5i th\u1ecd cao<br data-start=\"2223\" data-end=\"2226\" \/>Ch\u1ea5t l\u01b0\u1ee3ng k\u1ef9 thu\u1eadt \u0111\u00e3 \u0111\u01b0\u1ee3c ki\u1ec3m ch\u1ee9ng c\u1ee7a STILL<br data-start=\"2258\" data-end=\"2261\" \/>Ph\u00f9 h\u1ee3p v\u1eadn h\u00e0nh li\u00ean t\u1ee5c h\u1eb1ng ng\u00e0y<br data-start=\"2294\" data-end=\"2297\" \/>Gi\u1ea3m th\u1eddi gian d\u1eebng m\u00e1y, t\u0103ng kh\u1ea3 n\u0103ng s\u1eb5n s\u00e0ng<\/p>\n<hr data-start=\"2335\" data-end=\"2338\" \/>\n<h2 data-section-id=\"mu966k\" data-start=\"2340\" data-end=\"2355\">\u1ee8ng d\u1ee5ng<\/h2>\n<p data-start=\"2357\" data-end=\"2395\">D\u00f2ng STILL FM-X SE ph\u00f9 h\u1ee3p l\u00fd t\u01b0\u1edfng cho:<\/p>\n<h3 data-section-id=\"6r13vm\" data-start=\"2397\" data-end=\"2424\">1. Kho h\u00e0ng ti\u00eau chu\u1ea9n<\/h3>\n<p data-start=\"2425\" data-end=\"2520\">L\u01b0u tr\u1eef v\u00e0 l\u1ea5y h\u00e0ng pallet \u1edf \u0111\u1ed9 cao trung b\u00ecnh<br data-start=\"2474\" data-end=\"2477\" \/>T\u1ed1i \u01b0u h\u00f3a kh\u00f4ng gian kho<\/p>\n<h3 data-section-id=\"ng288s\" data-start=\"2522\" data-end=\"2564\">2. Trung t\u00e2m ph\u00e2n ph\u1ed1i v\u1eeba v\u00e0 nh\u1ecf<\/h3>\n<p data-start=\"2565\" data-end=\"2640\">Gi\u1ea3i ph\u00e1p x\u1eed l\u00fd h\u00e0ng h\u00f3a ti\u1ebft ki\u1ec7m chi ph\u00ed<br data-start=\"2597\" data-end=\"2600\" \/>Ho\u1ea1t \u0111\u1ed9ng b\u1ed1c x\u1ebfp h\u1eb1ng ng\u00e0y<\/p>\n<h3 data-section-id=\"120fedn\" data-start=\"2642\" data-end=\"2674\">3. Nh\u00e0 m\u00e1y &amp; x\u01b0\u1edfng s\u1ea3n xu\u1ea5t<\/h3>\n<p data-start=\"2675\" data-end=\"2747\">V\u1eadn chuy\u1ec3n v\u1eadt t\u01b0 n\u1ed9i b\u1ed9<br data-start=\"2716\" data-end=\"2719\" \/>Cung \u1ee9ng nguy\u00ean v\u1eadt li\u1ec7u cho s\u1ea3n xu\u1ea5t<\/p>\n<h3 data-section-id=\"7wgs4s\" data-start=\"2749\" data-end=\"2784\">4. B\u00e1n l\u1ebb &amp; logistics b\u00e1n bu\u00f4n<\/h3>\n<p data-start=\"2785\" data-end=\"2853\">B\u1ed5 sung h\u00e0ng h\u00f3a l\u00ean k\u1ec7<br data-start=\"2804\" data-end=\"2807\" \/>X\u1eed l\u00fd h\u00e0ng trong khu v\u1ef1c kho ph\u00eda sau c\u1eeda h\u00e0ng<\/p>","protected":false},"excerpt":{"rendered":"<p>Product Overview The STILL FM-X SE Series is a compact and highly efficient sit-on reach truck designed for entry-level and medium-duty warehouse applications. Combining proven STILL technology with a cost-effective design, the FM-X SE offers reliable performance, excellent maneuverability, and strong lifting capabilities for everyday intralogistics tasks. With lifting heights of up to 8 meters [&hellip;]<\/p>","protected":false},"featured_media":3287,"template":"","meta":{"_acf_changed":false,"inline_featured_image":false},"model-type":[53],"product_brand":[38],"product_cat":[57],"product_tag":[],"class_list":{"0":"post-3284","1":"product","2":"type-product","3":"status-publish","4":"has-post-thumbnail","6":"model-type-reach-truck","7":"product_brand-still","8":"product_cat-reach-trucks","10":"first","11":"instock","12":"shipping-taxable","13":"product-type-simple"},"acf":[],"yoast_head":"<!-- This site is optimized with the Yoast SEO Premium plugin v25.6 (Yoast SEO v25.6) - https:\/\/yoast.com\/wordpress\/plugins\/seo\/ -->\n<title>FM-X SE 14 \/ FM-X SE 16 - Goldbell<\/title>\n<meta name=\"robots\" content=\"noindex, follow, max-snippet:-1, max-image-preview:large, max-video-preview:-1\" \/>\n<meta property=\"og:locale\" content=\"vi_VN\" \/>\n<meta property=\"og:type\" content=\"article\" \/>\n<meta property=\"og:title\" content=\"FM-X SE 14 \/ FM-X SE 16\" \/>\n<meta property=\"og:description\" content=\"Product Overview The STILL FM-X SE Series is a compact and highly efficient sit-on reach truck designed for entry-level and medium-duty warehouse applications. Combining proven STILL technology with a cost-effective design, the FM-X SE offers reliable performance, excellent maneuverability, and strong lifting capabilities for everyday intralogistics tasks. With lifting heights of up to 8 meters [&hellip;]\" \/>\n<meta property=\"og:url\" content=\"https:\/\/goldbellvn.ifdemo.com\/vi\/san-pham\/fm-x-se-14-fm-x-se-16\/\" \/>\n<meta property=\"og:site_name\" content=\"Goldbell\" \/>\n<meta property=\"article:modified_time\" content=\"2026-04-02T03:20:53+00:00\" \/>\n<meta property=\"og:image\" content=\"https:\/\/goldbellvn.ifdemo.com\/wp-content\/uploads\/2026\/04\/FM-X-Wetterschutz-1_2016-e1775100046247.jpg\" \/>\n\t<meta property=\"og:image:width\" content=\"801\" \/>\n\t<meta property=\"og:image:height\" content=\"986\" \/>\n\t<meta property=\"og:image:type\" content=\"image\/jpeg\" \/>\n<meta name=\"twitter:card\" content=\"summary_large_image\" \/>\n<meta name=\"twitter:label1\" content=\"\u01af\u1edbc t\u00ednh th\u1eddi gian \u0111\u1ecdc\" \/>\n\t<meta name=\"twitter:data1\" content=\"3 ph\u00fat\" \/>\n<script type=\"application\/ld+json\" class=\"yoast-schema-graph\">{\"@context\":\"https:\/\/schema.org\",\"@graph\":[{\"@type\":\"WebPage\",\"@id\":\"https:\/\/goldbellvn.ifdemo.com\/product\/fm-x-se-14-fm-x-se-16\/\",\"url\":\"https:\/\/goldbellvn.ifdemo.com\/product\/fm-x-se-14-fm-x-se-16\/\",\"name\":\"FM-X SE 14 \/ FM-X SE 16 - Goldbell\",\"isPartOf\":{\"@id\":\"https:\/\/goldbellvn.ifdemo.com\/#website\"},\"primaryImageOfPage\":{\"@id\":\"https:\/\/goldbellvn.ifdemo.com\/product\/fm-x-se-14-fm-x-se-16\/#primaryimage\"},\"image\":{\"@id\":\"https:\/\/goldbellvn.ifdemo.com\/product\/fm-x-se-14-fm-x-se-16\/#primaryimage\"},\"thumbnailUrl\":\"https:\/\/goldbellvn.ifdemo.com\/wp-content\/uploads\/2026\/04\/FM-X-Wetterschutz-1_2016-e1775100046247.jpg\",\"datePublished\":\"2026-04-01T04:43:10+00:00\",\"dateModified\":\"2026-04-02T03:20:53+00:00\",\"breadcrumb\":{\"@id\":\"https:\/\/goldbellvn.ifdemo.com\/product\/fm-x-se-14-fm-x-se-16\/#breadcrumb\"},\"inLanguage\":\"vi\",\"potentialAction\":[{\"@type\":\"ReadAction\",\"target\":[\"https:\/\/goldbellvn.ifdemo.com\/product\/fm-x-se-14-fm-x-se-16\/\"]}]},{\"@type\":\"ImageObject\",\"inLanguage\":\"vi\",\"@id\":\"https:\/\/goldbellvn.ifdemo.com\/product\/fm-x-se-14-fm-x-se-16\/#primaryimage\",\"url\":\"https:\/\/goldbellvn.ifdemo.com\/wp-content\/uploads\/2026\/04\/FM-X-Wetterschutz-1_2016-e1775100046247.jpg\",\"contentUrl\":\"https:\/\/goldbellvn.ifdemo.com\/wp-content\/uploads\/2026\/04\/FM-X-Wetterschutz-1_2016-e1775100046247.jpg\",\"width\":801,\"height\":986},{\"@type\":\"BreadcrumbList\",\"@id\":\"https:\/\/goldbellvn.ifdemo.com\/product\/fm-x-se-14-fm-x-se-16\/#breadcrumb\",\"itemListElement\":[{\"@type\":\"ListItem\",\"position\":1,\"name\":\"Home\",\"item\":\"https:\/\/goldbellvn.ifdemo.com\/\"},{\"@type\":\"ListItem\",\"position\":2,\"name\":\"Products\",\"item\":\"https:\/\/goldbellvn.ifdemo.com\/shop\/\"},{\"@type\":\"ListItem\",\"position\":3,\"name\":\"FM-X SE 14 \/ FM-X SE 16\"}]},{\"@type\":\"WebSite\",\"@id\":\"https:\/\/goldbellvn.ifdemo.com\/#website\",\"url\":\"https:\/\/goldbellvn.ifdemo.com\/\",\"name\":\"Goldbell\",\"description\":\"\",\"publisher\":{\"@id\":\"https:\/\/goldbellvn.ifdemo.com\/#organization\"},\"potentialAction\":[{\"@type\":\"SearchAction\",\"target\":{\"@type\":\"EntryPoint\",\"urlTemplate\":\"https:\/\/goldbellvn.ifdemo.com\/?s={search_term_string}\"},\"query-input\":{\"@type\":\"PropertyValueSpecification\",\"valueRequired\":true,\"valueName\":\"search_term_string\"}}],\"inLanguage\":\"vi\"},{\"@type\":\"Organization\",\"@id\":\"https:\/\/goldbellvn.ifdemo.com\/#organization\",\"name\":\"Goldbell\",\"url\":\"https:\/\/goldbellvn.ifdemo.com\/\",\"logo\":{\"@type\":\"ImageObject\",\"inLanguage\":\"vi\",\"@id\":\"https:\/\/goldbellvn.ifdemo.com\/#\/schema\/logo\/image\/\",\"url\":\"https:\/\/goldbellvn.ifdemo.com\/wp-content\/uploads\/2025\/09\/logo.svg\",\"contentUrl\":\"https:\/\/goldbellvn.ifdemo.com\/wp-content\/uploads\/2025\/09\/logo.svg\",\"width\":18,\"height\":23,\"caption\":\"Goldbell\"},\"image\":{\"@id\":\"https:\/\/goldbellvn.ifdemo.com\/#\/schema\/logo\/image\/\"}}]}<\/script>\n<!-- \/ Yoast SEO Premium plugin. -->","yoast_head_json":{"title":"FM-X SE 14 \/ FM-X SE 16 - Goldbell","robots":{"index":"noindex","follow":"follow","max-snippet":"max-snippet:-1","max-image-preview":"max-image-preview:large","max-video-preview":"max-video-preview:-1"},"og_locale":"vi_VN","og_type":"article","og_title":"FM-X SE 14 \/ FM-X SE 16","og_description":"Product Overview The STILL FM-X SE Series is a compact and highly efficient sit-on reach truck designed for entry-level and medium-duty warehouse applications. Combining proven STILL technology with a cost-effective design, the FM-X SE offers reliable performance, excellent maneuverability, and strong lifting capabilities for everyday intralogistics tasks. With lifting heights of up to 8 meters [&hellip;]","og_url":"https:\/\/goldbellvn.ifdemo.com\/vi\/san-pham\/fm-x-se-14-fm-x-se-16\/","og_site_name":"Goldbell","article_modified_time":"2026-04-02T03:20:53+00:00","og_image":[{"width":801,"height":986,"url":"https:\/\/goldbellvn.ifdemo.com\/wp-content\/uploads\/2026\/04\/FM-X-Wetterschutz-1_2016-e1775100046247.jpg","type":"image\/jpeg"}],"twitter_card":"summary_large_image","twitter_misc":{"\u01af\u1edbc t\u00ednh th\u1eddi gian \u0111\u1ecdc":"3 ph\u00fat"},"schema":{"@context":"https:\/\/schema.org","@graph":[{"@type":"WebPage","@id":"https:\/\/goldbellvn.ifdemo.com\/product\/fm-x-se-14-fm-x-se-16\/","url":"https:\/\/goldbellvn.ifdemo.com\/product\/fm-x-se-14-fm-x-se-16\/","name":"FM-X SE 14 \/ FM-X SE 16 - Goldbell","isPartOf":{"@id":"https:\/\/goldbellvn.ifdemo.com\/#website"},"primaryImageOfPage":{"@id":"https:\/\/goldbellvn.ifdemo.com\/product\/fm-x-se-14-fm-x-se-16\/#primaryimage"},"image":{"@id":"https:\/\/goldbellvn.ifdemo.com\/product\/fm-x-se-14-fm-x-se-16\/#primaryimage"},"thumbnailUrl":"https:\/\/goldbellvn.ifdemo.com\/wp-content\/uploads\/2026\/04\/FM-X-Wetterschutz-1_2016-e1775100046247.jpg","datePublished":"2026-04-01T04:43:10+00:00","dateModified":"2026-04-02T03:20:53+00:00","breadcrumb":{"@id":"https:\/\/goldbellvn.ifdemo.com\/product\/fm-x-se-14-fm-x-se-16\/#breadcrumb"},"inLanguage":"vi","potentialAction":[{"@type":"ReadAction","target":["https:\/\/goldbellvn.ifdemo.com\/product\/fm-x-se-14-fm-x-se-16\/"]}]},{"@type":"ImageObject","inLanguage":"vi","@id":"https:\/\/goldbellvn.ifdemo.com\/product\/fm-x-se-14-fm-x-se-16\/#primaryimage","url":"https:\/\/goldbellvn.ifdemo.com\/wp-content\/uploads\/2026\/04\/FM-X-Wetterschutz-1_2016-e1775100046247.jpg","contentUrl":"https:\/\/goldbellvn.ifdemo.com\/wp-content\/uploads\/2026\/04\/FM-X-Wetterschutz-1_2016-e1775100046247.jpg","width":801,"height":986},{"@type":"BreadcrumbList","@id":"https:\/\/goldbellvn.ifdemo.com\/product\/fm-x-se-14-fm-x-se-16\/#breadcrumb","itemListElement":[{"@type":"ListItem","position":1,"name":"Home","item":"https:\/\/goldbellvn.ifdemo.com\/"},{"@type":"ListItem","position":2,"name":"Products","item":"https:\/\/goldbellvn.ifdemo.com\/shop\/"},{"@type":"ListItem","position":3,"name":"FM-X SE 14 \/ FM-X SE 16"}]},{"@type":"WebSite","@id":"https:\/\/goldbellvn.ifdemo.com\/#website","url":"https:\/\/goldbellvn.ifdemo.com\/","name":"Goldbell","description":"","publisher":{"@id":"https:\/\/goldbellvn.ifdemo.com\/#organization"},"potentialAction":[{"@type":"SearchAction","target":{"@type":"EntryPoint","urlTemplate":"https:\/\/goldbellvn.ifdemo.com\/?s={search_term_string}"},"query-input":{"@type":"PropertyValueSpecification","valueRequired":true,"valueName":"search_term_string"}}],"inLanguage":"vi"},{"@type":"Organization","@id":"https:\/\/goldbellvn.ifdemo.com\/#organization","name":"Goldbell","url":"https:\/\/goldbellvn.ifdemo.com\/","logo":{"@type":"ImageObject","inLanguage":"vi","@id":"https:\/\/goldbellvn.ifdemo.com\/#\/schema\/logo\/image\/","url":"https:\/\/goldbellvn.ifdemo.com\/wp-content\/uploads\/2025\/09\/logo.svg","contentUrl":"https:\/\/goldbellvn.ifdemo.com\/wp-content\/uploads\/2025\/09\/logo.svg","width":18,"height":23,"caption":"Goldbell"},"image":{"@id":"https:\/\/goldbellvn.ifdemo.com\/#\/schema\/logo\/image\/"}}]}},"_links":{"self":[{"href":"https:\/\/goldbellvn.ifdemo.com\/vi\/wp-json\/wp\/v2\/product\/3284","targetHints":{"allow":["GET"]}}],"collection":[{"href":"https:\/\/goldbellvn.ifdemo.com\/vi\/wp-json\/wp\/v2\/product"}],"about":[{"href":"https:\/\/goldbellvn.ifdemo.com\/vi\/wp-json\/wp\/v2\/types\/product"}],"wp:featuredmedia":[{"embeddable":true,"href":"https:\/\/goldbellvn.ifdemo.com\/vi\/wp-json\/wp\/v2\/media\/3287"}],"wp:attachment":[{"href":"https:\/\/goldbellvn.ifdemo.com\/vi\/wp-json\/wp\/v2\/media?parent=3284"}],"wp:term":[{"taxonomy":"model-type","embeddable":true,"href":"https:\/\/goldbellvn.ifdemo.com\/vi\/wp-json\/wp\/v2\/model-type?post=3284"},{"taxonomy":"product_brand","embeddable":true,"href":"https:\/\/goldbellvn.ifdemo.com\/vi\/wp-json\/wp\/v2\/product_brand?post=3284"},{"taxonomy":"product_cat","embeddable":true,"href":"https:\/\/goldbellvn.ifdemo.com\/vi\/wp-json\/wp\/v2\/product_cat?post=3284"},{"taxonomy":"product_tag","embeddable":true,"href":"https:\/\/goldbellvn.ifdemo.com\/vi\/wp-json\/wp\/v2\/product_tag?post=3284"}],"curies":[{"name":"wp","href":"https:\/\/api.w.org\/{rel}","templated":true}]}}