{"id":3286,"date":"2026-04-01T12:00:49","date_gmt":"2026-04-01T05:00:49","guid":{"rendered":"https:\/\/goldbell.123websitedev.com\/?post_type=product&#038;p=3286"},"modified":"2026-04-02T10:21:31","modified_gmt":"2026-04-02T03:21:31","slug":"exh-sf-exh-s","status":"publish","type":"product","link":"https:\/\/goldbellvn.ifdemo.com\/vi\/san-pham\/exh-sf-exh-s\/","title":{"rendered":"EXH-SF\/EXH-S"},"content":{"rendered":"<h2 data-section-id=\"1bovg99\" data-start=\"134\" data-end=\"157\"><span role=\"text\"><strong data-start=\"137\" data-end=\"157\">T\u1ed5ng quan s\u1ea3n ph\u1ea9m<\/strong><\/span><\/h2>\n<p data-start=\"159\" data-end=\"476\">The STILL EXH-SF and EXH-S series l\u00e0 d\u00f2ng xe n\u00e2ng pallet \u0111i\u1ec7n \u0111\u1ee9ng l\u00e1i do STILL ph\u00e1t tri\u1ec3n, \u0111\u01b0\u1ee3c thi\u1ebft k\u1ebf cho vi\u1ec7c v\u1eadn chuy\u1ec3n h\u00e0ng h\u00f3a theo ph\u01b0\u01a1ng ngang v\u1edbi hi\u1ec7u su\u1ea5t cao trong c\u00e1c kho hi\u1ec7n \u0111\u1ea1i v\u00e0 m\u00f4i tr\u01b0\u1eddng logistics n\u1ed9i b\u1ed9. V\u1edbi t\u1ea3i tr\u1ecdng l\u00ean \u0111\u1ebfn 2.500 kg v\u00e0 t\u1ed1c \u0111\u1ed9 di chuy\u1ec3n t\u1ed1i \u0111a 14 km\/h, d\u00f2ng xe n\u00e0y \u0111\u00e1p \u1ee9ng t\u1ed1t c\u00e1c c\u00f4ng vi\u1ec7c c\u01b0\u1eddng \u0111\u1ed9 cao.<\/p>\n<p data-start=\"478\" data-end=\"803\">\u0110\u01b0\u1ee3c ph\u00e1t tri\u1ec3n b\u1edfi <span class=\"hover:entity-accent entity-underline inline cursor-pointer align-baseline\"><span class=\"whitespace-normal\">STILL GmbH<\/span><\/span>hai d\u00f2ng EXH-SF (s\u00e0n \u0111\u1ee9ng g\u1eadp) v\u00e0 EXH-S (s\u00e0n c\u1ed1 \u0111\u1ecbnh, c\u00f3 l\u1ed1i l\u00ean t\u1eeb ph\u00eda sau\/b\u00ean h\u00f4ng) k\u1ebft h\u1ee3p thi\u1ebft k\u1ebf nh\u1ecf g\u1ecdn, h\u1ec7 th\u1ed1ng truy\u1ec1n \u0111\u1ed9ng m\u1ea1nh m\u1ebd v\u00e0 c\u00e1c t\u00ednh n\u0103ng c\u00f4ng th\u00e1i h\u1ecdc ti\u00ean ti\u1ebfn. Ch\u00fang ph\u00f9 h\u1ee3p cho c\u00e1c \u1ee9ng d\u1ee5ng nh\u01b0 b\u1ed1c d\u1ee1 xe t\u1ea3i, l\u1ea5y h\u00e0ng (order picking) v\u00e0 v\u1eadn chuy\u1ec3n qu\u00e3ng \u0111\u01b0\u1eddng d\u00e0i.<\/p>\n<p data-start=\"805\" data-end=\"822\">C\u00e1c model g\u1ed3m:<\/p>\n<ul data-start=\"824\" data-end=\"949\">\n<li data-section-id=\"imwz3i\" data-start=\"824\" data-end=\"845\">EXH-SF 16C\/Li-Ion<\/li>\n<li data-section-id=\"4115jf\" data-start=\"846\" data-end=\"867\">EXH-SF 20C\/Li-Ion<\/li>\n<li data-section-id=\"1trx51k\" data-start=\"868\" data-end=\"888\">EXH-SF 20\/Li-Ion<\/li>\n<li data-section-id=\"1xyv31p\" data-start=\"889\" data-end=\"909\">EXH-SF 25\/Li-Ion<\/li>\n<li data-section-id=\"1v2ozzi\" data-start=\"910\" data-end=\"929\">EXH-S 20\/Li-Ion<\/li>\n<li data-section-id=\"h09lor\" data-start=\"930\" data-end=\"949\">EXH-S 25\/Li-Ion<\/li>\n<\/ul>\n<hr data-start=\"951\" data-end=\"954\" \/>\n<h2 data-section-id=\"1pi78xj\" data-start=\"956\" data-end=\"986\"><span role=\"text\"><strong data-start=\"959\" data-end=\"986\">T\u00ednh n\u0103ng &amp; l\u1ee3i \u00edch ch\u00ednh<\/strong><\/span><\/h2>\n<h3 data-section-id=\"10uhd8g\" data-start=\"988\" data-end=\"1024\"><span role=\"text\"><strong data-start=\"992\" data-end=\"1024\">1. Hi\u1ec7u su\u1ea5t v\u1eadn h\u00e0nh cao<\/strong><\/span><\/h3>\n<ul data-start=\"1026\" data-end=\"1246\">\n<li data-section-id=\"1hphbs3\" data-start=\"1026\" data-end=\"1062\">T\u1ea3i tr\u1ecdng l\u00ean \u0111\u1ebfn <strong data-start=\"1048\" data-end=\"1060\">2,500 kg<\/strong><\/li>\n<li data-section-id=\"4h6l8e\" data-start=\"1063\" data-end=\"1094\">T\u1ed1c \u0111\u1ed9 t\u1ed1i \u0111a l\u00ean \u0111\u1ebfn <strong data-start=\"1081\" data-end=\"1092\">14 km\/h<\/strong><\/li>\n<li data-section-id=\"1wagwbh\" data-start=\"1095\" data-end=\"1148\">\u0110\u1ed9ng c\u01a1 AC m\u1ea1nh m\u1ebd cho v\u1eadn h\u00e0nh li\u00ean t\u1ee5c<\/li>\n<li data-section-id=\"1yyuzzw\" data-start=\"1149\" data-end=\"1202\">B\u00e1m \u0111\u01b0\u1eddng t\u1ed1t khi l\u00ean d\u1ed1c, l\u1ef1c k\u00e9o \u1ed5n \u0111\u1ecbnh<\/li>\n<li data-section-id=\"12u3spz\" data-start=\"1203\" data-end=\"1246\">V\u1eadn chuy\u1ec3n ngang nhanh v\u00e0 hi\u1ec7u qu\u1ea3<\/li>\n<\/ul>\n<hr data-start=\"1248\" data-end=\"1251\" \/>\n<h3 data-section-id=\"12eost\" data-start=\"1253\" data-end=\"1294\"><span role=\"text\"><strong data-start=\"1257\" data-end=\"1294\">2. H\u1ec7 th\u1ed1ng h\u1ed7 tr\u1ee3 th\u00f4ng minh<\/strong><\/span><\/h3>\n<ul data-start=\"1296\" data-end=\"1536\">\n<li data-section-id=\"vq9fr6\" data-start=\"1296\" data-end=\"1365\">Ki\u1ec3m so\u00e1t t\u1ed1c \u0111\u1ed9 khi v\u00e0o cua (Curve Speed Control)<\/li>\n<li data-section-id=\"5hzxrs\" data-start=\"1366\" data-end=\"1415\">Ch\u1ed1ng tr\u00f4i khi d\u1eebng tr\u00ean d\u1ed1c (anti-roll-back)<\/li>\n<li data-section-id=\"18cb4i9\" data-start=\"1416\" data-end=\"1470\">C\u1ea3m bi\u1ebfn ch\u00e2n t\u00f9y ch\u1ecdn \u0111\u1ec3 \u0111\u1ea3m b\u1ea3o v\u1ecb tr\u00ed ng\u01b0\u1eddi v\u1eadn h\u00e0nh<\/li>\n<li data-section-id=\"1ym621n\" data-start=\"1471\" data-end=\"1536\">Hi\u1ec3n th\u1ecb th\u00f4ng tin r\u00f5 r\u00e0ng qua m\u00e0n h\u00ecnh LED ho\u1eb7c c\u1ea3m \u1ee9ng<\/li>\n<\/ul>\n<hr data-start=\"1538\" data-end=\"1541\" \/>\n<h3 data-section-id=\"xjcfzg\" data-start=\"1543\" data-end=\"1580\"><span role=\"text\"><strong data-start=\"1547\" data-end=\"1580\">3. C\u00f4ng th\u00e1i h\u1ecdc cho ng\u01b0\u1eddi v\u1eadn h\u00e0nh<\/strong><\/span><\/h3>\n<ul data-start=\"1582\" data-end=\"1870\">\n<li data-section-id=\"wr210k\" data-start=\"1582\" data-end=\"1644\">S\u00e0n \u0111\u1ee9ng c\u00f3 gi\u1ea3m ch\u1ea5n b\u1eb1ng kh\u00ed, treo \u0111\u00e0n h\u1ed3i<\/li>\n<li data-section-id=\"mkze10\" data-start=\"1645\" data-end=\"1712\">Tay \u0111i\u1ec1u khi\u1ec3n \u0111i\u1ec1u ch\u1ec9nh \u0111\u1ed9 cao (STILL tiller \/ Easy Drive)<\/li>\n<li data-section-id=\"11qi5yy\" data-start=\"1713\" data-end=\"1767\">Gi\u1ea3m rung v\u00e0 s\u1ed1c, ph\u00f9 h\u1ee3p l\u00e0m vi\u1ec7c d\u00e0i gi\u1edd<\/li>\n<li data-section-id=\"1p7s2xk\" data-start=\"1768\" data-end=\"1815\">Thanh ch\u1eafn b\u00ean \u0111i\u1ec1u ch\u1ec9nh gi\u00fap \u0111\u1ee9ng v\u1eefng<\/li>\n<li data-section-id=\"208n8y\" data-start=\"1816\" data-end=\"1870\">Ph\u00f9 h\u1ee3p c\u1ea3 ng\u01b0\u1eddi thu\u1eadn tay tr\u00e1i v\u00e0 ph\u1ea3i<\/li>\n<\/ul>\n<hr data-start=\"1872\" data-end=\"1875\" \/>\n<h3 data-section-id=\"1crzfwm\" data-start=\"1877\" data-end=\"1909\"><span role=\"text\"><strong data-start=\"1881\" data-end=\"1909\">4. Ti\u00eau chu\u1ea9n an to\u00e0n cao<\/strong><\/span><\/h3>\n<ul data-start=\"1911\" data-end=\"2165\">\n<li data-section-id=\"7bq2zm\" data-start=\"1911\" data-end=\"1969\">T\u1ea7m nh\u00ecn t\u1ed1t \u0111\u1ebfn \u0111\u1ea7u c\u00e0ng n\u00e2ng gi\u00fap thao t\u00e1c ch\u00ednh x\u00e1c<\/li>\n<li data-section-id=\"1xluijo\" data-start=\"1970\" data-end=\"2013\">Khung xe ch\u1eafc ch\u1eafn v\u00e0 c\u00f3 thanh b\u1ea3o v\u1ec7 hai b\u00ean<\/li>\n<li data-section-id=\"w6fkwn\" data-start=\"2014\" data-end=\"2061\">\u1ed4n \u0111\u1ecbnh khi v\u1eadn h\u00e0nh t\u1ed1c \u0111\u1ed9 cao<\/li>\n<li data-section-id=\"ryt1zk\" data-start=\"2062\" data-end=\"2111\">H\u1ec7 th\u1ed1ng phanh t\u1ef1 \u0111\u1ed9ng t\u0103ng an to\u00e0n<\/li>\n<li data-section-id=\"1g4mebu\" data-start=\"2112\" data-end=\"2165\">V\u1eadn h\u00e0nh an to\u00e0n trong l\u1ed1i \u0111i h\u1eb9p<\/li>\n<\/ul>\n<hr data-start=\"2167\" data-end=\"2170\" \/>\n<h3 data-section-id=\"1u9n7sn\" data-start=\"2172\" data-end=\"2212\"><span role=\"text\"><strong data-start=\"2176\" data-end=\"2212\">5. Thi\u1ebft k\u1ebf nh\u1ecf g\u1ecdn &amp; linh ho\u1ea1t<\/strong><\/span><\/h3>\n<ul data-start=\"2214\" data-end=\"2409\">\n<li data-section-id=\"1iq1b2q\" data-start=\"2214\" data-end=\"2256\">B\u1ec1 r\u1ed9ng si\u00eau nh\u1ecf ch\u1ec9 720 mm <strong data-start=\"2244\" data-end=\"2254\">720 mm<\/strong><\/li>\n<li data-section-id=\"fxdrlr\" data-start=\"2257\" data-end=\"2299\">B\u00e1n k\u00ednh quay nh\u1ecf, ph\u00f9 h\u1ee3p l\u1ed1i \u0111i h\u1eb9p<\/li>\n<li data-section-id=\"1dm6mw4\" data-start=\"2300\" data-end=\"2350\">D\u1ec5 xoay tr\u1edf trong kh\u00f4ng gian h\u1ea1n ch\u1ebf<\/li>\n<li data-section-id=\"hgucdg\" data-start=\"2351\" data-end=\"2409\">L\u00fd t\u01b0\u1edfng cho b\u1ed1c d\u1ee1 xe t\u1ea3i v\u00e0 khu v\u1ef1c dock<\/li>\n<\/ul>\n<hr data-start=\"2411\" data-end=\"2414\" \/>\n<h3 data-section-id=\"1tcb89o\" data-start=\"2416\" data-end=\"2459\"><span role=\"text\"><strong data-start=\"2420\" data-end=\"2459\">6. Hi\u1ec7u qu\u1ea3 n\u0103ng l\u01b0\u1ee3ng &amp; kh\u1ea3 n\u0103ng s\u1eb5n s\u00e0ng v\u1eadn h\u00e0nh<\/strong><\/span><\/h3>\n<ul data-start=\"2461\" data-end=\"2737\">\n<li data-section-id=\"1gvv11r\" data-start=\"2461\" data-end=\"2517\">T\u00f9y ch\u1ecdn pin lithium-ion s\u1ea1c nhanh<\/li>\n<li data-section-id=\"1hcbmu5\" data-start=\"2518\" data-end=\"2589\">S\u1ea1c 50% trong kho\u1ea3ng 30 ph\u00fat, \u0111\u1ea7y trong kho\u1ea3ng 90 ph\u00fat<\/li>\n<li data-section-id=\"nx6bbk\" data-start=\"2590\" data-end=\"2648\">Nhi\u1ec1u dung l\u01b0\u1ee3ng pin t\u00f9y nhu c\u1ea7u<\/li>\n<li data-section-id=\"1fs9fl5\" data-start=\"2649\" data-end=\"2688\">C\u00f4ng ngh\u1ec7 \u0111\u1ed9ng c\u01a1 AC \u00edt b\u1ea3o tr\u00ec<\/li>\n<li data-section-id=\"iy8gl1\" data-start=\"2689\" data-end=\"2737\">Ph\u00f9 h\u1ee3p v\u1eadn h\u00e0nh nhi\u1ec1u ca ho\u1eb7c 24\/7<\/li>\n<\/ul>\n<hr data-start=\"2739\" data-end=\"2742\" \/>\n<h3 data-section-id=\"1ih0a5i\" data-start=\"2744\" data-end=\"2791\"><span role=\"text\"><strong data-start=\"2748\" data-end=\"2791\">7. Linh ho\u1ea1t \u1ee9ng d\u1ee5ng &amp; c\u1ea5u h\u00ecnh<\/strong><\/span><\/h3>\n<ul data-start=\"2793\" data-end=\"3093\">\n<li data-section-id=\"1n093gs\" data-start=\"2793\" data-end=\"2856\">Hai lo\u1ea1i s\u00e0n: g\u1eadp (EXH-SF) v\u00e0 c\u1ed1 \u0111\u1ecbnh (EXH-S)<\/li>\n<li data-section-id=\"1e6fftk\" data-start=\"2857\" data-end=\"2921\">T\u00f9y ch\u1ecdn l\u1ed1i l\u00ean ph\u00eda sau, b\u00ean h\u00f4ng ho\u1eb7c t\u1ef1a l\u01b0ng<\/li>\n<li data-section-id=\"12yaybs\" data-start=\"2922\" data-end=\"2982\">S\u1ea1c t\u00edch h\u1ee3p t\u00f9y ch\u1ecdn, linh ho\u1ea1t \u1edf m\u1ecdi n\u01a1i<\/li>\n<li data-section-id=\"tgdu3l\" data-start=\"2983\" data-end=\"3047\">K\u1ebft n\u1ed1i h\u1ec7 th\u1ed1ng qu\u1ea3n l\u00fd \u0111\u1ed9i xe (FleetManager 4.x)<\/li>\n<li data-section-id=\"129ajpc\" data-start=\"3048\" data-end=\"3093\">Nhi\u1ec1u ch\u1ebf \u0111\u1ed9 l\u00e1i: ECO, BOOST, Blue-Q<\/li>\n<\/ul>\n<hr data-start=\"3095\" data-end=\"3098\" \/>\n<h2 data-section-id=\"k0zlak\" data-start=\"3100\" data-end=\"3119\"><span role=\"text\"><strong data-start=\"3103\" data-end=\"3119\">\u1ee8ng d\u1ee5ng<\/strong><\/span><\/h2>\n<p data-start=\"3121\" data-end=\"3176\">STILL EXH-SF and EXH-S pallet trucks ph\u00f9 h\u1ee3p l\u00fd t\u01b0\u1edfng cho:<\/p>\n<h3 data-section-id=\"nn9r6\" data-start=\"3178\" data-end=\"3219\"><span role=\"text\"><strong data-start=\"3182\" data-end=\"3219\">1. B\u1ed1c d\u1ee1 h\u00e0ng h\u00f3a<\/strong><\/span><\/h3>\n<ul data-start=\"3221\" data-end=\"3320\">\n<li data-section-id=\"fvrdz7\" data-start=\"3221\" data-end=\"3269\">X\u1eed l\u00fd h\u00e0ng h\u00f3a trong xe t\u1ea3i (HGV)<\/li>\n<li data-section-id=\"9p5oc0\" data-start=\"3270\" data-end=\"3320\">Ho\u1ea1t \u0111\u1ed9ng t\u1ea1i dock nhanh v\u00e0 linh ho\u1ea1t<\/li>\n<\/ul>\n<hr data-start=\"3322\" data-end=\"3325\" \/>\n<h3 data-section-id=\"1hcej1s\" data-start=\"3327\" data-end=\"3372\"><span role=\"text\"><strong data-start=\"3331\" data-end=\"3372\">2. Logistics &amp; ph\u00e2n ph\u1ed1i kho b\u00e3i<\/strong><\/span><\/h3>\n<ul data-start=\"3374\" data-end=\"3482\">\n<li data-section-id=\"3jf0l3\" data-start=\"3374\" data-end=\"3429\">V\u1eadn chuy\u1ec3n ngang qu\u00e3ng \u0111\u01b0\u1eddng trung b\u00ecnh v\u00e0 d\u00e0i<\/li>\n<li data-section-id=\"1jkz7ec\" data-start=\"3430\" data-end=\"3482\">D\u00f2ng h\u00e0ng l\u1edbn trong kho b\u1eadn r\u1ed9n<\/li>\n<\/ul>\n<hr data-start=\"3484\" data-end=\"3487\" \/>\n<h3 data-section-id=\"1a5x8g2\" data-start=\"3489\" data-end=\"3524\"><span role=\"text\"><strong data-start=\"3493\" data-end=\"3524\">3. L\u1ea5y h\u00e0ng (Order Picking)<\/strong><\/span><\/h3>\n<ul data-start=\"3526\" data-end=\"3627\">\n<li data-section-id=\"hfcgz6\" data-start=\"3526\" data-end=\"3578\">S\u00e0n \u0111\u1ee9ng \u1ed5n \u0111\u1ecbnh cho thao t\u00e1c d\u1eebng li\u00ean t\u1ee5c<\/li>\n<li data-section-id=\"18nbz9o\" data-start=\"3579\" data-end=\"3627\">T\u1ed1i \u01b0u quy tr\u00ecnh l\u1ea5y h\u00e0ng trong l\u1ed1i \u0111i h\u1eb9p<\/li>\n<\/ul>\n<hr data-start=\"3629\" data-end=\"3632\" \/>\n<h3 data-section-id=\"q05xdi\" data-start=\"3634\" data-end=\"3674\"><span role=\"text\"><strong data-start=\"3638\" data-end=\"3674\">4. D\u1ed1c &amp; v\u1eadn h\u00e0nh nhi\u1ec1u ca<\/strong><\/span><\/h3>\n<ul data-start=\"3676\" data-end=\"3839\">\n<li data-section-id=\"19ka24f\" data-start=\"3676\" data-end=\"3736\">Hi\u1ec7u su\u1ea5t cao khi ch\u1ea1y d\u1ed1c nh\u1edd khung ch\u1eafc ch\u1eafn<\/li>\n<li data-section-id=\"1cnsj5l\" data-start=\"3737\" data-end=\"3789\">Ho\u1ea1t \u0111\u1ed9ng li\u00ean t\u1ee5c v\u1edbi c\u00f4ng ngh\u1ec7 lithium-ion<\/li>\n<li data-section-id=\"1p1olkq\" data-start=\"3790\" data-end=\"3839\">Ph\u00f9 h\u1ee3p v\u1eadn h\u00e0nh c\u01b0\u1eddng \u0111\u1ed9 cao, 24\/7<\/li>\n<\/ul>","protected":false},"excerpt":{"rendered":"<p>Product Overview The STILL stand-on electric pallet trucks EXH-SF and EXH-S series are designed for high-performance horizontal transport in modern warehouse and intralogistics environments. With load capacities of up to 2,500 kg and travel speeds of up to 14 km\/h, these trucks deliver exceptional efficiency in demanding operations. Developed by STILL GmbH, the EXH-SF (folding [&hellip;]<\/p>","protected":false},"featured_media":3310,"template":"","meta":{"_acf_changed":false,"inline_featured_image":false},"model-type":[49],"product_brand":[38],"product_cat":[26],"product_tag":[],"class_list":{"0":"post-3286","1":"product","2":"type-product","3":"status-publish","4":"has-post-thumbnail","6":"model-type-electric","7":"product_brand-still","8":"product_cat-pallet-trucks","10":"first","11":"instock","12":"shipping-taxable","13":"product-type-simple"},"acf":[],"yoast_head":"<!-- This site is optimized with the Yoast SEO Premium plugin v25.6 (Yoast SEO v25.6) - https:\/\/yoast.com\/wordpress\/plugins\/seo\/ -->\n<title>EXH-SF\/EXH-S - Goldbell<\/title>\n<meta name=\"robots\" content=\"noindex, follow, max-snippet:-1, max-image-preview:large, max-video-preview:-1\" \/>\n<meta property=\"og:locale\" content=\"vi_VN\" \/>\n<meta property=\"og:type\" content=\"article\" \/>\n<meta property=\"og:title\" content=\"EXH-SF\/EXH-S\" \/>\n<meta property=\"og:description\" content=\"Product Overview The STILL stand-on electric pallet trucks EXH-SF and EXH-S series are designed for high-performance horizontal transport in modern warehouse and intralogistics environments. With load capacities of up to 2,500 kg and travel speeds of up to 14 km\/h, these trucks deliver exceptional efficiency in demanding operations. Developed by STILL GmbH, the EXH-SF (folding [&hellip;]\" \/>\n<meta property=\"og:url\" content=\"https:\/\/goldbellvn.ifdemo.com\/vi\/san-pham\/exh-sf-exh-s\/\" \/>\n<meta property=\"og:site_name\" content=\"Goldbell\" \/>\n<meta property=\"article:modified_time\" content=\"2026-04-02T03:21:31+00:00\" \/>\n<meta property=\"og:image\" content=\"https:\/\/goldbellvn.ifdemo.com\/wp-content\/uploads\/2026\/04\/STILL_Produkt_EXH-SF_16-20C_Galerie_Seitenbuegel_Trog72_Li-Ion_4K-e1775100078112.jpg\" \/>\n\t<meta property=\"og:image:width\" content=\"904\" \/>\n\t<meta property=\"og:image:height\" content=\"844\" \/>\n\t<meta property=\"og:image:type\" content=\"image\/jpeg\" \/>\n<meta name=\"twitter:card\" content=\"summary_large_image\" \/>\n<meta name=\"twitter:label1\" content=\"\u01af\u1edbc t\u00ednh th\u1eddi gian \u0111\u1ecdc\" \/>\n\t<meta name=\"twitter:data1\" content=\"3 ph\u00fat\" \/>\n<script type=\"application\/ld+json\" class=\"yoast-schema-graph\">{\"@context\":\"https:\/\/schema.org\",\"@graph\":[{\"@type\":\"WebPage\",\"@id\":\"https:\/\/goldbellvn.ifdemo.com\/product\/exh-sf-exh-s\/\",\"url\":\"https:\/\/goldbellvn.ifdemo.com\/product\/exh-sf-exh-s\/\",\"name\":\"EXH-SF\/EXH-S - Goldbell\",\"isPartOf\":{\"@id\":\"https:\/\/goldbellvn.ifdemo.com\/#website\"},\"primaryImageOfPage\":{\"@id\":\"https:\/\/goldbellvn.ifdemo.com\/product\/exh-sf-exh-s\/#primaryimage\"},\"image\":{\"@id\":\"https:\/\/goldbellvn.ifdemo.com\/product\/exh-sf-exh-s\/#primaryimage\"},\"thumbnailUrl\":\"https:\/\/goldbellvn.ifdemo.com\/wp-content\/uploads\/2026\/04\/STILL_Produkt_EXH-SF_16-20C_Galerie_Seitenbuegel_Trog72_Li-Ion_4K-e1775100078112.jpg\",\"datePublished\":\"2026-04-01T05:00:49+00:00\",\"dateModified\":\"2026-04-02T03:21:31+00:00\",\"breadcrumb\":{\"@id\":\"https:\/\/goldbellvn.ifdemo.com\/product\/exh-sf-exh-s\/#breadcrumb\"},\"inLanguage\":\"vi\",\"potentialAction\":[{\"@type\":\"ReadAction\",\"target\":[\"https:\/\/goldbellvn.ifdemo.com\/product\/exh-sf-exh-s\/\"]}]},{\"@type\":\"ImageObject\",\"inLanguage\":\"vi\",\"@id\":\"https:\/\/goldbellvn.ifdemo.com\/product\/exh-sf-exh-s\/#primaryimage\",\"url\":\"https:\/\/goldbellvn.ifdemo.com\/wp-content\/uploads\/2026\/04\/STILL_Produkt_EXH-SF_16-20C_Galerie_Seitenbuegel_Trog72_Li-Ion_4K-e1775100078112.jpg\",\"contentUrl\":\"https:\/\/goldbellvn.ifdemo.com\/wp-content\/uploads\/2026\/04\/STILL_Produkt_EXH-SF_16-20C_Galerie_Seitenbuegel_Trog72_Li-Ion_4K-e1775100078112.jpg\",\"width\":904,\"height\":844},{\"@type\":\"BreadcrumbList\",\"@id\":\"https:\/\/goldbellvn.ifdemo.com\/product\/exh-sf-exh-s\/#breadcrumb\",\"itemListElement\":[{\"@type\":\"ListItem\",\"position\":1,\"name\":\"Home\",\"item\":\"https:\/\/goldbellvn.ifdemo.com\/\"},{\"@type\":\"ListItem\",\"position\":2,\"name\":\"Products\",\"item\":\"https:\/\/goldbellvn.ifdemo.com\/shop\/\"},{\"@type\":\"ListItem\",\"position\":3,\"name\":\"EXH-SF\/EXH-S\"}]},{\"@type\":\"WebSite\",\"@id\":\"https:\/\/goldbellvn.ifdemo.com\/#website\",\"url\":\"https:\/\/goldbellvn.ifdemo.com\/\",\"name\":\"Goldbell\",\"description\":\"\",\"publisher\":{\"@id\":\"https:\/\/goldbellvn.ifdemo.com\/#organization\"},\"potentialAction\":[{\"@type\":\"SearchAction\",\"target\":{\"@type\":\"EntryPoint\",\"urlTemplate\":\"https:\/\/goldbellvn.ifdemo.com\/?s={search_term_string}\"},\"query-input\":{\"@type\":\"PropertyValueSpecification\",\"valueRequired\":true,\"valueName\":\"search_term_string\"}}],\"inLanguage\":\"vi\"},{\"@type\":\"Organization\",\"@id\":\"https:\/\/goldbellvn.ifdemo.com\/#organization\",\"name\":\"Goldbell\",\"url\":\"https:\/\/goldbellvn.ifdemo.com\/\",\"logo\":{\"@type\":\"ImageObject\",\"inLanguage\":\"vi\",\"@id\":\"https:\/\/goldbellvn.ifdemo.com\/#\/schema\/logo\/image\/\",\"url\":\"https:\/\/goldbellvn.ifdemo.com\/wp-content\/uploads\/2025\/09\/logo.svg\",\"contentUrl\":\"https:\/\/goldbellvn.ifdemo.com\/wp-content\/uploads\/2025\/09\/logo.svg\",\"width\":18,\"height\":23,\"caption\":\"Goldbell\"},\"image\":{\"@id\":\"https:\/\/goldbellvn.ifdemo.com\/#\/schema\/logo\/image\/\"}}]}<\/script>\n<!-- \/ Yoast SEO Premium plugin. -->","yoast_head_json":{"title":"EXH-SF\/EXH-S - Goldbell","robots":{"index":"noindex","follow":"follow","max-snippet":"max-snippet:-1","max-image-preview":"max-image-preview:large","max-video-preview":"max-video-preview:-1"},"og_locale":"vi_VN","og_type":"article","og_title":"EXH-SF\/EXH-S","og_description":"Product Overview The STILL stand-on electric pallet trucks EXH-SF and EXH-S series are designed for high-performance horizontal transport in modern warehouse and intralogistics environments. With load capacities of up to 2,500 kg and travel speeds of up to 14 km\/h, these trucks deliver exceptional efficiency in demanding operations. Developed by STILL GmbH, the EXH-SF (folding [&hellip;]","og_url":"https:\/\/goldbellvn.ifdemo.com\/vi\/san-pham\/exh-sf-exh-s\/","og_site_name":"Goldbell","article_modified_time":"2026-04-02T03:21:31+00:00","og_image":[{"width":904,"height":844,"url":"https:\/\/goldbellvn.ifdemo.com\/wp-content\/uploads\/2026\/04\/STILL_Produkt_EXH-SF_16-20C_Galerie_Seitenbuegel_Trog72_Li-Ion_4K-e1775100078112.jpg","type":"image\/jpeg"}],"twitter_card":"summary_large_image","twitter_misc":{"\u01af\u1edbc t\u00ednh th\u1eddi gian \u0111\u1ecdc":"3 ph\u00fat"},"schema":{"@context":"https:\/\/schema.org","@graph":[{"@type":"WebPage","@id":"https:\/\/goldbellvn.ifdemo.com\/product\/exh-sf-exh-s\/","url":"https:\/\/goldbellvn.ifdemo.com\/product\/exh-sf-exh-s\/","name":"EXH-SF\/EXH-S - Goldbell","isPartOf":{"@id":"https:\/\/goldbellvn.ifdemo.com\/#website"},"primaryImageOfPage":{"@id":"https:\/\/goldbellvn.ifdemo.com\/product\/exh-sf-exh-s\/#primaryimage"},"image":{"@id":"https:\/\/goldbellvn.ifdemo.com\/product\/exh-sf-exh-s\/#primaryimage"},"thumbnailUrl":"https:\/\/goldbellvn.ifdemo.com\/wp-content\/uploads\/2026\/04\/STILL_Produkt_EXH-SF_16-20C_Galerie_Seitenbuegel_Trog72_Li-Ion_4K-e1775100078112.jpg","datePublished":"2026-04-01T05:00:49+00:00","dateModified":"2026-04-02T03:21:31+00:00","breadcrumb":{"@id":"https:\/\/goldbellvn.ifdemo.com\/product\/exh-sf-exh-s\/#breadcrumb"},"inLanguage":"vi","potentialAction":[{"@type":"ReadAction","target":["https:\/\/goldbellvn.ifdemo.com\/product\/exh-sf-exh-s\/"]}]},{"@type":"ImageObject","inLanguage":"vi","@id":"https:\/\/goldbellvn.ifdemo.com\/product\/exh-sf-exh-s\/#primaryimage","url":"https:\/\/goldbellvn.ifdemo.com\/wp-content\/uploads\/2026\/04\/STILL_Produkt_EXH-SF_16-20C_Galerie_Seitenbuegel_Trog72_Li-Ion_4K-e1775100078112.jpg","contentUrl":"https:\/\/goldbellvn.ifdemo.com\/wp-content\/uploads\/2026\/04\/STILL_Produkt_EXH-SF_16-20C_Galerie_Seitenbuegel_Trog72_Li-Ion_4K-e1775100078112.jpg","width":904,"height":844},{"@type":"BreadcrumbList","@id":"https:\/\/goldbellvn.ifdemo.com\/product\/exh-sf-exh-s\/#breadcrumb","itemListElement":[{"@type":"ListItem","position":1,"name":"Home","item":"https:\/\/goldbellvn.ifdemo.com\/"},{"@type":"ListItem","position":2,"name":"Products","item":"https:\/\/goldbellvn.ifdemo.com\/shop\/"},{"@type":"ListItem","position":3,"name":"EXH-SF\/EXH-S"}]},{"@type":"WebSite","@id":"https:\/\/goldbellvn.ifdemo.com\/#website","url":"https:\/\/goldbellvn.ifdemo.com\/","name":"Goldbell","description":"","publisher":{"@id":"https:\/\/goldbellvn.ifdemo.com\/#organization"},"potentialAction":[{"@type":"SearchAction","target":{"@type":"EntryPoint","urlTemplate":"https:\/\/goldbellvn.ifdemo.com\/?s={search_term_string}"},"query-input":{"@type":"PropertyValueSpecification","valueRequired":true,"valueName":"search_term_string"}}],"inLanguage":"vi"},{"@type":"Organization","@id":"https:\/\/goldbellvn.ifdemo.com\/#organization","name":"Goldbell","url":"https:\/\/goldbellvn.ifdemo.com\/","logo":{"@type":"ImageObject","inLanguage":"vi","@id":"https:\/\/goldbellvn.ifdemo.com\/#\/schema\/logo\/image\/","url":"https:\/\/goldbellvn.ifdemo.com\/wp-content\/uploads\/2025\/09\/logo.svg","contentUrl":"https:\/\/goldbellvn.ifdemo.com\/wp-content\/uploads\/2025\/09\/logo.svg","width":18,"height":23,"caption":"Goldbell"},"image":{"@id":"https:\/\/goldbellvn.ifdemo.com\/#\/schema\/logo\/image\/"}}]}},"_links":{"self":[{"href":"https:\/\/goldbellvn.ifdemo.com\/vi\/wp-json\/wp\/v2\/product\/3286","targetHints":{"allow":["GET"]}}],"collection":[{"href":"https:\/\/goldbellvn.ifdemo.com\/vi\/wp-json\/wp\/v2\/product"}],"about":[{"href":"https:\/\/goldbellvn.ifdemo.com\/vi\/wp-json\/wp\/v2\/types\/product"}],"wp:featuredmedia":[{"embeddable":true,"href":"https:\/\/goldbellvn.ifdemo.com\/vi\/wp-json\/wp\/v2\/media\/3310"}],"wp:attachment":[{"href":"https:\/\/goldbellvn.ifdemo.com\/vi\/wp-json\/wp\/v2\/media?parent=3286"}],"wp:term":[{"taxonomy":"model-type","embeddable":true,"href":"https:\/\/goldbellvn.ifdemo.com\/vi\/wp-json\/wp\/v2\/model-type?post=3286"},{"taxonomy":"product_brand","embeddable":true,"href":"https:\/\/goldbellvn.ifdemo.com\/vi\/wp-json\/wp\/v2\/product_brand?post=3286"},{"taxonomy":"product_cat","embeddable":true,"href":"https:\/\/goldbellvn.ifdemo.com\/vi\/wp-json\/wp\/v2\/product_cat?post=3286"},{"taxonomy":"product_tag","embeddable":true,"href":"https:\/\/goldbellvn.ifdemo.com\/vi\/wp-json\/wp\/v2\/product_tag?post=3286"}],"curies":[{"name":"wp","href":"https:\/\/api.w.org\/{rel}","templated":true}]}}