{"id":3311,"date":"2026-04-01T12:06:29","date_gmt":"2026-04-01T05:06:29","guid":{"rendered":"https:\/\/goldbell.123websitedev.com\/?post_type=product&#038;p=3311"},"modified":"2026-04-01T12:06:29","modified_gmt":"2026-04-01T05:06:29","slug":"exv-sf-14-20","status":"publish","type":"product","link":"https:\/\/goldbellvn.ifdemo.com\/vi\/san-pham\/exv-sf-14-20\/","title":{"rendered":"EXV-SF 14\u201320"},"content":{"rendered":"<h2 data-section-id=\"1bovg99\" data-start=\"142\" data-end=\"165\"><span role=\"text\"><strong data-start=\"145\" data-end=\"165\">T\u1ed5ng quan s\u1ea3n ph\u1ea9m<\/strong><\/span><\/h2>\n<p data-start=\"167\" data-end=\"528\">STILL EXV-SF 14\u201320 l\u00e0 d\u00f2ng xe n\u00e2ng \u0111i\u1ec7n \u0111\u1ee9ng l\u00e1i hi\u1ec7u su\u1ea5t cao, \u0111\u01b0\u1ee3c thi\u1ebft k\u1ebf cho c\u00e1c ho\u1ea1t \u0111\u1ed9ng kho b\u00e3i c\u01b0\u1eddng \u0111\u1ed9 l\u1edbn, k\u1ebft h\u1ee3p kh\u1ea3 n\u0103ng n\u00e2ng m\u1ea1nh m\u1ebd v\u1edbi h\u1ec7 th\u1ed1ng \u0111i\u1ec1u khi\u1ec3n th\u00f4ng minh v\u00e0 s\u1ef1 tho\u1ea3i m\u00e1i cho ng\u01b0\u1eddi v\u1eadn h\u00e0nh. V\u1edbi chi\u1ec1u cao n\u00e2ng v\u01b0\u1ee3t 6 m\u00e9t v\u00e0 t\u1ea3i tr\u1ecdng l\u00ean \u0111\u1ebfn 2.000 kg, d\u00f2ng EXV-SF r\u1ea5t ph\u00f9 h\u1ee3p cho vi\u1ec7c x\u1ebfp d\u1ee1, v\u1eadn chuy\u1ec3n v\u00e0 \u1ee9ng d\u1ee5ng hai t\u1ea7ng pallet.<\/p>\n<p data-start=\"530\" data-end=\"791\">\u0110\u01b0\u1ee3c ph\u00e1t tri\u1ec3n b\u1edfi <span class=\"hover:entity-accent entity-underline inline cursor-pointer align-baseline\"><span class=\"whitespace-normal\">STILL GmbH<\/span><\/span>, d\u00f2ng EXV-SF s\u1edf h\u1eefu s\u00e0n \u0111\u1ee9ng g\u1eadp, thi\u1ebft k\u1ebf nh\u1ecf g\u1ecdn v\u00e0 c\u00f4ng ngh\u1ec7 pin lithium-ion ti\u00ean ti\u1ebfn, \u0111\u1ea3m b\u1ea3o hi\u1ec7u su\u1ea5t t\u1ed1i \u0111a, t\u00ednh linh ho\u1ea1t cao v\u00e0 an to\u00e0n cho ng\u01b0\u1eddi v\u1eadn h\u00e0nh trong m\u00f4i tr\u01b0\u1eddng logistics n\u1ed9i b\u1ed9 hi\u1ec7n \u0111\u1ea1i.<\/p>\n<p data-start=\"793\" data-end=\"810\">C\u00e1c model g\u1ed3m:<\/p>\n<ul data-start=\"812\" data-end=\"988\">\n<li data-section-id=\"12rtp01\" data-start=\"812\" data-end=\"832\">EXV-SF 14\/Li-Ion<\/li>\n<li data-section-id=\"11bwwbc\" data-start=\"833\" data-end=\"854\">EXV-SF 14i\/Li-Ion<\/li>\n<li data-section-id=\"1a1596d\" data-start=\"855\" data-end=\"877\">EXV-SF 14 D\/Li-Ion<\/li>\n<li data-section-id=\"1qklnrn\" data-start=\"878\" data-end=\"898\">EXV-SF 16\/Li-Ion<\/li>\n<li data-section-id=\"b1ul22\" data-start=\"899\" data-end=\"920\">EXV-SF 16i\/Li-Ion<\/li>\n<li data-section-id=\"17bcp2v\" data-start=\"921\" data-end=\"943\">EXV-SF 16 D\/Li-Ion<\/li>\n<li data-section-id=\"1b1svfd\" data-start=\"944\" data-end=\"957\">EXV-SF 20<\/li>\n<li data-section-id=\"1p04zf4\" data-start=\"958\" data-end=\"972\">EXV-SF 20i<\/li>\n<li data-section-id=\"o89gcd\" data-start=\"973\" data-end=\"988\">EXV-SF 20 D<\/li>\n<\/ul>\n<hr data-start=\"990\" data-end=\"993\" \/>\n<h2 data-section-id=\"1pi78xj\" data-start=\"995\" data-end=\"1025\"><span role=\"text\"><strong data-start=\"998\" data-end=\"1025\">T\u00ednh n\u0103ng &amp; l\u1ee3i \u00edch ch\u00ednh<\/strong><\/span><\/h2>\n<h3 data-section-id=\"1fh46vz\" data-start=\"1027\" data-end=\"1077\"><span role=\"text\"><strong data-start=\"1031\" data-end=\"1077\">1. Hi\u1ec7u su\u1ea5t n\u00e2ng v\u00e0 x\u1eed l\u00fd m\u1ea1nh m\u1ebd<\/strong><\/span><\/h3>\n<ul data-start=\"1079\" data-end=\"1317\">\n<li data-section-id=\"37s30m\" data-start=\"1079\" data-end=\"1115\">T\u1ea3i tr\u1ecdng l\u00ean \u0111\u1ebfn <strong data-start=\"1101\" data-end=\"1113\">2,000 kg<\/strong><\/li>\n<li data-section-id=\"ryx5vn\" data-start=\"1116\" data-end=\"1158\">Chi\u1ec1u cao n\u00e2ng v\u01b0\u1ee3t <strong data-start=\"1144\" data-end=\"1156\">6,000 mm<\/strong><\/li>\n<li data-section-id=\"8sejwn\" data-start=\"1159\" data-end=\"1218\">Kh\u1ea3 n\u0103ng t\u1ea3i d\u01b0 cao, gi\u00fap x\u1ebfp h\u00e0ng \u1edf \u0111\u1ed9 cao hi\u1ec7u qu\u1ea3<\/li>\n<li data-section-id=\"vy9481\" data-start=\"1219\" data-end=\"1282\">Kh\u1ea3 n\u0103ng v\u1eadn chuy\u1ec3n double-deck (2 t\u1ea7ng pallet) gi\u00fap t\u0103ng n\u0103ng su\u1ea5t<\/li>\n<li data-section-id=\"3cbu3t\" data-start=\"1283\" data-end=\"1317\">T\u1ed1c \u0111\u1ed9 di chuy\u1ec3n l\u00ean \u0111\u1ebfn <strong data-start=\"1304\" data-end=\"1315\">10 km\/h<\/strong><\/li>\n<\/ul>\n<hr data-start=\"1319\" data-end=\"1322\" \/>\n<h3 data-section-id=\"12eost\" data-start=\"1324\" data-end=\"1365\"><span role=\"text\"><strong data-start=\"1328\" data-end=\"1365\">2. H\u1ec7 th\u1ed1ng h\u1ed7 tr\u1ee3 th\u00f4ng minh<\/strong><\/span><\/h3>\n<ul data-start=\"1367\" data-end=\"1646\">\n<li data-section-id=\"19wttrm\" data-start=\"1367\" data-end=\"1409\">H\u1ec7 th\u1ed1ng Curve Speed Control gi\u00fap v\u00e0o cua an to\u00e0n<\/li>\n<li data-section-id=\"qrtxvm\" data-start=\"1410\" data-end=\"1473\">T\u00f9y ch\u1ecdn hi\u1ec3n th\u1ecb t\u1ea3i tr\u1ecdng \u0111\u1ec3 \u0111\u1ea3m b\u1ea3o an to\u00e0n khi n\u00e2ng cao<\/li>\n<li data-section-id=\"vqtts2\" data-start=\"1474\" data-end=\"1524\">H\u1ec7 th\u1ed1ng Dynamic Load Control t\u1ed1i \u01b0u hi\u1ec7u su\u1ea5t v\u1eadn h\u00e0nh<\/li>\n<li data-section-id=\"cg8wwf\" data-start=\"1525\" data-end=\"1591\">Van \u0111i\u1ec1u khi\u1ec3n t\u1ef7 l\u1ec7 gi\u00fap n\u00e2ng\/h\u1ea1 m\u01b0\u1ee3t m\u00e0 v\u00e0 ch\u00ednh x\u00e1c<\/li>\n<li data-section-id=\"igwd1r\" data-start=\"1592\" data-end=\"1646\">T\u00f9y ch\u1ecdn c\u1ea7n \u0111i\u1ec1u khi\u1ec3n k\u1ebft h\u1ee3p (combi tiller) t\u0103ng an to\u00e0n<\/li>\n<\/ul>\n<hr data-start=\"1648\" data-end=\"1651\" \/>\n<h3 data-section-id=\"xjcfzg\" data-start=\"1653\" data-end=\"1690\"><span role=\"text\"><strong data-start=\"1657\" data-end=\"1690\">3. C\u00f4ng th\u00e1i h\u1ecdc cho ng\u01b0\u1eddi v\u1eadn h\u00e0nh<\/strong><\/span><\/h3>\n<ul data-start=\"1692\" data-end=\"1993\">\n<li data-section-id=\"1pf3a09\" data-start=\"1692\" data-end=\"1765\">S\u00e0n \u0111\u1ee9ng gi\u1ea3m ch\u1ea5n b\u1eb1ng kh\u00ed n\u00e9n, \u0111i\u1ec1u ch\u1ec9nh theo tr\u1ecdng l\u01b0\u1ee3ng ng\u01b0\u1eddi v\u1eadn h\u00e0nh<\/li>\n<li data-section-id=\"158xfk0\" data-start=\"1766\" data-end=\"1826\">C\u1ea7n \u0111i\u1ec1u khi\u1ec3n c\u00f4ng th\u00e1i h\u1ecdc, ph\u00f9 h\u1ee3p c\u1ea3 tay tr\u00e1i v\u00e0 tay ph\u1ea3i<\/li>\n<li data-section-id=\"1q013j8\" data-start=\"1827\" data-end=\"1874\">V\u1eadn h\u00e0nh \u00eam \u00e1i, gi\u1ea3m rung gi\u00fap gi\u1ea3m m\u1ec7t m\u1ecfi<\/li>\n<li data-section-id=\"felh6y\" data-start=\"1875\" data-end=\"1948\">M\u00e0n h\u00ecnh c\u1ea3m \u1ee9ng t\u00f9y ch\u1ecdn, giao di\u1ec7n tr\u1ef1c quan kh\u00f4ng ph\u1ee5 thu\u1ed9c ng\u00f4n ng\u1eef<\/li>\n<li data-section-id=\"1kc9dz7\" data-start=\"1949\" data-end=\"1993\">Tho\u1ea3i m\u00e1i khi l\u00e0m vi\u1ec7c trong ca d\u00e0i<\/li>\n<\/ul>\n<hr data-start=\"1995\" data-end=\"1998\" \/>\n<h3 data-section-id=\"1crzfwm\" data-start=\"2000\" data-end=\"2032\"><span role=\"text\"><strong data-start=\"2004\" data-end=\"2032\">4. Ti\u00eau chu\u1ea9n an to\u00e0n cao<\/strong><\/span><\/h3>\n<ul data-start=\"2034\" data-end=\"2292\">\n<li data-section-id=\"airoml\" data-start=\"2034\" data-end=\"2076\">T\u1ea7m nh\u00ecn t\u1ed1t t\u1edbi c\u00e0ng n\u00e2ng v\u00e0 t\u1ea3i h\u00e0ng<\/li>\n<li data-section-id=\"gwwijc\" data-start=\"2077\" data-end=\"2121\">T\u1ef1 \u0111\u1ed9ng gi\u1ea3m t\u1ed1c khi v\u00e0o cua<\/li>\n<li data-section-id=\"hod9ph\" data-start=\"2122\" data-end=\"2180\">Khung g\u1ea7m \u1ed5n \u0111\u1ecbnh v\u00e0 tay b\u1ea3o v\u1ec7 ng\u01b0\u1eddi v\u1eadn h\u00e0nh<\/li>\n<li data-section-id=\"1trwcpm\" data-start=\"2181\" data-end=\"2226\">T\u00f9y ch\u1ecdn t\u1ef1a l\u01b0ng h\u00e0ng v\u00e0 h\u1ec7 th\u1ed1ng an to\u00e0n b\u1ed5 sung<\/li>\n<li data-section-id=\"7g565q\" data-start=\"2227\" data-end=\"2292\">V\u1eadn h\u00e0nh an to\u00e0n trong l\u1ed1i \u0111i h\u1eb9p v\u00e0 khi n\u00e2ng cao<\/li>\n<\/ul>\n<hr data-start=\"2294\" data-end=\"2297\" \/>\n<h3 data-section-id=\"1u9n7sn\" data-start=\"2299\" data-end=\"2339\"><span role=\"text\"><strong data-start=\"2303\" data-end=\"2339\">5. Thi\u1ebft k\u1ebf nh\u1ecf g\u1ecdn &amp; linh ho\u1ea1t<\/strong><\/span><\/h3>\n<ul data-start=\"2341\" data-end=\"2556\">\n<li data-section-id=\"1eoptaq\" data-start=\"2341\" data-end=\"2396\">K\u00edch th\u01b0\u1edbc nh\u1ecf g\u1ecdn ph\u00f9 h\u1ee3p kho h\u1eb9p<\/li>\n<li data-section-id=\"fxdrlr\" data-start=\"2397\" data-end=\"2439\">B\u00e1n k\u00ednh quay nh\u1ecf, ph\u00f9 h\u1ee3p l\u1ed1i \u0111i h\u1eb9p<\/li>\n<li data-section-id=\"rpw1kw\" data-start=\"2440\" data-end=\"2507\">S\u00e0n g\u1eadp linh ho\u1ea1t (c\u00f3 th\u1ec3 \u0111\u1ee9ng l\u00e1i ho\u1eb7c \u0111i b\u1ed9)<\/li>\n<li data-section-id=\"eanzp9\" data-start=\"2508\" data-end=\"2556\">D\u1ec5 \u0111i\u1ec1u khi\u1ec3n trong kh\u00f4ng gian h\u1ea1n ch\u1ebf<\/li>\n<\/ul>\n<hr data-start=\"2558\" data-end=\"2561\" \/>\n<h3 data-section-id=\"1tcb89o\" data-start=\"2563\" data-end=\"2606\"><span role=\"text\"><strong data-start=\"2567\" data-end=\"2606\">6. Hi\u1ec7u qu\u1ea3 n\u0103ng l\u01b0\u1ee3ng &amp; kh\u1ea3 n\u0103ng s\u1eb5n s\u00e0ng v\u1eadn h\u00e0nh<\/strong><\/span><\/h3>\n<ul data-start=\"2608\" data-end=\"2881\">\n<li data-section-id=\"5ttvx2\" data-start=\"2608\" data-end=\"2665\">T\u00f9y ch\u1ecdn pin lithium-ion s\u1ea1c nhanh<\/li>\n<li data-section-id=\"bwznk6\" data-start=\"2666\" data-end=\"2718\">Dung l\u01b0\u1ee3ng pin l\u1edbn, ph\u00f9 h\u1ee3p v\u1eadn h\u00e0nh nhi\u1ec1u ca<\/li>\n<li data-section-id=\"fqy89l\" data-start=\"2719\" data-end=\"2784\">H\u1ec7 th\u1ed1ng thay pin nhanh v\u00e0 an to\u00e0n (bao g\u1ed3m thay pin ngang)<\/li>\n<li data-section-id=\"1npc3km\" data-start=\"2785\" data-end=\"2841\">Ch\u1ebf \u0111\u1ed9 ti\u1ebft ki\u1ec7m n\u0103ng l\u01b0\u1ee3ng Blue-Q<\/li>\n<li data-section-id=\"1fs9fl5\" data-start=\"2842\" data-end=\"2881\">C\u00f4ng ngh\u1ec7 \u0111\u1ed9ng c\u01a1 AC \u00edt b\u1ea3o tr\u00ec<\/li>\n<\/ul>\n<hr data-start=\"2883\" data-end=\"2886\" \/>\n<h3 data-section-id=\"1ih0a5i\" data-start=\"2888\" data-end=\"2935\"><span role=\"text\"><strong data-start=\"2892\" data-end=\"2935\">7. Linh ho\u1ea1t \u1ee9ng d\u1ee5ng &amp; c\u1ea5u h\u00ecnh<\/strong><\/span><\/h3>\n<ul data-start=\"2937\" data-end=\"3227\">\n<li data-section-id=\"xh2x5v\" data-start=\"2937\" data-end=\"2993\">Nhi\u1ec1u l\u1ef1a ch\u1ecdn c\u1ed9t n\u00e2ng: telescopic, HiLo, triplex<\/li>\n<li data-section-id=\"10yw4bx\" data-start=\"2994\" data-end=\"3050\">Nhi\u1ec1u c\u1ea5u h\u00ecnh c\u00e0ng n\u00e2ng cho c\u00e1c lo\u1ea1i h\u00e0ng kh\u00e1c nhau<\/li>\n<li data-section-id=\"3u8dxw\" data-start=\"3051\" data-end=\"3109\">Ph\u00f9 h\u1ee3p v\u1eadn chuy\u1ec3n v\u00e0 x\u1ebfp h\u00e0ng double-deck<\/li>\n<li data-section-id=\"x5tjix\" data-start=\"3110\" data-end=\"3165\">T\u00edch h\u1ee3p h\u1ec7 th\u1ed1ng qu\u1ea3n l\u00fd \u0111\u1ed9i xe FleetManager 4.x<\/li>\n<li data-section-id=\"a9xdtv\" data-start=\"3166\" data-end=\"3227\">C\u00f3 th\u1ec3 t\u00f9y ch\u1ec9nh theo nhu c\u1ea7u kho v\u1eadn kh\u00e1c nhau<\/li>\n<\/ul>\n<hr data-start=\"3229\" data-end=\"3232\" \/>\n<h2 data-section-id=\"k0zlak\" data-start=\"3234\" data-end=\"3253\"><span role=\"text\"><strong data-start=\"3237\" data-end=\"3253\">\u1ee8ng d\u1ee5ng<\/strong><\/span><\/h2>\n<p data-start=\"3255\" data-end=\"3301\">STILL EXV-SF 14\u201320 stackers ph\u00f9 h\u1ee3p l\u00fd t\u01b0\u1edfng cho:<\/p>\n<h3 data-section-id=\"1fwotl8\" data-start=\"3303\" data-end=\"3335\"><span role=\"text\"><strong data-start=\"3307\" data-end=\"3335\">1. Kho k\u1ec7 cao<\/strong><\/span><\/h3>\n<ul data-start=\"3337\" data-end=\"3424\">\n<li data-section-id=\"8sahpr\" data-start=\"3337\" data-end=\"3380\">X\u1ebfp h\u00e0ng \u1edf \u0111\u1ed9 cao tr\u00ean 6 m\u00e9t<\/li>\n<li data-section-id=\"1ch3edw\" data-start=\"3381\" data-end=\"3424\">T\u1ed1i \u01b0u h\u00f3a kh\u00f4ng gian l\u01b0u tr\u1eef theo chi\u1ec1u d\u1ecdc<\/li>\n<\/ul>\n<hr data-start=\"3426\" data-end=\"3429\" \/>\n<h3 data-section-id=\"1hcej1s\" data-start=\"3431\" data-end=\"3476\"><span role=\"text\"><strong data-start=\"3435\" data-end=\"3476\">2. Logistics &amp; ph\u00e2n ph\u1ed1i kho b\u00e3i<\/strong><\/span><\/h3>\n<ul data-start=\"3478\" data-end=\"3590\">\n<li data-section-id=\"121ygd\" data-start=\"3478\" data-end=\"3544\">V\u1eadn chuy\u1ec3n v\u00e0 x\u1ebfp d\u1ee1 trong kho c\u00f3 l\u01b0u l\u01b0\u1ee3ng trung b\u00ecnh \u0111\u1ebfn cao<\/li>\n<li data-section-id=\"r34nb9\" data-start=\"3545\" data-end=\"3590\">X\u1eed l\u00fd h\u00e0ng pallet trong l\u1ed1i \u0111i h\u1eb9p<\/li>\n<\/ul>\n<hr data-start=\"3592\" data-end=\"3595\" \/>\n<h3 data-section-id=\"1wr1h9l\" data-start=\"3597\" data-end=\"3629\"><span role=\"text\"><strong data-start=\"3601\" data-end=\"3629\">3. V\u1eadn chuy\u1ec3n hai t\u1ea7ng<\/strong><\/span><\/h3>\n<ul data-start=\"3631\" data-end=\"3713\">\n<li data-section-id=\"1tfdvdu\" data-start=\"3631\" data-end=\"3670\">V\u1eadn chuy\u1ec3n \u0111\u1ed3ng th\u1eddi 2 pallet<\/li>\n<li data-section-id=\"1nn28x7\" data-start=\"3671\" data-end=\"3713\">T\u0103ng hi\u1ec7u su\u1ea5t di chuy\u1ec3n h\u00e0ng h\u00f3a<\/li>\n<\/ul>\n<hr data-start=\"3715\" data-end=\"3718\" \/>\n<h3 data-section-id=\"1mnneyf\" data-start=\"3720\" data-end=\"3767\"><span role=\"text\"><strong data-start=\"3724\" data-end=\"3767\">4. S\u1ea3n xu\u1ea5t &amp; c\u00f4ng nghi\u1ec7p<\/strong><\/span><\/h3>\n<ul data-start=\"3769\" data-end=\"3863\">\n<li data-section-id=\"1lag31r\" data-start=\"3769\" data-end=\"3812\">C\u1ea5p v\u1eadt t\u01b0 cho d\u00e2y chuy\u1ec1n s\u1ea3n xu\u1ea5t<\/li>\n<li data-section-id=\"cz7ly0\" data-start=\"3813\" data-end=\"3863\">H\u1ed7 tr\u1ee3 logistics n\u1ed9i b\u1ed9 trong nh\u00e0 m\u00e1y<\/li>\n<\/ul>","protected":false},"excerpt":{"rendered":"<p>Product Overview The STILL EXV-SF 14\u201320 is a high-performance electric stand-on stacker designed for intensive warehouse operations, combining powerful lifting capabilities with intelligent control and ergonomic comfort. With lifting heights exceeding 6 meters and load capacities up to 2,000 kg, the EXV-SF series is ideal for stacking, transport, and double-deck applications. Developed by STILL GmbH, [&hellip;]<\/p>","protected":false},"featured_media":3323,"template":"","meta":{"_acf_changed":false,"inline_featured_image":false},"model-type":[55],"product_brand":[38],"product_cat":[58],"product_tag":[],"class_list":{"0":"post-3311","1":"product","2":"type-product","3":"status-publish","4":"has-post-thumbnail","6":"model-type-stackers","7":"product_brand-still","8":"product_cat-stackers","10":"first","11":"instock","12":"shipping-taxable","13":"product-type-simple"},"acf":[],"yoast_head":"<!-- This site is optimized with the Yoast SEO Premium plugin v25.6 (Yoast SEO v25.6) - https:\/\/yoast.com\/wordpress\/plugins\/seo\/ -->\n<title>EXV-SF 14\u201320 - Goldbell<\/title>\n<meta name=\"robots\" content=\"noindex, follow, max-snippet:-1, max-image-preview:large, max-video-preview:-1\" \/>\n<meta property=\"og:locale\" content=\"vi_VN\" \/>\n<meta property=\"og:type\" content=\"article\" \/>\n<meta property=\"og:title\" content=\"EXV-SF 14\u201320\" \/>\n<meta property=\"og:description\" content=\"Product Overview The STILL EXV-SF 14\u201320 is a high-performance electric stand-on stacker designed for intensive warehouse operations, combining powerful lifting capabilities with intelligent control and ergonomic comfort. With lifting heights exceeding 6 meters and load capacities up to 2,000 kg, the EXV-SF series is ideal for stacking, transport, and double-deck applications. Developed by STILL GmbH, [&hellip;]\" \/>\n<meta property=\"og:url\" content=\"https:\/\/goldbellvn.ifdemo.com\/vi\/san-pham\/exv-sf-14-20\/\" \/>\n<meta property=\"og:site_name\" content=\"Goldbell\" \/>\n<meta property=\"og:image\" content=\"https:\/\/goldbellvn.ifdemo.com\/wp-content\/uploads\/2026\/04\/STILL_Produktbilder_EXV-SF.webp\" \/>\n\t<meta property=\"og:image:width\" content=\"800\" \/>\n\t<meta property=\"og:image:height\" content=\"800\" \/>\n\t<meta property=\"og:image:type\" content=\"image\/webp\" \/>\n<meta name=\"twitter:card\" content=\"summary_large_image\" \/>\n<meta name=\"twitter:label1\" content=\"\u01af\u1edbc t\u00ednh th\u1eddi gian \u0111\u1ecdc\" \/>\n\t<meta name=\"twitter:data1\" content=\"3 ph\u00fat\" \/>\n<script type=\"application\/ld+json\" class=\"yoast-schema-graph\">{\"@context\":\"https:\/\/schema.org\",\"@graph\":[{\"@type\":\"WebPage\",\"@id\":\"https:\/\/goldbellvn.ifdemo.com\/product\/exv-sf-14-20\/\",\"url\":\"https:\/\/goldbellvn.ifdemo.com\/product\/exv-sf-14-20\/\",\"name\":\"EXV-SF 14\u201320 - Goldbell\",\"isPartOf\":{\"@id\":\"https:\/\/goldbellvn.ifdemo.com\/#website\"},\"primaryImageOfPage\":{\"@id\":\"https:\/\/goldbellvn.ifdemo.com\/product\/exv-sf-14-20\/#primaryimage\"},\"image\":{\"@id\":\"https:\/\/goldbellvn.ifdemo.com\/product\/exv-sf-14-20\/#primaryimage\"},\"thumbnailUrl\":\"https:\/\/goldbellvn.ifdemo.com\/wp-content\/uploads\/2026\/04\/STILL_Produktbilder_EXV-SF.webp\",\"datePublished\":\"2026-04-01T05:06:29+00:00\",\"breadcrumb\":{\"@id\":\"https:\/\/goldbellvn.ifdemo.com\/product\/exv-sf-14-20\/#breadcrumb\"},\"inLanguage\":\"vi\",\"potentialAction\":[{\"@type\":\"ReadAction\",\"target\":[\"https:\/\/goldbellvn.ifdemo.com\/product\/exv-sf-14-20\/\"]}]},{\"@type\":\"ImageObject\",\"inLanguage\":\"vi\",\"@id\":\"https:\/\/goldbellvn.ifdemo.com\/product\/exv-sf-14-20\/#primaryimage\",\"url\":\"https:\/\/goldbellvn.ifdemo.com\/wp-content\/uploads\/2026\/04\/STILL_Produktbilder_EXV-SF.webp\",\"contentUrl\":\"https:\/\/goldbellvn.ifdemo.com\/wp-content\/uploads\/2026\/04\/STILL_Produktbilder_EXV-SF.webp\",\"width\":800,\"height\":800},{\"@type\":\"BreadcrumbList\",\"@id\":\"https:\/\/goldbellvn.ifdemo.com\/product\/exv-sf-14-20\/#breadcrumb\",\"itemListElement\":[{\"@type\":\"ListItem\",\"position\":1,\"name\":\"Home\",\"item\":\"https:\/\/goldbellvn.ifdemo.com\/\"},{\"@type\":\"ListItem\",\"position\":2,\"name\":\"Products\",\"item\":\"https:\/\/goldbellvn.ifdemo.com\/shop\/\"},{\"@type\":\"ListItem\",\"position\":3,\"name\":\"EXV-SF 14\u201320\"}]},{\"@type\":\"WebSite\",\"@id\":\"https:\/\/goldbellvn.ifdemo.com\/#website\",\"url\":\"https:\/\/goldbellvn.ifdemo.com\/\",\"name\":\"Goldbell\",\"description\":\"\",\"publisher\":{\"@id\":\"https:\/\/goldbellvn.ifdemo.com\/#organization\"},\"potentialAction\":[{\"@type\":\"SearchAction\",\"target\":{\"@type\":\"EntryPoint\",\"urlTemplate\":\"https:\/\/goldbellvn.ifdemo.com\/?s={search_term_string}\"},\"query-input\":{\"@type\":\"PropertyValueSpecification\",\"valueRequired\":true,\"valueName\":\"search_term_string\"}}],\"inLanguage\":\"vi\"},{\"@type\":\"Organization\",\"@id\":\"https:\/\/goldbellvn.ifdemo.com\/#organization\",\"name\":\"Goldbell\",\"url\":\"https:\/\/goldbellvn.ifdemo.com\/\",\"logo\":{\"@type\":\"ImageObject\",\"inLanguage\":\"vi\",\"@id\":\"https:\/\/goldbellvn.ifdemo.com\/#\/schema\/logo\/image\/\",\"url\":\"https:\/\/goldbellvn.ifdemo.com\/wp-content\/uploads\/2025\/09\/logo.svg\",\"contentUrl\":\"https:\/\/goldbellvn.ifdemo.com\/wp-content\/uploads\/2025\/09\/logo.svg\",\"width\":18,\"height\":23,\"caption\":\"Goldbell\"},\"image\":{\"@id\":\"https:\/\/goldbellvn.ifdemo.com\/#\/schema\/logo\/image\/\"}}]}<\/script>\n<!-- \/ Yoast SEO Premium plugin. -->","yoast_head_json":{"title":"EXV-SF 14\u201320 - Goldbell","robots":{"index":"noindex","follow":"follow","max-snippet":"max-snippet:-1","max-image-preview":"max-image-preview:large","max-video-preview":"max-video-preview:-1"},"og_locale":"vi_VN","og_type":"article","og_title":"EXV-SF 14\u201320","og_description":"Product Overview The STILL EXV-SF 14\u201320 is a high-performance electric stand-on stacker designed for intensive warehouse operations, combining powerful lifting capabilities with intelligent control and ergonomic comfort. With lifting heights exceeding 6 meters and load capacities up to 2,000 kg, the EXV-SF series is ideal for stacking, transport, and double-deck applications. Developed by STILL GmbH, [&hellip;]","og_url":"https:\/\/goldbellvn.ifdemo.com\/vi\/san-pham\/exv-sf-14-20\/","og_site_name":"Goldbell","og_image":[{"width":800,"height":800,"url":"https:\/\/goldbellvn.ifdemo.com\/wp-content\/uploads\/2026\/04\/STILL_Produktbilder_EXV-SF.webp","type":"image\/webp"}],"twitter_card":"summary_large_image","twitter_misc":{"\u01af\u1edbc t\u00ednh th\u1eddi gian \u0111\u1ecdc":"3 ph\u00fat"},"schema":{"@context":"https:\/\/schema.org","@graph":[{"@type":"WebPage","@id":"https:\/\/goldbellvn.ifdemo.com\/product\/exv-sf-14-20\/","url":"https:\/\/goldbellvn.ifdemo.com\/product\/exv-sf-14-20\/","name":"EXV-SF 14\u201320 - Goldbell","isPartOf":{"@id":"https:\/\/goldbellvn.ifdemo.com\/#website"},"primaryImageOfPage":{"@id":"https:\/\/goldbellvn.ifdemo.com\/product\/exv-sf-14-20\/#primaryimage"},"image":{"@id":"https:\/\/goldbellvn.ifdemo.com\/product\/exv-sf-14-20\/#primaryimage"},"thumbnailUrl":"https:\/\/goldbellvn.ifdemo.com\/wp-content\/uploads\/2026\/04\/STILL_Produktbilder_EXV-SF.webp","datePublished":"2026-04-01T05:06:29+00:00","breadcrumb":{"@id":"https:\/\/goldbellvn.ifdemo.com\/product\/exv-sf-14-20\/#breadcrumb"},"inLanguage":"vi","potentialAction":[{"@type":"ReadAction","target":["https:\/\/goldbellvn.ifdemo.com\/product\/exv-sf-14-20\/"]}]},{"@type":"ImageObject","inLanguage":"vi","@id":"https:\/\/goldbellvn.ifdemo.com\/product\/exv-sf-14-20\/#primaryimage","url":"https:\/\/goldbellvn.ifdemo.com\/wp-content\/uploads\/2026\/04\/STILL_Produktbilder_EXV-SF.webp","contentUrl":"https:\/\/goldbellvn.ifdemo.com\/wp-content\/uploads\/2026\/04\/STILL_Produktbilder_EXV-SF.webp","width":800,"height":800},{"@type":"BreadcrumbList","@id":"https:\/\/goldbellvn.ifdemo.com\/product\/exv-sf-14-20\/#breadcrumb","itemListElement":[{"@type":"ListItem","position":1,"name":"Home","item":"https:\/\/goldbellvn.ifdemo.com\/"},{"@type":"ListItem","position":2,"name":"Products","item":"https:\/\/goldbellvn.ifdemo.com\/shop\/"},{"@type":"ListItem","position":3,"name":"EXV-SF 14\u201320"}]},{"@type":"WebSite","@id":"https:\/\/goldbellvn.ifdemo.com\/#website","url":"https:\/\/goldbellvn.ifdemo.com\/","name":"Goldbell","description":"","publisher":{"@id":"https:\/\/goldbellvn.ifdemo.com\/#organization"},"potentialAction":[{"@type":"SearchAction","target":{"@type":"EntryPoint","urlTemplate":"https:\/\/goldbellvn.ifdemo.com\/?s={search_term_string}"},"query-input":{"@type":"PropertyValueSpecification","valueRequired":true,"valueName":"search_term_string"}}],"inLanguage":"vi"},{"@type":"Organization","@id":"https:\/\/goldbellvn.ifdemo.com\/#organization","name":"Goldbell","url":"https:\/\/goldbellvn.ifdemo.com\/","logo":{"@type":"ImageObject","inLanguage":"vi","@id":"https:\/\/goldbellvn.ifdemo.com\/#\/schema\/logo\/image\/","url":"https:\/\/goldbellvn.ifdemo.com\/wp-content\/uploads\/2025\/09\/logo.svg","contentUrl":"https:\/\/goldbellvn.ifdemo.com\/wp-content\/uploads\/2025\/09\/logo.svg","width":18,"height":23,"caption":"Goldbell"},"image":{"@id":"https:\/\/goldbellvn.ifdemo.com\/#\/schema\/logo\/image\/"}}]}},"_links":{"self":[{"href":"https:\/\/goldbellvn.ifdemo.com\/vi\/wp-json\/wp\/v2\/product\/3311","targetHints":{"allow":["GET"]}}],"collection":[{"href":"https:\/\/goldbellvn.ifdemo.com\/vi\/wp-json\/wp\/v2\/product"}],"about":[{"href":"https:\/\/goldbellvn.ifdemo.com\/vi\/wp-json\/wp\/v2\/types\/product"}],"wp:featuredmedia":[{"embeddable":true,"href":"https:\/\/goldbellvn.ifdemo.com\/vi\/wp-json\/wp\/v2\/media\/3323"}],"wp:attachment":[{"href":"https:\/\/goldbellvn.ifdemo.com\/vi\/wp-json\/wp\/v2\/media?parent=3311"}],"wp:term":[{"taxonomy":"model-type","embeddable":true,"href":"https:\/\/goldbellvn.ifdemo.com\/vi\/wp-json\/wp\/v2\/model-type?post=3311"},{"taxonomy":"product_brand","embeddable":true,"href":"https:\/\/goldbellvn.ifdemo.com\/vi\/wp-json\/wp\/v2\/product_brand?post=3311"},{"taxonomy":"product_cat","embeddable":true,"href":"https:\/\/goldbellvn.ifdemo.com\/vi\/wp-json\/wp\/v2\/product_cat?post=3311"},{"taxonomy":"product_tag","embeddable":true,"href":"https:\/\/goldbellvn.ifdemo.com\/vi\/wp-json\/wp\/v2\/product_tag?post=3311"}],"curies":[{"name":"wp","href":"https:\/\/api.w.org\/{rel}","templated":true}]}}