{"id":3312,"date":"2026-04-01T12:09:07","date_gmt":"2026-04-01T05:09:07","guid":{"rendered":"https:\/\/goldbell.123websitedev.com\/?post_type=product&#038;p=3312"},"modified":"2026-04-01T12:30:39","modified_gmt":"2026-04-01T05:30:39","slug":"ltx-20-ltx-50","status":"publish","type":"product","link":"https:\/\/goldbellvn.ifdemo.com\/vi\/san-pham\/ltx-20-ltx-50\/","title":{"rendered":"LTX 20 &#038; LTX 50"},"content":{"rendered":"<h2 data-section-id=\"1bovg99\" data-start=\"156\" data-end=\"179\"><span role=\"text\"><strong data-start=\"159\" data-end=\"179\">T\u1ed5ng quan s\u1ea3n ph\u1ea9m<\/strong><\/span><\/h2>\n<p data-start=\"181\" data-end=\"524\">D\u00f2ng STILL LTX l\u00e0 m\u1ed9t lo\u1ea1t xe k\u00e9o \u0111i\u1ec7n \u0111\u1ee9ng l\u00e1i m\u1ea1nh m\u1ebd, \u0111\u01b0\u1ee3c thi\u1ebft k\u1ebf cho vi\u1ec7c v\u1eadn chuy\u1ec3n ngang hi\u1ec7u qu\u1ea3 v\u00e0 v\u1eadn h\u00e0nh \u0111o\u00e0n xe k\u00e9o (tugger train) trong m\u00f4i tr\u01b0\u1eddng c\u00f4ng nghi\u1ec7p v\u00e0 logistics. V\u1edbi t\u1ea3i tr\u1ecdng k\u00e9o t\u1eeb 2.000 kg \u0111\u1ebfn 5.000 kg, d\u00f2ng LTX r\u1ea5t ph\u00f9 h\u1ee3p cho c\u1ea5p li\u1ec7u s\u1ea3n xu\u1ea5t, logistics kho b\u00e3i v\u00e0 v\u1eadn chuy\u1ec3n qu\u00e3ng \u0111\u01b0\u1eddng d\u00e0i.<\/p>\n<p data-start=\"526\" data-end=\"816\">\u0110\u01b0\u1ee3c ph\u00e1t tri\u1ec3n b\u1edfi <span class=\"hover:entity-accent entity-underline inline cursor-pointer align-baseline\"><span class=\"whitespace-normal\">STILL GmbH<\/span><\/span>, LTX 20 v\u00e0 LTX 50 k\u1ebft h\u1ee3p thi\u1ebft k\u1ebf nh\u1ecf g\u1ecdn, kh\u1ea3 n\u0103ng c\u01a1 \u0111\u1ed9ng cao v\u00e0 c\u00f4ng th\u00e1i h\u1ecdc ti\u00ean ti\u1ebfn. D\u00f2ng s\u1ea3n ph\u1ea9m n\u00e0y c\u0169ng bao g\u1ed3m h\u1ec7 th\u1ed1ng LTX 50 iGo, mang \u0111\u1ebfn gi\u1ea3i ph\u00e1p v\u1eadn chuy\u1ec3n t\u1ef1 \u0111\u1ed9ng cho c\u00e1c nh\u00e0 m\u00e1y th\u00f4ng minh hi\u1ec7n \u0111\u1ea1i v\u00e0 m\u00f4i tr\u01b0\u1eddng C\u00f4ng nghi\u1ec7p 4.0.<\/p>\n<p data-start=\"818\" data-end=\"835\">C\u00e1c model g\u1ed3m:<\/p>\n<ul data-start=\"837\" data-end=\"888\">\n<li data-section-id=\"135hh56\" data-start=\"837\" data-end=\"847\">LTX 20<\/li>\n<li data-section-id=\"188qpnm\" data-start=\"848\" data-end=\"865\">LTX 50\/Li-Ion<\/li>\n<li data-section-id=\"1bq7v3u\" data-start=\"866\" data-end=\"888\">LTX 50 iGo systems<\/li>\n<\/ul>\n<hr data-start=\"890\" data-end=\"893\" \/>\n<h2 data-section-id=\"1pi78xj\" data-start=\"895\" data-end=\"925\"><span role=\"text\"><strong data-start=\"898\" data-end=\"925\">T\u00ednh n\u0103ng &amp; l\u1ee3i \u00edch ch\u00ednh<\/strong><\/span><\/h2>\n<h3 data-section-id=\"ikwkel\" data-start=\"927\" data-end=\"965\"><span role=\"text\"><strong data-start=\"931\" data-end=\"965\">1. Hi\u1ec7u su\u1ea5t k\u00e9o m\u1ea1nh m\u1ebd<\/strong><\/span><\/h3>\n<ul data-start=\"967\" data-end=\"1198\">\n<li data-section-id=\"1kpi17v\" data-start=\"967\" data-end=\"1005\">T\u1ea3i tr\u1ecdng k\u00e9o l\u00ean \u0111\u1ebfn <strong data-start=\"991\" data-end=\"1003\">5,000 kg<\/strong><\/li>\n<li data-section-id=\"10fk9iy\" data-start=\"1006\" data-end=\"1049\">LTX 20 x\u1eed l\u00fd t\u1ea3i tr\u1ecdng l\u00ean \u0111\u1ebfn <strong data-start=\"1035\" data-end=\"1047\">2,000 kg<\/strong><\/li>\n<li data-section-id=\"wu537e\" data-start=\"1050\" data-end=\"1090\">T\u1ed1c \u0111\u1ed9 t\u1ed1i \u0111a l\u00ean \u0111\u1ebfn <strong data-start=\"1068\" data-end=\"1079\">14 km\/h<\/strong> (LTX 50)<\/li>\n<li data-section-id=\"1auejt7\" data-start=\"1091\" data-end=\"1151\">L\u1ef1c k\u00e9o v\u00e0 kh\u1ea3 n\u0103ng t\u0103ng t\u1ed1c m\u1ea1nh m\u1ebd gi\u00fap v\u1eadn chuy\u1ec3n hi\u1ec7u qu\u1ea3<\/li>\n<li data-section-id=\"7wxvq\" data-start=\"1152\" data-end=\"1198\">Ph\u00f9 h\u1ee3p cho v\u1eadn chuy\u1ec3n n\u1ed9i b\u1ed9 qu\u00e3ng \u0111\u01b0\u1eddng d\u00e0i<\/li>\n<\/ul>\n<hr data-start=\"1200\" data-end=\"1203\" \/>\n<h3 data-section-id=\"1jh6rdu\" data-start=\"1205\" data-end=\"1251\"><span role=\"text\"><strong data-start=\"1209\" data-end=\"1251\">2. H\u1ed7 tr\u1ee3 th\u00f4ng minh &amp; t\u1ef1 \u0111\u1ed9ng h\u00f3a<\/strong><\/span><\/h3>\n<ul data-start=\"1253\" data-end=\"1526\">\n<li data-section-id=\"19wttrm\" data-start=\"1253\" data-end=\"1295\">H\u1ec7 th\u1ed1ng Curve Speed Control gi\u00fap v\u00e0o cua an to\u00e0n<\/li>\n<li data-section-id=\"yi3r5l\" data-start=\"1296\" data-end=\"1347\">Ch\u1ebf \u0111\u1ed9 \u0111i b\u1ed9 t\u00f9y ch\u1ecdn, linh ho\u1ea1t khi v\u1eadn h\u00e0nh<\/li>\n<li data-section-id=\"1b3w5n1\" data-start=\"1348\" data-end=\"1392\">Kh\u1ea3 n\u0103ng \u0111\u00e1nh l\u00e1i ch\u00ednh x\u00e1c v\u00e0 t\u0103ng t\u1ed1c m\u01b0\u1ee3t m\u00e0<\/li>\n<li data-section-id=\"j9jyto\" data-start=\"1393\" data-end=\"1455\">H\u1ec7 th\u1ed1ng LTX 50 iGo v\u1edbi \u0111i\u1ec1u h\u01b0\u1edbng v\u00e0 v\u1eadn chuy\u1ec3n t\u1ef1 \u0111\u1ed9ng<\/li>\n<li data-section-id=\"8i0a7o\" data-start=\"1456\" data-end=\"1526\">C\u1ea3m bi\u1ebfn laser an to\u00e0n t\u00edch h\u1ee3p, b\u1ea3o v\u1ec7 360\u00b0 (iGo systems)<\/li>\n<\/ul>\n<hr data-start=\"1528\" data-end=\"1531\" \/>\n<h3 data-section-id=\"xjcfzg\" data-start=\"1533\" data-end=\"1570\"><span role=\"text\"><strong data-start=\"1537\" data-end=\"1570\">3. C\u00f4ng th\u00e1i h\u1ecdc cho ng\u01b0\u1eddi v\u1eadn h\u00e0nh<\/strong><\/span><\/h3>\n<ul data-start=\"1572\" data-end=\"1832\">\n<li data-section-id=\"1iu0mvv\" data-start=\"1572\" data-end=\"1613\">B\u1eadc l\u00ean xu\u1ed1ng th\u1ea5p, khoang \u0111\u1ec3 ch\u00e2n r\u1ed9ng r\u00e3i<\/li>\n<li data-section-id=\"8kirlg\" data-start=\"1614\" data-end=\"1662\">V\u00f4 l\u0103ng \u0111i\u1ec1u ch\u1ec9nh d\u1ec5 d\u00e0ng<\/li>\n<li data-section-id=\"sfiao3\" data-start=\"1663\" data-end=\"1713\">Gh\u1ebf g\u1eadp t\u00f9y ch\u1ecdn cho h\u00e0nh tr\u00ecnh d\u00e0i<\/li>\n<li data-section-id=\"13pjkcl\" data-start=\"1714\" data-end=\"1767\">S\u00e0n \u0111\u1ee9ng gi\u1ea3m ch\u1ea5n b\u1eb1ng kh\u00ed n\u00e9n (t\u00f9y ch\u1ecdn)<\/li>\n<li data-section-id=\"1vu59me\" data-start=\"1768\" data-end=\"1832\">\u0110i\u1ec1u khi\u1ec3n tr\u1ef1c quan cho c\u1ea3 ng\u01b0\u1eddi thu\u1eadn tay tr\u00e1i v\u00e0 tay ph\u1ea3i<\/li>\n<\/ul>\n<hr data-start=\"1834\" data-end=\"1837\" \/>\n<h3 data-section-id=\"1crzfwm\" data-start=\"1839\" data-end=\"1871\"><span role=\"text\"><strong data-start=\"1843\" data-end=\"1871\">4. Ti\u00eau chu\u1ea9n an to\u00e0n cao<\/strong><\/span><\/h3>\n<ul data-start=\"1873\" data-end=\"2151\">\n<li data-section-id=\"1a93w8b\" data-start=\"1873\" data-end=\"1943\">T\u1ea7m nh\u00ecn t\u1ed1t khu v\u1ef1c m\u00f3c k\u00e9o, h\u1ed7 tr\u1ee3 thao t\u00e1c ch\u00ednh x\u00e1c<\/li>\n<li data-section-id=\"2r4qa7\" data-start=\"1944\" data-end=\"2006\">\u0110\u00e8n ch\u1ea1y ban ng\u00e0y LED v\u00e0 \u0111\u00e8n an to\u00e0n STILL Safety Light (t\u00f9y ch\u1ecdn)<\/li>\n<li data-section-id=\"mvsqph\" data-start=\"2007\" data-end=\"2054\">H\u1ec7 th\u1ed1ng ch\u1ed1ng va ch\u1ea1m (iGo systems)<\/li>\n<li data-section-id=\"nb99po\" data-start=\"2055\" data-end=\"2104\">\u1ed4n \u0111\u1ecbnh khi v\u1eadn h\u00e0nh ngay c\u1ea3 khi t\u1ea3i n\u1eb7ng<\/li>\n<li data-section-id=\"2phxjc\" data-start=\"2105\" data-end=\"2151\">H\u1ec7 th\u1ed1ng phanh t\u1ef1 \u0111\u1ed9ng \u0111\u1ea3m b\u1ea3o an to\u00e0n khi d\u1eebng<\/li>\n<\/ul>\n<hr data-start=\"2153\" data-end=\"2156\" \/>\n<h3 data-section-id=\"1u9n7sn\" data-start=\"2158\" data-end=\"2198\"><span role=\"text\"><strong data-start=\"2162\" data-end=\"2198\">5. Thi\u1ebft k\u1ebf nh\u1ecf g\u1ecdn &amp; linh ho\u1ea1t<\/strong><\/span><\/h3>\n<ul data-start=\"2200\" data-end=\"2397\">\n<li data-section-id=\"1mh7a96\" data-start=\"2200\" data-end=\"2251\">B\u1ec1 r\u1ed9ng nh\u1ecf t\u1eeb 600 mm (LTX 20) <strong data-start=\"2230\" data-end=\"2249\">600 mm (LTX 20)<\/strong><\/li>\n<li data-section-id=\"fxdrlr\" data-start=\"2252\" data-end=\"2294\">B\u00e1n k\u00ednh quay nh\u1ecf, ph\u00f9 h\u1ee3p l\u1ed1i \u0111i h\u1eb9p<\/li>\n<li data-section-id=\"11s0wjk\" data-start=\"2295\" data-end=\"2348\">D\u1ec5 d\u00e0ng di chuy\u1ec3n trong kh\u00f4ng gian kho h\u1ea1n ch\u1ebf<\/li>\n<li data-section-id=\"27g9s9\" data-start=\"2349\" data-end=\"2397\">Ph\u00f9 h\u1ee3p c\u1ea3 trong nh\u00e0 v\u00e0 ngo\u00e0i tr\u1eddi<\/li>\n<\/ul>\n<hr data-start=\"2399\" data-end=\"2402\" \/>\n<h3 data-section-id=\"1tcb89o\" data-start=\"2404\" data-end=\"2447\"><span role=\"text\"><strong data-start=\"2408\" data-end=\"2447\">6. Hi\u1ec7u qu\u1ea3 n\u0103ng l\u01b0\u1ee3ng &amp; kh\u1ea3 n\u0103ng s\u1eb5n s\u00e0ng v\u1eadn h\u00e0nh<\/strong><\/span><\/h3>\n<ul data-start=\"2449\" data-end=\"2724\">\n<li data-section-id=\"ly6yjw\" data-start=\"2449\" data-end=\"2499\">\u0110\u1ed9ng c\u01a1 AC hi\u1ec7u su\u1ea5t cao, b\u1ea3o tr\u00ec th\u1ea5p<\/li>\n<li data-section-id=\"2qol0r\" data-start=\"2500\" data-end=\"2557\">T\u00f9y ch\u1ecdn pin lithium-ion s\u1ea1c nhanh (LTX 50)<\/li>\n<li data-section-id=\"16k7ez9\" data-start=\"2558\" data-end=\"2608\">Dung l\u01b0\u1ee3ng pin l\u1edbn, th\u1eddi gian v\u1eadn h\u00e0nh d\u00e0i<\/li>\n<li data-section-id=\"133pwxa\" data-start=\"2609\" data-end=\"2666\">T\u00f9y ch\u1ecdn thay pin ngang nhanh ch\u00f3ng<\/li>\n<li data-section-id=\"6clame\" data-start=\"2667\" data-end=\"2724\">Ch\u1ebf \u0111\u1ed9 ti\u1ebft ki\u1ec7m n\u0103ng l\u01b0\u1ee3ng Blue-Q<\/li>\n<\/ul>\n<hr data-start=\"2726\" data-end=\"2729\" \/>\n<h3 data-section-id=\"l4istv\" data-start=\"2731\" data-end=\"2777\"><span role=\"text\"><strong data-start=\"2735\" data-end=\"2777\">7. \u1ee8ng d\u1ee5ng linh ho\u1ea1t &amp; k\u1ebft n\u1ed1i<\/strong><\/span><\/h3>\n<ul data-start=\"2779\" data-end=\"3047\">\n<li data-section-id=\"fjqy4v\" data-start=\"2779\" data-end=\"2831\">T\u01b0\u01a1ng th\u00edch nhi\u1ec1u h\u1ec7 th\u1ed1ng m\u00f3c k\u00e9o kh\u00e1c nhau<\/li>\n<li data-section-id=\"mdi1r\" data-start=\"2832\" data-end=\"2897\">Ph\u00f9 h\u1ee3p v\u1eadn h\u00e0nh tugger train v\u00e0 k\u00e9o nhi\u1ec1u r\u01a1-mo\u00f3c<\/li>\n<li data-section-id=\"x5tjix\" data-start=\"2898\" data-end=\"2953\">T\u00edch h\u1ee3p h\u1ec7 th\u1ed1ng qu\u1ea3n l\u00fd \u0111\u1ed9i xe FleetManager 4.x<\/li>\n<li data-section-id=\"hmhwwd\" data-start=\"2954\" data-end=\"3002\">T\u00f9y ch\u1ecdn truy\u1ec1n d\u1eef li\u1ec7u (Bluetooth, GPRS)<\/li>\n<li data-section-id=\"4ccgld\" data-start=\"3003\" data-end=\"3047\">S\u1eb5n s\u00e0ng cho t\u1ef1 \u0111\u1ed9ng h\u00f3a v\u1edbi LTX 50 iGo<\/li>\n<\/ul>\n<hr data-start=\"3049\" data-end=\"3052\" \/>\n<h2 data-section-id=\"k0zlak\" data-start=\"3054\" data-end=\"3073\"><span role=\"text\"><strong data-start=\"3057\" data-end=\"3073\">\u1ee8ng d\u1ee5ng<\/strong><\/span><\/h2>\n<p data-start=\"3075\" data-end=\"3109\">D\u00f2ng STILL LTX ph\u00f9 h\u1ee3p cho:<\/p>\n<h3 data-section-id=\"16ph7t4\" data-start=\"3111\" data-end=\"3162\"><span role=\"text\"><strong data-start=\"3115\" data-end=\"3162\">1. C\u1ea5p li\u1ec7u s\u1ea3n xu\u1ea5t (Tugger Train)<\/strong><\/span><\/h3>\n<ul data-start=\"3164\" data-end=\"3245\">\n<li data-section-id=\"g8pf4z\" data-start=\"3164\" data-end=\"3204\">Cung \u1ee9ng v\u1eadt t\u01b0 theo m\u00f4 h\u00ecnh Just-in-time (JIT)<\/li>\n<li data-section-id=\"rmwkj9\" data-start=\"3205\" data-end=\"3245\">C\u1ea5p h\u00e0ng hi\u1ec7u qu\u1ea3 cho d\u00e2y chuy\u1ec1n s\u1ea3n xu\u1ea5t<\/li>\n<\/ul>\n<hr data-start=\"3247\" data-end=\"3250\" \/>\n<h3 data-section-id=\"1os5exc\" data-start=\"3252\" data-end=\"3297\"><span role=\"text\"><strong data-start=\"3256\" data-end=\"3297\">2. Kho b\u00e3i &amp; logistics ph\u00e2n ph\u1ed1i<\/strong><\/span><\/h3>\n<ul data-start=\"3299\" data-end=\"3386\">\n<li data-section-id=\"u41p7l\" data-start=\"3299\" data-end=\"3343\">V\u1eadn chuy\u1ec3n ngang qu\u00e3ng \u0111\u01b0\u1eddng d\u00e0i<\/li>\n<li data-section-id=\"h0wt3h\" data-start=\"3344\" data-end=\"3386\">K\u00e9o nhi\u1ec1u r\u01a1-mo\u00f3c trong m\u1ed9t chuy\u1ebfn<\/li>\n<\/ul>\n<hr data-start=\"3388\" data-end=\"3391\" \/>\n<h3 data-section-id=\"syhoo\" data-start=\"3393\" data-end=\"3442\"><span role=\"text\"><strong data-start=\"3397\" data-end=\"3442\">3. Logistics n\u1ed9i b\u1ed9 t\u1ef1 \u0111\u1ed9ng (iGo systems)<\/strong><\/span><\/h3>\n<ul data-start=\"3444\" data-end=\"3539\">\n<li data-section-id=\"15twv2y\" data-start=\"3444\" data-end=\"3479\">V\u1eadn h\u00e0nh kh\u00f4ng ng\u01b0\u1eddi l\u00e1i<\/li>\n<li data-section-id=\"nu4vsn\" data-start=\"3480\" data-end=\"3539\">T\u1ed1i \u01b0u lu\u1ed3ng h\u00e0ng h\u00f3a, gi\u1ea3m can thi\u1ec7p con ng\u01b0\u1eddi<\/li>\n<\/ul>\n<hr data-start=\"3541\" data-end=\"3544\" \/>\n<h3 data-section-id=\"1gkpb7m\" data-start=\"3546\" data-end=\"3589\"><span role=\"text\"><strong data-start=\"3550\" data-end=\"3589\">4. S\u00e2n bay, b\u1ec7nh vi\u1ec7n &amp; c\u01a1 s\u1edf h\u1ea1 t\u1ea7ng<\/strong><\/span><\/h3>\n<ul data-start=\"3591\" data-end=\"3706\">\n<li data-section-id=\"18kby73\" data-start=\"3591\" data-end=\"3625\">X\u1eed l\u00fd h\u00e0nh l\u00fd v\u00e0 v\u1eadn chuy\u1ec3n h\u00e0ng h\u00f3a<\/li>\n<li data-section-id=\"4p4bpn\" data-start=\"3626\" data-end=\"3668\">V\u1eadn chuy\u1ec3n n\u1ed9i b\u1ed9 trong c\u01a1 s\u1edf quy m\u00f4 l\u1edbn<\/li>\n<li data-section-id=\"1h5xkuc\" data-start=\"3669\" data-end=\"3706\">H\u1ed7 tr\u1ee3 gi\u1eb7t l\u00e0 v\u00e0 b\u1ea3o tr\u00ec n\u1ed9i b\u1ed9<\/li>\n<\/ul>","protected":false},"excerpt":{"rendered":"<p>Product Overview The STILL LTX series is a range of powerful electric stand-on tow tractors designed for efficient horizontal transport and tugger train operations in industrial and logistics environments. With towing capacities ranging from 2,000 kg to 5,000 kg, the LTX series is ideal for production supply, warehouse logistics, and long-distance transport. Developed by STILL [&hellip;]<\/p>","protected":false},"featured_media":3324,"template":"","meta":{"_acf_changed":false,"inline_featured_image":false},"model-type":[74],"product_brand":[38],"product_cat":[73],"product_tag":[],"class_list":{"0":"post-3312","1":"product","2":"type-product","3":"status-publish","4":"has-post-thumbnail","6":"model-type-tow-tractor","7":"product_brand-still","8":"product_cat-tow-tractors","10":"first","11":"instock","12":"shipping-taxable","13":"product-type-simple"},"acf":[],"yoast_head":"<!-- This site is optimized with the Yoast SEO Premium plugin v25.6 (Yoast SEO v25.6) - https:\/\/yoast.com\/wordpress\/plugins\/seo\/ -->\n<title>LTX 20 &amp; LTX 50 - Goldbell<\/title>\n<meta name=\"robots\" content=\"noindex, follow, max-snippet:-1, max-image-preview:large, max-video-preview:-1\" \/>\n<meta property=\"og:locale\" content=\"vi_VN\" \/>\n<meta property=\"og:type\" content=\"article\" \/>\n<meta property=\"og:title\" content=\"LTX 20 &amp; LTX 50\" \/>\n<meta property=\"og:description\" content=\"Product Overview The STILL LTX series is a range of powerful electric stand-on tow tractors designed for efficient horizontal transport and tugger train operations in industrial and logistics environments. With towing capacities ranging from 2,000 kg to 5,000 kg, the LTX series is ideal for production supply, warehouse logistics, and long-distance transport. Developed by STILL [&hellip;]\" \/>\n<meta property=\"og:url\" content=\"https:\/\/goldbellvn.ifdemo.com\/vi\/san-pham\/ltx-20-ltx-50\/\" \/>\n<meta property=\"og:site_name\" content=\"Goldbell\" \/>\n<meta property=\"article:modified_time\" content=\"2026-04-01T05:30:39+00:00\" \/>\n<meta property=\"og:image\" content=\"https:\/\/goldbellvn.ifdemo.com\/wp-content\/uploads\/2026\/04\/LTX-20_Frontdiagonale_800x800.webp\" \/>\n\t<meta property=\"og:image:width\" content=\"800\" \/>\n\t<meta property=\"og:image:height\" content=\"800\" \/>\n\t<meta property=\"og:image:type\" content=\"image\/webp\" \/>\n<meta name=\"twitter:card\" content=\"summary_large_image\" \/>\n<meta name=\"twitter:label1\" content=\"\u01af\u1edbc t\u00ednh th\u1eddi gian \u0111\u1ecdc\" \/>\n\t<meta name=\"twitter:data1\" content=\"3 ph\u00fat\" \/>\n<script type=\"application\/ld+json\" class=\"yoast-schema-graph\">{\"@context\":\"https:\/\/schema.org\",\"@graph\":[{\"@type\":\"WebPage\",\"@id\":\"https:\/\/goldbellvn.ifdemo.com\/product\/ltx-20-ltx-50\/\",\"url\":\"https:\/\/goldbellvn.ifdemo.com\/product\/ltx-20-ltx-50\/\",\"name\":\"LTX 20 & LTX 50 - Goldbell\",\"isPartOf\":{\"@id\":\"https:\/\/goldbellvn.ifdemo.com\/#website\"},\"primaryImageOfPage\":{\"@id\":\"https:\/\/goldbellvn.ifdemo.com\/product\/ltx-20-ltx-50\/#primaryimage\"},\"image\":{\"@id\":\"https:\/\/goldbellvn.ifdemo.com\/product\/ltx-20-ltx-50\/#primaryimage\"},\"thumbnailUrl\":\"https:\/\/goldbellvn.ifdemo.com\/wp-content\/uploads\/2026\/04\/LTX-20_Frontdiagonale_800x800.webp\",\"datePublished\":\"2026-04-01T05:09:07+00:00\",\"dateModified\":\"2026-04-01T05:30:39+00:00\",\"breadcrumb\":{\"@id\":\"https:\/\/goldbellvn.ifdemo.com\/product\/ltx-20-ltx-50\/#breadcrumb\"},\"inLanguage\":\"vi\",\"potentialAction\":[{\"@type\":\"ReadAction\",\"target\":[\"https:\/\/goldbellvn.ifdemo.com\/product\/ltx-20-ltx-50\/\"]}]},{\"@type\":\"ImageObject\",\"inLanguage\":\"vi\",\"@id\":\"https:\/\/goldbellvn.ifdemo.com\/product\/ltx-20-ltx-50\/#primaryimage\",\"url\":\"https:\/\/goldbellvn.ifdemo.com\/wp-content\/uploads\/2026\/04\/LTX-20_Frontdiagonale_800x800.webp\",\"contentUrl\":\"https:\/\/goldbellvn.ifdemo.com\/wp-content\/uploads\/2026\/04\/LTX-20_Frontdiagonale_800x800.webp\",\"width\":800,\"height\":800},{\"@type\":\"BreadcrumbList\",\"@id\":\"https:\/\/goldbellvn.ifdemo.com\/product\/ltx-20-ltx-50\/#breadcrumb\",\"itemListElement\":[{\"@type\":\"ListItem\",\"position\":1,\"name\":\"Home\",\"item\":\"https:\/\/goldbellvn.ifdemo.com\/\"},{\"@type\":\"ListItem\",\"position\":2,\"name\":\"Products\",\"item\":\"https:\/\/goldbellvn.ifdemo.com\/shop\/\"},{\"@type\":\"ListItem\",\"position\":3,\"name\":\"LTX 20 &#038; LTX 50\"}]},{\"@type\":\"WebSite\",\"@id\":\"https:\/\/goldbellvn.ifdemo.com\/#website\",\"url\":\"https:\/\/goldbellvn.ifdemo.com\/\",\"name\":\"Goldbell\",\"description\":\"\",\"publisher\":{\"@id\":\"https:\/\/goldbellvn.ifdemo.com\/#organization\"},\"potentialAction\":[{\"@type\":\"SearchAction\",\"target\":{\"@type\":\"EntryPoint\",\"urlTemplate\":\"https:\/\/goldbellvn.ifdemo.com\/?s={search_term_string}\"},\"query-input\":{\"@type\":\"PropertyValueSpecification\",\"valueRequired\":true,\"valueName\":\"search_term_string\"}}],\"inLanguage\":\"vi\"},{\"@type\":\"Organization\",\"@id\":\"https:\/\/goldbellvn.ifdemo.com\/#organization\",\"name\":\"Goldbell\",\"url\":\"https:\/\/goldbellvn.ifdemo.com\/\",\"logo\":{\"@type\":\"ImageObject\",\"inLanguage\":\"vi\",\"@id\":\"https:\/\/goldbellvn.ifdemo.com\/#\/schema\/logo\/image\/\",\"url\":\"https:\/\/goldbellvn.ifdemo.com\/wp-content\/uploads\/2025\/09\/logo.svg\",\"contentUrl\":\"https:\/\/goldbellvn.ifdemo.com\/wp-content\/uploads\/2025\/09\/logo.svg\",\"width\":18,\"height\":23,\"caption\":\"Goldbell\"},\"image\":{\"@id\":\"https:\/\/goldbellvn.ifdemo.com\/#\/schema\/logo\/image\/\"}}]}<\/script>\n<!-- \/ Yoast SEO Premium plugin. -->","yoast_head_json":{"title":"LTX 20 & LTX 50 - Goldbell","robots":{"index":"noindex","follow":"follow","max-snippet":"max-snippet:-1","max-image-preview":"max-image-preview:large","max-video-preview":"max-video-preview:-1"},"og_locale":"vi_VN","og_type":"article","og_title":"LTX 20 & LTX 50","og_description":"Product Overview The STILL LTX series is a range of powerful electric stand-on tow tractors designed for efficient horizontal transport and tugger train operations in industrial and logistics environments. With towing capacities ranging from 2,000 kg to 5,000 kg, the LTX series is ideal for production supply, warehouse logistics, and long-distance transport. Developed by STILL [&hellip;]","og_url":"https:\/\/goldbellvn.ifdemo.com\/vi\/san-pham\/ltx-20-ltx-50\/","og_site_name":"Goldbell","article_modified_time":"2026-04-01T05:30:39+00:00","og_image":[{"width":800,"height":800,"url":"https:\/\/goldbellvn.ifdemo.com\/wp-content\/uploads\/2026\/04\/LTX-20_Frontdiagonale_800x800.webp","type":"image\/webp"}],"twitter_card":"summary_large_image","twitter_misc":{"\u01af\u1edbc t\u00ednh th\u1eddi gian \u0111\u1ecdc":"3 ph\u00fat"},"schema":{"@context":"https:\/\/schema.org","@graph":[{"@type":"WebPage","@id":"https:\/\/goldbellvn.ifdemo.com\/product\/ltx-20-ltx-50\/","url":"https:\/\/goldbellvn.ifdemo.com\/product\/ltx-20-ltx-50\/","name":"LTX 20 & LTX 50 - Goldbell","isPartOf":{"@id":"https:\/\/goldbellvn.ifdemo.com\/#website"},"primaryImageOfPage":{"@id":"https:\/\/goldbellvn.ifdemo.com\/product\/ltx-20-ltx-50\/#primaryimage"},"image":{"@id":"https:\/\/goldbellvn.ifdemo.com\/product\/ltx-20-ltx-50\/#primaryimage"},"thumbnailUrl":"https:\/\/goldbellvn.ifdemo.com\/wp-content\/uploads\/2026\/04\/LTX-20_Frontdiagonale_800x800.webp","datePublished":"2026-04-01T05:09:07+00:00","dateModified":"2026-04-01T05:30:39+00:00","breadcrumb":{"@id":"https:\/\/goldbellvn.ifdemo.com\/product\/ltx-20-ltx-50\/#breadcrumb"},"inLanguage":"vi","potentialAction":[{"@type":"ReadAction","target":["https:\/\/goldbellvn.ifdemo.com\/product\/ltx-20-ltx-50\/"]}]},{"@type":"ImageObject","inLanguage":"vi","@id":"https:\/\/goldbellvn.ifdemo.com\/product\/ltx-20-ltx-50\/#primaryimage","url":"https:\/\/goldbellvn.ifdemo.com\/wp-content\/uploads\/2026\/04\/LTX-20_Frontdiagonale_800x800.webp","contentUrl":"https:\/\/goldbellvn.ifdemo.com\/wp-content\/uploads\/2026\/04\/LTX-20_Frontdiagonale_800x800.webp","width":800,"height":800},{"@type":"BreadcrumbList","@id":"https:\/\/goldbellvn.ifdemo.com\/product\/ltx-20-ltx-50\/#breadcrumb","itemListElement":[{"@type":"ListItem","position":1,"name":"Home","item":"https:\/\/goldbellvn.ifdemo.com\/"},{"@type":"ListItem","position":2,"name":"Products","item":"https:\/\/goldbellvn.ifdemo.com\/shop\/"},{"@type":"ListItem","position":3,"name":"LTX 20 &#038; LTX 50"}]},{"@type":"WebSite","@id":"https:\/\/goldbellvn.ifdemo.com\/#website","url":"https:\/\/goldbellvn.ifdemo.com\/","name":"Goldbell","description":"","publisher":{"@id":"https:\/\/goldbellvn.ifdemo.com\/#organization"},"potentialAction":[{"@type":"SearchAction","target":{"@type":"EntryPoint","urlTemplate":"https:\/\/goldbellvn.ifdemo.com\/?s={search_term_string}"},"query-input":{"@type":"PropertyValueSpecification","valueRequired":true,"valueName":"search_term_string"}}],"inLanguage":"vi"},{"@type":"Organization","@id":"https:\/\/goldbellvn.ifdemo.com\/#organization","name":"Goldbell","url":"https:\/\/goldbellvn.ifdemo.com\/","logo":{"@type":"ImageObject","inLanguage":"vi","@id":"https:\/\/goldbellvn.ifdemo.com\/#\/schema\/logo\/image\/","url":"https:\/\/goldbellvn.ifdemo.com\/wp-content\/uploads\/2025\/09\/logo.svg","contentUrl":"https:\/\/goldbellvn.ifdemo.com\/wp-content\/uploads\/2025\/09\/logo.svg","width":18,"height":23,"caption":"Goldbell"},"image":{"@id":"https:\/\/goldbellvn.ifdemo.com\/#\/schema\/logo\/image\/"}}]}},"_links":{"self":[{"href":"https:\/\/goldbellvn.ifdemo.com\/vi\/wp-json\/wp\/v2\/product\/3312","targetHints":{"allow":["GET"]}}],"collection":[{"href":"https:\/\/goldbellvn.ifdemo.com\/vi\/wp-json\/wp\/v2\/product"}],"about":[{"href":"https:\/\/goldbellvn.ifdemo.com\/vi\/wp-json\/wp\/v2\/types\/product"}],"wp:featuredmedia":[{"embeddable":true,"href":"https:\/\/goldbellvn.ifdemo.com\/vi\/wp-json\/wp\/v2\/media\/3324"}],"wp:attachment":[{"href":"https:\/\/goldbellvn.ifdemo.com\/vi\/wp-json\/wp\/v2\/media?parent=3312"}],"wp:term":[{"taxonomy":"model-type","embeddable":true,"href":"https:\/\/goldbellvn.ifdemo.com\/vi\/wp-json\/wp\/v2\/model-type?post=3312"},{"taxonomy":"product_brand","embeddable":true,"href":"https:\/\/goldbellvn.ifdemo.com\/vi\/wp-json\/wp\/v2\/product_brand?post=3312"},{"taxonomy":"product_cat","embeddable":true,"href":"https:\/\/goldbellvn.ifdemo.com\/vi\/wp-json\/wp\/v2\/product_cat?post=3312"},{"taxonomy":"product_tag","embeddable":true,"href":"https:\/\/goldbellvn.ifdemo.com\/vi\/wp-json\/wp\/v2\/product_tag?post=3312"}],"curies":[{"name":"wp","href":"https:\/\/api.w.org\/{rel}","templated":true}]}}