{"id":3313,"date":"2026-04-01T12:12:01","date_gmt":"2026-04-01T05:12:01","guid":{"rendered":"https:\/\/goldbell.123websitedev.com\/?post_type=product&#038;p=3313"},"modified":"2026-04-01T12:12:02","modified_gmt":"2026-04-01T05:12:02","slug":"ek-x-10-pxv-series","status":"publish","type":"product","link":"https:\/\/goldbellvn.ifdemo.com\/vi\/san-pham\/ek-x-10-pxv-series\/","title":{"rendered":"EK-X 10 &#038; PXV Series"},"content":{"rendered":"<h2 data-section-id=\"1bovg99\" data-start=\"182\" data-end=\"205\"><span role=\"text\"><strong data-start=\"185\" data-end=\"205\">T\u1ed5ng quan s\u1ea3n ph\u1ea9m<\/strong><\/span><\/h2>\n<p data-start=\"207\" data-end=\"533\">D\u00f2ng STILL EK-X 10 v\u00e0 PXV l\u00e0 c\u00e1c xe l\u1ea5y h\u00e0ng \u0111\u1ee9ng (vertical order picker) ti\u00ean ti\u1ebfn, \u0111\u01b0\u1ee3c thi\u1ebft k\u1ebf cho c\u00e1c ho\u1ea1t \u0111\u1ed9ng l\u1ea5y h\u00e0ng hi\u1ec7u su\u1ea5t cao trong c\u1ea3 kho h\u00e0ng l\u1ed1i \u0111i r\u1ed9ng v\u00e0 l\u1ed1i \u0111i r\u1ea5t h\u1eb9p (VNA). V\u1edbi chi\u1ec1u cao l\u1ea5y h\u00e0ng l\u00ean \u0111\u1ebfn 14,5 m\u00e9t v\u00e0 t\u1ea3i tr\u1ecdng l\u00ean \u0111\u1ebfn 1.200 kg, nh\u1eefng d\u00f2ng xe n\u00e0y mang \u0111\u1ebfn m\u1ed9t ti\u00eau chu\u1ea9n m\u1edbi v\u1ec1 hi\u1ec7u qu\u1ea3, an to\u00e0n v\u00e0 c\u00f4ng th\u00e1i h\u1ecdc.<\/p>\n<p data-start=\"535\" data-end=\"805\">\u0110\u01b0\u1ee3c ph\u00e1t tri\u1ec3n b\u1edfi <span class=\"hover:entity-accent entity-underline inline cursor-pointer align-baseline\"><span class=\"whitespace-normal\">STILL GmbH<\/span><\/span>, EK-X 10 l\u00e0 gi\u1ea3i ph\u00e1p nh\u1ecf g\u1ecdn v\u00e0 linh ho\u1ea1t cho c\u00e1c chi\u1ec1u cao trung b\u00ecnh, trong khi d\u00f2ng PXV l\u00e0 d\u00f2ng xe l\u1ea5y h\u00e0ng l\u1ed1i \u0111i h\u1eb9p (VNA) cao c\u1ea5p, cung c\u1ea5p t\u1ea7m v\u1edbi t\u1ed1i \u0111a, kh\u1ea3 n\u0103ng d\u1eabn h\u01b0\u1edbng th\u00f4ng minh v\u00e0 v\u1eadn h\u00e0nh b\u00e1n t\u1ef1 \u0111\u1ed9ng th\u00f4ng qua h\u1ec7 th\u1ed1ng iGo pilot.<\/p>\n<p data-start=\"807\" data-end=\"824\">C\u00e1c model g\u1ed3m:<\/p>\n<ul data-start=\"826\" data-end=\"955\">\n<li data-section-id=\"1ncpyuh\" data-start=\"826\" data-end=\"903\">EK-X 10 (c\u1ed9t n\u00e2ng \u0111\u01a1n \/ c\u1ed9t n\u00e2ng telescopic \/ c\u00f3 ho\u1eb7c kh\u00f4ng c\u00f3 n\u00e2ng ph\u1ee5)<\/li>\n<li data-section-id=\"f0zput\" data-start=\"904\" data-end=\"930\">PXV M (l\u00ean t\u1edbi 1,000 kg)<\/li>\n<li data-section-id=\"6jild6\" data-start=\"931\" data-end=\"955\">PXV (l\u00ean t\u1edbi 1,200 kg)<\/li>\n<\/ul>\n<hr data-start=\"957\" data-end=\"960\" \/>\n<h2 data-section-id=\"1pi78xj\" data-start=\"962\" data-end=\"992\"><span role=\"text\"><strong data-start=\"965\" data-end=\"992\">T\u00ednh n\u0103ng &amp; l\u1ee3i \u00edch ch\u00ednh<\/strong><\/span><\/h2>\n<h3 data-section-id=\"vkslao\" data-start=\"994\" data-end=\"1035\"><span role=\"text\"><strong data-start=\"998\" data-end=\"1035\">1. Hi\u1ec7u su\u1ea5t l\u1ea5y h\u00e0ng cao<\/strong><\/span><\/h3>\n<ul data-start=\"1037\" data-end=\"1316\">\n<li data-section-id=\"cqac4n\" data-start=\"1037\" data-end=\"1073\">T\u1ea3i tr\u1ecdng l\u00ean \u0111\u1ebfn <strong data-start=\"1059\" data-end=\"1071\">1,200 kg<\/strong><\/li>\n<li data-section-id=\"j88zot\" data-start=\"1074\" data-end=\"1115\">Chi\u1ec1u cao l\u1ea5y h\u00e0ng l\u00ean \u0111\u1ebfn <strong data-start=\"1098\" data-end=\"1113\">14.5 m\u00e9t<\/strong><\/li>\n<li data-section-id=\"zeqgqw\" data-start=\"1116\" data-end=\"1199\">T\u1ed1c \u0111\u1ed9 di chuy\u1ec3n t\u1ed1i \u0111a <strong data-start=\"1142\" data-end=\"1153\">13 km\/h<\/strong> (PXV)<\/li>\n<li data-section-id=\"asqe2\" data-start=\"1200\" data-end=\"1264\">N\u00e2ng v\u00e0 h\u1ea1 \u0111\u1ed3ng th\u1eddi c\u1ea3 khung n\u00e2ng ch\u00ednh v\u00e0 ph\u1ee5<\/li>\n<li data-section-id=\"ey6rey\" data-start=\"1265\" data-end=\"1316\">Hi\u1ec7u su\u1ea5t v\u1eadn h\u00e0nh cao trong l\u1ed1i \u0111i h\u1eb9p<\/li>\n<\/ul>\n<hr data-start=\"1318\" data-end=\"1321\" \/>\n<h3 data-section-id=\"12eost\" data-start=\"1323\" data-end=\"1364\"><span role=\"text\"><strong data-start=\"1327\" data-end=\"1364\">2. H\u1ec7 th\u1ed1ng h\u1ed7 tr\u1ee3 th\u00f4ng minh<\/strong><\/span><\/h3>\n<ul data-start=\"1366\" data-end=\"1739\">\n<li data-section-id=\"11h7axr\" data-start=\"1366\" data-end=\"1443\"><strong data-start=\"1368\" data-end=\"1398\">D\u1eabn h\u01b0\u1edbng b\u00e1n t\u1ef1 \u0111\u1ed9ng iGo pilot<\/strong> gi\u00fap \u0111\u1ecbnh v\u1ecb v\u00e0 \u0111i\u1ec1u h\u01b0\u1edbng th\u00f4ng minh<\/li>\n<li data-section-id=\"16wnc1i\" data-start=\"1444\" data-end=\"1522\"><strong data-start=\"1446\" data-end=\"1466\">H\u1ec7 th\u1ed1ng OptiSpeed<\/strong> \u0111i\u1ec1u ch\u1ec9nh t\u1ed1c \u0111\u1ed9 theo chi\u1ec1u cao n\u00e2ng \u0111\u1ec3 \u0111\u1ea3m b\u1ea3o an to\u00e0n t\u1ed1i \u0111a<\/li>\n<li data-section-id=\"19vyd59\" data-start=\"1523\" data-end=\"1600\">H\u1ec7 th\u1ed1ng phanh d\u1ef1 \u0111o\u00e1n (PBS) ph\u00e1t hi\u1ec7n ch\u01b0\u1edbng ng\u1ea1i v\u1eadt v\u00e0 ng\u0103n va ch\u1ea1m<\/li>\n<li data-section-id=\"1wy7b42\" data-start=\"1601\" data-end=\"1676\">H\u1ec7 th\u1ed1ng b\u1ea3o v\u1ec7 c\u00e1 nh\u00e2n di \u0111\u1ed9ng (PPS) ph\u00e1t hi\u1ec7n ng\u01b0\u1eddi trong l\u1ed1i \u0111i h\u1eb9p<\/li>\n<li data-section-id=\"1fygeov\" data-start=\"1677\" data-end=\"1739\">T\u1ef1 \u0111\u1ed9ng gi\u1ea3m t\u1ed1c v\u00e0 phanh theo \u0111i\u1ec1u ki\u1ec7n m\u00f4i tr\u01b0\u1eddng<\/li>\n<\/ul>\n<hr data-start=\"1741\" data-end=\"1744\" \/>\n<h3 data-section-id=\"xjcfzg\" data-start=\"1746\" data-end=\"1783\"><span role=\"text\"><strong data-start=\"1750\" data-end=\"1783\">3. C\u00f4ng th\u00e1i h\u1ecdc cho ng\u01b0\u1eddi v\u1eadn h\u00e0nh<\/strong><\/span><\/h3>\n<ul data-start=\"1785\" data-end=\"2097\">\n<li data-section-id=\"q3lpmy\" data-start=\"1785\" data-end=\"1839\">Khoang l\u00e1i r\u1ed9ng r\u00e3i v\u1edbi s\u00e0n gi\u1ea3m ch\u1ea5n<\/li>\n<li data-section-id=\"r4ana1\" data-start=\"1840\" data-end=\"1904\">Thanh ch\u1eafn b\u00ean c\u00f3 th\u1ec3 g\u1eadp gi\u00fap ti\u1ebfp c\u1eadn h\u00e0ng h\u00f3a d\u1ec5 d\u00e0ng trong k\u1ec7 s\u00e2u<\/li>\n<li data-section-id=\"zml95j\" data-start=\"1905\" data-end=\"1962\">\u0110i\u1ec1u khi\u1ec3n tr\u1ef1c quan b\u1eb1ng v\u00f4 l\u0103ng ho\u1eb7c n\u00fam \u0111i\u1ec1u khi\u1ec3n<\/li>\n<li data-section-id=\"ouptlt\" data-start=\"1963\" data-end=\"2026\">H\u1ec7 th\u1ed1ng l\u1eafp \u0111\u1eb7t linh ho\u1ea1t cho m\u00e1y qu\u00e9t, terminal v\u00e0 m\u00e1y in<\/li>\n<li data-section-id=\"1enq7jw\" data-start=\"2027\" data-end=\"2097\">Gi\u1ea3m m\u1ec7t m\u1ecfi khi l\u00e0m vi\u1ec7c trong ca d\u00e0i nh\u1edd t\u01b0 th\u1ebf v\u1eadn h\u00e0nh t\u1ed1i \u01b0u<\/li>\n<\/ul>\n<hr data-start=\"2099\" data-end=\"2102\" \/>\n<h3 data-section-id=\"1crzfwm\" data-start=\"2104\" data-end=\"2136\"><span role=\"text\"><strong data-start=\"2108\" data-end=\"2136\">4. Ti\u00eau chu\u1ea9n an to\u00e0n cao<\/strong><\/span><\/h3>\n<ul data-start=\"2138\" data-end=\"2441\">\n<li data-section-id=\"1qs2s4o\" data-start=\"2138\" data-end=\"2188\">T\u1ea7m nh\u00ecn t\u1ed1t nh\u1edd thi\u1ebft k\u1ebf khung n\u00e2ng t\u1ed1i \u01b0u<\/li>\n<li data-section-id=\"1ijl4dl\" data-start=\"2189\" data-end=\"2258\">H\u1ec7 th\u1ed1ng laser scanner an to\u00e0n v\u1edbi ph\u1ea1m vi ph\u00e1t hi\u1ec7n l\u00ean \u0111\u1ebfn 9 m<\/li>\n<li data-section-id=\"ppufzb\" data-start=\"2259\" data-end=\"2318\">T\u1ef1 \u0111\u1ed9ng phanh khi ph\u00e1t hi\u1ec7n ch\u01b0\u1edbng ng\u1ea1i v\u1eadt ho\u1eb7c ng\u01b0\u1eddi<\/li>\n<li data-section-id=\"1gwfywc\" data-start=\"2319\" data-end=\"2380\">T\u00f9y ch\u1ecdn khung b\u1ea3o v\u1ec7 cho thao t\u00e1c pallet d\u1ec5 ti\u1ebfp c\u1eadn<\/li>\n<li data-section-id=\"1tpuges\" data-start=\"2381\" data-end=\"2441\">Tu\u00e2n th\u1ee7 \u0111\u1ea7y \u0111\u1ee7 ti\u00eau chu\u1ea9n an to\u00e0n cho v\u1eadn h\u00e0nh VNA<\/li>\n<\/ul>\n<hr data-start=\"2443\" data-end=\"2446\" \/>\n<h3 data-section-id=\"w3rv9z\" data-start=\"2448\" data-end=\"2485\"><span role=\"text\"><strong data-start=\"2452\" data-end=\"2485\">5. Thi\u1ebft k\u1ebf nh\u1ecf g\u1ecdn &amp; hi\u1ec7u qu\u1ea3<\/strong><\/span><\/h3>\n<ul data-start=\"2487\" data-end=\"2719\">\n<li data-section-id=\"1h9na1p\" data-start=\"2487\" data-end=\"2539\">T\u1ed1i \u01b0u cho kho l\u1ed1i \u0111i r\u1ea5t h\u1eb9p (VNA)<\/li>\n<li data-section-id=\"1vni2v\" data-start=\"2540\" data-end=\"2599\">T\u1eadn d\u1ee5ng kh\u00f4ng gian t\u1ed1i \u0111a v\u1edbi kh\u1ea3 n\u0103ng n\u00e2ng cao theo ph\u01b0\u01a1ng \u0111\u1ee9ng<\/li>\n<li data-section-id=\"97d9fy\" data-start=\"2600\" data-end=\"2660\">Chuy\u1ec3n \u0111\u1ed9ng khung n\u00e2ng m\u01b0\u1ee3t m\u00e0, \u1ed5n \u0111\u1ecbnh v\u00e0 ch\u00ednh x\u00e1c<\/li>\n<li data-section-id=\"179d8t4\" data-start=\"2661\" data-end=\"2719\">Khung g\u1ea7m nh\u1ecf g\u1ecdn ph\u00f9 h\u1ee3p nhi\u1ec1u b\u1ed1 c\u1ee5c kho<\/li>\n<\/ul>\n<hr data-start=\"2721\" data-end=\"2724\" \/>\n<h3 data-section-id=\"1tcb89o\" data-start=\"2726\" data-end=\"2769\"><span role=\"text\"><strong data-start=\"2730\" data-end=\"2769\">6. Hi\u1ec7u qu\u1ea3 n\u0103ng l\u01b0\u1ee3ng &amp; kh\u1ea3 n\u0103ng s\u1eb5n s\u00e0ng v\u1eadn h\u00e0nh<\/strong><\/span><\/h3>\n<ul data-start=\"2771\" data-end=\"3013\">\n<li data-section-id=\"1610wff\" data-start=\"2771\" data-end=\"2829\">T\u00f9y ch\u1ecdn pin 24V v\u00e0 48V (\u1eafc quy ch\u00ec ho\u1eb7c lithium-ion)<\/li>\n<li data-section-id=\"nslifi\" data-start=\"2830\" data-end=\"2881\">H\u1ec7 th\u1ed1ng phanh t\u00e1i t\u1ea1o n\u0103ng l\u01b0\u1ee3ngH\u1ec7 th\u1ed1ng phanh t\u00e1i sinh n\u0103ng l\u01b0\u1ee3ng<\/li>\n<li data-section-id=\"1fliok7\" data-start=\"2882\" data-end=\"2928\">H\u1ed7 tr\u1ee3 s\u1ea1c nhanh, t\u0103ng th\u1eddi gian ho\u1ea1t \u0111\u1ed9ng<\/li>\n<li data-section-id=\"1lr29gm\" data-start=\"2929\" data-end=\"2973\">\u0110\u1ed9ng c\u01a1 AC n\u00e2ng v\u00e0 di chuy\u1ec3n \u00edt b\u1ea3o tr\u00ec<\/li>\n<li data-section-id=\"c3jnkw\" data-start=\"2974\" data-end=\"3013\">Ph\u00f9 h\u1ee3p v\u1eadn h\u00e0nh \u0111a ca<\/li>\n<\/ul>\n<hr data-start=\"3015\" data-end=\"3018\" \/>\n<h3 data-section-id=\"l4istv\" data-start=\"3020\" data-end=\"3066\"><span role=\"text\"><strong data-start=\"3024\" data-end=\"3066\">7. \u1ee8ng d\u1ee5ng linh ho\u1ea1t &amp; k\u1ebft n\u1ed1i<\/strong><\/span><\/h3>\n<ul data-start=\"3068\" data-end=\"3383\">\n<li data-section-id=\"thb6xw\" data-start=\"3068\" data-end=\"3150\">Thi\u1ebft k\u1ebf m\u00f4-\u0111un v\u1edbi nhi\u1ec1u c\u1ea5u h\u00ecnh khung n\u00e2ng (\u0111\u01a1n, telescopic, triplex)<\/li>\n<li data-section-id=\"17fx1v1\" data-start=\"3151\" data-end=\"3220\">T\u00edch h\u1ee3p v\u1edbi h\u1ec7 th\u1ed1ng qu\u1ea3n l\u00fd kho (WMS) qua iGo pilot<\/li>\n<li data-section-id=\"1ki95t2\" data-start=\"3221\" data-end=\"3281\">FleetManager 4.x cho ki\u1ec3m so\u00e1t truy c\u1eadp v\u00e0 qu\u1ea3n l\u00fd \u0111\u1ed9i xe<\/li>\n<li data-section-id=\"ofm2zr\" data-start=\"3282\" data-end=\"3327\">T\u00f9y ch\u1ecdn cabin v\u00e0 trang b\u1ecb theo nhu c\u1ea7u<\/li>\n<li data-section-id=\"1qh6ux2\" data-start=\"3328\" data-end=\"3383\">Ph\u00f9 h\u1ee3p nhi\u1ec1u lo\u1ea1i h\u00ecnh kho v\u1eadn kh\u00e1c nhau<\/li>\n<\/ul>\n<hr data-start=\"3385\" data-end=\"3388\" \/>\n<h2 data-section-id=\"k0zlak\" data-start=\"3390\" data-end=\"3409\"><span role=\"text\"><strong data-start=\"3393\" data-end=\"3409\">\u1ee8ng d\u1ee5ng<\/strong><\/span><\/h2>\n<p data-start=\"3411\" data-end=\"3474\">D\u00f2ng xe l\u1ea5y h\u00e0ng \u0111\u1ee9ng STILL EK-X 10 v\u00e0 PXV ph\u00f9 h\u1ee3p l\u00fd t\u01b0\u1edfng cho:<\/p>\n<h3 data-section-id=\"1ryrj0c\" data-start=\"3476\" data-end=\"3522\"><span role=\"text\"><strong data-start=\"3480\" data-end=\"3522\">1. Kho l\u1ed1i \u0111i r\u1ea5t h\u1eb9p (VNA)<\/strong><\/span><\/h3>\n<ul data-start=\"3524\" data-end=\"3598\">\n<li data-section-id=\"1vxc9mk\" data-start=\"3524\" data-end=\"3556\">H\u1ec7 th\u1ed1ng l\u01b0u tr\u1eef m\u1eadt \u0111\u1ed9 cao<\/li>\n<li data-section-id=\"mixfit\" data-start=\"3557\" data-end=\"3598\">T\u1ed1i \u01b0u kh\u00f4ng gian l\u01b0u tr\u1eef theo chi\u1ec1u d\u1ecdc<\/li>\n<\/ul>\n<hr data-start=\"3600\" data-end=\"3603\" \/>\n<h3 data-section-id=\"38c023\" data-start=\"3605\" data-end=\"3649\"><span role=\"text\"><strong data-start=\"3609\" data-end=\"3649\">2. Th\u01b0\u01a1ng m\u1ea1i \u0111i\u1ec7n t\u1eed &amp; trung t\u00e2m ph\u00e2n ph\u1ed1i<\/strong><\/span><\/h3>\n<ul data-start=\"3651\" data-end=\"3734\">\n<li data-section-id=\"rma36d\" data-start=\"3651\" data-end=\"3690\">L\u1ea5y h\u00e0ng t\u1ed1c \u0111\u1ed9 cao<\/li>\n<li data-section-id=\"s0ojoc\" data-start=\"3691\" data-end=\"3734\">X\u1eed l\u00fd kh\u1ed1i l\u01b0\u1ee3ng SKU l\u1edbn hi\u1ec7u qu\u1ea3<\/li>\n<\/ul>\n<hr data-start=\"3736\" data-end=\"3739\" \/>\n<h3 data-section-id=\"ytw51w\" data-start=\"3741\" data-end=\"3780\"><span role=\"text\"><strong data-start=\"3745\" data-end=\"3780\">3. Kho k\u1ec7 cao<\/strong><\/span><\/h3>\n<ul data-start=\"3782\" data-end=\"3895\">\n<li data-section-id=\"1oycfge\" data-start=\"3782\" data-end=\"3840\">L\u1ea5y h\u00e0ng \u1edf \u0111\u1ed9 cao l\u1edbn (l\u00ean \u0111\u1ebfn 14,5 m)<\/li>\n<li data-section-id=\"1aua7b7\" data-start=\"3841\" data-end=\"3895\">V\u1eadn h\u00e0nh an to\u00e0n v\u00e0 ch\u00ednh x\u00e1c trong h\u1ec7 th\u1ed1ng k\u1ec7 cao<\/li>\n<\/ul>\n<hr data-start=\"3897\" data-end=\"3900\" \/>\n<h3 data-section-id=\"d6k23y\" data-start=\"3902\" data-end=\"3949\"><span role=\"text\"><strong data-start=\"3906\" data-end=\"3949\">4. Logistics c\u00f4ng nghi\u1ec7p &amp; s\u1ea3n xu\u1ea5t<\/strong><\/span><\/h3>\n<ul data-start=\"3951\" data-end=\"4037\">\n<li data-section-id=\"18rc4bz\" data-start=\"3951\" data-end=\"3993\">Cung \u1ee9ng v\u1eadt t\u01b0 n\u1ed9i b\u1ed9<\/li>\n<li data-section-id=\"1p00cc3\" data-start=\"3994\" data-end=\"4037\">X\u1eed l\u00fd linh ho\u1ea1t nhi\u1ec1u lo\u1ea1i t\u1ea3i h\u00e0ng kh\u00e1c nhau<\/li>\n<\/ul>","protected":false},"excerpt":{"rendered":"<p>Product Overview The STILL EK-X 10 and PXV series are advanced vertical order pickers designed for high-performance picking operations in both wide and very narrow aisle (VNA) warehouses. With picking heights of up to 14.5 meters and load capacities up to 1,200 kg, these trucks represent a new dimension in efficiency, safety, and ergonomics. Developed [&hellip;]<\/p>","protected":false},"featured_media":3330,"template":"","meta":{"_acf_changed":false,"inline_featured_image":false},"model-type":[56],"product_brand":[38],"product_cat":[36],"product_tag":[],"class_list":{"0":"post-3313","1":"product","2":"type-product","3":"status-publish","4":"has-post-thumbnail","6":"model-type-order-picker","7":"product_brand-still","8":"product_cat-order-pickers","10":"first","11":"instock","12":"shipping-taxable","13":"product-type-simple"},"acf":[],"yoast_head":"<!-- This site is optimized with the Yoast SEO Premium plugin v25.6 (Yoast SEO v25.6) - https:\/\/yoast.com\/wordpress\/plugins\/seo\/ -->\n<title>EK-X 10 &amp; PXV Series - Goldbell<\/title>\n<meta name=\"robots\" content=\"noindex, follow, max-snippet:-1, max-image-preview:large, max-video-preview:-1\" \/>\n<meta property=\"og:locale\" content=\"vi_VN\" \/>\n<meta property=\"og:type\" content=\"article\" \/>\n<meta property=\"og:title\" content=\"EK-X 10 &amp; PXV Series\" \/>\n<meta property=\"og:description\" content=\"Product Overview The STILL EK-X 10 and PXV series are advanced vertical order pickers designed for high-performance picking operations in both wide and very narrow aisle (VNA) warehouses. With picking heights of up to 14.5 meters and load capacities up to 1,200 kg, these trucks represent a new dimension in efficiency, safety, and ergonomics. Developed [&hellip;]\" \/>\n<meta property=\"og:url\" content=\"https:\/\/goldbellvn.ifdemo.com\/vi\/san-pham\/ek-x-10-pxv-series\/\" \/>\n<meta property=\"og:site_name\" content=\"Goldbell\" \/>\n<meta property=\"article:modified_time\" content=\"2026-04-01T05:12:02+00:00\" \/>\n<meta property=\"og:image\" content=\"https:\/\/goldbellvn.ifdemo.com\/wp-content\/uploads\/2026\/04\/STILL_Produkt_PXV-1000kg_Mobile_800x800.webp\" \/>\n\t<meta property=\"og:image:width\" content=\"800\" \/>\n\t<meta property=\"og:image:height\" content=\"800\" \/>\n\t<meta property=\"og:image:type\" content=\"image\/webp\" \/>\n<meta name=\"twitter:card\" content=\"summary_large_image\" \/>\n<meta name=\"twitter:label1\" content=\"\u01af\u1edbc t\u00ednh th\u1eddi gian \u0111\u1ecdc\" \/>\n\t<meta name=\"twitter:data1\" content=\"3 ph\u00fat\" \/>\n<script type=\"application\/ld+json\" class=\"yoast-schema-graph\">{\"@context\":\"https:\/\/schema.org\",\"@graph\":[{\"@type\":\"WebPage\",\"@id\":\"https:\/\/goldbellvn.ifdemo.com\/product\/ek-x-10-pxv-series\/\",\"url\":\"https:\/\/goldbellvn.ifdemo.com\/product\/ek-x-10-pxv-series\/\",\"name\":\"EK-X 10 & PXV Series - Goldbell\",\"isPartOf\":{\"@id\":\"https:\/\/goldbellvn.ifdemo.com\/#website\"},\"primaryImageOfPage\":{\"@id\":\"https:\/\/goldbellvn.ifdemo.com\/product\/ek-x-10-pxv-series\/#primaryimage\"},\"image\":{\"@id\":\"https:\/\/goldbellvn.ifdemo.com\/product\/ek-x-10-pxv-series\/#primaryimage\"},\"thumbnailUrl\":\"https:\/\/goldbellvn.ifdemo.com\/wp-content\/uploads\/2026\/04\/STILL_Produkt_PXV-1000kg_Mobile_800x800.webp\",\"datePublished\":\"2026-04-01T05:12:01+00:00\",\"dateModified\":\"2026-04-01T05:12:02+00:00\",\"breadcrumb\":{\"@id\":\"https:\/\/goldbellvn.ifdemo.com\/product\/ek-x-10-pxv-series\/#breadcrumb\"},\"inLanguage\":\"vi\",\"potentialAction\":[{\"@type\":\"ReadAction\",\"target\":[\"https:\/\/goldbellvn.ifdemo.com\/product\/ek-x-10-pxv-series\/\"]}]},{\"@type\":\"ImageObject\",\"inLanguage\":\"vi\",\"@id\":\"https:\/\/goldbellvn.ifdemo.com\/product\/ek-x-10-pxv-series\/#primaryimage\",\"url\":\"https:\/\/goldbellvn.ifdemo.com\/wp-content\/uploads\/2026\/04\/STILL_Produkt_PXV-1000kg_Mobile_800x800.webp\",\"contentUrl\":\"https:\/\/goldbellvn.ifdemo.com\/wp-content\/uploads\/2026\/04\/STILL_Produkt_PXV-1000kg_Mobile_800x800.webp\",\"width\":800,\"height\":800},{\"@type\":\"BreadcrumbList\",\"@id\":\"https:\/\/goldbellvn.ifdemo.com\/product\/ek-x-10-pxv-series\/#breadcrumb\",\"itemListElement\":[{\"@type\":\"ListItem\",\"position\":1,\"name\":\"Home\",\"item\":\"https:\/\/goldbellvn.ifdemo.com\/\"},{\"@type\":\"ListItem\",\"position\":2,\"name\":\"Products\",\"item\":\"https:\/\/goldbellvn.ifdemo.com\/shop\/\"},{\"@type\":\"ListItem\",\"position\":3,\"name\":\"EK-X 10 &#038; PXV Series\"}]},{\"@type\":\"WebSite\",\"@id\":\"https:\/\/goldbellvn.ifdemo.com\/#website\",\"url\":\"https:\/\/goldbellvn.ifdemo.com\/\",\"name\":\"Goldbell\",\"description\":\"\",\"publisher\":{\"@id\":\"https:\/\/goldbellvn.ifdemo.com\/#organization\"},\"potentialAction\":[{\"@type\":\"SearchAction\",\"target\":{\"@type\":\"EntryPoint\",\"urlTemplate\":\"https:\/\/goldbellvn.ifdemo.com\/?s={search_term_string}\"},\"query-input\":{\"@type\":\"PropertyValueSpecification\",\"valueRequired\":true,\"valueName\":\"search_term_string\"}}],\"inLanguage\":\"vi\"},{\"@type\":\"Organization\",\"@id\":\"https:\/\/goldbellvn.ifdemo.com\/#organization\",\"name\":\"Goldbell\",\"url\":\"https:\/\/goldbellvn.ifdemo.com\/\",\"logo\":{\"@type\":\"ImageObject\",\"inLanguage\":\"vi\",\"@id\":\"https:\/\/goldbellvn.ifdemo.com\/#\/schema\/logo\/image\/\",\"url\":\"https:\/\/goldbellvn.ifdemo.com\/wp-content\/uploads\/2025\/09\/logo.svg\",\"contentUrl\":\"https:\/\/goldbellvn.ifdemo.com\/wp-content\/uploads\/2025\/09\/logo.svg\",\"width\":18,\"height\":23,\"caption\":\"Goldbell\"},\"image\":{\"@id\":\"https:\/\/goldbellvn.ifdemo.com\/#\/schema\/logo\/image\/\"}}]}<\/script>\n<!-- \/ Yoast SEO Premium plugin. -->","yoast_head_json":{"title":"EK-X 10 & PXV Series - Goldbell","robots":{"index":"noindex","follow":"follow","max-snippet":"max-snippet:-1","max-image-preview":"max-image-preview:large","max-video-preview":"max-video-preview:-1"},"og_locale":"vi_VN","og_type":"article","og_title":"EK-X 10 & PXV Series","og_description":"Product Overview The STILL EK-X 10 and PXV series are advanced vertical order pickers designed for high-performance picking operations in both wide and very narrow aisle (VNA) warehouses. With picking heights of up to 14.5 meters and load capacities up to 1,200 kg, these trucks represent a new dimension in efficiency, safety, and ergonomics. Developed [&hellip;]","og_url":"https:\/\/goldbellvn.ifdemo.com\/vi\/san-pham\/ek-x-10-pxv-series\/","og_site_name":"Goldbell","article_modified_time":"2026-04-01T05:12:02+00:00","og_image":[{"width":800,"height":800,"url":"https:\/\/goldbellvn.ifdemo.com\/wp-content\/uploads\/2026\/04\/STILL_Produkt_PXV-1000kg_Mobile_800x800.webp","type":"image\/webp"}],"twitter_card":"summary_large_image","twitter_misc":{"\u01af\u1edbc t\u00ednh th\u1eddi gian \u0111\u1ecdc":"3 ph\u00fat"},"schema":{"@context":"https:\/\/schema.org","@graph":[{"@type":"WebPage","@id":"https:\/\/goldbellvn.ifdemo.com\/product\/ek-x-10-pxv-series\/","url":"https:\/\/goldbellvn.ifdemo.com\/product\/ek-x-10-pxv-series\/","name":"EK-X 10 & PXV Series - Goldbell","isPartOf":{"@id":"https:\/\/goldbellvn.ifdemo.com\/#website"},"primaryImageOfPage":{"@id":"https:\/\/goldbellvn.ifdemo.com\/product\/ek-x-10-pxv-series\/#primaryimage"},"image":{"@id":"https:\/\/goldbellvn.ifdemo.com\/product\/ek-x-10-pxv-series\/#primaryimage"},"thumbnailUrl":"https:\/\/goldbellvn.ifdemo.com\/wp-content\/uploads\/2026\/04\/STILL_Produkt_PXV-1000kg_Mobile_800x800.webp","datePublished":"2026-04-01T05:12:01+00:00","dateModified":"2026-04-01T05:12:02+00:00","breadcrumb":{"@id":"https:\/\/goldbellvn.ifdemo.com\/product\/ek-x-10-pxv-series\/#breadcrumb"},"inLanguage":"vi","potentialAction":[{"@type":"ReadAction","target":["https:\/\/goldbellvn.ifdemo.com\/product\/ek-x-10-pxv-series\/"]}]},{"@type":"ImageObject","inLanguage":"vi","@id":"https:\/\/goldbellvn.ifdemo.com\/product\/ek-x-10-pxv-series\/#primaryimage","url":"https:\/\/goldbellvn.ifdemo.com\/wp-content\/uploads\/2026\/04\/STILL_Produkt_PXV-1000kg_Mobile_800x800.webp","contentUrl":"https:\/\/goldbellvn.ifdemo.com\/wp-content\/uploads\/2026\/04\/STILL_Produkt_PXV-1000kg_Mobile_800x800.webp","width":800,"height":800},{"@type":"BreadcrumbList","@id":"https:\/\/goldbellvn.ifdemo.com\/product\/ek-x-10-pxv-series\/#breadcrumb","itemListElement":[{"@type":"ListItem","position":1,"name":"Home","item":"https:\/\/goldbellvn.ifdemo.com\/"},{"@type":"ListItem","position":2,"name":"Products","item":"https:\/\/goldbellvn.ifdemo.com\/shop\/"},{"@type":"ListItem","position":3,"name":"EK-X 10 &#038; PXV Series"}]},{"@type":"WebSite","@id":"https:\/\/goldbellvn.ifdemo.com\/#website","url":"https:\/\/goldbellvn.ifdemo.com\/","name":"Goldbell","description":"","publisher":{"@id":"https:\/\/goldbellvn.ifdemo.com\/#organization"},"potentialAction":[{"@type":"SearchAction","target":{"@type":"EntryPoint","urlTemplate":"https:\/\/goldbellvn.ifdemo.com\/?s={search_term_string}"},"query-input":{"@type":"PropertyValueSpecification","valueRequired":true,"valueName":"search_term_string"}}],"inLanguage":"vi"},{"@type":"Organization","@id":"https:\/\/goldbellvn.ifdemo.com\/#organization","name":"Goldbell","url":"https:\/\/goldbellvn.ifdemo.com\/","logo":{"@type":"ImageObject","inLanguage":"vi","@id":"https:\/\/goldbellvn.ifdemo.com\/#\/schema\/logo\/image\/","url":"https:\/\/goldbellvn.ifdemo.com\/wp-content\/uploads\/2025\/09\/logo.svg","contentUrl":"https:\/\/goldbellvn.ifdemo.com\/wp-content\/uploads\/2025\/09\/logo.svg","width":18,"height":23,"caption":"Goldbell"},"image":{"@id":"https:\/\/goldbellvn.ifdemo.com\/#\/schema\/logo\/image\/"}}]}},"_links":{"self":[{"href":"https:\/\/goldbellvn.ifdemo.com\/vi\/wp-json\/wp\/v2\/product\/3313","targetHints":{"allow":["GET"]}}],"collection":[{"href":"https:\/\/goldbellvn.ifdemo.com\/vi\/wp-json\/wp\/v2\/product"}],"about":[{"href":"https:\/\/goldbellvn.ifdemo.com\/vi\/wp-json\/wp\/v2\/types\/product"}],"wp:featuredmedia":[{"embeddable":true,"href":"https:\/\/goldbellvn.ifdemo.com\/vi\/wp-json\/wp\/v2\/media\/3330"}],"wp:attachment":[{"href":"https:\/\/goldbellvn.ifdemo.com\/vi\/wp-json\/wp\/v2\/media?parent=3313"}],"wp:term":[{"taxonomy":"model-type","embeddable":true,"href":"https:\/\/goldbellvn.ifdemo.com\/vi\/wp-json\/wp\/v2\/model-type?post=3313"},{"taxonomy":"product_brand","embeddable":true,"href":"https:\/\/goldbellvn.ifdemo.com\/vi\/wp-json\/wp\/v2\/product_brand?post=3313"},{"taxonomy":"product_cat","embeddable":true,"href":"https:\/\/goldbellvn.ifdemo.com\/vi\/wp-json\/wp\/v2\/product_cat?post=3313"},{"taxonomy":"product_tag","embeddable":true,"href":"https:\/\/goldbellvn.ifdemo.com\/vi\/wp-json\/wp\/v2\/product_tag?post=3313"}],"curies":[{"name":"wp","href":"https:\/\/api.w.org\/{rel}","templated":true}]}}