{"id":3345,"date":"2026-04-01T12:14:36","date_gmt":"2026-04-01T05:14:36","guid":{"rendered":"https:\/\/goldbell.123websitedev.com\/?post_type=product&#038;p=3345"},"modified":"2026-04-01T12:14:37","modified_gmt":"2026-04-01T05:14:37","slug":"very-narrow-aisle-truck-nxv-turret-head-telescopic-fork","status":"publish","type":"product","link":"https:\/\/goldbellvn.ifdemo.com\/vi\/san-pham\/very-narrow-aisle-truck-nxv-turret-head-telescopic-fork\/","title":{"rendered":"Xe n\u00e2ng l\u1ed1i \u0111i r\u1ea5t h\u1eb9p NXV (\u0111\u1ea7u quay \/ c\u00e0ng \u1ed1ng l\u1ed3ng)"},"content":{"rendered":"<h2 data-section-id=\"1bovg99\" data-start=\"194\" data-end=\"217\"><span role=\"text\"><strong data-start=\"197\" data-end=\"217\">T\u1ed5ng quan s\u1ea3n ph\u1ea9m<\/strong><\/span><\/h2>\n<p data-start=\"219\" data-end=\"563\">STILL NXV l\u00e0 d\u00f2ng xe n\u00e2ng l\u1ed1i \u0111i r\u1ea5t h\u1eb9p (VNA) hi\u1ec7u su\u1ea5t cao, \u0111\u01b0\u1ee3c thi\u1ebft k\u1ebf \u0111\u1ec3 t\u1ed1i \u0111a h\u00f3a m\u1eadt \u0111\u1ed9 l\u01b0u tr\u1eef v\u00e0 t\u1ed1i \u01b0u hi\u1ec7u qu\u1ea3 x\u1eed l\u00fd h\u00e0ng h\u00f3a trong c\u00e1c kho k\u1ec7 cao. V\u1edbi t\u1ea3i tr\u1ecdng l\u00ean \u0111\u1ebfn 1.500 kg v\u00e0 chi\u1ec1u cao n\u00e2ng t\u1ed1i \u0111a 13,8 m\u00e9t, NXV l\u00e0 gi\u1ea3i ph\u00e1p l\u00fd t\u01b0\u1edfng cho c\u00e1c ho\u1ea1t \u0111\u1ed9ng y\u00eau c\u1ea7u \u0111\u1ed9 ch\u00ednh x\u00e1c, an to\u00e0n v\u00e0 n\u0103ng su\u1ea5t cao trong kh\u00f4ng gian h\u1ea1n ch\u1ebf.<\/p>\n<p data-start=\"565\" data-end=\"854\">\u0110\u01b0\u1ee3c ph\u00e1t tri\u1ec3n b\u1edfi <span class=\"hover:entity-accent entity-underline inline cursor-pointer align-baseline\"><span class=\"whitespace-normal\">STILL GmbH<\/span><\/span>, NXV k\u1ebft h\u1ee3p c\u00e1c h\u1ec7 th\u1ed1ng h\u1ed7 tr\u1ee3 ti\u00ean ti\u1ebfn, thi\u1ebft k\u1ebf c\u00f4ng th\u00e1i h\u1ecdc v\u00e0 c\u00e1c c\u1ea5u h\u00ecnh linh ho\u1ea1t nh\u01b0 \u0111\u1ea7u quay (turret head) ho\u1eb7c c\u00e0ng \u1ed1ng l\u1ed3ng (telescopic fork). Xe \u0111\u01b0\u1ee3c thi\u1ebft k\u1ebf \u0111\u1ec3 mang l\u1ea1i hi\u1ec7u su\u1ea5t x\u1eed l\u00fd v\u01b0\u1ee3t tr\u1ed9i trong l\u1ed1i \u0111i h\u1eb9p v\u00e0 m\u00f4i tr\u01b0\u1eddng k\u1ec7 cao.<\/p>\n<p data-start=\"856\" data-end=\"873\">C\u00e1c model g\u1ed3m:<\/p>\n<ul data-start=\"875\" data-end=\"1045\">\n<li data-section-id=\"rrmsy3\" data-start=\"875\" data-end=\"938\">NXV v\u1edbi \u0111\u1ea7u quay (c\u1ed9t n\u00e2ng triplex, kh\u00f4ng c\u00f3 n\u00e2ng ph\u1ee5)<\/li>\n<li data-section-id=\"nzfxt5\" data-start=\"939\" data-end=\"998\">NXV v\u1edbi \u0111\u1ea7u quay (c\u1ed9t n\u00e2ng triplex c\u00f3 n\u00e2ng ph\u1ee5)<\/li>\n<li data-section-id=\"2bil68\" data-start=\"999\" data-end=\"1045\">NXV v\u1edbi c\u00e0ng \u1ed1ng l\u1ed3ng (c\u1ed9t n\u00e2ng telescopic)<\/li>\n<\/ul>\n<hr data-start=\"1047\" data-end=\"1050\" \/>\n<h2 data-section-id=\"1pi78xj\" data-start=\"1052\" data-end=\"1082\"><span role=\"text\"><strong data-start=\"1055\" data-end=\"1082\">T\u00ednh n\u0103ng &amp; l\u1ee3i \u00edch ch\u00ednh<\/strong><\/span><\/h2>\n<h3 data-section-id=\"1u7zsjc\" data-start=\"1084\" data-end=\"1124\"><span role=\"text\"><strong data-start=\"1088\" data-end=\"1124\">1. Hi\u1ec7u su\u1ea5t kho cao m\u1ea1nh m\u1ebd<\/strong><\/span><\/h3>\n<ul data-start=\"1126\" data-end=\"1395\">\n<li data-section-id=\"1whryd9\" data-start=\"1126\" data-end=\"1200\">T\u1ea3i tr\u1ecdng l\u00ean \u0111\u1ebfn <strong data-start=\"1148\" data-end=\"1160\">1,500 kg<\/strong><\/li>\n<li data-section-id=\"c8zt82\" data-start=\"1201\" data-end=\"1241\">Chi\u1ec1u cao n\u00e2ng t\u1ed1i \u0111a <strong data-start=\"1224\" data-end=\"1239\">13.8 m\u00e9t<\/strong><\/li>\n<li data-section-id=\"3tfiru\" data-start=\"1242\" data-end=\"1292\">Kh\u1ea3 n\u0103ng x\u1eed l\u00fd h\u00e0ng h\u00f3a \u1ed5n \u0111\u1ecbnh \u1edf \u0111\u1ed9 cao l\u1edbn<\/li>\n<li data-section-id=\"stpu6l\" data-start=\"1293\" data-end=\"1346\">T\u1ed1i \u01b0u h\u00f3a kh\u00f4ng gian kho t\u1ed1i \u0111a<\/li>\n<li data-section-id=\"5w1t3g\" data-start=\"1347\" data-end=\"1395\">\u0110\u1ed9 \u1ed5n \u0111\u1ecbnh cao khi v\u1eadn h\u00e0nh trong h\u1ec7 th\u1ed1ng k\u1ec7 cao<\/li>\n<\/ul>\n<hr data-start=\"1397\" data-end=\"1400\" \/>\n<h3 data-section-id=\"12eost\" data-start=\"1402\" data-end=\"1443\"><span role=\"text\"><strong data-start=\"1406\" data-end=\"1443\">2. H\u1ec7 th\u1ed1ng h\u1ed7 tr\u1ee3 th\u00f4ng minh<\/strong><\/span><\/h3>\n<ul data-start=\"1445\" data-end=\"1819\">\n<li data-section-id=\"4mt6xi\" data-start=\"1445\" data-end=\"1508\"><strong data-start=\"1447\" data-end=\"1467\">H\u1ec7 th\u1ed1ng OptiSpeed<\/strong> t\u1ef1 \u0111i\u1ec1u ch\u1ec9nh t\u1ed1c \u0111\u1ed9 theo chi\u1ec1u cao n\u00e2ng<\/li>\n<li data-section-id=\"bzqckh\" data-start=\"1509\" data-end=\"1592\"><strong data-start=\"1511\" data-end=\"1546\">H\u1ec7 th\u1ed1ng \u1ed5n \u0111\u1ecbnh t\u1ea3i ch\u1ee7 \u0111\u1ed9ng<\/strong> t\u0103ng \u0111\u1ed9 \u1ed5n \u0111\u1ecbnh v\u00e0 n\u0103ng su\u1ea5t<\/li>\n<li data-section-id=\"ohpzf1\" data-start=\"1593\" data-end=\"1674\"><strong data-start=\"1595\" data-end=\"1630\">H\u1ec7 th\u1ed1ng phanh d\u1ef1 \u0111o\u00e1n (PBS)<\/strong> detects obstacles and prevents collisions<\/li>\n<li data-section-id=\"ys5xth\" data-start=\"1675\" data-end=\"1747\"><strong data-start=\"1677\" data-end=\"1720\">H\u1ec7 th\u1ed1ng b\u1ea3o v\u1ec7 c\u00e1 nh\u00e2n di \u0111\u1ed9ng (PPS)<\/strong> ph\u00e1t hi\u1ec7n ng\u01b0\u1eddi trong l\u1ed1i \u0111i<\/li>\n<li data-section-id=\"13v2lrl\" data-start=\"1748\" data-end=\"1819\"><strong data-start=\"1750\" data-end=\"1774\">H\u1ec7 th\u1ed1ng d\u1eabn \u0111\u01b0\u1eddng iGo pilot<\/strong> gi\u00fap \u0111\u1ecbnh v\u1ecb v\u00e0 \u0111i\u1ec1u h\u01b0\u1edbng th\u00f4ng minh<\/li>\n<\/ul>\n<hr data-start=\"1821\" data-end=\"1824\" \/>\n<h3 data-section-id=\"xjcfzg\" data-start=\"1826\" data-end=\"1863\"><span role=\"text\"><strong data-start=\"1830\" data-end=\"1863\">3. C\u00f4ng th\u00e1i h\u1ecdc cho ng\u01b0\u1eddi v\u1eadn h\u00e0nh<\/strong><\/span><\/h3>\n<ul data-start=\"1865\" data-end=\"2147\">\n<li data-section-id=\"16yvy5q\" data-start=\"1865\" data-end=\"1927\">Tay \u0111i\u1ec1u khi\u1ec3n <strong data-start=\"1878\" data-end=\"1896\">Joystick 4Plus<\/strong> cho thao t\u00e1c ch\u00ednh x\u00e1c b\u1eb1ng m\u1ed9t tay<\/li>\n<li data-section-id=\"1k6xu7w\" data-start=\"1928\" data-end=\"1972\">Khoang l\u00e1i r\u1ed9ng r\u00e3i, gi\u1ea3m rung v\u00e0 h\u1ea5p th\u1ee5 ch\u1ea5n \u0111\u1ed9ng<\/li>\n<li data-section-id=\"1bsnjp4\" data-start=\"1973\" data-end=\"2030\">M\u00e0n h\u00ecnh STILL Easy Control v\u1edbi kh\u1ea3 n\u0103ng t\u00f9y ch\u1ec9nh<\/li>\n<li data-section-id=\"hj1q54\" data-start=\"2031\" data-end=\"2092\">Gi\u1ea3m m\u1ec7t m\u1ecfi nh\u1edd \u0111i\u1ec1u khi\u1ec3n tr\u1ef1c quan, ph\u1ea3n h\u1ed3i nhanh<\/li>\n<li data-section-id=\"xeea3w\" data-start=\"2093\" data-end=\"2147\">T\u1ed1i \u01b0u t\u01b0 th\u1ebf l\u00e0m vi\u1ec7c trong ca d\u00e0i<\/li>\n<\/ul>\n<hr data-start=\"2149\" data-end=\"2152\" \/>\n<h3 data-section-id=\"1crzfwm\" data-start=\"2154\" data-end=\"2186\"><span role=\"text\"><strong data-start=\"2158\" data-end=\"2186\">4. Ti\u00eau chu\u1ea9n an to\u00e0n cao<\/strong><\/span><\/h3>\n<ul data-start=\"2188\" data-end=\"2483\">\n<li data-section-id=\"13nc787\" data-start=\"2188\" data-end=\"2255\">H\u1ec7 th\u1ed1ng laser scanner v\u1edbi ph\u1ea1m vi ph\u00e1t hi\u1ec7n <strong data-start=\"2239\" data-end=\"2253\">8-9 meters<\/strong><\/li>\n<li data-section-id=\"1nz66zp\" data-start=\"2256\" data-end=\"2321\">T\u1ef1 \u0111\u1ed9ng gi\u1ea3m t\u1ed1c v\u00e0 phanh khi c\u00f3 nguy c\u01a1<\/li>\n<li data-section-id=\"t2oq1z\" data-start=\"2322\" data-end=\"2368\">\u0110\u00e8n an to\u00e0n STILL Safety Light t\u0103ng kh\u1ea3 n\u0103ng quan s\u00e1t<\/li>\n<li data-section-id=\"1dp21hj\" data-start=\"2369\" data-end=\"2437\">Camera v\u00e0 laser ch\u00e9o h\u1ed7 tr\u1ee3 \u0111\u1ecbnh v\u1ecb h\u00e0ng h\u00f3a ch\u00ednh x\u00e1c<\/li>\n<li data-section-id=\"ap7jop\" data-start=\"2438\" data-end=\"2483\">Tu\u00e2n th\u1ee7 \u0111\u1ea7y \u0111\u1ee7 ti\u00eau chu\u1ea9n an to\u00e0n VNA<\/li>\n<\/ul>\n<hr data-start=\"2485\" data-end=\"2488\" \/>\n<h3 data-section-id=\"w3rv9z\" data-start=\"2490\" data-end=\"2527\"><span role=\"text\"><strong data-start=\"2494\" data-end=\"2527\">5. Thi\u1ebft k\u1ebf nh\u1ecf g\u1ecdn &amp; hi\u1ec7u qu\u1ea3<\/strong><\/span><\/h3>\n<ul data-start=\"2529\" data-end=\"2847\">\n<li data-section-id=\"oj69ny\" data-start=\"2529\" data-end=\"2587\">Thi\u1ebft k\u1ebf chuy\u00ean d\u1ee5ng <strong data-start=\"2557\" data-end=\"2585\">cho l\u1ed1i \u0111i r\u1ea5t h\u1eb9p<\/strong><\/li>\n<li data-section-id=\"1ytk62d\" data-start=\"2588\" data-end=\"2691\">Chi\u1ec1u r\u1ed9ng l\u1ed1i \u0111i l\u00e0m vi\u1ec7c ch\u1ec9 t\u1eeb kho\u1ea3ng <strong data-start=\"2640\" data-end=\"2651\">1380 mm<\/strong><\/li>\n<li data-section-id=\"cjphme\" data-start=\"2692\" data-end=\"2749\">\u0110\u1ea7u quay cho ph\u00e9p l\u1ea5y h\u00e0ng t\u1eeb c\u1ea3 hai ph\u00eda k\u1ec7<\/li>\n<li data-section-id=\"12fiegt\" data-start=\"2750\" data-end=\"2804\">C\u00e0ng \u1ed1ng l\u1ed3ng h\u1ed7 tr\u1ee3 x\u1eed l\u00fd h\u00e0ng ngang nhanh<\/li>\n<li data-section-id=\"1szpxgi\" data-start=\"2805\" data-end=\"2847\">Ph\u00f9 h\u1ee3p h\u1ec7 th\u1ed1ng kho m\u1eadt \u0111\u1ed9 cao<\/li>\n<\/ul>\n<hr data-start=\"2849\" data-end=\"2852\" \/>\n<h3 data-section-id=\"1tcb89o\" data-start=\"2854\" data-end=\"2897\"><span role=\"text\"><strong data-start=\"2858\" data-end=\"2897\">6. Hi\u1ec7u qu\u1ea3 n\u0103ng l\u01b0\u1ee3ng &amp; kh\u1ea3 n\u0103ng s\u1eb5n s\u00e0ng v\u1eadn h\u00e0nh<\/strong><\/span><\/h3>\n<ul data-start=\"2899\" data-end=\"3191\">\n<li data-section-id=\"slai3o\" data-start=\"2899\" data-end=\"3000\">H\u1ec7 th\u1ed1ng pin 48V c\u00f4ng su\u1ea5t cao, l\u00ean \u0111\u1ebfn <strong data-start=\"2940\" data-end=\"2960\">1120 Ah<\/strong><\/li>\n<li data-section-id=\"1rict0i\" data-start=\"3001\" data-end=\"3049\">T\u00f9y ch\u1ecdn pin Lithium-ion h\u1ed7 tr\u1ee3 s\u1ea1c c\u01a1 h\u1ed9i<\/li>\n<li data-section-id=\"nslifi\" data-start=\"3050\" data-end=\"3101\">H\u1ec7 th\u1ed1ng phanh t\u00e1i t\u1ea1o n\u0103ng l\u01b0\u1ee3ngH\u1ec7 th\u1ed1ng phanh t\u00e1i sinh n\u0103ng l\u01b0\u1ee3ng<\/li>\n<li data-section-id=\"1fs9fl5\" data-start=\"3102\" data-end=\"3141\">C\u00f4ng ngh\u1ec7 \u0111\u1ed9ng c\u01a1 AC \u00edt b\u1ea3o tr\u00ec<\/li>\n<li data-section-id=\"zhltht\" data-start=\"3142\" data-end=\"3191\">Ph\u00f9 h\u1ee3p v\u1eadn h\u00e0nh \u0111a ca c\u01b0\u1eddng \u0111\u1ed9 cao<\/li>\n<\/ul>\n<hr data-start=\"3193\" data-end=\"3196\" \/>\n<h3 data-section-id=\"1ih0a5i\" data-start=\"3198\" data-end=\"3245\"><span role=\"text\"><strong data-start=\"3202\" data-end=\"3245\">7. Linh ho\u1ea1t \u1ee9ng d\u1ee5ng &amp; c\u1ea5u h\u00ecnh<\/strong><\/span><\/h3>\n<ul data-start=\"3247\" data-end=\"3494\">\n<li data-section-id=\"rf50ci\" data-start=\"3247\" data-end=\"3291\">L\u1ef1a ch\u1ecdn \u0111\u1ea7u quay ho\u1eb7c c\u00e0ng \u1ed1ng l\u1ed3ng<\/li>\n<li data-section-id=\"1bdloo8\" data-start=\"3292\" data-end=\"3345\">Thi\u1ebft k\u1ebf m\u00f4-\u0111un theo nhu c\u1ea7u kho<\/li>\n<li data-section-id=\"hy5fou\" data-start=\"3346\" data-end=\"3400\">Nhi\u1ec1u c\u1ea5u h\u00ecnh c\u1ed9t n\u00e2ng (triplex, telescopic)<\/li>\n<li data-section-id=\"1tzvbv0\" data-start=\"3401\" data-end=\"3439\">T\u00edch h\u1ee3p h\u1ec7 th\u1ed1ng WMS qua iGo pilot<\/li>\n<li data-section-id=\"c2pin5\" data-start=\"3440\" data-end=\"3494\">T\u01b0\u01a1ng th\u00edch FleetManager 4.x \u0111\u1ec3 qu\u1ea3n l\u00fd \u0111\u1ed9i xe<\/li>\n<\/ul>\n<hr data-start=\"3496\" data-end=\"3499\" \/>\n<h2 data-section-id=\"k0zlak\" data-start=\"3501\" data-end=\"3520\"><span role=\"text\"><strong data-start=\"3504\" data-end=\"3520\">\u1ee8ng d\u1ee5ng<\/strong><\/span><\/h2>\n<p data-start=\"3522\" data-end=\"3549\">STILL NXV ph\u00f9 h\u1ee3p l\u00fd t\u01b0\u1edfng cho:<\/p>\n<h3 data-section-id=\"1trj2rg\" data-start=\"3551\" data-end=\"3597\"><span role=\"text\"><strong data-start=\"3555\" data-end=\"3597\">1. Kho l\u1ed1i \u0111i r\u1ea5t h\u1eb9p (VNA)<\/strong><\/span><\/h3>\n<ul data-start=\"3599\" data-end=\"3685\">\n<li data-section-id=\"1vxc9mk\" data-start=\"3599\" data-end=\"3631\">H\u1ec7 th\u1ed1ng l\u01b0u tr\u1eef m\u1eadt \u0111\u1ed9 cao<\/li>\n<li data-section-id=\"1wfbdft\" data-start=\"3632\" data-end=\"3685\">T\u1ed1i \u0111a h\u00f3a kh\u00f4ng gian theo chi\u1ec1u \u0111\u1ee9ng v\u00e0 ngang<\/li>\n<\/ul>\n<hr data-start=\"3687\" data-end=\"3690\" \/>\n<h3 data-section-id=\"1gnibtc\" data-start=\"3692\" data-end=\"3731\"><span role=\"text\"><strong data-start=\"3696\" data-end=\"3731\">2. Kho k\u1ec7 cao<\/strong><\/span><\/h3>\n<ul data-start=\"3733\" data-end=\"3838\">\n<li data-section-id=\"5ioycc\" data-start=\"3733\" data-end=\"3780\">X\u1eed l\u00fd h\u00e0ng h\u00f3a \u1edf \u0111\u1ed9 cao l\u00ean \u0111\u1ebfn 13.8 m\u00e9t<\/li>\n<li data-section-id=\"12es7qw\" data-start=\"3781\" data-end=\"3838\">L\u01b0u tr\u1eef v\u00e0 l\u1ea5y h\u00e0ng ch\u00ednh x\u00e1c trong h\u1ec7 th\u1ed1ng k\u1ec7 cao<\/li>\n<\/ul>\n<hr data-start=\"3840\" data-end=\"3843\" \/>\n<h3 data-section-id=\"1mgf7k0\" data-start=\"3845\" data-end=\"3893\"><span role=\"text\"><strong data-start=\"3849\" data-end=\"3893\">3. Trung t\u00e2m ph\u00e2n ph\u1ed1i &amp; logistics<\/strong><\/span><\/h3>\n<ul data-start=\"3895\" data-end=\"3980\">\n<li data-section-id=\"1ko70vi\" data-start=\"3895\" data-end=\"3930\">X\u1eed l\u00fd pallet s\u1ed1 l\u01b0\u1ee3ng l\u1edbn<\/li>\n<li data-section-id=\"1et6nwh\" data-start=\"3931\" data-end=\"3980\">T\u1ed1i \u01b0u quy tr\u00ecnh nh\u1eadp \u2013 xu\u1ea5t \u2013 l\u01b0u kho<\/li>\n<\/ul>\n<hr data-start=\"3982\" data-end=\"3985\" \/>\n<h3 data-section-id=\"b84fxa\" data-start=\"3987\" data-end=\"4035\"><span role=\"text\"><strong data-start=\"3991\" data-end=\"4035\">4. Nh\u00e0 m\u00e1y &amp; c\u00f4ng nghi\u1ec7p<\/strong><\/span><\/h3>\n<ul data-start=\"4037\" data-end=\"4133\">\n<li data-section-id=\"1bkpw33\" data-start=\"4037\" data-end=\"4090\">T\u1ed1i \u01b0u d\u00f2ng ch\u1ea3y v\u1eadt t\u01b0 n\u1ed9i b\u1ed9<\/li>\n<li data-section-id=\"1p2o4un\" data-start=\"4091\" data-end=\"4133\">X\u1eed l\u00fd an to\u00e0n h\u00e0ng h\u00f3a t\u1ea3i tr\u1ecdng trung b\u00ecnh \u0111\u1ebfn n\u1eb7ng<\/li>\n<\/ul>","protected":false},"excerpt":{"rendered":"<p>Product Overview The STILL NXV is a high-performance very narrow aisle (VNA) truck designed for maximum storage density and efficient material handling in high-bay warehouses. With load capacities up to 1,500 kg and lifting heights up to 13.8 meters, the NXV is the ideal solution for operations requiring precision, safety, and productivity in confined spaces. [&hellip;]<\/p>","protected":false},"featured_media":3353,"template":"","meta":{"_acf_changed":false,"inline_featured_image":false},"model-type":[70],"product_brand":[38],"product_cat":[57],"product_tag":[],"class_list":{"0":"post-3345","1":"product","2":"type-product","3":"status-publish","4":"has-post-thumbnail","6":"model-type-vna-truck","7":"product_brand-still","8":"product_cat-reach-trucks","10":"first","11":"instock","12":"shipping-taxable","13":"product-type-simple"},"acf":[],"yoast_head":"<!-- This site is optimized with the Yoast SEO Premium plugin v25.6 (Yoast SEO v25.6) - https:\/\/yoast.com\/wordpress\/plugins\/seo\/ -->\n<title>Very Narrow Aisle Truck NXV (Turret Head \/ Telescopic Fork) - Goldbell<\/title>\n<meta name=\"robots\" content=\"noindex, follow, max-snippet:-1, max-image-preview:large, max-video-preview:-1\" \/>\n<meta property=\"og:locale\" content=\"vi_VN\" \/>\n<meta property=\"og:type\" content=\"article\" \/>\n<meta property=\"og:title\" content=\"Very Narrow Aisle Truck NXV (Turret Head \/ Telescopic Fork)\" \/>\n<meta property=\"og:description\" content=\"Product Overview The STILL NXV is a high-performance very narrow aisle (VNA) truck designed for maximum storage density and efficient material handling in high-bay warehouses. With load capacities up to 1,500 kg and lifting heights up to 13.8 meters, the NXV is the ideal solution for operations requiring precision, safety, and productivity in confined spaces. [&hellip;]\" \/>\n<meta property=\"og:url\" content=\"https:\/\/goldbellvn.ifdemo.com\/vi\/san-pham\/very-narrow-aisle-truck-nxv-turret-head-telescopic-fork\/\" \/>\n<meta property=\"og:site_name\" content=\"Goldbell\" \/>\n<meta property=\"article:modified_time\" content=\"2026-04-01T05:14:37+00:00\" \/>\n<meta property=\"og:image\" content=\"https:\/\/goldbellvn.ifdemo.com\/wp-content\/uploads\/2026\/04\/STILL_NXV_Produktfoto_Mobile_800x800.webp\" \/>\n\t<meta property=\"og:image:width\" content=\"800\" \/>\n\t<meta property=\"og:image:height\" content=\"800\" \/>\n\t<meta property=\"og:image:type\" content=\"image\/webp\" \/>\n<meta name=\"twitter:card\" content=\"summary_large_image\" \/>\n<meta name=\"twitter:label1\" content=\"\u01af\u1edbc t\u00ednh th\u1eddi gian \u0111\u1ecdc\" \/>\n\t<meta name=\"twitter:data1\" content=\"3 ph\u00fat\" \/>\n<script type=\"application\/ld+json\" class=\"yoast-schema-graph\">{\"@context\":\"https:\/\/schema.org\",\"@graph\":[{\"@type\":\"WebPage\",\"@id\":\"https:\/\/goldbellvn.ifdemo.com\/product\/very-narrow-aisle-truck-nxv-turret-head-telescopic-fork\/\",\"url\":\"https:\/\/goldbellvn.ifdemo.com\/product\/very-narrow-aisle-truck-nxv-turret-head-telescopic-fork\/\",\"name\":\"Very Narrow Aisle Truck NXV (Turret Head \/ Telescopic Fork) - Goldbell\",\"isPartOf\":{\"@id\":\"https:\/\/goldbellvn.ifdemo.com\/#website\"},\"primaryImageOfPage\":{\"@id\":\"https:\/\/goldbellvn.ifdemo.com\/product\/very-narrow-aisle-truck-nxv-turret-head-telescopic-fork\/#primaryimage\"},\"image\":{\"@id\":\"https:\/\/goldbellvn.ifdemo.com\/product\/very-narrow-aisle-truck-nxv-turret-head-telescopic-fork\/#primaryimage\"},\"thumbnailUrl\":\"https:\/\/goldbellvn.ifdemo.com\/wp-content\/uploads\/2026\/04\/STILL_NXV_Produktfoto_Mobile_800x800.webp\",\"datePublished\":\"2026-04-01T05:14:36+00:00\",\"dateModified\":\"2026-04-01T05:14:37+00:00\",\"breadcrumb\":{\"@id\":\"https:\/\/goldbellvn.ifdemo.com\/product\/very-narrow-aisle-truck-nxv-turret-head-telescopic-fork\/#breadcrumb\"},\"inLanguage\":\"vi\",\"potentialAction\":[{\"@type\":\"ReadAction\",\"target\":[\"https:\/\/goldbellvn.ifdemo.com\/product\/very-narrow-aisle-truck-nxv-turret-head-telescopic-fork\/\"]}]},{\"@type\":\"ImageObject\",\"inLanguage\":\"vi\",\"@id\":\"https:\/\/goldbellvn.ifdemo.com\/product\/very-narrow-aisle-truck-nxv-turret-head-telescopic-fork\/#primaryimage\",\"url\":\"https:\/\/goldbellvn.ifdemo.com\/wp-content\/uploads\/2026\/04\/STILL_NXV_Produktfoto_Mobile_800x800.webp\",\"contentUrl\":\"https:\/\/goldbellvn.ifdemo.com\/wp-content\/uploads\/2026\/04\/STILL_NXV_Produktfoto_Mobile_800x800.webp\",\"width\":800,\"height\":800},{\"@type\":\"BreadcrumbList\",\"@id\":\"https:\/\/goldbellvn.ifdemo.com\/product\/very-narrow-aisle-truck-nxv-turret-head-telescopic-fork\/#breadcrumb\",\"itemListElement\":[{\"@type\":\"ListItem\",\"position\":1,\"name\":\"Home\",\"item\":\"https:\/\/goldbellvn.ifdemo.com\/\"},{\"@type\":\"ListItem\",\"position\":2,\"name\":\"Products\",\"item\":\"https:\/\/goldbellvn.ifdemo.com\/shop\/\"},{\"@type\":\"ListItem\",\"position\":3,\"name\":\"Very Narrow Aisle Truck NXV (Turret Head \/ Telescopic Fork)\"}]},{\"@type\":\"WebSite\",\"@id\":\"https:\/\/goldbellvn.ifdemo.com\/#website\",\"url\":\"https:\/\/goldbellvn.ifdemo.com\/\",\"name\":\"Goldbell\",\"description\":\"\",\"publisher\":{\"@id\":\"https:\/\/goldbellvn.ifdemo.com\/#organization\"},\"potentialAction\":[{\"@type\":\"SearchAction\",\"target\":{\"@type\":\"EntryPoint\",\"urlTemplate\":\"https:\/\/goldbellvn.ifdemo.com\/?s={search_term_string}\"},\"query-input\":{\"@type\":\"PropertyValueSpecification\",\"valueRequired\":true,\"valueName\":\"search_term_string\"}}],\"inLanguage\":\"vi\"},{\"@type\":\"Organization\",\"@id\":\"https:\/\/goldbellvn.ifdemo.com\/#organization\",\"name\":\"Goldbell\",\"url\":\"https:\/\/goldbellvn.ifdemo.com\/\",\"logo\":{\"@type\":\"ImageObject\",\"inLanguage\":\"vi\",\"@id\":\"https:\/\/goldbellvn.ifdemo.com\/#\/schema\/logo\/image\/\",\"url\":\"https:\/\/goldbellvn.ifdemo.com\/wp-content\/uploads\/2025\/09\/logo.svg\",\"contentUrl\":\"https:\/\/goldbellvn.ifdemo.com\/wp-content\/uploads\/2025\/09\/logo.svg\",\"width\":18,\"height\":23,\"caption\":\"Goldbell\"},\"image\":{\"@id\":\"https:\/\/goldbellvn.ifdemo.com\/#\/schema\/logo\/image\/\"}}]}<\/script>\n<!-- \/ Yoast SEO Premium plugin. -->","yoast_head_json":{"title":"Very Narrow Aisle Truck NXV (Turret Head \/ Telescopic Fork) - Goldbell","robots":{"index":"noindex","follow":"follow","max-snippet":"max-snippet:-1","max-image-preview":"max-image-preview:large","max-video-preview":"max-video-preview:-1"},"og_locale":"vi_VN","og_type":"article","og_title":"Very Narrow Aisle Truck NXV (Turret Head \/ Telescopic Fork)","og_description":"Product Overview The STILL NXV is a high-performance very narrow aisle (VNA) truck designed for maximum storage density and efficient material handling in high-bay warehouses. With load capacities up to 1,500 kg and lifting heights up to 13.8 meters, the NXV is the ideal solution for operations requiring precision, safety, and productivity in confined spaces. [&hellip;]","og_url":"https:\/\/goldbellvn.ifdemo.com\/vi\/san-pham\/very-narrow-aisle-truck-nxv-turret-head-telescopic-fork\/","og_site_name":"Goldbell","article_modified_time":"2026-04-01T05:14:37+00:00","og_image":[{"width":800,"height":800,"url":"https:\/\/goldbellvn.ifdemo.com\/wp-content\/uploads\/2026\/04\/STILL_NXV_Produktfoto_Mobile_800x800.webp","type":"image\/webp"}],"twitter_card":"summary_large_image","twitter_misc":{"\u01af\u1edbc t\u00ednh th\u1eddi gian \u0111\u1ecdc":"3 ph\u00fat"},"schema":{"@context":"https:\/\/schema.org","@graph":[{"@type":"WebPage","@id":"https:\/\/goldbellvn.ifdemo.com\/product\/very-narrow-aisle-truck-nxv-turret-head-telescopic-fork\/","url":"https:\/\/goldbellvn.ifdemo.com\/product\/very-narrow-aisle-truck-nxv-turret-head-telescopic-fork\/","name":"Very Narrow Aisle Truck NXV (Turret Head \/ Telescopic Fork) - Goldbell","isPartOf":{"@id":"https:\/\/goldbellvn.ifdemo.com\/#website"},"primaryImageOfPage":{"@id":"https:\/\/goldbellvn.ifdemo.com\/product\/very-narrow-aisle-truck-nxv-turret-head-telescopic-fork\/#primaryimage"},"image":{"@id":"https:\/\/goldbellvn.ifdemo.com\/product\/very-narrow-aisle-truck-nxv-turret-head-telescopic-fork\/#primaryimage"},"thumbnailUrl":"https:\/\/goldbellvn.ifdemo.com\/wp-content\/uploads\/2026\/04\/STILL_NXV_Produktfoto_Mobile_800x800.webp","datePublished":"2026-04-01T05:14:36+00:00","dateModified":"2026-04-01T05:14:37+00:00","breadcrumb":{"@id":"https:\/\/goldbellvn.ifdemo.com\/product\/very-narrow-aisle-truck-nxv-turret-head-telescopic-fork\/#breadcrumb"},"inLanguage":"vi","potentialAction":[{"@type":"ReadAction","target":["https:\/\/goldbellvn.ifdemo.com\/product\/very-narrow-aisle-truck-nxv-turret-head-telescopic-fork\/"]}]},{"@type":"ImageObject","inLanguage":"vi","@id":"https:\/\/goldbellvn.ifdemo.com\/product\/very-narrow-aisle-truck-nxv-turret-head-telescopic-fork\/#primaryimage","url":"https:\/\/goldbellvn.ifdemo.com\/wp-content\/uploads\/2026\/04\/STILL_NXV_Produktfoto_Mobile_800x800.webp","contentUrl":"https:\/\/goldbellvn.ifdemo.com\/wp-content\/uploads\/2026\/04\/STILL_NXV_Produktfoto_Mobile_800x800.webp","width":800,"height":800},{"@type":"BreadcrumbList","@id":"https:\/\/goldbellvn.ifdemo.com\/product\/very-narrow-aisle-truck-nxv-turret-head-telescopic-fork\/#breadcrumb","itemListElement":[{"@type":"ListItem","position":1,"name":"Home","item":"https:\/\/goldbellvn.ifdemo.com\/"},{"@type":"ListItem","position":2,"name":"Products","item":"https:\/\/goldbellvn.ifdemo.com\/shop\/"},{"@type":"ListItem","position":3,"name":"Very Narrow Aisle Truck NXV (Turret Head \/ Telescopic Fork)"}]},{"@type":"WebSite","@id":"https:\/\/goldbellvn.ifdemo.com\/#website","url":"https:\/\/goldbellvn.ifdemo.com\/","name":"Goldbell","description":"","publisher":{"@id":"https:\/\/goldbellvn.ifdemo.com\/#organization"},"potentialAction":[{"@type":"SearchAction","target":{"@type":"EntryPoint","urlTemplate":"https:\/\/goldbellvn.ifdemo.com\/?s={search_term_string}"},"query-input":{"@type":"PropertyValueSpecification","valueRequired":true,"valueName":"search_term_string"}}],"inLanguage":"vi"},{"@type":"Organization","@id":"https:\/\/goldbellvn.ifdemo.com\/#organization","name":"Goldbell","url":"https:\/\/goldbellvn.ifdemo.com\/","logo":{"@type":"ImageObject","inLanguage":"vi","@id":"https:\/\/goldbellvn.ifdemo.com\/#\/schema\/logo\/image\/","url":"https:\/\/goldbellvn.ifdemo.com\/wp-content\/uploads\/2025\/09\/logo.svg","contentUrl":"https:\/\/goldbellvn.ifdemo.com\/wp-content\/uploads\/2025\/09\/logo.svg","width":18,"height":23,"caption":"Goldbell"},"image":{"@id":"https:\/\/goldbellvn.ifdemo.com\/#\/schema\/logo\/image\/"}}]}},"_links":{"self":[{"href":"https:\/\/goldbellvn.ifdemo.com\/vi\/wp-json\/wp\/v2\/product\/3345","targetHints":{"allow":["GET"]}}],"collection":[{"href":"https:\/\/goldbellvn.ifdemo.com\/vi\/wp-json\/wp\/v2\/product"}],"about":[{"href":"https:\/\/goldbellvn.ifdemo.com\/vi\/wp-json\/wp\/v2\/types\/product"}],"wp:featuredmedia":[{"embeddable":true,"href":"https:\/\/goldbellvn.ifdemo.com\/vi\/wp-json\/wp\/v2\/media\/3353"}],"wp:attachment":[{"href":"https:\/\/goldbellvn.ifdemo.com\/vi\/wp-json\/wp\/v2\/media?parent=3345"}],"wp:term":[{"taxonomy":"model-type","embeddable":true,"href":"https:\/\/goldbellvn.ifdemo.com\/vi\/wp-json\/wp\/v2\/model-type?post=3345"},{"taxonomy":"product_brand","embeddable":true,"href":"https:\/\/goldbellvn.ifdemo.com\/vi\/wp-json\/wp\/v2\/product_brand?post=3345"},{"taxonomy":"product_cat","embeddable":true,"href":"https:\/\/goldbellvn.ifdemo.com\/vi\/wp-json\/wp\/v2\/product_cat?post=3345"},{"taxonomy":"product_tag","embeddable":true,"href":"https:\/\/goldbellvn.ifdemo.com\/vi\/wp-json\/wp\/v2\/product_tag?post=3345"}],"curies":[{"name":"wp","href":"https:\/\/api.w.org\/{rel}","templated":true}]}}