{"id":3346,"date":"2026-04-01T12:17:35","date_gmt":"2026-04-01T05:17:35","guid":{"rendered":"https:\/\/goldbell.123websitedev.com\/?post_type=product&#038;p=3346"},"modified":"2026-04-01T12:17:45","modified_gmt":"2026-04-01T05:17:45","slug":"ech-12c-ech-15c-li-ion","status":"publish","type":"product","link":"https:\/\/goldbellvn.ifdemo.com\/vi\/san-pham\/ech-12c-ech-15c-li-ion\/","title":{"rendered":"ECH 12C &#038; ECH 15C (Li-Ion)"},"content":{"rendered":"<h2 data-section-id=\"1bovg99\" data-start=\"180\" data-end=\"203\"><span role=\"text\"><strong data-start=\"183\" data-end=\"203\">T\u1ed5ng quan s\u1ea3n ph\u1ea9m<\/strong><\/span><\/h2>\n<p data-start=\"205\" data-end=\"507\">The STILL ECH 12C and ECH 15C l\u00e0 c\u00e1c xe n\u00e2ng tay \u0111i\u1ec7n nh\u1ecf g\u1ecdn v\u00e0 nh\u1eb9, \u0111\u01b0\u1ee3c thi\u1ebft k\u1ebf nh\u01b0 m\u1ed9t gi\u1ea3i ph\u00e1p thay th\u1ebf hi\u1ec7u qu\u1ea3 cho xe n\u00e2ng tay th\u1ee7 c\u00f4ng. V\u1edbi t\u1ea3i tr\u1ecdng l\u00ean \u0111\u1ebfn 1.500 kg v\u00e0 tr\u1ecdng l\u01b0\u1ee3ng v\u1eadn h\u00e0nh si\u00eau nh\u1eb9 ch\u1ec9 115 kg, d\u00f2ng xe n\u00e0y l\u00fd t\u01b0\u1edfng cho vi\u1ec7c v\u1eadn chuy\u1ec3n h\u00e0ng h\u00f3a qu\u00e3ng ng\u1eafn trong kh\u00f4ng gian h\u1ea1n ch\u1ebf.<\/p>\n<p data-start=\"509\" data-end=\"786\">\u0110\u01b0\u1ee3c ph\u00e1t tri\u1ec3n b\u1edfi <span class=\"hover:entity-accent entity-underline inline cursor-pointer align-baseline\"><span class=\"whitespace-normal\">STILL GmbH<\/span><\/span>, c\u00e1c xe n\u00e0y k\u1ebft h\u1ee3p c\u00f4ng ngh\u1ec7 truy\u1ec1n \u0111\u1ed9ng \u0111i\u1ec7n, thi\u1ebft k\u1ebf c\u00f4ng th\u00e1i h\u1ecdc v\u00e0 hi\u1ec7u su\u1ea5t pin lithium-ion. Thi\u1ebft k\u1ebf nh\u1ecf g\u1ecdn gi\u00fap xe ph\u00f9 h\u1ee3p \u0111\u1ec3 s\u1eed d\u1ee5ng trong thang m\u00e1y, khu v\u1ef1c b\u00e1n l\u1ebb v\u00e0 c\u00e1c l\u1ed1i \u0111i h\u1eb9p trong kho.<\/p>\n<p data-start=\"788\" data-end=\"805\">C\u00e1c model g\u1ed3m:<\/p>\n<ul data-start=\"807\" data-end=\"844\">\n<li data-section-id=\"gvoqx5\" data-start=\"807\" data-end=\"825\">ECH 12C\/Li-Ion<\/li>\n<li data-section-id=\"tb60we\" data-start=\"826\" data-end=\"844\">ECH 15C\/Li-Ion<\/li>\n<\/ul>\n<hr data-start=\"846\" data-end=\"849\" \/>\n<h2 data-section-id=\"1pi78xj\" data-start=\"851\" data-end=\"881\"><span role=\"text\"><strong data-start=\"854\" data-end=\"881\">T\u00ednh n\u0103ng &amp; l\u1ee3i \u00edch ch\u00ednh<\/strong><\/span><\/h2>\n<h3 data-section-id=\"1scxqm\" data-start=\"883\" data-end=\"922\"><span role=\"text\"><strong data-start=\"887\" data-end=\"922\">1. Nh\u1ecf g\u1ecdn &amp; hi\u1ec7u qu\u1ea3 trong v\u1eadn h\u00e0nh<\/strong><\/span><\/h3>\n<ul data-start=\"924\" data-end=\"1201\">\n<li data-section-id=\"1whryd9\" data-start=\"924\" data-end=\"998\">T\u1ea3i tr\u1ecdng l\u00ean \u0111\u1ebfn <strong data-start=\"946\" data-end=\"958\">1,500 kg<\/strong><\/li>\n<li data-section-id=\"uhd0gs\" data-start=\"999\" data-end=\"1048\">Tr\u1ecdng l\u01b0\u1ee3ng v\u1eadn h\u00e0nh si\u00eau nh\u1eb9 ch\u1ec9 <strong data-start=\"1036\" data-end=\"1046\">115 kg<\/strong><\/li>\n<li data-section-id=\"1gngaqm\" data-start=\"1049\" data-end=\"1096\">Ph\u00f9 h\u1ee3p kh\u00f4ng gian h\u1eb9p v\u00e0 l\u1ed1i \u0111i nh\u1ecf<\/li>\n<li data-section-id=\"1sqtnl8\" data-start=\"1097\" data-end=\"1145\">Thay th\u1ebf ho\u00e0n h\u1ea3o cho xe n\u00e2ng tay th\u1ee7 c\u00f4ng<\/li>\n<li data-section-id=\"pjd99c\" data-start=\"1146\" data-end=\"1201\">V\u1eadn chuy\u1ec3n ngang hi\u1ec7u qu\u1ea3 cho qu\u00e3ng \u0111\u01b0\u1eddng ng\u1eafn<\/li>\n<\/ul>\n<hr data-start=\"1203\" data-end=\"1206\" \/>\n<h3 data-section-id=\"hupcw0\" data-start=\"1208\" data-end=\"1249\"><span role=\"text\"><strong data-start=\"1212\" data-end=\"1249\">2. V\u1eadn h\u00e0nh th\u00f4ng minh &amp; \u0111\u01a1n gi\u1ea3n<\/strong><\/span><\/h3>\n<ul data-start=\"1251\" data-end=\"1501\">\n<li data-section-id=\"nbzdu2\" data-start=\"1251\" data-end=\"1302\">Truy\u1ec1n \u0111\u1ed9ng v\u00e0 n\u00e2ng h\u1ea1 b\u1eb1ng \u0111i\u1ec7n, gi\u1ea3m s\u1ee9c lao \u0111\u1ed9ng<\/li>\n<li data-section-id=\"1mnwyr4\" data-start=\"1303\" data-end=\"1369\">Tay c\u1ea7m thi\u1ebft k\u1ebf c\u00f4ng th\u00e1i h\u1ecdc, ph\u00f9 h\u1ee3p c\u1ea3 ng\u01b0\u1eddi thu\u1eadn tay tr\u00e1i v\u00e0 ph\u1ea3i<\/li>\n<li data-section-id=\"nmspac\" data-start=\"1370\" data-end=\"1418\">\u0110\u00e8n LED hi\u1ec3n th\u1ecb pin (xanh \/ v\u00e0ng \/ \u0111\u1ecf)<\/li>\n<li data-section-id=\"onaiwr\" data-start=\"1419\" data-end=\"1462\">S\u1ea1c Plug &amp; Play d\u1ec5 s\u1eed d\u1ee5ng<\/li>\n<li data-section-id=\"1squ8bt\" data-start=\"1463\" data-end=\"1501\">H\u1ec7 th\u1ed1ng \u0111i\u1ec1u khi\u1ec3n DC kh\u00f4ng c\u1ea7n b\u1ea3o tr\u00ec<\/li>\n<\/ul>\n<hr data-start=\"1503\" data-end=\"1506\" \/>\n<h3 data-section-id=\"xjcfzg\" data-start=\"1508\" data-end=\"1545\"><span role=\"text\"><strong data-start=\"1512\" data-end=\"1545\">3. C\u00f4ng th\u00e1i h\u1ecdc cho ng\u01b0\u1eddi v\u1eadn h\u00e0nh<\/strong><\/span><\/h3>\n<ul data-start=\"1547\" data-end=\"1758\">\n<li data-section-id=\"10bygif\" data-start=\"1547\" data-end=\"1594\">Tay c\u1ea7m d\u1ec5 n\u1eafm, gi\u1ea3m m\u1ecfi khi l\u00e0m vi\u1ec7c l\u00e2u<\/li>\n<li data-section-id=\"cenml4\" data-start=\"1595\" data-end=\"1655\">Gi\u1ea3m t\u1ed1i \u0111a s\u1ee9c l\u1ef1c so v\u1edbi xe n\u00e2ng tay c\u01a1<\/li>\n<li data-section-id=\"y6z2s4\" data-start=\"1656\" data-end=\"1702\">N\u00e2ng h\u1ea1 m\u01b0\u1ee3t v\u00e0 ki\u1ec3m so\u00e1t t\u1ed1t<\/li>\n<li data-section-id=\"g0lgdb\" data-start=\"1703\" data-end=\"1758\">Tho\u1ea3i m\u00e1i khi l\u00e0m vi\u1ec7c trong kh\u00f4ng gian ch\u1eadt h\u1eb9p<\/li>\n<\/ul>\n<hr data-start=\"1760\" data-end=\"1763\" \/>\n<h3 data-section-id=\"1crzfwm\" data-start=\"1765\" data-end=\"1797\"><span role=\"text\"><strong data-start=\"1769\" data-end=\"1797\">4. Ti\u00eau chu\u1ea9n an to\u00e0n cao<\/strong><\/span><\/h3>\n<ul data-start=\"1799\" data-end=\"2032\">\n<li data-section-id=\"1sw37q0\" data-start=\"1799\" data-end=\"1835\">N\u00fat d\u1eebng kh\u1ea9n c\u1ea5p t\u00edch h\u1ee3p<\/li>\n<li data-section-id=\"yzq6gc\" data-start=\"1836\" data-end=\"1887\">T\u1ea5m c\u1ea3m bi\u1ebfn va ch\u1ea1m b\u1ea3o v\u1ec7 ch\u1ed1ng \u0111\u00e2m va<\/li>\n<li data-section-id=\"1rscnvr\" data-start=\"1888\" data-end=\"1933\">Khung xe \u1ed5n \u0111\u1ecbnh v\u1edbi tr\u1ecdng t\u00e2m th\u1ea5p<\/li>\n<li data-section-id=\"r8wj8s\" data-start=\"1934\" data-end=\"1980\">Ch\u1ee9c n\u0103ng ch\u1ea1y ch\u1eadm (creep speed) an to\u00e0n khi \u0111i\u1ec1u khi\u1ec3n<\/li>\n<li data-section-id=\"ws4pgp\" data-start=\"1981\" data-end=\"2032\">H\u1ec7 th\u1ed1ng phanh \u0111i\u1ec7n t\u1eeb \u0111\u00e1ng tin c\u1eady<\/li>\n<\/ul>\n<hr data-start=\"2034\" data-end=\"2037\" \/>\n<h3 data-section-id=\"1u9n7sn\" data-start=\"2039\" data-end=\"2079\"><span role=\"text\"><strong data-start=\"2043\" data-end=\"2079\">5. Thi\u1ebft k\u1ebf nh\u1ecf g\u1ecdn &amp; linh ho\u1ea1t<\/strong><\/span><\/h3>\n<ul data-start=\"2081\" data-end=\"2310\">\n<li data-section-id=\"1vfra35\" data-start=\"2081\" data-end=\"2165\">K\u00edch th\u01b0\u1edbc nh\u1ecf g\u1ecdn <strong data-start=\"2108\" data-end=\"2124\">(b\u1ec1 r\u1ed9ng ch\u1ec9 560 mm<\/strong>)<\/li>\n<li data-section-id=\"r6m8z4\" data-start=\"2166\" data-end=\"2205\">B\u00e1n k\u00ednh quay v\u00f2ng nh\u1ecf <strong data-start=\"2192\" data-end=\"2203\">1390 mm<\/strong><\/li>\n<li data-section-id=\"c76k2t\" data-start=\"2206\" data-end=\"2260\">D\u1ec5 v\u1eadn h\u00e0nh trong thang m\u00e1y, xe t\u1ea3i v\u00e0 l\u1ed1i \u0111i h\u1eb9p<\/li>\n<li data-section-id=\"myixnm\" data-start=\"2261\" data-end=\"2310\">Kh\u1ea3 n\u0103ng xoay tr\u1edf t\u1ed1t ngay c\u1ea3 khi tay c\u1ea7m d\u1ef1ng \u0111\u1ee9ng<\/li>\n<\/ul>\n<hr data-start=\"2312\" data-end=\"2315\" \/>\n<h3 data-section-id=\"1tcb89o\" data-start=\"2317\" data-end=\"2360\"><span role=\"text\"><strong data-start=\"2321\" data-end=\"2360\">6. Hi\u1ec7u qu\u1ea3 n\u0103ng l\u01b0\u1ee3ng &amp; kh\u1ea3 n\u0103ng s\u1eb5n s\u00e0ng v\u1eadn h\u00e0nh<\/strong><\/span><\/h3>\n<ul data-start=\"2362\" data-end=\"2621\">\n<li data-section-id=\"5fznpx\" data-start=\"2362\" data-end=\"2416\">Pin lithium-ion <strong data-start=\"2389\" data-end=\"2414\">s\u1ea1c nhanh<\/strong><\/li>\n<li data-section-id=\"v5qj1l\" data-start=\"2417\" data-end=\"2454\">Th\u1eddi gian s\u1ea1c kho\u1ea3ng <strong data-start=\"2441\" data-end=\"2452\">2 hours<\/strong><\/li>\n<li data-section-id=\"1dxcgcw\" data-start=\"2455\" data-end=\"2544\">Th\u1eddi gian v\u1eadn h\u00e0nh <strong data-start=\"2463\" data-end=\"2493\">120 ph\u00fat<\/strong> m\u1ed7i l\u1ea7n s\u1ea1c<\/li>\n<li data-section-id=\"13fzebo\" data-start=\"2545\" data-end=\"2580\">H\u1ec7 th\u1ed1ng pin kh\u00f4ng c\u1ea7n b\u1ea3o tr\u00ec<\/li>\n<li data-section-id=\"1vl030m\" data-start=\"2581\" data-end=\"2621\">Ti\u00eau th\u1ee5 n\u0103ng l\u01b0\u1ee3ng th\u1ea5p (0.274 kWh\/h)<\/li>\n<\/ul>\n<hr data-start=\"2623\" data-end=\"2626\" \/>\n<h3 data-section-id=\"1ih0a5i\" data-start=\"2628\" data-end=\"2675\"><span role=\"text\"><strong data-start=\"2632\" data-end=\"2675\">7. Linh ho\u1ea1t \u1ee9ng d\u1ee5ng &amp; c\u1ea5u h\u00ecnh<\/strong><\/span><\/h3>\n<ul data-start=\"2677\" data-end=\"2931\">\n<li data-section-id=\"1sk0o89\" data-start=\"2677\" data-end=\"2732\">Nhi\u1ec1u t\u00f9y ch\u1ecdn k\u00edch th\u01b0\u1edbc c\u00e0ng n\u00e2ng cho c\u00e1c lo\u1ea1i pallet kh\u00e1c nhau<\/li>\n<li data-section-id=\"1h3koz2\" data-start=\"2733\" data-end=\"2765\">T\u00f9y ch\u1ecdn con l\u0103n t\u1ea3i \u0111\u00f4i (tandem load rollers)<\/li>\n<li data-section-id=\"zjwiq9\" data-start=\"2766\" data-end=\"2813\">B\u1ed9 s\u1ea1c ngo\u00e0i v\u1edbi nhi\u1ec1u lo\u1ea1i \u0111\u1ea7u c\u1eafm<\/li>\n<li data-section-id=\"qrmtcr\" data-start=\"2814\" data-end=\"2868\">T\u00f9y ch\u1ecdn pin b\u1ed5 sung \u0111\u1ec3 k\u00e9o d\u00e0i th\u1eddi gian ho\u1ea1t \u0111\u1ed9ng<\/li>\n<li data-section-id=\"14bugla\" data-start=\"2869\" data-end=\"2931\">Ph\u00f9 h\u1ee3p m\u00f4i tr\u01b0\u1eddng b\u00e1n l\u1ebb, kho b\u00e3i v\u00e0 logistics<\/li>\n<\/ul>\n<hr data-start=\"2933\" data-end=\"2936\" \/>\n<h2 data-section-id=\"k0zlak\" data-start=\"2938\" data-end=\"2957\"><span role=\"text\"><strong data-start=\"2941\" data-end=\"2957\">\u1ee8ng d\u1ee5ng<\/strong><\/span><\/h2>\n<p data-start=\"2959\" data-end=\"3003\">STILL ECH 12C and ECH 15C ph\u00f9 h\u1ee3p l\u00fd t\u01b0\u1edfng cho:<\/p>\n<h3 data-section-id=\"19of0u\" data-start=\"3005\" data-end=\"3037\"><span role=\"text\"><strong data-start=\"3009\" data-end=\"3037\">1. B\u00e1n l\u1ebb &amp; si\u00eau th\u1ecb<\/strong><\/span><\/h3>\n<ul data-start=\"3039\" data-end=\"3147\">\n<li data-section-id=\"1lm8cd5\" data-start=\"3039\" data-end=\"3076\">V\u1eadn chuy\u1ec3n h\u00e0ng trong khu v\u1ef1c b\u00e1n h\u00e0ng<\/li>\n<li data-section-id=\"1rcq1f7\" data-start=\"3077\" data-end=\"3105\">B\u1ed5 sung h\u00e0ng l\u00ean k\u1ec7<\/li>\n<li data-section-id=\"cdqfyd\" data-start=\"3106\" data-end=\"3147\">Ho\u1ea1t \u0111\u1ed9ng trong kh\u00f4ng gian c\u1eeda h\u00e0ng h\u1eb9p<\/li>\n<\/ul>\n<hr data-start=\"3149\" data-end=\"3152\" \/>\n<h3 data-section-id=\"191cpo9\" data-start=\"3154\" data-end=\"3187\"><span role=\"text\"><strong data-start=\"3158\" data-end=\"3187\">2. Kho b\u00e3i &amp; logistics<\/strong><\/span><\/h3>\n<ul data-start=\"3189\" data-end=\"3314\">\n<li data-section-id=\"s1i7jr\" data-start=\"3189\" data-end=\"3224\">V\u1eadn chuy\u1ec3n pallet qu\u00e3ng ng\u1eafn<\/li>\n<li data-section-id=\"1lyu2m1\" data-start=\"3225\" data-end=\"3268\">X\u1ebfp d\u1ee1 h\u00e0ng trong khu v\u1ef1c ch\u1eadt h\u1eb9p<\/li>\n<li data-section-id=\"1pa4mdb\" data-start=\"3269\" data-end=\"3314\">S\u1eed d\u1ee5ng trong l\u1ed1i \u0111i h\u1eb9p v\u00e0 t\u1ea7ng l\u1eedng<\/li>\n<\/ul>\n<hr data-start=\"3316\" data-end=\"3319\" \/>\n<h3 data-section-id=\"1u3dhgw\" data-start=\"3321\" data-end=\"3363\"><span role=\"text\"><strong data-start=\"3325\" data-end=\"3363\">3. V\u1eadn chuy\u1ec3n trong thang m\u00e1y &amp; xe t\u1ea3i<\/strong><\/span><\/h3>\n<ul data-start=\"3365\" data-end=\"3458\">\n<li data-section-id=\"1cx4t8p\" data-start=\"3365\" data-end=\"3414\">Thi\u1ebft k\u1ebf nh\u1eb9 ph\u00f9 h\u1ee3p thang h\u00e0ng<\/li>\n<li data-section-id=\"9h1n8d\" data-start=\"3415\" data-end=\"3458\">D\u1ec5 di chuy\u1ec3n trong th\u00f9ng xe giao h\u00e0ng<\/li>\n<\/ul>\n<hr data-start=\"3460\" data-end=\"3463\" \/>\n<h3 data-section-id=\"1s23js3\" data-start=\"3465\" data-end=\"3504\"><span role=\"text\"><strong data-start=\"3469\" data-end=\"3504\">4. Doanh nghi\u1ec7p nh\u1ecf &amp; x\u01b0\u1edfng s\u1ea3n xu\u1ea5t<\/strong><\/span><\/h3>\n<ul data-start=\"3506\" data-end=\"3606\">\n<li data-section-id=\"q61cns\" data-start=\"3506\" data-end=\"3557\">X\u1eed l\u00fd v\u1eadt li\u1ec7u hi\u1ec7u qu\u1ea3 v\u1edbi \u00edt s\u1ee9c lao \u0111\u1ed9ng<\/li>\n<li data-section-id=\"1gnrkbx\" data-start=\"3558\" data-end=\"3606\">Ph\u00f9 h\u1ee3p nhu c\u1ea7u v\u1eadn h\u00e0nh c\u01b0\u1eddng \u0111\u1ed9 th\u1ea5p \u0111\u1ebfn trung b\u00ecnh<\/li>\n<\/ul>","protected":false},"excerpt":{"rendered":"<p>Product Overview The STILL ECH 12C and ECH 15C are compact and lightweight walkie electric pallet trucks designed as an efficient alternative to manual pallet trucks. With load capacities of up to 1,500 kg and an ultra-light service weight of only 115 kg, they are ideal for short-distance transport in confined spaces. Developed by STILL [&hellip;]<\/p>","protected":false},"featured_media":3359,"template":"","meta":{"_acf_changed":false,"inline_featured_image":false},"model-type":[49,54],"product_brand":[38],"product_cat":[26],"product_tag":[],"class_list":{"0":"post-3346","1":"product","2":"type-product","3":"status-publish","4":"has-post-thumbnail","6":"model-type-electric","7":"model-type-pallet-truck","8":"product_brand-still","9":"product_cat-pallet-trucks","11":"first","12":"instock","13":"shipping-taxable","14":"product-type-simple"},"acf":[],"yoast_head":"<!-- This site is optimized with the Yoast SEO Premium plugin v25.6 (Yoast SEO v25.6) - https:\/\/yoast.com\/wordpress\/plugins\/seo\/ -->\n<title>ECH 12C &amp; ECH 15C (Li-Ion) - Goldbell<\/title>\n<meta name=\"robots\" content=\"noindex, follow, max-snippet:-1, max-image-preview:large, max-video-preview:-1\" \/>\n<meta property=\"og:locale\" content=\"vi_VN\" \/>\n<meta property=\"og:type\" content=\"article\" \/>\n<meta property=\"og:title\" content=\"ECH 12C &amp; ECH 15C (Li-Ion)\" \/>\n<meta property=\"og:description\" content=\"Product Overview The STILL ECH 12C and ECH 15C are compact and lightweight walkie electric pallet trucks designed as an efficient alternative to manual pallet trucks. With load capacities of up to 1,500 kg and an ultra-light service weight of only 115 kg, they are ideal for short-distance transport in confined spaces. Developed by STILL [&hellip;]\" \/>\n<meta property=\"og:url\" content=\"https:\/\/goldbellvn.ifdemo.com\/vi\/san-pham\/ech-12c-ech-15c-li-ion\/\" \/>\n<meta property=\"og:site_name\" content=\"Goldbell\" \/>\n<meta property=\"article:modified_time\" content=\"2026-04-01T05:17:45+00:00\" \/>\n<meta property=\"og:image\" content=\"https:\/\/goldbellvn.ifdemo.com\/wp-content\/uploads\/2026\/04\/STILL_Produkt_ECH-12C-15C_Mobile_800x800.webp\" \/>\n\t<meta property=\"og:image:width\" content=\"800\" \/>\n\t<meta property=\"og:image:height\" content=\"800\" \/>\n\t<meta property=\"og:image:type\" content=\"image\/webp\" \/>\n<meta name=\"twitter:card\" content=\"summary_large_image\" \/>\n<meta name=\"twitter:label1\" content=\"\u01af\u1edbc t\u00ednh th\u1eddi gian \u0111\u1ecdc\" \/>\n\t<meta name=\"twitter:data1\" content=\"3 ph\u00fat\" \/>\n<script type=\"application\/ld+json\" class=\"yoast-schema-graph\">{\"@context\":\"https:\/\/schema.org\",\"@graph\":[{\"@type\":\"WebPage\",\"@id\":\"https:\/\/goldbellvn.ifdemo.com\/product\/ech-12c-ech-15c-li-ion\/\",\"url\":\"https:\/\/goldbellvn.ifdemo.com\/product\/ech-12c-ech-15c-li-ion\/\",\"name\":\"ECH 12C & ECH 15C (Li-Ion) - Goldbell\",\"isPartOf\":{\"@id\":\"https:\/\/goldbellvn.ifdemo.com\/#website\"},\"primaryImageOfPage\":{\"@id\":\"https:\/\/goldbellvn.ifdemo.com\/product\/ech-12c-ech-15c-li-ion\/#primaryimage\"},\"image\":{\"@id\":\"https:\/\/goldbellvn.ifdemo.com\/product\/ech-12c-ech-15c-li-ion\/#primaryimage\"},\"thumbnailUrl\":\"https:\/\/goldbellvn.ifdemo.com\/wp-content\/uploads\/2026\/04\/STILL_Produkt_ECH-12C-15C_Mobile_800x800.webp\",\"datePublished\":\"2026-04-01T05:17:35+00:00\",\"dateModified\":\"2026-04-01T05:17:45+00:00\",\"breadcrumb\":{\"@id\":\"https:\/\/goldbellvn.ifdemo.com\/product\/ech-12c-ech-15c-li-ion\/#breadcrumb\"},\"inLanguage\":\"vi\",\"potentialAction\":[{\"@type\":\"ReadAction\",\"target\":[\"https:\/\/goldbellvn.ifdemo.com\/product\/ech-12c-ech-15c-li-ion\/\"]}]},{\"@type\":\"ImageObject\",\"inLanguage\":\"vi\",\"@id\":\"https:\/\/goldbellvn.ifdemo.com\/product\/ech-12c-ech-15c-li-ion\/#primaryimage\",\"url\":\"https:\/\/goldbellvn.ifdemo.com\/wp-content\/uploads\/2026\/04\/STILL_Produkt_ECH-12C-15C_Mobile_800x800.webp\",\"contentUrl\":\"https:\/\/goldbellvn.ifdemo.com\/wp-content\/uploads\/2026\/04\/STILL_Produkt_ECH-12C-15C_Mobile_800x800.webp\",\"width\":800,\"height\":800},{\"@type\":\"BreadcrumbList\",\"@id\":\"https:\/\/goldbellvn.ifdemo.com\/product\/ech-12c-ech-15c-li-ion\/#breadcrumb\",\"itemListElement\":[{\"@type\":\"ListItem\",\"position\":1,\"name\":\"Home\",\"item\":\"https:\/\/goldbellvn.ifdemo.com\/\"},{\"@type\":\"ListItem\",\"position\":2,\"name\":\"Products\",\"item\":\"https:\/\/goldbellvn.ifdemo.com\/shop\/\"},{\"@type\":\"ListItem\",\"position\":3,\"name\":\"ECH 12C &#038; ECH 15C (Li-Ion)\"}]},{\"@type\":\"WebSite\",\"@id\":\"https:\/\/goldbellvn.ifdemo.com\/#website\",\"url\":\"https:\/\/goldbellvn.ifdemo.com\/\",\"name\":\"Goldbell\",\"description\":\"\",\"publisher\":{\"@id\":\"https:\/\/goldbellvn.ifdemo.com\/#organization\"},\"potentialAction\":[{\"@type\":\"SearchAction\",\"target\":{\"@type\":\"EntryPoint\",\"urlTemplate\":\"https:\/\/goldbellvn.ifdemo.com\/?s={search_term_string}\"},\"query-input\":{\"@type\":\"PropertyValueSpecification\",\"valueRequired\":true,\"valueName\":\"search_term_string\"}}],\"inLanguage\":\"vi\"},{\"@type\":\"Organization\",\"@id\":\"https:\/\/goldbellvn.ifdemo.com\/#organization\",\"name\":\"Goldbell\",\"url\":\"https:\/\/goldbellvn.ifdemo.com\/\",\"logo\":{\"@type\":\"ImageObject\",\"inLanguage\":\"vi\",\"@id\":\"https:\/\/goldbellvn.ifdemo.com\/#\/schema\/logo\/image\/\",\"url\":\"https:\/\/goldbellvn.ifdemo.com\/wp-content\/uploads\/2025\/09\/logo.svg\",\"contentUrl\":\"https:\/\/goldbellvn.ifdemo.com\/wp-content\/uploads\/2025\/09\/logo.svg\",\"width\":18,\"height\":23,\"caption\":\"Goldbell\"},\"image\":{\"@id\":\"https:\/\/goldbellvn.ifdemo.com\/#\/schema\/logo\/image\/\"}}]}<\/script>\n<!-- \/ Yoast SEO Premium plugin. -->","yoast_head_json":{"title":"ECH 12C & ECH 15C (Li-Ion) - Goldbell","robots":{"index":"noindex","follow":"follow","max-snippet":"max-snippet:-1","max-image-preview":"max-image-preview:large","max-video-preview":"max-video-preview:-1"},"og_locale":"vi_VN","og_type":"article","og_title":"ECH 12C & ECH 15C (Li-Ion)","og_description":"Product Overview The STILL ECH 12C and ECH 15C are compact and lightweight walkie electric pallet trucks designed as an efficient alternative to manual pallet trucks. With load capacities of up to 1,500 kg and an ultra-light service weight of only 115 kg, they are ideal for short-distance transport in confined spaces. Developed by STILL [&hellip;]","og_url":"https:\/\/goldbellvn.ifdemo.com\/vi\/san-pham\/ech-12c-ech-15c-li-ion\/","og_site_name":"Goldbell","article_modified_time":"2026-04-01T05:17:45+00:00","og_image":[{"width":800,"height":800,"url":"https:\/\/goldbellvn.ifdemo.com\/wp-content\/uploads\/2026\/04\/STILL_Produkt_ECH-12C-15C_Mobile_800x800.webp","type":"image\/webp"}],"twitter_card":"summary_large_image","twitter_misc":{"\u01af\u1edbc t\u00ednh th\u1eddi gian \u0111\u1ecdc":"3 ph\u00fat"},"schema":{"@context":"https:\/\/schema.org","@graph":[{"@type":"WebPage","@id":"https:\/\/goldbellvn.ifdemo.com\/product\/ech-12c-ech-15c-li-ion\/","url":"https:\/\/goldbellvn.ifdemo.com\/product\/ech-12c-ech-15c-li-ion\/","name":"ECH 12C & ECH 15C (Li-Ion) - Goldbell","isPartOf":{"@id":"https:\/\/goldbellvn.ifdemo.com\/#website"},"primaryImageOfPage":{"@id":"https:\/\/goldbellvn.ifdemo.com\/product\/ech-12c-ech-15c-li-ion\/#primaryimage"},"image":{"@id":"https:\/\/goldbellvn.ifdemo.com\/product\/ech-12c-ech-15c-li-ion\/#primaryimage"},"thumbnailUrl":"https:\/\/goldbellvn.ifdemo.com\/wp-content\/uploads\/2026\/04\/STILL_Produkt_ECH-12C-15C_Mobile_800x800.webp","datePublished":"2026-04-01T05:17:35+00:00","dateModified":"2026-04-01T05:17:45+00:00","breadcrumb":{"@id":"https:\/\/goldbellvn.ifdemo.com\/product\/ech-12c-ech-15c-li-ion\/#breadcrumb"},"inLanguage":"vi","potentialAction":[{"@type":"ReadAction","target":["https:\/\/goldbellvn.ifdemo.com\/product\/ech-12c-ech-15c-li-ion\/"]}]},{"@type":"ImageObject","inLanguage":"vi","@id":"https:\/\/goldbellvn.ifdemo.com\/product\/ech-12c-ech-15c-li-ion\/#primaryimage","url":"https:\/\/goldbellvn.ifdemo.com\/wp-content\/uploads\/2026\/04\/STILL_Produkt_ECH-12C-15C_Mobile_800x800.webp","contentUrl":"https:\/\/goldbellvn.ifdemo.com\/wp-content\/uploads\/2026\/04\/STILL_Produkt_ECH-12C-15C_Mobile_800x800.webp","width":800,"height":800},{"@type":"BreadcrumbList","@id":"https:\/\/goldbellvn.ifdemo.com\/product\/ech-12c-ech-15c-li-ion\/#breadcrumb","itemListElement":[{"@type":"ListItem","position":1,"name":"Home","item":"https:\/\/goldbellvn.ifdemo.com\/"},{"@type":"ListItem","position":2,"name":"Products","item":"https:\/\/goldbellvn.ifdemo.com\/shop\/"},{"@type":"ListItem","position":3,"name":"ECH 12C &#038; ECH 15C (Li-Ion)"}]},{"@type":"WebSite","@id":"https:\/\/goldbellvn.ifdemo.com\/#website","url":"https:\/\/goldbellvn.ifdemo.com\/","name":"Goldbell","description":"","publisher":{"@id":"https:\/\/goldbellvn.ifdemo.com\/#organization"},"potentialAction":[{"@type":"SearchAction","target":{"@type":"EntryPoint","urlTemplate":"https:\/\/goldbellvn.ifdemo.com\/?s={search_term_string}"},"query-input":{"@type":"PropertyValueSpecification","valueRequired":true,"valueName":"search_term_string"}}],"inLanguage":"vi"},{"@type":"Organization","@id":"https:\/\/goldbellvn.ifdemo.com\/#organization","name":"Goldbell","url":"https:\/\/goldbellvn.ifdemo.com\/","logo":{"@type":"ImageObject","inLanguage":"vi","@id":"https:\/\/goldbellvn.ifdemo.com\/#\/schema\/logo\/image\/","url":"https:\/\/goldbellvn.ifdemo.com\/wp-content\/uploads\/2025\/09\/logo.svg","contentUrl":"https:\/\/goldbellvn.ifdemo.com\/wp-content\/uploads\/2025\/09\/logo.svg","width":18,"height":23,"caption":"Goldbell"},"image":{"@id":"https:\/\/goldbellvn.ifdemo.com\/#\/schema\/logo\/image\/"}}]}},"_links":{"self":[{"href":"https:\/\/goldbellvn.ifdemo.com\/vi\/wp-json\/wp\/v2\/product\/3346","targetHints":{"allow":["GET"]}}],"collection":[{"href":"https:\/\/goldbellvn.ifdemo.com\/vi\/wp-json\/wp\/v2\/product"}],"about":[{"href":"https:\/\/goldbellvn.ifdemo.com\/vi\/wp-json\/wp\/v2\/types\/product"}],"wp:featuredmedia":[{"embeddable":true,"href":"https:\/\/goldbellvn.ifdemo.com\/vi\/wp-json\/wp\/v2\/media\/3359"}],"wp:attachment":[{"href":"https:\/\/goldbellvn.ifdemo.com\/vi\/wp-json\/wp\/v2\/media?parent=3346"}],"wp:term":[{"taxonomy":"model-type","embeddable":true,"href":"https:\/\/goldbellvn.ifdemo.com\/vi\/wp-json\/wp\/v2\/model-type?post=3346"},{"taxonomy":"product_brand","embeddable":true,"href":"https:\/\/goldbellvn.ifdemo.com\/vi\/wp-json\/wp\/v2\/product_brand?post=3346"},{"taxonomy":"product_cat","embeddable":true,"href":"https:\/\/goldbellvn.ifdemo.com\/vi\/wp-json\/wp\/v2\/product_cat?post=3346"},{"taxonomy":"product_tag","embeddable":true,"href":"https:\/\/goldbellvn.ifdemo.com\/vi\/wp-json\/wp\/v2\/product_tag?post=3346"}],"curies":[{"name":"wp","href":"https:\/\/api.w.org\/{rel}","templated":true}]}}